{"id":1175,"date":"2024-01-17T07:59:51","date_gmt":"2024-01-17T07:59:51","guid":{"rendered":"https:\/\/www.palletcontroltower.eu\/?page_id=1175"},"modified":"2024-01-22T12:59:29","modified_gmt":"2024-01-22T12:59:29","slug":"manazer-uctu","status":"publish","type":"page","link":"https:\/\/www.palletcontroltower.eu\/cs\/vacatures\/accountmanager\/","title":{"rendered":"Account manager v r\u016fzn\u00fdch evropsk\u00fdch zem\u00edch - pln\u00fd \/ \u010d\u00e1ste\u010dn\u00fd \u00favazek"},"content":{"rendered":"<p><strong>M\u00e1te n\u011bkolikaletou praxi v logistice a\/nebo mezin\u00e1rodn\u00edm obchod\u011b a r\u00e1di byste ud\u011blali dal\u0161\u00ed krok ve sv\u00e9 kari\u00e9\u0159e?<\/strong><\/p>\n\n\n\n<p>Pak se nyn\u00ed chopte p\u0159\u00edle\u017eitosti d\u00e1le s n\u00e1mi r\u016fst jako account manager v jednom z na\u0161ich evropsk\u00fdch region\u016f:<\/p>\n\n\n\n<ul class=\"wp-block-list\">\n<li>Nizozemsko, Belgie, Lucembursko,<\/li>\n\n\n\n<li>N\u011bmecko, Rakousko, \u0160v\u00fdcarsko,<\/li>\n\n\n\n<li>Brit\u00e1nie<\/li>\n\n\n\n<li>Francie<\/li>\n\n\n\n<li>\u0160pan\u011blsko a Portugalsko<\/li>\n\n\n\n<li>It\u00e1lie<\/li>\n\n\n\n<li>D\u00e1nsko, Norsko, \u0160v\u00e9dsko, Finsko<\/li>\n\n\n\n<li>Estonsko, Loty\u0161sko, Litva, Polsko,<\/li>\n\n\n\n<li>\u010cesk\u00e1 republika, Slovensko, Ma\u010farsko, Rumunsko,<\/li>\n\n\n\n<li>Srbsko, \u010cern\u00e1 Hora, Bulharsko, \u0158ecko<\/li>\n<\/ul>\n\n\n\n<h3 class=\"wp-block-heading\"><strong>Kdo je Pallet Control Tower (PCT)?<\/strong><\/h3>\n\n\n\n<p>Jsme mezin\u00e1rodn\u00ed spole\u010dnost p\u016fsob\u00edc\u00ed v oboru europalet a dal\u0161\u00edch \"vratn\u00fdch p\u0159epravn\u00edch p\u0159edm\u011bt\u016f\". Vyvinuli jsme nep\u0159etr\u017eitou online platformu, kde je n\u00e1kup a prodej europalet rychlej\u0161\u00ed, jednodu\u0161\u0161\u00ed, chyt\u0159ej\u0161\u00ed a udr\u017eiteln\u011bj\u0161\u00ed ne\u017e tradi\u010dn\u00edmi metodami. Na\u0161i z\u00e1kazn\u00edci s\u00eddl\u00ed v Evrop\u011b i v Americe\/Kanad\u011b a Asii. M\u016f\u017eete se spolehnout na pr\u00e1ci plnou rozmanitosti a v\u00fdzev.<\/p>\n\n\n\n<p>V roli account managera budete \u00fazce spolupracovat s na\u0161\u00edm gener\u00e1ln\u00edm \u0159editelem, ostatn\u00edmi evropsk\u00fdmi account managery a na\u0161imi z\u00e1kazn\u00edky. Mezin\u00e1rodn\u00ed logistika a obchod s paletami je dynamick\u00e9 a n\u00e1ro\u010dn\u00e9 odv\u011btv\u00ed. To v\u00edte l\u00e9pe ne\u017e kdokoli jin\u00fd. Proto budete hodn\u011b cestovat za na\u0161imi z\u00e1kazn\u00edky a potenci\u00e1ln\u00edmi klienty. Jste orientovan\u00ed na \u0159e\u0161en\u00ed a m\u00e1te siln\u00fd smysl pro obchod. Pokud v\u00e1s tato pozice nadchla a zaj\u00edm\u00e1, \u010dt\u011bte rychle d\u00e1l!<\/p>\n\n\n\n<h3 class=\"wp-block-heading\"><strong>Co v\u00e1m nab\u00edz\u00edme?<\/strong><\/h3>\n\n\n\n<ul class=\"wp-block-list\">\n<li>N\u00e1ro\u010dn\u00e1 pr\u00e1ce v p\u0159\u00e1telsk\u00e9 a st\u00e1le rostouc\u00ed spole\u010dnosti<\/li>\n\n\n\n<li>Nez\u00e1vislost s velk\u00fdm prostorem pro tvorbu vlastn\u00edho denn\u00edho rozvrhu.<\/li>\n\n\n\n<li>Kompletn\u00ed z\u0159\u00edzen\u00ed dom\u00e1c\u00ed kancel\u00e1\u0159e<\/li>\n\n\n\n<li>Konkuren\u010dn\u00ed plat, p\u0159i\u010dem\u017e d\u016fle\u017eit\u00fdm bodem jsou p\u0159\u00edslu\u0161n\u00e9 zku\u0161enosti.<\/li>\n\n\n\n<li>Leasingov\u00e9 auto, IPad a mobiln\u00ed telefon<\/li>\n\n\n\n<li>25 dn\u016f volna a mo\u017enost dokoupen\u00ed dal\u0161\u00edch dn\u016f.<\/li>\n\n\n\n<li>Syst\u00e9m bonus\u016f<\/li>\n<\/ul>\n\n\n\n<h3 class=\"wp-block-heading\"><strong>Koho hled\u00e1me?<\/strong><\/h3>\n\n\n\n<p>Jste prakti\u010dt\u00ed, pln\u00ed energie a r\u00e1di se uj\u00edm\u00e1te veden\u00ed. Jste aktivn\u00ed, odhodlan\u00ed a m\u00e1te podnikatelsk\u00e9ho ducha. Telefonov\u00e1n\u00ed a p\u0159\u00edm\u00fd kontakt se z\u00e1kazn\u00edky pova\u017eujete za samoz\u0159ejmost. Samostatn\u00e1 pr\u00e1ce v\u00e1m sice ned\u011bl\u00e1 \u017e\u00e1dn\u00fd probl\u00e9m, ale dok\u00e1\u017eete tak\u00e9 dob\u0159e fungovat v t\u00fdmu a jste spole\u010den\u0161t\u00ed.<\/p>\n\n\n\n<ul class=\"wp-block-list\">\n<li>\u017dijete v jedn\u00e9 ze zem\u00ed a jste ochotni cestovat zna\u010dnou \u010d\u00e1st sv\u00e9ho \u010dasu (&gt; 50%).<\/li>\n\n\n\n<li>Budete pracovat z domova a pravideln\u011b se s v\u00e1mi budeme setk\u00e1vat v centr\u00e1le v Nizozemsku.<\/li>\n\n\n\n<li>Pragmatismus, proaktivita a orientace na \u0159e\u0161en\u00ed<\/li>\n\n\n\n<li>zku\u0161enosti v oblasti mezin\u00e1rodn\u00edho obchodu a\/nebo logistiky<\/li>\n\n\n\n<li>Vzd\u011bl\u00e1n\u00ed na \u00farovni MBO+\/HBO<\/li>\n\n\n\n<li>Mluv\u00edte a p\u00ed\u0161ete anglicky a ve sv\u00e9m rodn\u00e9m jazyce na profesion\u00e1ln\u00ed \u00farovni.<\/li>\n\n\n\n<li>Znalost dal\u0161\u00edch jazyk\u016f je v\u00fdhodou<\/li>\n\n\n\n<li>Spolupracujeme mimo jin\u00e9 se slu\u017ebami HubSpot a Office 365.<\/li>\n<\/ul>\n\n\n\n<p>Jedn\u00e1 se o pozici na pln\u00fd \u00favazek (40 hodin t\u00fddn\u011b), po vz\u00e1jemn\u00e9 dohod\u011b je mo\u017en\u00e9 pracovat i na \u010d\u00e1ste\u010dn\u00fd \u00favazek.<\/p>\n\n\n\n<h3 class=\"wp-block-heading\"><strong>Aplikace<\/strong><\/h3>\n\n\n\n<p>St\u00e1le se t\u011b\u0161\u00edme! Rozum\u00edme! Pak napi\u0161te motiva\u010dn\u00ed dopis a<br>Za\u0161lete jej spolu se sv\u00fdm \u017eivotopisem Bartu Meijnenovi na adresu \uf0e0 info@palletcontroltower.eu. V p\u0159\u00edpad\u011b dotaz\u016f\/dal\u0161\u00edch informac\u00ed mu m\u016f\u017eete tak\u00e9 napsat e-mail nebo zavolat: +31 620530869.<\/p>\n\n\n\n<p><em>Akvizice v reakci na tento postoj se nehodnot\u00ed.<\/em><\/p>","protected":false},"excerpt":{"rendered":"<p>U heeft meerdere jaren ervaring in de logistieke sector en\/of internationale handel en u zou graag een volgende stap in uw carri\u00e8re willen zetten? Grijp dan nu uw kans om verder te groeien bij ons als account manager in een van onze Europese werkgebieden: Wie is Pallet Control Tower (PCT)? Wij zijn een internationaal bedrijf [&hellip;]<\/p>\n","protected":false},"author":3,"featured_media":0,"parent":70,"menu_order":0,"comment_status":"closed","ping_status":"closed","template":"","meta":{"footnotes":""},"class_list":["post-1175","page","type-page","status-publish","hentry"],"yoast_head":"<!-- This site is optimized with the Yoast SEO plugin v27.3 - https:\/\/yoast.com\/product\/yoast-seo-wordpress\/ -->\n<title>Account manager diverse Europese landen \u2013 fulltime \/ parttime - Pallet Control Tower<\/title>\n<meta name=\"description\" content=\"Pallet Control Tower is op zoek naar een ervaren account manager, internationale handel of supply chain, voor een van onze werkgebieden\" \/>\n<meta name=\"robots\" content=\"index, follow, max-snippet:-1, max-image-preview:large, max-video-preview:-1\" \/>\n<link rel=\"canonical\" href=\"https:\/\/www.palletcontroltower.eu\/cs\/volna-mista\/priklad-volneho-pracovniho-mista-1\/\" \/>\n<meta property=\"og:locale\" content=\"cs_CZ\" \/>\n<meta property=\"og:type\" content=\"article\" \/>\n<meta property=\"og:title\" content=\"Account manager diverse Europese landen \u2013 fulltime \/ parttime - Pallet Control Tower\" \/>\n<meta property=\"og:description\" content=\"Pallet Control Tower is op zoek naar een ervaren account manager, internationale handel of supply chain, voor een van onze werkgebieden\" \/>\n<meta property=\"og:url\" content=\"https:\/\/www.palletcontroltower.eu\/cs\/volna-mista\/priklad-volneho-pracovniho-mista-1\/\" \/>\n<meta property=\"og:site_name\" content=\"Pallet Control Tower\" \/>\n<meta property=\"article:modified_time\" content=\"2024-01-22T12:59:29+00:00\" \/>\n<meta name=\"twitter:card\" content=\"summary_large_image\" \/>\n<meta name=\"twitter:label1\" content=\"Odhadovan\u00e1 doba \u010dten\u00ed\" \/>\n\t<meta name=\"twitter:data1\" content=\"3 minuty\" \/>\n<script type=\"application\/ld+json\" class=\"yoast-schema-graph\">{\"@context\":\"https:\\\/\\\/schema.org\",\"@graph\":[{\"@type\":\"WebPage\",\"@id\":\"https:\\\/\\\/www.palletcontroltower.eu\\\/hu\\\/allasajanlatok\\\/pelda-ures-allashely-1\\\/\",\"url\":\"https:\\\/\\\/www.palletcontroltower.eu\\\/hu\\\/allasajanlatok\\\/pelda-ures-allashely-1\\\/\",\"name\":\"Account manager diverse Europese landen \u2013 fulltime \\\/ parttime - Pallet Control Tower\",\"isPartOf\":{\"@id\":\"https:\\\/\\\/www.palletcontroltower.eu\\\/#website\"},\"datePublished\":\"2024-01-17T07:59:51+00:00\",\"dateModified\":\"2024-01-22T12:59:29+00:00\",\"description\":\"Pallet Control Tower is op zoek naar een ervaren account manager, internationale handel of supply chain, voor een van onze werkgebieden\",\"breadcrumb\":{\"@id\":\"https:\\\/\\\/www.palletcontroltower.eu\\\/hu\\\/allasajanlatok\\\/pelda-ures-allashely-1\\\/#breadcrumb\"},\"inLanguage\":\"cs\",\"potentialAction\":[{\"@type\":\"ReadAction\",\"target\":[\"https:\\\/\\\/www.palletcontroltower.eu\\\/hu\\\/allasajanlatok\\\/pelda-ures-allashely-1\\\/\"]}]},{\"@type\":\"BreadcrumbList\",\"@id\":\"https:\\\/\\\/www.palletcontroltower.eu\\\/hu\\\/allasajanlatok\\\/pelda-ures-allashely-1\\\/#breadcrumb\",\"itemListElement\":[{\"@type\":\"ListItem\",\"position\":1,\"name\":\"Home\",\"item\":\"https:\\\/\\\/www.palletcontroltower.eu\\\/\"},{\"@type\":\"ListItem\",\"position\":2,\"name\":\"Vacatures\",\"item\":\"https:\\\/\\\/www.palletcontroltower.eu\\\/vacatures\\\/\"},{\"@type\":\"ListItem\",\"position\":3,\"name\":\"Account manager diverse Europese landen \u2013 fulltime \\\/ parttime\"}]},{\"@type\":\"WebSite\",\"@id\":\"https:\\\/\\\/www.palletcontroltower.eu\\\/#website\",\"url\":\"https:\\\/\\\/www.palletcontroltower.eu\\\/\",\"name\":\"Pallet Control Tower\",\"description\":\"\",\"publisher\":{\"@id\":\"https:\\\/\\\/www.palletcontroltower.eu\\\/#organization\"},\"potentialAction\":[{\"@type\":\"SearchAction\",\"target\":{\"@type\":\"EntryPoint\",\"urlTemplate\":\"https:\\\/\\\/www.palletcontroltower.eu\\\/?s={search_term_string}\"},\"query-input\":{\"@type\":\"PropertyValueSpecification\",\"valueRequired\":true,\"valueName\":\"search_term_string\"}}],\"inLanguage\":\"cs\"},{\"@type\":\"Organization\",\"@id\":\"https:\\\/\\\/www.palletcontroltower.eu\\\/#organization\",\"name\":\"Pallet Control Tower\",\"url\":\"https:\\\/\\\/www.palletcontroltower.eu\\\/\",\"logo\":{\"@type\":\"ImageObject\",\"inLanguage\":\"cs\",\"@id\":\"https:\\\/\\\/www.palletcontroltower.eu\\\/#\\\/schema\\\/logo\\\/image\\\/\",\"url\":\"https:\\\/\\\/www.palletcontroltower.eu\\\/wp-content\\\/uploads\\\/2023\\\/10\\\/logo.svg\",\"contentUrl\":\"https:\\\/\\\/www.palletcontroltower.eu\\\/wp-content\\\/uploads\\\/2023\\\/10\\\/logo.svg\",\"width\":290,\"height\":87,\"caption\":\"Pallet Control Tower\"},\"image\":{\"@id\":\"https:\\\/\\\/www.palletcontroltower.eu\\\/#\\\/schema\\\/logo\\\/image\\\/\"}}]}<\/script>\n<!-- \/ Yoast SEO plugin. -->","yoast_head_json":{"title":"Account manager pro r\u016fzn\u00e9 evropsk\u00e9 zem\u011b - pln\u00fd \/ \u010d\u00e1ste\u010dn\u00fd \u00favazek - Pallet Control Tower","description":"Spole\u010dnost Pallet Control Tower hled\u00e1 zku\u0161en\u00e9ho account managera pro oblast mezin\u00e1rodn\u00edho obchodu nebo dodavatelsk\u00e9ho \u0159et\u011bzce pro jednu z na\u0161ich oblast\u00ed p\u016fsoben\u00ed.","robots":{"index":"index","follow":"follow","max-snippet":"max-snippet:-1","max-image-preview":"max-image-preview:large","max-video-preview":"max-video-preview:-1"},"canonical":"https:\/\/www.palletcontroltower.eu\/cs\/volna-mista\/priklad-volneho-pracovniho-mista-1\/","og_locale":"cs_CZ","og_type":"article","og_title":"Account manager diverse Europese landen \u2013 fulltime \/ parttime - Pallet Control Tower","og_description":"Pallet Control Tower is op zoek naar een ervaren account manager, internationale handel of supply chain, voor een van onze werkgebieden","og_url":"https:\/\/www.palletcontroltower.eu\/cs\/volna-mista\/priklad-volneho-pracovniho-mista-1\/","og_site_name":"Pallet Control Tower","article_modified_time":"2024-01-22T12:59:29+00:00","twitter_card":"summary_large_image","twitter_misc":{"Odhadovan\u00e1 doba \u010dten\u00ed":"3 minuty"},"schema":{"@context":"https:\/\/schema.org","@graph":[{"@type":"WebPage","@id":"https:\/\/www.palletcontroltower.eu\/hu\/allasajanlatok\/pelda-ures-allashely-1\/","url":"https:\/\/www.palletcontroltower.eu\/hu\/allasajanlatok\/pelda-ures-allashely-1\/","name":"Account manager pro r\u016fzn\u00e9 evropsk\u00e9 zem\u011b - pln\u00fd \/ \u010d\u00e1ste\u010dn\u00fd \u00favazek - Pallet Control Tower","isPartOf":{"@id":"https:\/\/www.palletcontroltower.eu\/#website"},"datePublished":"2024-01-17T07:59:51+00:00","dateModified":"2024-01-22T12:59:29+00:00","description":"Spole\u010dnost Pallet Control Tower hled\u00e1 zku\u0161en\u00e9ho account managera pro oblast mezin\u00e1rodn\u00edho obchodu nebo dodavatelsk\u00e9ho \u0159et\u011bzce pro jednu z na\u0161ich oblast\u00ed p\u016fsoben\u00ed.","breadcrumb":{"@id":"https:\/\/www.palletcontroltower.eu\/hu\/allasajanlatok\/pelda-ures-allashely-1\/#breadcrumb"},"inLanguage":"cs","potentialAction":[{"@type":"ReadAction","target":["https:\/\/www.palletcontroltower.eu\/hu\/allasajanlatok\/pelda-ures-allashely-1\/"]}]},{"@type":"BreadcrumbList","@id":"https:\/\/www.palletcontroltower.eu\/hu\/allasajanlatok\/pelda-ures-allashely-1\/#breadcrumb","itemListElement":[{"@type":"ListItem","position":1,"name":"Home","item":"https:\/\/www.palletcontroltower.eu\/"},{"@type":"ListItem","position":2,"name":"Vacatures","item":"https:\/\/www.palletcontroltower.eu\/vacatures\/"},{"@type":"ListItem","position":3,"name":"Account manager diverse Europese landen \u2013 fulltime \/ parttime"}]},{"@type":"WebSite","@id":"https:\/\/www.palletcontroltower.eu\/#website","url":"https:\/\/www.palletcontroltower.eu\/","name":"Kontroln\u00ed v\u011b\u017e pro palety","description":"","publisher":{"@id":"https:\/\/www.palletcontroltower.eu\/#organization"},"potentialAction":[{"@type":"SearchAction","target":{"@type":"EntryPoint","urlTemplate":"https:\/\/www.palletcontroltower.eu\/?s={search_term_string}"},"query-input":{"@type":"PropertyValueSpecification","valueRequired":true,"valueName":"search_term_string"}}],"inLanguage":"cs"},{"@type":"Organization","@id":"https:\/\/www.palletcontroltower.eu\/#organization","name":"Kontroln\u00ed v\u011b\u017e pro palety","url":"https:\/\/www.palletcontroltower.eu\/","logo":{"@type":"ImageObject","inLanguage":"cs","@id":"https:\/\/www.palletcontroltower.eu\/#\/schema\/logo\/image\/","url":"https:\/\/www.palletcontroltower.eu\/wp-content\/uploads\/2023\/10\/logo.svg","contentUrl":"https:\/\/www.palletcontroltower.eu\/wp-content\/uploads\/2023\/10\/logo.svg","width":290,"height":87,"caption":"Pallet Control Tower"},"image":{"@id":"https:\/\/www.palletcontroltower.eu\/#\/schema\/logo\/image\/"}}]}},"_links":{"self":[{"href":"https:\/\/www.palletcontroltower.eu\/cs\/wp-json\/wp\/v2\/pages\/1175","targetHints":{"allow":["GET"]}}],"collection":[{"href":"https:\/\/www.palletcontroltower.eu\/cs\/wp-json\/wp\/v2\/pages"}],"about":[{"href":"https:\/\/www.palletcontroltower.eu\/cs\/wp-json\/wp\/v2\/types\/page"}],"author":[{"embeddable":true,"href":"https:\/\/www.palletcontroltower.eu\/cs\/wp-json\/wp\/v2\/users\/3"}],"replies":[{"embeddable":true,"href":"https:\/\/www.palletcontroltower.eu\/cs\/wp-json\/wp\/v2\/comments?post=1175"}],"version-history":[{"count":3,"href":"https:\/\/www.palletcontroltower.eu\/cs\/wp-json\/wp\/v2\/pages\/1175\/revisions"}],"predecessor-version":[{"id":1196,"href":"https:\/\/www.palletcontroltower.eu\/cs\/wp-json\/wp\/v2\/pages\/1175\/revisions\/1196"}],"up":[{"embeddable":true,"href":"https:\/\/www.palletcontroltower.eu\/cs\/wp-json\/wp\/v2\/pages\/70"}],"wp:attachment":[{"href":"https:\/\/www.palletcontroltower.eu\/cs\/wp-json\/wp\/v2\/media?parent=1175"}],"curies":[{"name":"wp","href":"https:\/\/api.w.org\/{rel}","templated":true}]}}