{"id":19,"date":"2023-11-22T07:58:45","date_gmt":"2023-11-22T07:58:45","guid":{"rendered":"http:\/\/www.palletcontroltower.eu\/?page_id=19"},"modified":"2024-01-08T14:09:55","modified_gmt":"2024-01-08T14:09:55","slug":"co-delame","status":"publish","type":"page","link":"https:\/\/www.palletcontroltower.eu\/cs\/hoe-werkt-het\/wat-wij-doen\/","title":{"rendered":"Co d\u011bl\u00e1me"},"content":{"rendered":"<figure class=\"wp-block-embed is-type-video is-provider-youtube wp-block-embed-youtube wp-embed-aspect-16-9 wp-has-aspect-ratio\"><div class=\"wp-block-embed__wrapper\">\n<iframe title=\"\u0158\u00eddic\u00ed v\u011b\u017e pro palety - jak funguje\" width=\"800\" height=\"450\" src=\"https:\/\/www.youtube.com\/embed\/C0PJ3iyygi4?feature=oembed\" frameborder=\"0\" allow=\"accelerometer; autoplay; clipboard-write; encrypted-media; gyroscope; picture-in-picture; web-share\" allowfullscreen><\/iframe>\n<\/div><\/figure>\n\n\n\n<div class=\"wp-block-columns is-layout-flex wp-container-core-columns-is-layout-28f84493 wp-block-columns-is-layout-flex\">\n<div class=\"wp-block-column is-layout-flow wp-block-column-is-layout-flow\">\n<h2 class=\"wp-block-heading\"><strong>Jak PCT Online funguje<\/strong><\/h2>\n\n\n\n<p>Na online port\u00e1lu se m\u016f\u017eete snadno p\u0159ihl\u00e1sit a prov\u00e9st v\u0161echny kroky pro objedn\u00e1vky \"Svoz\" a \"Dod\u00e1n\u00ed\" europalet. Krom\u011b t\u011bchto dvou modul\u016f, ur\u010den\u00fdch pouze pro dopravce a DC, je zde k dispozici tak\u00e9 modul \"B\u011b\u017en\u00fd \u00fa\u010det\".<\/p>\n\n\n\n<p>Proces \"p\u00e1rov\u00e1n\u00ed\" lze pln\u011b sledovat. Ve\u0161ker\u00e1 historie se uchov\u00e1v\u00e1, tak\u017ee je v\u017edy z\u0159ejm\u00e9, kdo a kdy co inicioval.<\/p>\n\n\n\n<p>PCT Online je k dispozici na PC, tabletu a mobiln\u00edm telefonu a je kompatibiln\u00ed s v\u011bt\u0161inou logistick\u00fdch syst\u00e9m\u016f ERP, WMS a VMS.<\/p>\n\n\n\n<h2 class=\"wp-block-heading\"><strong>Sb\u00edrka<\/strong>&nbsp;<\/h2>\n\n\n\n<p>Odes\u00edl\u00e1n\u00ed palet nebylo nikdy jednodu\u0161\u0161\u00ed. Po registraci v PCT Online n\u00e1sleduje proces p\u00e1rov\u00e1n\u00ed, kter\u00fd poskytne nejlep\u0161\u00ed shodu se z\u00e1lohou. Po shrom\u00e1\u017ed\u011bn\u00ed, rozt\u0159\u00edd\u011bn\u00ed a ocen\u011bn\u00ed je hodnota p\u0159ips\u00e1na na v\u00e1\u0161 z\u016fstatek elektronick\u00fdch kredit\u016f.&nbsp;<\/p>\n\n\n\n<p>Krom\u011b v\u0161ech typ\u016f palet m\u016f\u017eete v depech odevzdat v\u0161echny vratn\u00e9 p\u0159epravn\u00ed polo\u017eky (RTI) a nechat si je ocenit. Hodnota je vyplacena v na\u0161ich e-kreditech.&nbsp;<\/p>\n\n\n\n<h2 class=\"wp-block-heading\"><strong>Dod\u00e1vka<\/strong>&nbsp;<\/h2>\n\n\n\n<p>Uve\u010fte pot\u0159ebu palet v syst\u00e9mu PCT Online. Pot\u00e9 se spust\u00ed proces p\u0159i\u0159azov\u00e1n\u00ed, aby se na\u0161lo skladi\u0161t\u011b s nejlep\u0161\u00edmi podm\u00ednkami. M\u016f\u017eete tak\u00e9 pou\u017e\u00edt vlastn\u00ed d\u016fv\u011bryhodn\u00e9 depo. Potvr\u010fte shodu v PCT Online a objedn\u00e1vka bude provedena.&nbsp;<\/p>\n\n\n\n<p>Dod\u00e1vka je \u00fa\u010dtov\u00e1na v e-kreditech a jej\u00ed historii lze sledovat prost\u0159ednictv\u00edm ovl\u00e1dac\u00edho panelu v PCT Online. <\/p>\n\n\n\n<h2 class=\"wp-block-heading\"><strong>e-Credits<\/strong>&nbsp;<\/h2>\n\n\n\n<p>E-kredit je n\u00e1\u0161 virtu\u00e1ln\u00ed platebn\u00ed n\u00e1stroj a p\u0159edstavuje hodnotu 1 pou\u017eit\u00e9 europalety v kvalit\u011b A. Hodnota v eurech je nav\u00e1z\u00e1na na nez\u00e1visl\u00fd index n\u011bmeck\u00e9ho <a href=\"https:\/\/www.euwid-holz.de\/\" data-type=\"link\" data-id=\"https:\/\/www.euwid-holz.de\/\" target=\"_blank\" rel=\"noreferrer noopener\">EUWID - Holz und M\u00f6bel<\/a>.&nbsp;<\/p>\n\n\n\n<p>e-Kredity jsou voln\u011b p\u0159enosn\u00e9 mezi z\u016fstatky v\u0161ech u\u017eivatel\u016f PCT Online. Jsou p\u0159ips\u00e1ny na z\u016fstatek po inkasu a odeps\u00e1ny p\u0159i doru\u010den\u00ed. Krom\u011b toho lze e-Kredity zakoupit samostatn\u011b u PCT.&nbsp;<\/p>\n\n\n\n<p>Elektronick\u00e9 kredity nepodl\u00e9haj\u00ed DPH (!) a \u0159e\u0161\u00ed tak\u00e9 probl\u00e9m mezin\u00e1rodn\u00ed DPH, kter\u00fd se v\u00e1\u017ee k inkasu a dod\u00e1n\u00ed. Snadn\u00e1 cesta!&nbsp;<\/p>\n\n\n\n<h2 class=\"wp-block-heading\"><strong>B\u011b\u017en\u00fd \u00fa\u010det<\/strong>&nbsp;<\/h2>\n\n\n\n<p>Speci\u00e1ln\u011b pro dopravce je ur\u010den modul B\u011b\u017en\u00fd \u00fa\u010det. Snadno tak m\u016f\u017eete sledovat z\u016fstatky mezi odes\u00edlateli, dopravci a p\u0159\u00edjemci zbo\u017e\u00ed ve vztahu k paletov\u00fdm tok\u016fm.&nbsp;<\/p>\n\n\n\n<p>B\u011b\u017en\u00fd \u00fa\u010det pracuje s technologi\u00ed BlockChain a nelze jej dodate\u010dn\u011b zm\u011bnit. To vytv\u00e1\u0159\u00ed transparentnost a bezpe\u010dnost pro v\u0161echny z\u00fa\u010dastn\u011bn\u00e9. V PCT Online m\u016f\u017ee ka\u017ed\u00fd sledovat pokrok.&nbsp;<\/p>\n\n\n\n<p><strong>Jste p\u0159ipraveni na budoucnost sdru\u017eov\u00e1n\u00ed palet?<\/strong>&nbsp;<\/p>\n<\/div>\n<\/div>\n\n\n\n<hr class=\"wp-block-separator has-alpha-channel-opacity\"\/>\n\n\n\n<div class=\"wp-block-buttons is-content-justification-center is-layout-flex wp-container-core-buttons-is-layout-a89b3969 wp-block-buttons-is-layout-flex\">\n<div class=\"wp-block-button is-style-fill\"><a class=\"wp-block-button__link has-white-color has-green-background-color has-text-color has-background has-link-color wp-element-button\" href=\"https:\/\/portal.pct-online.eu\/register\" target=\"_blank\" rel=\"noreferrer noopener\">Aktivace \u00fa\u010dtu<\/a><\/div>\n<\/div>\n\n\n\n<hr class=\"wp-block-separator has-alpha-channel-opacity\"\/>\n\n\n\n<blockquote class=\"wp-block-quote is-layout-flow wp-block-quote-is-layout-flow\">\n<p class=\"has-text-align-center\">P\u0159edch\u00e1zejte nam\u00e1h\u00e1n\u00ed palet! Pallet Control Tower je evropsk\u00fd standard a platforma pro Collection &amp; Delivery by Matching pro europalety a jinak RTI. Usnad\u0148ujeme otev\u0159en\u00fd pooling od A do Z. A d\u011bl\u00e1me paletovou logistiku op\u011bt zvl\u00e1dnutelnou. &nbsp;<\/p>\n<\/blockquote>\n\n\n\n<hr class=\"wp-block-separator has-alpha-channel-opacity\"\/>\n\n\n\n<figure class=\"wp-block-image size-full is-style-default\"><img fetchpriority=\"high\" decoding=\"async\" width=\"1600\" height=\"1066\" src=\"http:\/\/www.palletcontroltower.eu\/wp-content\/uploads\/2023\/11\/palletcontroltower-2.jpg\" alt=\"\" class=\"wp-image-207\" style=\"aspect-ratio:16\/9;object-fit:cover\" srcset=\"https:\/\/www.palletcontroltower.eu\/wp-content\/uploads\/2023\/11\/palletcontroltower-2.jpg 1600w, https:\/\/www.palletcontroltower.eu\/wp-content\/uploads\/2023\/11\/palletcontroltower-2-300x200.jpg 300w, https:\/\/www.palletcontroltower.eu\/wp-content\/uploads\/2023\/11\/palletcontroltower-2-1024x682.jpg 1024w, https:\/\/www.palletcontroltower.eu\/wp-content\/uploads\/2023\/11\/palletcontroltower-2-768x512.jpg 768w, https:\/\/www.palletcontroltower.eu\/wp-content\/uploads\/2023\/11\/palletcontroltower-2-1536x1023.jpg 1536w\" sizes=\"(max-width: 1600px) 100vw, 1600px\" \/><\/figure>\n\n\n\n<hr class=\"wp-block-separator has-alpha-channel-opacity\"\/>\n\n\n\n<div class=\"wp-block-columns is-layout-flex wp-container-core-columns-is-layout-28f84493 wp-block-columns-is-layout-flex\">\n<div class=\"wp-block-column is-layout-flow wp-block-column-is-layout-flow\"><\/div>\n<\/div>","protected":false},"excerpt":{"rendered":"<p>Zo werkt PCT Online In het online portal kunt u eenvoudig inloggen en alle stappen zetten voor de \u201cCollection\u201d en \u201cDelivery\u201d opdrachten van europallets. Naast deze twee modules staat hier, enkel voor transporteurs en DC&#8217;s, ook de \u201cRekening Courant\u201d module. Het proces van \u201cmatching\u201d is volledig te volgen. Alle historie blijft bewaard, zodat altijd transparant [&hellip;]<\/p>\n","protected":false},"author":1,"featured_media":0,"parent":17,"menu_order":0,"comment_status":"closed","ping_status":"closed","template":"","meta":{"footnotes":""},"class_list":["post-19","page","type-page","status-publish","hentry"],"yoast_head":"<!-- This site is optimized with the Yoast SEO plugin v27.3 - https:\/\/yoast.com\/product\/yoast-seo-wordpress\/ -->\n<title>Wat wij doen - Pallet Control Tower<\/title>\n<meta name=\"description\" content=\"Hoe functioneert Pallet Control Tower Online: Collection, Delivery, e-Credits en Rekening-Courant, speciaal voor vervoerders\/DC&#039;s.\" \/>\n<meta name=\"robots\" content=\"index, follow, max-snippet:-1, max-image-preview:large, max-video-preview:-1\" \/>\n<link rel=\"canonical\" href=\"https:\/\/www.palletcontroltower.eu\/cs\/jak-to-funguje\/co-delame\/\" \/>\n<meta property=\"og:locale\" content=\"cs_CZ\" \/>\n<meta property=\"og:type\" content=\"article\" \/>\n<meta property=\"og:title\" content=\"Wat wij doen - Pallet Control Tower\" \/>\n<meta property=\"og:description\" content=\"Hoe functioneert Pallet Control Tower Online: Collection, Delivery, e-Credits en Rekening-Courant, speciaal voor vervoerders\/DC&#039;s.\" \/>\n<meta property=\"og:url\" content=\"https:\/\/www.palletcontroltower.eu\/cs\/jak-to-funguje\/co-delame\/\" \/>\n<meta property=\"og:site_name\" content=\"Pallet Control Tower\" \/>\n<meta property=\"article:modified_time\" content=\"2024-01-08T14:09:55+00:00\" \/>\n<meta property=\"og:image\" content=\"http:\/\/www.palletcontroltower.eu\/wp-content\/uploads\/2023\/11\/palletcontroltower-2.jpg\" \/>\n<meta name=\"twitter:card\" content=\"summary_large_image\" \/>\n<meta name=\"twitter:label1\" content=\"Odhadovan\u00e1 doba \u010dten\u00ed\" \/>\n\t<meta name=\"twitter:data1\" content=\"3 minuty\" \/>\n<script type=\"application\/ld+json\" class=\"yoast-schema-graph\">{\"@context\":\"https:\\\/\\\/schema.org\",\"@graph\":[{\"@type\":\"WebPage\",\"@id\":\"https:\\\/\\\/www.palletcontroltower.eu\\\/hoe-werkt-het\\\/wat-wij-doen\\\/\",\"url\":\"https:\\\/\\\/www.palletcontroltower.eu\\\/hoe-werkt-het\\\/wat-wij-doen\\\/\",\"name\":\"Wat wij doen - Pallet Control Tower\",\"isPartOf\":{\"@id\":\"https:\\\/\\\/www.palletcontroltower.eu\\\/#website\"},\"primaryImageOfPage\":{\"@id\":\"https:\\\/\\\/www.palletcontroltower.eu\\\/hoe-werkt-het\\\/wat-wij-doen\\\/#primaryimage\"},\"image\":{\"@id\":\"https:\\\/\\\/www.palletcontroltower.eu\\\/hoe-werkt-het\\\/wat-wij-doen\\\/#primaryimage\"},\"thumbnailUrl\":\"http:\\\/\\\/www.palletcontroltower.eu\\\/wp-content\\\/uploads\\\/2023\\\/11\\\/palletcontroltower-2.jpg\",\"datePublished\":\"2023-11-22T07:58:45+00:00\",\"dateModified\":\"2024-01-08T14:09:55+00:00\",\"description\":\"Hoe functioneert Pallet Control Tower Online: Collection, Delivery, e-Credits en Rekening-Courant, speciaal voor vervoerders\\\/DC's.\",\"breadcrumb\":{\"@id\":\"https:\\\/\\\/www.palletcontroltower.eu\\\/hoe-werkt-het\\\/wat-wij-doen\\\/#breadcrumb\"},\"inLanguage\":\"cs\",\"potentialAction\":[{\"@type\":\"ReadAction\",\"target\":[\"https:\\\/\\\/www.palletcontroltower.eu\\\/hoe-werkt-het\\\/wat-wij-doen\\\/\"]}]},{\"@type\":\"ImageObject\",\"inLanguage\":\"cs\",\"@id\":\"https:\\\/\\\/www.palletcontroltower.eu\\\/hoe-werkt-het\\\/wat-wij-doen\\\/#primaryimage\",\"url\":\"http:\\\/\\\/www.palletcontroltower.eu\\\/wp-content\\\/uploads\\\/2023\\\/11\\\/palletcontroltower-2.jpg\",\"contentUrl\":\"http:\\\/\\\/www.palletcontroltower.eu\\\/wp-content\\\/uploads\\\/2023\\\/11\\\/palletcontroltower-2.jpg\"},{\"@type\":\"BreadcrumbList\",\"@id\":\"https:\\\/\\\/www.palletcontroltower.eu\\\/hoe-werkt-het\\\/wat-wij-doen\\\/#breadcrumb\",\"itemListElement\":[{\"@type\":\"ListItem\",\"position\":1,\"name\":\"Home\",\"item\":\"https:\\\/\\\/www.palletcontroltower.eu\\\/\"},{\"@type\":\"ListItem\",\"position\":2,\"name\":\"Hoe werkt het\",\"item\":\"https:\\\/\\\/www.palletcontroltower.eu\\\/hoe-werkt-het\\\/\"},{\"@type\":\"ListItem\",\"position\":3,\"name\":\"Wat wij doen\"}]},{\"@type\":\"WebSite\",\"@id\":\"https:\\\/\\\/www.palletcontroltower.eu\\\/#website\",\"url\":\"https:\\\/\\\/www.palletcontroltower.eu\\\/\",\"name\":\"Pallet Control Tower\",\"description\":\"\",\"publisher\":{\"@id\":\"https:\\\/\\\/www.palletcontroltower.eu\\\/#organization\"},\"potentialAction\":[{\"@type\":\"SearchAction\",\"target\":{\"@type\":\"EntryPoint\",\"urlTemplate\":\"https:\\\/\\\/www.palletcontroltower.eu\\\/?s={search_term_string}\"},\"query-input\":{\"@type\":\"PropertyValueSpecification\",\"valueRequired\":true,\"valueName\":\"search_term_string\"}}],\"inLanguage\":\"cs\"},{\"@type\":\"Organization\",\"@id\":\"https:\\\/\\\/www.palletcontroltower.eu\\\/#organization\",\"name\":\"Pallet Control Tower\",\"url\":\"https:\\\/\\\/www.palletcontroltower.eu\\\/\",\"logo\":{\"@type\":\"ImageObject\",\"inLanguage\":\"cs\",\"@id\":\"https:\\\/\\\/www.palletcontroltower.eu\\\/#\\\/schema\\\/logo\\\/image\\\/\",\"url\":\"https:\\\/\\\/www.palletcontroltower.eu\\\/wp-content\\\/uploads\\\/2023\\\/10\\\/logo.svg\",\"contentUrl\":\"https:\\\/\\\/www.palletcontroltower.eu\\\/wp-content\\\/uploads\\\/2023\\\/10\\\/logo.svg\",\"width\":290,\"height\":87,\"caption\":\"Pallet Control Tower\"},\"image\":{\"@id\":\"https:\\\/\\\/www.palletcontroltower.eu\\\/#\\\/schema\\\/logo\\\/image\\\/\"}}]}<\/script>\n<!-- \/ Yoast SEO plugin. -->","yoast_head_json":{"title":"Co d\u011bl\u00e1me - \u0158\u00eddic\u00ed v\u011b\u017e pro palety","description":"Jak funguje Pallet Control Tower Online: inkaso, doru\u010den\u00ed, e-kredity a b\u011b\u017en\u00fd \u00fa\u010det, zejm\u00e9na pro dopravce\/DC.","robots":{"index":"index","follow":"follow","max-snippet":"max-snippet:-1","max-image-preview":"max-image-preview:large","max-video-preview":"max-video-preview:-1"},"canonical":"https:\/\/www.palletcontroltower.eu\/cs\/jak-to-funguje\/co-delame\/","og_locale":"cs_CZ","og_type":"article","og_title":"Wat wij doen - Pallet Control Tower","og_description":"Hoe functioneert Pallet Control Tower Online: Collection, Delivery, e-Credits en Rekening-Courant, speciaal voor vervoerders\/DC's.","og_url":"https:\/\/www.palletcontroltower.eu\/cs\/jak-to-funguje\/co-delame\/","og_site_name":"Pallet Control Tower","article_modified_time":"2024-01-08T14:09:55+00:00","og_image":[{"url":"http:\/\/www.palletcontroltower.eu\/wp-content\/uploads\/2023\/11\/palletcontroltower-2.jpg","type":"","width":"","height":""}],"twitter_card":"summary_large_image","twitter_misc":{"Odhadovan\u00e1 doba \u010dten\u00ed":"3 minuty"},"schema":{"@context":"https:\/\/schema.org","@graph":[{"@type":"WebPage","@id":"https:\/\/www.palletcontroltower.eu\/hoe-werkt-het\/wat-wij-doen\/","url":"https:\/\/www.palletcontroltower.eu\/hoe-werkt-het\/wat-wij-doen\/","name":"Co d\u011bl\u00e1me - \u0158\u00eddic\u00ed v\u011b\u017e pro palety","isPartOf":{"@id":"https:\/\/www.palletcontroltower.eu\/#website"},"primaryImageOfPage":{"@id":"https:\/\/www.palletcontroltower.eu\/hoe-werkt-het\/wat-wij-doen\/#primaryimage"},"image":{"@id":"https:\/\/www.palletcontroltower.eu\/hoe-werkt-het\/wat-wij-doen\/#primaryimage"},"thumbnailUrl":"http:\/\/www.palletcontroltower.eu\/wp-content\/uploads\/2023\/11\/palletcontroltower-2.jpg","datePublished":"2023-11-22T07:58:45+00:00","dateModified":"2024-01-08T14:09:55+00:00","description":"Jak funguje Pallet Control Tower Online: inkaso, doru\u010den\u00ed, e-kredity a b\u011b\u017en\u00fd \u00fa\u010det, zejm\u00e9na pro dopravce\/DC.","breadcrumb":{"@id":"https:\/\/www.palletcontroltower.eu\/hoe-werkt-het\/wat-wij-doen\/#breadcrumb"},"inLanguage":"cs","potentialAction":[{"@type":"ReadAction","target":["https:\/\/www.palletcontroltower.eu\/hoe-werkt-het\/wat-wij-doen\/"]}]},{"@type":"ImageObject","inLanguage":"cs","@id":"https:\/\/www.palletcontroltower.eu\/hoe-werkt-het\/wat-wij-doen\/#primaryimage","url":"http:\/\/www.palletcontroltower.eu\/wp-content\/uploads\/2023\/11\/palletcontroltower-2.jpg","contentUrl":"http:\/\/www.palletcontroltower.eu\/wp-content\/uploads\/2023\/11\/palletcontroltower-2.jpg"},{"@type":"BreadcrumbList","@id":"https:\/\/www.palletcontroltower.eu\/hoe-werkt-het\/wat-wij-doen\/#breadcrumb","itemListElement":[{"@type":"ListItem","position":1,"name":"Home","item":"https:\/\/www.palletcontroltower.eu\/"},{"@type":"ListItem","position":2,"name":"Hoe werkt het","item":"https:\/\/www.palletcontroltower.eu\/hoe-werkt-het\/"},{"@type":"ListItem","position":3,"name":"Wat wij doen"}]},{"@type":"WebSite","@id":"https:\/\/www.palletcontroltower.eu\/#website","url":"https:\/\/www.palletcontroltower.eu\/","name":"Kontroln\u00ed v\u011b\u017e pro palety","description":"","publisher":{"@id":"https:\/\/www.palletcontroltower.eu\/#organization"},"potentialAction":[{"@type":"SearchAction","target":{"@type":"EntryPoint","urlTemplate":"https:\/\/www.palletcontroltower.eu\/?s={search_term_string}"},"query-input":{"@type":"PropertyValueSpecification","valueRequired":true,"valueName":"search_term_string"}}],"inLanguage":"cs"},{"@type":"Organization","@id":"https:\/\/www.palletcontroltower.eu\/#organization","name":"Kontroln\u00ed v\u011b\u017e pro palety","url":"https:\/\/www.palletcontroltower.eu\/","logo":{"@type":"ImageObject","inLanguage":"cs","@id":"https:\/\/www.palletcontroltower.eu\/#\/schema\/logo\/image\/","url":"https:\/\/www.palletcontroltower.eu\/wp-content\/uploads\/2023\/10\/logo.svg","contentUrl":"https:\/\/www.palletcontroltower.eu\/wp-content\/uploads\/2023\/10\/logo.svg","width":290,"height":87,"caption":"Pallet Control Tower"},"image":{"@id":"https:\/\/www.palletcontroltower.eu\/#\/schema\/logo\/image\/"}}]}},"_links":{"self":[{"href":"https:\/\/www.palletcontroltower.eu\/cs\/wp-json\/wp\/v2\/pages\/19","targetHints":{"allow":["GET"]}}],"collection":[{"href":"https:\/\/www.palletcontroltower.eu\/cs\/wp-json\/wp\/v2\/pages"}],"about":[{"href":"https:\/\/www.palletcontroltower.eu\/cs\/wp-json\/wp\/v2\/types\/page"}],"author":[{"embeddable":true,"href":"https:\/\/www.palletcontroltower.eu\/cs\/wp-json\/wp\/v2\/users\/1"}],"replies":[{"embeddable":true,"href":"https:\/\/www.palletcontroltower.eu\/cs\/wp-json\/wp\/v2\/comments?post=19"}],"version-history":[{"count":32,"href":"https:\/\/www.palletcontroltower.eu\/cs\/wp-json\/wp\/v2\/pages\/19\/revisions"}],"predecessor-version":[{"id":1020,"href":"https:\/\/www.palletcontroltower.eu\/cs\/wp-json\/wp\/v2\/pages\/19\/revisions\/1020"}],"up":[{"embeddable":true,"href":"https:\/\/www.palletcontroltower.eu\/cs\/wp-json\/wp\/v2\/pages\/17"}],"wp:attachment":[{"href":"https:\/\/www.palletcontroltower.eu\/cs\/wp-json\/wp\/v2\/media?parent=19"}],"curies":[{"name":"wp","href":"https:\/\/api.w.org\/{rel}","templated":true}]}}