{"id":23,"date":"2023-11-22T07:59:21","date_gmt":"2023-11-22T07:59:21","guid":{"rendered":"http:\/\/www.palletcontroltower.eu\/?page_id=23"},"modified":"2024-01-11T10:37:39","modified_gmt":"2024-01-11T10:37:39","slug":"casto-kladene-otazky","status":"publish","type":"page","link":"https:\/\/www.palletcontroltower.eu\/cs\/hoe-werkt-het\/veelgestelde-vragen\/","title":{"rendered":"\u010casto kladen\u00e9 ot\u00e1zky"},"content":{"rendered":"<div class=\"wp-block-columns is-layout-flex wp-container-core-columns-is-layout-28f84493 wp-block-columns-is-layout-flex\">\n<div class=\"wp-block-column is-layout-flow wp-block-column-is-layout-flow\"><\/div>\n<\/div>\n\n\n\n<hr class=\"wp-block-separator has-alpha-channel-opacity\"\/>\n\n\n\n<div class=\"wp-block-pb-accordion-item c-accordion__item js-accordion-item no-js\" data-initially-open=\"false\" data-click-to-close=\"true\" data-auto-close=\"true\" data-scroll=\"false\" data-scroll-offset=\"0\"><h3 id=\"at-230\" class=\"c-accordion__title js-accordion-controller\" role=\"button\"><strong>Co je to doru\u010den\u00ed?<\/strong><\/h3><div id=\"ac-230\" class=\"c-accordion__content\">\n<p>P\u0159i objedn\u00e1vce Dod\u00e1vka uvedete, \u017ee chcete koupit d\u00e1vku palet. M\u016f\u017ee to b\u00fdt pro v\u00e1s nebo pro dodavatele. V aplikaci PCT Online uvedete, jak\u00e1 \u010d\u00edsla, jak\u00e9 kvality chcete kam dodat. Je tak\u00e9 mo\u017en\u00e9 zadat dal\u0161\u00ed mo\u017enosti dod\u00e1n\u00ed. Obdr\u017e\u00edte n\u011bkolik nab\u00eddek a vyb\u00edr\u00e1te na z\u00e1klad\u011b ekonomicky nejv\u00fdhodn\u011bj\u0161\u00ed, nejudr\u017eiteln\u011bj\u0161\u00ed nebo si p\u0159ece jen vyberete preferovan\u00e9ho dodavatele. Po p\u0159ijet\u00ed nab\u00eddky je objedn\u00e1vka vy\u0159\u00edzena paletov\u00fdm skladem. Platbu obdr\u017e\u00ed do 8 dn\u016f. <\/p>\n<\/div><\/div>\n\n\n\n<div class=\"wp-block-pb-accordion-item c-accordion__item js-accordion-item no-js\" data-initially-open=\"false\" data-click-to-close=\"true\" data-auto-close=\"true\" data-scroll=\"false\" data-scroll-offset=\"0\"><h3 id=\"at-231\" class=\"c-accordion__title js-accordion-controller\" role=\"button\"><strong>Co je to sb\u00edrka?&nbsp;<\/strong><\/h3><div id=\"ac-231\" class=\"c-accordion__content\">\n<p>P\u0159\u00edkaz ke sb\u011bru v\u00e1s, vlastn\u00edka palet, vy\u0159ad\u00ed. Nab\u00eddnete d\u00e1vku palet k prodeji. Nab\u00eddku na va\u0161e palety pod\u00e1 v\u00edce paletov\u00fdch sklad\u016f. Ty pop\u00ed\u0161ete po\u010dtem a kvalitou a opat\u0159\u00edte n\u011bkolika fotografiemi. Po p\u0159ijet\u00ed nab\u00eddky si v\u00e1mi vybran\u00fd paletov\u00fd sklad vyzvedne d\u00e1vku palet. N\u00e1sledn\u00e9 t\u0159\u00edd\u011bn\u00ed a oce\u0148ov\u00e1n\u00ed je mo\u017en\u00e9.<\/p>\n<\/div><\/div>\n\n\n\n<div class=\"wp-block-pb-accordion-item c-accordion__item js-accordion-item no-js\" data-initially-open=\"false\" data-click-to-close=\"true\" data-auto-close=\"true\" data-scroll=\"false\" data-scroll-offset=\"0\"><h3 id=\"at-232\" class=\"c-accordion__title js-accordion-controller\" role=\"button\"><strong>Mohu jako \u00fa\u010dastn\u00edk p\u0159edlo\u017eit v\u0161echny typy palet a\/nebo RTI?<\/strong><\/h3><div id=\"ac-232\" class=\"c-accordion__content\">\n<p>Ano, m\u016f\u017eete. V\u00e1mi vybran\u00fd depozit\u00e1\u0159 v\u0161e zhodnot\u00ed a p\u0159evede v hodnotov\u00e9m vyj\u00e1d\u0159en\u00ed na elektronick\u00e9 kredity. Tyto e-Kredity pak budou p\u0159ips\u00e1ny na v\u00e1\u0161 vlastn\u00ed z\u016fstatek v pen\u011b\u017eence.\u00a0<\/p>\n<\/div><\/div>\n\n\n\n<div class=\"wp-block-pb-accordion-item c-accordion__item js-accordion-item no-js\" data-initially-open=\"false\" data-click-to-close=\"true\" data-auto-close=\"true\" data-scroll=\"false\" data-scroll-offset=\"0\"><h3 id=\"at-233\" class=\"c-accordion__title js-accordion-controller\" role=\"button\"><strong>Kdy dostanu transak\u010dn\u00ed poplatek?<\/strong>&nbsp;<\/h3><div id=\"ac-233\" class=\"c-accordion__content\">\n<p>Hodnota \"z\u00e1kladn\u00ed\" europalety je pokryta indexem EUWID. V\u0161echny odchylky od tohoto standardu se prom\u00edtaj\u00ed do transak\u010dn\u00edho p\u0159\u00edplatku.&nbsp;<\/p>\n<\/div><\/div>\n\n\n\n<div class=\"wp-block-pb-accordion-item c-accordion__item js-accordion-item no-js\" data-initially-open=\"false\" data-click-to-close=\"true\" data-auto-close=\"true\" data-scroll=\"false\" data-scroll-offset=\"0\"><h3 id=\"at-234\" class=\"c-accordion__title js-accordion-controller\" role=\"button\"><strong>Jak\u00e1 je aktu\u00e1ln\u00ed hodnota e-kreditu?<\/strong>&nbsp;<\/h3><div id=\"ac-234\" class=\"c-accordion__content\">\n<p>Na online platform\u011b PCTO najdete v\u017edy aktu\u00e1ln\u00ed hodnotu. Hodnota se ur\u010duje jako v\u00e1\u017een\u00fd pr\u016fm\u011br nejni\u017e\u0161\u00ed a nejvy\u0161\u0161\u00ed hodnoty za t\u0159i posledn\u00ed 6t\u00fddenn\u00ed obdob\u00ed. Tato hodnota je br\u00e1na jako z\u00e1klad pro z\u00fa\u010dtov\u00e1n\u00ed nebo za\u00fa\u010dtov\u00e1n\u00ed elektronick\u00fdch kredit\u016f v okam\u017eiku pod\u00e1n\u00ed nebo odvol\u00e1n\u00ed.\u00a0\u00a0<\/p>\n<\/div><\/div>\n\n\n\n<div class=\"wp-block-pb-accordion-item c-accordion__item js-accordion-item no-js\" data-initially-open=\"false\" data-click-to-close=\"true\" data-auto-close=\"true\" data-scroll=\"false\" data-scroll-offset=\"0\"><h3 id=\"at-235\" class=\"c-accordion__title js-accordion-controller\" role=\"button\"><strong>Jak vznik\u00e1 EUWID?<\/strong>&nbsp;<\/h3><div id=\"ac-235\" class=\"c-accordion__content\">\n<p>Na internetov\u00fdch str\u00e1nk\u00e1ch <a href=\"https:\/\/www.euwid-wood-products.com\/\" target=\"_blank\" rel=\"noreferrer noopener\">EUWID - slo\u017eka v\u00fdrobk\u016f ze d\u0159eva<\/a> - najdete ve\u0161ker\u00e9 informace o trhu. Ceny a v\u00fdvoj EUWID jsou za p\u0159ihl\u00e1\u0161en\u00edm. PCT m\u00e1 p\u0159edplatn\u00e9 t\u011bchto tr\u017en\u00edch dat&nbsp;&nbsp;<\/p>\n<\/div><\/div>\n\n\n\n<div class=\"wp-block-pb-accordion-item c-accordion__item js-accordion-item no-js\" data-initially-open=\"false\" data-click-to-close=\"true\" data-auto-close=\"true\" data-scroll=\"false\" data-scroll-offset=\"0\"><h3 id=\"at-236\" class=\"c-accordion__title js-accordion-controller\" role=\"button\"><strong>Pokud lze odevzdat v\u0161echny RTI, dostanu za v\u0161e n\u00e1hradu?&nbsp;<\/strong><\/h3><div id=\"ac-236\" class=\"c-accordion__content\">\n<p>Ne, nemus\u00edte. V\u011bt\u0161ina sklad\u016f pracuje s t\u0159\u00eddic\u00edmi seznamy a na z\u00e1klad\u011b t\u0159\u00edd\u011bn\u00ed se ur\u010d\u00ed hodnota. Pokud mezi nimi nejsou \u017e\u00e1dn\u00e9 pou\u017eiteln\u00e9 RTI a jedn\u00e1 se p\u0159ev\u00e1\u017en\u011b o \"odpadky\", m\u016f\u017ee doj\u00edt k z\u00e1porn\u00e9mu v\u00fdnosu.<\/p>\n<\/div><\/div>\n\n\n\n<hr class=\"wp-block-separator has-alpha-channel-opacity\"\/>","protected":false},"excerpt":{"rendered":"","protected":false},"author":1,"featured_media":0,"parent":17,"menu_order":0,"comment_status":"closed","ping_status":"closed","template":"","meta":{"footnotes":""},"class_list":["post-23","page","type-page","status-publish","hentry"],"yoast_head":"<!-- This site is optimized with the Yoast SEO plugin v27.3 - https:\/\/yoast.com\/product\/yoast-seo-wordpress\/ -->\n<title>Veelgestelde vragen - Pallet Control Tower<\/title>\n<meta name=\"description\" content=\"Veelgestelde vragen over Pallet Control Tower Online, zoals wat is Collection, Delivery, e-Credit en EUWID\" \/>\n<meta name=\"robots\" content=\"index, follow, max-snippet:-1, max-image-preview:large, max-video-preview:-1\" \/>\n<link rel=\"canonical\" href=\"https:\/\/www.palletcontroltower.eu\/cs\/jak-to-funguje\/casto-kladene-otazky\/\" \/>\n<meta property=\"og:locale\" content=\"cs_CZ\" \/>\n<meta property=\"og:type\" content=\"article\" \/>\n<meta property=\"og:title\" content=\"Veelgestelde vragen - Pallet Control Tower\" \/>\n<meta property=\"og:description\" content=\"Veelgestelde vragen over Pallet Control Tower Online, zoals wat is Collection, Delivery, e-Credit en EUWID\" \/>\n<meta property=\"og:url\" content=\"https:\/\/www.palletcontroltower.eu\/cs\/jak-to-funguje\/casto-kladene-otazky\/\" \/>\n<meta property=\"og:site_name\" content=\"Pallet Control Tower\" \/>\n<meta property=\"article:modified_time\" content=\"2024-01-11T10:37:39+00:00\" \/>\n<meta name=\"twitter:card\" content=\"summary_large_image\" \/>\n<meta name=\"twitter:label1\" content=\"Odhadovan\u00e1 doba \u010dten\u00ed\" \/>\n\t<meta name=\"twitter:data1\" content=\"2 minuty\" \/>\n<script type=\"application\/ld+json\" class=\"yoast-schema-graph\">{\"@context\":\"https:\\\/\\\/schema.org\",\"@graph\":[{\"@type\":\"WebPage\",\"@id\":\"https:\\\/\\\/www.palletcontroltower.eu\\\/pl\\\/hoe-werkt-het\\\/czesto-zadawane-pytania\\\/\",\"url\":\"https:\\\/\\\/www.palletcontroltower.eu\\\/pl\\\/hoe-werkt-het\\\/czesto-zadawane-pytania\\\/\",\"name\":\"Veelgestelde vragen - Pallet Control Tower\",\"isPartOf\":{\"@id\":\"https:\\\/\\\/www.palletcontroltower.eu\\\/#website\"},\"datePublished\":\"2023-11-22T07:59:21+00:00\",\"dateModified\":\"2024-01-11T10:37:39+00:00\",\"description\":\"Veelgestelde vragen over Pallet Control Tower Online, zoals wat is Collection, Delivery, e-Credit en EUWID\",\"breadcrumb\":{\"@id\":\"https:\\\/\\\/www.palletcontroltower.eu\\\/pl\\\/hoe-werkt-het\\\/czesto-zadawane-pytania\\\/#breadcrumb\"},\"inLanguage\":\"cs\",\"potentialAction\":[{\"@type\":\"ReadAction\",\"target\":[\"https:\\\/\\\/www.palletcontroltower.eu\\\/pl\\\/hoe-werkt-het\\\/czesto-zadawane-pytania\\\/\"]}]},{\"@type\":\"BreadcrumbList\",\"@id\":\"https:\\\/\\\/www.palletcontroltower.eu\\\/pl\\\/hoe-werkt-het\\\/czesto-zadawane-pytania\\\/#breadcrumb\",\"itemListElement\":[{\"@type\":\"ListItem\",\"position\":1,\"name\":\"Home\",\"item\":\"https:\\\/\\\/www.palletcontroltower.eu\\\/\"},{\"@type\":\"ListItem\",\"position\":2,\"name\":\"Hoe werkt het\",\"item\":\"https:\\\/\\\/www.palletcontroltower.eu\\\/hoe-werkt-het\\\/\"},{\"@type\":\"ListItem\",\"position\":3,\"name\":\"Veelgestelde vragen\"}]},{\"@type\":\"WebSite\",\"@id\":\"https:\\\/\\\/www.palletcontroltower.eu\\\/#website\",\"url\":\"https:\\\/\\\/www.palletcontroltower.eu\\\/\",\"name\":\"Pallet Control Tower\",\"description\":\"\",\"publisher\":{\"@id\":\"https:\\\/\\\/www.palletcontroltower.eu\\\/#organization\"},\"potentialAction\":[{\"@type\":\"SearchAction\",\"target\":{\"@type\":\"EntryPoint\",\"urlTemplate\":\"https:\\\/\\\/www.palletcontroltower.eu\\\/?s={search_term_string}\"},\"query-input\":{\"@type\":\"PropertyValueSpecification\",\"valueRequired\":true,\"valueName\":\"search_term_string\"}}],\"inLanguage\":\"cs\"},{\"@type\":\"Organization\",\"@id\":\"https:\\\/\\\/www.palletcontroltower.eu\\\/#organization\",\"name\":\"Pallet Control Tower\",\"url\":\"https:\\\/\\\/www.palletcontroltower.eu\\\/\",\"logo\":{\"@type\":\"ImageObject\",\"inLanguage\":\"cs\",\"@id\":\"https:\\\/\\\/www.palletcontroltower.eu\\\/#\\\/schema\\\/logo\\\/image\\\/\",\"url\":\"https:\\\/\\\/www.palletcontroltower.eu\\\/wp-content\\\/uploads\\\/2023\\\/10\\\/logo.svg\",\"contentUrl\":\"https:\\\/\\\/www.palletcontroltower.eu\\\/wp-content\\\/uploads\\\/2023\\\/10\\\/logo.svg\",\"width\":290,\"height\":87,\"caption\":\"Pallet Control Tower\"},\"image\":{\"@id\":\"https:\\\/\\\/www.palletcontroltower.eu\\\/#\\\/schema\\\/logo\\\/image\\\/\"}}]}<\/script>\n<!-- \/ Yoast SEO plugin. -->","yoast_head_json":{"title":"\u010casto kladen\u00e9 ot\u00e1zky - \u0158\u00eddic\u00ed v\u011b\u017e pro palety","description":"\u010casto kladen\u00e9 ot\u00e1zky o Pallet Control Tower Online, nap\u0159\u00edklad co je to sb\u011br, doru\u010den\u00ed, e-Credit a EUWID.","robots":{"index":"index","follow":"follow","max-snippet":"max-snippet:-1","max-image-preview":"max-image-preview:large","max-video-preview":"max-video-preview:-1"},"canonical":"https:\/\/www.palletcontroltower.eu\/cs\/jak-to-funguje\/casto-kladene-otazky\/","og_locale":"cs_CZ","og_type":"article","og_title":"Veelgestelde vragen - Pallet Control Tower","og_description":"Veelgestelde vragen over Pallet Control Tower Online, zoals wat is Collection, Delivery, e-Credit en EUWID","og_url":"https:\/\/www.palletcontroltower.eu\/cs\/jak-to-funguje\/casto-kladene-otazky\/","og_site_name":"Pallet Control Tower","article_modified_time":"2024-01-11T10:37:39+00:00","twitter_card":"summary_large_image","twitter_misc":{"Odhadovan\u00e1 doba \u010dten\u00ed":"2 minuty"},"schema":{"@context":"https:\/\/schema.org","@graph":[{"@type":"WebPage","@id":"https:\/\/www.palletcontroltower.eu\/pl\/hoe-werkt-het\/czesto-zadawane-pytania\/","url":"https:\/\/www.palletcontroltower.eu\/pl\/hoe-werkt-het\/czesto-zadawane-pytania\/","name":"\u010casto kladen\u00e9 ot\u00e1zky - \u0158\u00eddic\u00ed v\u011b\u017e pro palety","isPartOf":{"@id":"https:\/\/www.palletcontroltower.eu\/#website"},"datePublished":"2023-11-22T07:59:21+00:00","dateModified":"2024-01-11T10:37:39+00:00","description":"\u010casto kladen\u00e9 ot\u00e1zky o Pallet Control Tower Online, nap\u0159\u00edklad co je to sb\u011br, doru\u010den\u00ed, e-Credit a EUWID.","breadcrumb":{"@id":"https:\/\/www.palletcontroltower.eu\/pl\/hoe-werkt-het\/czesto-zadawane-pytania\/#breadcrumb"},"inLanguage":"cs","potentialAction":[{"@type":"ReadAction","target":["https:\/\/www.palletcontroltower.eu\/pl\/hoe-werkt-het\/czesto-zadawane-pytania\/"]}]},{"@type":"BreadcrumbList","@id":"https:\/\/www.palletcontroltower.eu\/pl\/hoe-werkt-het\/czesto-zadawane-pytania\/#breadcrumb","itemListElement":[{"@type":"ListItem","position":1,"name":"Home","item":"https:\/\/www.palletcontroltower.eu\/"},{"@type":"ListItem","position":2,"name":"Hoe werkt het","item":"https:\/\/www.palletcontroltower.eu\/hoe-werkt-het\/"},{"@type":"ListItem","position":3,"name":"Veelgestelde vragen"}]},{"@type":"WebSite","@id":"https:\/\/www.palletcontroltower.eu\/#website","url":"https:\/\/www.palletcontroltower.eu\/","name":"Kontroln\u00ed v\u011b\u017e pro palety","description":"","publisher":{"@id":"https:\/\/www.palletcontroltower.eu\/#organization"},"potentialAction":[{"@type":"SearchAction","target":{"@type":"EntryPoint","urlTemplate":"https:\/\/www.palletcontroltower.eu\/?s={search_term_string}"},"query-input":{"@type":"PropertyValueSpecification","valueRequired":true,"valueName":"search_term_string"}}],"inLanguage":"cs"},{"@type":"Organization","@id":"https:\/\/www.palletcontroltower.eu\/#organization","name":"Kontroln\u00ed v\u011b\u017e pro palety","url":"https:\/\/www.palletcontroltower.eu\/","logo":{"@type":"ImageObject","inLanguage":"cs","@id":"https:\/\/www.palletcontroltower.eu\/#\/schema\/logo\/image\/","url":"https:\/\/www.palletcontroltower.eu\/wp-content\/uploads\/2023\/10\/logo.svg","contentUrl":"https:\/\/www.palletcontroltower.eu\/wp-content\/uploads\/2023\/10\/logo.svg","width":290,"height":87,"caption":"Pallet Control Tower"},"image":{"@id":"https:\/\/www.palletcontroltower.eu\/#\/schema\/logo\/image\/"}}]}},"_links":{"self":[{"href":"https:\/\/www.palletcontroltower.eu\/cs\/wp-json\/wp\/v2\/pages\/23","targetHints":{"allow":["GET"]}}],"collection":[{"href":"https:\/\/www.palletcontroltower.eu\/cs\/wp-json\/wp\/v2\/pages"}],"about":[{"href":"https:\/\/www.palletcontroltower.eu\/cs\/wp-json\/wp\/v2\/types\/page"}],"author":[{"embeddable":true,"href":"https:\/\/www.palletcontroltower.eu\/cs\/wp-json\/wp\/v2\/users\/1"}],"replies":[{"embeddable":true,"href":"https:\/\/www.palletcontroltower.eu\/cs\/wp-json\/wp\/v2\/comments?post=23"}],"version-history":[{"count":18,"href":"https:\/\/www.palletcontroltower.eu\/cs\/wp-json\/wp\/v2\/pages\/23\/revisions"}],"predecessor-version":[{"id":1152,"href":"https:\/\/www.palletcontroltower.eu\/cs\/wp-json\/wp\/v2\/pages\/23\/revisions\/1152"}],"up":[{"embeddable":true,"href":"https:\/\/www.palletcontroltower.eu\/cs\/wp-json\/wp\/v2\/pages\/17"}],"wp:attachment":[{"href":"https:\/\/www.palletcontroltower.eu\/cs\/wp-json\/wp\/v2\/media?parent=23"}],"curies":[{"name":"wp","href":"https:\/\/api.w.org\/{rel}","templated":true}]}}