{"id":31,"date":"2023-11-22T08:00:36","date_gmt":"2023-11-22T08:00:36","guid":{"rendered":"http:\/\/www.palletcontroltower.eu\/?page_id=31"},"modified":"2026-01-30T09:47:49","modified_gmt":"2026-01-30T09:47:49","slug":"pro-dopravce-dcs","status":"publish","type":"page","link":"https:\/\/www.palletcontroltower.eu\/cs\/mijn-voordeel\/voor-vervoerders-dcs\/","title":{"rendered":"Pro dopravce\/DC"},"content":{"rendered":"<div class=\"wp-block-columns is-layout-flex wp-container-core-columns-is-layout-28f84493 wp-block-columns-is-layout-flex\">\n<div class=\"wp-block-column is-layout-flow wp-block-column-is-layout-flow\">\n<h2 class=\"wp-block-heading\">\u010cas a kvalita<\/h2>\n\n\n\n<p>Jste p\u0159epravn\u00ed spole\u010dnost, dopravce nebo poskytovatel logistick\u00fdch slu\u017eeb s vlastn\u00edm DC nebo bez n\u011bj. Va\u0161\u00edm trhem je Evropa, Asie, USA a\/nebo Kanada. V\u00fdm\u011bna palet \u0159idi\u010di na m\u00edst\u011b obvykle nep\u0159ipad\u00e1 v \u00favahu. V\u017edy\u0165 \u010das jsou pen\u00edze. Kvalita palet je v\u0161ak rozhoduj\u00edc\u00ed i pro automatizovan\u00e9 DC.<\/p>\n\n\n\n<p>Spole\u010dnost PCT lze nal\u00e9zt ve v\u0161ech typech pr\u016fmyslov\u00fdch odv\u011btv\u00ed, a proto je doma na v\u0161ech trz\u00edch. Nen\u00ed p\u0159itom d\u016fle\u017eit\u00e9, zda vlastn\u00edte palety nebo jin\u00e9 RTI. Jde v\u00e1m o efektivitu, kvalitu v logistick\u00e9m \u0159et\u011bzci a udr\u017eiteln\u011bj\u0161\u00ed nasazen\u00ed v\u0161ech pou\u017e\u00edvan\u00fdch nosi\u010d\u016f n\u00e1kladu.<\/p>\n\n\n\n<div class=\"wp-block-buttons is-layout-flex wp-block-buttons-is-layout-flex\">\n<div class=\"wp-block-button\"><a class=\"wp-block-button__link has-white-color has-green-background-color has-text-color has-background has-link-color wp-element-button\" href=\"https:\/\/portal.pct-online.eu\/register\" target=\"_blank\" rel=\"noreferrer noopener\">Aktivace \u00fa\u010dtu<\/a><\/div>\n<\/div>\n<\/div>\n<\/div>\n\n\n\n<hr class=\"wp-block-separator has-alpha-channel-opacity\"\/>\n\n\n\n<div class=\"wp-block-columns are-vertically-aligned-center is-layout-flex wp-container-core-columns-is-layout-28f84493 wp-block-columns-is-layout-flex\">\n<div class=\"wp-block-column is-vertically-aligned-center is-layout-flow wp-block-column-is-layout-flow\">\n<figure class=\"wp-block-image size-full\"><img fetchpriority=\"high\" decoding=\"async\" width=\"579\" height=\"298\" src=\"http:\/\/www.palletcontroltower.eu\/wp-content\/uploads\/2023\/12\/PCT_unloading.jpg\" alt=\"D\u00edky virtu\u00e1ln\u00ed v\u00fdm\u011bn\u011b v syst\u00e9mu PCTO \u0159idi\u010di nemus\u00ed \u010dekat.\" class=\"wp-image-808\" style=\"aspect-ratio:3\/4;object-fit:cover\" srcset=\"https:\/\/www.palletcontroltower.eu\/wp-content\/uploads\/2023\/12\/PCT_unloading.jpg 579w, https:\/\/www.palletcontroltower.eu\/wp-content\/uploads\/2023\/12\/PCT_unloading-300x154.jpg 300w, https:\/\/www.palletcontroltower.eu\/wp-content\/uploads\/2023\/12\/PCT_unloading-18x9.jpg 18w\" sizes=\"(max-width: 579px) 100vw, 579px\" \/><\/figure>\n<\/div>\n\n\n\n<div class=\"wp-block-column is-vertically-aligned-center is-layout-flow wp-block-column-is-layout-flow\">\n<h2 class=\"wp-block-heading\">Efektivn\u00ed a \u00fa\u010dinn\u00e1 spr\u00e1va palet<\/h2>\n\n\n\n<ol class=\"wp-block-list\">\n<li><strong>Odleh\u010den\u00ed \u0159idi\u010de<\/strong> - V\u00edme l\u00e9pe ne\u017e kdokoli jin\u00fd, jak velk\u00fd tlak je na logistick\u00fd \u0159et\u011bzec v Evrop\u011b a jak napjat\u00e9 jsou \u010dasov\u00e9 pl\u00e1ny. V\u00edme tak\u00e9, \u017ee na v\u00fdm\u011bnu palet a dal\u0161\u00edch RTI na m\u00edst\u011b proto nen\u00ed t\u00e9m\u011b\u0159 \u017e\u00e1dn\u00fd \u010das. Nehled\u011b na znalosti a dovednosti, kter\u00e9 \u0159idi\u010di mus\u00ed m\u00edt o proveden\u00edch a kvalit\u00e1ch. Pou\u017e\u00edv\u00e1n\u00ed PCT Online \u0159e\u0161\u00ed mnoho probl\u00e9m\u016f. &nbsp;<\/li>\n\n\n\n<li><strong>N\u00e1kladov\u011b efektivn\u00ed<\/strong> - D\u00edky na\u0161emu takzvan\u00e9mu syst\u00e9mu e-Credit lze palety \"vym\u011b\u0148ovat\" digit\u00e1ln\u011b po cel\u00e9 Evrop\u011b. Pro v\u00e1s to znamen\u00e1, \u017ee nemus\u00edte m\u00edt kamion pln\u00fd jen pr\u00e1zdn\u00fdch palet. A tedy v\u017edy zp\u011btn\u00fd n\u00e1klad s cenn\u00fdm n\u00e1kladem. Pou\u017eit\u00e9 palety se t\u0159\u00edd\u00ed a oce\u0148uj\u00ed zvl\u00e1\u0161\u0165. Tato hodnota p\u0159edstavuje ur\u010dit\u00fd po\u010det e-kredit\u016f. Hodnota e-Kredit\u016f se vztahuje k takzvan\u00e9mu indexu EUWID; standardu, kter\u00fd je v Evrop\u011b \u0161iroce uzn\u00e1v\u00e1n.<\/li>\n\n\n\n<li><strong>Kvalitn\u00ed palety<\/strong> - Mimochodem, v na\u0161em syst\u00e9mu pou\u017e\u00edv\u00e1me pouze europalety a RTI. To zaru\u010duje kvalitu a proveden\u00ed. Zejm\u00e9na proto, \u017ee va\u0161e automatizovan\u00e9 sklady vy\u017eaduj\u00ed standardizovan\u00e9 palety kvality A nebo nov\u00e9 palety. Tak\u017ee u\u017e \u017e\u00e1dn\u00e9 diskuse a zbyte\u010dn\u00e9 ztr\u00e1ty \u010dasu. A v p\u0159\u00edpad\u011b sporu to na\u0161i account mana\u017ee\u0159i n\u00e1sledn\u011b zkontroluj\u00ed.<\/li>\n\n\n\n<li><strong>P\u0159ehled<\/strong> - S PCT Online v podstat\u011b sn\u00ed\u017e\u00edte po\u010det administrativn\u00edch vztah\u016f na jeden a z\u00e1rove\u0148 roz\u0161\u00ed\u0159\u00edte svou s\u00ed\u0165 o mnoho des\u00edtek. Sami se rozhodnete, kter\u00e1 m\u00edsta z\u00e1kazn\u00edk\u016f, dodavatel\u016f a dal\u0161\u00edch vztah\u016f zahrnete do standardn\u00ed spr\u00e1vy. D\u00edky tomu m\u016f\u017eete spravovat po\u017eadavky a objedn\u00e1vky tak, jak v\u00e1m to vyhovuje. A m\u00e1te ji\u017e st\u00e1l\u00e9ho paletov\u00e9ho z\u00e1kazn\u00edka? Pak z n\u011bj ud\u011blejte sv\u00e9ho preferovan\u00e9ho dodavatele.<\/li>\n\n\n\n<li><strong>Rychle, bezpe\u010dn\u011b a snadno<\/strong> - Platforma b\u011b\u017e\u00ed v cloudu a funguje na stoln\u00edm po\u010d\u00edta\u010di, notebooku, tabletu i chytr\u00e9m telefonu. Obrazovky jsou jednoduch\u00e9 a snadno konzultovateln\u00e9 v n\u011bkolika jazyc\u00edch, v\u010detn\u011b angli\u010dtiny, n\u011bm\u010diny, francouz\u0161tiny a pol\u0161tiny. Platforma je bezpe\u010dn\u00e1 a ka\u017ed\u00e1 zm\u011bna je zaznamen\u00e1na. Lze ji tak\u00e9 propojit s jak\u00fdmkoli b\u011b\u017en\u00fdm syst\u00e9mem ERP, VMS a WMS. S PCT Online se vyhnete zbyte\u010dn\u00fdm diskus\u00edm o kvalit\u011b, mno\u017estv\u00ed a bilanc\u00edch.<\/li>\n\n\n\n<li><strong>Dal\u0161\u00ed mo\u017enosti<\/strong> - Nepou\u017e\u00edvejte PCT Online jen sami, ale pou\u017e\u00edvejte ho chyt\u0159e, abyste sv\u00e9 z\u00e1kazn\u00edky nezat\u011b\u017eovali. Organizujte svoz a doru\u010den\u00ed po cel\u00e9 Evrop\u011b s pomoc\u00ed p\u0159idru\u017een\u00fdch spolupracuj\u00edc\u00edch firem. Vyhn\u011bte se zbyte\u010dn\u00fdm drah\u00fdm cest\u00e1m a zad\u00e1vejte jim objedn\u00e1vky prost\u0159ednictv\u00edm platformy. Elektronick\u00e9 kredity v\u00e1m umo\u017en\u00ed snadno nakupovat tam, kde va\u0161i z\u00e1kazn\u00edci pot\u0159ebuj\u00ed palety.<\/li>\n<\/ol>\n<\/div>\n<\/div>\n\n\n\n<div class=\"wp-block-buttons is-content-justification-right is-layout-flex wp-container-core-buttons-is-layout-d445cf74 wp-block-buttons-is-layout-flex\">\n<div class=\"wp-block-button\"><a class=\"wp-block-button__link has-white-color has-mint-background-color has-text-color has-background has-link-color wp-element-button\" href=\"http:\/\/www.palletcontroltower.eu\/wp-content\/uploads\/2024\/01\/PCT_Leaflet_Chauffeur_NL_PR8.pdf\" target=\"_blank\" rel=\"noreferrer noopener\">St\u00e1hnout let\u00e1k<\/a><\/div>\n<\/div>\n\n\n\n<hr class=\"wp-block-separator has-alpha-channel-opacity\"\/>\n\n\n\n<blockquote class=\"wp-block-quote is-layout-flow wp-block-quote-is-layout-flow\">\n<p class=\"has-text-align-center\">P\u0159edch\u00e1zejte nam\u00e1h\u00e1n\u00ed palet! Pallet Control Tower je evropsk\u00fd standard a platforma pro Collection &amp; Delivery by Matching pro europalety a jinak VPP. Usnad\u0148ujeme otev\u0159en\u00fd pooling od A do Z. A d\u011bl\u00e1me paletovou logistiku op\u011bt zvl\u00e1dnutelnou. <\/p>\n<\/blockquote>\n\n\n\n<hr class=\"wp-block-separator has-alpha-channel-opacity\"\/>\n\n\n\n<figure class=\"wp-block-image size-full\"><img decoding=\"async\" width=\"1600\" height=\"1066\" src=\"http:\/\/www.palletcontroltower.eu\/wp-content\/uploads\/2023\/11\/palletcontroltower-2.jpg\" alt=\"\" class=\"wp-image-207\" style=\"aspect-ratio:16\/9;object-fit:cover\" srcset=\"https:\/\/www.palletcontroltower.eu\/wp-content\/uploads\/2023\/11\/palletcontroltower-2.jpg 1600w, https:\/\/www.palletcontroltower.eu\/wp-content\/uploads\/2023\/11\/palletcontroltower-2-300x200.jpg 300w, https:\/\/www.palletcontroltower.eu\/wp-content\/uploads\/2023\/11\/palletcontroltower-2-1024x682.jpg 1024w, https:\/\/www.palletcontroltower.eu\/wp-content\/uploads\/2023\/11\/palletcontroltower-2-768x512.jpg 768w, https:\/\/www.palletcontroltower.eu\/wp-content\/uploads\/2023\/11\/palletcontroltower-2-1536x1023.jpg 1536w\" sizes=\"(max-width: 1600px) 100vw, 1600px\" \/><\/figure>\n\n\n\n<hr class=\"wp-block-separator has-alpha-channel-opacity\"\/>\n\n\n\n<div class=\"wp-block-columns is-layout-flex wp-container-core-columns-is-layout-28f84493 wp-block-columns-is-layout-flex\"><\/div>","protected":false},"excerpt":{"rendered":"<p>Tijd \u00e9n kwaliteit U bent een transportbedrijf, vervoerder of logistieke dienstverlener al dan niet met een eigen DC. Europa, Azi\u00eb, VS en\/of Canada is uw markt. Palletruil door chauffeurs ter plekke is veelal geen optie. Tijd is immers geld. Maar de kwaliteit van de pallet is ook kritisch voor een geautomatiseerd DC. PCT is te [&hellip;]<\/p>\n","protected":false},"author":1,"featured_media":0,"parent":25,"menu_order":4,"comment_status":"closed","ping_status":"closed","template":"","meta":{"footnotes":""},"class_list":["post-31","page","type-page","status-publish","hentry"],"yoast_head":"<!-- This site is optimized with the Yoast SEO plugin v27.6 - https:\/\/yoast.com\/product\/yoast-seo-wordpress\/ -->\n<title>Voor vervoerders\/DC&#039;s - Pallet Control Tower<\/title>\n<meta name=\"description\" content=\"De voordelen voor vervoerders en dc&#039;s zijn o.a.: chauffeurs ontlast, kosteneffectief, kwaliteitspallets, overzicht, snel-veilig-gemakkelijk\" \/>\n<meta name=\"robots\" content=\"index, follow, max-snippet:-1, max-image-preview:large, max-video-preview:-1\" \/>\n<link rel=\"canonical\" href=\"https:\/\/www.palletcontroltower.eu\/cs\/moje-vyhoda\/pro-dopravce-dcs\/\" \/>\n<meta property=\"og:locale\" content=\"cs_CZ\" \/>\n<meta property=\"og:type\" content=\"article\" \/>\n<meta property=\"og:title\" content=\"Voor vervoerders\/DC&#039;s - Pallet Control Tower\" \/>\n<meta property=\"og:description\" content=\"De voordelen voor vervoerders en dc&#039;s zijn o.a.: chauffeurs ontlast, kosteneffectief, kwaliteitspallets, overzicht, snel-veilig-gemakkelijk\" \/>\n<meta property=\"og:url\" content=\"https:\/\/www.palletcontroltower.eu\/cs\/moje-vyhoda\/pro-dopravce-dcs\/\" \/>\n<meta property=\"og:site_name\" content=\"Pallet Control Tower\" \/>\n<meta property=\"article:modified_time\" content=\"2026-01-30T09:47:49+00:00\" \/>\n<meta property=\"og:image\" content=\"https:\/\/www.palletcontroltower.eu\/wp-content\/uploads\/2023\/12\/PCT_unloading.jpg\" \/>\n\t<meta property=\"og:image:width\" content=\"579\" \/>\n\t<meta property=\"og:image:height\" content=\"298\" \/>\n\t<meta property=\"og:image:type\" content=\"image\/jpeg\" \/>\n<meta name=\"twitter:card\" content=\"summary_large_image\" \/>\n<meta name=\"twitter:label1\" content=\"Odhadovan\u00e1 doba \u010dten\u00ed\" \/>\n\t<meta name=\"twitter:data1\" content=\"3 minuty\" \/>\n<script type=\"application\/ld+json\" class=\"yoast-schema-graph\">{\"@context\":\"https:\\\/\\\/schema.org\",\"@graph\":[{\"@type\":\"WebPage\",\"@id\":\"https:\\\/\\\/www.palletcontroltower.eu\\\/mijn-voordeel\\\/voor-vervoerders-dcs\\\/\",\"url\":\"https:\\\/\\\/www.palletcontroltower.eu\\\/mijn-voordeel\\\/voor-vervoerders-dcs\\\/\",\"name\":\"Voor vervoerders\\\/DC's - Pallet Control Tower\",\"isPartOf\":{\"@id\":\"https:\\\/\\\/www.palletcontroltower.eu\\\/#website\"},\"primaryImageOfPage\":{\"@id\":\"https:\\\/\\\/www.palletcontroltower.eu\\\/mijn-voordeel\\\/voor-vervoerders-dcs\\\/#primaryimage\"},\"image\":{\"@id\":\"https:\\\/\\\/www.palletcontroltower.eu\\\/mijn-voordeel\\\/voor-vervoerders-dcs\\\/#primaryimage\"},\"thumbnailUrl\":\"http:\\\/\\\/www.palletcontroltower.eu\\\/wp-content\\\/uploads\\\/2023\\\/12\\\/PCT_unloading.jpg\",\"datePublished\":\"2023-11-22T08:00:36+00:00\",\"dateModified\":\"2026-01-30T09:47:49+00:00\",\"description\":\"De voordelen voor vervoerders en dc's zijn o.a.: chauffeurs ontlast, kosteneffectief, kwaliteitspallets, overzicht, snel-veilig-gemakkelijk\",\"breadcrumb\":{\"@id\":\"https:\\\/\\\/www.palletcontroltower.eu\\\/mijn-voordeel\\\/voor-vervoerders-dcs\\\/#breadcrumb\"},\"inLanguage\":\"cs\",\"potentialAction\":[{\"@type\":\"ReadAction\",\"target\":[\"https:\\\/\\\/www.palletcontroltower.eu\\\/mijn-voordeel\\\/voor-vervoerders-dcs\\\/\"]}]},{\"@type\":\"ImageObject\",\"inLanguage\":\"cs\",\"@id\":\"https:\\\/\\\/www.palletcontroltower.eu\\\/mijn-voordeel\\\/voor-vervoerders-dcs\\\/#primaryimage\",\"url\":\"http:\\\/\\\/www.palletcontroltower.eu\\\/wp-content\\\/uploads\\\/2023\\\/12\\\/PCT_unloading.jpg\",\"contentUrl\":\"http:\\\/\\\/www.palletcontroltower.eu\\\/wp-content\\\/uploads\\\/2023\\\/12\\\/PCT_unloading.jpg\"},{\"@type\":\"BreadcrumbList\",\"@id\":\"https:\\\/\\\/www.palletcontroltower.eu\\\/mijn-voordeel\\\/voor-vervoerders-dcs\\\/#breadcrumb\",\"itemListElement\":[{\"@type\":\"ListItem\",\"position\":1,\"name\":\"Home\",\"item\":\"https:\\\/\\\/www.palletcontroltower.eu\\\/\"},{\"@type\":\"ListItem\",\"position\":2,\"name\":\"Mijn voordeel\",\"item\":\"https:\\\/\\\/www.palletcontroltower.eu\\\/pl\\\/mijn-voordeel\\\/\"},{\"@type\":\"ListItem\",\"position\":3,\"name\":\"Voor vervoerders\\\/DC&#8217;s\"}]},{\"@type\":\"WebSite\",\"@id\":\"https:\\\/\\\/www.palletcontroltower.eu\\\/#website\",\"url\":\"https:\\\/\\\/www.palletcontroltower.eu\\\/\",\"name\":\"Pallet Control Tower\",\"description\":\"\",\"publisher\":{\"@id\":\"https:\\\/\\\/www.palletcontroltower.eu\\\/#organization\"},\"potentialAction\":[{\"@type\":\"SearchAction\",\"target\":{\"@type\":\"EntryPoint\",\"urlTemplate\":\"https:\\\/\\\/www.palletcontroltower.eu\\\/?s={search_term_string}\"},\"query-input\":{\"@type\":\"PropertyValueSpecification\",\"valueRequired\":true,\"valueName\":\"search_term_string\"}}],\"inLanguage\":\"cs\"},{\"@type\":\"Organization\",\"@id\":\"https:\\\/\\\/www.palletcontroltower.eu\\\/#organization\",\"name\":\"Pallet Control Tower\",\"url\":\"https:\\\/\\\/www.palletcontroltower.eu\\\/\",\"logo\":{\"@type\":\"ImageObject\",\"inLanguage\":\"cs\",\"@id\":\"https:\\\/\\\/www.palletcontroltower.eu\\\/#\\\/schema\\\/logo\\\/image\\\/\",\"url\":\"https:\\\/\\\/www.palletcontroltower.eu\\\/wp-content\\\/uploads\\\/2023\\\/10\\\/logo.svg\",\"contentUrl\":\"https:\\\/\\\/www.palletcontroltower.eu\\\/wp-content\\\/uploads\\\/2023\\\/10\\\/logo.svg\",\"width\":290,\"height\":87,\"caption\":\"Pallet Control Tower\"},\"image\":{\"@id\":\"https:\\\/\\\/www.palletcontroltower.eu\\\/#\\\/schema\\\/logo\\\/image\\\/\"}}]}<\/script>\n<!-- \/ Yoast SEO plugin. -->","yoast_head_json":{"title":"Pro dopravce\/DC - kontroln\u00ed v\u011b\u017e pro palety","description":"V\u00fdhody pro dopravce a DC zahrnuj\u00ed: odleh\u010den\u00ed \u0159idi\u010d\u016fm, n\u00e1kladov\u011b efektivn\u00ed, kvalitn\u00ed palety, p\u0159ehled, rychl\u00e9 a bezpe\u010dn\u00e9 \u0159e\u0161en\u00ed.","robots":{"index":"index","follow":"follow","max-snippet":"max-snippet:-1","max-image-preview":"max-image-preview:large","max-video-preview":"max-video-preview:-1"},"canonical":"https:\/\/www.palletcontroltower.eu\/cs\/moje-vyhoda\/pro-dopravce-dcs\/","og_locale":"cs_CZ","og_type":"article","og_title":"Voor vervoerders\/DC's - Pallet Control Tower","og_description":"De voordelen voor vervoerders en dc's zijn o.a.: chauffeurs ontlast, kosteneffectief, kwaliteitspallets, overzicht, snel-veilig-gemakkelijk","og_url":"https:\/\/www.palletcontroltower.eu\/cs\/moje-vyhoda\/pro-dopravce-dcs\/","og_site_name":"Pallet Control Tower","article_modified_time":"2026-01-30T09:47:49+00:00","og_image":[{"width":579,"height":298,"url":"https:\/\/www.palletcontroltower.eu\/wp-content\/uploads\/2023\/12\/PCT_unloading.jpg","type":"image\/jpeg"}],"twitter_card":"summary_large_image","twitter_misc":{"Odhadovan\u00e1 doba \u010dten\u00ed":"3 minuty"},"schema":{"@context":"https:\/\/schema.org","@graph":[{"@type":"WebPage","@id":"https:\/\/www.palletcontroltower.eu\/mijn-voordeel\/voor-vervoerders-dcs\/","url":"https:\/\/www.palletcontroltower.eu\/mijn-voordeel\/voor-vervoerders-dcs\/","name":"Pro dopravce\/DC - kontroln\u00ed v\u011b\u017e pro palety","isPartOf":{"@id":"https:\/\/www.palletcontroltower.eu\/#website"},"primaryImageOfPage":{"@id":"https:\/\/www.palletcontroltower.eu\/mijn-voordeel\/voor-vervoerders-dcs\/#primaryimage"},"image":{"@id":"https:\/\/www.palletcontroltower.eu\/mijn-voordeel\/voor-vervoerders-dcs\/#primaryimage"},"thumbnailUrl":"http:\/\/www.palletcontroltower.eu\/wp-content\/uploads\/2023\/12\/PCT_unloading.jpg","datePublished":"2023-11-22T08:00:36+00:00","dateModified":"2026-01-30T09:47:49+00:00","description":"V\u00fdhody pro dopravce a DC zahrnuj\u00ed: odleh\u010den\u00ed \u0159idi\u010d\u016fm, n\u00e1kladov\u011b efektivn\u00ed, kvalitn\u00ed palety, p\u0159ehled, rychl\u00e9 a bezpe\u010dn\u00e9 \u0159e\u0161en\u00ed.","breadcrumb":{"@id":"https:\/\/www.palletcontroltower.eu\/mijn-voordeel\/voor-vervoerders-dcs\/#breadcrumb"},"inLanguage":"cs","potentialAction":[{"@type":"ReadAction","target":["https:\/\/www.palletcontroltower.eu\/mijn-voordeel\/voor-vervoerders-dcs\/"]}]},{"@type":"ImageObject","inLanguage":"cs","@id":"https:\/\/www.palletcontroltower.eu\/mijn-voordeel\/voor-vervoerders-dcs\/#primaryimage","url":"http:\/\/www.palletcontroltower.eu\/wp-content\/uploads\/2023\/12\/PCT_unloading.jpg","contentUrl":"http:\/\/www.palletcontroltower.eu\/wp-content\/uploads\/2023\/12\/PCT_unloading.jpg"},{"@type":"BreadcrumbList","@id":"https:\/\/www.palletcontroltower.eu\/mijn-voordeel\/voor-vervoerders-dcs\/#breadcrumb","itemListElement":[{"@type":"ListItem","position":1,"name":"Home","item":"https:\/\/www.palletcontroltower.eu\/"},{"@type":"ListItem","position":2,"name":"Mijn voordeel","item":"https:\/\/www.palletcontroltower.eu\/pl\/mijn-voordeel\/"},{"@type":"ListItem","position":3,"name":"Voor vervoerders\/DC&#8217;s"}]},{"@type":"WebSite","@id":"https:\/\/www.palletcontroltower.eu\/#website","url":"https:\/\/www.palletcontroltower.eu\/","name":"Kontroln\u00ed v\u011b\u017e pro palety","description":"","publisher":{"@id":"https:\/\/www.palletcontroltower.eu\/#organization"},"potentialAction":[{"@type":"SearchAction","target":{"@type":"EntryPoint","urlTemplate":"https:\/\/www.palletcontroltower.eu\/?s={search_term_string}"},"query-input":{"@type":"PropertyValueSpecification","valueRequired":true,"valueName":"search_term_string"}}],"inLanguage":"cs"},{"@type":"Organization","@id":"https:\/\/www.palletcontroltower.eu\/#organization","name":"Kontroln\u00ed v\u011b\u017e pro palety","url":"https:\/\/www.palletcontroltower.eu\/","logo":{"@type":"ImageObject","inLanguage":"cs","@id":"https:\/\/www.palletcontroltower.eu\/#\/schema\/logo\/image\/","url":"https:\/\/www.palletcontroltower.eu\/wp-content\/uploads\/2023\/10\/logo.svg","contentUrl":"https:\/\/www.palletcontroltower.eu\/wp-content\/uploads\/2023\/10\/logo.svg","width":290,"height":87,"caption":"Pallet Control Tower"},"image":{"@id":"https:\/\/www.palletcontroltower.eu\/#\/schema\/logo\/image\/"}}]}},"_links":{"self":[{"href":"https:\/\/www.palletcontroltower.eu\/cs\/wp-json\/wp\/v2\/pages\/31","targetHints":{"allow":["GET"]}}],"collection":[{"href":"https:\/\/www.palletcontroltower.eu\/cs\/wp-json\/wp\/v2\/pages"}],"about":[{"href":"https:\/\/www.palletcontroltower.eu\/cs\/wp-json\/wp\/v2\/types\/page"}],"author":[{"embeddable":true,"href":"https:\/\/www.palletcontroltower.eu\/cs\/wp-json\/wp\/v2\/users\/1"}],"replies":[{"embeddable":true,"href":"https:\/\/www.palletcontroltower.eu\/cs\/wp-json\/wp\/v2\/comments?post=31"}],"version-history":[{"count":13,"href":"https:\/\/www.palletcontroltower.eu\/cs\/wp-json\/wp\/v2\/pages\/31\/revisions"}],"predecessor-version":[{"id":1231,"href":"https:\/\/www.palletcontroltower.eu\/cs\/wp-json\/wp\/v2\/pages\/31\/revisions\/1231"}],"up":[{"embeddable":true,"href":"https:\/\/www.palletcontroltower.eu\/cs\/wp-json\/wp\/v2\/pages\/25"}],"wp:attachment":[{"href":"https:\/\/www.palletcontroltower.eu\/cs\/wp-json\/wp\/v2\/media?parent=31"}],"curies":[{"name":"wp","href":"https:\/\/api.w.org\/{rel}","templated":true}]}}