{"id":33,"date":"2023-11-22T08:01:30","date_gmt":"2023-11-22T08:01:30","guid":{"rendered":"http:\/\/www.palletcontroltower.eu\/?page_id=33"},"modified":"2026-01-30T09:46:29","modified_gmt":"2026-01-30T09:46:29","slug":"pro-paletove-sklady","status":"publish","type":"page","link":"https:\/\/www.palletcontroltower.eu\/cs\/mijn-voordeel\/voor-palletdepots\/","title":{"rendered":"Pro paletov\u00e9 sklady"},"content":{"rendered":"<div class=\"wp-block-columns is-layout-flex wp-container-core-columns-is-layout-28f84493 wp-block-columns-is-layout-flex\">\n<div class=\"wp-block-column is-layout-flow wp-block-column-is-layout-flow\">\n<h2 class=\"wp-block-heading\">Obsluhujte sv\u016fj trh chytr\u00fdm zp\u016fsobem<\/h2>\n\n\n\n<p>Jste obchodn\u00edk s paletami - v\u00fdrobce palet - paletov\u00fd sklad v Evrop\u011b, Asii nebo Americe\/Kanad\u011b. Pak PCT Online roz\u0161\u00ed\u0159\u00ed a zv\u011bt\u0161\u00ed v\u00e1\u0161 trh.<\/p>\n\n\n\n<p>PCT Online lze pou\u017e\u00edt ve v\u0161ech typech pr\u016fmyslov\u00fdch odv\u011btv\u00ed, tak\u017ee se uplatn\u00ed na v\u0161ech trz\u00edch. Na\u0161i platformu pou\u017e\u00edvaj\u00ed v\u00fdznamn\u00ed u\u017eivatel\u00e9 palet z cel\u00e9ho sv\u011bta. Hledaj\u00ed transparentnost v \u0159et\u011bzci a udr\u017eiteln\u011bj\u0161\u00ed nasazen\u00ed v\u0161ech pou\u017e\u00edvan\u00fdch nosi\u010d\u016f n\u00e1kladu. <\/p>\n\n\n\n<p>Obsluhujte sv\u00e9 mezin\u00e1rodn\u00ed nebo glob\u00e1ln\u00ed z\u00e1kazn\u00edky a navazujte kontakty s kolegy v Evrop\u011b nebo v z\u00e1mo\u0159\u00ed. Objednejte si po\u017eadovan\u00e9 palety na m\u00edst\u011b prost\u0159ednictv\u00edm objedn\u00e1vky Deliver a vyhn\u011bte se zbyte\u010dn\u00fdm n\u00e1klad\u016fm na p\u0159epravu n\u00e1kladn\u00edch vozidel nebo kontejner\u016f pouze s paletami. Bu\u010fte udr\u017eiteln\u00ed a chyt\u0159\u00ed! <\/p>\n\n\n\n<div class=\"wp-block-buttons is-layout-flex wp-block-buttons-is-layout-flex\">\n<div class=\"wp-block-button\"><a class=\"wp-block-button__link has-white-color has-green-background-color has-text-color has-background has-link-color wp-element-button\" href=\"https:\/\/portal.pct-online.eu\/register\" target=\"_blank\" rel=\"noreferrer noopener\">Aktivace \u00fa\u010dtu<\/a><\/div>\n<\/div>\n<\/div>\n<\/div>\n\n\n\n<hr class=\"wp-block-separator has-alpha-channel-opacity\"\/>\n\n\n\n<div class=\"wp-block-columns are-vertically-aligned-center is-layout-flex wp-container-core-columns-is-layout-28f84493 wp-block-columns-is-layout-flex\">\n<div class=\"wp-block-column is-vertically-aligned-center is-layout-flow wp-block-column-is-layout-flow\">\n<figure class=\"wp-block-image size-full\"><img fetchpriority=\"high\" decoding=\"async\" width=\"1000\" height=\"667\" src=\"http:\/\/www.palletcontroltower.eu\/wp-content\/uploads\/2023\/12\/PCT_EPAL_storage.jpg\" alt=\"Optim\u00e1ln\u00ed efektivita skladov\u00e1n\u00ed d\u00edky europalet\u00e1m EPAL\" class=\"wp-image-807\" style=\"aspect-ratio:3\/4;object-fit:cover\" srcset=\"https:\/\/www.palletcontroltower.eu\/wp-content\/uploads\/2023\/12\/PCT_EPAL_storage.jpg 1000w, https:\/\/www.palletcontroltower.eu\/wp-content\/uploads\/2023\/12\/PCT_EPAL_storage-300x200.jpg 300w, https:\/\/www.palletcontroltower.eu\/wp-content\/uploads\/2023\/12\/PCT_EPAL_storage-768x512.jpg 768w, https:\/\/www.palletcontroltower.eu\/wp-content\/uploads\/2023\/12\/PCT_EPAL_storage-18x12.jpg 18w\" sizes=\"(max-width: 1000px) 100vw, 1000px\" \/><\/figure>\n<\/div>\n\n\n\n<div class=\"wp-block-column is-vertically-aligned-center is-layout-flow wp-block-column-is-layout-flow\">\n<h2 class=\"wp-block-heading\">Efektivn\u00ed a \u00fa\u010dinn\u00e1 spr\u00e1va palet<\/h2>\n\n\n\n<ol class=\"wp-block-list\">\n<li><strong>Integrovan\u00fd logistick\u00fd \u0159et\u011bzec<\/strong> - Toky palet v Evrop\u011b jsou st\u00e1le slo\u017eit\u011bj\u0161\u00ed, a proto zaj\u00edmav\u011bj\u0161\u00ed pro obchodn\u00edky s paletami a sklady. Pallet Control Tower Online (PCTO) p\u0159in\u00e1\u0161\u00ed p\u0159ehlednost a roz\u0161i\u0159uje va\u0161e s\u00edt\u011b.<\/li>\n\n\n\n<li><strong>Dal\u0161\u00ed obchod<\/strong> - PCT Online usnad\u0148uje sb\u011br, doru\u010dov\u00e1n\u00ed a porovn\u00e1v\u00e1n\u00ed chytr\u00fdm zp\u016fsobem. Prost\u0159ednictv\u00edm na\u0161eho vlastn\u00edho syst\u00e9mu e-Credit lze nakupovat, prod\u00e1vat nebo virtu\u00e1ln\u011b p\u00e1rovat europalety a dal\u0161\u00ed RTI. Z\u00e1kazn\u00edci zadaj\u00ed objedn\u00e1vku a syst\u00e9m ji ode\u0161le v\u00e1m, p\u0159ipojen\u00e9mu dodavateli palet. Z\u00e1kazn\u00edk automaticky vid\u00ed va\u0161i nab\u00eddku a vybere si na z\u00e1klad\u011b ceny, udr\u017eitelnosti (CO2 stopa) nebo \u2018preferovan\u00e9ho dodavatele\u2019. Aktivac\u00ed sv\u00e9ho \u00fa\u010dtu v PCT Online roz\u0161\u00ed\u0159\u00edte svou s\u00ed\u0165 a t\u00edm i \u0161anci na dal\u0161\u00ed prodeje.<\/li>\n\n\n\n<li><strong>Jasn\u00e9 dohody<\/strong> - St\u00e1le v\u00edce spole\u010dnost\u00ed se pot\u00fdk\u00e1 s paletov\u00fdm stresem z ru\u010dn\u011b a v Excelu vytvo\u0159en\u00fdch v\u00fdkaz\u016f. Cht\u011bj\u00ed m\u00edt v\u0161e op\u011bt \"pod kontrolou\". Kter\u00e9 a kolik palet je kde a v jak\u00fdch dohod\u00e1ch? Zejm\u00e9na p\u0159i kol\u00eds\u00e1n\u00ed objem\u016f a cen palet se n\u00e1klady a v\u00fdnosy st\u00e1vaj\u00ed d\u016fle\u017eit\u00fdmi polo\u017ekami pro v\u0161echny u\u017eivatele palet.<\/li>\n\n\n\n<li><strong>Hodnota pou\u017eit\u00fdch palet<\/strong> - U\u017e nikdy se nebudete dohadovat o hodnot\u011b pou\u017eit\u00e9 palety. Palety jsou t\u0159\u00edd\u011bny a oce\u0148ov\u00e1ny v\u00e1mi po odb\u011bru. Pro z\u00e1kazn\u00edka tato hodnota p\u0159edstavuje ur\u010dit\u00fd po\u010det e-kredit\u016f. Hodnota e-Kredit\u016f je vzta\u017eena k takzvan\u00e9mu indexu EUWID; obecn\u011b uzn\u00e1van\u00e9mu standardu v Evrop\u011b. Pokud dojde k diskusi, na\u0161i account mana\u017ee\u0159i p\u0159ijedou a v\u011bc posoud\u00ed.<\/li>\n\n\n\n<li><strong>Rychle, snadno a bezpe\u010dn\u011b<\/strong> - Po odsouhlasen\u00ed a spr\u00e1vn\u00e9m proveden\u00ed objedn\u00e1vky v\u00e1m bude d\u00edky na\u0161emu syst\u00e9mu \"self-billing\" zaplaceno do 8 dn\u016f. Platforma je bezpe\u010dn\u00e1 pro v\u0161echny transakce a p\u0159esn\u011b zaznamen\u00e1v\u00e1 ka\u017edou v\u00fdm\u011bnu. Nab\u00edz\u00edme v n\u011bkolika jazyc\u00edch u\u017eivatelsky p\u0159\u00edv\u011btiv\u00e9 rozhran\u00ed s minim\u00e1ln\u00ed slo\u017eitost\u00ed. PCT Online lze propojit s jak\u00fdmkoli b\u011b\u017en\u00fdm syst\u00e9mem ERP, VMS a WMS.<\/li>\n\n\n\n<li><strong>Mezin\u00e1rodn\u00ed slu\u017eby<\/strong> - Pokud m\u00e1te zahrani\u010dn\u00ed klienty, PCT Online je tak\u00e9 ide\u00e1ln\u00ed. Roz\u0161i\u0159te sv\u016fj \u00fa\u010det \"dodavatele\" o \"u\u017eivatele\" a vyberte jin\u00e9ho dodavatele palet v Evrop\u011b, kter\u00fd provede objedn\u00e1vku sb\u011bru nebo dod\u00e1n\u00ed. Vyhnete se tak zbyte\u010dn\u00fdm cest\u00e1m po Evrop\u011b s kamiony pln\u00fdmi pr\u00e1zdn\u00fdch palet. Platba prob\u00edh\u00e1 v elektronick\u00fdch kreditech bez DPH. Toto \u0159e\u0161en\u00ed je n\u00e1kladov\u011b efektivn\u011bj\u0161\u00ed i udr\u017eiteln\u011bj\u0161\u00ed.<\/li>\n<\/ol>\n\n\n\n<div class=\"wp-block-buttons is-content-justification-right is-layout-flex wp-container-core-buttons-is-layout-d445cf74 wp-block-buttons-is-layout-flex\"><\/div>\n<\/div>\n<\/div>\n\n\n\n<div class=\"wp-block-buttons is-content-justification-right is-layout-flex wp-container-core-buttons-is-layout-d445cf74 wp-block-buttons-is-layout-flex\">\n<div class=\"wp-block-button\"><a class=\"wp-block-button__link has-white-color has-mint-background-color has-text-color has-background has-link-color wp-element-button\" href=\"http:\/\/www.palletcontroltower.eu\/wp-content\/uploads\/2024\/01\/PCT_Leaflet_Depot_NL_PR8.pdf\" target=\"_blank\" rel=\"noreferrer noopener\">St\u00e1hnout let\u00e1k<\/a><\/div>\n<\/div>\n\n\n\n<hr class=\"wp-block-separator has-alpha-channel-opacity\"\/>\n\n\n\n<blockquote class=\"wp-block-quote is-layout-flow wp-block-quote-is-layout-flow\">\n<p class=\"has-text-align-center\">P\u0159edch\u00e1zejte nam\u00e1h\u00e1n\u00ed palet! Paletov\u00e1 kontroln\u00ed v\u011b\u017e je evropsk\u00fdm standardem a platformou pro Collection &amp; Delivery by Matching pro Europalety a dal\u0161\u00ed RTI. Usnad\u0148ujeme otev\u0159en\u00e9 sdru\u017eov\u00e1n\u00ed od A do Z. A umo\u017e\u0148ujeme, aby byla paletov\u00e1 logistika op\u011bt zvl\u00e1dnuteln\u00e1.<\/p>\n<\/blockquote>\n\n\n\n<hr class=\"wp-block-separator has-alpha-channel-opacity\"\/>\n\n\n\n<figure class=\"wp-block-image size-full\"><img decoding=\"async\" width=\"1600\" height=\"1066\" src=\"http:\/\/www.palletcontroltower.eu\/wp-content\/uploads\/2023\/11\/palletcontroltower-2.jpg\" alt=\"\" class=\"wp-image-207\" style=\"aspect-ratio:16\/9;object-fit:cover\" srcset=\"https:\/\/www.palletcontroltower.eu\/wp-content\/uploads\/2023\/11\/palletcontroltower-2.jpg 1600w, https:\/\/www.palletcontroltower.eu\/wp-content\/uploads\/2023\/11\/palletcontroltower-2-300x200.jpg 300w, https:\/\/www.palletcontroltower.eu\/wp-content\/uploads\/2023\/11\/palletcontroltower-2-1024x682.jpg 1024w, https:\/\/www.palletcontroltower.eu\/wp-content\/uploads\/2023\/11\/palletcontroltower-2-768x512.jpg 768w, https:\/\/www.palletcontroltower.eu\/wp-content\/uploads\/2023\/11\/palletcontroltower-2-1536x1023.jpg 1536w\" sizes=\"(max-width: 1600px) 100vw, 1600px\" \/><\/figure>\n\n\n\n<hr class=\"wp-block-separator has-alpha-channel-opacity\"\/>\n\n\n\n<div class=\"wp-block-columns is-layout-flex wp-container-core-columns-is-layout-28f84493 wp-block-columns-is-layout-flex\"><\/div>","protected":false},"excerpt":{"rendered":"<p>Service uw markt op een slimme manier U bent pallethandelaar &#8211; palletproducent &#8211; palletdepot binnen Europa, Azi\u00eb of Amerika\/Canada. Dan is PCT Online een verbreding en vergroting van uw markt. PCT Online is te vinden in alle soorten van industrie\u00ebn en is daarmee van alle markten thuis. Grote palletgebruikers van over de hele wereld maken [&hellip;]<\/p>\n","protected":false},"author":1,"featured_media":0,"parent":25,"menu_order":3,"comment_status":"closed","ping_status":"closed","template":"","meta":{"footnotes":""},"class_list":["post-33","page","type-page","status-publish","hentry"],"yoast_head":"<!-- This site is optimized with the Yoast SEO plugin v27.3 - https:\/\/yoast.com\/product\/yoast-seo-wordpress\/ -->\n<title>Voor palletdepots - Pallet Control Tower<\/title>\n<meta name=\"description\" content=\"Voor palletdepots zijn de voordelen o.a.: integrale logistieke keten, meer handel, heldere afspraken, waarde gebruikte pallets\" \/>\n<meta name=\"robots\" content=\"index, follow, max-snippet:-1, max-image-preview:large, max-video-preview:-1\" \/>\n<link rel=\"canonical\" href=\"https:\/\/www.palletcontroltower.eu\/cs\/moje-vyhoda\/pro-paletove-sklady\/\" \/>\n<meta property=\"og:locale\" content=\"cs_CZ\" \/>\n<meta property=\"og:type\" content=\"article\" \/>\n<meta property=\"og:title\" content=\"Voor palletdepots - Pallet Control Tower\" \/>\n<meta property=\"og:description\" content=\"Voor palletdepots zijn de voordelen o.a.: integrale logistieke keten, meer handel, heldere afspraken, waarde gebruikte pallets\" \/>\n<meta property=\"og:url\" content=\"https:\/\/www.palletcontroltower.eu\/cs\/moje-vyhoda\/pro-paletove-sklady\/\" \/>\n<meta property=\"og:site_name\" content=\"Pallet Control Tower\" \/>\n<meta property=\"article:modified_time\" content=\"2026-01-30T09:46:29+00:00\" \/>\n<meta property=\"og:image\" content=\"https:\/\/www.palletcontroltower.eu\/wp-content\/uploads\/2023\/12\/PCT_EPAL_storage.jpg\" \/>\n\t<meta property=\"og:image:width\" content=\"1000\" \/>\n\t<meta property=\"og:image:height\" content=\"667\" \/>\n\t<meta property=\"og:image:type\" content=\"image\/jpeg\" \/>\n<meta name=\"twitter:card\" content=\"summary_large_image\" \/>\n<meta name=\"twitter:label1\" content=\"Odhadovan\u00e1 doba \u010dten\u00ed\" \/>\n\t<meta name=\"twitter:data1\" content=\"3 minuty\" \/>\n<script type=\"application\/ld+json\" class=\"yoast-schema-graph\">{\"@context\":\"https:\\\/\\\/schema.org\",\"@graph\":[{\"@type\":\"WebPage\",\"@id\":\"https:\\\/\\\/www.palletcontroltower.eu\\\/mijn-voordeel\\\/voor-palletdepots\\\/\",\"url\":\"https:\\\/\\\/www.palletcontroltower.eu\\\/mijn-voordeel\\\/voor-palletdepots\\\/\",\"name\":\"Voor palletdepots - Pallet Control Tower\",\"isPartOf\":{\"@id\":\"https:\\\/\\\/www.palletcontroltower.eu\\\/#website\"},\"primaryImageOfPage\":{\"@id\":\"https:\\\/\\\/www.palletcontroltower.eu\\\/mijn-voordeel\\\/voor-palletdepots\\\/#primaryimage\"},\"image\":{\"@id\":\"https:\\\/\\\/www.palletcontroltower.eu\\\/mijn-voordeel\\\/voor-palletdepots\\\/#primaryimage\"},\"thumbnailUrl\":\"http:\\\/\\\/www.palletcontroltower.eu\\\/wp-content\\\/uploads\\\/2023\\\/12\\\/PCT_EPAL_storage.jpg\",\"datePublished\":\"2023-11-22T08:01:30+00:00\",\"dateModified\":\"2026-01-30T09:46:29+00:00\",\"description\":\"Voor palletdepots zijn de voordelen o.a.: integrale logistieke keten, meer handel, heldere afspraken, waarde gebruikte pallets\",\"breadcrumb\":{\"@id\":\"https:\\\/\\\/www.palletcontroltower.eu\\\/mijn-voordeel\\\/voor-palletdepots\\\/#breadcrumb\"},\"inLanguage\":\"cs\",\"potentialAction\":[{\"@type\":\"ReadAction\",\"target\":[\"https:\\\/\\\/www.palletcontroltower.eu\\\/mijn-voordeel\\\/voor-palletdepots\\\/\"]}]},{\"@type\":\"ImageObject\",\"inLanguage\":\"cs\",\"@id\":\"https:\\\/\\\/www.palletcontroltower.eu\\\/mijn-voordeel\\\/voor-palletdepots\\\/#primaryimage\",\"url\":\"http:\\\/\\\/www.palletcontroltower.eu\\\/wp-content\\\/uploads\\\/2023\\\/12\\\/PCT_EPAL_storage.jpg\",\"contentUrl\":\"http:\\\/\\\/www.palletcontroltower.eu\\\/wp-content\\\/uploads\\\/2023\\\/12\\\/PCT_EPAL_storage.jpg\"},{\"@type\":\"BreadcrumbList\",\"@id\":\"https:\\\/\\\/www.palletcontroltower.eu\\\/mijn-voordeel\\\/voor-palletdepots\\\/#breadcrumb\",\"itemListElement\":[{\"@type\":\"ListItem\",\"position\":1,\"name\":\"Home\",\"item\":\"https:\\\/\\\/www.palletcontroltower.eu\\\/\"},{\"@type\":\"ListItem\",\"position\":2,\"name\":\"Mijn voordeel\",\"item\":\"https:\\\/\\\/www.palletcontroltower.eu\\\/pl\\\/mijn-voordeel\\\/\"},{\"@type\":\"ListItem\",\"position\":3,\"name\":\"Voor palletdepots\"}]},{\"@type\":\"WebSite\",\"@id\":\"https:\\\/\\\/www.palletcontroltower.eu\\\/#website\",\"url\":\"https:\\\/\\\/www.palletcontroltower.eu\\\/\",\"name\":\"Pallet Control Tower\",\"description\":\"\",\"publisher\":{\"@id\":\"https:\\\/\\\/www.palletcontroltower.eu\\\/#organization\"},\"potentialAction\":[{\"@type\":\"SearchAction\",\"target\":{\"@type\":\"EntryPoint\",\"urlTemplate\":\"https:\\\/\\\/www.palletcontroltower.eu\\\/?s={search_term_string}\"},\"query-input\":{\"@type\":\"PropertyValueSpecification\",\"valueRequired\":true,\"valueName\":\"search_term_string\"}}],\"inLanguage\":\"cs\"},{\"@type\":\"Organization\",\"@id\":\"https:\\\/\\\/www.palletcontroltower.eu\\\/#organization\",\"name\":\"Pallet Control Tower\",\"url\":\"https:\\\/\\\/www.palletcontroltower.eu\\\/\",\"logo\":{\"@type\":\"ImageObject\",\"inLanguage\":\"cs\",\"@id\":\"https:\\\/\\\/www.palletcontroltower.eu\\\/#\\\/schema\\\/logo\\\/image\\\/\",\"url\":\"https:\\\/\\\/www.palletcontroltower.eu\\\/wp-content\\\/uploads\\\/2023\\\/10\\\/logo.svg\",\"contentUrl\":\"https:\\\/\\\/www.palletcontroltower.eu\\\/wp-content\\\/uploads\\\/2023\\\/10\\\/logo.svg\",\"width\":290,\"height\":87,\"caption\":\"Pallet Control Tower\"},\"image\":{\"@id\":\"https:\\\/\\\/www.palletcontroltower.eu\\\/#\\\/schema\\\/logo\\\/image\\\/\"}}]}<\/script>\n<!-- \/ Yoast SEO plugin. -->","yoast_head_json":{"title":"Pro paletov\u00e9 sklady - \u0159\u00eddic\u00ed v\u011b\u017e pro palety","description":"P\u0159\u00ednosy pro paletov\u00e9 sklady: integrovan\u00fd logistick\u00fd \u0159et\u011bzec, zv\u00fd\u0161en\u00ed obchodu, jasn\u00e9 dohody, hodnota pou\u017eit\u00fdch palet.","robots":{"index":"index","follow":"follow","max-snippet":"max-snippet:-1","max-image-preview":"max-image-preview:large","max-video-preview":"max-video-preview:-1"},"canonical":"https:\/\/www.palletcontroltower.eu\/cs\/moje-vyhoda\/pro-paletove-sklady\/","og_locale":"cs_CZ","og_type":"article","og_title":"Voor palletdepots - Pallet Control Tower","og_description":"Voor palletdepots zijn de voordelen o.a.: integrale logistieke keten, meer handel, heldere afspraken, waarde gebruikte pallets","og_url":"https:\/\/www.palletcontroltower.eu\/cs\/moje-vyhoda\/pro-paletove-sklady\/","og_site_name":"Pallet Control Tower","article_modified_time":"2026-01-30T09:46:29+00:00","og_image":[{"width":1000,"height":667,"url":"https:\/\/www.palletcontroltower.eu\/wp-content\/uploads\/2023\/12\/PCT_EPAL_storage.jpg","type":"image\/jpeg"}],"twitter_card":"summary_large_image","twitter_misc":{"Odhadovan\u00e1 doba \u010dten\u00ed":"3 minuty"},"schema":{"@context":"https:\/\/schema.org","@graph":[{"@type":"WebPage","@id":"https:\/\/www.palletcontroltower.eu\/mijn-voordeel\/voor-palletdepots\/","url":"https:\/\/www.palletcontroltower.eu\/mijn-voordeel\/voor-palletdepots\/","name":"Pro paletov\u00e9 sklady - \u0159\u00eddic\u00ed v\u011b\u017e pro palety","isPartOf":{"@id":"https:\/\/www.palletcontroltower.eu\/#website"},"primaryImageOfPage":{"@id":"https:\/\/www.palletcontroltower.eu\/mijn-voordeel\/voor-palletdepots\/#primaryimage"},"image":{"@id":"https:\/\/www.palletcontroltower.eu\/mijn-voordeel\/voor-palletdepots\/#primaryimage"},"thumbnailUrl":"http:\/\/www.palletcontroltower.eu\/wp-content\/uploads\/2023\/12\/PCT_EPAL_storage.jpg","datePublished":"2023-11-22T08:01:30+00:00","dateModified":"2026-01-30T09:46:29+00:00","description":"P\u0159\u00ednosy pro paletov\u00e9 sklady: integrovan\u00fd logistick\u00fd \u0159et\u011bzec, zv\u00fd\u0161en\u00ed obchodu, jasn\u00e9 dohody, hodnota pou\u017eit\u00fdch palet.","breadcrumb":{"@id":"https:\/\/www.palletcontroltower.eu\/mijn-voordeel\/voor-palletdepots\/#breadcrumb"},"inLanguage":"cs","potentialAction":[{"@type":"ReadAction","target":["https:\/\/www.palletcontroltower.eu\/mijn-voordeel\/voor-palletdepots\/"]}]},{"@type":"ImageObject","inLanguage":"cs","@id":"https:\/\/www.palletcontroltower.eu\/mijn-voordeel\/voor-palletdepots\/#primaryimage","url":"http:\/\/www.palletcontroltower.eu\/wp-content\/uploads\/2023\/12\/PCT_EPAL_storage.jpg","contentUrl":"http:\/\/www.palletcontroltower.eu\/wp-content\/uploads\/2023\/12\/PCT_EPAL_storage.jpg"},{"@type":"BreadcrumbList","@id":"https:\/\/www.palletcontroltower.eu\/mijn-voordeel\/voor-palletdepots\/#breadcrumb","itemListElement":[{"@type":"ListItem","position":1,"name":"Home","item":"https:\/\/www.palletcontroltower.eu\/"},{"@type":"ListItem","position":2,"name":"Mijn voordeel","item":"https:\/\/www.palletcontroltower.eu\/pl\/mijn-voordeel\/"},{"@type":"ListItem","position":3,"name":"Voor palletdepots"}]},{"@type":"WebSite","@id":"https:\/\/www.palletcontroltower.eu\/#website","url":"https:\/\/www.palletcontroltower.eu\/","name":"Kontroln\u00ed v\u011b\u017e pro palety","description":"","publisher":{"@id":"https:\/\/www.palletcontroltower.eu\/#organization"},"potentialAction":[{"@type":"SearchAction","target":{"@type":"EntryPoint","urlTemplate":"https:\/\/www.palletcontroltower.eu\/?s={search_term_string}"},"query-input":{"@type":"PropertyValueSpecification","valueRequired":true,"valueName":"search_term_string"}}],"inLanguage":"cs"},{"@type":"Organization","@id":"https:\/\/www.palletcontroltower.eu\/#organization","name":"Kontroln\u00ed v\u011b\u017e pro palety","url":"https:\/\/www.palletcontroltower.eu\/","logo":{"@type":"ImageObject","inLanguage":"cs","@id":"https:\/\/www.palletcontroltower.eu\/#\/schema\/logo\/image\/","url":"https:\/\/www.palletcontroltower.eu\/wp-content\/uploads\/2023\/10\/logo.svg","contentUrl":"https:\/\/www.palletcontroltower.eu\/wp-content\/uploads\/2023\/10\/logo.svg","width":290,"height":87,"caption":"Pallet Control Tower"},"image":{"@id":"https:\/\/www.palletcontroltower.eu\/#\/schema\/logo\/image\/"}}]}},"_links":{"self":[{"href":"https:\/\/www.palletcontroltower.eu\/cs\/wp-json\/wp\/v2\/pages\/33","targetHints":{"allow":["GET"]}}],"collection":[{"href":"https:\/\/www.palletcontroltower.eu\/cs\/wp-json\/wp\/v2\/pages"}],"about":[{"href":"https:\/\/www.palletcontroltower.eu\/cs\/wp-json\/wp\/v2\/types\/page"}],"author":[{"embeddable":true,"href":"https:\/\/www.palletcontroltower.eu\/cs\/wp-json\/wp\/v2\/users\/1"}],"replies":[{"embeddable":true,"href":"https:\/\/www.palletcontroltower.eu\/cs\/wp-json\/wp\/v2\/comments?post=33"}],"version-history":[{"count":24,"href":"https:\/\/www.palletcontroltower.eu\/cs\/wp-json\/wp\/v2\/pages\/33\/revisions"}],"predecessor-version":[{"id":1230,"href":"https:\/\/www.palletcontroltower.eu\/cs\/wp-json\/wp\/v2\/pages\/33\/revisions\/1230"}],"up":[{"embeddable":true,"href":"https:\/\/www.palletcontroltower.eu\/cs\/wp-json\/wp\/v2\/pages\/25"}],"wp:attachment":[{"href":"https:\/\/www.palletcontroltower.eu\/cs\/wp-json\/wp\/v2\/media?parent=33"}],"curies":[{"name":"wp","href":"https:\/\/api.w.org\/{rel}","templated":true}]}}