{"id":36,"date":"2023-11-22T08:01:41","date_gmt":"2023-11-22T08:01:41","guid":{"rendered":"http:\/\/www.palletcontroltower.eu\/?page_id=36"},"modified":"2026-01-30T09:48:28","modified_gmt":"2026-01-30T09:48:28","slug":"pro-dalsi-generaci","status":"publish","type":"page","link":"https:\/\/www.palletcontroltower.eu\/cs\/mijn-voordeel\/voor-de-volgende-generatie\/","title":{"rendered":"Pro dal\u0161\u00ed generaci"},"content":{"rendered":"<div class=\"wp-block-columns is-layout-flex wp-container-core-columns-is-layout-28f84493 wp-block-columns-is-layout-flex\">\n<div class=\"wp-block-column is-layout-flow wp-block-column-is-layout-flow\">\n<h2 class=\"wp-block-heading\">Oprava, op\u011btovn\u00e9 pou\u017eit\u00ed, recyklace<\/h2>\n\n\n\n<p>Dnes za\u010d\u00edn\u00e1me zanech\u00e1vat planetu spr\u00e1vn\u00fdm zp\u016fsobem pro dal\u0161\u00ed generace. Za t\u00edmto \u00fa\u010delem u\u010dinila Evropsk\u00e1 komise dal\u0161\u00ed krok s nov\u00fdm: <strong><a href=\"https:\/\/environment.ec.europa.eu\/topics\/waste-and-recycling\/packaging-waste_en\" target=\"_blank\" rel=\"noreferrer noopener\">\"Sm\u011brnice o obalech a obalov\u00fdch odpadech<\/a> <\/strong>kde jsou hlavn\u00edmi z\u00e1sadami oprava, op\u011btovn\u00e9 pou\u017eit\u00ed a recyklace. Pou\u017e\u00edv\u00e1n\u00edm syst\u00e9mu Pallet Control Tower Online spole\u010dn\u011b s partnery v logistick\u00e9m \u0159et\u011bzci tyto c\u00edle udr\u017eitelnosti p\u0159edj\u00edm\u00e1te. Od jednosm\u011brn\u00fdch palet k v\u00edcecestn\u00fdm a op\u011btovn\u011b vyu\u017eijete v\u00edce palet, a\u0165 u\u017e po oprav\u011b, nebo bez n\u00ed. Vyu\u017eijte palety, kter\u00e9 jsou ve va\u0161em skladu, ke sb\u011bru. Nakupujte pou\u017eit\u00e9 palety. N\u00e1\u0161 syst\u00e9m je nastaven na europalety s nov\u00fdmi i pou\u017eit\u00fdmi paletami.<\/p>\n\n\n\n<div class=\"wp-block-buttons is-layout-flex wp-block-buttons-is-layout-flex\">\n<div class=\"wp-block-button\"><a class=\"wp-block-button__link has-white-color has-green-background-color has-text-color has-background has-link-color wp-element-button\" href=\"https:\/\/portal.pct-online.eu\/register\" target=\"_blank\" rel=\"noreferrer noopener\">Aktivace \u00fa\u010dtu<\/a><\/div>\n<\/div>\n<\/div>\n<\/div>\n\n\n\n<hr class=\"wp-block-separator has-alpha-channel-opacity\"\/>\n\n\n\n<div class=\"wp-block-columns are-vertically-aligned-center is-layout-flex wp-container-core-columns-is-layout-28f84493 wp-block-columns-is-layout-flex\">\n<div class=\"wp-block-column is-vertically-aligned-center is-layout-flow wp-block-column-is-layout-flow\">\n<figure class=\"wp-block-image aligncenter size-full is-resized\"><img fetchpriority=\"high\" decoding=\"async\" width=\"1310\" height=\"1124\" src=\"http:\/\/www.palletcontroltower.eu\/wp-content\/uploads\/2024\/01\/E_SDG_logo_UN_emblem_square_trans_WEB.png\" alt=\"\" class=\"wp-image-998\" style=\"aspect-ratio:1.3333333333333333;object-fit:cover;width:296px;height:auto\" srcset=\"https:\/\/www.palletcontroltower.eu\/wp-content\/uploads\/2024\/01\/E_SDG_logo_UN_emblem_square_trans_WEB.png 1310w, https:\/\/www.palletcontroltower.eu\/wp-content\/uploads\/2024\/01\/E_SDG_logo_UN_emblem_square_trans_WEB-300x257.png 300w, https:\/\/www.palletcontroltower.eu\/wp-content\/uploads\/2024\/01\/E_SDG_logo_UN_emblem_square_trans_WEB-1024x879.png 1024w, https:\/\/www.palletcontroltower.eu\/wp-content\/uploads\/2024\/01\/E_SDG_logo_UN_emblem_square_trans_WEB-768x659.png 768w, https:\/\/www.palletcontroltower.eu\/wp-content\/uploads\/2024\/01\/E_SDG_logo_UN_emblem_square_trans_WEB-14x12.png 14w\" sizes=\"(max-width: 1310px) 100vw, 1310px\" \/><\/figure>\n<\/div>\n\n\n\n<div class=\"wp-block-column is-vertically-aligned-center is-layout-flow wp-block-column-is-layout-flow\">\n<h2 class=\"wp-block-heading\">C\u00edle udr\u017eiteln\u00e9ho rozvoje<\/h2>\n\n\n\n<p>Ji\u017e nyn\u00ed mus\u00ed velk\u00e9 spole\u010dnosti spl\u0148ovat po\u017eadavky na <a href=\"https:\/\/sdgs.un.org\/goals\" target=\"_blank\" rel=\"noreferrer noopener\">C\u00edle udr\u017eiteln\u00e9ho rozvoje OSN<\/a>. Dal\u0161\u00ed v\u00fdzvou pro mnoho odd\u011blen\u00ed logistiky a \u0159\u00edzen\u00ed dodavatelsk\u00e9ho \u0159et\u011bzce je p\u0159isp\u011bt k pln\u011bn\u00ed podnikov\u00fdch c\u00edl\u016f. V\u00fdrobci europalet mus\u00ed spl\u0148ovat p\u0159\u00edsn\u00e9 po\u017eadavky, jako je nap\u0159\u00edklad pou\u017e\u00edv\u00e1n\u00ed udr\u017eiteln\u00e9ho d\u0159eva - PEFC. S PCT Online spln\u00edte minim\u00e1ln\u011b p\u011bt c\u00edl\u016f udr\u017eiteln\u00e9ho rozvoje:<\/p>\n\n\n\n<ul class=\"wp-block-list\">\n<li>8 - D\u016fstojn\u00e1 pr\u00e1ce a hospod\u00e1\u0159sk\u00fd r\u016fst<\/li>\n\n\n\n<li>9 - Pr\u016fmysl, inovace a infrastruktura<\/li>\n\n\n\n<li>12 - Odpov\u011bdn\u00e1 spot\u0159eba a v\u00fdroba<\/li>\n\n\n\n<li>13 - Opat\u0159en\u00ed v oblasti klimatu<\/li>\n\n\n\n<li>17 - Partnerstv\u00ed k dosa\u017een\u00ed c\u00edl\u016f. <\/li>\n<\/ul>\n\n\n\n<div style=\"height:30px\" aria-hidden=\"true\" class=\"wp-block-spacer\"><\/div>\n\n\n\n<figure class=\"wp-block-gallery has-nested-images columns-5 is-cropped wp-block-gallery-1 is-layout-flex wp-block-gallery-is-layout-flex\">\n<figure class=\"wp-block-image size-large\"><img decoding=\"async\" width=\"1024\" height=\"1024\" data-id=\"999\" src=\"http:\/\/www.palletcontroltower.eu\/wp-content\/uploads\/2024\/01\/E_WEB_08-1024x1024.png\" alt=\"\" class=\"wp-image-999\" srcset=\"https:\/\/www.palletcontroltower.eu\/wp-content\/uploads\/2024\/01\/E_WEB_08-1024x1024.png 1024w, https:\/\/www.palletcontroltower.eu\/wp-content\/uploads\/2024\/01\/E_WEB_08-300x300.png 300w, https:\/\/www.palletcontroltower.eu\/wp-content\/uploads\/2024\/01\/E_WEB_08-150x150.png 150w, https:\/\/www.palletcontroltower.eu\/wp-content\/uploads\/2024\/01\/E_WEB_08-768x768.png 768w, https:\/\/www.palletcontroltower.eu\/wp-content\/uploads\/2024\/01\/E_WEB_08-12x12.png 12w, https:\/\/www.palletcontroltower.eu\/wp-content\/uploads\/2024\/01\/E_WEB_08.png 1500w\" sizes=\"(max-width: 1024px) 100vw, 1024px\" \/><\/figure>\n\n\n\n<figure class=\"wp-block-image size-large\"><img decoding=\"async\" width=\"1024\" height=\"1024\" data-id=\"1000\" src=\"http:\/\/www.palletcontroltower.eu\/wp-content\/uploads\/2024\/01\/E_WEB_09-1024x1024.png\" alt=\"\" class=\"wp-image-1000\" srcset=\"https:\/\/www.palletcontroltower.eu\/wp-content\/uploads\/2024\/01\/E_WEB_09-1024x1024.png 1024w, https:\/\/www.palletcontroltower.eu\/wp-content\/uploads\/2024\/01\/E_WEB_09-300x300.png 300w, https:\/\/www.palletcontroltower.eu\/wp-content\/uploads\/2024\/01\/E_WEB_09-150x150.png 150w, https:\/\/www.palletcontroltower.eu\/wp-content\/uploads\/2024\/01\/E_WEB_09-768x768.png 768w, https:\/\/www.palletcontroltower.eu\/wp-content\/uploads\/2024\/01\/E_WEB_09-12x12.png 12w, https:\/\/www.palletcontroltower.eu\/wp-content\/uploads\/2024\/01\/E_WEB_09.png 1500w\" sizes=\"(max-width: 1024px) 100vw, 1024px\" \/><\/figure>\n\n\n\n<figure class=\"wp-block-image size-large\"><img loading=\"lazy\" decoding=\"async\" width=\"1024\" height=\"1024\" data-id=\"1001\" src=\"http:\/\/www.palletcontroltower.eu\/wp-content\/uploads\/2024\/01\/E_WEB_12-1024x1024.png\" alt=\"\" class=\"wp-image-1001\" srcset=\"https:\/\/www.palletcontroltower.eu\/wp-content\/uploads\/2024\/01\/E_WEB_12-1024x1024.png 1024w, https:\/\/www.palletcontroltower.eu\/wp-content\/uploads\/2024\/01\/E_WEB_12-300x300.png 300w, https:\/\/www.palletcontroltower.eu\/wp-content\/uploads\/2024\/01\/E_WEB_12-150x150.png 150w, https:\/\/www.palletcontroltower.eu\/wp-content\/uploads\/2024\/01\/E_WEB_12-768x768.png 768w, https:\/\/www.palletcontroltower.eu\/wp-content\/uploads\/2024\/01\/E_WEB_12-12x12.png 12w, https:\/\/www.palletcontroltower.eu\/wp-content\/uploads\/2024\/01\/E_WEB_12.png 1500w\" sizes=\"(max-width: 1024px) 100vw, 1024px\" \/><\/figure>\n\n\n\n<figure class=\"wp-block-image size-large\"><img loading=\"lazy\" decoding=\"async\" width=\"1024\" height=\"1024\" data-id=\"1002\" src=\"http:\/\/www.palletcontroltower.eu\/wp-content\/uploads\/2024\/01\/E_WEB_13-1024x1024.png\" alt=\"\" class=\"wp-image-1002\" srcset=\"https:\/\/www.palletcontroltower.eu\/wp-content\/uploads\/2024\/01\/E_WEB_13-1024x1024.png 1024w, https:\/\/www.palletcontroltower.eu\/wp-content\/uploads\/2024\/01\/E_WEB_13-300x300.png 300w, https:\/\/www.palletcontroltower.eu\/wp-content\/uploads\/2024\/01\/E_WEB_13-150x150.png 150w, https:\/\/www.palletcontroltower.eu\/wp-content\/uploads\/2024\/01\/E_WEB_13-768x768.png 768w, https:\/\/www.palletcontroltower.eu\/wp-content\/uploads\/2024\/01\/E_WEB_13-12x12.png 12w, https:\/\/www.palletcontroltower.eu\/wp-content\/uploads\/2024\/01\/E_WEB_13.png 1500w\" sizes=\"(max-width: 1024px) 100vw, 1024px\" \/><\/figure>\n\n\n\n<figure class=\"wp-block-image size-large\"><img loading=\"lazy\" decoding=\"async\" width=\"1024\" height=\"1024\" data-id=\"1003\" src=\"http:\/\/www.palletcontroltower.eu\/wp-content\/uploads\/2024\/01\/E_WEB_17-1024x1024.png\" alt=\"\" class=\"wp-image-1003\" srcset=\"https:\/\/www.palletcontroltower.eu\/wp-content\/uploads\/2024\/01\/E_WEB_17-1024x1024.png 1024w, https:\/\/www.palletcontroltower.eu\/wp-content\/uploads\/2024\/01\/E_WEB_17-300x300.png 300w, https:\/\/www.palletcontroltower.eu\/wp-content\/uploads\/2024\/01\/E_WEB_17-150x150.png 150w, https:\/\/www.palletcontroltower.eu\/wp-content\/uploads\/2024\/01\/E_WEB_17-768x768.png 768w, https:\/\/www.palletcontroltower.eu\/wp-content\/uploads\/2024\/01\/E_WEB_17-12x12.png 12w, https:\/\/www.palletcontroltower.eu\/wp-content\/uploads\/2024\/01\/E_WEB_17.png 1500w\" sizes=\"(max-width: 1024px) 100vw, 1024px\" \/><\/figure>\n<\/figure>\n<\/div>\n<\/div>\n\n\n\n<hr class=\"wp-block-separator has-alpha-channel-opacity\"\/>\n\n\n\n<blockquote class=\"wp-block-quote is-layout-flow wp-block-quote-is-layout-flow\">\n<p class=\"has-text-align-center\">P\u0159edch\u00e1zejte nam\u00e1h\u00e1n\u00ed palet! Pallet Control Tower je evropsk\u00fd standard a platforma pro Collection &amp; Delivery by Matching pro europalety a jinak VPP. Usnad\u0148ujeme otev\u0159en\u00fd pooling od A do Z. A d\u011bl\u00e1me paletovou logistiku op\u011bt zvl\u00e1dnutelnou. &nbsp;<\/p>\n<\/blockquote>\n\n\n\n<hr class=\"wp-block-separator has-alpha-channel-opacity\"\/>\n\n\n\n<figure class=\"wp-block-image size-full\"><img loading=\"lazy\" decoding=\"async\" width=\"2119\" height=\"1414\" src=\"http:\/\/www.palletcontroltower.eu\/wp-content\/uploads\/2023\/12\/PalletControlTower_Kids-running-sustainable.jpeg\" alt=\"\" class=\"wp-image-843\" style=\"aspect-ratio:16\/9;object-fit:cover\" srcset=\"https:\/\/www.palletcontroltower.eu\/wp-content\/uploads\/2023\/12\/PalletControlTower_Kids-running-sustainable.jpeg 2119w, https:\/\/www.palletcontroltower.eu\/wp-content\/uploads\/2023\/12\/PalletControlTower_Kids-running-sustainable-300x200.jpeg 300w, https:\/\/www.palletcontroltower.eu\/wp-content\/uploads\/2023\/12\/PalletControlTower_Kids-running-sustainable-1024x683.jpeg 1024w, https:\/\/www.palletcontroltower.eu\/wp-content\/uploads\/2023\/12\/PalletControlTower_Kids-running-sustainable-768x512.jpeg 768w, https:\/\/www.palletcontroltower.eu\/wp-content\/uploads\/2023\/12\/PalletControlTower_Kids-running-sustainable-1536x1025.jpeg 1536w, https:\/\/www.palletcontroltower.eu\/wp-content\/uploads\/2023\/12\/PalletControlTower_Kids-running-sustainable-2048x1367.jpeg 2048w, https:\/\/www.palletcontroltower.eu\/wp-content\/uploads\/2023\/12\/PalletControlTower_Kids-running-sustainable-18x12.jpeg 18w\" sizes=\"(max-width: 2119px) 100vw, 2119px\" \/><\/figure>\n\n\n\n<hr class=\"wp-block-separator has-alpha-channel-opacity\"\/>","protected":false},"excerpt":{"rendered":"<p>Repair, Re-use, Recycle Vandaag beginnen we met de planeet op de juiste manier achter te laten voor de volgende generatie. De Europese Commissie heeft daartoe een volgende stap gezet met de nieuwe: &#8216;Packaging &amp; Packaging Waste Directive&#8217; waarin Repair, Re-use en Recycle de uitgangspunten zijn. Door samen met uw logistieke ketenpartners gebruik te maken van [&hellip;]<\/p>\n","protected":false},"author":1,"featured_media":0,"parent":25,"menu_order":5,"comment_status":"closed","ping_status":"closed","template":"","meta":{"footnotes":""},"class_list":["post-36","page","type-page","status-publish","hentry"],"yoast_head":"<!-- This site is optimized with the Yoast SEO plugin v27.3 - https:\/\/yoast.com\/product\/yoast-seo-wordpress\/ -->\n<title>Voor de volgende generatie - Pallet Control Tower<\/title>\n<meta name=\"description\" content=\"Pallet Control Tower Online is een duurzame oplossing voor palletmanagement. Het platform is gebaseerd op: re-use, recycle, repair - PPWD\" \/>\n<meta name=\"robots\" content=\"index, follow, max-snippet:-1, max-image-preview:large, max-video-preview:-1\" \/>\n<link rel=\"canonical\" href=\"https:\/\/www.palletcontroltower.eu\/cs\/moje-vyhoda\/pro-dalsi-generaci\/\" \/>\n<meta property=\"og:locale\" content=\"cs_CZ\" \/>\n<meta property=\"og:type\" content=\"article\" \/>\n<meta property=\"og:title\" content=\"Voor de volgende generatie - Pallet Control Tower\" \/>\n<meta property=\"og:description\" content=\"Pallet Control Tower Online is een duurzame oplossing voor palletmanagement. Het platform is gebaseerd op: re-use, recycle, repair - PPWD\" \/>\n<meta property=\"og:url\" content=\"https:\/\/www.palletcontroltower.eu\/cs\/moje-vyhoda\/pro-dalsi-generaci\/\" \/>\n<meta property=\"og:site_name\" content=\"Pallet Control Tower\" \/>\n<meta property=\"article:modified_time\" content=\"2026-01-30T09:48:28+00:00\" \/>\n<meta property=\"og:image\" content=\"https:\/\/www.palletcontroltower.eu\/wp-content\/uploads\/2024\/01\/E_SDG_logo_UN_emblem_square_trans_WEB.png\" \/>\n\t<meta property=\"og:image:width\" content=\"1310\" \/>\n\t<meta property=\"og:image:height\" content=\"1124\" \/>\n\t<meta property=\"og:image:type\" content=\"image\/png\" \/>\n<meta name=\"twitter:card\" content=\"summary_large_image\" \/>\n<meta name=\"twitter:label1\" content=\"Odhadovan\u00e1 doba \u010dten\u00ed\" \/>\n\t<meta name=\"twitter:data1\" content=\"3 minuty\" \/>\n<script type=\"application\/ld+json\" class=\"yoast-schema-graph\">{\"@context\":\"https:\\\/\\\/schema.org\",\"@graph\":[{\"@type\":\"WebPage\",\"@id\":\"https:\\\/\\\/www.palletcontroltower.eu\\\/mijn-voordeel\\\/voor-de-volgende-generatie\\\/\",\"url\":\"https:\\\/\\\/www.palletcontroltower.eu\\\/mijn-voordeel\\\/voor-de-volgende-generatie\\\/\",\"name\":\"Voor de volgende generatie - Pallet Control Tower\",\"isPartOf\":{\"@id\":\"https:\\\/\\\/www.palletcontroltower.eu\\\/#website\"},\"primaryImageOfPage\":{\"@id\":\"https:\\\/\\\/www.palletcontroltower.eu\\\/mijn-voordeel\\\/voor-de-volgende-generatie\\\/#primaryimage\"},\"image\":{\"@id\":\"https:\\\/\\\/www.palletcontroltower.eu\\\/mijn-voordeel\\\/voor-de-volgende-generatie\\\/#primaryimage\"},\"thumbnailUrl\":\"http:\\\/\\\/www.palletcontroltower.eu\\\/wp-content\\\/uploads\\\/2024\\\/01\\\/E_SDG_logo_UN_emblem_square_trans_WEB.png\",\"datePublished\":\"2023-11-22T08:01:41+00:00\",\"dateModified\":\"2026-01-30T09:48:28+00:00\",\"description\":\"Pallet Control Tower Online is een duurzame oplossing voor palletmanagement. Het platform is gebaseerd op: re-use, recycle, repair - PPWD\",\"breadcrumb\":{\"@id\":\"https:\\\/\\\/www.palletcontroltower.eu\\\/mijn-voordeel\\\/voor-de-volgende-generatie\\\/#breadcrumb\"},\"inLanguage\":\"cs\",\"potentialAction\":[{\"@type\":\"ReadAction\",\"target\":[\"https:\\\/\\\/www.palletcontroltower.eu\\\/mijn-voordeel\\\/voor-de-volgende-generatie\\\/\"]}]},{\"@type\":\"ImageObject\",\"inLanguage\":\"cs\",\"@id\":\"https:\\\/\\\/www.palletcontroltower.eu\\\/mijn-voordeel\\\/voor-de-volgende-generatie\\\/#primaryimage\",\"url\":\"http:\\\/\\\/www.palletcontroltower.eu\\\/wp-content\\\/uploads\\\/2024\\\/01\\\/E_SDG_logo_UN_emblem_square_trans_WEB.png\",\"contentUrl\":\"http:\\\/\\\/www.palletcontroltower.eu\\\/wp-content\\\/uploads\\\/2024\\\/01\\\/E_SDG_logo_UN_emblem_square_trans_WEB.png\"},{\"@type\":\"BreadcrumbList\",\"@id\":\"https:\\\/\\\/www.palletcontroltower.eu\\\/mijn-voordeel\\\/voor-de-volgende-generatie\\\/#breadcrumb\",\"itemListElement\":[{\"@type\":\"ListItem\",\"position\":1,\"name\":\"Home\",\"item\":\"https:\\\/\\\/www.palletcontroltower.eu\\\/\"},{\"@type\":\"ListItem\",\"position\":2,\"name\":\"Mijn voordeel\",\"item\":\"https:\\\/\\\/www.palletcontroltower.eu\\\/pl\\\/mijn-voordeel\\\/\"},{\"@type\":\"ListItem\",\"position\":3,\"name\":\"Voor de volgende generatie\"}]},{\"@type\":\"WebSite\",\"@id\":\"https:\\\/\\\/www.palletcontroltower.eu\\\/#website\",\"url\":\"https:\\\/\\\/www.palletcontroltower.eu\\\/\",\"name\":\"Pallet Control Tower\",\"description\":\"\",\"publisher\":{\"@id\":\"https:\\\/\\\/www.palletcontroltower.eu\\\/#organization\"},\"potentialAction\":[{\"@type\":\"SearchAction\",\"target\":{\"@type\":\"EntryPoint\",\"urlTemplate\":\"https:\\\/\\\/www.palletcontroltower.eu\\\/?s={search_term_string}\"},\"query-input\":{\"@type\":\"PropertyValueSpecification\",\"valueRequired\":true,\"valueName\":\"search_term_string\"}}],\"inLanguage\":\"cs\"},{\"@type\":\"Organization\",\"@id\":\"https:\\\/\\\/www.palletcontroltower.eu\\\/#organization\",\"name\":\"Pallet Control Tower\",\"url\":\"https:\\\/\\\/www.palletcontroltower.eu\\\/\",\"logo\":{\"@type\":\"ImageObject\",\"inLanguage\":\"cs\",\"@id\":\"https:\\\/\\\/www.palletcontroltower.eu\\\/#\\\/schema\\\/logo\\\/image\\\/\",\"url\":\"https:\\\/\\\/www.palletcontroltower.eu\\\/wp-content\\\/uploads\\\/2023\\\/10\\\/logo.svg\",\"contentUrl\":\"https:\\\/\\\/www.palletcontroltower.eu\\\/wp-content\\\/uploads\\\/2023\\\/10\\\/logo.svg\",\"width\":290,\"height\":87,\"caption\":\"Pallet Control Tower\"},\"image\":{\"@id\":\"https:\\\/\\\/www.palletcontroltower.eu\\\/#\\\/schema\\\/logo\\\/image\\\/\"}}]}<\/script>\n<!-- \/ Yoast SEO plugin. -->","yoast_head_json":{"title":"Pro novou generaci - \u0159\u00eddic\u00ed v\u011b\u017e pro palety","description":"Pallet Control Tower Online je udr\u017eiteln\u00e9 \u0159e\u0161en\u00ed pro spr\u00e1vu palet. Platforma je zalo\u017eena na principu: op\u011btovn\u00e9 pou\u017eit\u00ed, recyklace, oprava - PPWD.","robots":{"index":"index","follow":"follow","max-snippet":"max-snippet:-1","max-image-preview":"max-image-preview:large","max-video-preview":"max-video-preview:-1"},"canonical":"https:\/\/www.palletcontroltower.eu\/cs\/moje-vyhoda\/pro-dalsi-generaci\/","og_locale":"cs_CZ","og_type":"article","og_title":"Voor de volgende generatie - Pallet Control Tower","og_description":"Pallet Control Tower Online is een duurzame oplossing voor palletmanagement. Het platform is gebaseerd op: re-use, recycle, repair - PPWD","og_url":"https:\/\/www.palletcontroltower.eu\/cs\/moje-vyhoda\/pro-dalsi-generaci\/","og_site_name":"Pallet Control Tower","article_modified_time":"2026-01-30T09:48:28+00:00","og_image":[{"width":1310,"height":1124,"url":"https:\/\/www.palletcontroltower.eu\/wp-content\/uploads\/2024\/01\/E_SDG_logo_UN_emblem_square_trans_WEB.png","type":"image\/png"}],"twitter_card":"summary_large_image","twitter_misc":{"Odhadovan\u00e1 doba \u010dten\u00ed":"3 minuty"},"schema":{"@context":"https:\/\/schema.org","@graph":[{"@type":"WebPage","@id":"https:\/\/www.palletcontroltower.eu\/mijn-voordeel\/voor-de-volgende-generatie\/","url":"https:\/\/www.palletcontroltower.eu\/mijn-voordeel\/voor-de-volgende-generatie\/","name":"Pro novou generaci - \u0159\u00eddic\u00ed v\u011b\u017e pro palety","isPartOf":{"@id":"https:\/\/www.palletcontroltower.eu\/#website"},"primaryImageOfPage":{"@id":"https:\/\/www.palletcontroltower.eu\/mijn-voordeel\/voor-de-volgende-generatie\/#primaryimage"},"image":{"@id":"https:\/\/www.palletcontroltower.eu\/mijn-voordeel\/voor-de-volgende-generatie\/#primaryimage"},"thumbnailUrl":"http:\/\/www.palletcontroltower.eu\/wp-content\/uploads\/2024\/01\/E_SDG_logo_UN_emblem_square_trans_WEB.png","datePublished":"2023-11-22T08:01:41+00:00","dateModified":"2026-01-30T09:48:28+00:00","description":"Pallet Control Tower Online je udr\u017eiteln\u00e9 \u0159e\u0161en\u00ed pro spr\u00e1vu palet. Platforma je zalo\u017eena na principu: op\u011btovn\u00e9 pou\u017eit\u00ed, recyklace, oprava - PPWD.","breadcrumb":{"@id":"https:\/\/www.palletcontroltower.eu\/mijn-voordeel\/voor-de-volgende-generatie\/#breadcrumb"},"inLanguage":"cs","potentialAction":[{"@type":"ReadAction","target":["https:\/\/www.palletcontroltower.eu\/mijn-voordeel\/voor-de-volgende-generatie\/"]}]},{"@type":"ImageObject","inLanguage":"cs","@id":"https:\/\/www.palletcontroltower.eu\/mijn-voordeel\/voor-de-volgende-generatie\/#primaryimage","url":"http:\/\/www.palletcontroltower.eu\/wp-content\/uploads\/2024\/01\/E_SDG_logo_UN_emblem_square_trans_WEB.png","contentUrl":"http:\/\/www.palletcontroltower.eu\/wp-content\/uploads\/2024\/01\/E_SDG_logo_UN_emblem_square_trans_WEB.png"},{"@type":"BreadcrumbList","@id":"https:\/\/www.palletcontroltower.eu\/mijn-voordeel\/voor-de-volgende-generatie\/#breadcrumb","itemListElement":[{"@type":"ListItem","position":1,"name":"Home","item":"https:\/\/www.palletcontroltower.eu\/"},{"@type":"ListItem","position":2,"name":"Mijn voordeel","item":"https:\/\/www.palletcontroltower.eu\/pl\/mijn-voordeel\/"},{"@type":"ListItem","position":3,"name":"Voor de volgende generatie"}]},{"@type":"WebSite","@id":"https:\/\/www.palletcontroltower.eu\/#website","url":"https:\/\/www.palletcontroltower.eu\/","name":"Kontroln\u00ed v\u011b\u017e pro palety","description":"","publisher":{"@id":"https:\/\/www.palletcontroltower.eu\/#organization"},"potentialAction":[{"@type":"SearchAction","target":{"@type":"EntryPoint","urlTemplate":"https:\/\/www.palletcontroltower.eu\/?s={search_term_string}"},"query-input":{"@type":"PropertyValueSpecification","valueRequired":true,"valueName":"search_term_string"}}],"inLanguage":"cs"},{"@type":"Organization","@id":"https:\/\/www.palletcontroltower.eu\/#organization","name":"Kontroln\u00ed v\u011b\u017e pro palety","url":"https:\/\/www.palletcontroltower.eu\/","logo":{"@type":"ImageObject","inLanguage":"cs","@id":"https:\/\/www.palletcontroltower.eu\/#\/schema\/logo\/image\/","url":"https:\/\/www.palletcontroltower.eu\/wp-content\/uploads\/2023\/10\/logo.svg","contentUrl":"https:\/\/www.palletcontroltower.eu\/wp-content\/uploads\/2023\/10\/logo.svg","width":290,"height":87,"caption":"Pallet Control Tower"},"image":{"@id":"https:\/\/www.palletcontroltower.eu\/#\/schema\/logo\/image\/"}}]}},"_links":{"self":[{"href":"https:\/\/www.palletcontroltower.eu\/cs\/wp-json\/wp\/v2\/pages\/36","targetHints":{"allow":["GET"]}}],"collection":[{"href":"https:\/\/www.palletcontroltower.eu\/cs\/wp-json\/wp\/v2\/pages"}],"about":[{"href":"https:\/\/www.palletcontroltower.eu\/cs\/wp-json\/wp\/v2\/types\/page"}],"author":[{"embeddable":true,"href":"https:\/\/www.palletcontroltower.eu\/cs\/wp-json\/wp\/v2\/users\/1"}],"replies":[{"embeddable":true,"href":"https:\/\/www.palletcontroltower.eu\/cs\/wp-json\/wp\/v2\/comments?post=36"}],"version-history":[{"count":22,"href":"https:\/\/www.palletcontroltower.eu\/cs\/wp-json\/wp\/v2\/pages\/36\/revisions"}],"predecessor-version":[{"id":1232,"href":"https:\/\/www.palletcontroltower.eu\/cs\/wp-json\/wp\/v2\/pages\/36\/revisions\/1232"}],"up":[{"embeddable":true,"href":"https:\/\/www.palletcontroltower.eu\/cs\/wp-json\/wp\/v2\/pages\/25"}],"wp:attachment":[{"href":"https:\/\/www.palletcontroltower.eu\/cs\/wp-json\/wp\/v2\/media?parent=36"}],"curies":[{"name":"wp","href":"https:\/\/api.w.org\/{rel}","templated":true}]}}