{"id":42,"date":"2023-11-22T08:02:12","date_gmt":"2023-11-22T08:02:12","guid":{"rendered":"http:\/\/www.palletcontroltower.eu\/?page_id=42"},"modified":"2026-01-30T09:41:33","modified_gmt":"2026-01-30T09:41:33","slug":"sdruzovani-je-udrzitelne","status":"publish","type":"page","link":"https:\/\/www.palletcontroltower.eu\/cs\/duurzaamheid\/poolen-is-duurzaam\/","title":{"rendered":"Sdru\u017eov\u00e1n\u00ed je udr\u017eiteln\u00e9"},"content":{"rendered":"<div class=\"wp-block-columns is-layout-flex wp-container-core-columns-is-layout-28f84493 wp-block-columns-is-layout-flex\">\n<div class=\"wp-block-column is-layout-flow wp-block-column-is-layout-flow\">\n<h2 class=\"wp-block-heading\">Udr\u017eitelnost<\/h2>\n\n\n\n<p>Spole\u010dnost PCT sni\u017euje po\u010det jednor\u00e1zov\u00fdch palet a d\u00e1v\u00e1 v\u00e1m mo\u017enost p\u0159ej\u00edt na palety na v\u00edce pou\u017eit\u00ed. D\u011bl\u00e1me to pomoc\u00ed na\u0161\u00ed platformy PCT Online: Sb\u011br a doru\u010den\u00ed - Shoda, propojen\u00e9 s e-Credits. Na\u0161e platforma umo\u017e\u0148uje u\u017eivatel\u016fm palet vytvo\u0159it si spole\u010dn\u011b se sv\u00fdmi dodavateli a z\u00e1kazn\u00edky vlastn\u00ed \"paletov\u00fd pool\", a t\u00edm podpo\u0159it udr\u017eiteln\u00e9 vyu\u017e\u00edv\u00e1n\u00ed palet. <\/p>\n\n\n\n<p><strong>Legislativa<\/strong>&nbsp;<\/p>\n\n\n\n<p>Spole\u010dnost PCT o\u010dek\u00e1v\u00e1 nov\u00fd legislativn\u00ed v\u00fdvoj v oblasti obalov\u00e9ho pr\u016fmyslu ze strany Bruselu; sni\u017eov\u00e1n\u00ed emis\u00ed CO2 a v\u011bt\u0161\u00ed d\u016fraz na ob\u011bhov\u00e9 hospod\u00e1\u0159stv\u00ed.  Z\u00e1sady nov\u00e9ho bruselsk\u00e9ho paktu o obalech jsou opakovan\u00e9 pou\u017eit\u00ed, oprava, recyklace. <a href=\"https:\/\/environment.ec.europa.eu\/topics\/waste-and-recycling\/packaging-waste_en\" target=\"_blank\" rel=\"noreferrer noopener\">PPWD<\/a>. Krom\u011b toho spl\u0148ujete alespo\u0148 5 z t\u011bchto podm\u00ednek. <a href=\"https:\/\/sdgs.un.org\/goals\" target=\"_blank\" rel=\"noreferrer noopener\">C\u00edle udr\u017eiteln\u00e9ho rozvoje (SDGs)<\/a> Organizace spojen\u00fdch n\u00e1rod\u016f. <\/p>\n\n\n\n<div class=\"wp-block-buttons is-layout-flex wp-block-buttons-is-layout-flex\">\n<div class=\"wp-block-button\"><a class=\"wp-block-button__link has-white-color has-green-background-color has-text-color has-background has-link-color wp-element-button\" href=\"http:\/\/www.palletcontroltower.eu\/cs\/jak-to-funguje\/co-delame\/\" target=\"_blank\" rel=\"noreferrer noopener\">Pod\u00edvejte se, jak to funguje, zde<\/a><\/div>\n<\/div>\n<\/div>\n<\/div>\n\n\n\n<hr class=\"wp-block-separator has-alpha-channel-opacity\"\/>\n\n\n\n<div class=\"wp-block-columns are-vertically-aligned-center is-layout-flex wp-container-core-columns-is-layout-28f84493 wp-block-columns-is-layout-flex\">\n<div class=\"wp-block-column is-vertically-aligned-center is-layout-flow wp-block-column-is-layout-flow\">\n<figure class=\"wp-block-image size-full\"><img fetchpriority=\"high\" decoding=\"async\" width=\"1000\" height=\"671\" src=\"https:\/\/www.palletcontroltower.eu\/wp-content\/uploads\/2025\/05\/eur_pallet.jpg\" alt=\"\" class=\"wp-image-1223\" style=\"aspect-ratio:16\/9;object-fit:cover\" srcset=\"https:\/\/www.palletcontroltower.eu\/wp-content\/uploads\/2025\/05\/eur_pallet.jpg 1000w, https:\/\/www.palletcontroltower.eu\/wp-content\/uploads\/2025\/05\/eur_pallet-300x201.jpg 300w, https:\/\/www.palletcontroltower.eu\/wp-content\/uploads\/2025\/05\/eur_pallet-768x515.jpg 768w, https:\/\/www.palletcontroltower.eu\/wp-content\/uploads\/2025\/05\/eur_pallet-18x12.jpg 18w\" sizes=\"(max-width: 1000px) 100vw, 1000px\" \/><\/figure>\n<\/div>\n\n\n\n<div class=\"wp-block-column is-vertically-aligned-center is-layout-flow wp-block-column-is-layout-flow\">\n<h2 class=\"wp-block-heading\">EUR &amp; PCT<\/h2>\n\n\n\n<p>Jsme \u00fazce spjat\u00ed s organizac\u00ed EUR a vyu\u017e\u00edv\u00e1me \u00falo\u017ei\u0161t\u011b funguj\u00edc\u00ed pod licenc\u00ed EUR. Spole\u010dn\u011b m\u00e1me za c\u00edl podporovat syst\u00e9m otev\u0159en\u00e9ho sdru\u017eov\u00e1n\u00ed. D\u00edky s\u00edti EUR International i na\u0161\u00ed vlastn\u00ed s\u00edti PCT existuj\u00ed stovky sklad\u016f a p\u0159ed\u00e1vac\u00edch m\u00edst. Proto je v\u017edy mo\u017en\u00e9 z\u00edskat dobr\u00e9 spojen\u00ed s procesem p\u00e1rov\u00e1n\u00ed se sb\u011brem a doru\u010dov\u00e1n\u00edm.\u00a0<\/p>\n\n\n\n<p>Pokud jste vr\u00e1tili jednor\u00e1zov\u00e9 palety s kolekc\u00ed a hodl\u00e1te vyu\u017e\u00edt z\u00edskan\u00e9 e-kredity k tomu, abyste za\u010dali pou\u017e\u00edvat palety na v\u00edce pou\u017eit\u00ed, m\u00e1 to v\u00fdhody pro cel\u00fd \u0159et\u011bzec. Krom\u011b vlastn\u00edho pou\u017eit\u00ed m\u016f\u017eete e-Kredity na sv\u00fdch z\u016fstatc\u00edch zp\u0159\u00edstupnit tak\u00e9 t\u0159et\u00edm stran\u00e1m.&nbsp;<\/p>\n\n\n\n<p>PCTO umo\u017e\u0148uje digit\u00e1ln\u00ed z\u00e1znam v\u0161ech krok\u016f. Fakturace (self-billing) a ve\u0161ker\u00e1 dal\u0161\u00ed komunikace prob\u00edh\u00e1 rovn\u011b\u017e v cloudu. Ta je pro ka\u017ed\u00e9ho u\u017eivatele kdykoli viditeln\u00e1 a transparentn\u00ed.&nbsp;<\/p>\n<\/div>\n<\/div>\n\n\n\n<hr class=\"wp-block-separator has-alpha-channel-opacity\"\/>\n\n\n\n<h3 class=\"wp-block-heading\">Euro paleta = udr\u017eitelnost: ka\u017ed\u00fd rok jsou dva miliony renovovan\u00fdch palet pou\u017eity je\u0161t\u011b n\u011bkolikr\u00e1t.  <br><\/h3>\n\n\n\n<p>D\u0159ev\u011bn\u00e9 europalety lze pou\u017e\u00edt p\u0159ibli\u017en\u011b 7 a\u017e 8kr\u00e1t! Nakonec se opot\u0159ebovan\u00e1 paleta vyu\u017eije nap\u0159\u00edklad jako energie pro vyt\u00e1p\u011bn\u00ed. Palety se shroma\u017e\u010fuj\u00ed v centr\u00e1ln\u00edch skladech paletov\u00fdch sklad\u016f, v obchod\u011b a pr\u016fmyslu a nakonec se p\u0159evezou na m\u00edsto zpracov\u00e1n\u00ed. \u010casto pom\u00e1h\u00e1 palety t\u0159\u00eddit robotick\u00e1 linka, ale n\u011bkdy jde st\u00e1le o ru\u010dn\u00ed pr\u00e1ci. Po rozt\u0159\u00edd\u011bn\u00ed se palety, kter\u00e9 lze opravit, oprav\u00ed a uskladn\u00ed. Palety, kter\u00e9 nelze opravit, se recykluj\u00ed nap\u0159\u00edklad jako d\u0159evn\u00ed \u0161t\u011bpka na palivo pro v\u00fdrobu energie. Z\u00e1kazn\u00edk si m\u016f\u017ee vybrat z p\u0159ibli\u017en\u011b 50 r\u016fzn\u00fdch typ\u016f palet, z nich\u017e europalety jsou nejb\u011b\u017en\u011bj\u0161\u00ed a pat\u0159\u00ed k nejudr\u017eiteln\u011bj\u0161\u00edm.<\/p>\n\n\n\n<p><em>Skute\u010dnost. Na v\u00fdrobu p\u0159ibli\u017en\u011b 22 nov\u00fdch europalet je zapot\u0159eb\u00ed jeden metr krychlov\u00fd d\u0159eva, av\u0161ak z jednoho metru krychlov\u00e9ho d\u0159eva lze opravit 150 recyklovan\u00fdch n\u00e1kladn\u00edch europalet.<\/em><\/p>\n\n\n\n<div class=\"wp-block-buttons is-content-justification-left is-layout-flex wp-container-core-buttons-is-layout-fc4fd283 wp-block-buttons-is-layout-flex\">\n<div class=\"wp-block-button\"><a class=\"wp-block-button__link has-white-color has-green-background-color has-text-color has-background has-link-color wp-element-button\" href=\"https:\/\/portal.pct-online.eu\/register\" target=\"_blank\" rel=\"noreferrer noopener\">Aktivace \u00fa\u010dtu<\/a><\/div>\n<\/div>\n\n\n\n<hr class=\"wp-block-separator has-alpha-channel-opacity\"\/>\n\n\n\n<blockquote class=\"wp-block-quote is-layout-flow wp-block-quote-is-layout-flow\">\n<p class=\"has-text-align-center\">P\u0159edch\u00e1zejte nam\u00e1h\u00e1n\u00ed palet! Pallet Control Tower je evropsk\u00fd standard a platforma pro Collection &amp; Delivery by Matching pro europalety a dal\u0161\u00ed RTI. Usnad\u0148ujeme otev\u0159en\u00fd pooling od A do Z. A d\u011bl\u00e1me paletovou logistiku op\u011bt zvl\u00e1dnutelnou. <\/p>\n<\/blockquote>\n\n\n\n<hr class=\"wp-block-separator has-alpha-channel-opacity\"\/>\n\n\n\n<figure class=\"wp-block-image size-full\"><img decoding=\"async\" width=\"1600\" height=\"1066\" src=\"http:\/\/www.palletcontroltower.eu\/wp-content\/uploads\/2023\/11\/palletcontroltower-2.jpg\" alt=\"\" class=\"wp-image-207\" style=\"aspect-ratio:16\/9;object-fit:cover\" srcset=\"https:\/\/www.palletcontroltower.eu\/wp-content\/uploads\/2023\/11\/palletcontroltower-2.jpg 1600w, https:\/\/www.palletcontroltower.eu\/wp-content\/uploads\/2023\/11\/palletcontroltower-2-300x200.jpg 300w, https:\/\/www.palletcontroltower.eu\/wp-content\/uploads\/2023\/11\/palletcontroltower-2-1024x682.jpg 1024w, https:\/\/www.palletcontroltower.eu\/wp-content\/uploads\/2023\/11\/palletcontroltower-2-768x512.jpg 768w, https:\/\/www.palletcontroltower.eu\/wp-content\/uploads\/2023\/11\/palletcontroltower-2-1536x1023.jpg 1536w\" sizes=\"(max-width: 1600px) 100vw, 1600px\" \/><\/figure>\n\n\n\n<hr class=\"wp-block-separator has-alpha-channel-opacity\"\/>\n\n\n\n<div class=\"wp-block-columns is-layout-flex wp-container-core-columns-is-layout-28f84493 wp-block-columns-is-layout-flex\">\n<div class=\"wp-block-column is-layout-flow wp-block-column-is-layout-flow\">\n<h3 class=\"wp-block-heading\">V\u00fdhody<\/h3>\n\n\n\n<p><strong>Sni\u017ete svou stopu CO2<\/strong>&nbsp;<\/p>\n\n\n\n<p>S PCT Online je mnoh\u00e9 viditeln\u00e9, v\u010detn\u011b tzv. skryt\u00fdch n\u00e1klad\u016f, kter\u00e9 nelze p\u0159\u00edmo vy\u010d\u00edslit, ale v modern\u00edm podnik\u00e1n\u00ed jsou st\u00e1le d\u016fle\u017eit\u011bj\u0161\u00ed. Zastavte zbyte\u010dn\u00e9 p\u0159esouv\u00e1n\u00ed palet tam a zp\u011bt. <\/p>\n\n\n\n<p><strong>Lep\u0161\u00ed spolupr\u00e1ce v dodavatelsk\u00e9m \u0159et\u011bzci<\/strong>&nbsp;<\/p>\n\n\n\n<p>Syst\u00e9m dodavatelsk\u00e9ho \u0159et\u011bzce, kter\u00fd propojuje partnery, dodavatele a poskytovatele logistick\u00fdch slu\u017eeb, usnad\u0148uje spolupr\u00e1ci organizac\u00ed. Kdy\u017e se probl\u00e9my \u0159e\u0161\u00ed p\u0159\u00edmo s partnery, \u0159e\u0161\u00edte je rychleji, n\u00e1klady jsou ni\u017e\u0161\u00ed, m\u00e1te spokojen\u00e9 z\u00e1kazn\u00edky a m\u00e9n\u011b lid\u00ed odch\u00e1z\u00ed. P\u0159evezm\u011bte odpov\u011bdnost za sv\u016fj logistick\u00fd \u0159et\u011bzec!&nbsp;<\/p>\n\n\n\n<p><strong>P\u0159ehled o cel\u00e9m dodavatelsk\u00e9m \u0159et\u011bzci<\/strong>&nbsp;<\/p>\n\n\n\n<p>D\u00edky p\u0159ehledu o cel\u00e9m dodavatelsk\u00e9m \u0159et\u011bzci, v\u010detn\u011b dodavatel\u016f, v\u00fdrobc\u016f, dopravc\u016f, sklad\u016f a extern\u00edch logistick\u00fdch partner\u016f (3PL), mohou spole\u010dnosti proaktivn\u011b \u0159\u00eddit sv\u00e9 dodavatelsk\u00e9 \u0159et\u011bzce a sni\u017eovat rizika a n\u00e1klady. A zajistit v\u011bt\u0161\u00ed udr\u017eitelnost. &nbsp;&nbsp;<\/p>\n\n\n\n<p><strong>P\u0159esn\u011bj\u0161\u00ed p\u0159edpov\u011bdi a rozhodov\u00e1n\u00ed<\/strong>&nbsp;<\/p>\n\n\n\n<p>Data lze agregovat, propojovat a roz\u0161i\u0159ovat prost\u0159ednictv\u00edm \"prediktivn\u00ed anal\u00fdzy\". To vede k lep\u0161\u00edmu, automatizovan\u011bj\u0161\u00edmu rozhodov\u00e1n\u00ed a samooprav\u011b. V kone\u010dn\u00e9m d\u016fsledku to vede k efektivn\u011bj\u0161\u00edm proces\u016fm a men\u0161\u00edmu pl\u00fdtv\u00e1n\u00ed. Dal\u0161\u00ed sn\u00ed\u017een\u00ed uhl\u00edkov\u00e9 stopy.&nbsp;&nbsp;<\/p>\n\n\n\n<p><strong>V\u011bt\u0161\u00ed flexibilita v dodavatelsk\u00e9m \u0159et\u011bzci<\/strong>&nbsp;<\/p>\n\n\n\n<p>Flexibiln\u00ed dodavatelsk\u00e9 \u0159et\u011bzce se pohybuj\u00ed s v\u00e1mi, kdy\u017e se stane n\u011bco neo\u010dek\u00e1van\u00e9ho. Tato flexibilita zaji\u0161\u0165uje lep\u0161\u00ed zku\u0161enosti z\u00e1kazn\u00edk\u016f, rychlej\u0161\u00ed reakce a obecn\u011b efektivn\u011bj\u0161\u00ed dodavatelsk\u00fd \u0159et\u011bzec. Zejm\u00e9na v dob\u011b, kdy jsou lidsk\u00e9 zdroje st\u00e1le vz\u00e1cn\u011bj\u0161\u00ed a dra\u017e\u0161\u00ed. <\/p>\n\n\n\n<p><strong>Optim\u00e1ln\u00ed stav z\u00e1sob<\/strong>&nbsp;<\/p>\n\n\n\n<p>PCTO poskytuje p\u0159ehled o z\u00e1sob\u00e1ch v cel\u00e9 s\u00edti a umo\u017e\u0148uje spole\u010dnostem m\u00edt k dispozici to, co pot\u0159ebuj\u00ed, kde to pot\u0159ebuj\u00ed a kdy to pot\u0159ebuj\u00ed. Zvy\u0161uj\u00ed zisky a m\u00edru obratu z\u00e1sob a sni\u017euj\u00ed nedostatek z\u00e1sob a materi\u00e1lu.&nbsp;<\/p>\n\n\n\n<p><strong>Jste p\u0159ipraveni na budoucnost sdru\u017eov\u00e1n\u00ed palet?<\/strong>&nbsp;<\/p>\n\n\n\n<div class=\"wp-block-buttons is-layout-flex wp-block-buttons-is-layout-flex\">\n<div class=\"wp-block-button\"><a class=\"wp-block-button__link has-white-color has-blue-background-color has-text-color has-background has-link-color wp-element-button\" href=\"https:\/\/portal.pct-online.eu\/register\" target=\"_blank\" rel=\"noreferrer noopener\">Aktivace \u00fa\u010dtu<\/a><\/div>\n<\/div>\n<\/div>\n<\/div>","protected":false},"excerpt":{"rendered":"<p>Duurzaamheid PCT dringt het eenmalige gebruik van pallets terug en geeft u de kans om over te schakelen naar pallets voor meermalig gebruik. Dat doen wij met ons PCT Online-platform: Collection &amp; Delivery &#8211; Matching, gekoppeld aan e-Credits.&nbsp;Met ons platform kunnen palletgebruikers samen met hun toeleveranciers en klanten een eigen &#8216;palletpool&#8217; opzetten en zo het [&hellip;]<\/p>\n","protected":false},"author":1,"featured_media":0,"parent":40,"menu_order":0,"comment_status":"closed","ping_status":"closed","template":"","meta":{"footnotes":""},"class_list":["post-42","page","type-page","status-publish","hentry"],"yoast_head":"<!-- This site is optimized with the Yoast SEO plugin v27.6 - https:\/\/yoast.com\/product\/yoast-seo-wordpress\/ -->\n<title>Poolen is duurzaam - Pallet Control Tower<\/title>\n<meta name=\"description\" content=\"Palletpooling is een duurzame oplossing voor palletmanagement ingegeven door de nieuwe PPWD uit Brussel. PCT Online voldoet hieraan.\" \/>\n<meta name=\"robots\" content=\"index, follow, max-snippet:-1, max-image-preview:large, max-video-preview:-1\" \/>\n<link rel=\"canonical\" href=\"https:\/\/www.palletcontroltower.eu\/cs\/udrzitelnost\/sdruzovani-je-udrzitelne\/\" \/>\n<meta property=\"og:locale\" content=\"cs_CZ\" \/>\n<meta property=\"og:type\" content=\"article\" \/>\n<meta property=\"og:title\" content=\"Poolen is duurzaam - Pallet Control Tower\" \/>\n<meta property=\"og:description\" content=\"Palletpooling is een duurzame oplossing voor palletmanagement ingegeven door de nieuwe PPWD uit Brussel. PCT Online voldoet hieraan.\" \/>\n<meta property=\"og:url\" content=\"https:\/\/www.palletcontroltower.eu\/cs\/udrzitelnost\/sdruzovani-je-udrzitelne\/\" \/>\n<meta property=\"og:site_name\" content=\"Pallet Control Tower\" \/>\n<meta property=\"article:modified_time\" content=\"2026-01-30T09:41:33+00:00\" \/>\n<meta property=\"og:image\" content=\"https:\/\/www.palletcontroltower.eu\/wp-content\/uploads\/2025\/05\/eur_pallet.jpg\" \/>\n\t<meta property=\"og:image:width\" content=\"1000\" \/>\n\t<meta property=\"og:image:height\" content=\"671\" \/>\n\t<meta property=\"og:image:type\" content=\"image\/jpeg\" \/>\n<meta name=\"twitter:card\" content=\"summary_large_image\" \/>\n<meta name=\"twitter:label1\" content=\"Odhadovan\u00e1 doba \u010dten\u00ed\" \/>\n\t<meta name=\"twitter:data1\" content=\"4 minuty\" \/>\n<script type=\"application\/ld+json\" class=\"yoast-schema-graph\">{\"@context\":\"https:\\\/\\\/schema.org\",\"@graph\":[{\"@type\":\"WebPage\",\"@id\":\"https:\\\/\\\/www.palletcontroltower.eu\\\/duurzaamheid\\\/poolen-is-duurzaam\\\/\",\"url\":\"https:\\\/\\\/www.palletcontroltower.eu\\\/duurzaamheid\\\/poolen-is-duurzaam\\\/\",\"name\":\"Poolen is duurzaam - Pallet Control Tower\",\"isPartOf\":{\"@id\":\"https:\\\/\\\/www.palletcontroltower.eu\\\/#website\"},\"primaryImageOfPage\":{\"@id\":\"https:\\\/\\\/www.palletcontroltower.eu\\\/duurzaamheid\\\/poolen-is-duurzaam\\\/#primaryimage\"},\"image\":{\"@id\":\"https:\\\/\\\/www.palletcontroltower.eu\\\/duurzaamheid\\\/poolen-is-duurzaam\\\/#primaryimage\"},\"thumbnailUrl\":\"https:\\\/\\\/www.palletcontroltower.eu\\\/wp-content\\\/uploads\\\/2025\\\/05\\\/eur_pallet.jpg\",\"datePublished\":\"2023-11-22T08:02:12+00:00\",\"dateModified\":\"2026-01-30T09:41:33+00:00\",\"description\":\"Palletpooling is een duurzame oplossing voor palletmanagement ingegeven door de nieuwe PPWD uit Brussel. PCT Online voldoet hieraan.\",\"breadcrumb\":{\"@id\":\"https:\\\/\\\/www.palletcontroltower.eu\\\/duurzaamheid\\\/poolen-is-duurzaam\\\/#breadcrumb\"},\"inLanguage\":\"cs\",\"potentialAction\":[{\"@type\":\"ReadAction\",\"target\":[\"https:\\\/\\\/www.palletcontroltower.eu\\\/duurzaamheid\\\/poolen-is-duurzaam\\\/\"]}]},{\"@type\":\"ImageObject\",\"inLanguage\":\"cs\",\"@id\":\"https:\\\/\\\/www.palletcontroltower.eu\\\/duurzaamheid\\\/poolen-is-duurzaam\\\/#primaryimage\",\"url\":\"https:\\\/\\\/www.palletcontroltower.eu\\\/wp-content\\\/uploads\\\/2025\\\/05\\\/eur_pallet.jpg\",\"contentUrl\":\"https:\\\/\\\/www.palletcontroltower.eu\\\/wp-content\\\/uploads\\\/2025\\\/05\\\/eur_pallet.jpg\"},{\"@type\":\"BreadcrumbList\",\"@id\":\"https:\\\/\\\/www.palletcontroltower.eu\\\/duurzaamheid\\\/poolen-is-duurzaam\\\/#breadcrumb\",\"itemListElement\":[{\"@type\":\"ListItem\",\"position\":1,\"name\":\"Home\",\"item\":\"https:\\\/\\\/www.palletcontroltower.eu\\\/\"},{\"@type\":\"ListItem\",\"position\":2,\"name\":\"Duurzaamheid\",\"item\":\"https:\\\/\\\/www.palletcontroltower.eu\\\/pl\\\/duurzaamheid\\\/\"},{\"@type\":\"ListItem\",\"position\":3,\"name\":\"Poolen is duurzaam\"}]},{\"@type\":\"WebSite\",\"@id\":\"https:\\\/\\\/www.palletcontroltower.eu\\\/#website\",\"url\":\"https:\\\/\\\/www.palletcontroltower.eu\\\/\",\"name\":\"Pallet Control Tower\",\"description\":\"\",\"publisher\":{\"@id\":\"https:\\\/\\\/www.palletcontroltower.eu\\\/#organization\"},\"potentialAction\":[{\"@type\":\"SearchAction\",\"target\":{\"@type\":\"EntryPoint\",\"urlTemplate\":\"https:\\\/\\\/www.palletcontroltower.eu\\\/?s={search_term_string}\"},\"query-input\":{\"@type\":\"PropertyValueSpecification\",\"valueRequired\":true,\"valueName\":\"search_term_string\"}}],\"inLanguage\":\"cs\"},{\"@type\":\"Organization\",\"@id\":\"https:\\\/\\\/www.palletcontroltower.eu\\\/#organization\",\"name\":\"Pallet Control Tower\",\"url\":\"https:\\\/\\\/www.palletcontroltower.eu\\\/\",\"logo\":{\"@type\":\"ImageObject\",\"inLanguage\":\"cs\",\"@id\":\"https:\\\/\\\/www.palletcontroltower.eu\\\/#\\\/schema\\\/logo\\\/image\\\/\",\"url\":\"https:\\\/\\\/www.palletcontroltower.eu\\\/wp-content\\\/uploads\\\/2023\\\/10\\\/logo.svg\",\"contentUrl\":\"https:\\\/\\\/www.palletcontroltower.eu\\\/wp-content\\\/uploads\\\/2023\\\/10\\\/logo.svg\",\"width\":290,\"height\":87,\"caption\":\"Pallet Control Tower\"},\"image\":{\"@id\":\"https:\\\/\\\/www.palletcontroltower.eu\\\/#\\\/schema\\\/logo\\\/image\\\/\"}}]}<\/script>\n<!-- \/ Yoast SEO plugin. -->","yoast_head_json":{"title":"Pooling je udr\u017eiteln\u00fd - Paletov\u00e1 \u0159\u00eddic\u00ed v\u011b\u017e","description":"Sdru\u017eov\u00e1n\u00ed palet je udr\u017eiteln\u00e9 \u0159e\u0161en\u00ed pro nakl\u00e1d\u00e1n\u00ed s paletami na z\u00e1klad\u011b nov\u00e9 sm\u011brnice PPWD z Bruselu. PCT Online je s n\u00edm v souladu.","robots":{"index":"index","follow":"follow","max-snippet":"max-snippet:-1","max-image-preview":"max-image-preview:large","max-video-preview":"max-video-preview:-1"},"canonical":"https:\/\/www.palletcontroltower.eu\/cs\/udrzitelnost\/sdruzovani-je-udrzitelne\/","og_locale":"cs_CZ","og_type":"article","og_title":"Poolen is duurzaam - Pallet Control Tower","og_description":"Palletpooling is een duurzame oplossing voor palletmanagement ingegeven door de nieuwe PPWD uit Brussel. PCT Online voldoet hieraan.","og_url":"https:\/\/www.palletcontroltower.eu\/cs\/udrzitelnost\/sdruzovani-je-udrzitelne\/","og_site_name":"Pallet Control Tower","article_modified_time":"2026-01-30T09:41:33+00:00","og_image":[{"width":1000,"height":671,"url":"https:\/\/www.palletcontroltower.eu\/wp-content\/uploads\/2025\/05\/eur_pallet.jpg","type":"image\/jpeg"}],"twitter_card":"summary_large_image","twitter_misc":{"Odhadovan\u00e1 doba \u010dten\u00ed":"4 minuty"},"schema":{"@context":"https:\/\/schema.org","@graph":[{"@type":"WebPage","@id":"https:\/\/www.palletcontroltower.eu\/duurzaamheid\/poolen-is-duurzaam\/","url":"https:\/\/www.palletcontroltower.eu\/duurzaamheid\/poolen-is-duurzaam\/","name":"Pooling je udr\u017eiteln\u00fd - Paletov\u00e1 \u0159\u00eddic\u00ed v\u011b\u017e","isPartOf":{"@id":"https:\/\/www.palletcontroltower.eu\/#website"},"primaryImageOfPage":{"@id":"https:\/\/www.palletcontroltower.eu\/duurzaamheid\/poolen-is-duurzaam\/#primaryimage"},"image":{"@id":"https:\/\/www.palletcontroltower.eu\/duurzaamheid\/poolen-is-duurzaam\/#primaryimage"},"thumbnailUrl":"https:\/\/www.palletcontroltower.eu\/wp-content\/uploads\/2025\/05\/eur_pallet.jpg","datePublished":"2023-11-22T08:02:12+00:00","dateModified":"2026-01-30T09:41:33+00:00","description":"Sdru\u017eov\u00e1n\u00ed palet je udr\u017eiteln\u00e9 \u0159e\u0161en\u00ed pro nakl\u00e1d\u00e1n\u00ed s paletami na z\u00e1klad\u011b nov\u00e9 sm\u011brnice PPWD z Bruselu. PCT Online je s n\u00edm v souladu.","breadcrumb":{"@id":"https:\/\/www.palletcontroltower.eu\/duurzaamheid\/poolen-is-duurzaam\/#breadcrumb"},"inLanguage":"cs","potentialAction":[{"@type":"ReadAction","target":["https:\/\/www.palletcontroltower.eu\/duurzaamheid\/poolen-is-duurzaam\/"]}]},{"@type":"ImageObject","inLanguage":"cs","@id":"https:\/\/www.palletcontroltower.eu\/duurzaamheid\/poolen-is-duurzaam\/#primaryimage","url":"https:\/\/www.palletcontroltower.eu\/wp-content\/uploads\/2025\/05\/eur_pallet.jpg","contentUrl":"https:\/\/www.palletcontroltower.eu\/wp-content\/uploads\/2025\/05\/eur_pallet.jpg"},{"@type":"BreadcrumbList","@id":"https:\/\/www.palletcontroltower.eu\/duurzaamheid\/poolen-is-duurzaam\/#breadcrumb","itemListElement":[{"@type":"ListItem","position":1,"name":"Home","item":"https:\/\/www.palletcontroltower.eu\/"},{"@type":"ListItem","position":2,"name":"Duurzaamheid","item":"https:\/\/www.palletcontroltower.eu\/pl\/duurzaamheid\/"},{"@type":"ListItem","position":3,"name":"Poolen is duurzaam"}]},{"@type":"WebSite","@id":"https:\/\/www.palletcontroltower.eu\/#website","url":"https:\/\/www.palletcontroltower.eu\/","name":"Kontroln\u00ed v\u011b\u017e pro palety","description":"","publisher":{"@id":"https:\/\/www.palletcontroltower.eu\/#organization"},"potentialAction":[{"@type":"SearchAction","target":{"@type":"EntryPoint","urlTemplate":"https:\/\/www.palletcontroltower.eu\/?s={search_term_string}"},"query-input":{"@type":"PropertyValueSpecification","valueRequired":true,"valueName":"search_term_string"}}],"inLanguage":"cs"},{"@type":"Organization","@id":"https:\/\/www.palletcontroltower.eu\/#organization","name":"Kontroln\u00ed v\u011b\u017e pro palety","url":"https:\/\/www.palletcontroltower.eu\/","logo":{"@type":"ImageObject","inLanguage":"cs","@id":"https:\/\/www.palletcontroltower.eu\/#\/schema\/logo\/image\/","url":"https:\/\/www.palletcontroltower.eu\/wp-content\/uploads\/2023\/10\/logo.svg","contentUrl":"https:\/\/www.palletcontroltower.eu\/wp-content\/uploads\/2023\/10\/logo.svg","width":290,"height":87,"caption":"Pallet Control Tower"},"image":{"@id":"https:\/\/www.palletcontroltower.eu\/#\/schema\/logo\/image\/"}}]}},"_links":{"self":[{"href":"https:\/\/www.palletcontroltower.eu\/cs\/wp-json\/wp\/v2\/pages\/42","targetHints":{"allow":["GET"]}}],"collection":[{"href":"https:\/\/www.palletcontroltower.eu\/cs\/wp-json\/wp\/v2\/pages"}],"about":[{"href":"https:\/\/www.palletcontroltower.eu\/cs\/wp-json\/wp\/v2\/types\/page"}],"author":[{"embeddable":true,"href":"https:\/\/www.palletcontroltower.eu\/cs\/wp-json\/wp\/v2\/users\/1"}],"replies":[{"embeddable":true,"href":"https:\/\/www.palletcontroltower.eu\/cs\/wp-json\/wp\/v2\/comments?post=42"}],"version-history":[{"count":36,"href":"https:\/\/www.palletcontroltower.eu\/cs\/wp-json\/wp\/v2\/pages\/42\/revisions"}],"predecessor-version":[{"id":1228,"href":"https:\/\/www.palletcontroltower.eu\/cs\/wp-json\/wp\/v2\/pages\/42\/revisions\/1228"}],"up":[{"embeddable":true,"href":"https:\/\/www.palletcontroltower.eu\/cs\/wp-json\/wp\/v2\/pages\/40"}],"wp:attachment":[{"href":"https:\/\/www.palletcontroltower.eu\/cs\/wp-json\/wp\/v2\/media?parent=42"}],"curies":[{"name":"wp","href":"https:\/\/api.w.org\/{rel}","templated":true}]}}