{"id":68,"date":"2023-11-22T08:05:58","date_gmt":"2023-11-22T08:05:58","guid":{"rendered":"http:\/\/www.palletcontroltower.eu\/?page_id=68"},"modified":"2026-01-30T09:52:36","modified_gmt":"2026-01-30T09:52:36","slug":"poslani-a-vize","status":"publish","type":"page","link":"https:\/\/www.palletcontroltower.eu\/cs\/over-ons\/missie-en-visie\/","title":{"rendered":"Posl\u00e1n\u00ed a vize"},"content":{"rendered":"<div class=\"wp-block-columns is-layout-flex wp-container-core-columns-is-layout-28f84493 wp-block-columns-is-layout-flex\">\n<div class=\"wp-block-column is-layout-flow wp-block-column-is-layout-flow\">\n<h2 class=\"wp-block-heading\">Vize: p\u0159eb\u00edr\u00e1me odpov\u011bdnost<\/h2>\n\n\n\n<p>V posledn\u00edch letech se ve v\u0161ech oblastech prosadila automatizace, n\u00e1klady, ale p\u0159edev\u0161\u00edm udr\u017eitelnost. S t\u00edm mus\u00ed dr\u017eet krok i sv\u011bt palet a dal\u0161\u00edch vratn\u00fdch p\u0159epravn\u00edch polo\u017eek (RTI), aby neztratil kontakt. Kl\u00ed\u010dov\u00fdmi slovy jsou op\u011btovn\u00e9 pou\u017eit\u00ed, recyklace a oprava. <\/p>\n\n\n\n<p>Pomoc\u00ed PCT Online mohou spole\u010dnosti p\u0159isp\u011bt k rozvoji dne\u0161n\u00ed spole\u010dnosti v n\u011bkolika oblastech. Myslete na udr\u017eiteln\u00e9 podnik\u00e1n\u00ed, sni\u017eov\u00e1n\u00ed emis\u00ed CO2, informovanost o n\u00e1kladech, optimalizaci efektivity a z\u00e1rove\u0148 na pr\u016flom v logistice.<\/p>\n\n\n\n<h2 class=\"wp-block-heading\">Mise: the Easy Way&nbsp;<\/h2>\n\n\n\n<p>Pom\u00e1h\u00e1me firm\u00e1m snadno p\u0159ej\u00edt od jednor\u00e1zov\u00e9ho k v\u00edcen\u00e1sobn\u00e9mu pou\u017eit\u00ed. V\u0161echny kroky k tomu pot\u0159ebn\u00e9 nab\u00edz\u00edme p\u0159ehledn\u011b v r\u00e1mci platformy PCT Online. D\u016fle\u017eit\u00fdm prvn\u00edm krokem je odevzd\u00e1n\u00ed nestandardizovan\u00fdch palet a jin\u00fdch RTI a jejich nahrazen\u00ed v\u00edcen\u00e1sobnou variantou: v\u010detn\u011b europalet EUR. Druh\u00fdm d\u016fle\u017eit\u00fdm krokem je \u2018logov\u00e1n\u00ed\u2019: v\u011bd\u011bt, kter\u00e9 palety jsou kde v jak\u00fdch cenov\u00fdch dohod\u00e1ch.\u00a0\u00a0<\/p>\n\n\n\n<p>P\u0159echod z jednor\u00e1zov\u00e9ho na v\u00edce\u00fa\u010delov\u00e9 pou\u017eit\u00ed p\u0159inese finan\u010dn\u00ed p\u0159\u00ednos cel\u00e9mu logistick\u00e9mu \u0159et\u011bzci - krom\u011b udr\u017eitelnosti - v kr\u00e1tkodob\u00e9m, ale ur\u010dit\u011b i v dlouhodob\u00e9m horizontu.&nbsp;<\/p>\n\n\n\n<p><strong>Jste p\u0159ipraveni na budoucnost sdru\u017eov\u00e1n\u00ed palet?<\/strong>&nbsp;<\/p>\n\n\n\n<div class=\"wp-block-buttons is-layout-flex wp-block-buttons-is-layout-flex\">\n<div class=\"wp-block-button\"><a class=\"wp-block-button__link has-white-color has-green-background-color has-text-color has-background has-link-color wp-element-button\" href=\"https:\/\/portal.pct-online.eu\/register\" target=\"_blank\" rel=\"noreferrer noopener\">Aktivace \u00fa\u010dtu<\/a><\/div>\n<\/div>\n<\/div>\n<\/div>\n\n\n\n<hr class=\"wp-block-separator has-alpha-channel-opacity\"\/>\n\n\n\n<figure class=\"wp-block-image size-large\"><img fetchpriority=\"high\" decoding=\"async\" width=\"1024\" height=\"216\" src=\"http:\/\/www.palletcontroltower.eu\/wp-content\/uploads\/2023\/12\/headerbeeld_0007_PalletControlTower_Large_distribution_center-1024x216.jpg\" alt=\"\" class=\"wp-image-642\" srcset=\"https:\/\/www.palletcontroltower.eu\/wp-content\/uploads\/2023\/12\/headerbeeld_0007_PalletControlTower_Large_distribution_center-1024x216.jpg 1024w, https:\/\/www.palletcontroltower.eu\/wp-content\/uploads\/2023\/12\/headerbeeld_0007_PalletControlTower_Large_distribution_center-300x63.jpg 300w, https:\/\/www.palletcontroltower.eu\/wp-content\/uploads\/2023\/12\/headerbeeld_0007_PalletControlTower_Large_distribution_center-768x162.jpg 768w, https:\/\/www.palletcontroltower.eu\/wp-content\/uploads\/2023\/12\/headerbeeld_0007_PalletControlTower_Large_distribution_center-1536x324.jpg 1536w, https:\/\/www.palletcontroltower.eu\/wp-content\/uploads\/2023\/12\/headerbeeld_0007_PalletControlTower_Large_distribution_center-18x4.jpg 18w, https:\/\/www.palletcontroltower.eu\/wp-content\/uploads\/2023\/12\/headerbeeld_0007_PalletControlTower_Large_distribution_center.jpg 1800w\" sizes=\"(max-width: 1024px) 100vw, 1024px\" \/><\/figure>\n\n\n\n<hr class=\"wp-block-separator has-alpha-channel-opacity\"\/>\n\n\n\n<blockquote class=\"wp-block-quote is-layout-flow wp-block-quote-is-layout-flow\">\n<p class=\"has-text-align-center\">Vyhn\u011bte se stresu na palet\u00e1ch! Pallet Control Tower je evropsk\u00fdm standardem a platformou pro sb\u011br a dod\u00e1n\u00ed pomoc\u00ed p\u00e1rov\u00e1n\u00ed pro europalety a dal\u0161\u00ed vratn\u00e9 p\u0159epravn\u00ed polo\u017eky. Usnad\u0148ujeme otev\u0159en\u00fd pooling od A do Z. A d\u011bl\u00e1me paletovou logistiku op\u011bt zvl\u00e1dnutelnou.<\/p>\n<\/blockquote>\n\n\n\n<hr class=\"wp-block-separator has-alpha-channel-opacity\"\/>\n\n\n\n<div class=\"wp-block-columns is-layout-flex wp-container-core-columns-is-layout-28f84493 wp-block-columns-is-layout-flex\"><\/div>","protected":false},"excerpt":{"rendered":"<p>Visie: we nemen onze verantwoordelijkheid Automatisering, kosten maar vooral duurzaamheid hebben de laatste jaren op alle vlakken een vlucht genomen. Ook de wereld van pallets en andere Returnable Transport Items (RTI\u2019s) moet hierin mee om niet de aansluiting te verliezen. Re-use, recycle en repair zijn de kernwoorden. Door gebruik te maken van PCT Online zijn [&hellip;]<\/p>\n","protected":false},"author":1,"featured_media":0,"parent":64,"menu_order":0,"comment_status":"closed","ping_status":"closed","template":"","meta":{"footnotes":""},"class_list":["post-68","page","type-page","status-publish","hentry"],"yoast_head":"<!-- This site is optimized with the Yoast SEO plugin v27.3 - https:\/\/yoast.com\/product\/yoast-seo-wordpress\/ -->\n<title>Missie en visie - Pallet Control Tower<\/title>\n<meta name=\"description\" content=\"De missie en visie van Pallet Control Tower: een meer duurzame manier van pallet logistiek - op een zo eenvoudige wijze geoperationaliseerd\" \/>\n<meta name=\"robots\" content=\"index, follow, max-snippet:-1, max-image-preview:large, max-video-preview:-1\" \/>\n<link rel=\"canonical\" href=\"https:\/\/www.palletcontroltower.eu\/cs\/o-nas\/poslani-a-vize\/\" \/>\n<meta property=\"og:locale\" content=\"cs_CZ\" \/>\n<meta property=\"og:type\" content=\"article\" \/>\n<meta property=\"og:title\" content=\"Missie en visie - Pallet Control Tower\" \/>\n<meta property=\"og:description\" content=\"De missie en visie van Pallet Control Tower: een meer duurzame manier van pallet logistiek - op een zo eenvoudige wijze geoperationaliseerd\" \/>\n<meta property=\"og:url\" content=\"https:\/\/www.palletcontroltower.eu\/cs\/o-nas\/poslani-a-vize\/\" \/>\n<meta property=\"og:site_name\" content=\"Pallet Control Tower\" \/>\n<meta property=\"article:modified_time\" content=\"2026-01-30T09:52:36+00:00\" \/>\n<meta property=\"og:image\" content=\"https:\/\/www.palletcontroltower.eu\/wp-content\/uploads\/2023\/12\/headerbeeld_0007_PalletControlTower_Large_distribution_center.jpg\" \/>\n\t<meta property=\"og:image:width\" content=\"1800\" \/>\n\t<meta property=\"og:image:height\" content=\"380\" \/>\n\t<meta property=\"og:image:type\" content=\"image\/jpeg\" \/>\n<meta name=\"twitter:card\" content=\"summary_large_image\" \/>\n<meta name=\"twitter:label1\" content=\"Odhadovan\u00e1 doba \u010dten\u00ed\" \/>\n\t<meta name=\"twitter:data1\" content=\"2 minuty\" \/>\n<script type=\"application\/ld+json\" class=\"yoast-schema-graph\">{\"@context\":\"https:\\\/\\\/schema.org\",\"@graph\":[{\"@type\":\"WebPage\",\"@id\":\"https:\\\/\\\/www.palletcontroltower.eu\\\/over-ons\\\/missie-en-visie\\\/\",\"url\":\"https:\\\/\\\/www.palletcontroltower.eu\\\/over-ons\\\/missie-en-visie\\\/\",\"name\":\"Missie en visie - Pallet Control Tower\",\"isPartOf\":{\"@id\":\"https:\\\/\\\/www.palletcontroltower.eu\\\/#website\"},\"primaryImageOfPage\":{\"@id\":\"https:\\\/\\\/www.palletcontroltower.eu\\\/over-ons\\\/missie-en-visie\\\/#primaryimage\"},\"image\":{\"@id\":\"https:\\\/\\\/www.palletcontroltower.eu\\\/over-ons\\\/missie-en-visie\\\/#primaryimage\"},\"thumbnailUrl\":\"http:\\\/\\\/www.palletcontroltower.eu\\\/wp-content\\\/uploads\\\/2023\\\/12\\\/headerbeeld_0007_PalletControlTower_Large_distribution_center-1024x216.jpg\",\"datePublished\":\"2023-11-22T08:05:58+00:00\",\"dateModified\":\"2026-01-30T09:52:36+00:00\",\"description\":\"De missie en visie van Pallet Control Tower: een meer duurzame manier van pallet logistiek - op een zo eenvoudige wijze geoperationaliseerd\",\"breadcrumb\":{\"@id\":\"https:\\\/\\\/www.palletcontroltower.eu\\\/over-ons\\\/missie-en-visie\\\/#breadcrumb\"},\"inLanguage\":\"cs\",\"potentialAction\":[{\"@type\":\"ReadAction\",\"target\":[\"https:\\\/\\\/www.palletcontroltower.eu\\\/over-ons\\\/missie-en-visie\\\/\"]}]},{\"@type\":\"ImageObject\",\"inLanguage\":\"cs\",\"@id\":\"https:\\\/\\\/www.palletcontroltower.eu\\\/over-ons\\\/missie-en-visie\\\/#primaryimage\",\"url\":\"http:\\\/\\\/www.palletcontroltower.eu\\\/wp-content\\\/uploads\\\/2023\\\/12\\\/headerbeeld_0007_PalletControlTower_Large_distribution_center-1024x216.jpg\",\"contentUrl\":\"http:\\\/\\\/www.palletcontroltower.eu\\\/wp-content\\\/uploads\\\/2023\\\/12\\\/headerbeeld_0007_PalletControlTower_Large_distribution_center-1024x216.jpg\"},{\"@type\":\"BreadcrumbList\",\"@id\":\"https:\\\/\\\/www.palletcontroltower.eu\\\/over-ons\\\/missie-en-visie\\\/#breadcrumb\",\"itemListElement\":[{\"@type\":\"ListItem\",\"position\":1,\"name\":\"Home\",\"item\":\"https:\\\/\\\/www.palletcontroltower.eu\\\/\"},{\"@type\":\"ListItem\",\"position\":2,\"name\":\"Over ons\",\"item\":\"https:\\\/\\\/www.palletcontroltower.eu\\\/over-ons\\\/\"},{\"@type\":\"ListItem\",\"position\":3,\"name\":\"Missie en visie\"}]},{\"@type\":\"WebSite\",\"@id\":\"https:\\\/\\\/www.palletcontroltower.eu\\\/#website\",\"url\":\"https:\\\/\\\/www.palletcontroltower.eu\\\/\",\"name\":\"Pallet Control Tower\",\"description\":\"\",\"publisher\":{\"@id\":\"https:\\\/\\\/www.palletcontroltower.eu\\\/#organization\"},\"potentialAction\":[{\"@type\":\"SearchAction\",\"target\":{\"@type\":\"EntryPoint\",\"urlTemplate\":\"https:\\\/\\\/www.palletcontroltower.eu\\\/?s={search_term_string}\"},\"query-input\":{\"@type\":\"PropertyValueSpecification\",\"valueRequired\":true,\"valueName\":\"search_term_string\"}}],\"inLanguage\":\"cs\"},{\"@type\":\"Organization\",\"@id\":\"https:\\\/\\\/www.palletcontroltower.eu\\\/#organization\",\"name\":\"Pallet Control Tower\",\"url\":\"https:\\\/\\\/www.palletcontroltower.eu\\\/\",\"logo\":{\"@type\":\"ImageObject\",\"inLanguage\":\"cs\",\"@id\":\"https:\\\/\\\/www.palletcontroltower.eu\\\/#\\\/schema\\\/logo\\\/image\\\/\",\"url\":\"https:\\\/\\\/www.palletcontroltower.eu\\\/wp-content\\\/uploads\\\/2023\\\/10\\\/logo.svg\",\"contentUrl\":\"https:\\\/\\\/www.palletcontroltower.eu\\\/wp-content\\\/uploads\\\/2023\\\/10\\\/logo.svg\",\"width\":290,\"height\":87,\"caption\":\"Pallet Control Tower\"},\"image\":{\"@id\":\"https:\\\/\\\/www.palletcontroltower.eu\\\/#\\\/schema\\\/logo\\\/image\\\/\"}}]}<\/script>\n<!-- \/ Yoast SEO plugin. -->","yoast_head_json":{"title":"Posl\u00e1n\u00ed a vize - \u0158\u00eddic\u00ed v\u011b\u017e pro palety","description":"Posl\u00e1n\u00ed a vize spole\u010dnosti Pallet Control Tower: udr\u017eiteln\u011bj\u0161\u00ed zp\u016fsob paletov\u00e9 logistiky - co nejjednodu\u0161\u0161\u00ed zp\u016fsob fungov\u00e1n\u00ed","robots":{"index":"index","follow":"follow","max-snippet":"max-snippet:-1","max-image-preview":"max-image-preview:large","max-video-preview":"max-video-preview:-1"},"canonical":"https:\/\/www.palletcontroltower.eu\/cs\/o-nas\/poslani-a-vize\/","og_locale":"cs_CZ","og_type":"article","og_title":"Missie en visie - Pallet Control Tower","og_description":"De missie en visie van Pallet Control Tower: een meer duurzame manier van pallet logistiek - op een zo eenvoudige wijze geoperationaliseerd","og_url":"https:\/\/www.palletcontroltower.eu\/cs\/o-nas\/poslani-a-vize\/","og_site_name":"Pallet Control Tower","article_modified_time":"2026-01-30T09:52:36+00:00","og_image":[{"width":1800,"height":380,"url":"https:\/\/www.palletcontroltower.eu\/wp-content\/uploads\/2023\/12\/headerbeeld_0007_PalletControlTower_Large_distribution_center.jpg","type":"image\/jpeg"}],"twitter_card":"summary_large_image","twitter_misc":{"Odhadovan\u00e1 doba \u010dten\u00ed":"2 minuty"},"schema":{"@context":"https:\/\/schema.org","@graph":[{"@type":"WebPage","@id":"https:\/\/www.palletcontroltower.eu\/over-ons\/missie-en-visie\/","url":"https:\/\/www.palletcontroltower.eu\/over-ons\/missie-en-visie\/","name":"Posl\u00e1n\u00ed a vize - \u0158\u00eddic\u00ed v\u011b\u017e pro palety","isPartOf":{"@id":"https:\/\/www.palletcontroltower.eu\/#website"},"primaryImageOfPage":{"@id":"https:\/\/www.palletcontroltower.eu\/over-ons\/missie-en-visie\/#primaryimage"},"image":{"@id":"https:\/\/www.palletcontroltower.eu\/over-ons\/missie-en-visie\/#primaryimage"},"thumbnailUrl":"http:\/\/www.palletcontroltower.eu\/wp-content\/uploads\/2023\/12\/headerbeeld_0007_PalletControlTower_Large_distribution_center-1024x216.jpg","datePublished":"2023-11-22T08:05:58+00:00","dateModified":"2026-01-30T09:52:36+00:00","description":"Posl\u00e1n\u00ed a vize spole\u010dnosti Pallet Control Tower: udr\u017eiteln\u011bj\u0161\u00ed zp\u016fsob paletov\u00e9 logistiky - co nejjednodu\u0161\u0161\u00ed zp\u016fsob fungov\u00e1n\u00ed","breadcrumb":{"@id":"https:\/\/www.palletcontroltower.eu\/over-ons\/missie-en-visie\/#breadcrumb"},"inLanguage":"cs","potentialAction":[{"@type":"ReadAction","target":["https:\/\/www.palletcontroltower.eu\/over-ons\/missie-en-visie\/"]}]},{"@type":"ImageObject","inLanguage":"cs","@id":"https:\/\/www.palletcontroltower.eu\/over-ons\/missie-en-visie\/#primaryimage","url":"http:\/\/www.palletcontroltower.eu\/wp-content\/uploads\/2023\/12\/headerbeeld_0007_PalletControlTower_Large_distribution_center-1024x216.jpg","contentUrl":"http:\/\/www.palletcontroltower.eu\/wp-content\/uploads\/2023\/12\/headerbeeld_0007_PalletControlTower_Large_distribution_center-1024x216.jpg"},{"@type":"BreadcrumbList","@id":"https:\/\/www.palletcontroltower.eu\/over-ons\/missie-en-visie\/#breadcrumb","itemListElement":[{"@type":"ListItem","position":1,"name":"Home","item":"https:\/\/www.palletcontroltower.eu\/"},{"@type":"ListItem","position":2,"name":"Over ons","item":"https:\/\/www.palletcontroltower.eu\/over-ons\/"},{"@type":"ListItem","position":3,"name":"Missie en visie"}]},{"@type":"WebSite","@id":"https:\/\/www.palletcontroltower.eu\/#website","url":"https:\/\/www.palletcontroltower.eu\/","name":"Kontroln\u00ed v\u011b\u017e pro palety","description":"","publisher":{"@id":"https:\/\/www.palletcontroltower.eu\/#organization"},"potentialAction":[{"@type":"SearchAction","target":{"@type":"EntryPoint","urlTemplate":"https:\/\/www.palletcontroltower.eu\/?s={search_term_string}"},"query-input":{"@type":"PropertyValueSpecification","valueRequired":true,"valueName":"search_term_string"}}],"inLanguage":"cs"},{"@type":"Organization","@id":"https:\/\/www.palletcontroltower.eu\/#organization","name":"Kontroln\u00ed v\u011b\u017e pro palety","url":"https:\/\/www.palletcontroltower.eu\/","logo":{"@type":"ImageObject","inLanguage":"cs","@id":"https:\/\/www.palletcontroltower.eu\/#\/schema\/logo\/image\/","url":"https:\/\/www.palletcontroltower.eu\/wp-content\/uploads\/2023\/10\/logo.svg","contentUrl":"https:\/\/www.palletcontroltower.eu\/wp-content\/uploads\/2023\/10\/logo.svg","width":290,"height":87,"caption":"Pallet Control Tower"},"image":{"@id":"https:\/\/www.palletcontroltower.eu\/#\/schema\/logo\/image\/"}}]}},"_links":{"self":[{"href":"https:\/\/www.palletcontroltower.eu\/cs\/wp-json\/wp\/v2\/pages\/68","targetHints":{"allow":["GET"]}}],"collection":[{"href":"https:\/\/www.palletcontroltower.eu\/cs\/wp-json\/wp\/v2\/pages"}],"about":[{"href":"https:\/\/www.palletcontroltower.eu\/cs\/wp-json\/wp\/v2\/types\/page"}],"author":[{"embeddable":true,"href":"https:\/\/www.palletcontroltower.eu\/cs\/wp-json\/wp\/v2\/users\/1"}],"replies":[{"embeddable":true,"href":"https:\/\/www.palletcontroltower.eu\/cs\/wp-json\/wp\/v2\/comments?post=68"}],"version-history":[{"count":20,"href":"https:\/\/www.palletcontroltower.eu\/cs\/wp-json\/wp\/v2\/pages\/68\/revisions"}],"predecessor-version":[{"id":1235,"href":"https:\/\/www.palletcontroltower.eu\/cs\/wp-json\/wp\/v2\/pages\/68\/revisions\/1235"}],"up":[{"embeddable":true,"href":"https:\/\/www.palletcontroltower.eu\/cs\/wp-json\/wp\/v2\/pages\/64"}],"wp:attachment":[{"href":"https:\/\/www.palletcontroltower.eu\/cs\/wp-json\/wp\/v2\/media?parent=68"}],"curies":[{"name":"wp","href":"https:\/\/api.w.org\/{rel}","templated":true}]}}