{"id":70,"date":"2023-11-22T08:06:06","date_gmt":"2023-11-22T08:06:06","guid":{"rendered":"http:\/\/www.palletcontroltower.eu\/?page_id=70"},"modified":"2024-01-22T12:49:45","modified_gmt":"2024-01-22T12:49:45","slug":"volna-mista","status":"publish","type":"page","link":"https:\/\/www.palletcontroltower.eu\/cs\/vacatures\/","title":{"rendered":"Voln\u00e1 m\u00edsta"},"content":{"rendered":"<div class=\"wp-block-columns is-layout-flex wp-container-core-columns-is-layout-28f84493 wp-block-columns-is-layout-flex\">\n<div class=\"wp-block-column is-layout-flow wp-block-column-is-layout-flow\">\n<h2 class=\"wp-block-heading\">Pou\u017e\u00edt<\/h2>\n\n\n\n<p>PCT je mlad\u00e1, ale mezin\u00e1rodn\u011b rostouc\u00ed spole\u010dnost. Proto v kr\u00e1tk\u00e9 dob\u011b hled\u00e1me nov\u00e9 zam\u011bstnance po cel\u00e9 Evrop\u011b. Sledujte tuto str\u00e1nku, kde najdete aktu\u00e1ln\u00ed voln\u00e1 m\u00edsta. Brzy nap\u0159\u00edklad za\u010dneme hledat mimo jin\u00e9 account mana\u017eery a pracovn\u00edky z\u00e1kaznick\u00e9 podpory. Pracovat ve spole\u010dnosti Pallet Control Tower tedy znamen\u00e1 pracovat v n\u00e1ro\u010dn\u00e9m prost\u0159ed\u00ed, kde je vy\u017eadov\u00e1na samostatnost. V\u0161echny pozice jsou hybridn\u00ed a usnadn\u011bn\u00ed pr\u00e1ce z domova je samoz\u0159ejmost\u00ed. <\/p>\n<\/div>\n<\/div>\n\n\n\n<hr class=\"wp-block-separator has-alpha-channel-opacity\"\/>\n\n\n\n<div class=\"wp-block-columns are-vertically-aligned-center is-layout-flex wp-container-core-columns-is-layout-28f84493 wp-block-columns-is-layout-flex\">\n<div class=\"wp-block-column is-layout-flow wp-block-column-is-layout-flow\">\n<div class=\"wp-block-pb-accordion-item c-accordion__item js-accordion-item no-js\" data-initially-open=\"false\" data-click-to-close=\"true\" data-auto-close=\"true\" data-scroll=\"false\" data-scroll-offset=\"0\"><h2 id=\"at-700\" class=\"c-accordion__title js-accordion-controller\" role=\"button\">Account manager v r\u016fzn\u00fdch evropsk\u00fdch zem\u00edch - pln\u00fd \/ \u010d\u00e1ste\u010dn\u00fd \u00favazek<\/h2><div id=\"ac-700\" class=\"c-accordion__content\">\n<p>M\u00e1te n\u011bkolikaletou praxi v logistice a\/nebo mezin\u00e1rodn\u00edm obchod\u011b a r\u00e1di byste ud\u011blali dal\u0161\u00ed krok ve sv\u00e9 kari\u00e9\u0159e?<\/p>\n\n\n\n<p>Pak se nyn\u00ed chopte p\u0159\u00edle\u017eitosti d\u00e1le s n\u00e1mi r\u016fst jako account manager v jednom z na\u0161ich evropsk\u00fdch region\u016f. <\/p>\n\n\n\n<div class=\"wp-block-buttons is-layout-flex wp-block-buttons-is-layout-flex\">\n<div class=\"wp-block-button\"><a class=\"wp-block-button__link has-white-color has-blue-background-color has-text-color has-background has-link-color wp-element-button\" href=\"https:\/\/www.palletcontroltower.eu\/cs\/volna-mista\/manazer-uctu\/\" target=\"_blank\" rel=\"noreferrer noopener\">Zobrazit voln\u00e1 pracovn\u00ed m\u00edsta<\/a><\/div>\n<\/div>\n<\/div><\/div>\n\n\n\n<div class=\"wp-block-pb-accordion-item c-accordion__item js-accordion-item no-js\" data-initially-open=\"false\" data-click-to-close=\"true\" data-auto-close=\"true\" data-scroll=\"false\" data-scroll-offset=\"0\"><h2 id=\"at-701\" class=\"c-accordion__title js-accordion-controller\" role=\"button\">(Junior) Kancel\u00e1\u0159sk\u00fd \/ marketingov\u00fd asistent - \u010d\u00e1ste\u010dn\u00fd \/ pln\u00fd \u00favazek<\/h2><div id=\"ac-701\" class=\"c-accordion__content\">\n<p>Jste na za\u010d\u00e1tku sv\u00e9 kari\u00e9ry nebo ji\u017e m\u00e1te prvn\u00ed pracovn\u00ed zku\u0161enosti na pozici v kancel\u00e1\u0159i a\/nebo marketingu\/komunikaci a r\u00e1di byste ud\u011blali dal\u0161\u00ed krok ve sv\u00e9 kari\u00e9\u0159e?<\/p>\n\n\n\n<p>Pak se chopte sv\u00e9 \u0161ance r\u016fst s n\u00e1mi jako kancel\u00e1\u0159sk\u00fd a marketingov\u00fd asistent!<\/p>\n\n\n\n<div class=\"wp-block-buttons is-layout-flex wp-block-buttons-is-layout-flex\">\n<div class=\"wp-block-button\"><a class=\"wp-block-button__link has-white-color has-blue-background-color has-text-color has-background has-link-color wp-element-button\" href=\"https:\/\/www.palletcontroltower.eu\/cs\/volna-mista\/juniorni-asistentka-marketingu-v-kancelari\/\" target=\"_blank\" rel=\"noreferrer noopener\">Zobrazit voln\u00e1 pracovn\u00ed m\u00edsta<\/a><\/div>\n<\/div>\n<\/div><\/div>\n<\/div>\n<\/div>\n\n\n\n<hr class=\"wp-block-separator has-alpha-channel-opacity\"\/>\n\n\n\n<blockquote class=\"wp-block-quote is-layout-flow wp-block-quote-is-layout-flow\">\n<p class=\"has-text-align-center\">P\u0159edch\u00e1zejte nam\u00e1h\u00e1n\u00ed palet. Pallet Control Tower je evropsk\u00fdm standardem a platformou pro Collection &amp; Delivery by Matching pro europalety a jinak RTI. Usnad\u0148ujeme otev\u0159en\u00fd pooling od A do Z. A d\u011bl\u00e1me paletovou logistiku op\u011bt zvl\u00e1dnutelnou.<\/p>\n<\/blockquote>\n\n\n\n<hr class=\"wp-block-separator has-alpha-channel-opacity\"\/>\n\n\n\n<figure class=\"wp-block-image size-full\"><img fetchpriority=\"high\" decoding=\"async\" width=\"2121\" height=\"1414\" src=\"http:\/\/www.palletcontroltower.eu\/wp-content\/uploads\/2024\/01\/Coworkers_hybridmeeting.jpg\" alt=\"spolupr\u00e1ce na hybridn\u00edm setk\u00e1n\u00ed\" class=\"wp-image-1171\" style=\"aspect-ratio:16\/9;object-fit:cover\" srcset=\"https:\/\/www.palletcontroltower.eu\/wp-content\/uploads\/2024\/01\/Coworkers_hybridmeeting.jpg 2121w, https:\/\/www.palletcontroltower.eu\/wp-content\/uploads\/2024\/01\/Coworkers_hybridmeeting-300x200.jpg 300w, https:\/\/www.palletcontroltower.eu\/wp-content\/uploads\/2024\/01\/Coworkers_hybridmeeting-1024x683.jpg 1024w, https:\/\/www.palletcontroltower.eu\/wp-content\/uploads\/2024\/01\/Coworkers_hybridmeeting-768x512.jpg 768w, https:\/\/www.palletcontroltower.eu\/wp-content\/uploads\/2024\/01\/Coworkers_hybridmeeting-1536x1024.jpg 1536w, https:\/\/www.palletcontroltower.eu\/wp-content\/uploads\/2024\/01\/Coworkers_hybridmeeting-2048x1365.jpg 2048w, https:\/\/www.palletcontroltower.eu\/wp-content\/uploads\/2024\/01\/Coworkers_hybridmeeting-18x12.jpg 18w\" sizes=\"(max-width: 2121px) 100vw, 2121px\" \/><\/figure>\n\n\n\n<hr class=\"wp-block-separator has-alpha-channel-opacity\"\/>","protected":false},"excerpt":{"rendered":"<p>Solliciteer PCT is een jong maar internationaal groeiend bedrijf. Daarom zijn we op korte termijn op zoek naar nieuwe medewerkers door heel Europa. Hou deze pagina in de gaten voor de actuele vacatures. Zo starten we binnenkort de zoektocht naar o.a. accountmanagers en customer support medewerkers. Werken bij Pallet Control Tower betekent dus werken in [&hellip;]<\/p>\n","protected":false},"author":1,"featured_media":0,"parent":0,"menu_order":0,"comment_status":"closed","ping_status":"closed","template":"","meta":{"footnotes":""},"class_list":["post-70","page","type-page","status-publish","hentry"],"yoast_head":"<!-- This site is optimized with the Yoast SEO plugin v27.3 - https:\/\/yoast.com\/product\/yoast-seo-wordpress\/ -->\n<title>Vacatures - Pallet Control Tower<\/title>\n<meta name=\"description\" content=\"Een overzicht van de actuele vacatures die Pallet Control Tower internationaal en Europees heeft uitstaan om de groei te faciliteren.\" \/>\n<meta name=\"robots\" content=\"index, follow, max-snippet:-1, max-image-preview:large, max-video-preview:-1\" \/>\n<link rel=\"canonical\" href=\"https:\/\/www.palletcontroltower.eu\/cs\/volna-mista\/\" \/>\n<meta property=\"og:locale\" content=\"cs_CZ\" \/>\n<meta property=\"og:type\" content=\"article\" \/>\n<meta property=\"og:title\" content=\"Vacatures - Pallet Control Tower\" \/>\n<meta property=\"og:description\" content=\"Een overzicht van de actuele vacatures die Pallet Control Tower internationaal en Europees heeft uitstaan om de groei te faciliteren.\" \/>\n<meta property=\"og:url\" content=\"https:\/\/www.palletcontroltower.eu\/cs\/volna-mista\/\" \/>\n<meta property=\"og:site_name\" content=\"Pallet Control Tower\" \/>\n<meta property=\"article:modified_time\" content=\"2024-01-22T12:49:45+00:00\" \/>\n<meta property=\"og:image\" content=\"http:\/\/www.palletcontroltower.eu\/wp-content\/uploads\/2024\/01\/Coworkers_hybridmeeting.jpg\" \/>\n<meta name=\"twitter:card\" content=\"summary_large_image\" \/>\n<meta name=\"twitter:label1\" content=\"Odhadovan\u00e1 doba \u010dten\u00ed\" \/>\n\t<meta name=\"twitter:data1\" content=\"2 minuty\" \/>\n<script type=\"application\/ld+json\" class=\"yoast-schema-graph\">{\"@context\":\"https:\\\/\\\/schema.org\",\"@graph\":[{\"@type\":\"WebPage\",\"@id\":\"https:\\\/\\\/www.palletcontroltower.eu\\\/vacatures\\\/\",\"url\":\"https:\\\/\\\/www.palletcontroltower.eu\\\/vacatures\\\/\",\"name\":\"Vacatures - Pallet Control Tower\",\"isPartOf\":{\"@id\":\"https:\\\/\\\/www.palletcontroltower.eu\\\/#website\"},\"primaryImageOfPage\":{\"@id\":\"https:\\\/\\\/www.palletcontroltower.eu\\\/vacatures\\\/#primaryimage\"},\"image\":{\"@id\":\"https:\\\/\\\/www.palletcontroltower.eu\\\/vacatures\\\/#primaryimage\"},\"thumbnailUrl\":\"http:\\\/\\\/www.palletcontroltower.eu\\\/wp-content\\\/uploads\\\/2024\\\/01\\\/Coworkers_hybridmeeting.jpg\",\"datePublished\":\"2023-11-22T08:06:06+00:00\",\"dateModified\":\"2024-01-22T12:49:45+00:00\",\"description\":\"Een overzicht van de actuele vacatures die Pallet Control Tower internationaal en Europees heeft uitstaan om de groei te faciliteren.\",\"breadcrumb\":{\"@id\":\"https:\\\/\\\/www.palletcontroltower.eu\\\/vacatures\\\/#breadcrumb\"},\"inLanguage\":\"cs\",\"potentialAction\":[{\"@type\":\"ReadAction\",\"target\":[\"https:\\\/\\\/www.palletcontroltower.eu\\\/vacatures\\\/\"]}]},{\"@type\":\"ImageObject\",\"inLanguage\":\"cs\",\"@id\":\"https:\\\/\\\/www.palletcontroltower.eu\\\/vacatures\\\/#primaryimage\",\"url\":\"http:\\\/\\\/www.palletcontroltower.eu\\\/wp-content\\\/uploads\\\/2024\\\/01\\\/Coworkers_hybridmeeting.jpg\",\"contentUrl\":\"http:\\\/\\\/www.palletcontroltower.eu\\\/wp-content\\\/uploads\\\/2024\\\/01\\\/Coworkers_hybridmeeting.jpg\"},{\"@type\":\"BreadcrumbList\",\"@id\":\"https:\\\/\\\/www.palletcontroltower.eu\\\/vacatures\\\/#breadcrumb\",\"itemListElement\":[{\"@type\":\"ListItem\",\"position\":1,\"name\":\"Home\",\"item\":\"https:\\\/\\\/www.palletcontroltower.eu\\\/\"},{\"@type\":\"ListItem\",\"position\":2,\"name\":\"Vacatures\"}]},{\"@type\":\"WebSite\",\"@id\":\"https:\\\/\\\/www.palletcontroltower.eu\\\/#website\",\"url\":\"https:\\\/\\\/www.palletcontroltower.eu\\\/\",\"name\":\"Pallet Control Tower\",\"description\":\"\",\"publisher\":{\"@id\":\"https:\\\/\\\/www.palletcontroltower.eu\\\/#organization\"},\"potentialAction\":[{\"@type\":\"SearchAction\",\"target\":{\"@type\":\"EntryPoint\",\"urlTemplate\":\"https:\\\/\\\/www.palletcontroltower.eu\\\/?s={search_term_string}\"},\"query-input\":{\"@type\":\"PropertyValueSpecification\",\"valueRequired\":true,\"valueName\":\"search_term_string\"}}],\"inLanguage\":\"cs\"},{\"@type\":\"Organization\",\"@id\":\"https:\\\/\\\/www.palletcontroltower.eu\\\/#organization\",\"name\":\"Pallet Control Tower\",\"url\":\"https:\\\/\\\/www.palletcontroltower.eu\\\/\",\"logo\":{\"@type\":\"ImageObject\",\"inLanguage\":\"cs\",\"@id\":\"https:\\\/\\\/www.palletcontroltower.eu\\\/#\\\/schema\\\/logo\\\/image\\\/\",\"url\":\"https:\\\/\\\/www.palletcontroltower.eu\\\/wp-content\\\/uploads\\\/2023\\\/10\\\/logo.svg\",\"contentUrl\":\"https:\\\/\\\/www.palletcontroltower.eu\\\/wp-content\\\/uploads\\\/2023\\\/10\\\/logo.svg\",\"width\":290,\"height\":87,\"caption\":\"Pallet Control Tower\"},\"image\":{\"@id\":\"https:\\\/\\\/www.palletcontroltower.eu\\\/#\\\/schema\\\/logo\\\/image\\\/\"}}]}<\/script>\n<!-- \/ Yoast SEO plugin. -->","yoast_head_json":{"title":"Voln\u00e1 pracovn\u00ed m\u00edsta - kontroln\u00ed v\u011b\u017e pro palety","description":"P\u0159ehled aktu\u00e1ln\u00edch voln\u00fdch pracovn\u00edch m\u00edst Pallet Control Tower, kter\u00e1 jsou v mezin\u00e1rodn\u00edm m\u011b\u0159\u00edtku a v Evrop\u011b mimo\u0159\u00e1dn\u011b obsazena, aby se usnadnil r\u016fst.","robots":{"index":"index","follow":"follow","max-snippet":"max-snippet:-1","max-image-preview":"max-image-preview:large","max-video-preview":"max-video-preview:-1"},"canonical":"https:\/\/www.palletcontroltower.eu\/cs\/volna-mista\/","og_locale":"cs_CZ","og_type":"article","og_title":"Vacatures - Pallet Control Tower","og_description":"Een overzicht van de actuele vacatures die Pallet Control Tower internationaal en Europees heeft uitstaan om de groei te faciliteren.","og_url":"https:\/\/www.palletcontroltower.eu\/cs\/volna-mista\/","og_site_name":"Pallet Control Tower","article_modified_time":"2024-01-22T12:49:45+00:00","og_image":[{"url":"http:\/\/www.palletcontroltower.eu\/wp-content\/uploads\/2024\/01\/Coworkers_hybridmeeting.jpg","type":"","width":"","height":""}],"twitter_card":"summary_large_image","twitter_misc":{"Odhadovan\u00e1 doba \u010dten\u00ed":"2 minuty"},"schema":{"@context":"https:\/\/schema.org","@graph":[{"@type":"WebPage","@id":"https:\/\/www.palletcontroltower.eu\/vacatures\/","url":"https:\/\/www.palletcontroltower.eu\/vacatures\/","name":"Voln\u00e1 pracovn\u00ed m\u00edsta - kontroln\u00ed v\u011b\u017e pro palety","isPartOf":{"@id":"https:\/\/www.palletcontroltower.eu\/#website"},"primaryImageOfPage":{"@id":"https:\/\/www.palletcontroltower.eu\/vacatures\/#primaryimage"},"image":{"@id":"https:\/\/www.palletcontroltower.eu\/vacatures\/#primaryimage"},"thumbnailUrl":"http:\/\/www.palletcontroltower.eu\/wp-content\/uploads\/2024\/01\/Coworkers_hybridmeeting.jpg","datePublished":"2023-11-22T08:06:06+00:00","dateModified":"2024-01-22T12:49:45+00:00","description":"P\u0159ehled aktu\u00e1ln\u00edch voln\u00fdch pracovn\u00edch m\u00edst Pallet Control Tower, kter\u00e1 jsou v mezin\u00e1rodn\u00edm m\u011b\u0159\u00edtku a v Evrop\u011b mimo\u0159\u00e1dn\u011b obsazena, aby se usnadnil r\u016fst.","breadcrumb":{"@id":"https:\/\/www.palletcontroltower.eu\/vacatures\/#breadcrumb"},"inLanguage":"cs","potentialAction":[{"@type":"ReadAction","target":["https:\/\/www.palletcontroltower.eu\/vacatures\/"]}]},{"@type":"ImageObject","inLanguage":"cs","@id":"https:\/\/www.palletcontroltower.eu\/vacatures\/#primaryimage","url":"http:\/\/www.palletcontroltower.eu\/wp-content\/uploads\/2024\/01\/Coworkers_hybridmeeting.jpg","contentUrl":"http:\/\/www.palletcontroltower.eu\/wp-content\/uploads\/2024\/01\/Coworkers_hybridmeeting.jpg"},{"@type":"BreadcrumbList","@id":"https:\/\/www.palletcontroltower.eu\/vacatures\/#breadcrumb","itemListElement":[{"@type":"ListItem","position":1,"name":"Home","item":"https:\/\/www.palletcontroltower.eu\/"},{"@type":"ListItem","position":2,"name":"Vacatures"}]},{"@type":"WebSite","@id":"https:\/\/www.palletcontroltower.eu\/#website","url":"https:\/\/www.palletcontroltower.eu\/","name":"Kontroln\u00ed v\u011b\u017e pro palety","description":"","publisher":{"@id":"https:\/\/www.palletcontroltower.eu\/#organization"},"potentialAction":[{"@type":"SearchAction","target":{"@type":"EntryPoint","urlTemplate":"https:\/\/www.palletcontroltower.eu\/?s={search_term_string}"},"query-input":{"@type":"PropertyValueSpecification","valueRequired":true,"valueName":"search_term_string"}}],"inLanguage":"cs"},{"@type":"Organization","@id":"https:\/\/www.palletcontroltower.eu\/#organization","name":"Kontroln\u00ed v\u011b\u017e pro palety","url":"https:\/\/www.palletcontroltower.eu\/","logo":{"@type":"ImageObject","inLanguage":"cs","@id":"https:\/\/www.palletcontroltower.eu\/#\/schema\/logo\/image\/","url":"https:\/\/www.palletcontroltower.eu\/wp-content\/uploads\/2023\/10\/logo.svg","contentUrl":"https:\/\/www.palletcontroltower.eu\/wp-content\/uploads\/2023\/10\/logo.svg","width":290,"height":87,"caption":"Pallet Control Tower"},"image":{"@id":"https:\/\/www.palletcontroltower.eu\/#\/schema\/logo\/image\/"}}]}},"_links":{"self":[{"href":"https:\/\/www.palletcontroltower.eu\/cs\/wp-json\/wp\/v2\/pages\/70","targetHints":{"allow":["GET"]}}],"collection":[{"href":"https:\/\/www.palletcontroltower.eu\/cs\/wp-json\/wp\/v2\/pages"}],"about":[{"href":"https:\/\/www.palletcontroltower.eu\/cs\/wp-json\/wp\/v2\/types\/page"}],"author":[{"embeddable":true,"href":"https:\/\/www.palletcontroltower.eu\/cs\/wp-json\/wp\/v2\/users\/1"}],"replies":[{"embeddable":true,"href":"https:\/\/www.palletcontroltower.eu\/cs\/wp-json\/wp\/v2\/comments?post=70"}],"version-history":[{"count":14,"href":"https:\/\/www.palletcontroltower.eu\/cs\/wp-json\/wp\/v2\/pages\/70\/revisions"}],"predecessor-version":[{"id":1191,"href":"https:\/\/www.palletcontroltower.eu\/cs\/wp-json\/wp\/v2\/pages\/70\/revisions\/1191"}],"wp:attachment":[{"href":"https:\/\/www.palletcontroltower.eu\/cs\/wp-json\/wp\/v2\/media?parent=70"}],"curies":[{"name":"wp","href":"https:\/\/api.w.org\/{rel}","templated":true}]}}