{"id":755,"date":"2023-12-27T14:57:05","date_gmt":"2023-12-27T14:57:05","guid":{"rendered":"http:\/\/www.palletcontroltower.eu\/over-ons\/wie-is-pct-copy\/"},"modified":"2026-01-30T09:53:28","modified_gmt":"2026-01-30T09:53:28","slug":"chytrejsi-sprava-palet","status":"publish","type":"page","link":"https:\/\/www.palletcontroltower.eu\/cs\/over-ons\/slimmer-palletmanagement\/","title":{"rendered":"Chyt\u0159ej\u0161\u00ed spr\u00e1va palet"},"content":{"rendered":"<div class=\"wp-block-columns is-layout-flex wp-container-core-columns-is-layout-28f84493 wp-block-columns-is-layout-flex\">\n<div class=\"wp-block-column is-layout-flow wp-block-column-is-layout-flow\">\n<h2 class=\"wp-block-heading\">Snadn\u00e9 jako 1-2-3<\/h2>\n\n\n\n<p>P\u0159esta\u0148te ztr\u00e1cet \u010das. Zn\u00e1me probl\u00e9my v otev\u0159en\u00e9m baz\u00e9nu, proto\u017ee je v\u0161ichni za\u017e\u00edv\u00e1me. PCT Online je \u0159e\u0161\u00ed za v\u00e1s!&nbsp;<\/p>\n\n\n\n<p>Paletov\u00e1 \u0159\u00eddic\u00ed v\u011b\u017e (PCT) je evropsk\u00fdm standardem a platformou v otev\u0159en\u00e9m poolingu pro europalety a dal\u0161\u00ed RTI. Platforma PCTO byla vyvinuta s c\u00edlem zajistit bezpe\u010dnou, n\u00e1kladov\u011b efektivn\u00ed a vysoce kvalitn\u00ed v\u00fdm\u011bnu palet pro v\u0161echny logistick\u00e9 strany zapojen\u00e9 do paletov\u00e9ho poolingu. PCT Online v\u00e1m pom\u00e1h\u00e1 st\u00e1t se udr\u017eiteln\u011bj\u0161\u00edmi, p\u0159edj\u00edm\u00e1 novou bruselskou sm\u011brnici PPWD a p\u0159isp\u00edv\u00e1 k c\u00edl\u016fm udr\u017eiteln\u00e9ho rozvoje OSN (SDG).<\/p>\n\n\n\n<div class=\"wp-block-buttons is-layout-flex wp-block-buttons-is-layout-flex\">\n<div class=\"wp-block-button\"><a class=\"wp-block-button__link has-white-color has-green-background-color has-text-color has-background has-link-color wp-element-button\" href=\"http:\/\/www.palletcontroltower.eu\/cs\/jak-to-funguje\/co-delame\/\" target=\"_blank\" rel=\"noreferrer noopener\">Pod\u00edvejte se, jak to funguje, zde<\/a><\/div>\n<\/div>\n<\/div>\n<\/div>\n\n\n\n<hr class=\"wp-block-separator has-alpha-channel-opacity\"\/>\n\n\n\n<div class=\"wp-block-columns are-vertically-aligned-center is-layout-flex wp-container-core-columns-is-layout-28f84493 wp-block-columns-is-layout-flex\">\n<div class=\"wp-block-column is-vertically-aligned-center is-layout-flow wp-block-column-is-layout-flow\">\n<figure class=\"wp-block-image size-full\"><img fetchpriority=\"high\" decoding=\"async\" width=\"1800\" height=\"380\" src=\"http:\/\/www.palletcontroltower.eu\/wp-content\/uploads\/2023\/12\/headerbeeld_0003_PalletControlTower_Transport_delivery_warehouse.jpg\" alt=\"\" class=\"wp-image-638\" style=\"aspect-ratio:1;object-fit:cover\" srcset=\"https:\/\/www.palletcontroltower.eu\/wp-content\/uploads\/2023\/12\/headerbeeld_0003_PalletControlTower_Transport_delivery_warehouse.jpg 1800w, https:\/\/www.palletcontroltower.eu\/wp-content\/uploads\/2023\/12\/headerbeeld_0003_PalletControlTower_Transport_delivery_warehouse-300x63.jpg 300w, https:\/\/www.palletcontroltower.eu\/wp-content\/uploads\/2023\/12\/headerbeeld_0003_PalletControlTower_Transport_delivery_warehouse-1024x216.jpg 1024w, https:\/\/www.palletcontroltower.eu\/wp-content\/uploads\/2023\/12\/headerbeeld_0003_PalletControlTower_Transport_delivery_warehouse-768x162.jpg 768w, https:\/\/www.palletcontroltower.eu\/wp-content\/uploads\/2023\/12\/headerbeeld_0003_PalletControlTower_Transport_delivery_warehouse-1536x324.jpg 1536w, https:\/\/www.palletcontroltower.eu\/wp-content\/uploads\/2023\/12\/headerbeeld_0003_PalletControlTower_Transport_delivery_warehouse-18x4.jpg 18w\" sizes=\"(max-width: 1800px) 100vw, 1800px\" \/><\/figure>\n<\/div>\n\n\n\n<div class=\"wp-block-column is-vertically-aligned-center is-layout-flow wp-block-column-is-layout-flow\">\n<h2 class=\"wp-block-heading\">P\u016fsob\u00ed v r\u016fzn\u00fdch pr\u016fmyslov\u00fdch odv\u011btv\u00edch<\/h2>\n\n\n\n<p>PCT lze naj\u00edt ve v\u0161ech typech podnik\u016f, a proto je doma na v\u0161ech trz\u00edch. Nen\u00ed p\u0159itom d\u016fle\u017eit\u00e9, zda vlastn\u00edte europalety nebo jin\u00e9 RTI. Hled\u00e1te \u0159e\u0161en\u00ed, transparentnost \u0159et\u011bzce a udr\u017eiteln\u011bj\u0161\u00ed vyu\u017e\u00edv\u00e1n\u00ed v\u0161ech pou\u017e\u00edvan\u00fdch nosi\u010d\u016f n\u00e1kladu.&nbsp;<\/p>\n\n\n\n<ul class=\"wp-block-list\">\n<li>Podniky v pr\u016fmyslu, v\u00fdrob\u011b nebo obchodu, kter\u00e9 ve velk\u00e9m m\u011b\u0159\u00edtku pou\u017e\u00edvaj\u00ed europalety a RTI k p\u0159eprav\u011b v\u00fdrobk\u016f.&nbsp;<\/li>\n\n\n\n<li>V\u0161echny evropsk\u00e9 dopravn\u00ed a logistick\u00e9 spole\u010dnosti v\u010detn\u011b distribu\u010dn\u00edch center.&nbsp;&nbsp;<\/li>\n\n\n\n<li>Prodejci palet, v\u00fdrobci palet a paletov\u00e9 sklady europalet. <\/li>\n<\/ul>\n\n\n\n<div style=\"height:30px\" aria-hidden=\"true\" class=\"wp-block-spacer\"><\/div>\n\n\n\n<h3 class=\"wp-block-heading\">Mana\u017ee\u0159i \u00fa\u010detnictv\u00ed a kvality<\/h3>\n\n\n\n<p>Na\u0161i vlastn\u00ed account mana\u017ee\u0159i a mana\u017ee\u0159i kvality, kte\u0159\u00ed p\u016fsob\u00ed v r\u016fzn\u00fdch evropsk\u00fdch regionech, kontroluj\u00ed palety na m\u00edst\u011b ve skladech a u dodavatel\u016f, ale tak\u00e9 \u0159e\u0161\u00ed spory.<\/p>\n<\/div>\n<\/div>\n\n\n\n<hr class=\"wp-block-separator has-alpha-channel-opacity\"\/>\n\n\n\n<div class=\"wp-block-columns is-layout-flex wp-container-core-columns-is-layout-28f84493 wp-block-columns-is-layout-flex\">\n<div class=\"wp-block-column is-vertically-aligned-center is-layout-flow wp-block-column-is-layout-flow\">\n<h3 class=\"wp-block-heading\">Rozd\u011bleno do 7 oblast\u00ed \u010dinnosti<\/h3>\n\n\n\n<ol start=\"1\" class=\"wp-block-list\">\n<li>Nizozemsko, Belgie, Lucembursko, N\u011bmecko, Rakousko, \u0160v\u00fdcarsko, D\u00e1nsko.&nbsp;<\/li>\n<\/ol>\n\n\n\n<ol start=\"2\" class=\"wp-block-list\">\n<li>Brit\u00e1nie&nbsp;<\/li>\n<\/ol>\n\n\n\n<ol start=\"3\" class=\"wp-block-list\">\n<li>Francie&nbsp;<\/li>\n<\/ol>\n\n\n\n<ol start=\"4\" class=\"wp-block-list\">\n<li>\u0160pan\u011blsko a Portugalsko&nbsp;<\/li>\n<\/ol>\n\n\n\n<ol start=\"5\" class=\"wp-block-list\">\n<li>It\u00e1lie&nbsp;<\/li>\n<\/ol>\n\n\n\n<ol start=\"6\" class=\"wp-block-list\">\n<li>Norsko, \u0160v\u00e9dsko, Finsko&nbsp;<\/li>\n<\/ol>\n\n\n\n<ol start=\"7\" class=\"wp-block-list\">\n<li>Estonsko, Loty\u0161sko, Litva, Polsko, \u010cesk\u00e1 republika, Slovensko, Ma\u010farsko, Srbsko a \u010cern\u00e1 Hora, Rumunsko, Bulharsko, \u0158ecko.<\/li>\n<\/ol>\n\n\n\n<div style=\"height:30px\" aria-hidden=\"true\" class=\"wp-block-spacer\"><\/div>\n\n\n\n<div class=\"wp-block-buttons is-layout-flex wp-block-buttons-is-layout-flex\">\n<div class=\"wp-block-button\"><a class=\"wp-block-button__link has-white-color has-green-background-color has-text-color has-background has-link-color wp-element-button\" href=\"https:\/\/portal.pct-online.eu\/register\" target=\"_blank\" rel=\"noreferrer noopener\">Aktivace \u00fa\u010dtu<\/a><\/div>\n<\/div>\n<\/div>\n\n\n\n<div class=\"wp-block-column is-vertically-aligned-center is-layout-flow wp-block-column-is-layout-flow\">\n<figure class=\"wp-block-image size-full\"><img decoding=\"async\" width=\"800\" height=\"800\" src=\"http:\/\/www.palletcontroltower.eu\/wp-content\/uploads\/2024\/01\/pct-kaart.jpg\" alt=\"\" class=\"wp-image-1024\" srcset=\"https:\/\/www.palletcontroltower.eu\/wp-content\/uploads\/2024\/01\/pct-kaart.jpg 800w, https:\/\/www.palletcontroltower.eu\/wp-content\/uploads\/2024\/01\/pct-kaart-300x300.jpg 300w, https:\/\/www.palletcontroltower.eu\/wp-content\/uploads\/2024\/01\/pct-kaart-150x150.jpg 150w, https:\/\/www.palletcontroltower.eu\/wp-content\/uploads\/2024\/01\/pct-kaart-768x768.jpg 768w, https:\/\/www.palletcontroltower.eu\/wp-content\/uploads\/2024\/01\/pct-kaart-12x12.jpg 12w\" sizes=\"(max-width: 800px) 100vw, 800px\" \/><\/figure>\n<\/div>\n<\/div>\n\n\n\n<hr class=\"wp-block-separator has-alpha-channel-opacity\"\/>\n\n\n\n<blockquote class=\"wp-block-quote is-layout-flow wp-block-quote-is-layout-flow\">\n<p class=\"has-text-align-center\">Vyhn\u011bte se stresu na palet\u00e1ch! Pallet Control Tower je evropsk\u00fdm standardem a platformou pro sb\u011br a dod\u00e1n\u00ed pomoc\u00ed p\u00e1rov\u00e1n\u00ed pro europalety a dal\u0161\u00ed vratn\u00e9 p\u0159epravn\u00ed polo\u017eky. Usnad\u0148ujeme otev\u0159en\u00fd pooling od A do Z. A d\u011bl\u00e1me paletovou logistiku op\u011bt zvl\u00e1dnutelnou.<\/p>\n<\/blockquote>\n\n\n\n<hr class=\"wp-block-separator has-alpha-channel-opacity\"\/>\n\n\n\n<figure class=\"wp-block-image size-full\"><img decoding=\"async\" width=\"1600\" height=\"1066\" src=\"http:\/\/www.palletcontroltower.eu\/wp-content\/uploads\/2023\/11\/palletcontroltower-2.jpg\" alt=\"\" class=\"wp-image-207\" style=\"aspect-ratio:16\/9;object-fit:cover\" srcset=\"https:\/\/www.palletcontroltower.eu\/wp-content\/uploads\/2023\/11\/palletcontroltower-2.jpg 1600w, https:\/\/www.palletcontroltower.eu\/wp-content\/uploads\/2023\/11\/palletcontroltower-2-300x200.jpg 300w, https:\/\/www.palletcontroltower.eu\/wp-content\/uploads\/2023\/11\/palletcontroltower-2-1024x682.jpg 1024w, https:\/\/www.palletcontroltower.eu\/wp-content\/uploads\/2023\/11\/palletcontroltower-2-768x512.jpg 768w, https:\/\/www.palletcontroltower.eu\/wp-content\/uploads\/2023\/11\/palletcontroltower-2-1536x1023.jpg 1536w\" sizes=\"(max-width: 1600px) 100vw, 1600px\" \/><\/figure>\n\n\n\n<hr class=\"wp-block-separator has-alpha-channel-opacity\"\/>\n\n\n\n<div class=\"wp-block-columns is-layout-flex wp-container-core-columns-is-layout-28f84493 wp-block-columns-is-layout-flex\">\n<div class=\"wp-block-column is-layout-flow wp-block-column-is-layout-flow\">\n<h3 class=\"wp-block-heading\">Pro koho a pro\u010d? <\/h3>\n\n\n\n<p>D\u00edky PCTO bude m\u00edt ka\u017ed\u00e1 spole\u010dnost nebo je\u0161t\u011b l\u00e9pe s\u00ed\u0165 spole\u010dnost\u00ed - dodavatelsk\u00fd \u0159et\u011bzec - mo\u017enost p\u0159ej\u00edt z jednor\u00e1zov\u00fdch palet a jin\u00fdch RTI na v\u00edce\u00fa\u010delov\u00e9 europalety a jin\u00e9 RTI. <\/p>\n\n\n\n<p>Platforma PCTO je ur\u010dena v\u0161em pr\u016fmyslov\u00fdm, v\u00fdrobn\u00edm nebo obchodn\u00edm spole\u010dnostem, kter\u00e9 ve velk\u00e9m m\u011b\u0159\u00edtku pou\u017e\u00edvaj\u00ed europalety a RTI pro p\u0159epravu v\u00fdrobk\u016f. Ale tak\u00e9 pro p\u0159epravce a distribu\u010dn\u00ed centra, stejn\u011b jako pro prodejce\/sklady\/v\u00fdrobce palet. <\/p>\n\n\n\n<div class=\"wp-block-buttons is-layout-flex wp-block-buttons-is-layout-flex\">\n<div class=\"wp-block-button\"><a class=\"wp-block-button__link has-white-color has-blue-background-color has-text-color has-background has-link-color wp-element-button\" href=\"https:\/\/portal.pct-online.eu\/register\" target=\"_blank\" rel=\"noreferrer noopener\">Aktivace \u00fa\u010dtu<\/a><\/div>\n<\/div>\n<\/div>\n\n\n\n<div class=\"wp-block-column is-layout-flow wp-block-column-is-layout-flow\">\n<h3 class=\"wp-block-heading\">Jak to ud\u011bl\u00e1me? <\/h3>\n\n\n\n<p>PCTO nab\u00edz\u00ed jednoduch\u00fd zp\u016fsob, jak p\u0159ej\u00edt z jednor\u00e1zov\u00e9ho na v\u00edce\u00fa\u010delov\u00e9 pou\u017eit\u00ed. D\u00edky slu\u017eb\u011b Collection &amp; Delivery - Matching - orders a na\u0161emu e-Credit z toho t\u011b\u017e\u00ed v\u0161ichni v logistick\u00e9m \u0159et\u011bzci. <\/p>\n\n\n\n<p>Zpracov\u00e1n\u00ed transakc\u00ed je jednodu\u0161\u0161\u00ed a transparentnost znamen\u00e1 m\u00e9n\u011b diskus\u00ed se v\u0161emi z\u00fa\u010dastn\u011bn\u00fdmi stranami. Vz\u00e1jemn\u00e9 z\u016fstatky lze snadno vypo\u0159\u00e1dat pomoc\u00ed elektronick\u00fdch kredit\u016f. V p\u0159\u00edpad\u011b diskuse mohou \u0159e\u0161en\u00ed poskytnout na\u0161i region\u00e1ln\u00ed mana\u017ee\u0159i \u00fa\u010dt\u016f a kvality.<\/p>\n\n\n\n<div class=\"wp-block-buttons is-layout-flex wp-block-buttons-is-layout-flex\">\n<div class=\"wp-block-button\"><a class=\"wp-block-button__link has-white-color has-mint-background-color has-text-color has-background has-link-color wp-element-button\" href=\"https:\/\/portal.pct-online.eu\/register\" target=\"_blank\" rel=\"noreferrer noopener\">Aktivace \u00fa\u010dtu<\/a><\/div>\n<\/div>\n<\/div>\n<\/div>","protected":false},"excerpt":{"rendered":"<p>Easy as 1-2-3 Stop met het verspillen van uw tijd. We kennen de problemen in de open pool zoals we die allemaal ervaren. PCT Online lost ze voor u op!&nbsp; Pallet Control Tower (PCT) is de Europese standaard &amp; h\u00e9t platform in open pooling voor EUR Europallets en andere RTI&#8217;s. Het PCTO-platform is ontwikkeld om [&hellip;]<\/p>\n","protected":false},"author":3,"featured_media":0,"parent":64,"menu_order":0,"comment_status":"closed","ping_status":"closed","template":"","meta":{"footnotes":""},"class_list":["post-755","page","type-page","status-publish","hentry"],"yoast_head":"<!-- This site is optimized with the Yoast SEO plugin v27.3 - https:\/\/yoast.com\/product\/yoast-seo-wordpress\/ -->\n<title>Slimmer palletmanagement - Pallet Control Tower<\/title>\n<meta name=\"description\" content=\"De basis van PCT Online is slimmer palletmanagement voor iedere logistieke dienstverlener en\/of supply chain afdeling\" \/>\n<meta name=\"robots\" content=\"index, follow, max-snippet:-1, max-image-preview:large, max-video-preview:-1\" \/>\n<link rel=\"canonical\" href=\"https:\/\/www.palletcontroltower.eu\/cs\/o-nas\/chytrejsi-sprava-palet\/\" \/>\n<meta property=\"og:locale\" content=\"cs_CZ\" \/>\n<meta property=\"og:type\" content=\"article\" \/>\n<meta property=\"og:title\" content=\"Slimmer palletmanagement - Pallet Control Tower\" \/>\n<meta property=\"og:description\" content=\"De basis van PCT Online is slimmer palletmanagement voor iedere logistieke dienstverlener en\/of supply chain afdeling\" \/>\n<meta property=\"og:url\" content=\"https:\/\/www.palletcontroltower.eu\/cs\/o-nas\/chytrejsi-sprava-palet\/\" \/>\n<meta property=\"og:site_name\" content=\"Pallet Control Tower\" \/>\n<meta property=\"article:modified_time\" content=\"2026-01-30T09:53:28+00:00\" \/>\n<meta property=\"og:image\" content=\"https:\/\/www.palletcontroltower.eu\/wp-content\/uploads\/2023\/12\/headerbeeld_0003_PalletControlTower_Transport_delivery_warehouse.jpg\" \/>\n\t<meta property=\"og:image:width\" content=\"1800\" \/>\n\t<meta property=\"og:image:height\" content=\"380\" \/>\n\t<meta property=\"og:image:type\" content=\"image\/jpeg\" \/>\n<meta name=\"twitter:card\" content=\"summary_large_image\" \/>\n<meta name=\"twitter:label1\" content=\"Odhadovan\u00e1 doba \u010dten\u00ed\" \/>\n\t<meta name=\"twitter:data1\" content=\"3 minuty\" \/>\n<script type=\"application\/ld+json\" class=\"yoast-schema-graph\">{\"@context\":\"https:\\\/\\\/schema.org\",\"@graph\":[{\"@type\":\"WebPage\",\"@id\":\"https:\\\/\\\/www.palletcontroltower.eu\\\/over-ons\\\/slimmer-palletmanagement\\\/\",\"url\":\"https:\\\/\\\/www.palletcontroltower.eu\\\/over-ons\\\/slimmer-palletmanagement\\\/\",\"name\":\"Slimmer palletmanagement - Pallet Control Tower\",\"isPartOf\":{\"@id\":\"https:\\\/\\\/www.palletcontroltower.eu\\\/#website\"},\"primaryImageOfPage\":{\"@id\":\"https:\\\/\\\/www.palletcontroltower.eu\\\/over-ons\\\/slimmer-palletmanagement\\\/#primaryimage\"},\"image\":{\"@id\":\"https:\\\/\\\/www.palletcontroltower.eu\\\/over-ons\\\/slimmer-palletmanagement\\\/#primaryimage\"},\"thumbnailUrl\":\"http:\\\/\\\/www.palletcontroltower.eu\\\/wp-content\\\/uploads\\\/2023\\\/12\\\/headerbeeld_0003_PalletControlTower_Transport_delivery_warehouse.jpg\",\"datePublished\":\"2023-12-27T14:57:05+00:00\",\"dateModified\":\"2026-01-30T09:53:28+00:00\",\"description\":\"De basis van PCT Online is slimmer palletmanagement voor iedere logistieke dienstverlener en\\\/of supply chain afdeling\",\"breadcrumb\":{\"@id\":\"https:\\\/\\\/www.palletcontroltower.eu\\\/over-ons\\\/slimmer-palletmanagement\\\/#breadcrumb\"},\"inLanguage\":\"cs\",\"potentialAction\":[{\"@type\":\"ReadAction\",\"target\":[\"https:\\\/\\\/www.palletcontroltower.eu\\\/over-ons\\\/slimmer-palletmanagement\\\/\"]}]},{\"@type\":\"ImageObject\",\"inLanguage\":\"cs\",\"@id\":\"https:\\\/\\\/www.palletcontroltower.eu\\\/over-ons\\\/slimmer-palletmanagement\\\/#primaryimage\",\"url\":\"http:\\\/\\\/www.palletcontroltower.eu\\\/wp-content\\\/uploads\\\/2023\\\/12\\\/headerbeeld_0003_PalletControlTower_Transport_delivery_warehouse.jpg\",\"contentUrl\":\"http:\\\/\\\/www.palletcontroltower.eu\\\/wp-content\\\/uploads\\\/2023\\\/12\\\/headerbeeld_0003_PalletControlTower_Transport_delivery_warehouse.jpg\"},{\"@type\":\"BreadcrumbList\",\"@id\":\"https:\\\/\\\/www.palletcontroltower.eu\\\/over-ons\\\/slimmer-palletmanagement\\\/#breadcrumb\",\"itemListElement\":[{\"@type\":\"ListItem\",\"position\":1,\"name\":\"Home\",\"item\":\"https:\\\/\\\/www.palletcontroltower.eu\\\/\"},{\"@type\":\"ListItem\",\"position\":2,\"name\":\"Over ons\",\"item\":\"https:\\\/\\\/www.palletcontroltower.eu\\\/over-ons\\\/\"},{\"@type\":\"ListItem\",\"position\":3,\"name\":\"Slimmer palletmanagement\"}]},{\"@type\":\"WebSite\",\"@id\":\"https:\\\/\\\/www.palletcontroltower.eu\\\/#website\",\"url\":\"https:\\\/\\\/www.palletcontroltower.eu\\\/\",\"name\":\"Pallet Control Tower\",\"description\":\"\",\"publisher\":{\"@id\":\"https:\\\/\\\/www.palletcontroltower.eu\\\/#organization\"},\"potentialAction\":[{\"@type\":\"SearchAction\",\"target\":{\"@type\":\"EntryPoint\",\"urlTemplate\":\"https:\\\/\\\/www.palletcontroltower.eu\\\/?s={search_term_string}\"},\"query-input\":{\"@type\":\"PropertyValueSpecification\",\"valueRequired\":true,\"valueName\":\"search_term_string\"}}],\"inLanguage\":\"cs\"},{\"@type\":\"Organization\",\"@id\":\"https:\\\/\\\/www.palletcontroltower.eu\\\/#organization\",\"name\":\"Pallet Control Tower\",\"url\":\"https:\\\/\\\/www.palletcontroltower.eu\\\/\",\"logo\":{\"@type\":\"ImageObject\",\"inLanguage\":\"cs\",\"@id\":\"https:\\\/\\\/www.palletcontroltower.eu\\\/#\\\/schema\\\/logo\\\/image\\\/\",\"url\":\"https:\\\/\\\/www.palletcontroltower.eu\\\/wp-content\\\/uploads\\\/2023\\\/10\\\/logo.svg\",\"contentUrl\":\"https:\\\/\\\/www.palletcontroltower.eu\\\/wp-content\\\/uploads\\\/2023\\\/10\\\/logo.svg\",\"width\":290,\"height\":87,\"caption\":\"Pallet Control Tower\"},\"image\":{\"@id\":\"https:\\\/\\\/www.palletcontroltower.eu\\\/#\\\/schema\\\/logo\\\/image\\\/\"}}]}<\/script>\n<!-- \/ Yoast SEO plugin. -->","yoast_head_json":{"title":"Chyt\u0159ej\u0161\u00ed spr\u00e1va palet - Pallet Control Tower","description":"Z\u00e1kladem PCT Online je inteligentn\u011bj\u0161\u00ed spr\u00e1va palet pro ka\u017ed\u00e9ho poskytovatele logistick\u00fdch slu\u017eeb a\/nebo odd\u011blen\u00ed dodavatelsk\u00e9ho \u0159et\u011bzce.","robots":{"index":"index","follow":"follow","max-snippet":"max-snippet:-1","max-image-preview":"max-image-preview:large","max-video-preview":"max-video-preview:-1"},"canonical":"https:\/\/www.palletcontroltower.eu\/cs\/o-nas\/chytrejsi-sprava-palet\/","og_locale":"cs_CZ","og_type":"article","og_title":"Slimmer palletmanagement - Pallet Control Tower","og_description":"De basis van PCT Online is slimmer palletmanagement voor iedere logistieke dienstverlener en\/of supply chain afdeling","og_url":"https:\/\/www.palletcontroltower.eu\/cs\/o-nas\/chytrejsi-sprava-palet\/","og_site_name":"Pallet Control Tower","article_modified_time":"2026-01-30T09:53:28+00:00","og_image":[{"width":1800,"height":380,"url":"https:\/\/www.palletcontroltower.eu\/wp-content\/uploads\/2023\/12\/headerbeeld_0003_PalletControlTower_Transport_delivery_warehouse.jpg","type":"image\/jpeg"}],"twitter_card":"summary_large_image","twitter_misc":{"Odhadovan\u00e1 doba \u010dten\u00ed":"3 minuty"},"schema":{"@context":"https:\/\/schema.org","@graph":[{"@type":"WebPage","@id":"https:\/\/www.palletcontroltower.eu\/over-ons\/slimmer-palletmanagement\/","url":"https:\/\/www.palletcontroltower.eu\/over-ons\/slimmer-palletmanagement\/","name":"Chyt\u0159ej\u0161\u00ed spr\u00e1va palet - Pallet Control Tower","isPartOf":{"@id":"https:\/\/www.palletcontroltower.eu\/#website"},"primaryImageOfPage":{"@id":"https:\/\/www.palletcontroltower.eu\/over-ons\/slimmer-palletmanagement\/#primaryimage"},"image":{"@id":"https:\/\/www.palletcontroltower.eu\/over-ons\/slimmer-palletmanagement\/#primaryimage"},"thumbnailUrl":"http:\/\/www.palletcontroltower.eu\/wp-content\/uploads\/2023\/12\/headerbeeld_0003_PalletControlTower_Transport_delivery_warehouse.jpg","datePublished":"2023-12-27T14:57:05+00:00","dateModified":"2026-01-30T09:53:28+00:00","description":"Z\u00e1kladem PCT Online je inteligentn\u011bj\u0161\u00ed spr\u00e1va palet pro ka\u017ed\u00e9ho poskytovatele logistick\u00fdch slu\u017eeb a\/nebo odd\u011blen\u00ed dodavatelsk\u00e9ho \u0159et\u011bzce.","breadcrumb":{"@id":"https:\/\/www.palletcontroltower.eu\/over-ons\/slimmer-palletmanagement\/#breadcrumb"},"inLanguage":"cs","potentialAction":[{"@type":"ReadAction","target":["https:\/\/www.palletcontroltower.eu\/over-ons\/slimmer-palletmanagement\/"]}]},{"@type":"ImageObject","inLanguage":"cs","@id":"https:\/\/www.palletcontroltower.eu\/over-ons\/slimmer-palletmanagement\/#primaryimage","url":"http:\/\/www.palletcontroltower.eu\/wp-content\/uploads\/2023\/12\/headerbeeld_0003_PalletControlTower_Transport_delivery_warehouse.jpg","contentUrl":"http:\/\/www.palletcontroltower.eu\/wp-content\/uploads\/2023\/12\/headerbeeld_0003_PalletControlTower_Transport_delivery_warehouse.jpg"},{"@type":"BreadcrumbList","@id":"https:\/\/www.palletcontroltower.eu\/over-ons\/slimmer-palletmanagement\/#breadcrumb","itemListElement":[{"@type":"ListItem","position":1,"name":"Home","item":"https:\/\/www.palletcontroltower.eu\/"},{"@type":"ListItem","position":2,"name":"Over ons","item":"https:\/\/www.palletcontroltower.eu\/over-ons\/"},{"@type":"ListItem","position":3,"name":"Slimmer palletmanagement"}]},{"@type":"WebSite","@id":"https:\/\/www.palletcontroltower.eu\/#website","url":"https:\/\/www.palletcontroltower.eu\/","name":"Kontroln\u00ed v\u011b\u017e pro palety","description":"","publisher":{"@id":"https:\/\/www.palletcontroltower.eu\/#organization"},"potentialAction":[{"@type":"SearchAction","target":{"@type":"EntryPoint","urlTemplate":"https:\/\/www.palletcontroltower.eu\/?s={search_term_string}"},"query-input":{"@type":"PropertyValueSpecification","valueRequired":true,"valueName":"search_term_string"}}],"inLanguage":"cs"},{"@type":"Organization","@id":"https:\/\/www.palletcontroltower.eu\/#organization","name":"Kontroln\u00ed v\u011b\u017e pro palety","url":"https:\/\/www.palletcontroltower.eu\/","logo":{"@type":"ImageObject","inLanguage":"cs","@id":"https:\/\/www.palletcontroltower.eu\/#\/schema\/logo\/image\/","url":"https:\/\/www.palletcontroltower.eu\/wp-content\/uploads\/2023\/10\/logo.svg","contentUrl":"https:\/\/www.palletcontroltower.eu\/wp-content\/uploads\/2023\/10\/logo.svg","width":290,"height":87,"caption":"Pallet Control Tower"},"image":{"@id":"https:\/\/www.palletcontroltower.eu\/#\/schema\/logo\/image\/"}}]}},"_links":{"self":[{"href":"https:\/\/www.palletcontroltower.eu\/cs\/wp-json\/wp\/v2\/pages\/755","targetHints":{"allow":["GET"]}}],"collection":[{"href":"https:\/\/www.palletcontroltower.eu\/cs\/wp-json\/wp\/v2\/pages"}],"about":[{"href":"https:\/\/www.palletcontroltower.eu\/cs\/wp-json\/wp\/v2\/types\/page"}],"author":[{"embeddable":true,"href":"https:\/\/www.palletcontroltower.eu\/cs\/wp-json\/wp\/v2\/users\/3"}],"replies":[{"embeddable":true,"href":"https:\/\/www.palletcontroltower.eu\/cs\/wp-json\/wp\/v2\/comments?post=755"}],"version-history":[{"count":31,"href":"https:\/\/www.palletcontroltower.eu\/cs\/wp-json\/wp\/v2\/pages\/755\/revisions"}],"predecessor-version":[{"id":1236,"href":"https:\/\/www.palletcontroltower.eu\/cs\/wp-json\/wp\/v2\/pages\/755\/revisions\/1236"}],"up":[{"embeddable":true,"href":"https:\/\/www.palletcontroltower.eu\/cs\/wp-json\/wp\/v2\/pages\/64"}],"wp:attachment":[{"href":"https:\/\/www.palletcontroltower.eu\/cs\/wp-json\/wp\/v2\/media?parent=755"}],"curies":[{"name":"wp","href":"https:\/\/api.w.org\/{rel}","templated":true}]}}