{"id":1092,"date":"2024-01-04T14:08:59","date_gmt":"2024-01-04T14:08:59","guid":{"rendered":"http:\/\/www.palletcontroltower.eu\/?page_id=1092"},"modified":"2024-01-08T14:29:57","modified_gmt":"2024-01-08T14:29:57","slug":"newsletter","status":"publish","type":"page","link":"https:\/\/www.palletcontroltower.eu\/de\/nieuwsbrief\/","title":{"rendered":"Newsletter"},"content":{"rendered":"\n<h2 class=\"wp-block-heading\">Aanmelden nieuwsbrief<\/h2>\n\n\n\n<p>Blijf op de hoogte van het laatste palletnieuws en van de ontwikkelingen binnen Pallet Control Tower. Abonneer u gratis op onze onregelmatig verschijnende e-mail nieuwsbrief. Afmelden kan ook altijd. <\/p>\n\n\n\n<p><em>Note. Het kan zijn dat deze de eerste keer in uw spam terecht komt. Markeer onze nieuwsbrief in uw mailprogramma als betrouwbaar. Dank. <\/em><\/p>\n\n\n\n<hr class=\"wp-block-separator has-alpha-channel-opacity\"\/>\n\n\n\n<div class=\"wp-block-columns is-layout-flex wp-container-core-columns-is-layout-28f84493 wp-block-columns-is-layout-flex\">\n<div class=\"wp-block-column is-layout-flow wp-block-column-is-layout-flow\">\n<center>\n<div id=\"mc_embed_shell\">\n      <link href=\"\/\/cdn-images.mailchimp.com\/embedcode\/classic-061523.css\" rel=\"stylesheet\" type=\"text\/css\">\n  <style type=\"text\/css\">\n        #mc_embed_signup{background:#fff; false;clear:left; font:14px Helvetica,Arial,sans-serif; width: 600px;}\n        \/* Add your own Mailchimp form style overrides in your site stylesheet or in this style block.\n           We recommend moving this block and the preceding CSS link to the HEAD of your HTML file. *\/\n<\/style>\n<div id=\"mc_embed_signup\">\n    <form action=\"https:\/\/palletcontroltower.us14.list-manage.com\/subscribe\/post?u=a72549bc8e575d49fbcfcd268&amp;id=7dd14dcf94&amp;f_id=006d9fe0f0\" method=\"post\" id=\"mc-embedded-subscribe-form\" name=\"mc-embedded-subscribe-form\" class=\"validate\" target=\"_blank\">\n        <div id=\"mc_embed_signup_scroll\"><h2>Subscribe<\/h2>\n            <div class=\"indicates-required\"><span class=\"asterisk\">*<\/span> indicates required<\/div>\n            <div class=\"mc-field-group\"><label for=\"mce-EMAIL\">Email Address <span class=\"asterisk\">*<\/span><\/label><input type=\"email\" name=\"EMAIL\" class=\"required email\" id=\"mce-EMAIL\" required=\"\" value=\"\"><\/div><div class=\"mc-field-group\"><label for=\"mce-MMERGE7\">Company Name <span class=\"asterisk\">*<\/span><\/label><input type=\"text\" name=\"MMERGE7\" class=\"required text\" id=\"mce-MMERGE7\" value=\"\" required=\"\"><\/div><div class=\"mc-field-group\"><label for=\"mce-FNAME\">First Name <span class=\"asterisk\">*<\/span><\/label><input type=\"text\" name=\"FNAME\" class=\"required text\" id=\"mce-FNAME\" value=\"\" required=\"\"><\/div><div class=\"mc-field-group\"><label for=\"mce-LNAME\">Last Name <span class=\"asterisk\">*<\/span><\/label><input type=\"text\" name=\"LNAME\" class=\"required text\" id=\"mce-LNAME\" value=\"\" required=\"\"><\/div><div class=\"mc-field-group input-group\"><strong>Gender <span class=\"asterisk\">*<\/span><\/strong><ul><li><input type=\"radio\" name=\"MMERGE6\" id=\"mce-MMERGE60\" value=\"Male\"><label for=\"mce-MMERGE60\">Male<\/label><\/li><li><input type=\"radio\" name=\"MMERGE6\" id=\"mce-MMERGE61\" value=\"Female\"><label for=\"mce-MMERGE61\">Female<\/label><\/li><li><input type=\"radio\" name=\"MMERGE6\" id=\"mce-MMERGE62\" value=\"MX\"><label for=\"mce-MMERGE62\">MX<\/label><\/li><li><input type=\"radio\" name=\"MMERGE6\" id=\"mce-MMERGE63\" value=\"Prefer not to say\"><label for=\"mce-MMERGE63\">Prefer not to say<\/label><\/li><\/ul><\/div><div class=\"mc-field-group\"><label for=\"mce-PHONE\">Phone Number <\/label><input type=\"text\" name=\"PHONE\" class=\"REQ_CSS\" id=\"mce-PHONE\" value=\"\"><\/div><div class=\"mc-field-group input-group\"><strong>Category\/Industry <span class=\"asterisk\">*<\/span><\/strong><ul><li><input type=\"radio\" name=\"MMERGE5\" id=\"mce-MMERGE50\" value=\"Pallet Depot\/Trader\/Manufacturer\"><label for=\"mce-MMERGE50\">Pallet Depot\/Trader\/Manufacturer<\/label><\/li><li><input type=\"radio\" name=\"MMERGE5\" id=\"mce-MMERGE51\" value=\"Transport Company \/ Carrier\"><label for=\"mce-MMERGE51\">Transport Company \/ Carrier<\/label><\/li><li><input type=\"radio\" name=\"MMERGE5\" id=\"mce-MMERGE52\" value=\"Distribution Center\/Warehouse\/Pallet User\"><label for=\"mce-MMERGE52\">Distribution Center\/Warehouse\/Pallet User<\/label><\/li><li><input type=\"radio\" name=\"MMERGE5\" id=\"mce-MMERGE53\" value=\"Business services\/advice\/consultancy\"><label for=\"mce-MMERGE53\">Business services\/advice\/consultancy<\/label><\/li><li><input type=\"radio\" name=\"MMERGE5\" id=\"mce-MMERGE54\" value=\"Miscellaneous\"><label for=\"mce-MMERGE54\">Miscellaneous<\/label><\/li><\/ul><\/div><div class=\"mc-field-group\"><label for=\"mce-MMERGE8\">URL <\/label><input type=\"url\" name=\"MMERGE8\" class=\" url\" id=\"mce-MMERGE8\" value=\"\"><\/div><div class=\"mc-field-group\"><label for=\"mce-MMERGE10\">Job Title <\/label><input type=\"text\" name=\"MMERGE10\" class=\" text\" id=\"mce-MMERGE10\" value=\"\"><\/div>\n        <div id=\"mce-responses\" class=\"clear\">\n            <div class=\"response\" id=\"mce-error-response\" style=\"display: none;\"><\/div>\n            <div class=\"response\" id=\"mce-success-response\" style=\"display: none;\"><\/div>\n        <\/div><div aria-hidden=\"true\" style=\"position: absolute; left: -5000px;\"><input type=\"text\" name=\"b_a72549bc8e575d49fbcfcd268_7dd14dcf94\" tabindex=\"-1\" value=\"\"><\/div><div class=\"clear\"><input type=\"submit\" name=\"subscribe\" id=\"mc-embedded-subscribe\" class=\"button\" value=\"Subscribe\"><\/div>\n    <\/div>\n<\/form>\n<\/div>\n<script type=\"text\/javascript\" src=\"\/\/s3.amazonaws.com\/downloads.mailchimp.com\/js\/mc-validate.js\"><\/script><script type=\"text\/javascript\">(function($) {window.fnames = new Array(); window.ftypes = new Array();fnames[0]='EMAIL';ftypes[0]='email';fnames[7]='MMERGE7';ftypes[7]='text';fnames[1]='FNAME';ftypes[1]='text';fnames[2]='LNAME';ftypes[2]='text';fnames[6]='MMERGE6';ftypes[6]='radio';fnames[4]='PHONE';ftypes[4]='phone';fnames[5]='MMERGE5';ftypes[5]='radio';fnames[8]='MMERGE8';ftypes[8]='url';fnames[10]='MMERGE10';ftypes[10]='text';fnames[3]='ADDRESS';ftypes[3]='address';fnames[9]='MMERGE9';ftypes[9]='text';}(jQuery));var $mcj = jQuery.noConflict(true);<\/script><\/div>\n<\/center>\n<\/div>\n<\/div>\n","protected":false},"excerpt":{"rendered":"<p>Aanmelden nieuwsbrief Blijf op de hoogte van het laatste palletnieuws en van de ontwikkelingen binnen Pallet Control Tower. Abonneer u gratis op onze onregelmatig verschijnende e-mail nieuwsbrief. Afmelden kan ook altijd. Note. Het kan zijn dat deze de eerste keer in uw spam terecht komt. Markeer onze nieuwsbrief in uw mailprogramma als betrouwbaar. Dank. Subscribe [&hellip;]<\/p>\n","protected":false},"author":1,"featured_media":0,"parent":0,"menu_order":0,"comment_status":"closed","ping_status":"closed","template":"","meta":{"footnotes":""},"class_list":["post-1092","page","type-page","status-publish","hentry"],"yoast_head":"<!-- This site is optimized with the Yoast SEO plugin v27.3 - https:\/\/yoast.com\/product\/yoast-seo-wordpress\/ -->\n<title>Nieuwsbrief - Pallet Control Tower<\/title>\n<meta name=\"description\" content=\"Via dit formulier kunt u zich abonneren op onze onregelmatig verschijnende email nieuwsbrief met info over pallets en Pallet Control Tower\" \/>\n<meta name=\"robots\" content=\"index, follow, max-snippet:-1, max-image-preview:large, max-video-preview:-1\" \/>\n<link rel=\"canonical\" href=\"https:\/\/www.palletcontroltower.eu\/de\/newsletter\/\" \/>\n<meta property=\"og:locale\" content=\"de_DE\" \/>\n<meta property=\"og:type\" content=\"article\" \/>\n<meta property=\"og:title\" content=\"Nieuwsbrief - Pallet Control Tower\" \/>\n<meta property=\"og:description\" content=\"Via dit formulier kunt u zich abonneren op onze onregelmatig verschijnende email nieuwsbrief met info over pallets en Pallet Control Tower\" \/>\n<meta property=\"og:url\" content=\"https:\/\/www.palletcontroltower.eu\/de\/newsletter\/\" \/>\n<meta property=\"og:site_name\" content=\"Pallet Control Tower\" \/>\n<meta property=\"article:modified_time\" content=\"2024-01-08T14:29:57+00:00\" \/>\n<meta name=\"twitter:card\" content=\"summary_large_image\" \/>\n<meta name=\"twitter:label1\" content=\"Gesch\u00e4tzte Lesezeit\" \/>\n\t<meta name=\"twitter:data1\" content=\"1\u00a0Minute\" \/>\n<script type=\"application\/ld+json\" class=\"yoast-schema-graph\">{\"@context\":\"https:\\\/\\\/schema.org\",\"@graph\":[{\"@type\":\"WebPage\",\"@id\":\"https:\\\/\\\/www.palletcontroltower.eu\\\/pt\\\/boletim-informativo\\\/\",\"url\":\"https:\\\/\\\/www.palletcontroltower.eu\\\/pt\\\/boletim-informativo\\\/\",\"name\":\"Nieuwsbrief - Pallet Control Tower\",\"isPartOf\":{\"@id\":\"https:\\\/\\\/www.palletcontroltower.eu\\\/#website\"},\"datePublished\":\"2024-01-04T14:08:59+00:00\",\"dateModified\":\"2024-01-08T14:29:57+00:00\",\"description\":\"Via dit formulier kunt u zich abonneren op onze onregelmatig verschijnende email nieuwsbrief met info over pallets en Pallet Control Tower\",\"breadcrumb\":{\"@id\":\"https:\\\/\\\/www.palletcontroltower.eu\\\/pt\\\/boletim-informativo\\\/#breadcrumb\"},\"inLanguage\":\"de\",\"potentialAction\":[{\"@type\":\"ReadAction\",\"target\":[\"https:\\\/\\\/www.palletcontroltower.eu\\\/pt\\\/boletim-informativo\\\/\"]}]},{\"@type\":\"BreadcrumbList\",\"@id\":\"https:\\\/\\\/www.palletcontroltower.eu\\\/pt\\\/boletim-informativo\\\/#breadcrumb\",\"itemListElement\":[{\"@type\":\"ListItem\",\"position\":1,\"name\":\"Home\",\"item\":\"https:\\\/\\\/www.palletcontroltower.eu\\\/\"},{\"@type\":\"ListItem\",\"position\":2,\"name\":\"Nieuwsbrief\"}]},{\"@type\":\"WebSite\",\"@id\":\"https:\\\/\\\/www.palletcontroltower.eu\\\/#website\",\"url\":\"https:\\\/\\\/www.palletcontroltower.eu\\\/\",\"name\":\"Pallet Control Tower\",\"description\":\"\",\"publisher\":{\"@id\":\"https:\\\/\\\/www.palletcontroltower.eu\\\/#organization\"},\"potentialAction\":[{\"@type\":\"SearchAction\",\"target\":{\"@type\":\"EntryPoint\",\"urlTemplate\":\"https:\\\/\\\/www.palletcontroltower.eu\\\/?s={search_term_string}\"},\"query-input\":{\"@type\":\"PropertyValueSpecification\",\"valueRequired\":true,\"valueName\":\"search_term_string\"}}],\"inLanguage\":\"de\"},{\"@type\":\"Organization\",\"@id\":\"https:\\\/\\\/www.palletcontroltower.eu\\\/#organization\",\"name\":\"Pallet Control Tower\",\"url\":\"https:\\\/\\\/www.palletcontroltower.eu\\\/\",\"logo\":{\"@type\":\"ImageObject\",\"inLanguage\":\"de\",\"@id\":\"https:\\\/\\\/www.palletcontroltower.eu\\\/#\\\/schema\\\/logo\\\/image\\\/\",\"url\":\"https:\\\/\\\/www.palletcontroltower.eu\\\/wp-content\\\/uploads\\\/2023\\\/10\\\/logo.svg\",\"contentUrl\":\"https:\\\/\\\/www.palletcontroltower.eu\\\/wp-content\\\/uploads\\\/2023\\\/10\\\/logo.svg\",\"width\":290,\"height\":87,\"caption\":\"Pallet Control Tower\"},\"image\":{\"@id\":\"https:\\\/\\\/www.palletcontroltower.eu\\\/#\\\/schema\\\/logo\\\/image\\\/\"}}]}<\/script>\n<!-- \/ Yoast SEO plugin. -->","yoast_head_json":{"title":"Newsletter - Palettenkontrollturm","description":"Mit diesem Formular k\u00f6nnen Sie sich f\u00fcr unseren unregelm\u00e4\u00dfigen E-Mail-Newsletter mit Informationen \u00fcber Paletten und Pallet Control Tower anmelden.","robots":{"index":"index","follow":"follow","max-snippet":"max-snippet:-1","max-image-preview":"max-image-preview:large","max-video-preview":"max-video-preview:-1"},"canonical":"https:\/\/www.palletcontroltower.eu\/de\/newsletter\/","og_locale":"de_DE","og_type":"article","og_title":"Nieuwsbrief - Pallet Control Tower","og_description":"Via dit formulier kunt u zich abonneren op onze onregelmatig verschijnende email nieuwsbrief met info over pallets en Pallet Control Tower","og_url":"https:\/\/www.palletcontroltower.eu\/de\/newsletter\/","og_site_name":"Pallet Control Tower","article_modified_time":"2024-01-08T14:29:57+00:00","twitter_card":"summary_large_image","twitter_misc":{"Gesch\u00e4tzte Lesezeit":"1\u00a0Minute"},"schema":{"@context":"https:\/\/schema.org","@graph":[{"@type":"WebPage","@id":"https:\/\/www.palletcontroltower.eu\/pt\/boletim-informativo\/","url":"https:\/\/www.palletcontroltower.eu\/pt\/boletim-informativo\/","name":"Newsletter - Palettenkontrollturm","isPartOf":{"@id":"https:\/\/www.palletcontroltower.eu\/#website"},"datePublished":"2024-01-04T14:08:59+00:00","dateModified":"2024-01-08T14:29:57+00:00","description":"Mit diesem Formular k\u00f6nnen Sie sich f\u00fcr unseren unregelm\u00e4\u00dfigen E-Mail-Newsletter mit Informationen \u00fcber Paletten und Pallet Control Tower anmelden.","breadcrumb":{"@id":"https:\/\/www.palletcontroltower.eu\/pt\/boletim-informativo\/#breadcrumb"},"inLanguage":"de","potentialAction":[{"@type":"ReadAction","target":["https:\/\/www.palletcontroltower.eu\/pt\/boletim-informativo\/"]}]},{"@type":"BreadcrumbList","@id":"https:\/\/www.palletcontroltower.eu\/pt\/boletim-informativo\/#breadcrumb","itemListElement":[{"@type":"ListItem","position":1,"name":"Home","item":"https:\/\/www.palletcontroltower.eu\/"},{"@type":"ListItem","position":2,"name":"Nieuwsbrief"}]},{"@type":"WebSite","@id":"https:\/\/www.palletcontroltower.eu\/#website","url":"https:\/\/www.palletcontroltower.eu\/","name":"Palettenkontrollturm","description":"","publisher":{"@id":"https:\/\/www.palletcontroltower.eu\/#organization"},"potentialAction":[{"@type":"SearchAction","target":{"@type":"EntryPoint","urlTemplate":"https:\/\/www.palletcontroltower.eu\/?s={search_term_string}"},"query-input":{"@type":"PropertyValueSpecification","valueRequired":true,"valueName":"search_term_string"}}],"inLanguage":"de"},{"@type":"Organization","@id":"https:\/\/www.palletcontroltower.eu\/#organization","name":"Palettenkontrollturm","url":"https:\/\/www.palletcontroltower.eu\/","logo":{"@type":"ImageObject","inLanguage":"de","@id":"https:\/\/www.palletcontroltower.eu\/#\/schema\/logo\/image\/","url":"https:\/\/www.palletcontroltower.eu\/wp-content\/uploads\/2023\/10\/logo.svg","contentUrl":"https:\/\/www.palletcontroltower.eu\/wp-content\/uploads\/2023\/10\/logo.svg","width":290,"height":87,"caption":"Pallet Control Tower"},"image":{"@id":"https:\/\/www.palletcontroltower.eu\/#\/schema\/logo\/image\/"}}]}},"_links":{"self":[{"href":"https:\/\/www.palletcontroltower.eu\/de\/wp-json\/wp\/v2\/pages\/1092","targetHints":{"allow":["GET"]}}],"collection":[{"href":"https:\/\/www.palletcontroltower.eu\/de\/wp-json\/wp\/v2\/pages"}],"about":[{"href":"https:\/\/www.palletcontroltower.eu\/de\/wp-json\/wp\/v2\/types\/page"}],"author":[{"embeddable":true,"href":"https:\/\/www.palletcontroltower.eu\/de\/wp-json\/wp\/v2\/users\/1"}],"replies":[{"embeddable":true,"href":"https:\/\/www.palletcontroltower.eu\/de\/wp-json\/wp\/v2\/comments?post=1092"}],"version-history":[{"count":9,"href":"https:\/\/www.palletcontroltower.eu\/de\/wp-json\/wp\/v2\/pages\/1092\/revisions"}],"predecessor-version":[{"id":1123,"href":"https:\/\/www.palletcontroltower.eu\/de\/wp-json\/wp\/v2\/pages\/1092\/revisions\/1123"}],"wp:attachment":[{"href":"https:\/\/www.palletcontroltower.eu\/de\/wp-json\/wp\/v2\/media?parent=1092"}],"curies":[{"name":"wp","href":"https:\/\/api.w.org\/{rel}","templated":true}]}}