{"id":1175,"date":"2024-01-17T07:59:51","date_gmt":"2024-01-17T07:59:51","guid":{"rendered":"https:\/\/www.palletcontroltower.eu\/?page_id=1175"},"modified":"2024-01-22T12:59:29","modified_gmt":"2024-01-22T12:59:29","slug":"kundenbetreuer","status":"publish","type":"page","link":"https:\/\/www.palletcontroltower.eu\/de\/vacatures\/accountmanager\/","title":{"rendered":"Kundenbetreuer\/in verschiedene europ\u00e4ische L\u00e4nder - Vollzeit \/ Teilzeit"},"content":{"rendered":"<p><strong>Sie haben mehrere Jahre Erfahrung in der Logistik und\/oder im internationalen Handel und m\u00f6chten den n\u00e4chsten Schritt in Ihrer Karriere machen?<\/strong><\/p>\n\n\n\n<p>Dann ergreifen Sie jetzt Ihre Chance, mit uns als Kundenbetreuer in einer unserer europ\u00e4ischen Betriebsregionen weiter zu wachsen:<\/p>\n\n\n\n<ul class=\"wp-block-list\">\n<li>Niederlande, Belgien, Luxemburg,<\/li>\n\n\n\n<li>Deutschland, \u00d6sterreich, Schweiz,<\/li>\n\n\n\n<li>Gro\u00dfbritannien<\/li>\n\n\n\n<li>Frankreich<\/li>\n\n\n\n<li>Spanien und Portugal<\/li>\n\n\n\n<li>Italien<\/li>\n\n\n\n<li>D\u00e4nemark, Norwegen, Schweden, Finaland<\/li>\n\n\n\n<li>Estland, Lettland, Litauen, Polen,<\/li>\n\n\n\n<li>Tschechische Republik, Slowakei, Ungarn, Rum\u00e4nien,<\/li>\n\n\n\n<li>Serbien, Montenegro, Bulgarien, Griechenland<\/li>\n<\/ul>\n\n\n\n<h3 class=\"wp-block-heading\"><strong>Wer ist der Pallet Control Tower (PCT)?<\/strong><\/h3>\n\n\n\n<p>Wir sind ein internationales Unternehmen, das in der Europaletten- und anderen \"Mehrweg-Transportmitteln\" t\u00e4tig ist. Wir haben eine 24\/7-Online-Plattform entwickelt, auf der der Kauf und Verkauf von Europaletten schneller, einfacher, intelligenter und nachhaltiger ist als mit herk\u00f6mmlichen Methoden. Unsere Kunden sind sowohl in Europa als auch in Amerika\/Kanada und Asien ans\u00e4ssig. Sie k\u00f6nnen sich auf einen Job voller Abwechslung und Herausforderungen freuen.<\/p>\n\n\n\n<p>Als Kundenbetreuer werden Sie eng mit unserem CEO, den anderen europ\u00e4ischen Kundenbetreuern und unseren Kunden zusammenarbeiten. Die internationale Logistik und der Palettenhandel sind eine dynamische und anspruchsvolle Branche. Sie wissen das besser als jeder andere. Daher werden Sie viel unterwegs sein, um unsere Kunden und potenziellen Kunden zu besuchen. Sie sind l\u00f6sungsorientiert und haben ein ausgepr\u00e4gtes kaufm\u00e4nnisches Gesp\u00fcr. Wenn Sie begeistert und neugierig auf diese Stelle sind, lesen Sie schnell weiter!<\/p>\n\n\n\n<h3 class=\"wp-block-heading\"><strong>Was bieten wir Ihnen?<\/strong><\/h3>\n\n\n\n<ul class=\"wp-block-list\">\n<li>Eine anspruchsvolle T\u00e4tigkeit in einem freundlichen und noch wachsenden Unternehmen<\/li>\n\n\n\n<li>Unabh\u00e4ngigkeit mit viel Spielraum f\u00fcr die Gestaltung des eigenen Tagesablaufs<\/li>\n\n\n\n<li>Vollst\u00e4ndige Einrichtung eines Heimb\u00fcros<\/li>\n\n\n\n<li>Wettbewerbsf\u00e4higes Gehalt, wobei einschl\u00e4gige Erfahrung ein wichtiger Punkt ist<\/li>\n\n\n\n<li>Auto, IPad und Mobiltelefon leasen<\/li>\n\n\n\n<li>25 freie Tage und die M\u00f6glichkeit, zus\u00e4tzliche Tage zu kaufen<\/li>\n\n\n\n<li>Bonusregelung<\/li>\n<\/ul>\n\n\n\n<h3 class=\"wp-block-heading\"><strong>Wen suchen wir?<\/strong><\/h3>\n\n\n\n<p>Sie sind praktisch veranlagt, voller Energie und \u00fcbernehmen gerne die F\u00fchrung. Sie sind aktiv, engagiert und haben einen unternehmerischen Geist. Telefonate und direkter Kundenkontakt sind f\u00fcr Sie eine Selbstverst\u00e4ndlichkeit. Selbstst\u00e4ndiges Arbeiten ist f\u00fcr Sie kein Problem, aber Sie arbeiten auch gut im Team und sind kontaktfreudig.<\/p>\n\n\n\n<ul class=\"wp-block-list\">\n<li>Sie leben in einem der L\u00e4nder und sind bereit, einen erheblichen Teil Ihrer Zeit zu reisen (&gt; 50%)<\/li>\n\n\n\n<li>Sie werden von zu Hause aus arbeiten und wir sehen Sie gelegentlich in der Hauptgesch\u00e4ftsstelle in den Niederlanden.<\/li>\n\n\n\n<li>Pragmatismus, Pro-Aktivit\u00e4t und L\u00f6sungsorientiertheit<\/li>\n\n\n\n<li>einen Hintergrund im internationalen Handel und\/oder in der Logistik<\/li>\n\n\n\n<li>Ausbildung auf MBO+\/HBO-Niveau<\/li>\n\n\n\n<li>Sie sprechen und schreiben Englisch und Ihre eigene Sprache auf professionellem Niveau<\/li>\n\n\n\n<li>Kenntnisse in anderen Sprachen sind von Vorteil<\/li>\n\n\n\n<li>Wir arbeiten u.a. mit HubSpot und Office 365<\/li>\n<\/ul>\n\n\n\n<p>Es handelt sich um eine Vollzeitstelle (40 Stunden pro Woche), Teilzeit ist im gegenseitigen Einvernehmen m\u00f6glich.<\/p>\n\n\n\n<h3 class=\"wp-block-heading\"><strong>Anmeldung<\/strong><\/h3>\n\n\n\n<p>Immer noch aufgeregt! Wir verstehen das! Dann schreiben Sie Ihr Anschreiben und<br>Senden Sie dies zusammen mit Ihrem Lebenslauf an Bart Meijnen \uf0e0 info@palletcontroltower.eu. Sie k\u00f6nnen ihm auch eine E-Mail schicken oder ihn anrufen, wenn Sie Fragen haben oder weitere Informationen w\u00fcnschen: +31 620530869.<\/p>\n\n\n\n<p><em>Akquisitionen als Reaktion auf diesen Standpunkt sind nicht erw\u00fcnscht.<\/em><\/p>","protected":false},"excerpt":{"rendered":"<p>U heeft meerdere jaren ervaring in de logistieke sector en\/of internationale handel en u zou graag een volgende stap in uw carri\u00e8re willen zetten? Grijp dan nu uw kans om verder te groeien bij ons als account manager in een van onze Europese werkgebieden: Wie is Pallet Control Tower (PCT)? Wij zijn een internationaal bedrijf [&hellip;]<\/p>\n","protected":false},"author":3,"featured_media":0,"parent":70,"menu_order":0,"comment_status":"closed","ping_status":"closed","template":"","meta":{"footnotes":""},"class_list":["post-1175","page","type-page","status-publish","hentry"],"yoast_head":"<!-- This site is optimized with the Yoast SEO plugin v27.6 - https:\/\/yoast.com\/product\/yoast-seo-wordpress\/ -->\n<title>Account manager diverse Europese landen \u2013 fulltime \/ parttime - Pallet Control Tower<\/title>\n<meta name=\"description\" content=\"Pallet Control Tower is op zoek naar een ervaren account manager, internationale handel of supply chain, voor een van onze werkgebieden\" \/>\n<meta name=\"robots\" content=\"index, follow, max-snippet:-1, max-image-preview:large, max-video-preview:-1\" \/>\n<link rel=\"canonical\" href=\"https:\/\/www.palletcontroltower.eu\/de\/freie-stellen\/beispiel-stellenangebot-1\/\" \/>\n<meta property=\"og:locale\" content=\"de_DE\" \/>\n<meta property=\"og:type\" content=\"article\" \/>\n<meta property=\"og:title\" content=\"Account manager diverse Europese landen \u2013 fulltime \/ parttime - Pallet Control Tower\" \/>\n<meta property=\"og:description\" content=\"Pallet Control Tower is op zoek naar een ervaren account manager, internationale handel of supply chain, voor een van onze werkgebieden\" \/>\n<meta property=\"og:url\" content=\"https:\/\/www.palletcontroltower.eu\/de\/freie-stellen\/beispiel-stellenangebot-1\/\" \/>\n<meta property=\"og:site_name\" content=\"Pallet Control Tower\" \/>\n<meta property=\"article:modified_time\" content=\"2024-01-22T12:59:29+00:00\" \/>\n<meta name=\"twitter:card\" content=\"summary_large_image\" \/>\n<meta name=\"twitter:label1\" content=\"Gesch\u00e4tzte Lesezeit\" \/>\n\t<meta name=\"twitter:data1\" content=\"3\u00a0Minuten\" \/>\n<script type=\"application\/ld+json\" class=\"yoast-schema-graph\">{\"@context\":\"https:\\\/\\\/schema.org\",\"@graph\":[{\"@type\":\"WebPage\",\"@id\":\"https:\\\/\\\/www.palletcontroltower.eu\\\/hu\\\/allasajanlatok\\\/pelda-ures-allashely-1\\\/\",\"url\":\"https:\\\/\\\/www.palletcontroltower.eu\\\/hu\\\/allasajanlatok\\\/pelda-ures-allashely-1\\\/\",\"name\":\"Account manager diverse Europese landen \u2013 fulltime \\\/ parttime - Pallet Control Tower\",\"isPartOf\":{\"@id\":\"https:\\\/\\\/www.palletcontroltower.eu\\\/#website\"},\"datePublished\":\"2024-01-17T07:59:51+00:00\",\"dateModified\":\"2024-01-22T12:59:29+00:00\",\"description\":\"Pallet Control Tower is op zoek naar een ervaren account manager, internationale handel of supply chain, voor een van onze werkgebieden\",\"breadcrumb\":{\"@id\":\"https:\\\/\\\/www.palletcontroltower.eu\\\/hu\\\/allasajanlatok\\\/pelda-ures-allashely-1\\\/#breadcrumb\"},\"inLanguage\":\"de\",\"potentialAction\":[{\"@type\":\"ReadAction\",\"target\":[\"https:\\\/\\\/www.palletcontroltower.eu\\\/hu\\\/allasajanlatok\\\/pelda-ures-allashely-1\\\/\"]}]},{\"@type\":\"BreadcrumbList\",\"@id\":\"https:\\\/\\\/www.palletcontroltower.eu\\\/hu\\\/allasajanlatok\\\/pelda-ures-allashely-1\\\/#breadcrumb\",\"itemListElement\":[{\"@type\":\"ListItem\",\"position\":1,\"name\":\"Home\",\"item\":\"https:\\\/\\\/www.palletcontroltower.eu\\\/\"},{\"@type\":\"ListItem\",\"position\":2,\"name\":\"Vacatures\",\"item\":\"https:\\\/\\\/www.palletcontroltower.eu\\\/vacatures\\\/\"},{\"@type\":\"ListItem\",\"position\":3,\"name\":\"Account manager diverse Europese landen \u2013 fulltime \\\/ parttime\"}]},{\"@type\":\"WebSite\",\"@id\":\"https:\\\/\\\/www.palletcontroltower.eu\\\/#website\",\"url\":\"https:\\\/\\\/www.palletcontroltower.eu\\\/\",\"name\":\"Pallet Control Tower\",\"description\":\"\",\"publisher\":{\"@id\":\"https:\\\/\\\/www.palletcontroltower.eu\\\/#organization\"},\"potentialAction\":[{\"@type\":\"SearchAction\",\"target\":{\"@type\":\"EntryPoint\",\"urlTemplate\":\"https:\\\/\\\/www.palletcontroltower.eu\\\/?s={search_term_string}\"},\"query-input\":{\"@type\":\"PropertyValueSpecification\",\"valueRequired\":true,\"valueName\":\"search_term_string\"}}],\"inLanguage\":\"de\"},{\"@type\":\"Organization\",\"@id\":\"https:\\\/\\\/www.palletcontroltower.eu\\\/#organization\",\"name\":\"Pallet Control Tower\",\"url\":\"https:\\\/\\\/www.palletcontroltower.eu\\\/\",\"logo\":{\"@type\":\"ImageObject\",\"inLanguage\":\"de\",\"@id\":\"https:\\\/\\\/www.palletcontroltower.eu\\\/#\\\/schema\\\/logo\\\/image\\\/\",\"url\":\"https:\\\/\\\/www.palletcontroltower.eu\\\/wp-content\\\/uploads\\\/2023\\\/10\\\/logo.svg\",\"contentUrl\":\"https:\\\/\\\/www.palletcontroltower.eu\\\/wp-content\\\/uploads\\\/2023\\\/10\\\/logo.svg\",\"width\":290,\"height\":87,\"caption\":\"Pallet Control Tower\"},\"image\":{\"@id\":\"https:\\\/\\\/www.palletcontroltower.eu\\\/#\\\/schema\\\/logo\\\/image\\\/\"}}]}<\/script>\n<!-- \/ Yoast SEO plugin. -->","yoast_head_json":{"title":"Account Manager verschiedene europ\u00e4ische L\u00e4nder - Vollzeit \/ Teilzeit - Pallet Control Tower","description":"Pallet Control Tower sucht einen erfahrenen Kundenbetreuer, internationaler Handel oder Lieferkette, f\u00fcr einen unserer T\u00e4tigkeitsbereiche","robots":{"index":"index","follow":"follow","max-snippet":"max-snippet:-1","max-image-preview":"max-image-preview:large","max-video-preview":"max-video-preview:-1"},"canonical":"https:\/\/www.palletcontroltower.eu\/de\/freie-stellen\/beispiel-stellenangebot-1\/","og_locale":"de_DE","og_type":"article","og_title":"Account manager diverse Europese landen \u2013 fulltime \/ parttime - Pallet Control Tower","og_description":"Pallet Control Tower is op zoek naar een ervaren account manager, internationale handel of supply chain, voor een van onze werkgebieden","og_url":"https:\/\/www.palletcontroltower.eu\/de\/freie-stellen\/beispiel-stellenangebot-1\/","og_site_name":"Pallet Control Tower","article_modified_time":"2024-01-22T12:59:29+00:00","twitter_card":"summary_large_image","twitter_misc":{"Gesch\u00e4tzte Lesezeit":"3\u00a0Minuten"},"schema":{"@context":"https:\/\/schema.org","@graph":[{"@type":"WebPage","@id":"https:\/\/www.palletcontroltower.eu\/hu\/allasajanlatok\/pelda-ures-allashely-1\/","url":"https:\/\/www.palletcontroltower.eu\/hu\/allasajanlatok\/pelda-ures-allashely-1\/","name":"Account Manager verschiedene europ\u00e4ische L\u00e4nder - Vollzeit \/ Teilzeit - Pallet Control Tower","isPartOf":{"@id":"https:\/\/www.palletcontroltower.eu\/#website"},"datePublished":"2024-01-17T07:59:51+00:00","dateModified":"2024-01-22T12:59:29+00:00","description":"Pallet Control Tower sucht einen erfahrenen Kundenbetreuer, internationaler Handel oder Lieferkette, f\u00fcr einen unserer T\u00e4tigkeitsbereiche","breadcrumb":{"@id":"https:\/\/www.palletcontroltower.eu\/hu\/allasajanlatok\/pelda-ures-allashely-1\/#breadcrumb"},"inLanguage":"de","potentialAction":[{"@type":"ReadAction","target":["https:\/\/www.palletcontroltower.eu\/hu\/allasajanlatok\/pelda-ures-allashely-1\/"]}]},{"@type":"BreadcrumbList","@id":"https:\/\/www.palletcontroltower.eu\/hu\/allasajanlatok\/pelda-ures-allashely-1\/#breadcrumb","itemListElement":[{"@type":"ListItem","position":1,"name":"Home","item":"https:\/\/www.palletcontroltower.eu\/"},{"@type":"ListItem","position":2,"name":"Vacatures","item":"https:\/\/www.palletcontroltower.eu\/vacatures\/"},{"@type":"ListItem","position":3,"name":"Account manager diverse Europese landen \u2013 fulltime \/ parttime"}]},{"@type":"WebSite","@id":"https:\/\/www.palletcontroltower.eu\/#website","url":"https:\/\/www.palletcontroltower.eu\/","name":"Palettenkontrollturm","description":"","publisher":{"@id":"https:\/\/www.palletcontroltower.eu\/#organization"},"potentialAction":[{"@type":"SearchAction","target":{"@type":"EntryPoint","urlTemplate":"https:\/\/www.palletcontroltower.eu\/?s={search_term_string}"},"query-input":{"@type":"PropertyValueSpecification","valueRequired":true,"valueName":"search_term_string"}}],"inLanguage":"de"},{"@type":"Organization","@id":"https:\/\/www.palletcontroltower.eu\/#organization","name":"Palettenkontrollturm","url":"https:\/\/www.palletcontroltower.eu\/","logo":{"@type":"ImageObject","inLanguage":"de","@id":"https:\/\/www.palletcontroltower.eu\/#\/schema\/logo\/image\/","url":"https:\/\/www.palletcontroltower.eu\/wp-content\/uploads\/2023\/10\/logo.svg","contentUrl":"https:\/\/www.palletcontroltower.eu\/wp-content\/uploads\/2023\/10\/logo.svg","width":290,"height":87,"caption":"Pallet Control Tower"},"image":{"@id":"https:\/\/www.palletcontroltower.eu\/#\/schema\/logo\/image\/"}}]}},"_links":{"self":[{"href":"https:\/\/www.palletcontroltower.eu\/de\/wp-json\/wp\/v2\/pages\/1175","targetHints":{"allow":["GET"]}}],"collection":[{"href":"https:\/\/www.palletcontroltower.eu\/de\/wp-json\/wp\/v2\/pages"}],"about":[{"href":"https:\/\/www.palletcontroltower.eu\/de\/wp-json\/wp\/v2\/types\/page"}],"author":[{"embeddable":true,"href":"https:\/\/www.palletcontroltower.eu\/de\/wp-json\/wp\/v2\/users\/3"}],"replies":[{"embeddable":true,"href":"https:\/\/www.palletcontroltower.eu\/de\/wp-json\/wp\/v2\/comments?post=1175"}],"version-history":[{"count":3,"href":"https:\/\/www.palletcontroltower.eu\/de\/wp-json\/wp\/v2\/pages\/1175\/revisions"}],"predecessor-version":[{"id":1196,"href":"https:\/\/www.palletcontroltower.eu\/de\/wp-json\/wp\/v2\/pages\/1175\/revisions\/1196"}],"up":[{"embeddable":true,"href":"https:\/\/www.palletcontroltower.eu\/de\/wp-json\/wp\/v2\/pages\/70"}],"wp:attachment":[{"href":"https:\/\/www.palletcontroltower.eu\/de\/wp-json\/wp\/v2\/media?parent=1175"}],"curies":[{"name":"wp","href":"https:\/\/api.w.org\/{rel}","templated":true}]}}