{"id":1178,"date":"2024-01-17T08:00:50","date_gmt":"2024-01-17T08:00:50","guid":{"rendered":"https:\/\/www.palletcontroltower.eu\/?page_id=1178"},"modified":"2024-01-22T13:02:20","modified_gmt":"2024-01-22T13:02:20","slug":"junior-office-marketing-assistentin","status":"publish","type":"page","link":"https:\/\/www.palletcontroltower.eu\/de\/vacatures\/junior-office-marketing-medewerker\/","title":{"rendered":"(Junior) B\u00fcro-\/Marketingassistent\/in - Teilzeit\/Vollzeit"},"content":{"rendered":"<p><strong>Sie stehen am Anfang Ihrer beruflichen Laufbahn oder haben bereits erste Berufserfahrungen im Bereich Marketing\/Kommunikation und\/oder Office Management und m\u00f6chten den n\u00e4chsten Karriereschritt machen?<\/strong><\/p>\n\n\n\n<p>Dann ergreifen Sie jetzt Ihre Chance, als (Junior) B\u00fcro- und Marketingassistent mit uns zu wachsen!<\/p>\n\n\n\n<h3 class=\"wp-block-heading\"><strong>Sie fragen sich, wer der Pallet Control Tower (PCT) ist?<\/strong><\/h3>\n\n\n\n<p>Wir sind ein internationales Unternehmen, das in der Europaletten- und anderen \"Mehrweg-Transportmittel\"-Branche t\u00e4tig ist. Wir haben eine europ\u00e4ische Online-Plattform entwickelt, auf der der Kauf und Verkauf von Europaletten schneller, einfacher und nachhaltiger ist als mit herk\u00f6mmlichen Methoden. Unser Kundenportfolio ist europ\u00e4isch und global. Sie k\u00f6nnen mit einem Job voller Abwechslung und Herausforderungen rechnen.<\/p>\n\n\n\n<p>In der Rolle des B\u00fcro- und Marketingassistenten arbeiten Sie eng mit den internationalen Account Managern und Kunden zusammen. Sie k\u00fcmmern sich um die Marketing- und Kommunikationsunterst\u00fctzung, z. B. die Produktion eigener Medien, die Erstellung von Inhalten, die Organisation von Messebeteiligungen, die Pflege der Social-Media-Kan\u00e4le, die Kommunikation mit Kunden und potenziellen Kunden. Sie halten aber auch die Terminkalender der Kundenbetreuer auf dem Laufenden, buchen Reisen f\u00fcr sie (einschlie\u00dflich Hotels\/Mietwagen) und sind das Bindeglied zwischen der Finanzabteilung und den Kundenbetreuern. Eines der Tools, die wir verwenden, ist HubSpot. Wenn Sie begeistert und neugierig auf diese Stelle geworden sind, lesen Sie schnell weiter!<\/p>\n\n\n\n<h3 class=\"wp-block-heading\"><strong>Was bieten wir Ihnen?<\/strong><\/h3>\n\n\n\n<ul class=\"wp-block-list\">\n<li>Direkte Besch\u00e4ftigung bei PCT<\/li>\n\n\n\n<li>Ein freundliches (noch wachsendes) internationales Team<\/li>\n\n\n\n<li>Eine Aufgabe im Bereich der kommerziellen Kommunikation, die abwechslungsreich und herausfordernd ist<\/li>\n\n\n\n<li>Dynamischer Markt, der sich st\u00e4ndig weiterentwickelt<\/li>\n\n\n\n<li>Beratung und langfristige Karrierem\u00f6glichkeiten<\/li>\n\n\n\n<li>Hybrides Arbeiten ist m\u00f6glich<\/li>\n\n\n\n<li>Wettbewerbsf\u00e4higes Gehalt<\/li>\n<\/ul>\n\n\n\n<h3 class=\"wp-block-heading\"><strong>Wen suchen wir?<\/strong><\/h3>\n\n\n\n<p>Sie sind praktisch veranlagt, voller Energie und \u00fcbernehmen gerne selbst die F\u00fchrung. Sie sind aktiv, engagiert und haben einen unternehmerischen Geist. Sie haben kein Problem mit Telefonkontakten und nehmen vorzugsweise selbst den H\u00f6rer f\u00fcr Gespr\u00e4che ab. Selbstst\u00e4ndiges Arbeiten ist f\u00fcr Sie kein Problem, Sie k\u00f6nnen gut im Team arbeiten und haben eine soziale Einstellung.<\/p>\n\n\n\n<ul class=\"wp-block-list\">\n<li>Schreibtalent pur sang<\/li>\n\n\n\n<li>Kenntnisse der Online- und Offline-Kommunikation, wie LinkedIn (Werbung) und MailChimp<\/li>\n\n\n\n<li>Kenntnisse in Office 365, eventuell Canva, InDesign und\/oder Photoshop<\/li>\n\n\n\n<li>Ausgezeichnete Beherrschung der niederl\u00e4ndischen und englischen Sprache (und m\u00f6glicherweise anderer Sprachen)<\/li>\n\n\n\n<li>Wohnen in der Region Roermond<\/li>\n\n\n\n<li>Die Stelle kann entweder in Teilzeit (24 oder 32 Stunden) oder in Vollzeit besetzt werden.<\/li>\n<\/ul>\n\n\n\n<h3 class=\"wp-block-heading\"><strong>Anmeldung<\/strong><\/h3>\n\n\n\n<p>Immer noch aufgeregt! Wir verstehen das! Dann schreiben Sie Ihr Anschreiben und senden Sie es zusammen mit Ihrem Lebenslauf an Bart Meijnen: info@palletcontroltower.eu. Sie k\u00f6nnen ihm auch eine E-Mail schicken oder ihn f\u00fcr Fragen \/ weitere Informationen anrufen: +31 620530869.<\/p>\n\n\n\n<p><em>Akquisition als Antwort auf diesen Standpunkt wird nicht gesch\u00e4tzt<\/em><\/p>","protected":false},"excerpt":{"rendered":"<p>Sta je aan het begin van je loopbaan of heb je al een eerste werkervaring in een marketing\/communicatie en\/of office management functie en zou je graag de volgende stap in je carri\u00e8re willen zetten? Grijp dan nu je kans om te groeien bij ons als (junior) office- en marketingmedewerker! Wie is Pallet Control Tower (PCT) [&hellip;]<\/p>\n","protected":false},"author":3,"featured_media":0,"parent":70,"menu_order":0,"comment_status":"closed","ping_status":"closed","template":"","meta":{"footnotes":""},"class_list":["post-1178","page","type-page","status-publish","hentry"],"yoast_head":"<!-- This site is optimized with the Yoast SEO plugin v27.6 - https:\/\/yoast.com\/product\/yoast-seo-wordpress\/ -->\n<title>(Junior) Office \/ Marketing medewerker \u2013 parttime\/fulltime - Pallet Control Tower<\/title>\n<meta name=\"description\" content=\"PCT is op zoek naar een office \/ marketing medewerker die de spin in het web is op ons hoofdkantoor voor marketing en office activiteiten\" \/>\n<meta name=\"robots\" content=\"index, follow, max-snippet:-1, max-image-preview:large, max-video-preview:-1\" \/>\n<link rel=\"canonical\" href=\"https:\/\/www.palletcontroltower.eu\/de\/freie-stellen\/beispiel-stellenangebot-2\/\" \/>\n<meta property=\"og:locale\" content=\"de_DE\" \/>\n<meta property=\"og:type\" content=\"article\" \/>\n<meta property=\"og:title\" content=\"(Junior) Office \/ Marketing medewerker \u2013 parttime\/fulltime - Pallet Control Tower\" \/>\n<meta property=\"og:description\" content=\"PCT is op zoek naar een office \/ marketing medewerker die de spin in het web is op ons hoofdkantoor voor marketing en office activiteiten\" \/>\n<meta property=\"og:url\" content=\"https:\/\/www.palletcontroltower.eu\/de\/freie-stellen\/beispiel-stellenangebot-2\/\" \/>\n<meta property=\"og:site_name\" content=\"Pallet Control Tower\" \/>\n<meta property=\"article:modified_time\" content=\"2024-01-22T13:02:20+00:00\" \/>\n<meta name=\"twitter:card\" content=\"summary_large_image\" \/>\n<meta name=\"twitter:label1\" content=\"Gesch\u00e4tzte Lesezeit\" \/>\n\t<meta name=\"twitter:data1\" content=\"3\u00a0Minuten\" \/>\n<script type=\"application\/ld+json\" class=\"yoast-schema-graph\">{\"@context\":\"https:\\\/\\\/schema.org\",\"@graph\":[{\"@type\":\"WebPage\",\"@id\":\"https:\\\/\\\/www.palletcontroltower.eu\\\/hu\\\/allasajanlatok\\\/pelda-ures-allashely-2\\\/\",\"url\":\"https:\\\/\\\/www.palletcontroltower.eu\\\/hu\\\/allasajanlatok\\\/pelda-ures-allashely-2\\\/\",\"name\":\"(Junior) Office \\\/ Marketing medewerker \u2013 parttime\\\/fulltime - Pallet Control Tower\",\"isPartOf\":{\"@id\":\"https:\\\/\\\/www.palletcontroltower.eu\\\/#website\"},\"datePublished\":\"2024-01-17T08:00:50+00:00\",\"dateModified\":\"2024-01-22T13:02:20+00:00\",\"description\":\"PCT is op zoek naar een office \\\/ marketing medewerker die de spin in het web is op ons hoofdkantoor voor marketing en office activiteiten\",\"breadcrumb\":{\"@id\":\"https:\\\/\\\/www.palletcontroltower.eu\\\/hu\\\/allasajanlatok\\\/pelda-ures-allashely-2\\\/#breadcrumb\"},\"inLanguage\":\"de\",\"potentialAction\":[{\"@type\":\"ReadAction\",\"target\":[\"https:\\\/\\\/www.palletcontroltower.eu\\\/hu\\\/allasajanlatok\\\/pelda-ures-allashely-2\\\/\"]}]},{\"@type\":\"BreadcrumbList\",\"@id\":\"https:\\\/\\\/www.palletcontroltower.eu\\\/hu\\\/allasajanlatok\\\/pelda-ures-allashely-2\\\/#breadcrumb\",\"itemListElement\":[{\"@type\":\"ListItem\",\"position\":1,\"name\":\"Home\",\"item\":\"https:\\\/\\\/www.palletcontroltower.eu\\\/\"},{\"@type\":\"ListItem\",\"position\":2,\"name\":\"Vacatures\",\"item\":\"https:\\\/\\\/www.palletcontroltower.eu\\\/vacatures\\\/\"},{\"@type\":\"ListItem\",\"position\":3,\"name\":\"(Junior) Office \\\/ Marketing medewerker \u2013 parttime\\\/fulltime\"}]},{\"@type\":\"WebSite\",\"@id\":\"https:\\\/\\\/www.palletcontroltower.eu\\\/#website\",\"url\":\"https:\\\/\\\/www.palletcontroltower.eu\\\/\",\"name\":\"Pallet Control Tower\",\"description\":\"\",\"publisher\":{\"@id\":\"https:\\\/\\\/www.palletcontroltower.eu\\\/#organization\"},\"potentialAction\":[{\"@type\":\"SearchAction\",\"target\":{\"@type\":\"EntryPoint\",\"urlTemplate\":\"https:\\\/\\\/www.palletcontroltower.eu\\\/?s={search_term_string}\"},\"query-input\":{\"@type\":\"PropertyValueSpecification\",\"valueRequired\":true,\"valueName\":\"search_term_string\"}}],\"inLanguage\":\"de\"},{\"@type\":\"Organization\",\"@id\":\"https:\\\/\\\/www.palletcontroltower.eu\\\/#organization\",\"name\":\"Pallet Control Tower\",\"url\":\"https:\\\/\\\/www.palletcontroltower.eu\\\/\",\"logo\":{\"@type\":\"ImageObject\",\"inLanguage\":\"de\",\"@id\":\"https:\\\/\\\/www.palletcontroltower.eu\\\/#\\\/schema\\\/logo\\\/image\\\/\",\"url\":\"https:\\\/\\\/www.palletcontroltower.eu\\\/wp-content\\\/uploads\\\/2023\\\/10\\\/logo.svg\",\"contentUrl\":\"https:\\\/\\\/www.palletcontroltower.eu\\\/wp-content\\\/uploads\\\/2023\\\/10\\\/logo.svg\",\"width\":290,\"height\":87,\"caption\":\"Pallet Control Tower\"},\"image\":{\"@id\":\"https:\\\/\\\/www.palletcontroltower.eu\\\/#\\\/schema\\\/logo\\\/image\\\/\"}}]}<\/script>\n<!-- \/ Yoast SEO plugin. -->","yoast_head_json":{"title":"(Junior) B\u00fcro-\/Marketingassistent - Teilzeit\/Vollzeit - Palettenkontrollturm","description":"PCT sucht eine(n) B\u00fcro-\/Marketingassistent(in) als Dreh- und Angelpunkt f\u00fcr Marketing- und B\u00fcrot\u00e4tigkeiten in unserer Hauptverwaltung","robots":{"index":"index","follow":"follow","max-snippet":"max-snippet:-1","max-image-preview":"max-image-preview:large","max-video-preview":"max-video-preview:-1"},"canonical":"https:\/\/www.palletcontroltower.eu\/de\/freie-stellen\/beispiel-stellenangebot-2\/","og_locale":"de_DE","og_type":"article","og_title":"(Junior) Office \/ Marketing medewerker \u2013 parttime\/fulltime - Pallet Control Tower","og_description":"PCT is op zoek naar een office \/ marketing medewerker die de spin in het web is op ons hoofdkantoor voor marketing en office activiteiten","og_url":"https:\/\/www.palletcontroltower.eu\/de\/freie-stellen\/beispiel-stellenangebot-2\/","og_site_name":"Pallet Control Tower","article_modified_time":"2024-01-22T13:02:20+00:00","twitter_card":"summary_large_image","twitter_misc":{"Gesch\u00e4tzte Lesezeit":"3\u00a0Minuten"},"schema":{"@context":"https:\/\/schema.org","@graph":[{"@type":"WebPage","@id":"https:\/\/www.palletcontroltower.eu\/hu\/allasajanlatok\/pelda-ures-allashely-2\/","url":"https:\/\/www.palletcontroltower.eu\/hu\/allasajanlatok\/pelda-ures-allashely-2\/","name":"(Junior) B\u00fcro-\/Marketingassistent - Teilzeit\/Vollzeit - Palettenkontrollturm","isPartOf":{"@id":"https:\/\/www.palletcontroltower.eu\/#website"},"datePublished":"2024-01-17T08:00:50+00:00","dateModified":"2024-01-22T13:02:20+00:00","description":"PCT sucht eine(n) B\u00fcro-\/Marketingassistent(in) als Dreh- und Angelpunkt f\u00fcr Marketing- und B\u00fcrot\u00e4tigkeiten in unserer Hauptverwaltung","breadcrumb":{"@id":"https:\/\/www.palletcontroltower.eu\/hu\/allasajanlatok\/pelda-ures-allashely-2\/#breadcrumb"},"inLanguage":"de","potentialAction":[{"@type":"ReadAction","target":["https:\/\/www.palletcontroltower.eu\/hu\/allasajanlatok\/pelda-ures-allashely-2\/"]}]},{"@type":"BreadcrumbList","@id":"https:\/\/www.palletcontroltower.eu\/hu\/allasajanlatok\/pelda-ures-allashely-2\/#breadcrumb","itemListElement":[{"@type":"ListItem","position":1,"name":"Home","item":"https:\/\/www.palletcontroltower.eu\/"},{"@type":"ListItem","position":2,"name":"Vacatures","item":"https:\/\/www.palletcontroltower.eu\/vacatures\/"},{"@type":"ListItem","position":3,"name":"(Junior) Office \/ Marketing medewerker \u2013 parttime\/fulltime"}]},{"@type":"WebSite","@id":"https:\/\/www.palletcontroltower.eu\/#website","url":"https:\/\/www.palletcontroltower.eu\/","name":"Palettenkontrollturm","description":"","publisher":{"@id":"https:\/\/www.palletcontroltower.eu\/#organization"},"potentialAction":[{"@type":"SearchAction","target":{"@type":"EntryPoint","urlTemplate":"https:\/\/www.palletcontroltower.eu\/?s={search_term_string}"},"query-input":{"@type":"PropertyValueSpecification","valueRequired":true,"valueName":"search_term_string"}}],"inLanguage":"de"},{"@type":"Organization","@id":"https:\/\/www.palletcontroltower.eu\/#organization","name":"Palettenkontrollturm","url":"https:\/\/www.palletcontroltower.eu\/","logo":{"@type":"ImageObject","inLanguage":"de","@id":"https:\/\/www.palletcontroltower.eu\/#\/schema\/logo\/image\/","url":"https:\/\/www.palletcontroltower.eu\/wp-content\/uploads\/2023\/10\/logo.svg","contentUrl":"https:\/\/www.palletcontroltower.eu\/wp-content\/uploads\/2023\/10\/logo.svg","width":290,"height":87,"caption":"Pallet Control Tower"},"image":{"@id":"https:\/\/www.palletcontroltower.eu\/#\/schema\/logo\/image\/"}}]}},"_links":{"self":[{"href":"https:\/\/www.palletcontroltower.eu\/de\/wp-json\/wp\/v2\/pages\/1178","targetHints":{"allow":["GET"]}}],"collection":[{"href":"https:\/\/www.palletcontroltower.eu\/de\/wp-json\/wp\/v2\/pages"}],"about":[{"href":"https:\/\/www.palletcontroltower.eu\/de\/wp-json\/wp\/v2\/types\/page"}],"author":[{"embeddable":true,"href":"https:\/\/www.palletcontroltower.eu\/de\/wp-json\/wp\/v2\/users\/3"}],"replies":[{"embeddable":true,"href":"https:\/\/www.palletcontroltower.eu\/de\/wp-json\/wp\/v2\/comments?post=1178"}],"version-history":[{"count":6,"href":"https:\/\/www.palletcontroltower.eu\/de\/wp-json\/wp\/v2\/pages\/1178\/revisions"}],"predecessor-version":[{"id":1198,"href":"https:\/\/www.palletcontroltower.eu\/de\/wp-json\/wp\/v2\/pages\/1178\/revisions\/1198"}],"up":[{"embeddable":true,"href":"https:\/\/www.palletcontroltower.eu\/de\/wp-json\/wp\/v2\/pages\/70"}],"wp:attachment":[{"href":"https:\/\/www.palletcontroltower.eu\/de\/wp-json\/wp\/v2\/media?parent=1178"}],"curies":[{"name":"wp","href":"https:\/\/api.w.org\/{rel}","templated":true}]}}