{"id":23,"date":"2023-11-22T07:59:21","date_gmt":"2023-11-22T07:59:21","guid":{"rendered":"http:\/\/www.palletcontroltower.eu\/?page_id=23"},"modified":"2024-01-11T10:37:39","modified_gmt":"2024-01-11T10:37:39","slug":"haufig-gestellte-fragen","status":"publish","type":"page","link":"https:\/\/www.palletcontroltower.eu\/de\/hoe-werkt-het\/veelgestelde-vragen\/","title":{"rendered":"H\u00e4ufig gestellte Fragen"},"content":{"rendered":"<div class=\"wp-block-columns is-layout-flex wp-container-core-columns-is-layout-28f84493 wp-block-columns-is-layout-flex\">\n<div class=\"wp-block-column is-layout-flow wp-block-column-is-layout-flow\"><\/div>\n<\/div>\n\n\n\n<hr class=\"wp-block-separator has-alpha-channel-opacity\"\/>\n\n\n\n<div class=\"wp-block-pb-accordion-item c-accordion__item js-accordion-item no-js\" data-initially-open=\"false\" data-click-to-close=\"true\" data-auto-close=\"true\" data-scroll=\"false\" data-scroll-offset=\"0\"><h3 id=\"at-230\" class=\"c-accordion__title js-accordion-controller\" role=\"button\"><strong>Was ist Delivery?<\/strong><\/h3><div id=\"ac-230\" class=\"c-accordion__content\">\n<p>Mit einem Delivery Auftrag geben Sie an, dass Sie eine Charge von Paletten kaufen m\u00f6chten. Dies kann f\u00fcr Sie selbst oder f\u00fcr einen Lieferanten sein. Sie geben in PCT Online an, welche Nummern und Qualit\u00e4ten Sie wohin geliefert haben m\u00f6chten. Es ist auch m\u00f6glich, zus\u00e4tzliche Lieferoptionen anzugeben. Sie erhalten mehrere Angebote und w\u00e4hlen auf der Grundlage des wirtschaftlich g\u00fcnstigsten, des nachhaltigsten oder eines bevorzugten Lieferanten aus. Nach Annahme des Angebots wird der Auftrag durch das Palettendepot ausgef\u00fchrt. Palletendepots werden innerhalb von 8 Tagen nach oke Ablieferung bezahlt. <\/p>\n<\/div><\/div>\n\n\n\n<div class=\"wp-block-pb-accordion-item c-accordion__item js-accordion-item no-js\" data-initially-open=\"false\" data-click-to-close=\"true\" data-auto-close=\"true\" data-scroll=\"false\" data-scroll-offset=\"0\"><h3 id=\"at-231\" class=\"c-accordion__title js-accordion-controller\" role=\"button\"><strong>Was ist Collection?&nbsp;<\/strong><\/h3><div id=\"ac-231\" class=\"c-accordion__content\">\n<p>Ein Collectio Auftrag macht Sie, den Eigent\u00fcmer der Paletten, 'arbeitslos'. Sie bieten eine Reihe von Paletten zum Verkauf an. Mehrere Palettendepots machen ein Angebot f\u00fcr Ihre Paletten. Diese werden von Ihnen in Anzahl und Qualit\u00e4t beschrieben und mit mehreren Fotos versehen. Nach Erteilung des Zuschlags holt das Palettendepot Ihrer Wahl den Palettenstapel ab. Eine anschlie\u00dfende Sortierung und Bewertung ist m\u00f6glich.<\/p>\n<\/div><\/div>\n\n\n\n<div class=\"wp-block-pb-accordion-item c-accordion__item js-accordion-item no-js\" data-initially-open=\"false\" data-click-to-close=\"true\" data-auto-close=\"true\" data-scroll=\"false\" data-scroll-offset=\"0\"><h3 id=\"at-232\" class=\"c-accordion__title js-accordion-controller\" role=\"button\"><strong>Kann ich als Teilnehmer alle Arten von Paletten und\/oder MTV einreichen?<\/strong><\/h3><div id=\"ac-232\" class=\"c-accordion__content\">\n<p>Ja, das d\u00fcrfen Sie. Die Depotstelle Ihrer Wahl bewertet alles und wandelt es wertm\u00e4\u00dfig in e-Credits um. Diese e-Credits werden dann Ihrem eigenen Guthaben in Ihrem Account gutgeschrieben.\u00a0<\/p>\n<\/div><\/div>\n\n\n\n<div class=\"wp-block-pb-accordion-item c-accordion__item js-accordion-item no-js\" data-initially-open=\"false\" data-click-to-close=\"true\" data-auto-close=\"true\" data-scroll=\"false\" data-scroll-offset=\"0\"><h3 id=\"at-233\" class=\"c-accordion__title js-accordion-controller\" role=\"button\"><strong>Wann bekomme ich eine Transaktionsgeb\u00fchr?<\/strong>&nbsp;<\/h3><div id=\"ac-233\" class=\"c-accordion__content\">\n<p>Der Wert einer \"Basis\"-Europalette ist durch den EUWID-Index abgedeckt. Alle Abweichungen von diesem Standard spiegeln sich im Transaktionszuschlag wider.&nbsp;<\/p>\n<\/div><\/div>\n\n\n\n<div class=\"wp-block-pb-accordion-item c-accordion__item js-accordion-item no-js\" data-initially-open=\"false\" data-click-to-close=\"true\" data-auto-close=\"true\" data-scroll=\"false\" data-scroll-offset=\"0\"><h3 id=\"at-234\" class=\"c-accordion__title js-accordion-controller\" role=\"button\"><strong>Wie hoch ist der aktuelle Wert des e-Credits?<\/strong>&nbsp;<\/h3><div id=\"ac-234\" class=\"c-accordion__content\">\n<p>Auf der Online-Plattform PCTO finden Sie immer den aktuellen Wert. Der Wert wird als gewichteter Durchschnitt aus dem niedrigsten und dem h\u00f6chsten Wert der letzten drei 6 Wochen ermittelt. Dieser Wert wird als Grundlage f\u00fcr die Abrechnung oder Buchung von e-Credits zum Zeitpunkt der Einreichung oder des Abrufs herangezogen.\u00a0\u00a0<\/p>\n<\/div><\/div>\n\n\n\n<div class=\"wp-block-pb-accordion-item c-accordion__item js-accordion-item no-js\" data-initially-open=\"false\" data-click-to-close=\"true\" data-auto-close=\"true\" data-scroll=\"false\" data-scroll-offset=\"0\"><h3 id=\"at-235\" class=\"c-accordion__title js-accordion-controller\" role=\"button\"><strong>Wie ist EUWID entstanden?<\/strong>&nbsp;<\/h3><div id=\"ac-235\" class=\"c-accordion__content\">\n<p>Auf der Website von <a href=\"https:\/\/www.euwid-wood-products.com\/\" target=\"_blank\" rel=\"noreferrer noopener\">EUWID - Komponente Holzprodukte<\/a> - finden Sie alle Marktinformationen. EUWID Preise und Entwicklungen sind hinter einem Login. PCT hat ein Abonnement f\u00fcr diese Marktdaten&nbsp;&nbsp;<\/p>\n<\/div><\/div>\n\n\n\n<div class=\"wp-block-pb-accordion-item c-accordion__item js-accordion-item no-js\" data-initially-open=\"false\" data-click-to-close=\"true\" data-auto-close=\"true\" data-scroll=\"false\" data-scroll-offset=\"0\"><h3 id=\"at-236\" class=\"c-accordion__title js-accordion-controller\" role=\"button\"><strong>Wenn alle MTVs abgegeben werden k\u00f6nnen, bekomme ich dann alles erstattet?&nbsp;<\/strong><\/h3><div id=\"ac-236\" class=\"c-accordion__content\">\n<p>Nein, das m\u00fcssen Sie nicht. Die meisten Depots arbeiten mit Sortierlisten, und anhand der Sortierung wird der Wert ermittelt. Wenn keine brauchbaren MTV darunter sind und es sich haupts\u00e4chlich um \"M\u00fcll\" handelt, kann es einen negativen Ertrag geben.<\/p>\n<\/div><\/div>\n\n\n\n<hr class=\"wp-block-separator has-alpha-channel-opacity\"\/>","protected":false},"excerpt":{"rendered":"","protected":false},"author":1,"featured_media":0,"parent":17,"menu_order":0,"comment_status":"closed","ping_status":"closed","template":"","meta":{"footnotes":""},"class_list":["post-23","page","type-page","status-publish","hentry"],"yoast_head":"<!-- This site is optimized with the Yoast SEO plugin v27.6 - https:\/\/yoast.com\/product\/yoast-seo-wordpress\/ -->\n<title>Veelgestelde vragen - Pallet Control Tower<\/title>\n<meta name=\"description\" content=\"Veelgestelde vragen over Pallet Control Tower Online, zoals wat is Collection, Delivery, e-Credit en EUWID\" \/>\n<meta name=\"robots\" content=\"index, follow, max-snippet:-1, max-image-preview:large, max-video-preview:-1\" \/>\n<link rel=\"canonical\" href=\"https:\/\/www.palletcontroltower.eu\/de\/wie-es-funktioniert\/haufig-gestellte-fragen\/\" \/>\n<meta property=\"og:locale\" content=\"de_DE\" \/>\n<meta property=\"og:type\" content=\"article\" \/>\n<meta property=\"og:title\" content=\"Veelgestelde vragen - Pallet Control Tower\" \/>\n<meta property=\"og:description\" content=\"Veelgestelde vragen over Pallet Control Tower Online, zoals wat is Collection, Delivery, e-Credit en EUWID\" \/>\n<meta property=\"og:url\" content=\"https:\/\/www.palletcontroltower.eu\/de\/wie-es-funktioniert\/haufig-gestellte-fragen\/\" \/>\n<meta property=\"og:site_name\" content=\"Pallet Control Tower\" \/>\n<meta property=\"article:modified_time\" content=\"2024-01-11T10:37:39+00:00\" \/>\n<meta name=\"twitter:card\" content=\"summary_large_image\" \/>\n<meta name=\"twitter:label1\" content=\"Gesch\u00e4tzte Lesezeit\" \/>\n\t<meta name=\"twitter:data1\" content=\"2\u00a0Minuten\" \/>\n<script type=\"application\/ld+json\" class=\"yoast-schema-graph\">{\"@context\":\"https:\\\/\\\/schema.org\",\"@graph\":[{\"@type\":\"WebPage\",\"@id\":\"https:\\\/\\\/www.palletcontroltower.eu\\\/pl\\\/hoe-werkt-het\\\/czesto-zadawane-pytania\\\/\",\"url\":\"https:\\\/\\\/www.palletcontroltower.eu\\\/pl\\\/hoe-werkt-het\\\/czesto-zadawane-pytania\\\/\",\"name\":\"Veelgestelde vragen - Pallet Control Tower\",\"isPartOf\":{\"@id\":\"https:\\\/\\\/www.palletcontroltower.eu\\\/#website\"},\"datePublished\":\"2023-11-22T07:59:21+00:00\",\"dateModified\":\"2024-01-11T10:37:39+00:00\",\"description\":\"Veelgestelde vragen over Pallet Control Tower Online, zoals wat is Collection, Delivery, e-Credit en EUWID\",\"breadcrumb\":{\"@id\":\"https:\\\/\\\/www.palletcontroltower.eu\\\/pl\\\/hoe-werkt-het\\\/czesto-zadawane-pytania\\\/#breadcrumb\"},\"inLanguage\":\"de\",\"potentialAction\":[{\"@type\":\"ReadAction\",\"target\":[\"https:\\\/\\\/www.palletcontroltower.eu\\\/pl\\\/hoe-werkt-het\\\/czesto-zadawane-pytania\\\/\"]}]},{\"@type\":\"BreadcrumbList\",\"@id\":\"https:\\\/\\\/www.palletcontroltower.eu\\\/pl\\\/hoe-werkt-het\\\/czesto-zadawane-pytania\\\/#breadcrumb\",\"itemListElement\":[{\"@type\":\"ListItem\",\"position\":1,\"name\":\"Home\",\"item\":\"https:\\\/\\\/www.palletcontroltower.eu\\\/\"},{\"@type\":\"ListItem\",\"position\":2,\"name\":\"Hoe werkt het\",\"item\":\"https:\\\/\\\/www.palletcontroltower.eu\\\/hoe-werkt-het\\\/\"},{\"@type\":\"ListItem\",\"position\":3,\"name\":\"Veelgestelde vragen\"}]},{\"@type\":\"WebSite\",\"@id\":\"https:\\\/\\\/www.palletcontroltower.eu\\\/#website\",\"url\":\"https:\\\/\\\/www.palletcontroltower.eu\\\/\",\"name\":\"Pallet Control Tower\",\"description\":\"\",\"publisher\":{\"@id\":\"https:\\\/\\\/www.palletcontroltower.eu\\\/#organization\"},\"potentialAction\":[{\"@type\":\"SearchAction\",\"target\":{\"@type\":\"EntryPoint\",\"urlTemplate\":\"https:\\\/\\\/www.palletcontroltower.eu\\\/?s={search_term_string}\"},\"query-input\":{\"@type\":\"PropertyValueSpecification\",\"valueRequired\":true,\"valueName\":\"search_term_string\"}}],\"inLanguage\":\"de\"},{\"@type\":\"Organization\",\"@id\":\"https:\\\/\\\/www.palletcontroltower.eu\\\/#organization\",\"name\":\"Pallet Control Tower\",\"url\":\"https:\\\/\\\/www.palletcontroltower.eu\\\/\",\"logo\":{\"@type\":\"ImageObject\",\"inLanguage\":\"de\",\"@id\":\"https:\\\/\\\/www.palletcontroltower.eu\\\/#\\\/schema\\\/logo\\\/image\\\/\",\"url\":\"https:\\\/\\\/www.palletcontroltower.eu\\\/wp-content\\\/uploads\\\/2023\\\/10\\\/logo.svg\",\"contentUrl\":\"https:\\\/\\\/www.palletcontroltower.eu\\\/wp-content\\\/uploads\\\/2023\\\/10\\\/logo.svg\",\"width\":290,\"height\":87,\"caption\":\"Pallet Control Tower\"},\"image\":{\"@id\":\"https:\\\/\\\/www.palletcontroltower.eu\\\/#\\\/schema\\\/logo\\\/image\\\/\"}}]}<\/script>\n<!-- \/ Yoast SEO plugin. -->","yoast_head_json":{"title":"H\u00e4ufig gestellte Fragen - Pallet Control Tower","description":"H\u00e4ufig gestellte Fragen zu Pallet Control Tower Online, z. B. was ist Abholung, Lieferung, e-Credit und EUWID","robots":{"index":"index","follow":"follow","max-snippet":"max-snippet:-1","max-image-preview":"max-image-preview:large","max-video-preview":"max-video-preview:-1"},"canonical":"https:\/\/www.palletcontroltower.eu\/de\/wie-es-funktioniert\/haufig-gestellte-fragen\/","og_locale":"de_DE","og_type":"article","og_title":"Veelgestelde vragen - Pallet Control Tower","og_description":"Veelgestelde vragen over Pallet Control Tower Online, zoals wat is Collection, Delivery, e-Credit en EUWID","og_url":"https:\/\/www.palletcontroltower.eu\/de\/wie-es-funktioniert\/haufig-gestellte-fragen\/","og_site_name":"Pallet Control Tower","article_modified_time":"2024-01-11T10:37:39+00:00","twitter_card":"summary_large_image","twitter_misc":{"Gesch\u00e4tzte Lesezeit":"2\u00a0Minuten"},"schema":{"@context":"https:\/\/schema.org","@graph":[{"@type":"WebPage","@id":"https:\/\/www.palletcontroltower.eu\/pl\/hoe-werkt-het\/czesto-zadawane-pytania\/","url":"https:\/\/www.palletcontroltower.eu\/pl\/hoe-werkt-het\/czesto-zadawane-pytania\/","name":"H\u00e4ufig gestellte Fragen - Pallet Control Tower","isPartOf":{"@id":"https:\/\/www.palletcontroltower.eu\/#website"},"datePublished":"2023-11-22T07:59:21+00:00","dateModified":"2024-01-11T10:37:39+00:00","description":"H\u00e4ufig gestellte Fragen zu Pallet Control Tower Online, z. B. was ist Abholung, Lieferung, e-Credit und EUWID","breadcrumb":{"@id":"https:\/\/www.palletcontroltower.eu\/pl\/hoe-werkt-het\/czesto-zadawane-pytania\/#breadcrumb"},"inLanguage":"de","potentialAction":[{"@type":"ReadAction","target":["https:\/\/www.palletcontroltower.eu\/pl\/hoe-werkt-het\/czesto-zadawane-pytania\/"]}]},{"@type":"BreadcrumbList","@id":"https:\/\/www.palletcontroltower.eu\/pl\/hoe-werkt-het\/czesto-zadawane-pytania\/#breadcrumb","itemListElement":[{"@type":"ListItem","position":1,"name":"Home","item":"https:\/\/www.palletcontroltower.eu\/"},{"@type":"ListItem","position":2,"name":"Hoe werkt het","item":"https:\/\/www.palletcontroltower.eu\/hoe-werkt-het\/"},{"@type":"ListItem","position":3,"name":"Veelgestelde vragen"}]},{"@type":"WebSite","@id":"https:\/\/www.palletcontroltower.eu\/#website","url":"https:\/\/www.palletcontroltower.eu\/","name":"Palettenkontrollturm","description":"","publisher":{"@id":"https:\/\/www.palletcontroltower.eu\/#organization"},"potentialAction":[{"@type":"SearchAction","target":{"@type":"EntryPoint","urlTemplate":"https:\/\/www.palletcontroltower.eu\/?s={search_term_string}"},"query-input":{"@type":"PropertyValueSpecification","valueRequired":true,"valueName":"search_term_string"}}],"inLanguage":"de"},{"@type":"Organization","@id":"https:\/\/www.palletcontroltower.eu\/#organization","name":"Palettenkontrollturm","url":"https:\/\/www.palletcontroltower.eu\/","logo":{"@type":"ImageObject","inLanguage":"de","@id":"https:\/\/www.palletcontroltower.eu\/#\/schema\/logo\/image\/","url":"https:\/\/www.palletcontroltower.eu\/wp-content\/uploads\/2023\/10\/logo.svg","contentUrl":"https:\/\/www.palletcontroltower.eu\/wp-content\/uploads\/2023\/10\/logo.svg","width":290,"height":87,"caption":"Pallet Control Tower"},"image":{"@id":"https:\/\/www.palletcontroltower.eu\/#\/schema\/logo\/image\/"}}]}},"_links":{"self":[{"href":"https:\/\/www.palletcontroltower.eu\/de\/wp-json\/wp\/v2\/pages\/23","targetHints":{"allow":["GET"]}}],"collection":[{"href":"https:\/\/www.palletcontroltower.eu\/de\/wp-json\/wp\/v2\/pages"}],"about":[{"href":"https:\/\/www.palletcontroltower.eu\/de\/wp-json\/wp\/v2\/types\/page"}],"author":[{"embeddable":true,"href":"https:\/\/www.palletcontroltower.eu\/de\/wp-json\/wp\/v2\/users\/1"}],"replies":[{"embeddable":true,"href":"https:\/\/www.palletcontroltower.eu\/de\/wp-json\/wp\/v2\/comments?post=23"}],"version-history":[{"count":18,"href":"https:\/\/www.palletcontroltower.eu\/de\/wp-json\/wp\/v2\/pages\/23\/revisions"}],"predecessor-version":[{"id":1152,"href":"https:\/\/www.palletcontroltower.eu\/de\/wp-json\/wp\/v2\/pages\/23\/revisions\/1152"}],"up":[{"embeddable":true,"href":"https:\/\/www.palletcontroltower.eu\/de\/wp-json\/wp\/v2\/pages\/17"}],"wp:attachment":[{"href":"https:\/\/www.palletcontroltower.eu\/de\/wp-json\/wp\/v2\/media?parent=23"}],"curies":[{"name":"wp","href":"https:\/\/api.w.org\/{rel}","templated":true}]}}