{"id":29,"date":"2023-11-22T08:00:20","date_gmt":"2023-11-22T08:00:20","guid":{"rendered":"http:\/\/www.palletcontroltower.eu\/?page_id=29"},"modified":"2024-01-08T14:21:13","modified_gmt":"2024-01-08T14:21:13","slug":"fur-palettenbenutzer","status":"publish","type":"page","link":"https:\/\/www.palletcontroltower.eu\/de\/mijn-voordeel\/voor-palletgebruikers\/","title":{"rendered":"F\u00fcr Palettenbenutzer"},"content":{"rendered":"<div class=\"wp-block-columns is-layout-flex wp-container-core-columns-is-layout-28f84493 wp-block-columns-is-layout-flex\">\n<div class=\"wp-block-column is-layout-flow wp-block-column-is-layout-flow\">\n<h2 class=\"wp-block-heading\">Nachhaltig und kostenbewusst<\/h2>\n\n\n\n<p>Sie geh\u00f6ren zu den (inter)nationalen Unternehmen der Industrie, des verarbeitenden Gewerbes oder des Handels, die Europaletten und RTIs f\u00fcr den Transport von Produkten in gro\u00dfem Umfang einsetzen.<\/p>\n\n\n\n<p>PCT ist in allen Arten von Industrien zu finden und daher auf allen M\u00e4rkten zu Hause. Dabei ist es unerheblich, ob Ihnen die Paletten oder andere MTV geh\u00f6ren oder nicht. Sie w\u00fcnschen sich Transparenz in der Kette und einen nachhaltigeren Einsatz aller eingesetzten Ladungstr\u00e4ger. Kosteng\u00fcnstig und verantwortungsbewusst. Wir machen Ihnen das Leben in der Palettenlogistik leichter. <\/p>\n\n\n\n<p><\/p>\n\n\n\n<div class=\"wp-block-buttons is-layout-flex wp-block-buttons-is-layout-flex\">\n<div class=\"wp-block-button\"><a class=\"wp-block-button__link has-white-color has-green-background-color has-text-color has-background has-link-color wp-element-button\" href=\"https:\/\/portal.pct-online.eu\/register\" target=\"_blank\" rel=\"noreferrer noopener\">Aktivieren Sie Ihr Konto<\/a><\/div>\n<\/div>\n<\/div>\n<\/div>\n\n\n\n<hr class=\"wp-block-separator has-alpha-channel-opacity\"\/>\n\n\n\n<div class=\"wp-block-columns are-vertically-aligned-center is-layout-flex wp-container-core-columns-is-layout-28f84493 wp-block-columns-is-layout-flex\">\n<div class=\"wp-block-column is-vertically-aligned-center is-layout-flow wp-block-column-is-layout-flow\">\n<figure class=\"wp-block-image size-full\"><img fetchpriority=\"high\" decoding=\"async\" width=\"2560\" height=\"1345\" src=\"http:\/\/www.palletcontroltower.eu\/wp-content\/uploads\/2023\/12\/PalletControlTower_busy_industrial_warehouse-scaled.jpeg\" alt=\"Die Lagerung und der Transport in den Lagern m\u00fcssen auf Europaletten erfolgen, um Palettenstress zu vermeiden.\" class=\"wp-image-809\" style=\"aspect-ratio:3\/4;object-fit:cover\" srcset=\"https:\/\/www.palletcontroltower.eu\/wp-content\/uploads\/2023\/12\/PalletControlTower_busy_industrial_warehouse-scaled.jpeg 2560w, https:\/\/www.palletcontroltower.eu\/wp-content\/uploads\/2023\/12\/PalletControlTower_busy_industrial_warehouse-300x158.jpeg 300w, https:\/\/www.palletcontroltower.eu\/wp-content\/uploads\/2023\/12\/PalletControlTower_busy_industrial_warehouse-1024x538.jpeg 1024w, https:\/\/www.palletcontroltower.eu\/wp-content\/uploads\/2023\/12\/PalletControlTower_busy_industrial_warehouse-768x403.jpeg 768w, https:\/\/www.palletcontroltower.eu\/wp-content\/uploads\/2023\/12\/PalletControlTower_busy_industrial_warehouse-1536x807.jpeg 1536w, https:\/\/www.palletcontroltower.eu\/wp-content\/uploads\/2023\/12\/PalletControlTower_busy_industrial_warehouse-2048x1076.jpeg 2048w, https:\/\/www.palletcontroltower.eu\/wp-content\/uploads\/2023\/12\/PalletControlTower_busy_industrial_warehouse-18x9.jpeg 18w\" sizes=\"(max-width: 2560px) 100vw, 2560px\" \/><\/figure>\n<\/div>\n\n\n\n<div class=\"wp-block-column is-vertically-aligned-center is-layout-flow wp-block-column-is-layout-flow\">\n<h2 class=\"wp-block-heading\">Effektive und effiziente Palettenverwaltung<\/h2>\n\n\n\n<ol class=\"wp-block-list\">\n<li><strong>Klare Vereinbarungen<\/strong> - Keine unklaren Vereinbarungen und keine komplizierte, zeitraubende und manuelle Verwaltung mehr. \u00dcber den PCT e-Credit empfangen oder liefern Sie Paletten einfach und schnell mit klaren gegenseitigen Vereinbarungen - wer zahlt was. Keine Diskussionen mehr \u00fcber gegenseitige Abrechnungssalden. Alles wird automatisch erfasst.<\/li>\n\n\n\n<li><strong>Auf dem beizulegenden Zeitwert basierender Preis<\/strong> - Diskutieren Sie nie wieder \u00fcber den Wert einer gebrauchten Palette. Auf der Grundlage des EUWID-Index bestimmt PCT den Wert jeder Palette - Zustand und Qualit\u00e4t. So k\u00f6nnen Sie sicher sein, dass die Collection und Delivery zum fairsten Preis erfolgt. Unser Fotomodul ist ein praktisches Werkzeug daf\u00fcr.<\/li>\n\n\n\n<li><strong>Nur hochwertige Paletten<\/strong> - Automatisierte Lager erfordern standardisierte A-Qualit\u00e4t oder neue Paletten. Wir stellen sicher, dass alle Paletten die EPAL-Normen erf\u00fcllen und sorgen f\u00fcr einen reibungslosen Ablauf in der gesamten Logistikkette.<\/li>\n\n\n\n<li><strong>Fahrer entlastet<\/strong> - Die Fahrer haben oft nicht die Zeit und das Wissen, um die Qualit\u00e4t der Paletten zu pr\u00fcfen. PCT hilft ihnen dabei. Ein Austausch an Ort und Stelle ist unn\u00f6tig. Keine leeren Paletten im Lkw. Keine Wartezeiten oder teure Verz\u00f6gerungen. Transfers werden digitalisiert, wodurch das Fehlerrisiko minimiert wird. So sorgen Sie f\u00fcr eine reibungslose Logistikkette.<\/li>\n\n\n\n<li><strong>Dauerhaftes System<\/strong> - Mit PCT Online m\u00fcssen Sie sich keine Gedanken mehr \u00fcber teure Lastwagen mit leeren Paletten machen. Unsere Plattform hilft Ihnen, Kosten zu sparen, indem Sie Ihre Best\u00e4nde optimieren, und bietet Ihnen eine einfache M\u00f6glichkeit der Collection und Delivery \u00fcber Matching, die f\u00fcr die k\u00fcnftige Br\u00fcsseler Gesetzgebung (PPWD) vorbereitet ist.<\/li>\n\n\n\n<li><strong>Schnell, einfach, sicher<\/strong> - PCT Online ist eine sichere Plattform f\u00fcr alle Ihre Transaktionen und zeichnet jeden Austausch genau auf. Wir bieten eine benutzerfreundliche Schnittstelle mit minimaler Komplexit\u00e4t. PCT Online kann mit jedem Logistik- und Transportmanagementsystem ohne gro\u00dfen Aufwand verbunden werden.<\/li>\n<\/ol>\n<\/div>\n<\/div>\n\n\n\n<div class=\"wp-block-buttons is-content-justification-right is-layout-flex wp-container-core-buttons-is-layout-d445cf74 wp-block-buttons-is-layout-flex\">\n<div class=\"wp-block-button\"><a class=\"wp-block-button__link has-white-color has-mint-background-color has-text-color has-background has-link-color wp-element-button\" href=\"http:\/\/www.palletcontroltower.eu\/wp-content\/uploads\/2024\/01\/PCT_Leaflet_Eindklant_NL_PR4.pdf\" target=\"_blank\" rel=\"noreferrer noopener\">Merkblatt herunterladen<\/a><\/div>\n<\/div>\n\n\n\n<hr class=\"wp-block-separator has-alpha-channel-opacity\"\/>\n\n\n\n<blockquote class=\"wp-block-quote is-layout-flow wp-block-quote-is-layout-flow\">\n<p class=\"has-text-align-center\">Verhindern Sie Palettenstress! Pallet Control Tower ist der europ\u00e4ische Standard und die Plattform f\u00fcr Collection &amp; Delivery by Matching f\u00fcr Europaletten und andere FTIs. Wir erm\u00f6glichen offenes Pooling von A bis Z. Und machen die Palettenlogistik wieder \u00fcberschaubar.<\/p>\n<\/blockquote>\n\n\n\n<hr class=\"wp-block-separator has-alpha-channel-opacity\"\/>\n\n\n\n<figure class=\"wp-block-image size-full\"><img decoding=\"async\" width=\"1600\" height=\"1066\" src=\"http:\/\/www.palletcontroltower.eu\/wp-content\/uploads\/2023\/11\/palletcontroltower-2.jpg\" alt=\"\" class=\"wp-image-207\" style=\"aspect-ratio:16\/9;object-fit:cover\" srcset=\"https:\/\/www.palletcontroltower.eu\/wp-content\/uploads\/2023\/11\/palletcontroltower-2.jpg 1600w, https:\/\/www.palletcontroltower.eu\/wp-content\/uploads\/2023\/11\/palletcontroltower-2-300x200.jpg 300w, https:\/\/www.palletcontroltower.eu\/wp-content\/uploads\/2023\/11\/palletcontroltower-2-1024x682.jpg 1024w, https:\/\/www.palletcontroltower.eu\/wp-content\/uploads\/2023\/11\/palletcontroltower-2-768x512.jpg 768w, https:\/\/www.palletcontroltower.eu\/wp-content\/uploads\/2023\/11\/palletcontroltower-2-1536x1023.jpg 1536w\" sizes=\"(max-width: 1600px) 100vw, 1600px\" \/><\/figure>\n\n\n\n<hr class=\"wp-block-separator has-alpha-channel-opacity\"\/>","protected":false},"excerpt":{"rendered":"<p>Duurzaam en kostenbewust U bent een van die (inter)nationale bedrijven binnen de industrie, productie of handel die op grote schaal europallets en RTI\u2019s gebruikt om producten mee te transporteren. PCT is te vinden in alle soorten van industrie\u00ebn en is daarmee van alle markten thuis. Het is hierbij niet van belang of u wel of [&hellip;]<\/p>\n","protected":false},"author":1,"featured_media":0,"parent":25,"menu_order":2,"comment_status":"closed","ping_status":"closed","template":"","meta":{"footnotes":""},"class_list":["post-29","page","type-page","status-publish","hentry"],"yoast_head":"<!-- This site is optimized with the Yoast SEO plugin v27.6 - https:\/\/yoast.com\/product\/yoast-seo-wordpress\/ -->\n<title>Voor palletgebruikers - Pallet Control Tower<\/title>\n<meta name=\"description\" content=\"De voordelen voor palletgebruikers zijn o.a.: heldere afspraken, op re\u00eble waarde gebaseerde prijs, hoogwaardige pallets, chauffeurs ontlast\" \/>\n<meta name=\"robots\" content=\"index, follow, max-snippet:-1, max-image-preview:large, max-video-preview:-1\" \/>\n<link rel=\"canonical\" href=\"https:\/\/www.palletcontroltower.eu\/de\/mein-vorteil\/fur-palettenbenutzer\/\" \/>\n<meta property=\"og:locale\" content=\"de_DE\" \/>\n<meta property=\"og:type\" content=\"article\" \/>\n<meta property=\"og:title\" content=\"Voor palletgebruikers - Pallet Control Tower\" \/>\n<meta property=\"og:description\" content=\"De voordelen voor palletgebruikers zijn o.a.: heldere afspraken, op re\u00eble waarde gebaseerde prijs, hoogwaardige pallets, chauffeurs ontlast\" \/>\n<meta property=\"og:url\" content=\"https:\/\/www.palletcontroltower.eu\/de\/mein-vorteil\/fur-palettenbenutzer\/\" \/>\n<meta property=\"og:site_name\" content=\"Pallet Control Tower\" \/>\n<meta property=\"article:modified_time\" content=\"2024-01-08T14:21:13+00:00\" \/>\n<meta property=\"og:image\" content=\"http:\/\/www.palletcontroltower.eu\/wp-content\/uploads\/2023\/12\/PalletControlTower_busy_industrial_warehouse-scaled.jpeg\" \/>\n<meta name=\"twitter:card\" content=\"summary_large_image\" \/>\n<meta name=\"twitter:label1\" content=\"Gesch\u00e4tzte Lesezeit\" \/>\n\t<meta name=\"twitter:data1\" content=\"3\u00a0Minuten\" \/>\n<script type=\"application\/ld+json\" class=\"yoast-schema-graph\">{\"@context\":\"https:\\\/\\\/schema.org\",\"@graph\":[{\"@type\":\"WebPage\",\"@id\":\"https:\\\/\\\/www.palletcontroltower.eu\\\/pl\\\/mijn-voordeel\\\/dla-uzytkownikow-palet\\\/\",\"url\":\"https:\\\/\\\/www.palletcontroltower.eu\\\/pl\\\/mijn-voordeel\\\/dla-uzytkownikow-palet\\\/\",\"name\":\"Voor palletgebruikers - Pallet Control Tower\",\"isPartOf\":{\"@id\":\"https:\\\/\\\/www.palletcontroltower.eu\\\/#website\"},\"primaryImageOfPage\":{\"@id\":\"https:\\\/\\\/www.palletcontroltower.eu\\\/pl\\\/mijn-voordeel\\\/dla-uzytkownikow-palet\\\/#primaryimage\"},\"image\":{\"@id\":\"https:\\\/\\\/www.palletcontroltower.eu\\\/pl\\\/mijn-voordeel\\\/dla-uzytkownikow-palet\\\/#primaryimage\"},\"thumbnailUrl\":\"http:\\\/\\\/www.palletcontroltower.eu\\\/wp-content\\\/uploads\\\/2023\\\/12\\\/PalletControlTower_busy_industrial_warehouse-scaled.jpeg\",\"datePublished\":\"2023-11-22T08:00:20+00:00\",\"dateModified\":\"2024-01-08T14:21:13+00:00\",\"description\":\"De voordelen voor palletgebruikers zijn o.a.: heldere afspraken, op re\u00eble waarde gebaseerde prijs, hoogwaardige pallets, chauffeurs ontlast\",\"breadcrumb\":{\"@id\":\"https:\\\/\\\/www.palletcontroltower.eu\\\/pl\\\/mijn-voordeel\\\/dla-uzytkownikow-palet\\\/#breadcrumb\"},\"inLanguage\":\"de\",\"potentialAction\":[{\"@type\":\"ReadAction\",\"target\":[\"https:\\\/\\\/www.palletcontroltower.eu\\\/pl\\\/mijn-voordeel\\\/dla-uzytkownikow-palet\\\/\"]}]},{\"@type\":\"ImageObject\",\"inLanguage\":\"de\",\"@id\":\"https:\\\/\\\/www.palletcontroltower.eu\\\/pl\\\/mijn-voordeel\\\/dla-uzytkownikow-palet\\\/#primaryimage\",\"url\":\"http:\\\/\\\/www.palletcontroltower.eu\\\/wp-content\\\/uploads\\\/2023\\\/12\\\/PalletControlTower_busy_industrial_warehouse-scaled.jpeg\",\"contentUrl\":\"http:\\\/\\\/www.palletcontroltower.eu\\\/wp-content\\\/uploads\\\/2023\\\/12\\\/PalletControlTower_busy_industrial_warehouse-scaled.jpeg\"},{\"@type\":\"BreadcrumbList\",\"@id\":\"https:\\\/\\\/www.palletcontroltower.eu\\\/pl\\\/mijn-voordeel\\\/dla-uzytkownikow-palet\\\/#breadcrumb\",\"itemListElement\":[{\"@type\":\"ListItem\",\"position\":1,\"name\":\"Home\",\"item\":\"https:\\\/\\\/www.palletcontroltower.eu\\\/\"},{\"@type\":\"ListItem\",\"position\":2,\"name\":\"Mijn voordeel\",\"item\":\"https:\\\/\\\/www.palletcontroltower.eu\\\/pl\\\/mijn-voordeel\\\/\"},{\"@type\":\"ListItem\",\"position\":3,\"name\":\"Voor palletgebruikers\"}]},{\"@type\":\"WebSite\",\"@id\":\"https:\\\/\\\/www.palletcontroltower.eu\\\/#website\",\"url\":\"https:\\\/\\\/www.palletcontroltower.eu\\\/\",\"name\":\"Pallet Control Tower\",\"description\":\"\",\"publisher\":{\"@id\":\"https:\\\/\\\/www.palletcontroltower.eu\\\/#organization\"},\"potentialAction\":[{\"@type\":\"SearchAction\",\"target\":{\"@type\":\"EntryPoint\",\"urlTemplate\":\"https:\\\/\\\/www.palletcontroltower.eu\\\/?s={search_term_string}\"},\"query-input\":{\"@type\":\"PropertyValueSpecification\",\"valueRequired\":true,\"valueName\":\"search_term_string\"}}],\"inLanguage\":\"de\"},{\"@type\":\"Organization\",\"@id\":\"https:\\\/\\\/www.palletcontroltower.eu\\\/#organization\",\"name\":\"Pallet Control Tower\",\"url\":\"https:\\\/\\\/www.palletcontroltower.eu\\\/\",\"logo\":{\"@type\":\"ImageObject\",\"inLanguage\":\"de\",\"@id\":\"https:\\\/\\\/www.palletcontroltower.eu\\\/#\\\/schema\\\/logo\\\/image\\\/\",\"url\":\"https:\\\/\\\/www.palletcontroltower.eu\\\/wp-content\\\/uploads\\\/2023\\\/10\\\/logo.svg\",\"contentUrl\":\"https:\\\/\\\/www.palletcontroltower.eu\\\/wp-content\\\/uploads\\\/2023\\\/10\\\/logo.svg\",\"width\":290,\"height\":87,\"caption\":\"Pallet Control Tower\"},\"image\":{\"@id\":\"https:\\\/\\\/www.palletcontroltower.eu\\\/#\\\/schema\\\/logo\\\/image\\\/\"}}]}<\/script>\n<!-- \/ Yoast SEO plugin. -->","yoast_head_json":{"title":"F\u00fcr Palettenbenutzer - Palettenkontrollturm","description":"Vorteile f\u00fcr Palettennutzer: klare Vereinbarungen, fairer Preis, hochwertige Paletten, entlastete Fahrer","robots":{"index":"index","follow":"follow","max-snippet":"max-snippet:-1","max-image-preview":"max-image-preview:large","max-video-preview":"max-video-preview:-1"},"canonical":"https:\/\/www.palletcontroltower.eu\/de\/mein-vorteil\/fur-palettenbenutzer\/","og_locale":"de_DE","og_type":"article","og_title":"Voor palletgebruikers - Pallet Control Tower","og_description":"De voordelen voor palletgebruikers zijn o.a.: heldere afspraken, op re\u00eble waarde gebaseerde prijs, hoogwaardige pallets, chauffeurs ontlast","og_url":"https:\/\/www.palletcontroltower.eu\/de\/mein-vorteil\/fur-palettenbenutzer\/","og_site_name":"Pallet Control Tower","article_modified_time":"2024-01-08T14:21:13+00:00","og_image":[{"url":"http:\/\/www.palletcontroltower.eu\/wp-content\/uploads\/2023\/12\/PalletControlTower_busy_industrial_warehouse-scaled.jpeg","type":"","width":"","height":""}],"twitter_card":"summary_large_image","twitter_misc":{"Gesch\u00e4tzte Lesezeit":"3\u00a0Minuten"},"schema":{"@context":"https:\/\/schema.org","@graph":[{"@type":"WebPage","@id":"https:\/\/www.palletcontroltower.eu\/pl\/mijn-voordeel\/dla-uzytkownikow-palet\/","url":"https:\/\/www.palletcontroltower.eu\/pl\/mijn-voordeel\/dla-uzytkownikow-palet\/","name":"F\u00fcr Palettenbenutzer - Palettenkontrollturm","isPartOf":{"@id":"https:\/\/www.palletcontroltower.eu\/#website"},"primaryImageOfPage":{"@id":"https:\/\/www.palletcontroltower.eu\/pl\/mijn-voordeel\/dla-uzytkownikow-palet\/#primaryimage"},"image":{"@id":"https:\/\/www.palletcontroltower.eu\/pl\/mijn-voordeel\/dla-uzytkownikow-palet\/#primaryimage"},"thumbnailUrl":"http:\/\/www.palletcontroltower.eu\/wp-content\/uploads\/2023\/12\/PalletControlTower_busy_industrial_warehouse-scaled.jpeg","datePublished":"2023-11-22T08:00:20+00:00","dateModified":"2024-01-08T14:21:13+00:00","description":"Vorteile f\u00fcr Palettennutzer: klare Vereinbarungen, fairer Preis, hochwertige Paletten, entlastete Fahrer","breadcrumb":{"@id":"https:\/\/www.palletcontroltower.eu\/pl\/mijn-voordeel\/dla-uzytkownikow-palet\/#breadcrumb"},"inLanguage":"de","potentialAction":[{"@type":"ReadAction","target":["https:\/\/www.palletcontroltower.eu\/pl\/mijn-voordeel\/dla-uzytkownikow-palet\/"]}]},{"@type":"ImageObject","inLanguage":"de","@id":"https:\/\/www.palletcontroltower.eu\/pl\/mijn-voordeel\/dla-uzytkownikow-palet\/#primaryimage","url":"http:\/\/www.palletcontroltower.eu\/wp-content\/uploads\/2023\/12\/PalletControlTower_busy_industrial_warehouse-scaled.jpeg","contentUrl":"http:\/\/www.palletcontroltower.eu\/wp-content\/uploads\/2023\/12\/PalletControlTower_busy_industrial_warehouse-scaled.jpeg"},{"@type":"BreadcrumbList","@id":"https:\/\/www.palletcontroltower.eu\/pl\/mijn-voordeel\/dla-uzytkownikow-palet\/#breadcrumb","itemListElement":[{"@type":"ListItem","position":1,"name":"Home","item":"https:\/\/www.palletcontroltower.eu\/"},{"@type":"ListItem","position":2,"name":"Mijn voordeel","item":"https:\/\/www.palletcontroltower.eu\/pl\/mijn-voordeel\/"},{"@type":"ListItem","position":3,"name":"Voor palletgebruikers"}]},{"@type":"WebSite","@id":"https:\/\/www.palletcontroltower.eu\/#website","url":"https:\/\/www.palletcontroltower.eu\/","name":"Palettenkontrollturm","description":"","publisher":{"@id":"https:\/\/www.palletcontroltower.eu\/#organization"},"potentialAction":[{"@type":"SearchAction","target":{"@type":"EntryPoint","urlTemplate":"https:\/\/www.palletcontroltower.eu\/?s={search_term_string}"},"query-input":{"@type":"PropertyValueSpecification","valueRequired":true,"valueName":"search_term_string"}}],"inLanguage":"de"},{"@type":"Organization","@id":"https:\/\/www.palletcontroltower.eu\/#organization","name":"Palettenkontrollturm","url":"https:\/\/www.palletcontroltower.eu\/","logo":{"@type":"ImageObject","inLanguage":"de","@id":"https:\/\/www.palletcontroltower.eu\/#\/schema\/logo\/image\/","url":"https:\/\/www.palletcontroltower.eu\/wp-content\/uploads\/2023\/10\/logo.svg","contentUrl":"https:\/\/www.palletcontroltower.eu\/wp-content\/uploads\/2023\/10\/logo.svg","width":290,"height":87,"caption":"Pallet Control Tower"},"image":{"@id":"https:\/\/www.palletcontroltower.eu\/#\/schema\/logo\/image\/"}}]}},"_links":{"self":[{"href":"https:\/\/www.palletcontroltower.eu\/de\/wp-json\/wp\/v2\/pages\/29","targetHints":{"allow":["GET"]}}],"collection":[{"href":"https:\/\/www.palletcontroltower.eu\/de\/wp-json\/wp\/v2\/pages"}],"about":[{"href":"https:\/\/www.palletcontroltower.eu\/de\/wp-json\/wp\/v2\/types\/page"}],"author":[{"embeddable":true,"href":"https:\/\/www.palletcontroltower.eu\/de\/wp-json\/wp\/v2\/users\/1"}],"replies":[{"embeddable":true,"href":"https:\/\/www.palletcontroltower.eu\/de\/wp-json\/wp\/v2\/comments?post=29"}],"version-history":[{"count":18,"href":"https:\/\/www.palletcontroltower.eu\/de\/wp-json\/wp\/v2\/pages\/29\/revisions"}],"predecessor-version":[{"id":1076,"href":"https:\/\/www.palletcontroltower.eu\/de\/wp-json\/wp\/v2\/pages\/29\/revisions\/1076"}],"up":[{"embeddable":true,"href":"https:\/\/www.palletcontroltower.eu\/de\/wp-json\/wp\/v2\/pages\/25"}],"wp:attachment":[{"href":"https:\/\/www.palletcontroltower.eu\/de\/wp-json\/wp\/v2\/media?parent=29"}],"curies":[{"name":"wp","href":"https:\/\/api.w.org\/{rel}","templated":true}]}}