{"id":33,"date":"2023-11-22T08:01:30","date_gmt":"2023-11-22T08:01:30","guid":{"rendered":"http:\/\/www.palletcontroltower.eu\/?page_id=33"},"modified":"2026-01-30T09:46:29","modified_gmt":"2026-01-30T09:46:29","slug":"fur-palettendepots","status":"publish","type":"page","link":"https:\/\/www.palletcontroltower.eu\/de\/mijn-voordeel\/voor-palletdepots\/","title":{"rendered":"F\u00fcr Palettendepots"},"content":{"rendered":"<div class=\"wp-block-columns is-layout-flex wp-container-core-columns-is-layout-28f84493 wp-block-columns-is-layout-flex\">\n<div class=\"wp-block-column is-layout-flow wp-block-column-is-layout-flow\">\n<h2 class=\"wp-block-heading\">Bedienen Sie Ihren Markt auf intelligente Weise<\/h2>\n\n\n\n<p>Sie sind Palettenh\u00e4ndler - Palettenhersteller - Palettendepot in Europa, Asien oder Amerika\/Kanada. Dann wird PCT Online Ihren Markt erweitern und vergr\u00f6\u00dfern.<\/p>\n\n\n\n<p>PCT Online ist in allen Industriezweigen zu finden und somit auf allen M\u00e4rkten zu Hause. Gro\u00dfe Palettennutzer aus der ganzen Welt nutzen unsere Plattform. Sie w\u00fcnschen sich Transparenz in der Kette und einen nachhaltigeren Einsatz aller eingesetzten Ladungstr\u00e4ger. <\/p>\n\n\n\n<p>Bedienen Sie Ihre internationalen oder globalen Kunden und vernetzen Sie sich mit Kollegen in Europa oder \u00dcbersee. Bestellen Sie die ben\u00f6tigten Paletten vor Ort \u00fcber eine Delivery-Order und vermeiden Sie unn\u00f6tige Transportkosten von LKWs oder Containern mit nur Paletten. Seien Sie nachhaltig und clever! <\/p>\n\n\n\n<div class=\"wp-block-buttons is-layout-flex wp-block-buttons-is-layout-flex\">\n<div class=\"wp-block-button\"><a class=\"wp-block-button__link has-white-color has-green-background-color has-text-color has-background has-link-color wp-element-button\" href=\"https:\/\/portal.pct-online.eu\/register\" target=\"_blank\" rel=\"noreferrer noopener\">Aktivieren Sie Ihr Konto<\/a><\/div>\n<\/div>\n<\/div>\n<\/div>\n\n\n\n<hr class=\"wp-block-separator has-alpha-channel-opacity\"\/>\n\n\n\n<div class=\"wp-block-columns are-vertically-aligned-center is-layout-flex wp-container-core-columns-is-layout-28f84493 wp-block-columns-is-layout-flex\">\n<div class=\"wp-block-column is-vertically-aligned-center is-layout-flow wp-block-column-is-layout-flow\">\n<figure class=\"wp-block-image size-full\"><img fetchpriority=\"high\" decoding=\"async\" width=\"1000\" height=\"667\" src=\"http:\/\/www.palletcontroltower.eu\/wp-content\/uploads\/2023\/12\/PCT_EPAL_storage.jpg\" alt=\"Optimale Effizienz in der Lagerhaltung dank EPAL-Europaletten\" class=\"wp-image-807\" style=\"aspect-ratio:3\/4;object-fit:cover\" srcset=\"https:\/\/www.palletcontroltower.eu\/wp-content\/uploads\/2023\/12\/PCT_EPAL_storage.jpg 1000w, https:\/\/www.palletcontroltower.eu\/wp-content\/uploads\/2023\/12\/PCT_EPAL_storage-300x200.jpg 300w, https:\/\/www.palletcontroltower.eu\/wp-content\/uploads\/2023\/12\/PCT_EPAL_storage-768x512.jpg 768w, https:\/\/www.palletcontroltower.eu\/wp-content\/uploads\/2023\/12\/PCT_EPAL_storage-18x12.jpg 18w\" sizes=\"(max-width: 1000px) 100vw, 1000px\" \/><\/figure>\n<\/div>\n\n\n\n<div class=\"wp-block-column is-vertically-aligned-center is-layout-flow wp-block-column-is-layout-flow\">\n<h2 class=\"wp-block-heading\">Effektive und effiziente Palettenverwaltung<\/h2>\n\n\n\n<ol class=\"wp-block-list\">\n<li><strong>Integrierte Logistikkette<\/strong> - Die Palettenstr\u00f6me in Europa werden immer komplexer und damit interessanter f\u00fcr Palettenh\u00e4ndler und Depots. Pallet Control Tower Online (PCTO) bringt Klarheit und erweitert Ihre Netzwerke.<\/li>\n\n\n\n<li><strong>Mehr Handel<\/strong> - PCT Online erleichtert die Abholung, Lieferung und den Abgleich auf intelligente Weise. \u00dcber unser propriet\u00e4res e-Credit-System k\u00f6nnen Europaletten und andere RTIs gekauft, verkauft oder virtuell abgeglichen werden. Die Kunden geben eine Bestellung auf, die das System an Sie, den angeschlossenen Palettenlieferanten, weiterleitet. Der Kunde sieht automatisch Ihr Angebot und trifft eine Auswahl auf der Grundlage von Preis, Nachhaltigkeit (CO2-Fu\u00dfabdruck) oder \u2018bevorzugter Lieferant\u2019. Indem Sie Ihr Konto in PCT Online aktivieren, vergr\u00f6\u00dfern Sie Ihr Netzwerk und damit die Chance auf zus\u00e4tzliche Verk\u00e4ufe.<\/li>\n\n\n\n<li><strong>Klare Vereinbarungen<\/strong> - Immer mehr Unternehmen leiden unter Palettenstress aufgrund ihrer manuellen und mit Excel erstellten Abrechnungen. Sie wollen wieder \"die Kontrolle\" haben. Welche und wie viele Paletten befinden sich wo und zu welchen Vereinbarungen? Gerade bei schwankenden Palettenmengen und -preisen werden Kosten und Erl\u00f6se zu wichtigen Posten f\u00fcr alle Palettennutzer.<\/li>\n\n\n\n<li><strong>Wert der gebrauchten Paletten<\/strong> - Diskutieren Sie nie wieder \u00fcber den Wert einer gebrauchten Palette. Die Paletten werden von Ihnen nach der Abholung sortiert und bewertet. F\u00fcr den Kunden stellt dieser Wert eine Anzahl von e-Credits dar. Der Wert des e-Credits richtet sich nach dem so genannten EUWID-Index, dem in Europa weithin akzeptierten Standard. Sollte es zu einer Diskussion kommen, kommen unsere Kundenbetreuer und beurteilen die Angelegenheit.<\/li>\n\n\n\n<li><strong>Schnell, einfach und sicher<\/strong> - Nach Vereinbarung und korrekter Ausf\u00fchrung des Auftrags werden Sie dank unseres \"Selbstfakturierungssystems\" innerhalb von 8 Tagen bezahlt. Die Plattform ist sicher f\u00fcr alle Transaktionen und zeichnet jeden Austausch genau auf. Wir bieten in mehreren Sprachen eine benutzerfreundliche Schnittstelle mit minimaler Komplexit\u00e4t. PCT Online kann mit allen g\u00e4ngigen ERP-, VMS- und WMS-Systemen verbunden werden.<\/li>\n\n\n\n<li><strong>Internationale Dienstleistungen<\/strong> - Wenn Sie internationale Kunden haben, ist PCT Online ebenfalls ideal. Erweitern Sie Ihr \"Lieferantenkonto\" um \"Benutzer\" und w\u00e4hlen Sie einen anderen Palettenlieferanten in Europa aus, um einen Collection- oder Delivery-Auftrag auszuf\u00fchren. So vermeiden Sie unn\u00f6tige Fahrten quer durch Europa mit Lastwagen voller leerer Paletten. Die Zahlung erfolgt in mehrwertsteuerfreien e-Credits. Diese L\u00f6sung ist sowohl kosteneffizienter als auch nachhaltiger.<\/li>\n<\/ol>\n\n\n\n<div class=\"wp-block-buttons is-content-justification-right is-layout-flex wp-container-core-buttons-is-layout-d445cf74 wp-block-buttons-is-layout-flex\"><\/div>\n<\/div>\n<\/div>\n\n\n\n<div class=\"wp-block-buttons is-content-justification-right is-layout-flex wp-container-core-buttons-is-layout-d445cf74 wp-block-buttons-is-layout-flex\">\n<div class=\"wp-block-button\"><a class=\"wp-block-button__link has-white-color has-mint-background-color has-text-color has-background has-link-color wp-element-button\" href=\"http:\/\/www.palletcontroltower.eu\/wp-content\/uploads\/2024\/01\/PCT_Leaflet_Depot_NL_PR8.pdf\" target=\"_blank\" rel=\"noreferrer noopener\">Merkblatt herunterladen<\/a><\/div>\n<\/div>\n\n\n\n<hr class=\"wp-block-separator has-alpha-channel-opacity\"\/>\n\n\n\n<blockquote class=\"wp-block-quote is-layout-flow wp-block-quote-is-layout-flow\">\n<p class=\"has-text-align-center\">Verhindern Sie Palettenstress! Pallet Control Tower ist der europ\u00e4ische Standard und die Plattform f\u00fcr Collection &amp; Delivery by Matching f\u00fcr Europaletten und andere FTIs. Wir erm\u00f6glichen offenes Pooling von A bis Z. Und machen die Palettenlogistik wieder \u00fcberschaubar.<\/p>\n<\/blockquote>\n\n\n\n<hr class=\"wp-block-separator has-alpha-channel-opacity\"\/>\n\n\n\n<figure class=\"wp-block-image size-full\"><img decoding=\"async\" width=\"1600\" height=\"1066\" src=\"http:\/\/www.palletcontroltower.eu\/wp-content\/uploads\/2023\/11\/palletcontroltower-2.jpg\" alt=\"\" class=\"wp-image-207\" style=\"aspect-ratio:16\/9;object-fit:cover\" srcset=\"https:\/\/www.palletcontroltower.eu\/wp-content\/uploads\/2023\/11\/palletcontroltower-2.jpg 1600w, https:\/\/www.palletcontroltower.eu\/wp-content\/uploads\/2023\/11\/palletcontroltower-2-300x200.jpg 300w, https:\/\/www.palletcontroltower.eu\/wp-content\/uploads\/2023\/11\/palletcontroltower-2-1024x682.jpg 1024w, https:\/\/www.palletcontroltower.eu\/wp-content\/uploads\/2023\/11\/palletcontroltower-2-768x512.jpg 768w, https:\/\/www.palletcontroltower.eu\/wp-content\/uploads\/2023\/11\/palletcontroltower-2-1536x1023.jpg 1536w\" sizes=\"(max-width: 1600px) 100vw, 1600px\" \/><\/figure>\n\n\n\n<hr class=\"wp-block-separator has-alpha-channel-opacity\"\/>\n\n\n\n<div class=\"wp-block-columns is-layout-flex wp-container-core-columns-is-layout-28f84493 wp-block-columns-is-layout-flex\"><\/div>","protected":false},"excerpt":{"rendered":"<p>Service uw markt op een slimme manier U bent pallethandelaar &#8211; palletproducent &#8211; palletdepot binnen Europa, Azi\u00eb of Amerika\/Canada. Dan is PCT Online een verbreding en vergroting van uw markt. PCT Online is te vinden in alle soorten van industrie\u00ebn en is daarmee van alle markten thuis. Grote palletgebruikers van over de hele wereld maken [&hellip;]<\/p>\n","protected":false},"author":1,"featured_media":0,"parent":25,"menu_order":3,"comment_status":"closed","ping_status":"closed","template":"","meta":{"footnotes":""},"class_list":["post-33","page","type-page","status-publish","hentry"],"yoast_head":"<!-- This site is optimized with the Yoast SEO plugin v27.3 - https:\/\/yoast.com\/product\/yoast-seo-wordpress\/ -->\n<title>Voor palletdepots - Pallet Control Tower<\/title>\n<meta name=\"description\" content=\"Voor palletdepots zijn de voordelen o.a.: integrale logistieke keten, meer handel, heldere afspraken, waarde gebruikte pallets\" \/>\n<meta name=\"robots\" content=\"index, follow, max-snippet:-1, max-image-preview:large, max-video-preview:-1\" \/>\n<link rel=\"canonical\" href=\"https:\/\/www.palletcontroltower.eu\/de\/mein-vorteil\/fur-palettendepots\/\" \/>\n<meta property=\"og:locale\" content=\"de_DE\" \/>\n<meta property=\"og:type\" content=\"article\" \/>\n<meta property=\"og:title\" content=\"Voor palletdepots - Pallet Control Tower\" \/>\n<meta property=\"og:description\" content=\"Voor palletdepots zijn de voordelen o.a.: integrale logistieke keten, meer handel, heldere afspraken, waarde gebruikte pallets\" \/>\n<meta property=\"og:url\" content=\"https:\/\/www.palletcontroltower.eu\/de\/mein-vorteil\/fur-palettendepots\/\" \/>\n<meta property=\"og:site_name\" content=\"Pallet Control Tower\" \/>\n<meta property=\"article:modified_time\" content=\"2026-01-30T09:46:29+00:00\" \/>\n<meta property=\"og:image\" content=\"https:\/\/www.palletcontroltower.eu\/wp-content\/uploads\/2023\/12\/PCT_EPAL_storage.jpg\" \/>\n\t<meta property=\"og:image:width\" content=\"1000\" \/>\n\t<meta property=\"og:image:height\" content=\"667\" \/>\n\t<meta property=\"og:image:type\" content=\"image\/jpeg\" \/>\n<meta name=\"twitter:card\" content=\"summary_large_image\" \/>\n<meta name=\"twitter:label1\" content=\"Gesch\u00e4tzte Lesezeit\" \/>\n\t<meta name=\"twitter:data1\" content=\"3\u00a0Minuten\" \/>\n<script type=\"application\/ld+json\" class=\"yoast-schema-graph\">{\"@context\":\"https:\\\/\\\/schema.org\",\"@graph\":[{\"@type\":\"WebPage\",\"@id\":\"https:\\\/\\\/www.palletcontroltower.eu\\\/mijn-voordeel\\\/voor-palletdepots\\\/\",\"url\":\"https:\\\/\\\/www.palletcontroltower.eu\\\/mijn-voordeel\\\/voor-palletdepots\\\/\",\"name\":\"Voor palletdepots - Pallet Control Tower\",\"isPartOf\":{\"@id\":\"https:\\\/\\\/www.palletcontroltower.eu\\\/#website\"},\"primaryImageOfPage\":{\"@id\":\"https:\\\/\\\/www.palletcontroltower.eu\\\/mijn-voordeel\\\/voor-palletdepots\\\/#primaryimage\"},\"image\":{\"@id\":\"https:\\\/\\\/www.palletcontroltower.eu\\\/mijn-voordeel\\\/voor-palletdepots\\\/#primaryimage\"},\"thumbnailUrl\":\"http:\\\/\\\/www.palletcontroltower.eu\\\/wp-content\\\/uploads\\\/2023\\\/12\\\/PCT_EPAL_storage.jpg\",\"datePublished\":\"2023-11-22T08:01:30+00:00\",\"dateModified\":\"2026-01-30T09:46:29+00:00\",\"description\":\"Voor palletdepots zijn de voordelen o.a.: integrale logistieke keten, meer handel, heldere afspraken, waarde gebruikte pallets\",\"breadcrumb\":{\"@id\":\"https:\\\/\\\/www.palletcontroltower.eu\\\/mijn-voordeel\\\/voor-palletdepots\\\/#breadcrumb\"},\"inLanguage\":\"de\",\"potentialAction\":[{\"@type\":\"ReadAction\",\"target\":[\"https:\\\/\\\/www.palletcontroltower.eu\\\/mijn-voordeel\\\/voor-palletdepots\\\/\"]}]},{\"@type\":\"ImageObject\",\"inLanguage\":\"de\",\"@id\":\"https:\\\/\\\/www.palletcontroltower.eu\\\/mijn-voordeel\\\/voor-palletdepots\\\/#primaryimage\",\"url\":\"http:\\\/\\\/www.palletcontroltower.eu\\\/wp-content\\\/uploads\\\/2023\\\/12\\\/PCT_EPAL_storage.jpg\",\"contentUrl\":\"http:\\\/\\\/www.palletcontroltower.eu\\\/wp-content\\\/uploads\\\/2023\\\/12\\\/PCT_EPAL_storage.jpg\"},{\"@type\":\"BreadcrumbList\",\"@id\":\"https:\\\/\\\/www.palletcontroltower.eu\\\/mijn-voordeel\\\/voor-palletdepots\\\/#breadcrumb\",\"itemListElement\":[{\"@type\":\"ListItem\",\"position\":1,\"name\":\"Home\",\"item\":\"https:\\\/\\\/www.palletcontroltower.eu\\\/\"},{\"@type\":\"ListItem\",\"position\":2,\"name\":\"Mijn voordeel\",\"item\":\"https:\\\/\\\/www.palletcontroltower.eu\\\/pl\\\/mijn-voordeel\\\/\"},{\"@type\":\"ListItem\",\"position\":3,\"name\":\"Voor palletdepots\"}]},{\"@type\":\"WebSite\",\"@id\":\"https:\\\/\\\/www.palletcontroltower.eu\\\/#website\",\"url\":\"https:\\\/\\\/www.palletcontroltower.eu\\\/\",\"name\":\"Pallet Control Tower\",\"description\":\"\",\"publisher\":{\"@id\":\"https:\\\/\\\/www.palletcontroltower.eu\\\/#organization\"},\"potentialAction\":[{\"@type\":\"SearchAction\",\"target\":{\"@type\":\"EntryPoint\",\"urlTemplate\":\"https:\\\/\\\/www.palletcontroltower.eu\\\/?s={search_term_string}\"},\"query-input\":{\"@type\":\"PropertyValueSpecification\",\"valueRequired\":true,\"valueName\":\"search_term_string\"}}],\"inLanguage\":\"de\"},{\"@type\":\"Organization\",\"@id\":\"https:\\\/\\\/www.palletcontroltower.eu\\\/#organization\",\"name\":\"Pallet Control Tower\",\"url\":\"https:\\\/\\\/www.palletcontroltower.eu\\\/\",\"logo\":{\"@type\":\"ImageObject\",\"inLanguage\":\"de\",\"@id\":\"https:\\\/\\\/www.palletcontroltower.eu\\\/#\\\/schema\\\/logo\\\/image\\\/\",\"url\":\"https:\\\/\\\/www.palletcontroltower.eu\\\/wp-content\\\/uploads\\\/2023\\\/10\\\/logo.svg\",\"contentUrl\":\"https:\\\/\\\/www.palletcontroltower.eu\\\/wp-content\\\/uploads\\\/2023\\\/10\\\/logo.svg\",\"width\":290,\"height\":87,\"caption\":\"Pallet Control Tower\"},\"image\":{\"@id\":\"https:\\\/\\\/www.palletcontroltower.eu\\\/#\\\/schema\\\/logo\\\/image\\\/\"}}]}<\/script>\n<!-- \/ Yoast SEO plugin. -->","yoast_head_json":{"title":"F\u00fcr Palettendepots - Palettenkontrollturm","description":"F\u00fcr Palettendepots ergeben sich folgende Vorteile: integrierte Logistikkette, verst\u00e4rkter Handel, klare Vereinbarungen, Wert der gebrauchten Paletten","robots":{"index":"index","follow":"follow","max-snippet":"max-snippet:-1","max-image-preview":"max-image-preview:large","max-video-preview":"max-video-preview:-1"},"canonical":"https:\/\/www.palletcontroltower.eu\/de\/mein-vorteil\/fur-palettendepots\/","og_locale":"de_DE","og_type":"article","og_title":"Voor palletdepots - Pallet Control Tower","og_description":"Voor palletdepots zijn de voordelen o.a.: integrale logistieke keten, meer handel, heldere afspraken, waarde gebruikte pallets","og_url":"https:\/\/www.palletcontroltower.eu\/de\/mein-vorteil\/fur-palettendepots\/","og_site_name":"Pallet Control Tower","article_modified_time":"2026-01-30T09:46:29+00:00","og_image":[{"width":1000,"height":667,"url":"https:\/\/www.palletcontroltower.eu\/wp-content\/uploads\/2023\/12\/PCT_EPAL_storage.jpg","type":"image\/jpeg"}],"twitter_card":"summary_large_image","twitter_misc":{"Gesch\u00e4tzte Lesezeit":"3\u00a0Minuten"},"schema":{"@context":"https:\/\/schema.org","@graph":[{"@type":"WebPage","@id":"https:\/\/www.palletcontroltower.eu\/mijn-voordeel\/voor-palletdepots\/","url":"https:\/\/www.palletcontroltower.eu\/mijn-voordeel\/voor-palletdepots\/","name":"F\u00fcr Palettendepots - Palettenkontrollturm","isPartOf":{"@id":"https:\/\/www.palletcontroltower.eu\/#website"},"primaryImageOfPage":{"@id":"https:\/\/www.palletcontroltower.eu\/mijn-voordeel\/voor-palletdepots\/#primaryimage"},"image":{"@id":"https:\/\/www.palletcontroltower.eu\/mijn-voordeel\/voor-palletdepots\/#primaryimage"},"thumbnailUrl":"http:\/\/www.palletcontroltower.eu\/wp-content\/uploads\/2023\/12\/PCT_EPAL_storage.jpg","datePublished":"2023-11-22T08:01:30+00:00","dateModified":"2026-01-30T09:46:29+00:00","description":"F\u00fcr Palettendepots ergeben sich folgende Vorteile: integrierte Logistikkette, verst\u00e4rkter Handel, klare Vereinbarungen, Wert der gebrauchten Paletten","breadcrumb":{"@id":"https:\/\/www.palletcontroltower.eu\/mijn-voordeel\/voor-palletdepots\/#breadcrumb"},"inLanguage":"de","potentialAction":[{"@type":"ReadAction","target":["https:\/\/www.palletcontroltower.eu\/mijn-voordeel\/voor-palletdepots\/"]}]},{"@type":"ImageObject","inLanguage":"de","@id":"https:\/\/www.palletcontroltower.eu\/mijn-voordeel\/voor-palletdepots\/#primaryimage","url":"http:\/\/www.palletcontroltower.eu\/wp-content\/uploads\/2023\/12\/PCT_EPAL_storage.jpg","contentUrl":"http:\/\/www.palletcontroltower.eu\/wp-content\/uploads\/2023\/12\/PCT_EPAL_storage.jpg"},{"@type":"BreadcrumbList","@id":"https:\/\/www.palletcontroltower.eu\/mijn-voordeel\/voor-palletdepots\/#breadcrumb","itemListElement":[{"@type":"ListItem","position":1,"name":"Home","item":"https:\/\/www.palletcontroltower.eu\/"},{"@type":"ListItem","position":2,"name":"Mijn voordeel","item":"https:\/\/www.palletcontroltower.eu\/pl\/mijn-voordeel\/"},{"@type":"ListItem","position":3,"name":"Voor palletdepots"}]},{"@type":"WebSite","@id":"https:\/\/www.palletcontroltower.eu\/#website","url":"https:\/\/www.palletcontroltower.eu\/","name":"Palettenkontrollturm","description":"","publisher":{"@id":"https:\/\/www.palletcontroltower.eu\/#organization"},"potentialAction":[{"@type":"SearchAction","target":{"@type":"EntryPoint","urlTemplate":"https:\/\/www.palletcontroltower.eu\/?s={search_term_string}"},"query-input":{"@type":"PropertyValueSpecification","valueRequired":true,"valueName":"search_term_string"}}],"inLanguage":"de"},{"@type":"Organization","@id":"https:\/\/www.palletcontroltower.eu\/#organization","name":"Palettenkontrollturm","url":"https:\/\/www.palletcontroltower.eu\/","logo":{"@type":"ImageObject","inLanguage":"de","@id":"https:\/\/www.palletcontroltower.eu\/#\/schema\/logo\/image\/","url":"https:\/\/www.palletcontroltower.eu\/wp-content\/uploads\/2023\/10\/logo.svg","contentUrl":"https:\/\/www.palletcontroltower.eu\/wp-content\/uploads\/2023\/10\/logo.svg","width":290,"height":87,"caption":"Pallet Control Tower"},"image":{"@id":"https:\/\/www.palletcontroltower.eu\/#\/schema\/logo\/image\/"}}]}},"_links":{"self":[{"href":"https:\/\/www.palletcontroltower.eu\/de\/wp-json\/wp\/v2\/pages\/33","targetHints":{"allow":["GET"]}}],"collection":[{"href":"https:\/\/www.palletcontroltower.eu\/de\/wp-json\/wp\/v2\/pages"}],"about":[{"href":"https:\/\/www.palletcontroltower.eu\/de\/wp-json\/wp\/v2\/types\/page"}],"author":[{"embeddable":true,"href":"https:\/\/www.palletcontroltower.eu\/de\/wp-json\/wp\/v2\/users\/1"}],"replies":[{"embeddable":true,"href":"https:\/\/www.palletcontroltower.eu\/de\/wp-json\/wp\/v2\/comments?post=33"}],"version-history":[{"count":24,"href":"https:\/\/www.palletcontroltower.eu\/de\/wp-json\/wp\/v2\/pages\/33\/revisions"}],"predecessor-version":[{"id":1230,"href":"https:\/\/www.palletcontroltower.eu\/de\/wp-json\/wp\/v2\/pages\/33\/revisions\/1230"}],"up":[{"embeddable":true,"href":"https:\/\/www.palletcontroltower.eu\/de\/wp-json\/wp\/v2\/pages\/25"}],"wp:attachment":[{"href":"https:\/\/www.palletcontroltower.eu\/de\/wp-json\/wp\/v2\/media?parent=33"}],"curies":[{"name":"wp","href":"https:\/\/api.w.org\/{rel}","templated":true}]}}