{"id":42,"date":"2023-11-22T08:02:12","date_gmt":"2023-11-22T08:02:12","guid":{"rendered":"http:\/\/www.palletcontroltower.eu\/?page_id=42"},"modified":"2026-01-30T09:41:33","modified_gmt":"2026-01-30T09:41:33","slug":"pooling-ist-nachhaltig","status":"publish","type":"page","link":"https:\/\/www.palletcontroltower.eu\/de\/duurzaamheid\/poolen-is-duurzaam\/","title":{"rendered":"Pooling ist nachhaltig"},"content":{"rendered":"<div class=\"wp-block-columns is-layout-flex wp-container-core-columns-is-layout-28f84493 wp-block-columns-is-layout-flex\">\n<div class=\"wp-block-column is-layout-flow wp-block-column-is-layout-flow\">\n<h2 class=\"wp-block-heading\">Nachhaltigkeit<\/h2>\n\n\n\n<p>PCT reduziert die Zahl der Einwegpaletten und bietet Ihnen die M\u00f6glichkeit, auf Mehrwegpaletten umzusteigen. Wir tun dies mit unserer PCT-Online-Plattform: Collection &amp; Delivery - Matching, verbunden mit e-Credits. Unsere Plattform erm\u00f6glicht es Palettennutzern, gemeinsam mit ihren Lieferanten und Kunden einen eigenen \"Palettenpool\" einzurichten und so die nachhaltige Nutzung von Paletten zu f\u00f6rdern. <\/p>\n\n\n\n<p><strong>Gesetzgebung<\/strong>&nbsp;<\/p>\n\n\n\n<p>PCT erwartet neue gesetzliche Entwicklungen aus Br\u00fcssel f\u00fcr die Verpackungsindustrie; die Reduzierung des CO2-Fu\u00dfabdrucks und eine st\u00e4rkere Konzentration auf die Kreislaufwirtschaft.  Wiederverwendung, Reparatur und Wiederverwertung sind die Grunds\u00e4tze der neuen Br\u00fcsseler Verpackungsvereinbarung. <a href=\"https:\/\/environment.ec.europa.eu\/topics\/waste-and-recycling\/packaging-waste_en\" target=\"_blank\" rel=\"noreferrer noopener\">PPWD<\/a>. Dar\u00fcber hinaus erf\u00fcllen Sie mindestens 5 der folgenden Kriterien <a href=\"https:\/\/sdgs.un.org\/goals\" target=\"_blank\" rel=\"noreferrer noopener\">Ziele f\u00fcr nachhaltige Entwicklung (SDGs)<\/a> der Vereinten Nationen. <\/p>\n\n\n\n<div class=\"wp-block-buttons is-layout-flex wp-block-buttons-is-layout-flex\">\n<div class=\"wp-block-button\"><a class=\"wp-block-button__link has-white-color has-green-background-color has-text-color has-background has-link-color wp-element-button\" href=\"http:\/\/www.palletcontroltower.eu\/de\/wie-es-funktioniert\/was-wir-tun\/\" target=\"_blank\" rel=\"noreferrer noopener\">Sehen Sie hier, wie es funktioniert<\/a><\/div>\n<\/div>\n<\/div>\n<\/div>\n\n\n\n<hr class=\"wp-block-separator has-alpha-channel-opacity\"\/>\n\n\n\n<div class=\"wp-block-columns are-vertically-aligned-center is-layout-flex wp-container-core-columns-is-layout-28f84493 wp-block-columns-is-layout-flex\">\n<div class=\"wp-block-column is-vertically-aligned-center is-layout-flow wp-block-column-is-layout-flow\">\n<figure class=\"wp-block-image size-full\"><img fetchpriority=\"high\" decoding=\"async\" width=\"1000\" height=\"671\" src=\"https:\/\/www.palletcontroltower.eu\/wp-content\/uploads\/2025\/05\/eur_pallet.jpg\" alt=\"\" class=\"wp-image-1223\" style=\"aspect-ratio:16\/9;object-fit:cover\" srcset=\"https:\/\/www.palletcontroltower.eu\/wp-content\/uploads\/2025\/05\/eur_pallet.jpg 1000w, https:\/\/www.palletcontroltower.eu\/wp-content\/uploads\/2025\/05\/eur_pallet-300x201.jpg 300w, https:\/\/www.palletcontroltower.eu\/wp-content\/uploads\/2025\/05\/eur_pallet-768x515.jpg 768w, https:\/\/www.palletcontroltower.eu\/wp-content\/uploads\/2025\/05\/eur_pallet-18x12.jpg 18w\" sizes=\"(max-width: 1000px) 100vw, 1000px\" \/><\/figure>\n<\/div>\n\n\n\n<div class=\"wp-block-column is-vertically-aligned-center is-layout-flow wp-block-column-is-layout-flow\">\n<h2 class=\"wp-block-heading\">EUR &amp; PCT<\/h2>\n\n\n\n<p>Wir stehen in enger Verbindung mit der EUR-Organisation und nutzen die unter der EUR-Lizenz betriebenen Repositories. Gemeinsam haben wir das Ziel, das System des offenen Poolings zu f\u00f6rdern. Mit dem Netz von EUR International und unserem eigenen PCT-Netz gibt es Hunderte von Depots und Abgabestellen. Daher ist es immer m\u00f6glich, eine gute Verbindung zum Matching-Prozess mit Abholung und Zustellung herzustellen.\u00a0<\/p>\n\n\n\n<p>Wenn Sie die Einwegpaletten bei Collection zur\u00fcckgegeben haben und die erhaltenen e-Credits f\u00fcr den Einsatz von Mehrwegpaletten verwenden, hat dies Vorteile f\u00fcr die gesamte Kette. Neben der eigenen Nutzung k\u00f6nnen Sie die e-Credits in Ihrem Guthaben auch Dritten zur Verf\u00fcgung stellen.&nbsp;<\/p>\n\n\n\n<p>Mit PCTO k\u00f6nnen alle Schritte digital erfasst werden. Auch die Rechnungsstellung (Selbstfakturierung) und die gesamte weitere Kommunikation findet in der Cloud statt. Dies ist f\u00fcr jeden Nutzer jederzeit sichtbar und transparent.&nbsp;<\/p>\n<\/div>\n<\/div>\n\n\n\n<hr class=\"wp-block-separator has-alpha-channel-opacity\"\/>\n\n\n\n<h3 class=\"wp-block-heading\">Eine Europalette = nachhaltig: Jedes Jahr werden zwei Millionen aufgearbeitete Paletten mehrmals verwendet.  <br><\/h3>\n\n\n\n<p>Europaletten aus Holz k\u00f6nnen etwa 7 bis 8 Mal verwendet werden! Letztendlich wird eine abgenutzte Palette als Energie z. B. zum Heizen verwendet. Die Paletten werden in den Zentrallagern von Palettendepots, Handel und Industrie gesammelt und schlie\u00dflich zu einem Verarbeitungsbetrieb transportiert. Oft hilft eine Roboteranlage beim Sortieren der Paletten, manchmal ist es aber auch Handarbeit. Nach der Sortierung werden die Paletten, die repariert werden k\u00f6nnen, repariert und gelagert. Die Paletten, die nicht repariert werden k\u00f6nnen, werden z. B. als Hackschnitzel f\u00fcr die Energieerzeugung recycelt. Ein Kunde kann aus etwa 50 verschiedenen Palettentypen w\u00e4hlen, von denen die Europalette die g\u00e4ngigste und eine der nachhaltigsten ist.<\/p>\n\n\n\n<p><em>Tatsache. F\u00fcr die Herstellung von 22 neuen Europaletten wird ein Kubikmeter Holz ben\u00f6tigt. Mit einem Kubikmeter Holz k\u00f6nnen jedoch 150 recycelte Euro-Frachtpaletten repariert werden.<\/em><\/p>\n\n\n\n<div class=\"wp-block-buttons is-content-justification-left is-layout-flex wp-container-core-buttons-is-layout-fc4fd283 wp-block-buttons-is-layout-flex\">\n<div class=\"wp-block-button\"><a class=\"wp-block-button__link has-white-color has-green-background-color has-text-color has-background has-link-color wp-element-button\" href=\"https:\/\/portal.pct-online.eu\/register\" target=\"_blank\" rel=\"noreferrer noopener\">Aktivieren Sie Ihr Konto<\/a><\/div>\n<\/div>\n\n\n\n<hr class=\"wp-block-separator has-alpha-channel-opacity\"\/>\n\n\n\n<blockquote class=\"wp-block-quote is-layout-flow wp-block-quote-is-layout-flow\">\n<p class=\"has-text-align-center\">Verhindern Sie Palettenstress! Pallet Control Tower ist der europ\u00e4ische Standard und die Plattform f\u00fcr Collection &amp; Delivery by Matching f\u00fcr Europaletten und andere FTIs. Wir erm\u00f6glichen offenes Pooling von A bis Z. Und machen die Palettenlogistik wieder \u00fcberschaubar. <\/p>\n<\/blockquote>\n\n\n\n<hr class=\"wp-block-separator has-alpha-channel-opacity\"\/>\n\n\n\n<figure class=\"wp-block-image size-full\"><img decoding=\"async\" width=\"1600\" height=\"1066\" src=\"http:\/\/www.palletcontroltower.eu\/wp-content\/uploads\/2023\/11\/palletcontroltower-2.jpg\" alt=\"\" class=\"wp-image-207\" style=\"aspect-ratio:16\/9;object-fit:cover\" srcset=\"https:\/\/www.palletcontroltower.eu\/wp-content\/uploads\/2023\/11\/palletcontroltower-2.jpg 1600w, https:\/\/www.palletcontroltower.eu\/wp-content\/uploads\/2023\/11\/palletcontroltower-2-300x200.jpg 300w, https:\/\/www.palletcontroltower.eu\/wp-content\/uploads\/2023\/11\/palletcontroltower-2-1024x682.jpg 1024w, https:\/\/www.palletcontroltower.eu\/wp-content\/uploads\/2023\/11\/palletcontroltower-2-768x512.jpg 768w, https:\/\/www.palletcontroltower.eu\/wp-content\/uploads\/2023\/11\/palletcontroltower-2-1536x1023.jpg 1536w\" sizes=\"(max-width: 1600px) 100vw, 1600px\" \/><\/figure>\n\n\n\n<hr class=\"wp-block-separator has-alpha-channel-opacity\"\/>\n\n\n\n<div class=\"wp-block-columns is-layout-flex wp-container-core-columns-is-layout-28f84493 wp-block-columns-is-layout-flex\">\n<div class=\"wp-block-column is-layout-flow wp-block-column-is-layout-flow\">\n<h3 class=\"wp-block-heading\">Vorteile<\/h3>\n\n\n\n<p><strong>Verringern Sie Ihren CO2-Fu\u00dfabdruck<\/strong>&nbsp;<\/p>\n\n\n\n<p>Mit PCT Online wird vieles sichtbar, auch die so genannten versteckten Kosten, die nicht direkt beziffert werden k\u00f6nnen, aber im modernen Gesch\u00e4ftsbetrieb immer wichtiger werden. Stoppen Sie unn\u00f6tiges Hin- und Herschieben von Paletten. <\/p>\n\n\n\n<p><strong>Bessere Zusammenarbeit in der Lieferkette<\/strong>&nbsp;<\/p>\n\n\n\n<p>Ein Lieferkettensystem, das Partner, Zulieferer und Logistikdienstleister miteinander verbindet, erleichtert die Zusammenarbeit zwischen den Unternehmen. Wenn Probleme direkt mit den Partnern besprochen werden, lassen sie sich schneller l\u00f6sen, die Kosten sind niedriger, die Kunden sind zufriedener und es gibt weniger Abwanderer. \u00dcbernehmen Sie die Verantwortung f\u00fcr Ihre Logistikkette!&nbsp;<\/p>\n\n\n\n<p><strong>Durchg\u00e4ngiger Einblick in die Lieferkette<\/strong>&nbsp;<\/p>\n\n\n\n<p>Mit einem Einblick in die gesamte Lieferkette, einschlie\u00dflich Lieferanten, Herstellern, Spediteuren, Lagern und externen Logistikpartnern (3PLs), k\u00f6nnen Unternehmen ihre Lieferketten proaktiv verwalten und so Risiken und Kosten reduzieren. Und sie sorgen f\u00fcr mehr Nachhaltigkeit. &nbsp;&nbsp;<\/p>\n\n\n\n<p><strong>Genauere Prognosen und Entscheidungen<\/strong>&nbsp;<\/p>\n\n\n\n<p>Daten k\u00f6nnen durch \"pr\u00e4diktive Analysen\" aggregiert, verkn\u00fcpft und erweitert werden. Dies f\u00fchrt zu einer besseren, st\u00e4rker automatisierten Entscheidungsfindung und Selbstkorrektur. Letztlich f\u00fchrt dies zu effizienteren Prozessen und weniger Abfall. Eine weitere Verringerung Ihres \u00f6kologischen Fu\u00dfabdrucks.&nbsp;&nbsp;<\/p>\n\n\n\n<p><strong>Mehr Flexibilit\u00e4t in der Lieferkette<\/strong>&nbsp;<\/p>\n\n\n\n<p>Flexible Lieferketten gehen mit Ihnen, wenn etwas Unerwartetes passiert. Diese Flexibilit\u00e4t sorgt f\u00fcr bessere Kundenerfahrungen, schnellere Reaktionszeiten und ganz allgemein f\u00fcr eine effizientere Lieferkette. Vor allem in Zeiten, in denen Humanressourcen immer knapper und teurer werden. <\/p>\n\n\n\n<p><strong>Optimale Lagerbest\u00e4nde<\/strong>&nbsp;<\/p>\n\n\n\n<p>PCTO bietet einen \u00dcberblick \u00fcber die Best\u00e4nde im gesamten Netzwerk und erm\u00f6glicht es den Unternehmen, das zu haben, was sie brauchen, wo sie es brauchen und wann sie es brauchen. Sie steigern den Gewinn und die Umschlagsh\u00e4ufigkeit der Best\u00e4nde und verringern Lagerbest\u00e4nde und Materialengp\u00e4sse.&nbsp;<\/p>\n\n\n\n<p><strong>Sind Sie bereit f\u00fcr die Zukunft des Palettenpoolings?<\/strong>&nbsp;<\/p>\n\n\n\n<div class=\"wp-block-buttons is-layout-flex wp-block-buttons-is-layout-flex\">\n<div class=\"wp-block-button\"><a class=\"wp-block-button__link has-white-color has-blue-background-color has-text-color has-background has-link-color wp-element-button\" href=\"https:\/\/portal.pct-online.eu\/register\" target=\"_blank\" rel=\"noreferrer noopener\">Aktivieren Sie Ihr Konto<\/a><\/div>\n<\/div>\n<\/div>\n<\/div>","protected":false},"excerpt":{"rendered":"<p>Duurzaamheid PCT dringt het eenmalige gebruik van pallets terug en geeft u de kans om over te schakelen naar pallets voor meermalig gebruik. Dat doen wij met ons PCT Online-platform: Collection &amp; Delivery &#8211; Matching, gekoppeld aan e-Credits.&nbsp;Met ons platform kunnen palletgebruikers samen met hun toeleveranciers en klanten een eigen &#8216;palletpool&#8217; opzetten en zo het [&hellip;]<\/p>\n","protected":false},"author":1,"featured_media":0,"parent":40,"menu_order":0,"comment_status":"closed","ping_status":"closed","template":"","meta":{"footnotes":""},"class_list":["post-42","page","type-page","status-publish","hentry"],"yoast_head":"<!-- This site is optimized with the Yoast SEO plugin v27.3 - https:\/\/yoast.com\/product\/yoast-seo-wordpress\/ -->\n<title>Poolen is duurzaam - Pallet Control Tower<\/title>\n<meta name=\"description\" content=\"Palletpooling is een duurzame oplossing voor palletmanagement ingegeven door de nieuwe PPWD uit Brussel. PCT Online voldoet hieraan.\" \/>\n<meta name=\"robots\" content=\"index, follow, max-snippet:-1, max-image-preview:large, max-video-preview:-1\" \/>\n<link rel=\"canonical\" href=\"https:\/\/www.palletcontroltower.eu\/de\/nachhaltigkeit\/pooling-ist-nachhaltig\/\" \/>\n<meta property=\"og:locale\" content=\"de_DE\" \/>\n<meta property=\"og:type\" content=\"article\" \/>\n<meta property=\"og:title\" content=\"Poolen is duurzaam - Pallet Control Tower\" \/>\n<meta property=\"og:description\" content=\"Palletpooling is een duurzame oplossing voor palletmanagement ingegeven door de nieuwe PPWD uit Brussel. PCT Online voldoet hieraan.\" \/>\n<meta property=\"og:url\" content=\"https:\/\/www.palletcontroltower.eu\/de\/nachhaltigkeit\/pooling-ist-nachhaltig\/\" \/>\n<meta property=\"og:site_name\" content=\"Pallet Control Tower\" \/>\n<meta property=\"article:modified_time\" content=\"2026-01-30T09:41:33+00:00\" \/>\n<meta property=\"og:image\" content=\"https:\/\/www.palletcontroltower.eu\/wp-content\/uploads\/2025\/05\/eur_pallet.jpg\" \/>\n\t<meta property=\"og:image:width\" content=\"1000\" \/>\n\t<meta property=\"og:image:height\" content=\"671\" \/>\n\t<meta property=\"og:image:type\" content=\"image\/jpeg\" \/>\n<meta name=\"twitter:card\" content=\"summary_large_image\" \/>\n<meta name=\"twitter:label1\" content=\"Gesch\u00e4tzte Lesezeit\" \/>\n\t<meta name=\"twitter:data1\" content=\"4\u00a0Minuten\" \/>\n<script type=\"application\/ld+json\" class=\"yoast-schema-graph\">{\"@context\":\"https:\\\/\\\/schema.org\",\"@graph\":[{\"@type\":\"WebPage\",\"@id\":\"https:\\\/\\\/www.palletcontroltower.eu\\\/duurzaamheid\\\/poolen-is-duurzaam\\\/\",\"url\":\"https:\\\/\\\/www.palletcontroltower.eu\\\/duurzaamheid\\\/poolen-is-duurzaam\\\/\",\"name\":\"Poolen is duurzaam - Pallet Control Tower\",\"isPartOf\":{\"@id\":\"https:\\\/\\\/www.palletcontroltower.eu\\\/#website\"},\"primaryImageOfPage\":{\"@id\":\"https:\\\/\\\/www.palletcontroltower.eu\\\/duurzaamheid\\\/poolen-is-duurzaam\\\/#primaryimage\"},\"image\":{\"@id\":\"https:\\\/\\\/www.palletcontroltower.eu\\\/duurzaamheid\\\/poolen-is-duurzaam\\\/#primaryimage\"},\"thumbnailUrl\":\"https:\\\/\\\/www.palletcontroltower.eu\\\/wp-content\\\/uploads\\\/2025\\\/05\\\/eur_pallet.jpg\",\"datePublished\":\"2023-11-22T08:02:12+00:00\",\"dateModified\":\"2026-01-30T09:41:33+00:00\",\"description\":\"Palletpooling is een duurzame oplossing voor palletmanagement ingegeven door de nieuwe PPWD uit Brussel. PCT Online voldoet hieraan.\",\"breadcrumb\":{\"@id\":\"https:\\\/\\\/www.palletcontroltower.eu\\\/duurzaamheid\\\/poolen-is-duurzaam\\\/#breadcrumb\"},\"inLanguage\":\"de\",\"potentialAction\":[{\"@type\":\"ReadAction\",\"target\":[\"https:\\\/\\\/www.palletcontroltower.eu\\\/duurzaamheid\\\/poolen-is-duurzaam\\\/\"]}]},{\"@type\":\"ImageObject\",\"inLanguage\":\"de\",\"@id\":\"https:\\\/\\\/www.palletcontroltower.eu\\\/duurzaamheid\\\/poolen-is-duurzaam\\\/#primaryimage\",\"url\":\"https:\\\/\\\/www.palletcontroltower.eu\\\/wp-content\\\/uploads\\\/2025\\\/05\\\/eur_pallet.jpg\",\"contentUrl\":\"https:\\\/\\\/www.palletcontroltower.eu\\\/wp-content\\\/uploads\\\/2025\\\/05\\\/eur_pallet.jpg\"},{\"@type\":\"BreadcrumbList\",\"@id\":\"https:\\\/\\\/www.palletcontroltower.eu\\\/duurzaamheid\\\/poolen-is-duurzaam\\\/#breadcrumb\",\"itemListElement\":[{\"@type\":\"ListItem\",\"position\":1,\"name\":\"Home\",\"item\":\"https:\\\/\\\/www.palletcontroltower.eu\\\/\"},{\"@type\":\"ListItem\",\"position\":2,\"name\":\"Duurzaamheid\",\"item\":\"https:\\\/\\\/www.palletcontroltower.eu\\\/pl\\\/duurzaamheid\\\/\"},{\"@type\":\"ListItem\",\"position\":3,\"name\":\"Poolen is duurzaam\"}]},{\"@type\":\"WebSite\",\"@id\":\"https:\\\/\\\/www.palletcontroltower.eu\\\/#website\",\"url\":\"https:\\\/\\\/www.palletcontroltower.eu\\\/\",\"name\":\"Pallet Control Tower\",\"description\":\"\",\"publisher\":{\"@id\":\"https:\\\/\\\/www.palletcontroltower.eu\\\/#organization\"},\"potentialAction\":[{\"@type\":\"SearchAction\",\"target\":{\"@type\":\"EntryPoint\",\"urlTemplate\":\"https:\\\/\\\/www.palletcontroltower.eu\\\/?s={search_term_string}\"},\"query-input\":{\"@type\":\"PropertyValueSpecification\",\"valueRequired\":true,\"valueName\":\"search_term_string\"}}],\"inLanguage\":\"de\"},{\"@type\":\"Organization\",\"@id\":\"https:\\\/\\\/www.palletcontroltower.eu\\\/#organization\",\"name\":\"Pallet Control Tower\",\"url\":\"https:\\\/\\\/www.palletcontroltower.eu\\\/\",\"logo\":{\"@type\":\"ImageObject\",\"inLanguage\":\"de\",\"@id\":\"https:\\\/\\\/www.palletcontroltower.eu\\\/#\\\/schema\\\/logo\\\/image\\\/\",\"url\":\"https:\\\/\\\/www.palletcontroltower.eu\\\/wp-content\\\/uploads\\\/2023\\\/10\\\/logo.svg\",\"contentUrl\":\"https:\\\/\\\/www.palletcontroltower.eu\\\/wp-content\\\/uploads\\\/2023\\\/10\\\/logo.svg\",\"width\":290,\"height\":87,\"caption\":\"Pallet Control Tower\"},\"image\":{\"@id\":\"https:\\\/\\\/www.palletcontroltower.eu\\\/#\\\/schema\\\/logo\\\/image\\\/\"}}]}<\/script>\n<!-- \/ Yoast SEO plugin. -->","yoast_head_json":{"title":"Pooling ist nachhaltig - Pallet Control Tower","description":"Palettenpooling ist eine nachhaltige L\u00f6sung f\u00fcr das Palettenmanagement, die durch die neue PPWD aus Br\u00fcssel angeregt wurde. PCT Online erf\u00fcllt diese Anforderungen.","robots":{"index":"index","follow":"follow","max-snippet":"max-snippet:-1","max-image-preview":"max-image-preview:large","max-video-preview":"max-video-preview:-1"},"canonical":"https:\/\/www.palletcontroltower.eu\/de\/nachhaltigkeit\/pooling-ist-nachhaltig\/","og_locale":"de_DE","og_type":"article","og_title":"Poolen is duurzaam - Pallet Control Tower","og_description":"Palletpooling is een duurzame oplossing voor palletmanagement ingegeven door de nieuwe PPWD uit Brussel. PCT Online voldoet hieraan.","og_url":"https:\/\/www.palletcontroltower.eu\/de\/nachhaltigkeit\/pooling-ist-nachhaltig\/","og_site_name":"Pallet Control Tower","article_modified_time":"2026-01-30T09:41:33+00:00","og_image":[{"width":1000,"height":671,"url":"https:\/\/www.palletcontroltower.eu\/wp-content\/uploads\/2025\/05\/eur_pallet.jpg","type":"image\/jpeg"}],"twitter_card":"summary_large_image","twitter_misc":{"Gesch\u00e4tzte Lesezeit":"4\u00a0Minuten"},"schema":{"@context":"https:\/\/schema.org","@graph":[{"@type":"WebPage","@id":"https:\/\/www.palletcontroltower.eu\/duurzaamheid\/poolen-is-duurzaam\/","url":"https:\/\/www.palletcontroltower.eu\/duurzaamheid\/poolen-is-duurzaam\/","name":"Pooling ist nachhaltig - Pallet Control Tower","isPartOf":{"@id":"https:\/\/www.palletcontroltower.eu\/#website"},"primaryImageOfPage":{"@id":"https:\/\/www.palletcontroltower.eu\/duurzaamheid\/poolen-is-duurzaam\/#primaryimage"},"image":{"@id":"https:\/\/www.palletcontroltower.eu\/duurzaamheid\/poolen-is-duurzaam\/#primaryimage"},"thumbnailUrl":"https:\/\/www.palletcontroltower.eu\/wp-content\/uploads\/2025\/05\/eur_pallet.jpg","datePublished":"2023-11-22T08:02:12+00:00","dateModified":"2026-01-30T09:41:33+00:00","description":"Palettenpooling ist eine nachhaltige L\u00f6sung f\u00fcr das Palettenmanagement, die durch die neue PPWD aus Br\u00fcssel angeregt wurde. PCT Online erf\u00fcllt diese Anforderungen.","breadcrumb":{"@id":"https:\/\/www.palletcontroltower.eu\/duurzaamheid\/poolen-is-duurzaam\/#breadcrumb"},"inLanguage":"de","potentialAction":[{"@type":"ReadAction","target":["https:\/\/www.palletcontroltower.eu\/duurzaamheid\/poolen-is-duurzaam\/"]}]},{"@type":"ImageObject","inLanguage":"de","@id":"https:\/\/www.palletcontroltower.eu\/duurzaamheid\/poolen-is-duurzaam\/#primaryimage","url":"https:\/\/www.palletcontroltower.eu\/wp-content\/uploads\/2025\/05\/eur_pallet.jpg","contentUrl":"https:\/\/www.palletcontroltower.eu\/wp-content\/uploads\/2025\/05\/eur_pallet.jpg"},{"@type":"BreadcrumbList","@id":"https:\/\/www.palletcontroltower.eu\/duurzaamheid\/poolen-is-duurzaam\/#breadcrumb","itemListElement":[{"@type":"ListItem","position":1,"name":"Home","item":"https:\/\/www.palletcontroltower.eu\/"},{"@type":"ListItem","position":2,"name":"Duurzaamheid","item":"https:\/\/www.palletcontroltower.eu\/pl\/duurzaamheid\/"},{"@type":"ListItem","position":3,"name":"Poolen is duurzaam"}]},{"@type":"WebSite","@id":"https:\/\/www.palletcontroltower.eu\/#website","url":"https:\/\/www.palletcontroltower.eu\/","name":"Palettenkontrollturm","description":"","publisher":{"@id":"https:\/\/www.palletcontroltower.eu\/#organization"},"potentialAction":[{"@type":"SearchAction","target":{"@type":"EntryPoint","urlTemplate":"https:\/\/www.palletcontroltower.eu\/?s={search_term_string}"},"query-input":{"@type":"PropertyValueSpecification","valueRequired":true,"valueName":"search_term_string"}}],"inLanguage":"de"},{"@type":"Organization","@id":"https:\/\/www.palletcontroltower.eu\/#organization","name":"Palettenkontrollturm","url":"https:\/\/www.palletcontroltower.eu\/","logo":{"@type":"ImageObject","inLanguage":"de","@id":"https:\/\/www.palletcontroltower.eu\/#\/schema\/logo\/image\/","url":"https:\/\/www.palletcontroltower.eu\/wp-content\/uploads\/2023\/10\/logo.svg","contentUrl":"https:\/\/www.palletcontroltower.eu\/wp-content\/uploads\/2023\/10\/logo.svg","width":290,"height":87,"caption":"Pallet Control Tower"},"image":{"@id":"https:\/\/www.palletcontroltower.eu\/#\/schema\/logo\/image\/"}}]}},"_links":{"self":[{"href":"https:\/\/www.palletcontroltower.eu\/de\/wp-json\/wp\/v2\/pages\/42","targetHints":{"allow":["GET"]}}],"collection":[{"href":"https:\/\/www.palletcontroltower.eu\/de\/wp-json\/wp\/v2\/pages"}],"about":[{"href":"https:\/\/www.palletcontroltower.eu\/de\/wp-json\/wp\/v2\/types\/page"}],"author":[{"embeddable":true,"href":"https:\/\/www.palletcontroltower.eu\/de\/wp-json\/wp\/v2\/users\/1"}],"replies":[{"embeddable":true,"href":"https:\/\/www.palletcontroltower.eu\/de\/wp-json\/wp\/v2\/comments?post=42"}],"version-history":[{"count":36,"href":"https:\/\/www.palletcontroltower.eu\/de\/wp-json\/wp\/v2\/pages\/42\/revisions"}],"predecessor-version":[{"id":1228,"href":"https:\/\/www.palletcontroltower.eu\/de\/wp-json\/wp\/v2\/pages\/42\/revisions\/1228"}],"up":[{"embeddable":true,"href":"https:\/\/www.palletcontroltower.eu\/de\/wp-json\/wp\/v2\/pages\/40"}],"wp:attachment":[{"href":"https:\/\/www.palletcontroltower.eu\/de\/wp-json\/wp\/v2\/media?parent=42"}],"curies":[{"name":"wp","href":"https:\/\/api.w.org\/{rel}","templated":true}]}}