{"id":1175,"date":"2024-01-17T07:59:51","date_gmt":"2024-01-17T07:59:51","guid":{"rendered":"https:\/\/www.palletcontroltower.eu\/?page_id=1175"},"modified":"2024-01-22T12:59:29","modified_gmt":"2024-01-22T12:59:29","slug":"gestor-de-cuentas","status":"publish","type":"page","link":"https:\/\/www.palletcontroltower.eu\/es\/vacatures\/accountmanager\/","title":{"rendered":"Gestor de cuentas varios pa\u00edses europeos - jornada completa \/ media jornada"},"content":{"rendered":"<p><strong>\u00bfTiene varios a\u00f1os de experiencia en log\u00edstica y\/o comercio internacional y le gustar\u00eda dar el siguiente paso en su carrera?<\/strong><\/p>\n\n\n\n<p>Aproveche ahora la oportunidad de seguir creciendo con nosotros como gestor de cuentas en una de nuestras regiones operativas europeas:<\/p>\n\n\n\n<ul class=\"wp-block-list\">\n<li>Pa\u00edses Bajos, B\u00e9lgica, Luxemburgo,<\/li>\n\n\n\n<li>Alemania, Austria, Suiza,<\/li>\n\n\n\n<li>Gran Breta\u00f1a<\/li>\n\n\n\n<li>Francia<\/li>\n\n\n\n<li>Espa\u00f1a y Portugal<\/li>\n\n\n\n<li>Italia<\/li>\n\n\n\n<li>Dinamarca, Noruega, Suecia, Finaland<\/li>\n\n\n\n<li>Estonia, Letonia, Lituania y Polonia,<\/li>\n\n\n\n<li>Rep\u00fablica Checa, Eslovaquia, Hungr\u00eda y Ruman\u00eda,<\/li>\n\n\n\n<li>Serbia, Montenegro, Bulgaria, Grecia<\/li>\n<\/ul>\n\n\n\n<h3 class=\"wp-block-heading\"><strong>\u00bfQui\u00e9n es la Torre de Control de Pal\u00e9s (TCP)?<\/strong><\/h3>\n\n\n\n<p>Somos una empresa internacional que trabaja en el sector de los europalets y otros \"art\u00edculos de transporte retornables\". Hemos desarrollado una plataforma online 24\/7 donde la compra y venta de Europalets es m\u00e1s r\u00e1pida, f\u00e1cil, inteligente y sostenible que a trav\u00e9s de los m\u00e9todos tradicionales. Nuestros clientes se encuentran tanto en Europa como en Am\u00e9rica\/Canad\u00e1 y Asia. Puede contar con un trabajo lleno de variedad y desaf\u00edos.<\/p>\n\n\n\n<p>Como gestor de cuentas, trabajar\u00e1 en estrecha colaboraci\u00f3n con nuestro Director General, los dem\u00e1s gestores de cuentas europeos y nuestros clientes. La log\u00edstica internacional y el comercio de pal\u00e9s es un sector din\u00e1mico y lleno de retos. Usted lo sabe mejor que nadie. Por ello, viajar\u00e1 mucho para visitar a nuestros clientes y clientes potenciales. Est\u00e1 orientado a la b\u00fasqueda de soluciones y tiene un gran sentido comercial. Si tiene entusiasmo y curiosidad por este puesto, \u00a1siga leyendo r\u00e1pidamente!<\/p>\n\n\n\n<h3 class=\"wp-block-heading\"><strong>\u00bfQu\u00e9 le ofrecemos?<\/strong><\/h3>\n\n\n\n<ul class=\"wp-block-list\">\n<li>Un trabajo estimulante en una empresa cordial y en crecimiento<\/li>\n\n\n\n<li>Independencia con amplio margen para hacer tu propio horario diario<\/li>\n\n\n\n<li>Instalaci\u00f3n completa de una oficina en casa<\/li>\n\n\n\n<li>Salario competitivo, siendo la experiencia relevante un punto importante.<\/li>\n\n\n\n<li>Alquiler de coche, IPad y tel\u00e9fono m\u00f3vil<\/li>\n\n\n\n<li>25 d\u00edas libres y la posibilidad de comprar d\u00edas adicionales<\/li>\n\n\n\n<li>Sistema de primas<\/li>\n<\/ul>\n\n\n\n<h3 class=\"wp-block-heading\"><strong>\u00bfA qui\u00e9n buscamos?<\/strong><\/h3>\n\n\n\n<p>Eres pr\u00e1ctico, lleno de energ\u00eda y te gusta tomar la iniciativa. Es activo, comprometido y tiene esp\u00edritu emprendedor. Da por sentadas las llamadas telef\u00f3nicas y el contacto directo con el cliente. Aunque trabajar de forma independiente no es un problema, eres capaz de funcionar excelentemente en equipo y eres sociable.<\/p>\n\n\n\n<ul class=\"wp-block-list\">\n<li>Vive en uno de los pa\u00edses y est\u00e1 dispuesto a viajar una parte importante (&gt; 50%) de su tiempo<\/li>\n\n\n\n<li>Trabajar\u00e1s desde casa y peri\u00f3dicamente te veremos en la sede central en los Pa\u00edses Bajos.<\/li>\n\n\n\n<li>Pragmatismo, proactividad y orientaci\u00f3n a las soluciones<\/li>\n\n\n\n<li>Experiencia en comercio internacional y\/o log\u00edstica<\/li>\n\n\n\n<li>Formaci\u00f3n a nivel MBO+\/HBO<\/li>\n\n\n\n<li>Hablas y escribes ingl\u00e9s y tu propio idioma a un nivel profesional<\/li>\n\n\n\n<li>Se valorar\u00e1 el conocimiento de otros idiomas<\/li>\n\n\n\n<li>Trabajamos con HubSpot y Office 365, entre otros<\/li>\n<\/ul>\n\n\n\n<p>Se trata de un puesto a tiempo completo (40 horas semanales); es posible un puesto a tiempo parcial de mutuo acuerdo.<\/p>\n\n\n\n<h3 class=\"wp-block-heading\"><strong>Aplicaci\u00f3n<\/strong><\/h3>\n\n\n\n<p>\u00a1A\u00fan emocionado! Te entendemos. Entonces escriba su carta de presentaci\u00f3n y<br>Env\u00edelo junto con su CV a Bart Meijnen \uf0e0 info@palletcontroltower.eu. Tambi\u00e9n puede enviarle un correo electr\u00f3nico o llamarle por tel\u00e9fono si tiene preguntas o desea m\u00e1s informaci\u00f3n: +31 620530869.<\/p>\n\n\n\n<p><em>La adquisici\u00f3n en respuesta a esta posici\u00f3n no es apreciada.<\/em><\/p>","protected":false},"excerpt":{"rendered":"<p>U heeft meerdere jaren ervaring in de logistieke sector en\/of internationale handel en u zou graag een volgende stap in uw carri\u00e8re willen zetten? Grijp dan nu uw kans om verder te groeien bij ons als account manager in een van onze Europese werkgebieden: Wie is Pallet Control Tower (PCT)? Wij zijn een internationaal bedrijf [&hellip;]<\/p>\n","protected":false},"author":3,"featured_media":0,"parent":70,"menu_order":0,"comment_status":"closed","ping_status":"closed","template":"","meta":{"footnotes":""},"class_list":["post-1175","page","type-page","status-publish","hentry"],"yoast_head":"<!-- This site is optimized with the Yoast SEO plugin v27.3 - https:\/\/yoast.com\/product\/yoast-seo-wordpress\/ -->\n<title>Account manager diverse Europese landen \u2013 fulltime \/ parttime - Pallet Control Tower<\/title>\n<meta name=\"description\" content=\"Pallet Control Tower is op zoek naar een ervaren account manager, internationale handel of supply chain, voor een van onze werkgebieden\" \/>\n<meta name=\"robots\" content=\"index, follow, max-snippet:-1, max-image-preview:large, max-video-preview:-1\" \/>\n<link rel=\"canonical\" href=\"https:\/\/www.palletcontroltower.eu\/es\/vacantes\/ejemplo-vacante-1\/\" \/>\n<meta property=\"og:locale\" content=\"es_ES\" \/>\n<meta property=\"og:type\" content=\"article\" \/>\n<meta property=\"og:title\" content=\"Account manager diverse Europese landen \u2013 fulltime \/ parttime - Pallet Control Tower\" \/>\n<meta property=\"og:description\" content=\"Pallet Control Tower is op zoek naar een ervaren account manager, internationale handel of supply chain, voor een van onze werkgebieden\" \/>\n<meta property=\"og:url\" content=\"https:\/\/www.palletcontroltower.eu\/es\/vacantes\/ejemplo-vacante-1\/\" \/>\n<meta property=\"og:site_name\" content=\"Pallet Control Tower\" \/>\n<meta property=\"article:modified_time\" content=\"2024-01-22T12:59:29+00:00\" \/>\n<meta name=\"twitter:card\" content=\"summary_large_image\" \/>\n<meta name=\"twitter:label1\" content=\"Tiempo de lectura\" \/>\n\t<meta name=\"twitter:data1\" content=\"3 minutos\" \/>\n<script type=\"application\/ld+json\" class=\"yoast-schema-graph\">{\"@context\":\"https:\\\/\\\/schema.org\",\"@graph\":[{\"@type\":\"WebPage\",\"@id\":\"https:\\\/\\\/www.palletcontroltower.eu\\\/hu\\\/allasajanlatok\\\/pelda-ures-allashely-1\\\/\",\"url\":\"https:\\\/\\\/www.palletcontroltower.eu\\\/hu\\\/allasajanlatok\\\/pelda-ures-allashely-1\\\/\",\"name\":\"Account manager diverse Europese landen \u2013 fulltime \\\/ parttime - Pallet Control Tower\",\"isPartOf\":{\"@id\":\"https:\\\/\\\/www.palletcontroltower.eu\\\/#website\"},\"datePublished\":\"2024-01-17T07:59:51+00:00\",\"dateModified\":\"2024-01-22T12:59:29+00:00\",\"description\":\"Pallet Control Tower is op zoek naar een ervaren account manager, internationale handel of supply chain, voor een van onze werkgebieden\",\"breadcrumb\":{\"@id\":\"https:\\\/\\\/www.palletcontroltower.eu\\\/hu\\\/allasajanlatok\\\/pelda-ures-allashely-1\\\/#breadcrumb\"},\"inLanguage\":\"es\",\"potentialAction\":[{\"@type\":\"ReadAction\",\"target\":[\"https:\\\/\\\/www.palletcontroltower.eu\\\/hu\\\/allasajanlatok\\\/pelda-ures-allashely-1\\\/\"]}]},{\"@type\":\"BreadcrumbList\",\"@id\":\"https:\\\/\\\/www.palletcontroltower.eu\\\/hu\\\/allasajanlatok\\\/pelda-ures-allashely-1\\\/#breadcrumb\",\"itemListElement\":[{\"@type\":\"ListItem\",\"position\":1,\"name\":\"Home\",\"item\":\"https:\\\/\\\/www.palletcontroltower.eu\\\/\"},{\"@type\":\"ListItem\",\"position\":2,\"name\":\"Vacatures\",\"item\":\"https:\\\/\\\/www.palletcontroltower.eu\\\/vacatures\\\/\"},{\"@type\":\"ListItem\",\"position\":3,\"name\":\"Account manager diverse Europese landen \u2013 fulltime \\\/ parttime\"}]},{\"@type\":\"WebSite\",\"@id\":\"https:\\\/\\\/www.palletcontroltower.eu\\\/#website\",\"url\":\"https:\\\/\\\/www.palletcontroltower.eu\\\/\",\"name\":\"Pallet Control Tower\",\"description\":\"\",\"publisher\":{\"@id\":\"https:\\\/\\\/www.palletcontroltower.eu\\\/#organization\"},\"potentialAction\":[{\"@type\":\"SearchAction\",\"target\":{\"@type\":\"EntryPoint\",\"urlTemplate\":\"https:\\\/\\\/www.palletcontroltower.eu\\\/?s={search_term_string}\"},\"query-input\":{\"@type\":\"PropertyValueSpecification\",\"valueRequired\":true,\"valueName\":\"search_term_string\"}}],\"inLanguage\":\"es\"},{\"@type\":\"Organization\",\"@id\":\"https:\\\/\\\/www.palletcontroltower.eu\\\/#organization\",\"name\":\"Pallet Control Tower\",\"url\":\"https:\\\/\\\/www.palletcontroltower.eu\\\/\",\"logo\":{\"@type\":\"ImageObject\",\"inLanguage\":\"es\",\"@id\":\"https:\\\/\\\/www.palletcontroltower.eu\\\/#\\\/schema\\\/logo\\\/image\\\/\",\"url\":\"https:\\\/\\\/www.palletcontroltower.eu\\\/wp-content\\\/uploads\\\/2023\\\/10\\\/logo.svg\",\"contentUrl\":\"https:\\\/\\\/www.palletcontroltower.eu\\\/wp-content\\\/uploads\\\/2023\\\/10\\\/logo.svg\",\"width\":290,\"height\":87,\"caption\":\"Pallet Control Tower\"},\"image\":{\"@id\":\"https:\\\/\\\/www.palletcontroltower.eu\\\/#\\\/schema\\\/logo\\\/image\\\/\"}}]}<\/script>\n<!-- \/ Yoast SEO plugin. -->","yoast_head_json":{"title":"Gestor de cuentas varios pa\u00edses europeos - jornada completa \/ media jornada - Pallet Control Tower","description":"Pallet Control Tower busca un gestor de cuentas con experiencia, comercio internacional o cadena de suministro, para una de nuestras \u00e1reas de actividad.","robots":{"index":"index","follow":"follow","max-snippet":"max-snippet:-1","max-image-preview":"max-image-preview:large","max-video-preview":"max-video-preview:-1"},"canonical":"https:\/\/www.palletcontroltower.eu\/es\/vacantes\/ejemplo-vacante-1\/","og_locale":"es_ES","og_type":"article","og_title":"Account manager diverse Europese landen \u2013 fulltime \/ parttime - Pallet Control Tower","og_description":"Pallet Control Tower is op zoek naar een ervaren account manager, internationale handel of supply chain, voor een van onze werkgebieden","og_url":"https:\/\/www.palletcontroltower.eu\/es\/vacantes\/ejemplo-vacante-1\/","og_site_name":"Pallet Control Tower","article_modified_time":"2024-01-22T12:59:29+00:00","twitter_card":"summary_large_image","twitter_misc":{"Tiempo de lectura":"3 minutos"},"schema":{"@context":"https:\/\/schema.org","@graph":[{"@type":"WebPage","@id":"https:\/\/www.palletcontroltower.eu\/hu\/allasajanlatok\/pelda-ures-allashely-1\/","url":"https:\/\/www.palletcontroltower.eu\/hu\/allasajanlatok\/pelda-ures-allashely-1\/","name":"Gestor de cuentas varios pa\u00edses europeos - jornada completa \/ media jornada - Pallet Control Tower","isPartOf":{"@id":"https:\/\/www.palletcontroltower.eu\/#website"},"datePublished":"2024-01-17T07:59:51+00:00","dateModified":"2024-01-22T12:59:29+00:00","description":"Pallet Control Tower busca un gestor de cuentas con experiencia, comercio internacional o cadena de suministro, para una de nuestras \u00e1reas de actividad.","breadcrumb":{"@id":"https:\/\/www.palletcontroltower.eu\/hu\/allasajanlatok\/pelda-ures-allashely-1\/#breadcrumb"},"inLanguage":"es","potentialAction":[{"@type":"ReadAction","target":["https:\/\/www.palletcontroltower.eu\/hu\/allasajanlatok\/pelda-ures-allashely-1\/"]}]},{"@type":"BreadcrumbList","@id":"https:\/\/www.palletcontroltower.eu\/hu\/allasajanlatok\/pelda-ures-allashely-1\/#breadcrumb","itemListElement":[{"@type":"ListItem","position":1,"name":"Home","item":"https:\/\/www.palletcontroltower.eu\/"},{"@type":"ListItem","position":2,"name":"Vacatures","item":"https:\/\/www.palletcontroltower.eu\/vacatures\/"},{"@type":"ListItem","position":3,"name":"Account manager diverse Europese landen \u2013 fulltime \/ parttime"}]},{"@type":"WebSite","@id":"https:\/\/www.palletcontroltower.eu\/#website","url":"https:\/\/www.palletcontroltower.eu\/","name":"Torre de control de pal\u00e9s","description":"","publisher":{"@id":"https:\/\/www.palletcontroltower.eu\/#organization"},"potentialAction":[{"@type":"SearchAction","target":{"@type":"EntryPoint","urlTemplate":"https:\/\/www.palletcontroltower.eu\/?s={search_term_string}"},"query-input":{"@type":"PropertyValueSpecification","valueRequired":true,"valueName":"search_term_string"}}],"inLanguage":"es"},{"@type":"Organization","@id":"https:\/\/www.palletcontroltower.eu\/#organization","name":"Torre de control de pal\u00e9s","url":"https:\/\/www.palletcontroltower.eu\/","logo":{"@type":"ImageObject","inLanguage":"es","@id":"https:\/\/www.palletcontroltower.eu\/#\/schema\/logo\/image\/","url":"https:\/\/www.palletcontroltower.eu\/wp-content\/uploads\/2023\/10\/logo.svg","contentUrl":"https:\/\/www.palletcontroltower.eu\/wp-content\/uploads\/2023\/10\/logo.svg","width":290,"height":87,"caption":"Pallet Control Tower"},"image":{"@id":"https:\/\/www.palletcontroltower.eu\/#\/schema\/logo\/image\/"}}]}},"_links":{"self":[{"href":"https:\/\/www.palletcontroltower.eu\/es\/wp-json\/wp\/v2\/pages\/1175","targetHints":{"allow":["GET"]}}],"collection":[{"href":"https:\/\/www.palletcontroltower.eu\/es\/wp-json\/wp\/v2\/pages"}],"about":[{"href":"https:\/\/www.palletcontroltower.eu\/es\/wp-json\/wp\/v2\/types\/page"}],"author":[{"embeddable":true,"href":"https:\/\/www.palletcontroltower.eu\/es\/wp-json\/wp\/v2\/users\/3"}],"replies":[{"embeddable":true,"href":"https:\/\/www.palletcontroltower.eu\/es\/wp-json\/wp\/v2\/comments?post=1175"}],"version-history":[{"count":3,"href":"https:\/\/www.palletcontroltower.eu\/es\/wp-json\/wp\/v2\/pages\/1175\/revisions"}],"predecessor-version":[{"id":1196,"href":"https:\/\/www.palletcontroltower.eu\/es\/wp-json\/wp\/v2\/pages\/1175\/revisions\/1196"}],"up":[{"embeddable":true,"href":"https:\/\/www.palletcontroltower.eu\/es\/wp-json\/wp\/v2\/pages\/70"}],"wp:attachment":[{"href":"https:\/\/www.palletcontroltower.eu\/es\/wp-json\/wp\/v2\/media?parent=1175"}],"curies":[{"name":"wp","href":"https:\/\/api.w.org\/{rel}","templated":true}]}}