{"id":27,"date":"2023-11-22T08:00:10","date_gmt":"2023-11-22T08:00:10","guid":{"rendered":"http:\/\/www.palletcontroltower.eu\/?page_id=27"},"modified":"2026-02-12T12:55:03","modified_gmt":"2026-02-12T12:55:03","slug":"aumenta-la-eficacia","status":"publish","type":"page","link":"https:\/\/www.palletcontroltower.eu\/es\/mijn-voordeel\/vergroot-de-efficientie\/","title":{"rendered":"Evitar tensiones en los pal\u00e9s"},"content":{"rendered":"<div class=\"wp-block-columns is-layout-flex wp-container-core-columns-is-layout-28f84493 wp-block-columns-is-layout-flex\">\n<div class=\"wp-block-column is-layout-flow wp-block-column-is-layout-flow\">\n<h2 class=\"wp-block-heading\">En l\u00ednea, trazable y rentable<\/h2>\n\n\n\n<p>PCT Online - el est\u00e1ndar y la plataforma europea en pooling abierto. Collection, Delivery &amp; Matching para europalets (UIC\/EUR - EPAL) europalets y otros transportistas RTI evita el estr\u00e9s de los palets. Una plataforma automatizada 24\/7 de compra, venta e intercambio virtual, vinculada a la EUWID, que garantiza una materializaci\u00f3n justa de los flujos de pal\u00e9s entre compradores y proveedores. El sistema \u2018en la nube\u2019, basado en cuentas de empresa, est\u00e1 abierto a todas las partes log\u00edsticas implicadas y es f\u00e1cilmente accesible. Puede conectarse a los sistemas ERP, VMS y WMS m\u00e1s comunes. Los pedidos de pal\u00e9s nuevos o usados se realizan a varios almacenes de pal\u00e9s o proveedores preferentes. Basta con elegir la soluci\u00f3n m\u00e1s econ\u00f3mica o m\u00e1s sostenible. Liquidaci\u00f3n a trav\u00e9s del e-Credit sin IVA; nuestra unidad de liquidaci\u00f3n para Europa y el mundo. Esto s\u00ed que es una gesti\u00f3n eficaz de pal\u00e9s: la forma m\u00e1s f\u00e1cil.<\/p>\n\n\n\n<p>El sistema cuenta con la aprobaci\u00f3n de las principales asociaciones industriales europeas y la mayor\u00eda de los dep\u00f3sitos de pal\u00e9s europeos est\u00e1n conectados. Tambi\u00e9n se est\u00e1n sumando cada vez m\u00e1s asi\u00e1ticos, estadounidenses y canadienses. <\/p>\n\n\n\n<div class=\"wp-block-buttons is-layout-flex wp-block-buttons-is-layout-flex\">\n<div class=\"wp-block-button\"><a class=\"wp-block-button__link has-white-color has-green-background-color has-text-color has-background has-link-color wp-element-button\" href=\"https:\/\/portal.pct-online.eu\/register\" target=\"_blank\" rel=\"noreferrer noopener\">Activar su cuenta<\/a><\/div>\n<\/div>\n<\/div>\n<\/div>\n\n\n\n<div class=\"wp-block-columns are-vertically-aligned-top is-layout-flex wp-container-core-columns-is-layout-28f84493 wp-block-columns-is-layout-flex\">\n<div class=\"wp-block-column is-vertically-aligned-top is-layout-flow wp-block-column-is-layout-flow\">\n<blockquote class=\"wp-block-quote is-layout-flow wp-block-quote-is-layout-flow\">\n<h2 class=\"wp-block-heading\">\u00bfQu\u00e9 ofrece? <\/h2>\n\n\n\n<ul class=\"wp-block-list\">\n<li>La paleta adecuada en el lugar adecuado<\/li>\n\n\n\n<li>Reducci\u00f3n de errores y conflictos&nbsp;<\/li>\n\n\n\n<li>Ganancia de tiempo y calidad&nbsp;<\/li>\n\n\n\n<li>El precio \u00f3ptimo: oferta y demanda&nbsp;<\/li>\n\n\n\n<li>Usuario de paletas con mejor margen&nbsp;<\/li>\n\n\n\n<li>Sostenible\/responsable con el medio ambiente<\/li>\n\n\n\n<li>Optimizaci\u00f3n de la cadena log\u00edstica de pal\u00e9s<\/li>\n<\/ul>\n<\/blockquote>\n<\/div>\n\n\n\n<div class=\"wp-block-column is-vertically-aligned-top is-layout-flow wp-block-column-is-layout-flow\">\n<h2 class=\"wp-block-heading\">Los 7 pilares de PCT Online<\/h2>\n\n\n\n<ul class=\"wp-block-list\">\n<li>Comprar, vender, intercambiar virtualmente en un clic<\/li>\n\n\n\n<li>Acuerdos claros registrados gracias al \"registro<\/li>\n\n\n\n<li>Enlace EUWID garantiza el valor razonable<\/li>\n\n\n\n<li>De lo unidireccional a lo multidireccional &gt; 100% circular<\/li>\n\n\n\n<li>Se acabaron los tiempos de espera para los conductores<\/li>\n\n\n\n<li>Una unidad de liquidaci\u00f3n para todas las partes <\/li>\n\n\n\n<li>Compatible con todos los sistemas habituales<\/li>\n<\/ul>\n<\/div>\n<\/div>\n\n\n\n<hr class=\"wp-block-separator has-alpha-channel-opacity\"\/>\n\n\n\n<blockquote class=\"wp-block-quote is-layout-flow wp-block-quote-is-layout-flow\">\n<p class=\"has-text-align-center\">Evite el estr\u00e9s en los pal\u00e9s Pallet Control Tower es el est\u00e1ndar europeo y la plataforma de recogida y entrega por correspondencia para europalets y, por lo dem\u00e1s, ATR. Facilitamos la puesta en com\u00fan abierta de la A a la Z. Y hacemos que la log\u00edstica de pal\u00e9s vuelva a ser manejable. &nbsp;<\/p>\n<\/blockquote>\n\n\n\n<hr class=\"wp-block-separator has-alpha-channel-opacity\"\/>\n\n\n\n<figure class=\"wp-block-image size-full is-style-default\"><img fetchpriority=\"high\" decoding=\"async\" width=\"1600\" height=\"1066\" src=\"http:\/\/www.palletcontroltower.eu\/wp-content\/uploads\/2023\/11\/palletcontroltower-2.jpg\" alt=\"\" class=\"wp-image-207\" style=\"aspect-ratio:16\/9;object-fit:cover\" srcset=\"https:\/\/www.palletcontroltower.eu\/wp-content\/uploads\/2023\/11\/palletcontroltower-2.jpg 1600w, https:\/\/www.palletcontroltower.eu\/wp-content\/uploads\/2023\/11\/palletcontroltower-2-300x200.jpg 300w, https:\/\/www.palletcontroltower.eu\/wp-content\/uploads\/2023\/11\/palletcontroltower-2-1024x682.jpg 1024w, https:\/\/www.palletcontroltower.eu\/wp-content\/uploads\/2023\/11\/palletcontroltower-2-768x512.jpg 768w, https:\/\/www.palletcontroltower.eu\/wp-content\/uploads\/2023\/11\/palletcontroltower-2-1536x1023.jpg 1536w\" sizes=\"(max-width: 1600px) 100vw, 1600px\" \/><\/figure>\n\n\n\n<hr class=\"wp-block-separator has-alpha-channel-opacity\"\/>\n\n\n\n<div class=\"wp-block-columns is-layout-flex wp-container-core-columns-is-layout-28f84493 wp-block-columns-is-layout-flex\"><\/div>","protected":false},"excerpt":{"rendered":"<p>Online, traceerbaar, kosteneffectief PCT Online &#8211; de Europese standaard &amp; platform in open pooling. Collection, Delivery &amp; Matching voor Europallets (UIC\/EUR &#8211; EPAL) europallets en andere RTI-dragers voorkomt palletstress. Een geautomatiseerd 24\/7 platform voor koop, verkoop en virtueel ruilen, gekoppeld aan de EUWID, dat zorgt voor een eerlijke materialisatie van palletstromen tussen afnemers en leveranciers. [&hellip;]<\/p>\n","protected":false},"author":1,"featured_media":0,"parent":25,"menu_order":1,"comment_status":"closed","ping_status":"closed","template":"","meta":{"footnotes":""},"class_list":["post-27","page","type-page","status-publish","hentry"],"yoast_head":"<!-- This site is optimized with the Yoast SEO plugin v27.3 - https:\/\/yoast.com\/product\/yoast-seo-wordpress\/ -->\n<title>Voorkom palletstress - Pallet Control Tower<\/title>\n<meta name=\"description\" content=\"Met PCT Online voorkomt u palletstress. Met het geautomatiseerd proces van Collection, Delivery &amp; Matching van pallets, bent u in control\" \/>\n<meta name=\"robots\" content=\"index, follow, max-snippet:-1, max-image-preview:large, max-video-preview:-1\" \/>\n<link rel=\"canonical\" href=\"https:\/\/www.palletcontroltower.eu\/es\/mi-ventaja\/aumenta-la-eficacia\/\" \/>\n<meta property=\"og:locale\" content=\"es_ES\" \/>\n<meta property=\"og:type\" content=\"article\" \/>\n<meta property=\"og:title\" content=\"Voorkom palletstress - Pallet Control Tower\" \/>\n<meta property=\"og:description\" content=\"Met PCT Online voorkomt u palletstress. Met het geautomatiseerd proces van Collection, Delivery &amp; Matching van pallets, bent u in control\" \/>\n<meta property=\"og:url\" content=\"https:\/\/www.palletcontroltower.eu\/es\/mi-ventaja\/aumenta-la-eficacia\/\" \/>\n<meta property=\"og:site_name\" content=\"Pallet Control Tower\" \/>\n<meta property=\"article:modified_time\" content=\"2026-02-12T12:55:03+00:00\" \/>\n<meta property=\"og:image\" content=\"https:\/\/www.palletcontroltower.eu\/wp-content\/uploads\/2023\/11\/palletcontroltower-2.jpg\" \/>\n\t<meta property=\"og:image:width\" content=\"1600\" \/>\n\t<meta property=\"og:image:height\" content=\"1066\" \/>\n\t<meta property=\"og:image:type\" content=\"image\/jpeg\" \/>\n<meta name=\"twitter:card\" content=\"summary_large_image\" \/>\n<meta name=\"twitter:label1\" content=\"Tiempo de lectura\" \/>\n\t<meta name=\"twitter:data1\" content=\"2 minutos\" \/>\n<script type=\"application\/ld+json\" class=\"yoast-schema-graph\">{\"@context\":\"https:\\\/\\\/schema.org\",\"@graph\":[{\"@type\":\"WebPage\",\"@id\":\"https:\\\/\\\/www.palletcontroltower.eu\\\/mijn-voordeel\\\/vergroot-de-efficientie\\\/\",\"url\":\"https:\\\/\\\/www.palletcontroltower.eu\\\/mijn-voordeel\\\/vergroot-de-efficientie\\\/\",\"name\":\"Voorkom palletstress - Pallet Control Tower\",\"isPartOf\":{\"@id\":\"https:\\\/\\\/www.palletcontroltower.eu\\\/#website\"},\"primaryImageOfPage\":{\"@id\":\"https:\\\/\\\/www.palletcontroltower.eu\\\/mijn-voordeel\\\/vergroot-de-efficientie\\\/#primaryimage\"},\"image\":{\"@id\":\"https:\\\/\\\/www.palletcontroltower.eu\\\/mijn-voordeel\\\/vergroot-de-efficientie\\\/#primaryimage\"},\"thumbnailUrl\":\"http:\\\/\\\/www.palletcontroltower.eu\\\/wp-content\\\/uploads\\\/2023\\\/11\\\/palletcontroltower-2.jpg\",\"datePublished\":\"2023-11-22T08:00:10+00:00\",\"dateModified\":\"2026-02-12T12:55:03+00:00\",\"description\":\"Met PCT Online voorkomt u palletstress. Met het geautomatiseerd proces van Collection, Delivery & Matching van pallets, bent u in control\",\"breadcrumb\":{\"@id\":\"https:\\\/\\\/www.palletcontroltower.eu\\\/mijn-voordeel\\\/vergroot-de-efficientie\\\/#breadcrumb\"},\"inLanguage\":\"es\",\"potentialAction\":[{\"@type\":\"ReadAction\",\"target\":[\"https:\\\/\\\/www.palletcontroltower.eu\\\/mijn-voordeel\\\/vergroot-de-efficientie\\\/\"]}]},{\"@type\":\"ImageObject\",\"inLanguage\":\"es\",\"@id\":\"https:\\\/\\\/www.palletcontroltower.eu\\\/mijn-voordeel\\\/vergroot-de-efficientie\\\/#primaryimage\",\"url\":\"http:\\\/\\\/www.palletcontroltower.eu\\\/wp-content\\\/uploads\\\/2023\\\/11\\\/palletcontroltower-2.jpg\",\"contentUrl\":\"http:\\\/\\\/www.palletcontroltower.eu\\\/wp-content\\\/uploads\\\/2023\\\/11\\\/palletcontroltower-2.jpg\"},{\"@type\":\"BreadcrumbList\",\"@id\":\"https:\\\/\\\/www.palletcontroltower.eu\\\/mijn-voordeel\\\/vergroot-de-efficientie\\\/#breadcrumb\",\"itemListElement\":[{\"@type\":\"ListItem\",\"position\":1,\"name\":\"Home\",\"item\":\"https:\\\/\\\/www.palletcontroltower.eu\\\/\"},{\"@type\":\"ListItem\",\"position\":2,\"name\":\"Mijn voordeel\",\"item\":\"https:\\\/\\\/www.palletcontroltower.eu\\\/pl\\\/mijn-voordeel\\\/\"},{\"@type\":\"ListItem\",\"position\":3,\"name\":\"Voorkom palletstress\"}]},{\"@type\":\"WebSite\",\"@id\":\"https:\\\/\\\/www.palletcontroltower.eu\\\/#website\",\"url\":\"https:\\\/\\\/www.palletcontroltower.eu\\\/\",\"name\":\"Pallet Control Tower\",\"description\":\"\",\"publisher\":{\"@id\":\"https:\\\/\\\/www.palletcontroltower.eu\\\/#organization\"},\"potentialAction\":[{\"@type\":\"SearchAction\",\"target\":{\"@type\":\"EntryPoint\",\"urlTemplate\":\"https:\\\/\\\/www.palletcontroltower.eu\\\/?s={search_term_string}\"},\"query-input\":{\"@type\":\"PropertyValueSpecification\",\"valueRequired\":true,\"valueName\":\"search_term_string\"}}],\"inLanguage\":\"es\"},{\"@type\":\"Organization\",\"@id\":\"https:\\\/\\\/www.palletcontroltower.eu\\\/#organization\",\"name\":\"Pallet Control Tower\",\"url\":\"https:\\\/\\\/www.palletcontroltower.eu\\\/\",\"logo\":{\"@type\":\"ImageObject\",\"inLanguage\":\"es\",\"@id\":\"https:\\\/\\\/www.palletcontroltower.eu\\\/#\\\/schema\\\/logo\\\/image\\\/\",\"url\":\"https:\\\/\\\/www.palletcontroltower.eu\\\/wp-content\\\/uploads\\\/2023\\\/10\\\/logo.svg\",\"contentUrl\":\"https:\\\/\\\/www.palletcontroltower.eu\\\/wp-content\\\/uploads\\\/2023\\\/10\\\/logo.svg\",\"width\":290,\"height\":87,\"caption\":\"Pallet Control Tower\"},\"image\":{\"@id\":\"https:\\\/\\\/www.palletcontroltower.eu\\\/#\\\/schema\\\/logo\\\/image\\\/\"}}]}<\/script>\n<!-- \/ Yoast SEO plugin. -->","yoast_head_json":{"title":"Prevenir el estr\u00e9s en los pal\u00e9s - Torre de control de pal\u00e9s","description":"Con PCT Online, evitar\u00e1 el estr\u00e9s de los pal\u00e9s. Con el proceso automatizado de recogida, entrega y emparejamiento de pal\u00e9s, usted tiene el control.","robots":{"index":"index","follow":"follow","max-snippet":"max-snippet:-1","max-image-preview":"max-image-preview:large","max-video-preview":"max-video-preview:-1"},"canonical":"https:\/\/www.palletcontroltower.eu\/es\/mi-ventaja\/aumenta-la-eficacia\/","og_locale":"es_ES","og_type":"article","og_title":"Voorkom palletstress - Pallet Control Tower","og_description":"Met PCT Online voorkomt u palletstress. Met het geautomatiseerd proces van Collection, Delivery & Matching van pallets, bent u in control","og_url":"https:\/\/www.palletcontroltower.eu\/es\/mi-ventaja\/aumenta-la-eficacia\/","og_site_name":"Pallet Control Tower","article_modified_time":"2026-02-12T12:55:03+00:00","og_image":[{"width":1600,"height":1066,"url":"https:\/\/www.palletcontroltower.eu\/wp-content\/uploads\/2023\/11\/palletcontroltower-2.jpg","type":"image\/jpeg"}],"twitter_card":"summary_large_image","twitter_misc":{"Tiempo de lectura":"2 minutos"},"schema":{"@context":"https:\/\/schema.org","@graph":[{"@type":"WebPage","@id":"https:\/\/www.palletcontroltower.eu\/mijn-voordeel\/vergroot-de-efficientie\/","url":"https:\/\/www.palletcontroltower.eu\/mijn-voordeel\/vergroot-de-efficientie\/","name":"Prevenir el estr\u00e9s en los pal\u00e9s - Torre de control de pal\u00e9s","isPartOf":{"@id":"https:\/\/www.palletcontroltower.eu\/#website"},"primaryImageOfPage":{"@id":"https:\/\/www.palletcontroltower.eu\/mijn-voordeel\/vergroot-de-efficientie\/#primaryimage"},"image":{"@id":"https:\/\/www.palletcontroltower.eu\/mijn-voordeel\/vergroot-de-efficientie\/#primaryimage"},"thumbnailUrl":"http:\/\/www.palletcontroltower.eu\/wp-content\/uploads\/2023\/11\/palletcontroltower-2.jpg","datePublished":"2023-11-22T08:00:10+00:00","dateModified":"2026-02-12T12:55:03+00:00","description":"Con PCT Online, evitar\u00e1 el estr\u00e9s de los pal\u00e9s. Con el proceso automatizado de recogida, entrega y emparejamiento de pal\u00e9s, usted tiene el control.","breadcrumb":{"@id":"https:\/\/www.palletcontroltower.eu\/mijn-voordeel\/vergroot-de-efficientie\/#breadcrumb"},"inLanguage":"es","potentialAction":[{"@type":"ReadAction","target":["https:\/\/www.palletcontroltower.eu\/mijn-voordeel\/vergroot-de-efficientie\/"]}]},{"@type":"ImageObject","inLanguage":"es","@id":"https:\/\/www.palletcontroltower.eu\/mijn-voordeel\/vergroot-de-efficientie\/#primaryimage","url":"http:\/\/www.palletcontroltower.eu\/wp-content\/uploads\/2023\/11\/palletcontroltower-2.jpg","contentUrl":"http:\/\/www.palletcontroltower.eu\/wp-content\/uploads\/2023\/11\/palletcontroltower-2.jpg"},{"@type":"BreadcrumbList","@id":"https:\/\/www.palletcontroltower.eu\/mijn-voordeel\/vergroot-de-efficientie\/#breadcrumb","itemListElement":[{"@type":"ListItem","position":1,"name":"Home","item":"https:\/\/www.palletcontroltower.eu\/"},{"@type":"ListItem","position":2,"name":"Mijn voordeel","item":"https:\/\/www.palletcontroltower.eu\/pl\/mijn-voordeel\/"},{"@type":"ListItem","position":3,"name":"Voorkom palletstress"}]},{"@type":"WebSite","@id":"https:\/\/www.palletcontroltower.eu\/#website","url":"https:\/\/www.palletcontroltower.eu\/","name":"Torre de control de pal\u00e9s","description":"","publisher":{"@id":"https:\/\/www.palletcontroltower.eu\/#organization"},"potentialAction":[{"@type":"SearchAction","target":{"@type":"EntryPoint","urlTemplate":"https:\/\/www.palletcontroltower.eu\/?s={search_term_string}"},"query-input":{"@type":"PropertyValueSpecification","valueRequired":true,"valueName":"search_term_string"}}],"inLanguage":"es"},{"@type":"Organization","@id":"https:\/\/www.palletcontroltower.eu\/#organization","name":"Torre de control de pal\u00e9s","url":"https:\/\/www.palletcontroltower.eu\/","logo":{"@type":"ImageObject","inLanguage":"es","@id":"https:\/\/www.palletcontroltower.eu\/#\/schema\/logo\/image\/","url":"https:\/\/www.palletcontroltower.eu\/wp-content\/uploads\/2023\/10\/logo.svg","contentUrl":"https:\/\/www.palletcontroltower.eu\/wp-content\/uploads\/2023\/10\/logo.svg","width":290,"height":87,"caption":"Pallet Control Tower"},"image":{"@id":"https:\/\/www.palletcontroltower.eu\/#\/schema\/logo\/image\/"}}]}},"_links":{"self":[{"href":"https:\/\/www.palletcontroltower.eu\/es\/wp-json\/wp\/v2\/pages\/27","targetHints":{"allow":["GET"]}}],"collection":[{"href":"https:\/\/www.palletcontroltower.eu\/es\/wp-json\/wp\/v2\/pages"}],"about":[{"href":"https:\/\/www.palletcontroltower.eu\/es\/wp-json\/wp\/v2\/types\/page"}],"author":[{"embeddable":true,"href":"https:\/\/www.palletcontroltower.eu\/es\/wp-json\/wp\/v2\/users\/1"}],"replies":[{"embeddable":true,"href":"https:\/\/www.palletcontroltower.eu\/es\/wp-json\/wp\/v2\/comments?post=27"}],"version-history":[{"count":26,"href":"https:\/\/www.palletcontroltower.eu\/es\/wp-json\/wp\/v2\/pages\/27\/revisions"}],"predecessor-version":[{"id":1243,"href":"https:\/\/www.palletcontroltower.eu\/es\/wp-json\/wp\/v2\/pages\/27\/revisions\/1243"}],"up":[{"embeddable":true,"href":"https:\/\/www.palletcontroltower.eu\/es\/wp-json\/wp\/v2\/pages\/25"}],"wp:attachment":[{"href":"https:\/\/www.palletcontroltower.eu\/es\/wp-json\/wp\/v2\/media?parent=27"}],"curies":[{"name":"wp","href":"https:\/\/api.w.org\/{rel}","templated":true}]}}