{"id":29,"date":"2023-11-22T08:00:20","date_gmt":"2023-11-22T08:00:20","guid":{"rendered":"http:\/\/www.palletcontroltower.eu\/?page_id=29"},"modified":"2024-01-08T14:21:13","modified_gmt":"2024-01-08T14:21:13","slug":"para-usuarios-de-palets","status":"publish","type":"page","link":"https:\/\/www.palletcontroltower.eu\/es\/mijn-voordeel\/voor-palletgebruikers\/","title":{"rendered":"Para usuarios de palets"},"content":{"rendered":"<div class=\"wp-block-columns is-layout-flex wp-container-core-columns-is-layout-28f84493 wp-block-columns-is-layout-flex\">\n<div class=\"wp-block-column is-layout-flow wp-block-column-is-layout-flow\">\n<h2 class=\"wp-block-heading\">Sostenible y rentable<\/h2>\n\n\n\n<p>Usted es una de esas empresas (inter)nacionales de la industria, la fabricaci\u00f3n o el comercio que utiliza europalets y RTI para transportar productos a gran escala.<\/p>\n\n\n\n<p>PCT puede encontrarse en todo tipo de industrias y, por tanto, se encuentra a gusto en todos los mercados. El hecho de que usted sea o no el propietario de las paletas o de otros RTI es irrelevante en este caso. Lo que usted busca es transparencia en la cadena y un uso m\u00e1s sostenible de todos los soportes de carga utilizados. De forma rentable y responsable. Le facilitamos la vida en la log\u00edstica de pallets. <\/p>\n\n\n\n<p><\/p>\n\n\n\n<div class=\"wp-block-buttons is-layout-flex wp-block-buttons-is-layout-flex\">\n<div class=\"wp-block-button\"><a class=\"wp-block-button__link has-white-color has-green-background-color has-text-color has-background has-link-color wp-element-button\" href=\"https:\/\/portal.pct-online.eu\/register\" target=\"_blank\" rel=\"noreferrer noopener\">Activar su cuenta<\/a><\/div>\n<\/div>\n<\/div>\n<\/div>\n\n\n\n<hr class=\"wp-block-separator has-alpha-channel-opacity\"\/>\n\n\n\n<div class=\"wp-block-columns are-vertically-aligned-center is-layout-flex wp-container-core-columns-is-layout-28f84493 wp-block-columns-is-layout-flex\">\n<div class=\"wp-block-column is-vertically-aligned-center is-layout-flow wp-block-column-is-layout-flow\">\n<figure class=\"wp-block-image size-full\"><img fetchpriority=\"high\" decoding=\"async\" width=\"2560\" height=\"1345\" src=\"http:\/\/www.palletcontroltower.eu\/wp-content\/uploads\/2023\/12\/PalletControlTower_busy_industrial_warehouse-scaled.jpeg\" alt=\"El almacenamiento y la transferencia en los almacenes deben realizarse en europal\u00e9s para evitar tensiones en los pal\u00e9s.\" class=\"wp-image-809\" style=\"aspect-ratio:3\/4;object-fit:cover\" srcset=\"https:\/\/www.palletcontroltower.eu\/wp-content\/uploads\/2023\/12\/PalletControlTower_busy_industrial_warehouse-scaled.jpeg 2560w, https:\/\/www.palletcontroltower.eu\/wp-content\/uploads\/2023\/12\/PalletControlTower_busy_industrial_warehouse-300x158.jpeg 300w, https:\/\/www.palletcontroltower.eu\/wp-content\/uploads\/2023\/12\/PalletControlTower_busy_industrial_warehouse-1024x538.jpeg 1024w, https:\/\/www.palletcontroltower.eu\/wp-content\/uploads\/2023\/12\/PalletControlTower_busy_industrial_warehouse-768x403.jpeg 768w, https:\/\/www.palletcontroltower.eu\/wp-content\/uploads\/2023\/12\/PalletControlTower_busy_industrial_warehouse-1536x807.jpeg 1536w, https:\/\/www.palletcontroltower.eu\/wp-content\/uploads\/2023\/12\/PalletControlTower_busy_industrial_warehouse-2048x1076.jpeg 2048w, https:\/\/www.palletcontroltower.eu\/wp-content\/uploads\/2023\/12\/PalletControlTower_busy_industrial_warehouse-18x9.jpeg 18w\" sizes=\"(max-width: 2560px) 100vw, 2560px\" \/><\/figure>\n<\/div>\n\n\n\n<div class=\"wp-block-column is-vertically-aligned-center is-layout-flow wp-block-column-is-layout-flow\">\n<h2 class=\"wp-block-heading\">Gesti\u00f3n eficaz y eficiente de pal\u00e9s<\/h2>\n\n\n\n<ol class=\"wp-block-list\">\n<li><strong>Acuerdos claros<\/strong> - Se acabaron los acuerdos poco claros y la administraci\u00f3n complicada, manual y lenta. A trav\u00e9s del e-Credit del PCT, usted recibe o entrega pal\u00e9s de forma f\u00e1cil y r\u00e1pida con acuerdos mutuos claros: qui\u00e9n paga qu\u00e9. Se acabaron las discusiones sobre los saldos de liquidaci\u00f3n mutua. Todo se registra autom\u00e1ticamente.<\/li>\n\n\n\n<li><strong>Precio basado en el valor razonable<\/strong> - No vuelva a discutir nunca m\u00e1s sobre el valor de un palet usado. Bas\u00e1ndose en el \u00edndice EUWID, PCT determina el valor de cada palet: estado y calidad. As\u00ed puede estar seguro de que la recogida y entrega se realiza al precio m\u00e1s justo. Nuestro m\u00f3dulo de fotos es una herramienta muy pr\u00e1ctica para ello.<\/li>\n\n\n\n<li><strong>S\u00f3lo pal\u00e9s de alta calidad<\/strong> - Los almacenes automatizados exigen pal\u00e9s normalizados de calidad A o nuevos. Nos aseguramos de que todos los pal\u00e9s cumplan las normas EPAL, garantizando el buen funcionamiento a lo largo de toda la cadena log\u00edstica.<\/li>\n\n\n\n<li><strong>Conductor relevado<\/strong> - Los conductores no suelen tener tiempo ni conocimientos para comprobar la calidad de los pal\u00e9s. PCT les ayuda. No es necesario el intercambio in situ. No hay pal\u00e9s vac\u00edos en el cami\u00f3n. Sin tiempos de espera ni costosos retrasos. Las transferencias se digitalizan, lo que minimiza el riesgo de errores. As\u00ed se garantiza una cadena log\u00edstica fluida.<\/li>\n\n\n\n<li><strong>Sistema duradero<\/strong> - Con PCT Online, ya no tendr\u00e1 que preocuparse por los caros camiones que transportan pal\u00e9s vac\u00edos. Nuestra plataforma le ayuda a ahorrar costes optimizando sus existencias y le ofrece una forma sencilla de Recogida y Entrega mediante Emparejamiento, preparada para la futura legislaci\u00f3n de Bruselas (PPWD).<\/li>\n\n\n\n<li><strong>R\u00e1pido, f\u00e1cil y seguro<\/strong> - PCT Online es una plataforma segura para todas sus transacciones y registra cada intercambio con precisi\u00f3n. Ofrecemos una interfaz f\u00e1cil de usar con una complejidad m\u00ednima. PCT Online puede interconectarse con cualquier sistema de gesti\u00f3n de log\u00edstica y transporte sin gran esfuerzo.<\/li>\n<\/ol>\n<\/div>\n<\/div>\n\n\n\n<div class=\"wp-block-buttons is-content-justification-right is-layout-flex wp-container-core-buttons-is-layout-d445cf74 wp-block-buttons-is-layout-flex\">\n<div class=\"wp-block-button\"><a class=\"wp-block-button__link has-white-color has-mint-background-color has-text-color has-background has-link-color wp-element-button\" href=\"http:\/\/www.palletcontroltower.eu\/wp-content\/uploads\/2024\/01\/PCT_Leaflet_Eindklant_NL_PR4.pdf\" target=\"_blank\" rel=\"noreferrer noopener\">Descargar el folleto<\/a><\/div>\n<\/div>\n\n\n\n<hr class=\"wp-block-separator has-alpha-channel-opacity\"\/>\n\n\n\n<blockquote class=\"wp-block-quote is-layout-flow wp-block-quote-is-layout-flow\">\n<p class=\"has-text-align-center\">Evite el estr\u00e9s en los pal\u00e9s Pallet Control Tower es el est\u00e1ndar europeo y la plataforma de recogida y entrega por correspondencia para Europalets y otros RTI. Facilitamos el pooling abierto de la A a la Z. Y hacemos que la log\u00edstica de pal\u00e9s vuelva a ser manejable.<\/p>\n<\/blockquote>\n\n\n\n<hr class=\"wp-block-separator has-alpha-channel-opacity\"\/>\n\n\n\n<figure class=\"wp-block-image size-full\"><img decoding=\"async\" width=\"1600\" height=\"1066\" src=\"http:\/\/www.palletcontroltower.eu\/wp-content\/uploads\/2023\/11\/palletcontroltower-2.jpg\" alt=\"\" class=\"wp-image-207\" style=\"aspect-ratio:16\/9;object-fit:cover\" srcset=\"https:\/\/www.palletcontroltower.eu\/wp-content\/uploads\/2023\/11\/palletcontroltower-2.jpg 1600w, https:\/\/www.palletcontroltower.eu\/wp-content\/uploads\/2023\/11\/palletcontroltower-2-300x200.jpg 300w, https:\/\/www.palletcontroltower.eu\/wp-content\/uploads\/2023\/11\/palletcontroltower-2-1024x682.jpg 1024w, https:\/\/www.palletcontroltower.eu\/wp-content\/uploads\/2023\/11\/palletcontroltower-2-768x512.jpg 768w, https:\/\/www.palletcontroltower.eu\/wp-content\/uploads\/2023\/11\/palletcontroltower-2-1536x1023.jpg 1536w\" sizes=\"(max-width: 1600px) 100vw, 1600px\" \/><\/figure>\n\n\n\n<hr class=\"wp-block-separator has-alpha-channel-opacity\"\/>","protected":false},"excerpt":{"rendered":"<p>Duurzaam en kostenbewust U bent een van die (inter)nationale bedrijven binnen de industrie, productie of handel die op grote schaal europallets en RTI\u2019s gebruikt om producten mee te transporteren. PCT is te vinden in alle soorten van industrie\u00ebn en is daarmee van alle markten thuis. Het is hierbij niet van belang of u wel of [&hellip;]<\/p>\n","protected":false},"author":1,"featured_media":0,"parent":25,"menu_order":2,"comment_status":"closed","ping_status":"closed","template":"","meta":{"footnotes":""},"class_list":["post-29","page","type-page","status-publish","hentry"],"yoast_head":"<!-- This site is optimized with the Yoast SEO plugin v27.3 - https:\/\/yoast.com\/product\/yoast-seo-wordpress\/ -->\n<title>Voor palletgebruikers - Pallet Control Tower<\/title>\n<meta name=\"description\" content=\"De voordelen voor palletgebruikers zijn o.a.: heldere afspraken, op re\u00eble waarde gebaseerde prijs, hoogwaardige pallets, chauffeurs ontlast\" \/>\n<meta name=\"robots\" content=\"index, follow, max-snippet:-1, max-image-preview:large, max-video-preview:-1\" \/>\n<link rel=\"canonical\" href=\"https:\/\/www.palletcontroltower.eu\/es\/mi-ventaja\/para-usuarios-de-palets\/\" \/>\n<meta property=\"og:locale\" content=\"es_ES\" \/>\n<meta property=\"og:type\" content=\"article\" \/>\n<meta property=\"og:title\" content=\"Voor palletgebruikers - Pallet Control Tower\" \/>\n<meta property=\"og:description\" content=\"De voordelen voor palletgebruikers zijn o.a.: heldere afspraken, op re\u00eble waarde gebaseerde prijs, hoogwaardige pallets, chauffeurs ontlast\" \/>\n<meta property=\"og:url\" content=\"https:\/\/www.palletcontroltower.eu\/es\/mi-ventaja\/para-usuarios-de-palets\/\" \/>\n<meta property=\"og:site_name\" content=\"Pallet Control Tower\" \/>\n<meta property=\"article:modified_time\" content=\"2024-01-08T14:21:13+00:00\" \/>\n<meta property=\"og:image\" content=\"http:\/\/www.palletcontroltower.eu\/wp-content\/uploads\/2023\/12\/PalletControlTower_busy_industrial_warehouse-scaled.jpeg\" \/>\n<meta name=\"twitter:card\" content=\"summary_large_image\" \/>\n<meta name=\"twitter:label1\" content=\"Tiempo de lectura\" \/>\n\t<meta name=\"twitter:data1\" content=\"3 minutos\" \/>\n<script type=\"application\/ld+json\" class=\"yoast-schema-graph\">{\"@context\":\"https:\\\/\\\/schema.org\",\"@graph\":[{\"@type\":\"WebPage\",\"@id\":\"https:\\\/\\\/www.palletcontroltower.eu\\\/pl\\\/mijn-voordeel\\\/dla-uzytkownikow-palet\\\/\",\"url\":\"https:\\\/\\\/www.palletcontroltower.eu\\\/pl\\\/mijn-voordeel\\\/dla-uzytkownikow-palet\\\/\",\"name\":\"Voor palletgebruikers - Pallet Control Tower\",\"isPartOf\":{\"@id\":\"https:\\\/\\\/www.palletcontroltower.eu\\\/#website\"},\"primaryImageOfPage\":{\"@id\":\"https:\\\/\\\/www.palletcontroltower.eu\\\/pl\\\/mijn-voordeel\\\/dla-uzytkownikow-palet\\\/#primaryimage\"},\"image\":{\"@id\":\"https:\\\/\\\/www.palletcontroltower.eu\\\/pl\\\/mijn-voordeel\\\/dla-uzytkownikow-palet\\\/#primaryimage\"},\"thumbnailUrl\":\"http:\\\/\\\/www.palletcontroltower.eu\\\/wp-content\\\/uploads\\\/2023\\\/12\\\/PalletControlTower_busy_industrial_warehouse-scaled.jpeg\",\"datePublished\":\"2023-11-22T08:00:20+00:00\",\"dateModified\":\"2024-01-08T14:21:13+00:00\",\"description\":\"De voordelen voor palletgebruikers zijn o.a.: heldere afspraken, op re\u00eble waarde gebaseerde prijs, hoogwaardige pallets, chauffeurs ontlast\",\"breadcrumb\":{\"@id\":\"https:\\\/\\\/www.palletcontroltower.eu\\\/pl\\\/mijn-voordeel\\\/dla-uzytkownikow-palet\\\/#breadcrumb\"},\"inLanguage\":\"es\",\"potentialAction\":[{\"@type\":\"ReadAction\",\"target\":[\"https:\\\/\\\/www.palletcontroltower.eu\\\/pl\\\/mijn-voordeel\\\/dla-uzytkownikow-palet\\\/\"]}]},{\"@type\":\"ImageObject\",\"inLanguage\":\"es\",\"@id\":\"https:\\\/\\\/www.palletcontroltower.eu\\\/pl\\\/mijn-voordeel\\\/dla-uzytkownikow-palet\\\/#primaryimage\",\"url\":\"http:\\\/\\\/www.palletcontroltower.eu\\\/wp-content\\\/uploads\\\/2023\\\/12\\\/PalletControlTower_busy_industrial_warehouse-scaled.jpeg\",\"contentUrl\":\"http:\\\/\\\/www.palletcontroltower.eu\\\/wp-content\\\/uploads\\\/2023\\\/12\\\/PalletControlTower_busy_industrial_warehouse-scaled.jpeg\"},{\"@type\":\"BreadcrumbList\",\"@id\":\"https:\\\/\\\/www.palletcontroltower.eu\\\/pl\\\/mijn-voordeel\\\/dla-uzytkownikow-palet\\\/#breadcrumb\",\"itemListElement\":[{\"@type\":\"ListItem\",\"position\":1,\"name\":\"Home\",\"item\":\"https:\\\/\\\/www.palletcontroltower.eu\\\/\"},{\"@type\":\"ListItem\",\"position\":2,\"name\":\"Mijn voordeel\",\"item\":\"https:\\\/\\\/www.palletcontroltower.eu\\\/pl\\\/mijn-voordeel\\\/\"},{\"@type\":\"ListItem\",\"position\":3,\"name\":\"Voor palletgebruikers\"}]},{\"@type\":\"WebSite\",\"@id\":\"https:\\\/\\\/www.palletcontroltower.eu\\\/#website\",\"url\":\"https:\\\/\\\/www.palletcontroltower.eu\\\/\",\"name\":\"Pallet Control Tower\",\"description\":\"\",\"publisher\":{\"@id\":\"https:\\\/\\\/www.palletcontroltower.eu\\\/#organization\"},\"potentialAction\":[{\"@type\":\"SearchAction\",\"target\":{\"@type\":\"EntryPoint\",\"urlTemplate\":\"https:\\\/\\\/www.palletcontroltower.eu\\\/?s={search_term_string}\"},\"query-input\":{\"@type\":\"PropertyValueSpecification\",\"valueRequired\":true,\"valueName\":\"search_term_string\"}}],\"inLanguage\":\"es\"},{\"@type\":\"Organization\",\"@id\":\"https:\\\/\\\/www.palletcontroltower.eu\\\/#organization\",\"name\":\"Pallet Control Tower\",\"url\":\"https:\\\/\\\/www.palletcontroltower.eu\\\/\",\"logo\":{\"@type\":\"ImageObject\",\"inLanguage\":\"es\",\"@id\":\"https:\\\/\\\/www.palletcontroltower.eu\\\/#\\\/schema\\\/logo\\\/image\\\/\",\"url\":\"https:\\\/\\\/www.palletcontroltower.eu\\\/wp-content\\\/uploads\\\/2023\\\/10\\\/logo.svg\",\"contentUrl\":\"https:\\\/\\\/www.palletcontroltower.eu\\\/wp-content\\\/uploads\\\/2023\\\/10\\\/logo.svg\",\"width\":290,\"height\":87,\"caption\":\"Pallet Control Tower\"},\"image\":{\"@id\":\"https:\\\/\\\/www.palletcontroltower.eu\\\/#\\\/schema\\\/logo\\\/image\\\/\"}}]}<\/script>\n<!-- \/ Yoast SEO plugin. -->","yoast_head_json":{"title":"Para usuarios de pal\u00e9s - Torre de control de pal\u00e9s","description":"Ventajas para los usuarios de palets: acuerdos claros, precio basado en el valor justo, palets de alta calidad, conductores aliviados","robots":{"index":"index","follow":"follow","max-snippet":"max-snippet:-1","max-image-preview":"max-image-preview:large","max-video-preview":"max-video-preview:-1"},"canonical":"https:\/\/www.palletcontroltower.eu\/es\/mi-ventaja\/para-usuarios-de-palets\/","og_locale":"es_ES","og_type":"article","og_title":"Voor palletgebruikers - Pallet Control Tower","og_description":"De voordelen voor palletgebruikers zijn o.a.: heldere afspraken, op re\u00eble waarde gebaseerde prijs, hoogwaardige pallets, chauffeurs ontlast","og_url":"https:\/\/www.palletcontroltower.eu\/es\/mi-ventaja\/para-usuarios-de-palets\/","og_site_name":"Pallet Control Tower","article_modified_time":"2024-01-08T14:21:13+00:00","og_image":[{"url":"http:\/\/www.palletcontroltower.eu\/wp-content\/uploads\/2023\/12\/PalletControlTower_busy_industrial_warehouse-scaled.jpeg","type":"","width":"","height":""}],"twitter_card":"summary_large_image","twitter_misc":{"Tiempo de lectura":"3 minutos"},"schema":{"@context":"https:\/\/schema.org","@graph":[{"@type":"WebPage","@id":"https:\/\/www.palletcontroltower.eu\/pl\/mijn-voordeel\/dla-uzytkownikow-palet\/","url":"https:\/\/www.palletcontroltower.eu\/pl\/mijn-voordeel\/dla-uzytkownikow-palet\/","name":"Para usuarios de pal\u00e9s - Torre de control de pal\u00e9s","isPartOf":{"@id":"https:\/\/www.palletcontroltower.eu\/#website"},"primaryImageOfPage":{"@id":"https:\/\/www.palletcontroltower.eu\/pl\/mijn-voordeel\/dla-uzytkownikow-palet\/#primaryimage"},"image":{"@id":"https:\/\/www.palletcontroltower.eu\/pl\/mijn-voordeel\/dla-uzytkownikow-palet\/#primaryimage"},"thumbnailUrl":"http:\/\/www.palletcontroltower.eu\/wp-content\/uploads\/2023\/12\/PalletControlTower_busy_industrial_warehouse-scaled.jpeg","datePublished":"2023-11-22T08:00:20+00:00","dateModified":"2024-01-08T14:21:13+00:00","description":"Ventajas para los usuarios de palets: acuerdos claros, precio basado en el valor justo, palets de alta calidad, conductores aliviados","breadcrumb":{"@id":"https:\/\/www.palletcontroltower.eu\/pl\/mijn-voordeel\/dla-uzytkownikow-palet\/#breadcrumb"},"inLanguage":"es","potentialAction":[{"@type":"ReadAction","target":["https:\/\/www.palletcontroltower.eu\/pl\/mijn-voordeel\/dla-uzytkownikow-palet\/"]}]},{"@type":"ImageObject","inLanguage":"es","@id":"https:\/\/www.palletcontroltower.eu\/pl\/mijn-voordeel\/dla-uzytkownikow-palet\/#primaryimage","url":"http:\/\/www.palletcontroltower.eu\/wp-content\/uploads\/2023\/12\/PalletControlTower_busy_industrial_warehouse-scaled.jpeg","contentUrl":"http:\/\/www.palletcontroltower.eu\/wp-content\/uploads\/2023\/12\/PalletControlTower_busy_industrial_warehouse-scaled.jpeg"},{"@type":"BreadcrumbList","@id":"https:\/\/www.palletcontroltower.eu\/pl\/mijn-voordeel\/dla-uzytkownikow-palet\/#breadcrumb","itemListElement":[{"@type":"ListItem","position":1,"name":"Home","item":"https:\/\/www.palletcontroltower.eu\/"},{"@type":"ListItem","position":2,"name":"Mijn voordeel","item":"https:\/\/www.palletcontroltower.eu\/pl\/mijn-voordeel\/"},{"@type":"ListItem","position":3,"name":"Voor palletgebruikers"}]},{"@type":"WebSite","@id":"https:\/\/www.palletcontroltower.eu\/#website","url":"https:\/\/www.palletcontroltower.eu\/","name":"Torre de control de pal\u00e9s","description":"","publisher":{"@id":"https:\/\/www.palletcontroltower.eu\/#organization"},"potentialAction":[{"@type":"SearchAction","target":{"@type":"EntryPoint","urlTemplate":"https:\/\/www.palletcontroltower.eu\/?s={search_term_string}"},"query-input":{"@type":"PropertyValueSpecification","valueRequired":true,"valueName":"search_term_string"}}],"inLanguage":"es"},{"@type":"Organization","@id":"https:\/\/www.palletcontroltower.eu\/#organization","name":"Torre de control de pal\u00e9s","url":"https:\/\/www.palletcontroltower.eu\/","logo":{"@type":"ImageObject","inLanguage":"es","@id":"https:\/\/www.palletcontroltower.eu\/#\/schema\/logo\/image\/","url":"https:\/\/www.palletcontroltower.eu\/wp-content\/uploads\/2023\/10\/logo.svg","contentUrl":"https:\/\/www.palletcontroltower.eu\/wp-content\/uploads\/2023\/10\/logo.svg","width":290,"height":87,"caption":"Pallet Control Tower"},"image":{"@id":"https:\/\/www.palletcontroltower.eu\/#\/schema\/logo\/image\/"}}]}},"_links":{"self":[{"href":"https:\/\/www.palletcontroltower.eu\/es\/wp-json\/wp\/v2\/pages\/29","targetHints":{"allow":["GET"]}}],"collection":[{"href":"https:\/\/www.palletcontroltower.eu\/es\/wp-json\/wp\/v2\/pages"}],"about":[{"href":"https:\/\/www.palletcontroltower.eu\/es\/wp-json\/wp\/v2\/types\/page"}],"author":[{"embeddable":true,"href":"https:\/\/www.palletcontroltower.eu\/es\/wp-json\/wp\/v2\/users\/1"}],"replies":[{"embeddable":true,"href":"https:\/\/www.palletcontroltower.eu\/es\/wp-json\/wp\/v2\/comments?post=29"}],"version-history":[{"count":18,"href":"https:\/\/www.palletcontroltower.eu\/es\/wp-json\/wp\/v2\/pages\/29\/revisions"}],"predecessor-version":[{"id":1076,"href":"https:\/\/www.palletcontroltower.eu\/es\/wp-json\/wp\/v2\/pages\/29\/revisions\/1076"}],"up":[{"embeddable":true,"href":"https:\/\/www.palletcontroltower.eu\/es\/wp-json\/wp\/v2\/pages\/25"}],"wp:attachment":[{"href":"https:\/\/www.palletcontroltower.eu\/es\/wp-json\/wp\/v2\/media?parent=29"}],"curies":[{"name":"wp","href":"https:\/\/api.w.org\/{rel}","templated":true}]}}