{"id":33,"date":"2023-11-22T08:01:30","date_gmt":"2023-11-22T08:01:30","guid":{"rendered":"http:\/\/www.palletcontroltower.eu\/?page_id=33"},"modified":"2026-01-30T09:46:29","modified_gmt":"2026-01-30T09:46:29","slug":"para-depositos-de-pales","status":"publish","type":"page","link":"https:\/\/www.palletcontroltower.eu\/es\/mijn-voordeel\/voor-palletdepots\/","title":{"rendered":"Para dep\u00f3sitos de pal\u00e9s"},"content":{"rendered":"<div class=\"wp-block-columns is-layout-flex wp-container-core-columns-is-layout-28f84493 wp-block-columns-is-layout-flex\">\n<div class=\"wp-block-column is-layout-flow wp-block-column-is-layout-flow\">\n<h2 class=\"wp-block-heading\">Atienda a su mercado de forma inteligente<\/h2>\n\n\n\n<p>Usted es un comerciante de pallets - productor de pallets - dep\u00f3sito de pallets en Europa, Asia o Am\u00e9rica\/Canad\u00e1. PCT Online ampliar\u00e1 su mercado.<\/p>\n\n\n\n<p>PCT Online se encuentra en todo tipo de industrias, por lo que est\u00e1 presente en todos los mercados. Los principales usuarios de pal\u00e9s de todo el mundo utilizan nuestra plataforma. Buscan transparencia en la cadena y un despliegue m\u00e1s sostenible de todos los soportes de carga utilizados. <\/p>\n\n\n\n<p>Preste servicio a su cliente internacional o mundial y establezca una red con sus colegas en Europa o en el extranjero. Pida localmente los palets necesarios mediante un pedido Deliver y evite costes innecesarios de transporte de camiones o contenedores s\u00f3lo con palets. \u00a1Sea sostenible e inteligente! <\/p>\n\n\n\n<div class=\"wp-block-buttons is-layout-flex wp-block-buttons-is-layout-flex\">\n<div class=\"wp-block-button\"><a class=\"wp-block-button__link has-white-color has-green-background-color has-text-color has-background has-link-color wp-element-button\" href=\"https:\/\/portal.pct-online.eu\/register\" target=\"_blank\" rel=\"noreferrer noopener\">Activar su cuenta<\/a><\/div>\n<\/div>\n<\/div>\n<\/div>\n\n\n\n<hr class=\"wp-block-separator has-alpha-channel-opacity\"\/>\n\n\n\n<div class=\"wp-block-columns are-vertically-aligned-center is-layout-flex wp-container-core-columns-is-layout-28f84493 wp-block-columns-is-layout-flex\">\n<div class=\"wp-block-column is-vertically-aligned-center is-layout-flow wp-block-column-is-layout-flow\">\n<figure class=\"wp-block-image size-full\"><img fetchpriority=\"high\" decoding=\"async\" width=\"1000\" height=\"667\" src=\"http:\/\/www.palletcontroltower.eu\/wp-content\/uploads\/2023\/12\/PCT_EPAL_storage.jpg\" alt=\"Eficacia \u00f3ptima en el almacenamiento gracias a los europal\u00e9s EPAL\" class=\"wp-image-807\" style=\"aspect-ratio:3\/4;object-fit:cover\" srcset=\"https:\/\/www.palletcontroltower.eu\/wp-content\/uploads\/2023\/12\/PCT_EPAL_storage.jpg 1000w, https:\/\/www.palletcontroltower.eu\/wp-content\/uploads\/2023\/12\/PCT_EPAL_storage-300x200.jpg 300w, https:\/\/www.palletcontroltower.eu\/wp-content\/uploads\/2023\/12\/PCT_EPAL_storage-768x512.jpg 768w, https:\/\/www.palletcontroltower.eu\/wp-content\/uploads\/2023\/12\/PCT_EPAL_storage-18x12.jpg 18w\" sizes=\"(max-width: 1000px) 100vw, 1000px\" \/><\/figure>\n<\/div>\n\n\n\n<div class=\"wp-block-column is-vertically-aligned-center is-layout-flow wp-block-column-is-layout-flow\">\n<h2 class=\"wp-block-heading\">Gesti\u00f3n eficaz y eficiente de pal\u00e9s<\/h2>\n\n\n\n<ol class=\"wp-block-list\">\n<li><strong>Cadena log\u00edstica integral<\/strong> - Los flujos de pallets en Europa son cada vez m\u00e1s complejos y, por tanto, m\u00e1s interesantes para los comerciantes y los dep\u00f3sitos de pallets. Pallet Control Tower Online (PCTO) aporta claridad y ampl\u00eda sus redes.<\/li>\n\n\n\n<li><strong>M\u00e1s comercio<\/strong> - PCT Online facilita la recogida, la entrega y el emparejamiento de forma inteligente. A trav\u00e9s de nuestro sistema patentado de cr\u00e9dito electr\u00f3nico, los europal\u00e9s y otros RTI pueden comprarse, venderse o emparejarse virtualmente. Los clientes hacen un pedido y el sistema se lo env\u00eda a usted, el proveedor de palets conectado. El cliente ve autom\u00e1ticamente su oferta y elige en funci\u00f3n del precio, la sostenibilidad (huella de CO2) o el \u2018proveedor preferente\u2019. Al activar su cuenta en PCT Online, aumenta su red y, por tanto, las posibilidades de ventas adicionales.<\/li>\n\n\n\n<li><strong>Acuerdos claros<\/strong> - Cada vez son m\u00e1s las empresas que sufren el estr\u00e9s de las paletas debido a sus extractos manuales y creados con Excel. Quieren recuperar el \"control\". \u00bfQu\u00e9 y cu\u00e1ntos palets hay d\u00f3nde y con qu\u00e9 acuerdos? Especialmente con la fluctuaci\u00f3n de los vol\u00famenes y los precios de los palets, los costes y los ingresos se convierten en elementos importantes para todos los usuarios de palets.<\/li>\n\n\n\n<li><strong>Valor de las paletas usadas<\/strong> - No vuelva a discutir sobre el valor de un pal\u00e9 usado. Usted clasifica y valora los palets despu\u00e9s de la recogida. Para el cliente, este valor representa un n\u00famero de e-Cr\u00e9ditos. El valor del e-Cr\u00e9dito est\u00e1 relacionado con el llamado \u00edndice EUWID; el est\u00e1ndar ampliamente aceptado en Europa. Si surge alguna discusi\u00f3n, nuestros gestores de cuentas vendr\u00e1n a evaluar el asunto.<\/li>\n\n\n\n<li><strong>R\u00e1pido, f\u00e1cil y seguro<\/strong> - Tras el acuerdo y la correcta ejecuci\u00f3n del pedido, recibir\u00e1 el pago en un plazo de 8 d\u00edas gracias a nuestro sistema de \"autofacturaci\u00f3n\". La plataforma es segura para todas las transacciones y registra con precisi\u00f3n cada intercambio. Ofrecemos, en varios idiomas, una interfaz f\u00e1cil de usar con una complejidad m\u00ednima. PCT Online puede vincularse a cualquier sistema ERP, VMS y WMS com\u00fan.<\/li>\n\n\n\n<li><strong>Servicios internacionales<\/strong> - Si tiene clientes internacionales, PCT Online tambi\u00e9n es ideal. Ampl\u00ede su cuenta de \"proveedor\" con la de \"usuario\" y seleccione un proveedor de palets colega en Europa para ejecutar una orden de Recogida o Entrega. Esto evita viajes innecesarios a trav\u00e9s de Europa con camiones llenos de palets vac\u00edos. El pago se realiza en cr\u00e9ditos electr\u00f3nicos sin IVA. Esta soluci\u00f3n es m\u00e1s rentable y sostenible.<\/li>\n<\/ol>\n\n\n\n<div class=\"wp-block-buttons is-content-justification-right is-layout-flex wp-container-core-buttons-is-layout-d445cf74 wp-block-buttons-is-layout-flex\"><\/div>\n<\/div>\n<\/div>\n\n\n\n<div class=\"wp-block-buttons is-content-justification-right is-layout-flex wp-container-core-buttons-is-layout-d445cf74 wp-block-buttons-is-layout-flex\">\n<div class=\"wp-block-button\"><a class=\"wp-block-button__link has-white-color has-mint-background-color has-text-color has-background has-link-color wp-element-button\" href=\"http:\/\/www.palletcontroltower.eu\/wp-content\/uploads\/2024\/01\/PCT_Leaflet_Depot_NL_PR8.pdf\" target=\"_blank\" rel=\"noreferrer noopener\">Descargar el folleto<\/a><\/div>\n<\/div>\n\n\n\n<hr class=\"wp-block-separator has-alpha-channel-opacity\"\/>\n\n\n\n<blockquote class=\"wp-block-quote is-layout-flow wp-block-quote-is-layout-flow\">\n<p class=\"has-text-align-center\">Evite el estr\u00e9s en los pal\u00e9s Pallet Control Tower es el est\u00e1ndar europeo y la plataforma de recogida y entrega por correspondencia para Europalets y otros RTI. Facilitamos el pooling abierto de la A a la Z. Y hacemos que la log\u00edstica de pal\u00e9s vuelva a ser manejable.<\/p>\n<\/blockquote>\n\n\n\n<hr class=\"wp-block-separator has-alpha-channel-opacity\"\/>\n\n\n\n<figure class=\"wp-block-image size-full\"><img decoding=\"async\" width=\"1600\" height=\"1066\" src=\"http:\/\/www.palletcontroltower.eu\/wp-content\/uploads\/2023\/11\/palletcontroltower-2.jpg\" alt=\"\" class=\"wp-image-207\" style=\"aspect-ratio:16\/9;object-fit:cover\" srcset=\"https:\/\/www.palletcontroltower.eu\/wp-content\/uploads\/2023\/11\/palletcontroltower-2.jpg 1600w, https:\/\/www.palletcontroltower.eu\/wp-content\/uploads\/2023\/11\/palletcontroltower-2-300x200.jpg 300w, https:\/\/www.palletcontroltower.eu\/wp-content\/uploads\/2023\/11\/palletcontroltower-2-1024x682.jpg 1024w, https:\/\/www.palletcontroltower.eu\/wp-content\/uploads\/2023\/11\/palletcontroltower-2-768x512.jpg 768w, https:\/\/www.palletcontroltower.eu\/wp-content\/uploads\/2023\/11\/palletcontroltower-2-1536x1023.jpg 1536w\" sizes=\"(max-width: 1600px) 100vw, 1600px\" \/><\/figure>\n\n\n\n<hr class=\"wp-block-separator has-alpha-channel-opacity\"\/>\n\n\n\n<div class=\"wp-block-columns is-layout-flex wp-container-core-columns-is-layout-28f84493 wp-block-columns-is-layout-flex\"><\/div>","protected":false},"excerpt":{"rendered":"<p>Service uw markt op een slimme manier U bent pallethandelaar &#8211; palletproducent &#8211; palletdepot binnen Europa, Azi\u00eb of Amerika\/Canada. Dan is PCT Online een verbreding en vergroting van uw markt. PCT Online is te vinden in alle soorten van industrie\u00ebn en is daarmee van alle markten thuis. Grote palletgebruikers van over de hele wereld maken [&hellip;]<\/p>\n","protected":false},"author":1,"featured_media":0,"parent":25,"menu_order":3,"comment_status":"closed","ping_status":"closed","template":"","meta":{"footnotes":""},"class_list":["post-33","page","type-page","status-publish","hentry"],"yoast_head":"<!-- This site is optimized with the Yoast SEO plugin v27.6 - https:\/\/yoast.com\/product\/yoast-seo-wordpress\/ -->\n<title>Voor palletdepots - Pallet Control Tower<\/title>\n<meta name=\"description\" content=\"Voor palletdepots zijn de voordelen o.a.: integrale logistieke keten, meer handel, heldere afspraken, waarde gebruikte pallets\" \/>\n<meta name=\"robots\" content=\"index, follow, max-snippet:-1, max-image-preview:large, max-video-preview:-1\" \/>\n<link rel=\"canonical\" href=\"https:\/\/www.palletcontroltower.eu\/es\/mi-ventaja\/para-depositos-de-pales\/\" \/>\n<meta property=\"og:locale\" content=\"es_ES\" \/>\n<meta property=\"og:type\" content=\"article\" \/>\n<meta property=\"og:title\" content=\"Voor palletdepots - Pallet Control Tower\" \/>\n<meta property=\"og:description\" content=\"Voor palletdepots zijn de voordelen o.a.: integrale logistieke keten, meer handel, heldere afspraken, waarde gebruikte pallets\" \/>\n<meta property=\"og:url\" content=\"https:\/\/www.palletcontroltower.eu\/es\/mi-ventaja\/para-depositos-de-pales\/\" \/>\n<meta property=\"og:site_name\" content=\"Pallet Control Tower\" \/>\n<meta property=\"article:modified_time\" content=\"2026-01-30T09:46:29+00:00\" \/>\n<meta property=\"og:image\" content=\"https:\/\/www.palletcontroltower.eu\/wp-content\/uploads\/2023\/12\/PCT_EPAL_storage.jpg\" \/>\n\t<meta property=\"og:image:width\" content=\"1000\" \/>\n\t<meta property=\"og:image:height\" content=\"667\" \/>\n\t<meta property=\"og:image:type\" content=\"image\/jpeg\" \/>\n<meta name=\"twitter:card\" content=\"summary_large_image\" \/>\n<meta name=\"twitter:label1\" content=\"Tiempo de lectura\" \/>\n\t<meta name=\"twitter:data1\" content=\"3 minutos\" \/>\n<script type=\"application\/ld+json\" class=\"yoast-schema-graph\">{\"@context\":\"https:\\\/\\\/schema.org\",\"@graph\":[{\"@type\":\"WebPage\",\"@id\":\"https:\\\/\\\/www.palletcontroltower.eu\\\/mijn-voordeel\\\/voor-palletdepots\\\/\",\"url\":\"https:\\\/\\\/www.palletcontroltower.eu\\\/mijn-voordeel\\\/voor-palletdepots\\\/\",\"name\":\"Voor palletdepots - Pallet Control Tower\",\"isPartOf\":{\"@id\":\"https:\\\/\\\/www.palletcontroltower.eu\\\/#website\"},\"primaryImageOfPage\":{\"@id\":\"https:\\\/\\\/www.palletcontroltower.eu\\\/mijn-voordeel\\\/voor-palletdepots\\\/#primaryimage\"},\"image\":{\"@id\":\"https:\\\/\\\/www.palletcontroltower.eu\\\/mijn-voordeel\\\/voor-palletdepots\\\/#primaryimage\"},\"thumbnailUrl\":\"http:\\\/\\\/www.palletcontroltower.eu\\\/wp-content\\\/uploads\\\/2023\\\/12\\\/PCT_EPAL_storage.jpg\",\"datePublished\":\"2023-11-22T08:01:30+00:00\",\"dateModified\":\"2026-01-30T09:46:29+00:00\",\"description\":\"Voor palletdepots zijn de voordelen o.a.: integrale logistieke keten, meer handel, heldere afspraken, waarde gebruikte pallets\",\"breadcrumb\":{\"@id\":\"https:\\\/\\\/www.palletcontroltower.eu\\\/mijn-voordeel\\\/voor-palletdepots\\\/#breadcrumb\"},\"inLanguage\":\"es\",\"potentialAction\":[{\"@type\":\"ReadAction\",\"target\":[\"https:\\\/\\\/www.palletcontroltower.eu\\\/mijn-voordeel\\\/voor-palletdepots\\\/\"]}]},{\"@type\":\"ImageObject\",\"inLanguage\":\"es\",\"@id\":\"https:\\\/\\\/www.palletcontroltower.eu\\\/mijn-voordeel\\\/voor-palletdepots\\\/#primaryimage\",\"url\":\"http:\\\/\\\/www.palletcontroltower.eu\\\/wp-content\\\/uploads\\\/2023\\\/12\\\/PCT_EPAL_storage.jpg\",\"contentUrl\":\"http:\\\/\\\/www.palletcontroltower.eu\\\/wp-content\\\/uploads\\\/2023\\\/12\\\/PCT_EPAL_storage.jpg\"},{\"@type\":\"BreadcrumbList\",\"@id\":\"https:\\\/\\\/www.palletcontroltower.eu\\\/mijn-voordeel\\\/voor-palletdepots\\\/#breadcrumb\",\"itemListElement\":[{\"@type\":\"ListItem\",\"position\":1,\"name\":\"Home\",\"item\":\"https:\\\/\\\/www.palletcontroltower.eu\\\/\"},{\"@type\":\"ListItem\",\"position\":2,\"name\":\"Mijn voordeel\",\"item\":\"https:\\\/\\\/www.palletcontroltower.eu\\\/pl\\\/mijn-voordeel\\\/\"},{\"@type\":\"ListItem\",\"position\":3,\"name\":\"Voor palletdepots\"}]},{\"@type\":\"WebSite\",\"@id\":\"https:\\\/\\\/www.palletcontroltower.eu\\\/#website\",\"url\":\"https:\\\/\\\/www.palletcontroltower.eu\\\/\",\"name\":\"Pallet Control Tower\",\"description\":\"\",\"publisher\":{\"@id\":\"https:\\\/\\\/www.palletcontroltower.eu\\\/#organization\"},\"potentialAction\":[{\"@type\":\"SearchAction\",\"target\":{\"@type\":\"EntryPoint\",\"urlTemplate\":\"https:\\\/\\\/www.palletcontroltower.eu\\\/?s={search_term_string}\"},\"query-input\":{\"@type\":\"PropertyValueSpecification\",\"valueRequired\":true,\"valueName\":\"search_term_string\"}}],\"inLanguage\":\"es\"},{\"@type\":\"Organization\",\"@id\":\"https:\\\/\\\/www.palletcontroltower.eu\\\/#organization\",\"name\":\"Pallet Control Tower\",\"url\":\"https:\\\/\\\/www.palletcontroltower.eu\\\/\",\"logo\":{\"@type\":\"ImageObject\",\"inLanguage\":\"es\",\"@id\":\"https:\\\/\\\/www.palletcontroltower.eu\\\/#\\\/schema\\\/logo\\\/image\\\/\",\"url\":\"https:\\\/\\\/www.palletcontroltower.eu\\\/wp-content\\\/uploads\\\/2023\\\/10\\\/logo.svg\",\"contentUrl\":\"https:\\\/\\\/www.palletcontroltower.eu\\\/wp-content\\\/uploads\\\/2023\\\/10\\\/logo.svg\",\"width\":290,\"height\":87,\"caption\":\"Pallet Control Tower\"},\"image\":{\"@id\":\"https:\\\/\\\/www.palletcontroltower.eu\\\/#\\\/schema\\\/logo\\\/image\\\/\"}}]}<\/script>\n<!-- \/ Yoast SEO plugin. -->","yoast_head_json":{"title":"Para dep\u00f3sitos de pal\u00e9s - Torre de control de pal\u00e9s","description":"Para los almacenes de pal\u00e9s, los beneficios incluyen: cadena log\u00edstica integrada, aumento del comercio, acuerdos claros, valor de los pal\u00e9s usados","robots":{"index":"index","follow":"follow","max-snippet":"max-snippet:-1","max-image-preview":"max-image-preview:large","max-video-preview":"max-video-preview:-1"},"canonical":"https:\/\/www.palletcontroltower.eu\/es\/mi-ventaja\/para-depositos-de-pales\/","og_locale":"es_ES","og_type":"article","og_title":"Voor palletdepots - Pallet Control Tower","og_description":"Voor palletdepots zijn de voordelen o.a.: integrale logistieke keten, meer handel, heldere afspraken, waarde gebruikte pallets","og_url":"https:\/\/www.palletcontroltower.eu\/es\/mi-ventaja\/para-depositos-de-pales\/","og_site_name":"Pallet Control Tower","article_modified_time":"2026-01-30T09:46:29+00:00","og_image":[{"width":1000,"height":667,"url":"https:\/\/www.palletcontroltower.eu\/wp-content\/uploads\/2023\/12\/PCT_EPAL_storage.jpg","type":"image\/jpeg"}],"twitter_card":"summary_large_image","twitter_misc":{"Tiempo de lectura":"3 minutos"},"schema":{"@context":"https:\/\/schema.org","@graph":[{"@type":"WebPage","@id":"https:\/\/www.palletcontroltower.eu\/mijn-voordeel\/voor-palletdepots\/","url":"https:\/\/www.palletcontroltower.eu\/mijn-voordeel\/voor-palletdepots\/","name":"Para dep\u00f3sitos de pal\u00e9s - Torre de control de pal\u00e9s","isPartOf":{"@id":"https:\/\/www.palletcontroltower.eu\/#website"},"primaryImageOfPage":{"@id":"https:\/\/www.palletcontroltower.eu\/mijn-voordeel\/voor-palletdepots\/#primaryimage"},"image":{"@id":"https:\/\/www.palletcontroltower.eu\/mijn-voordeel\/voor-palletdepots\/#primaryimage"},"thumbnailUrl":"http:\/\/www.palletcontroltower.eu\/wp-content\/uploads\/2023\/12\/PCT_EPAL_storage.jpg","datePublished":"2023-11-22T08:01:30+00:00","dateModified":"2026-01-30T09:46:29+00:00","description":"Para los almacenes de pal\u00e9s, los beneficios incluyen: cadena log\u00edstica integrada, aumento del comercio, acuerdos claros, valor de los pal\u00e9s usados","breadcrumb":{"@id":"https:\/\/www.palletcontroltower.eu\/mijn-voordeel\/voor-palletdepots\/#breadcrumb"},"inLanguage":"es","potentialAction":[{"@type":"ReadAction","target":["https:\/\/www.palletcontroltower.eu\/mijn-voordeel\/voor-palletdepots\/"]}]},{"@type":"ImageObject","inLanguage":"es","@id":"https:\/\/www.palletcontroltower.eu\/mijn-voordeel\/voor-palletdepots\/#primaryimage","url":"http:\/\/www.palletcontroltower.eu\/wp-content\/uploads\/2023\/12\/PCT_EPAL_storage.jpg","contentUrl":"http:\/\/www.palletcontroltower.eu\/wp-content\/uploads\/2023\/12\/PCT_EPAL_storage.jpg"},{"@type":"BreadcrumbList","@id":"https:\/\/www.palletcontroltower.eu\/mijn-voordeel\/voor-palletdepots\/#breadcrumb","itemListElement":[{"@type":"ListItem","position":1,"name":"Home","item":"https:\/\/www.palletcontroltower.eu\/"},{"@type":"ListItem","position":2,"name":"Mijn voordeel","item":"https:\/\/www.palletcontroltower.eu\/pl\/mijn-voordeel\/"},{"@type":"ListItem","position":3,"name":"Voor palletdepots"}]},{"@type":"WebSite","@id":"https:\/\/www.palletcontroltower.eu\/#website","url":"https:\/\/www.palletcontroltower.eu\/","name":"Torre de control de pal\u00e9s","description":"","publisher":{"@id":"https:\/\/www.palletcontroltower.eu\/#organization"},"potentialAction":[{"@type":"SearchAction","target":{"@type":"EntryPoint","urlTemplate":"https:\/\/www.palletcontroltower.eu\/?s={search_term_string}"},"query-input":{"@type":"PropertyValueSpecification","valueRequired":true,"valueName":"search_term_string"}}],"inLanguage":"es"},{"@type":"Organization","@id":"https:\/\/www.palletcontroltower.eu\/#organization","name":"Torre de control de pal\u00e9s","url":"https:\/\/www.palletcontroltower.eu\/","logo":{"@type":"ImageObject","inLanguage":"es","@id":"https:\/\/www.palletcontroltower.eu\/#\/schema\/logo\/image\/","url":"https:\/\/www.palletcontroltower.eu\/wp-content\/uploads\/2023\/10\/logo.svg","contentUrl":"https:\/\/www.palletcontroltower.eu\/wp-content\/uploads\/2023\/10\/logo.svg","width":290,"height":87,"caption":"Pallet Control Tower"},"image":{"@id":"https:\/\/www.palletcontroltower.eu\/#\/schema\/logo\/image\/"}}]}},"_links":{"self":[{"href":"https:\/\/www.palletcontroltower.eu\/es\/wp-json\/wp\/v2\/pages\/33","targetHints":{"allow":["GET"]}}],"collection":[{"href":"https:\/\/www.palletcontroltower.eu\/es\/wp-json\/wp\/v2\/pages"}],"about":[{"href":"https:\/\/www.palletcontroltower.eu\/es\/wp-json\/wp\/v2\/types\/page"}],"author":[{"embeddable":true,"href":"https:\/\/www.palletcontroltower.eu\/es\/wp-json\/wp\/v2\/users\/1"}],"replies":[{"embeddable":true,"href":"https:\/\/www.palletcontroltower.eu\/es\/wp-json\/wp\/v2\/comments?post=33"}],"version-history":[{"count":24,"href":"https:\/\/www.palletcontroltower.eu\/es\/wp-json\/wp\/v2\/pages\/33\/revisions"}],"predecessor-version":[{"id":1230,"href":"https:\/\/www.palletcontroltower.eu\/es\/wp-json\/wp\/v2\/pages\/33\/revisions\/1230"}],"up":[{"embeddable":true,"href":"https:\/\/www.palletcontroltower.eu\/es\/wp-json\/wp\/v2\/pages\/25"}],"wp:attachment":[{"href":"https:\/\/www.palletcontroltower.eu\/es\/wp-json\/wp\/v2\/media?parent=33"}],"curies":[{"name":"wp","href":"https:\/\/api.w.org\/{rel}","templated":true}]}}