{"id":36,"date":"2023-11-22T08:01:41","date_gmt":"2023-11-22T08:01:41","guid":{"rendered":"http:\/\/www.palletcontroltower.eu\/?page_id=36"},"modified":"2026-01-30T09:48:28","modified_gmt":"2026-01-30T09:48:28","slug":"para-la-proxima-generacion","status":"publish","type":"page","link":"https:\/\/www.palletcontroltower.eu\/es\/mijn-voordeel\/voor-de-volgende-generatie\/","title":{"rendered":"Para la pr\u00f3xima generaci\u00f3n"},"content":{"rendered":"<div class=\"wp-block-columns is-layout-flex wp-container-core-columns-is-layout-28f84493 wp-block-columns-is-layout-flex\">\n<div class=\"wp-block-column is-layout-flow wp-block-column-is-layout-flow\">\n<h2 class=\"wp-block-heading\">Reparar, reutilizar, reciclar<\/h2>\n\n\n\n<p>Hoy empezamos a dejar el planeta en buenas condiciones para la pr\u00f3xima generaci\u00f3n. Para ello, la Comisi\u00f3n Europea ha dado el siguiente paso con el nuevo: <strong><a href=\"https:\/\/environment.ec.europa.eu\/topics\/waste-and-recycling\/packaging-waste_en\" target=\"_blank\" rel=\"noreferrer noopener\">Directiva sobre envases y residuos de envases<\/a> <\/strong>en el que Reparar, Reutilizar y Reciclar son los principios rectores. Utilizando Pallet Control Tower Online junto con sus socios de la cadena log\u00edstica, se anticipar\u00e1 a estos objetivos de sostenibilidad. Pase de palets unidireccionales a multidireccionales y reutilice m\u00e1s palets, despu\u00e9s de repararlos o no. Utilizar los palets que est\u00e1n en su almac\u00e9n para ser recogidos. Compre palets de segunda mano. Nuestro sistema se basa en europalets con palets nuevos y usados.<\/p>\n\n\n\n<div class=\"wp-block-buttons is-layout-flex wp-block-buttons-is-layout-flex\">\n<div class=\"wp-block-button\"><a class=\"wp-block-button__link has-white-color has-green-background-color has-text-color has-background has-link-color wp-element-button\" href=\"https:\/\/portal.pct-online.eu\/register\" target=\"_blank\" rel=\"noreferrer noopener\">Activar su cuenta<\/a><\/div>\n<\/div>\n<\/div>\n<\/div>\n\n\n\n<hr class=\"wp-block-separator has-alpha-channel-opacity\"\/>\n\n\n\n<div class=\"wp-block-columns are-vertically-aligned-center is-layout-flex wp-container-core-columns-is-layout-28f84493 wp-block-columns-is-layout-flex\">\n<div class=\"wp-block-column is-vertically-aligned-center is-layout-flow wp-block-column-is-layout-flow\">\n<figure class=\"wp-block-image aligncenter size-full is-resized\"><img fetchpriority=\"high\" decoding=\"async\" width=\"1310\" height=\"1124\" src=\"http:\/\/www.palletcontroltower.eu\/wp-content\/uploads\/2024\/01\/E_SDG_logo_UN_emblem_square_trans_WEB.png\" alt=\"\" class=\"wp-image-998\" style=\"aspect-ratio:1.3333333333333333;object-fit:cover;width:296px;height:auto\" srcset=\"https:\/\/www.palletcontroltower.eu\/wp-content\/uploads\/2024\/01\/E_SDG_logo_UN_emblem_square_trans_WEB.png 1310w, https:\/\/www.palletcontroltower.eu\/wp-content\/uploads\/2024\/01\/E_SDG_logo_UN_emblem_square_trans_WEB-300x257.png 300w, https:\/\/www.palletcontroltower.eu\/wp-content\/uploads\/2024\/01\/E_SDG_logo_UN_emblem_square_trans_WEB-1024x879.png 1024w, https:\/\/www.palletcontroltower.eu\/wp-content\/uploads\/2024\/01\/E_SDG_logo_UN_emblem_square_trans_WEB-768x659.png 768w, https:\/\/www.palletcontroltower.eu\/wp-content\/uploads\/2024\/01\/E_SDG_logo_UN_emblem_square_trans_WEB-14x12.png 14w\" sizes=\"(max-width: 1310px) 100vw, 1310px\" \/><\/figure>\n<\/div>\n\n\n\n<div class=\"wp-block-column is-vertically-aligned-center is-layout-flow wp-block-column-is-layout-flow\">\n<h2 class=\"wp-block-heading\">Objetivos de Desarrollo Sostenible<\/h2>\n\n\n\n<p>Las grandes empresas ya tienen que cumplir la <a href=\"https:\/\/sdgs.un.org\/goals\" target=\"_blank\" rel=\"noreferrer noopener\">ODS de las Naciones Unidas<\/a>. Un reto adicional para muchos departamentos de log\u00edstica y gesti\u00f3n de la cadena de suministro para contribuir a los objetivos corporativos. Los productores de europalets tienen que cumplir requisitos estrictos, como el uso de madera sostenible - PEFC. Con PCT Online, usted cumple al menos cinco ODS:<\/p>\n\n\n\n<ul class=\"wp-block-list\">\n<li>8 - Trabajo digno y crecimiento econ\u00f3mico<\/li>\n\n\n\n<li>9 - Industria, innovaci\u00f3n e infraestructuras<\/li>\n\n\n\n<li>12 - Consumo y producci\u00f3n responsables<\/li>\n\n\n\n<li>13 - Acci\u00f3n por el clima<\/li>\n\n\n\n<li>17 - Asociaciones para alcanzar objetivos. <\/li>\n<\/ul>\n\n\n\n<div style=\"height:30px\" aria-hidden=\"true\" class=\"wp-block-spacer\"><\/div>\n\n\n\n<figure class=\"wp-block-gallery has-nested-images columns-5 is-cropped wp-block-gallery-1 is-layout-flex wp-block-gallery-is-layout-flex\">\n<figure class=\"wp-block-image size-large\"><img decoding=\"async\" width=\"1024\" height=\"1024\" data-id=\"999\" src=\"http:\/\/www.palletcontroltower.eu\/wp-content\/uploads\/2024\/01\/E_WEB_08-1024x1024.png\" alt=\"\" class=\"wp-image-999\" srcset=\"https:\/\/www.palletcontroltower.eu\/wp-content\/uploads\/2024\/01\/E_WEB_08-1024x1024.png 1024w, https:\/\/www.palletcontroltower.eu\/wp-content\/uploads\/2024\/01\/E_WEB_08-300x300.png 300w, https:\/\/www.palletcontroltower.eu\/wp-content\/uploads\/2024\/01\/E_WEB_08-150x150.png 150w, https:\/\/www.palletcontroltower.eu\/wp-content\/uploads\/2024\/01\/E_WEB_08-768x768.png 768w, https:\/\/www.palletcontroltower.eu\/wp-content\/uploads\/2024\/01\/E_WEB_08-12x12.png 12w, https:\/\/www.palletcontroltower.eu\/wp-content\/uploads\/2024\/01\/E_WEB_08.png 1500w\" sizes=\"(max-width: 1024px) 100vw, 1024px\" \/><\/figure>\n\n\n\n<figure class=\"wp-block-image size-large\"><img decoding=\"async\" width=\"1024\" height=\"1024\" data-id=\"1000\" src=\"http:\/\/www.palletcontroltower.eu\/wp-content\/uploads\/2024\/01\/E_WEB_09-1024x1024.png\" alt=\"\" class=\"wp-image-1000\" srcset=\"https:\/\/www.palletcontroltower.eu\/wp-content\/uploads\/2024\/01\/E_WEB_09-1024x1024.png 1024w, https:\/\/www.palletcontroltower.eu\/wp-content\/uploads\/2024\/01\/E_WEB_09-300x300.png 300w, https:\/\/www.palletcontroltower.eu\/wp-content\/uploads\/2024\/01\/E_WEB_09-150x150.png 150w, https:\/\/www.palletcontroltower.eu\/wp-content\/uploads\/2024\/01\/E_WEB_09-768x768.png 768w, https:\/\/www.palletcontroltower.eu\/wp-content\/uploads\/2024\/01\/E_WEB_09-12x12.png 12w, https:\/\/www.palletcontroltower.eu\/wp-content\/uploads\/2024\/01\/E_WEB_09.png 1500w\" sizes=\"(max-width: 1024px) 100vw, 1024px\" \/><\/figure>\n\n\n\n<figure class=\"wp-block-image size-large\"><img loading=\"lazy\" decoding=\"async\" width=\"1024\" height=\"1024\" data-id=\"1001\" src=\"http:\/\/www.palletcontroltower.eu\/wp-content\/uploads\/2024\/01\/E_WEB_12-1024x1024.png\" alt=\"\" class=\"wp-image-1001\" srcset=\"https:\/\/www.palletcontroltower.eu\/wp-content\/uploads\/2024\/01\/E_WEB_12-1024x1024.png 1024w, https:\/\/www.palletcontroltower.eu\/wp-content\/uploads\/2024\/01\/E_WEB_12-300x300.png 300w, https:\/\/www.palletcontroltower.eu\/wp-content\/uploads\/2024\/01\/E_WEB_12-150x150.png 150w, https:\/\/www.palletcontroltower.eu\/wp-content\/uploads\/2024\/01\/E_WEB_12-768x768.png 768w, https:\/\/www.palletcontroltower.eu\/wp-content\/uploads\/2024\/01\/E_WEB_12-12x12.png 12w, https:\/\/www.palletcontroltower.eu\/wp-content\/uploads\/2024\/01\/E_WEB_12.png 1500w\" sizes=\"(max-width: 1024px) 100vw, 1024px\" \/><\/figure>\n\n\n\n<figure class=\"wp-block-image size-large\"><img loading=\"lazy\" decoding=\"async\" width=\"1024\" height=\"1024\" data-id=\"1002\" src=\"http:\/\/www.palletcontroltower.eu\/wp-content\/uploads\/2024\/01\/E_WEB_13-1024x1024.png\" alt=\"\" class=\"wp-image-1002\" srcset=\"https:\/\/www.palletcontroltower.eu\/wp-content\/uploads\/2024\/01\/E_WEB_13-1024x1024.png 1024w, https:\/\/www.palletcontroltower.eu\/wp-content\/uploads\/2024\/01\/E_WEB_13-300x300.png 300w, https:\/\/www.palletcontroltower.eu\/wp-content\/uploads\/2024\/01\/E_WEB_13-150x150.png 150w, https:\/\/www.palletcontroltower.eu\/wp-content\/uploads\/2024\/01\/E_WEB_13-768x768.png 768w, https:\/\/www.palletcontroltower.eu\/wp-content\/uploads\/2024\/01\/E_WEB_13-12x12.png 12w, https:\/\/www.palletcontroltower.eu\/wp-content\/uploads\/2024\/01\/E_WEB_13.png 1500w\" sizes=\"(max-width: 1024px) 100vw, 1024px\" \/><\/figure>\n\n\n\n<figure class=\"wp-block-image size-large\"><img loading=\"lazy\" decoding=\"async\" width=\"1024\" height=\"1024\" data-id=\"1003\" src=\"http:\/\/www.palletcontroltower.eu\/wp-content\/uploads\/2024\/01\/E_WEB_17-1024x1024.png\" alt=\"\" class=\"wp-image-1003\" srcset=\"https:\/\/www.palletcontroltower.eu\/wp-content\/uploads\/2024\/01\/E_WEB_17-1024x1024.png 1024w, https:\/\/www.palletcontroltower.eu\/wp-content\/uploads\/2024\/01\/E_WEB_17-300x300.png 300w, https:\/\/www.palletcontroltower.eu\/wp-content\/uploads\/2024\/01\/E_WEB_17-150x150.png 150w, https:\/\/www.palletcontroltower.eu\/wp-content\/uploads\/2024\/01\/E_WEB_17-768x768.png 768w, https:\/\/www.palletcontroltower.eu\/wp-content\/uploads\/2024\/01\/E_WEB_17-12x12.png 12w, https:\/\/www.palletcontroltower.eu\/wp-content\/uploads\/2024\/01\/E_WEB_17.png 1500w\" sizes=\"(max-width: 1024px) 100vw, 1024px\" \/><\/figure>\n<\/figure>\n<\/div>\n<\/div>\n\n\n\n<hr class=\"wp-block-separator has-alpha-channel-opacity\"\/>\n\n\n\n<blockquote class=\"wp-block-quote is-layout-flow wp-block-quote-is-layout-flow\">\n<p class=\"has-text-align-center\">Evite el estr\u00e9s en los pal\u00e9s Pallet Control Tower es el est\u00e1ndar europeo y la plataforma de recogida y entrega por correspondencia para europalets y, por lo dem\u00e1s, ATR. Facilitamos la puesta en com\u00fan abierta de la A a la Z. Y hacemos que la log\u00edstica de pal\u00e9s vuelva a ser manejable. &nbsp;<\/p>\n<\/blockquote>\n\n\n\n<hr class=\"wp-block-separator has-alpha-channel-opacity\"\/>\n\n\n\n<figure class=\"wp-block-image size-full\"><img loading=\"lazy\" decoding=\"async\" width=\"2119\" height=\"1414\" src=\"http:\/\/www.palletcontroltower.eu\/wp-content\/uploads\/2023\/12\/PalletControlTower_Kids-running-sustainable.jpeg\" alt=\"\" class=\"wp-image-843\" style=\"aspect-ratio:16\/9;object-fit:cover\" srcset=\"https:\/\/www.palletcontroltower.eu\/wp-content\/uploads\/2023\/12\/PalletControlTower_Kids-running-sustainable.jpeg 2119w, https:\/\/www.palletcontroltower.eu\/wp-content\/uploads\/2023\/12\/PalletControlTower_Kids-running-sustainable-300x200.jpeg 300w, https:\/\/www.palletcontroltower.eu\/wp-content\/uploads\/2023\/12\/PalletControlTower_Kids-running-sustainable-1024x683.jpeg 1024w, https:\/\/www.palletcontroltower.eu\/wp-content\/uploads\/2023\/12\/PalletControlTower_Kids-running-sustainable-768x512.jpeg 768w, https:\/\/www.palletcontroltower.eu\/wp-content\/uploads\/2023\/12\/PalletControlTower_Kids-running-sustainable-1536x1025.jpeg 1536w, https:\/\/www.palletcontroltower.eu\/wp-content\/uploads\/2023\/12\/PalletControlTower_Kids-running-sustainable-2048x1367.jpeg 2048w, https:\/\/www.palletcontroltower.eu\/wp-content\/uploads\/2023\/12\/PalletControlTower_Kids-running-sustainable-18x12.jpeg 18w\" sizes=\"(max-width: 2119px) 100vw, 2119px\" \/><\/figure>\n\n\n\n<hr class=\"wp-block-separator has-alpha-channel-opacity\"\/>","protected":false},"excerpt":{"rendered":"<p>Repair, Re-use, Recycle Vandaag beginnen we met de planeet op de juiste manier achter te laten voor de volgende generatie. De Europese Commissie heeft daartoe een volgende stap gezet met de nieuwe: &#8216;Packaging &amp; Packaging Waste Directive&#8217; waarin Repair, Re-use en Recycle de uitgangspunten zijn. Door samen met uw logistieke ketenpartners gebruik te maken van [&hellip;]<\/p>\n","protected":false},"author":1,"featured_media":0,"parent":25,"menu_order":5,"comment_status":"closed","ping_status":"closed","template":"","meta":{"footnotes":""},"class_list":["post-36","page","type-page","status-publish","hentry"],"yoast_head":"<!-- This site is optimized with the Yoast SEO plugin v27.3 - https:\/\/yoast.com\/product\/yoast-seo-wordpress\/ -->\n<title>Voor de volgende generatie - Pallet Control Tower<\/title>\n<meta name=\"description\" content=\"Pallet Control Tower Online is een duurzame oplossing voor palletmanagement. Het platform is gebaseerd op: re-use, recycle, repair - PPWD\" \/>\n<meta name=\"robots\" content=\"index, follow, max-snippet:-1, max-image-preview:large, max-video-preview:-1\" \/>\n<link rel=\"canonical\" href=\"https:\/\/www.palletcontroltower.eu\/es\/mi-ventaja\/para-la-proxima-generacion\/\" \/>\n<meta property=\"og:locale\" content=\"es_ES\" \/>\n<meta property=\"og:type\" content=\"article\" \/>\n<meta property=\"og:title\" content=\"Voor de volgende generatie - Pallet Control Tower\" \/>\n<meta property=\"og:description\" content=\"Pallet Control Tower Online is een duurzame oplossing voor palletmanagement. Het platform is gebaseerd op: re-use, recycle, repair - PPWD\" \/>\n<meta property=\"og:url\" content=\"https:\/\/www.palletcontroltower.eu\/es\/mi-ventaja\/para-la-proxima-generacion\/\" \/>\n<meta property=\"og:site_name\" content=\"Pallet Control Tower\" \/>\n<meta property=\"article:modified_time\" content=\"2026-01-30T09:48:28+00:00\" \/>\n<meta property=\"og:image\" content=\"https:\/\/www.palletcontroltower.eu\/wp-content\/uploads\/2024\/01\/E_SDG_logo_UN_emblem_square_trans_WEB.png\" \/>\n\t<meta property=\"og:image:width\" content=\"1310\" \/>\n\t<meta property=\"og:image:height\" content=\"1124\" \/>\n\t<meta property=\"og:image:type\" content=\"image\/png\" \/>\n<meta name=\"twitter:card\" content=\"summary_large_image\" \/>\n<meta name=\"twitter:label1\" content=\"Tiempo de lectura\" \/>\n\t<meta name=\"twitter:data1\" content=\"3 minutos\" \/>\n<script type=\"application\/ld+json\" class=\"yoast-schema-graph\">{\"@context\":\"https:\\\/\\\/schema.org\",\"@graph\":[{\"@type\":\"WebPage\",\"@id\":\"https:\\\/\\\/www.palletcontroltower.eu\\\/mijn-voordeel\\\/voor-de-volgende-generatie\\\/\",\"url\":\"https:\\\/\\\/www.palletcontroltower.eu\\\/mijn-voordeel\\\/voor-de-volgende-generatie\\\/\",\"name\":\"Voor de volgende generatie - Pallet Control Tower\",\"isPartOf\":{\"@id\":\"https:\\\/\\\/www.palletcontroltower.eu\\\/#website\"},\"primaryImageOfPage\":{\"@id\":\"https:\\\/\\\/www.palletcontroltower.eu\\\/mijn-voordeel\\\/voor-de-volgende-generatie\\\/#primaryimage\"},\"image\":{\"@id\":\"https:\\\/\\\/www.palletcontroltower.eu\\\/mijn-voordeel\\\/voor-de-volgende-generatie\\\/#primaryimage\"},\"thumbnailUrl\":\"http:\\\/\\\/www.palletcontroltower.eu\\\/wp-content\\\/uploads\\\/2024\\\/01\\\/E_SDG_logo_UN_emblem_square_trans_WEB.png\",\"datePublished\":\"2023-11-22T08:01:41+00:00\",\"dateModified\":\"2026-01-30T09:48:28+00:00\",\"description\":\"Pallet Control Tower Online is een duurzame oplossing voor palletmanagement. Het platform is gebaseerd op: re-use, recycle, repair - PPWD\",\"breadcrumb\":{\"@id\":\"https:\\\/\\\/www.palletcontroltower.eu\\\/mijn-voordeel\\\/voor-de-volgende-generatie\\\/#breadcrumb\"},\"inLanguage\":\"es\",\"potentialAction\":[{\"@type\":\"ReadAction\",\"target\":[\"https:\\\/\\\/www.palletcontroltower.eu\\\/mijn-voordeel\\\/voor-de-volgende-generatie\\\/\"]}]},{\"@type\":\"ImageObject\",\"inLanguage\":\"es\",\"@id\":\"https:\\\/\\\/www.palletcontroltower.eu\\\/mijn-voordeel\\\/voor-de-volgende-generatie\\\/#primaryimage\",\"url\":\"http:\\\/\\\/www.palletcontroltower.eu\\\/wp-content\\\/uploads\\\/2024\\\/01\\\/E_SDG_logo_UN_emblem_square_trans_WEB.png\",\"contentUrl\":\"http:\\\/\\\/www.palletcontroltower.eu\\\/wp-content\\\/uploads\\\/2024\\\/01\\\/E_SDG_logo_UN_emblem_square_trans_WEB.png\"},{\"@type\":\"BreadcrumbList\",\"@id\":\"https:\\\/\\\/www.palletcontroltower.eu\\\/mijn-voordeel\\\/voor-de-volgende-generatie\\\/#breadcrumb\",\"itemListElement\":[{\"@type\":\"ListItem\",\"position\":1,\"name\":\"Home\",\"item\":\"https:\\\/\\\/www.palletcontroltower.eu\\\/\"},{\"@type\":\"ListItem\",\"position\":2,\"name\":\"Mijn voordeel\",\"item\":\"https:\\\/\\\/www.palletcontroltower.eu\\\/pl\\\/mijn-voordeel\\\/\"},{\"@type\":\"ListItem\",\"position\":3,\"name\":\"Voor de volgende generatie\"}]},{\"@type\":\"WebSite\",\"@id\":\"https:\\\/\\\/www.palletcontroltower.eu\\\/#website\",\"url\":\"https:\\\/\\\/www.palletcontroltower.eu\\\/\",\"name\":\"Pallet Control Tower\",\"description\":\"\",\"publisher\":{\"@id\":\"https:\\\/\\\/www.palletcontroltower.eu\\\/#organization\"},\"potentialAction\":[{\"@type\":\"SearchAction\",\"target\":{\"@type\":\"EntryPoint\",\"urlTemplate\":\"https:\\\/\\\/www.palletcontroltower.eu\\\/?s={search_term_string}\"},\"query-input\":{\"@type\":\"PropertyValueSpecification\",\"valueRequired\":true,\"valueName\":\"search_term_string\"}}],\"inLanguage\":\"es\"},{\"@type\":\"Organization\",\"@id\":\"https:\\\/\\\/www.palletcontroltower.eu\\\/#organization\",\"name\":\"Pallet Control Tower\",\"url\":\"https:\\\/\\\/www.palletcontroltower.eu\\\/\",\"logo\":{\"@type\":\"ImageObject\",\"inLanguage\":\"es\",\"@id\":\"https:\\\/\\\/www.palletcontroltower.eu\\\/#\\\/schema\\\/logo\\\/image\\\/\",\"url\":\"https:\\\/\\\/www.palletcontroltower.eu\\\/wp-content\\\/uploads\\\/2023\\\/10\\\/logo.svg\",\"contentUrl\":\"https:\\\/\\\/www.palletcontroltower.eu\\\/wp-content\\\/uploads\\\/2023\\\/10\\\/logo.svg\",\"width\":290,\"height\":87,\"caption\":\"Pallet Control Tower\"},\"image\":{\"@id\":\"https:\\\/\\\/www.palletcontroltower.eu\\\/#\\\/schema\\\/logo\\\/image\\\/\"}}]}<\/script>\n<!-- \/ Yoast SEO plugin. -->","yoast_head_json":{"title":"Para la pr\u00f3xima generaci\u00f3n - Torre de control de pal\u00e9s","description":"Pallet Control Tower Online es una soluci\u00f3n sostenible para la gesti\u00f3n de pal\u00e9s. La plataforma se basa en: reutilizar, reciclar, reparar - PPWD","robots":{"index":"index","follow":"follow","max-snippet":"max-snippet:-1","max-image-preview":"max-image-preview:large","max-video-preview":"max-video-preview:-1"},"canonical":"https:\/\/www.palletcontroltower.eu\/es\/mi-ventaja\/para-la-proxima-generacion\/","og_locale":"es_ES","og_type":"article","og_title":"Voor de volgende generatie - Pallet Control Tower","og_description":"Pallet Control Tower Online is een duurzame oplossing voor palletmanagement. Het platform is gebaseerd op: re-use, recycle, repair - PPWD","og_url":"https:\/\/www.palletcontroltower.eu\/es\/mi-ventaja\/para-la-proxima-generacion\/","og_site_name":"Pallet Control Tower","article_modified_time":"2026-01-30T09:48:28+00:00","og_image":[{"width":1310,"height":1124,"url":"https:\/\/www.palletcontroltower.eu\/wp-content\/uploads\/2024\/01\/E_SDG_logo_UN_emblem_square_trans_WEB.png","type":"image\/png"}],"twitter_card":"summary_large_image","twitter_misc":{"Tiempo de lectura":"3 minutos"},"schema":{"@context":"https:\/\/schema.org","@graph":[{"@type":"WebPage","@id":"https:\/\/www.palletcontroltower.eu\/mijn-voordeel\/voor-de-volgende-generatie\/","url":"https:\/\/www.palletcontroltower.eu\/mijn-voordeel\/voor-de-volgende-generatie\/","name":"Para la pr\u00f3xima generaci\u00f3n - Torre de control de pal\u00e9s","isPartOf":{"@id":"https:\/\/www.palletcontroltower.eu\/#website"},"primaryImageOfPage":{"@id":"https:\/\/www.palletcontroltower.eu\/mijn-voordeel\/voor-de-volgende-generatie\/#primaryimage"},"image":{"@id":"https:\/\/www.palletcontroltower.eu\/mijn-voordeel\/voor-de-volgende-generatie\/#primaryimage"},"thumbnailUrl":"http:\/\/www.palletcontroltower.eu\/wp-content\/uploads\/2024\/01\/E_SDG_logo_UN_emblem_square_trans_WEB.png","datePublished":"2023-11-22T08:01:41+00:00","dateModified":"2026-01-30T09:48:28+00:00","description":"Pallet Control Tower Online es una soluci\u00f3n sostenible para la gesti\u00f3n de pal\u00e9s. La plataforma se basa en: reutilizar, reciclar, reparar - PPWD","breadcrumb":{"@id":"https:\/\/www.palletcontroltower.eu\/mijn-voordeel\/voor-de-volgende-generatie\/#breadcrumb"},"inLanguage":"es","potentialAction":[{"@type":"ReadAction","target":["https:\/\/www.palletcontroltower.eu\/mijn-voordeel\/voor-de-volgende-generatie\/"]}]},{"@type":"ImageObject","inLanguage":"es","@id":"https:\/\/www.palletcontroltower.eu\/mijn-voordeel\/voor-de-volgende-generatie\/#primaryimage","url":"http:\/\/www.palletcontroltower.eu\/wp-content\/uploads\/2024\/01\/E_SDG_logo_UN_emblem_square_trans_WEB.png","contentUrl":"http:\/\/www.palletcontroltower.eu\/wp-content\/uploads\/2024\/01\/E_SDG_logo_UN_emblem_square_trans_WEB.png"},{"@type":"BreadcrumbList","@id":"https:\/\/www.palletcontroltower.eu\/mijn-voordeel\/voor-de-volgende-generatie\/#breadcrumb","itemListElement":[{"@type":"ListItem","position":1,"name":"Home","item":"https:\/\/www.palletcontroltower.eu\/"},{"@type":"ListItem","position":2,"name":"Mijn voordeel","item":"https:\/\/www.palletcontroltower.eu\/pl\/mijn-voordeel\/"},{"@type":"ListItem","position":3,"name":"Voor de volgende generatie"}]},{"@type":"WebSite","@id":"https:\/\/www.palletcontroltower.eu\/#website","url":"https:\/\/www.palletcontroltower.eu\/","name":"Torre de control de pal\u00e9s","description":"","publisher":{"@id":"https:\/\/www.palletcontroltower.eu\/#organization"},"potentialAction":[{"@type":"SearchAction","target":{"@type":"EntryPoint","urlTemplate":"https:\/\/www.palletcontroltower.eu\/?s={search_term_string}"},"query-input":{"@type":"PropertyValueSpecification","valueRequired":true,"valueName":"search_term_string"}}],"inLanguage":"es"},{"@type":"Organization","@id":"https:\/\/www.palletcontroltower.eu\/#organization","name":"Torre de control de pal\u00e9s","url":"https:\/\/www.palletcontroltower.eu\/","logo":{"@type":"ImageObject","inLanguage":"es","@id":"https:\/\/www.palletcontroltower.eu\/#\/schema\/logo\/image\/","url":"https:\/\/www.palletcontroltower.eu\/wp-content\/uploads\/2023\/10\/logo.svg","contentUrl":"https:\/\/www.palletcontroltower.eu\/wp-content\/uploads\/2023\/10\/logo.svg","width":290,"height":87,"caption":"Pallet Control Tower"},"image":{"@id":"https:\/\/www.palletcontroltower.eu\/#\/schema\/logo\/image\/"}}]}},"_links":{"self":[{"href":"https:\/\/www.palletcontroltower.eu\/es\/wp-json\/wp\/v2\/pages\/36","targetHints":{"allow":["GET"]}}],"collection":[{"href":"https:\/\/www.palletcontroltower.eu\/es\/wp-json\/wp\/v2\/pages"}],"about":[{"href":"https:\/\/www.palletcontroltower.eu\/es\/wp-json\/wp\/v2\/types\/page"}],"author":[{"embeddable":true,"href":"https:\/\/www.palletcontroltower.eu\/es\/wp-json\/wp\/v2\/users\/1"}],"replies":[{"embeddable":true,"href":"https:\/\/www.palletcontroltower.eu\/es\/wp-json\/wp\/v2\/comments?post=36"}],"version-history":[{"count":22,"href":"https:\/\/www.palletcontroltower.eu\/es\/wp-json\/wp\/v2\/pages\/36\/revisions"}],"predecessor-version":[{"id":1232,"href":"https:\/\/www.palletcontroltower.eu\/es\/wp-json\/wp\/v2\/pages\/36\/revisions\/1232"}],"up":[{"embeddable":true,"href":"https:\/\/www.palletcontroltower.eu\/es\/wp-json\/wp\/v2\/pages\/25"}],"wp:attachment":[{"href":"https:\/\/www.palletcontroltower.eu\/es\/wp-json\/wp\/v2\/media?parent=36"}],"curies":[{"name":"wp","href":"https:\/\/api.w.org\/{rel}","templated":true}]}}