{"id":42,"date":"2023-11-22T08:02:12","date_gmt":"2023-11-22T08:02:12","guid":{"rendered":"http:\/\/www.palletcontroltower.eu\/?page_id=42"},"modified":"2026-01-30T09:41:33","modified_gmt":"2026-01-30T09:41:33","slug":"la-puesta-en-comun-es-sostenible","status":"publish","type":"page","link":"https:\/\/www.palletcontroltower.eu\/es\/duurzaamheid\/poolen-is-duurzaam\/","title":{"rendered":"Pooling es sostenible"},"content":{"rendered":"<div class=\"wp-block-columns is-layout-flex wp-container-core-columns-is-layout-28f84493 wp-block-columns-is-layout-flex\">\n<div class=\"wp-block-column is-layout-flow wp-block-column-is-layout-flow\">\n<h2 class=\"wp-block-heading\">Sostenibilidad<\/h2>\n\n\n\n<p>PCT est\u00e1 reduciendo los pal\u00e9s de un solo uso y ofreci\u00e9ndole la oportunidad de cambiar a pal\u00e9s multiuso. Lo hacemos con nuestra plataforma PCT Online: Collection &amp; Delivery - Matching, vinculada a e-Credits. Nuestra plataforma permite a los usuarios de palets crear su propio \"pool de palets\" junto con sus proveedores y clientes, fomentando as\u00ed el uso sostenible de los palets. <\/p>\n\n\n\n<p><strong>Legislaci\u00f3n<\/strong>&nbsp;<\/p>\n\n\n\n<p>PCT se anticipa a las novedades legislativas de Bruselas para el sector de los envases: reducci\u00f3n de la huella de CO2 y mayor atenci\u00f3n a la econom\u00eda circular.  Reutilizar, reparar y reciclar son los principios del nuevo Pacto de Bruselas sobre envases. <a href=\"https:\/\/environment.ec.europa.eu\/topics\/waste-and-recycling\/packaging-waste_en\" target=\"_blank\" rel=\"noreferrer noopener\">PPWD<\/a>. Adem\u00e1s, cumple al menos 5 de los <a href=\"https:\/\/sdgs.un.org\/goals\" target=\"_blank\" rel=\"noreferrer noopener\">Objetivos de Desarrollo Sostenible (ODS)<\/a> de las Naciones Unidas. <\/p>\n\n\n\n<div class=\"wp-block-buttons is-layout-flex wp-block-buttons-is-layout-flex\">\n<div class=\"wp-block-button\"><a class=\"wp-block-button__link has-white-color has-green-background-color has-text-color has-background has-link-color wp-element-button\" href=\"http:\/\/www.palletcontroltower.eu\/es\/como-funciona\/lo-que-hacemos\/\" target=\"_blank\" rel=\"noreferrer noopener\">Vea aqu\u00ed c\u00f3mo funciona<\/a><\/div>\n<\/div>\n<\/div>\n<\/div>\n\n\n\n<hr class=\"wp-block-separator has-alpha-channel-opacity\"\/>\n\n\n\n<div class=\"wp-block-columns are-vertically-aligned-center is-layout-flex wp-container-core-columns-is-layout-28f84493 wp-block-columns-is-layout-flex\">\n<div class=\"wp-block-column is-vertically-aligned-center is-layout-flow wp-block-column-is-layout-flow\">\n<figure class=\"wp-block-image size-full\"><img fetchpriority=\"high\" decoding=\"async\" width=\"1000\" height=\"671\" src=\"https:\/\/www.palletcontroltower.eu\/wp-content\/uploads\/2025\/05\/eur_pallet.jpg\" alt=\"\" class=\"wp-image-1223\" style=\"aspect-ratio:16\/9;object-fit:cover\" srcset=\"https:\/\/www.palletcontroltower.eu\/wp-content\/uploads\/2025\/05\/eur_pallet.jpg 1000w, https:\/\/www.palletcontroltower.eu\/wp-content\/uploads\/2025\/05\/eur_pallet-300x201.jpg 300w, https:\/\/www.palletcontroltower.eu\/wp-content\/uploads\/2025\/05\/eur_pallet-768x515.jpg 768w, https:\/\/www.palletcontroltower.eu\/wp-content\/uploads\/2025\/05\/eur_pallet-18x12.jpg 18w\" sizes=\"(max-width: 1000px) 100vw, 1000px\" \/><\/figure>\n<\/div>\n\n\n\n<div class=\"wp-block-column is-vertically-aligned-center is-layout-flow wp-block-column-is-layout-flow\">\n<h2 class=\"wp-block-heading\">EUR Y PCT<\/h2>\n\n\n\n<p>Mantenemos estrechos v\u00ednculos con la organizaci\u00f3n EUR y utilizamos los repositorios que operan bajo la licencia EUR. Juntos tenemos el objetivo de promover el sistema de pooling abierto. Con la red de EUR Internacional, as\u00ed como con nuestra propia red PCT, hay cientos de dep\u00f3sitos y puntos de entrega. Por lo tanto, siempre es posible conseguir una buena conexi\u00f3n del proceso de Matching con la recogida y la entrega.\u00a0<\/p>\n\n\n\n<p>Si ha devuelto los pal\u00e9s de un solo uso con Recogida y va a utilizar los e-Credits recibidos para empezar a utilizar pal\u00e9s multiuso, esto tiene ventajas para toda la cadena. Adem\u00e1s de su propio uso, tambi\u00e9n puede poner los e-Credits de sus saldos a disposici\u00f3n de terceros.&nbsp;<\/p>\n\n\n\n<p>PCTO permite registrar digitalmente todos los pasos. La facturaci\u00f3n (autofacturaci\u00f3n) y el resto de la comunicaci\u00f3n tambi\u00e9n tienen lugar en la nube. Esto es visible y transparente para todos los usuarios en cualquier momento.&nbsp;<\/p>\n<\/div>\n<\/div>\n\n\n\n<hr class=\"wp-block-separator has-alpha-channel-opacity\"\/>\n\n\n\n<h3 class=\"wp-block-heading\">Un europal\u00e9 = sostenible: cada a\u00f1o, dos millones de pal\u00e9s renovados se utilizan varias veces m\u00e1s.  <br><\/h3>\n\n\n\n<p>Los europal\u00e9s de madera pueden utilizarse entre 7 y 8 veces. Al final, un pal\u00e9 gastado se utiliza como energ\u00eda para la calefacci\u00f3n, por ejemplo. Los palets se recogen en los almacenes centrales de los dep\u00f3sitos de palets, el comercio y la industria y, finalmente, se transportan a un lugar de procesamiento. A menudo, una l\u00ednea robotizada ayuda a clasificar los pal\u00e9s, pero a veces sigue siendo un trabajo manual. Tras la clasificaci\u00f3n, los pal\u00e9s que pueden repararse se reparan y almacenan. Los pal\u00e9s que no pueden repararse se reciclan como astillas de madera para combustible destinado a la producci\u00f3n de energ\u00eda, por ejemplo. Un cliente puede elegir entre unos 50 tipos de pal\u00e9s diferentes, de los cuales el europal\u00e9 es el m\u00e1s com\u00fan y uno de los m\u00e1s sostenibles.<\/p>\n\n\n\n<p><em>Dato. Se necesita un metro c\u00fabico de madera para fabricar unos 22 europalets nuevos; sin embargo, con un metro c\u00fabico de madera se pueden reparar 150 europalets de carga reciclados.<\/em><\/p>\n\n\n\n<div class=\"wp-block-buttons is-content-justification-left is-layout-flex wp-container-core-buttons-is-layout-fc4fd283 wp-block-buttons-is-layout-flex\">\n<div class=\"wp-block-button\"><a class=\"wp-block-button__link has-white-color has-green-background-color has-text-color has-background has-link-color wp-element-button\" href=\"https:\/\/portal.pct-online.eu\/register\" target=\"_blank\" rel=\"noreferrer noopener\">Activar su cuenta<\/a><\/div>\n<\/div>\n\n\n\n<hr class=\"wp-block-separator has-alpha-channel-opacity\"\/>\n\n\n\n<blockquote class=\"wp-block-quote is-layout-flow wp-block-quote-is-layout-flow\">\n<p class=\"has-text-align-center\">Evite el estr\u00e9s en los pal\u00e9s Pallet Control Tower es el est\u00e1ndar europeo y la plataforma de recogida y entrega por emparejamiento para europalets y otros RTI. Facilitamos el pooling abierto de la A a la Z. Y hacemos que la log\u00edstica de pal\u00e9s vuelva a ser manejable. <\/p>\n<\/blockquote>\n\n\n\n<hr class=\"wp-block-separator has-alpha-channel-opacity\"\/>\n\n\n\n<figure class=\"wp-block-image size-full\"><img decoding=\"async\" width=\"1600\" height=\"1066\" src=\"http:\/\/www.palletcontroltower.eu\/wp-content\/uploads\/2023\/11\/palletcontroltower-2.jpg\" alt=\"\" class=\"wp-image-207\" style=\"aspect-ratio:16\/9;object-fit:cover\" srcset=\"https:\/\/www.palletcontroltower.eu\/wp-content\/uploads\/2023\/11\/palletcontroltower-2.jpg 1600w, https:\/\/www.palletcontroltower.eu\/wp-content\/uploads\/2023\/11\/palletcontroltower-2-300x200.jpg 300w, https:\/\/www.palletcontroltower.eu\/wp-content\/uploads\/2023\/11\/palletcontroltower-2-1024x682.jpg 1024w, https:\/\/www.palletcontroltower.eu\/wp-content\/uploads\/2023\/11\/palletcontroltower-2-768x512.jpg 768w, https:\/\/www.palletcontroltower.eu\/wp-content\/uploads\/2023\/11\/palletcontroltower-2-1536x1023.jpg 1536w\" sizes=\"(max-width: 1600px) 100vw, 1600px\" \/><\/figure>\n\n\n\n<hr class=\"wp-block-separator has-alpha-channel-opacity\"\/>\n\n\n\n<div class=\"wp-block-columns is-layout-flex wp-container-core-columns-is-layout-28f84493 wp-block-columns-is-layout-flex\">\n<div class=\"wp-block-column is-layout-flow wp-block-column-is-layout-flow\">\n<h3 class=\"wp-block-heading\">Ventajas<\/h3>\n\n\n\n<p><strong>Reduzca su huella de CO2<\/strong>&nbsp;<\/p>\n\n\n\n<p>Con PCT Online, muchas cosas se hacen visibles, incluidos los llamados costes ocultos que no pueden cuantificarse directamente, pero que son cada vez m\u00e1s importantes en las operaciones de las empresas modernas. Detenga los desplazamientos innecesarios de pal\u00e9s de un lado a otro. <\/p>\n\n\n\n<p><strong>Mejor colaboraci\u00f3n en la cadena de suministro<\/strong>&nbsp;<\/p>\n\n\n\n<p>Un sistema de cadena de suministro que conecte a socios, proveedores y proveedores log\u00edsticos facilita la colaboraci\u00f3n entre organizaciones. Cuando los problemas se tratan directamente con los socios, se resuelven m\u00e1s r\u00e1pido, los costes son m\u00e1s bajos, se tienen clientes satisfechos y menos gente se marcha. Asuma la responsabilidad de su cadena log\u00edstica&nbsp;<\/p>\n\n\n\n<p><strong>Visi\u00f3n integral de la cadena de suministro<\/strong>&nbsp;<\/p>\n\n\n\n<p>Con visibilidad de toda la cadena de suministro, incluidos proveedores, fabricantes, transportistas, almacenes y socios log\u00edsticos externos (3PL), las empresas pueden gestionar proactivamente sus cadenas de suministro, reduciendo riesgos y costes. Y garantizando una mayor sostenibilidad. &nbsp;&nbsp;<\/p>\n\n\n\n<p><strong>Previsi\u00f3n y toma de decisiones m\u00e1s precisas<\/strong>&nbsp;<\/p>\n\n\n\n<p>Los datos pueden agregarse, vincularse y ampliarse mediante \"an\u00e1lisis predictivos\". De este modo, la toma de decisiones y la autocorrecci\u00f3n son mejores y m\u00e1s automatizadas. En \u00faltima instancia, esto se traduce en procesos m\u00e1s eficientes y menos residuos. Otra reducci\u00f3n de la huella de carbono.&nbsp;&nbsp;<\/p>\n\n\n\n<p><strong>M\u00e1s flexibilidad en la cadena de suministro<\/strong>&nbsp;<\/p>\n\n\n\n<p>Las cadenas de suministro flexibles se mueven con usted cuando ocurre algo inesperado. Esta flexibilidad garantiza una mejor experiencia del cliente, tiempos de respuesta m\u00e1s r\u00e1pidos y, en general, una cadena de suministro m\u00e1s eficiente. Especialmente en tiempos en los que los recursos humanos son cada vez m\u00e1s escasos y caros. <\/p>\n\n\n\n<p><strong>Niveles \u00f3ptimos de existencias<\/strong>&nbsp;<\/p>\n\n\n\n<p>PCTO proporciona visibilidad del inventario en toda la red, lo que permite a las empresas disponer de lo que necesitan, donde lo necesitan y cuando lo necesitan. Aumentan los beneficios y los \u00edndices de rotaci\u00f3n de inventario y reducen la escasez de existencias y materiales.&nbsp;<\/p>\n\n\n\n<p><strong>\u00bfPreparado para el futuro del pool de pal\u00e9s?<\/strong>&nbsp;<\/p>\n\n\n\n<div class=\"wp-block-buttons is-layout-flex wp-block-buttons-is-layout-flex\">\n<div class=\"wp-block-button\"><a class=\"wp-block-button__link has-white-color has-blue-background-color has-text-color has-background has-link-color wp-element-button\" href=\"https:\/\/portal.pct-online.eu\/register\" target=\"_blank\" rel=\"noreferrer noopener\">Activar su cuenta<\/a><\/div>\n<\/div>\n<\/div>\n<\/div>","protected":false},"excerpt":{"rendered":"<p>Duurzaamheid PCT dringt het eenmalige gebruik van pallets terug en geeft u de kans om over te schakelen naar pallets voor meermalig gebruik. Dat doen wij met ons PCT Online-platform: Collection &amp; Delivery &#8211; Matching, gekoppeld aan e-Credits.&nbsp;Met ons platform kunnen palletgebruikers samen met hun toeleveranciers en klanten een eigen &#8216;palletpool&#8217; opzetten en zo het [&hellip;]<\/p>\n","protected":false},"author":1,"featured_media":0,"parent":40,"menu_order":0,"comment_status":"closed","ping_status":"closed","template":"","meta":{"footnotes":""},"class_list":["post-42","page","type-page","status-publish","hentry"],"yoast_head":"<!-- This site is optimized with the Yoast SEO plugin v27.3 - https:\/\/yoast.com\/product\/yoast-seo-wordpress\/ -->\n<title>Poolen is duurzaam - Pallet Control Tower<\/title>\n<meta name=\"description\" content=\"Palletpooling is een duurzame oplossing voor palletmanagement ingegeven door de nieuwe PPWD uit Brussel. PCT Online voldoet hieraan.\" \/>\n<meta name=\"robots\" content=\"index, follow, max-snippet:-1, max-image-preview:large, max-video-preview:-1\" \/>\n<link rel=\"canonical\" href=\"https:\/\/www.palletcontroltower.eu\/es\/sostenibilidad\/la-puesta-en-comun-es-sostenible\/\" \/>\n<meta property=\"og:locale\" content=\"es_ES\" \/>\n<meta property=\"og:type\" content=\"article\" \/>\n<meta property=\"og:title\" content=\"Poolen is duurzaam - Pallet Control Tower\" \/>\n<meta property=\"og:description\" content=\"Palletpooling is een duurzame oplossing voor palletmanagement ingegeven door de nieuwe PPWD uit Brussel. PCT Online voldoet hieraan.\" \/>\n<meta property=\"og:url\" content=\"https:\/\/www.palletcontroltower.eu\/es\/sostenibilidad\/la-puesta-en-comun-es-sostenible\/\" \/>\n<meta property=\"og:site_name\" content=\"Pallet Control Tower\" \/>\n<meta property=\"article:modified_time\" content=\"2026-01-30T09:41:33+00:00\" \/>\n<meta property=\"og:image\" content=\"https:\/\/www.palletcontroltower.eu\/wp-content\/uploads\/2025\/05\/eur_pallet.jpg\" \/>\n\t<meta property=\"og:image:width\" content=\"1000\" \/>\n\t<meta property=\"og:image:height\" content=\"671\" \/>\n\t<meta property=\"og:image:type\" content=\"image\/jpeg\" \/>\n<meta name=\"twitter:card\" content=\"summary_large_image\" \/>\n<meta name=\"twitter:label1\" content=\"Tiempo de lectura\" \/>\n\t<meta name=\"twitter:data1\" content=\"4 minutos\" \/>\n<script type=\"application\/ld+json\" class=\"yoast-schema-graph\">{\"@context\":\"https:\\\/\\\/schema.org\",\"@graph\":[{\"@type\":\"WebPage\",\"@id\":\"https:\\\/\\\/www.palletcontroltower.eu\\\/duurzaamheid\\\/poolen-is-duurzaam\\\/\",\"url\":\"https:\\\/\\\/www.palletcontroltower.eu\\\/duurzaamheid\\\/poolen-is-duurzaam\\\/\",\"name\":\"Poolen is duurzaam - Pallet Control Tower\",\"isPartOf\":{\"@id\":\"https:\\\/\\\/www.palletcontroltower.eu\\\/#website\"},\"primaryImageOfPage\":{\"@id\":\"https:\\\/\\\/www.palletcontroltower.eu\\\/duurzaamheid\\\/poolen-is-duurzaam\\\/#primaryimage\"},\"image\":{\"@id\":\"https:\\\/\\\/www.palletcontroltower.eu\\\/duurzaamheid\\\/poolen-is-duurzaam\\\/#primaryimage\"},\"thumbnailUrl\":\"https:\\\/\\\/www.palletcontroltower.eu\\\/wp-content\\\/uploads\\\/2025\\\/05\\\/eur_pallet.jpg\",\"datePublished\":\"2023-11-22T08:02:12+00:00\",\"dateModified\":\"2026-01-30T09:41:33+00:00\",\"description\":\"Palletpooling is een duurzame oplossing voor palletmanagement ingegeven door de nieuwe PPWD uit Brussel. PCT Online voldoet hieraan.\",\"breadcrumb\":{\"@id\":\"https:\\\/\\\/www.palletcontroltower.eu\\\/duurzaamheid\\\/poolen-is-duurzaam\\\/#breadcrumb\"},\"inLanguage\":\"es\",\"potentialAction\":[{\"@type\":\"ReadAction\",\"target\":[\"https:\\\/\\\/www.palletcontroltower.eu\\\/duurzaamheid\\\/poolen-is-duurzaam\\\/\"]}]},{\"@type\":\"ImageObject\",\"inLanguage\":\"es\",\"@id\":\"https:\\\/\\\/www.palletcontroltower.eu\\\/duurzaamheid\\\/poolen-is-duurzaam\\\/#primaryimage\",\"url\":\"https:\\\/\\\/www.palletcontroltower.eu\\\/wp-content\\\/uploads\\\/2025\\\/05\\\/eur_pallet.jpg\",\"contentUrl\":\"https:\\\/\\\/www.palletcontroltower.eu\\\/wp-content\\\/uploads\\\/2025\\\/05\\\/eur_pallet.jpg\"},{\"@type\":\"BreadcrumbList\",\"@id\":\"https:\\\/\\\/www.palletcontroltower.eu\\\/duurzaamheid\\\/poolen-is-duurzaam\\\/#breadcrumb\",\"itemListElement\":[{\"@type\":\"ListItem\",\"position\":1,\"name\":\"Home\",\"item\":\"https:\\\/\\\/www.palletcontroltower.eu\\\/\"},{\"@type\":\"ListItem\",\"position\":2,\"name\":\"Duurzaamheid\",\"item\":\"https:\\\/\\\/www.palletcontroltower.eu\\\/pl\\\/duurzaamheid\\\/\"},{\"@type\":\"ListItem\",\"position\":3,\"name\":\"Poolen is duurzaam\"}]},{\"@type\":\"WebSite\",\"@id\":\"https:\\\/\\\/www.palletcontroltower.eu\\\/#website\",\"url\":\"https:\\\/\\\/www.palletcontroltower.eu\\\/\",\"name\":\"Pallet Control Tower\",\"description\":\"\",\"publisher\":{\"@id\":\"https:\\\/\\\/www.palletcontroltower.eu\\\/#organization\"},\"potentialAction\":[{\"@type\":\"SearchAction\",\"target\":{\"@type\":\"EntryPoint\",\"urlTemplate\":\"https:\\\/\\\/www.palletcontroltower.eu\\\/?s={search_term_string}\"},\"query-input\":{\"@type\":\"PropertyValueSpecification\",\"valueRequired\":true,\"valueName\":\"search_term_string\"}}],\"inLanguage\":\"es\"},{\"@type\":\"Organization\",\"@id\":\"https:\\\/\\\/www.palletcontroltower.eu\\\/#organization\",\"name\":\"Pallet Control Tower\",\"url\":\"https:\\\/\\\/www.palletcontroltower.eu\\\/\",\"logo\":{\"@type\":\"ImageObject\",\"inLanguage\":\"es\",\"@id\":\"https:\\\/\\\/www.palletcontroltower.eu\\\/#\\\/schema\\\/logo\\\/image\\\/\",\"url\":\"https:\\\/\\\/www.palletcontroltower.eu\\\/wp-content\\\/uploads\\\/2023\\\/10\\\/logo.svg\",\"contentUrl\":\"https:\\\/\\\/www.palletcontroltower.eu\\\/wp-content\\\/uploads\\\/2023\\\/10\\\/logo.svg\",\"width\":290,\"height\":87,\"caption\":\"Pallet Control Tower\"},\"image\":{\"@id\":\"https:\\\/\\\/www.palletcontroltower.eu\\\/#\\\/schema\\\/logo\\\/image\\\/\"}}]}<\/script>\n<!-- \/ Yoast SEO plugin. -->","yoast_head_json":{"title":"El pooling es sostenible - Torre de control de palets","description":"El pooling de palets es una soluci\u00f3n sostenible para la gesti\u00f3n de palets impulsada por la nueva Directiva de Protecci\u00f3n de Datos de Bruselas. PCT Online la cumple.","robots":{"index":"index","follow":"follow","max-snippet":"max-snippet:-1","max-image-preview":"max-image-preview:large","max-video-preview":"max-video-preview:-1"},"canonical":"https:\/\/www.palletcontroltower.eu\/es\/sostenibilidad\/la-puesta-en-comun-es-sostenible\/","og_locale":"es_ES","og_type":"article","og_title":"Poolen is duurzaam - Pallet Control Tower","og_description":"Palletpooling is een duurzame oplossing voor palletmanagement ingegeven door de nieuwe PPWD uit Brussel. PCT Online voldoet hieraan.","og_url":"https:\/\/www.palletcontroltower.eu\/es\/sostenibilidad\/la-puesta-en-comun-es-sostenible\/","og_site_name":"Pallet Control Tower","article_modified_time":"2026-01-30T09:41:33+00:00","og_image":[{"width":1000,"height":671,"url":"https:\/\/www.palletcontroltower.eu\/wp-content\/uploads\/2025\/05\/eur_pallet.jpg","type":"image\/jpeg"}],"twitter_card":"summary_large_image","twitter_misc":{"Tiempo de lectura":"4 minutos"},"schema":{"@context":"https:\/\/schema.org","@graph":[{"@type":"WebPage","@id":"https:\/\/www.palletcontroltower.eu\/duurzaamheid\/poolen-is-duurzaam\/","url":"https:\/\/www.palletcontroltower.eu\/duurzaamheid\/poolen-is-duurzaam\/","name":"El pooling es sostenible - Torre de control de palets","isPartOf":{"@id":"https:\/\/www.palletcontroltower.eu\/#website"},"primaryImageOfPage":{"@id":"https:\/\/www.palletcontroltower.eu\/duurzaamheid\/poolen-is-duurzaam\/#primaryimage"},"image":{"@id":"https:\/\/www.palletcontroltower.eu\/duurzaamheid\/poolen-is-duurzaam\/#primaryimage"},"thumbnailUrl":"https:\/\/www.palletcontroltower.eu\/wp-content\/uploads\/2025\/05\/eur_pallet.jpg","datePublished":"2023-11-22T08:02:12+00:00","dateModified":"2026-01-30T09:41:33+00:00","description":"El pooling de palets es una soluci\u00f3n sostenible para la gesti\u00f3n de palets impulsada por la nueva Directiva de Protecci\u00f3n de Datos de Bruselas. PCT Online la cumple.","breadcrumb":{"@id":"https:\/\/www.palletcontroltower.eu\/duurzaamheid\/poolen-is-duurzaam\/#breadcrumb"},"inLanguage":"es","potentialAction":[{"@type":"ReadAction","target":["https:\/\/www.palletcontroltower.eu\/duurzaamheid\/poolen-is-duurzaam\/"]}]},{"@type":"ImageObject","inLanguage":"es","@id":"https:\/\/www.palletcontroltower.eu\/duurzaamheid\/poolen-is-duurzaam\/#primaryimage","url":"https:\/\/www.palletcontroltower.eu\/wp-content\/uploads\/2025\/05\/eur_pallet.jpg","contentUrl":"https:\/\/www.palletcontroltower.eu\/wp-content\/uploads\/2025\/05\/eur_pallet.jpg"},{"@type":"BreadcrumbList","@id":"https:\/\/www.palletcontroltower.eu\/duurzaamheid\/poolen-is-duurzaam\/#breadcrumb","itemListElement":[{"@type":"ListItem","position":1,"name":"Home","item":"https:\/\/www.palletcontroltower.eu\/"},{"@type":"ListItem","position":2,"name":"Duurzaamheid","item":"https:\/\/www.palletcontroltower.eu\/pl\/duurzaamheid\/"},{"@type":"ListItem","position":3,"name":"Poolen is duurzaam"}]},{"@type":"WebSite","@id":"https:\/\/www.palletcontroltower.eu\/#website","url":"https:\/\/www.palletcontroltower.eu\/","name":"Torre de control de pal\u00e9s","description":"","publisher":{"@id":"https:\/\/www.palletcontroltower.eu\/#organization"},"potentialAction":[{"@type":"SearchAction","target":{"@type":"EntryPoint","urlTemplate":"https:\/\/www.palletcontroltower.eu\/?s={search_term_string}"},"query-input":{"@type":"PropertyValueSpecification","valueRequired":true,"valueName":"search_term_string"}}],"inLanguage":"es"},{"@type":"Organization","@id":"https:\/\/www.palletcontroltower.eu\/#organization","name":"Torre de control de pal\u00e9s","url":"https:\/\/www.palletcontroltower.eu\/","logo":{"@type":"ImageObject","inLanguage":"es","@id":"https:\/\/www.palletcontroltower.eu\/#\/schema\/logo\/image\/","url":"https:\/\/www.palletcontroltower.eu\/wp-content\/uploads\/2023\/10\/logo.svg","contentUrl":"https:\/\/www.palletcontroltower.eu\/wp-content\/uploads\/2023\/10\/logo.svg","width":290,"height":87,"caption":"Pallet Control Tower"},"image":{"@id":"https:\/\/www.palletcontroltower.eu\/#\/schema\/logo\/image\/"}}]}},"_links":{"self":[{"href":"https:\/\/www.palletcontroltower.eu\/es\/wp-json\/wp\/v2\/pages\/42","targetHints":{"allow":["GET"]}}],"collection":[{"href":"https:\/\/www.palletcontroltower.eu\/es\/wp-json\/wp\/v2\/pages"}],"about":[{"href":"https:\/\/www.palletcontroltower.eu\/es\/wp-json\/wp\/v2\/types\/page"}],"author":[{"embeddable":true,"href":"https:\/\/www.palletcontroltower.eu\/es\/wp-json\/wp\/v2\/users\/1"}],"replies":[{"embeddable":true,"href":"https:\/\/www.palletcontroltower.eu\/es\/wp-json\/wp\/v2\/comments?post=42"}],"version-history":[{"count":36,"href":"https:\/\/www.palletcontroltower.eu\/es\/wp-json\/wp\/v2\/pages\/42\/revisions"}],"predecessor-version":[{"id":1228,"href":"https:\/\/www.palletcontroltower.eu\/es\/wp-json\/wp\/v2\/pages\/42\/revisions\/1228"}],"up":[{"embeddable":true,"href":"https:\/\/www.palletcontroltower.eu\/es\/wp-json\/wp\/v2\/pages\/40"}],"wp:attachment":[{"href":"https:\/\/www.palletcontroltower.eu\/es\/wp-json\/wp\/v2\/media?parent=42"}],"curies":[{"name":"wp","href":"https:\/\/api.w.org\/{rel}","templated":true}]}}