{"id":66,"date":"2023-11-22T08:05:50","date_gmt":"2023-11-22T08:05:50","guid":{"rendered":"http:\/\/www.palletcontroltower.eu\/?page_id=66"},"modified":"2026-02-12T13:02:54","modified_gmt":"2026-02-12T13:02:54","slug":"quien-es-pct","status":"publish","type":"page","link":"https:\/\/www.palletcontroltower.eu\/es\/over-ons\/wie-is-pct\/","title":{"rendered":"\u00bfQui\u00e9n es PCT?"},"content":{"rendered":"<div class=\"wp-block-columns is-layout-flex wp-container-core-columns-is-layout-28f84493 wp-block-columns-is-layout-flex\">\n<div class=\"wp-block-column is-layout-flow wp-block-column-is-layout-flow\">\n<h2 class=\"wp-block-heading\">Qu\u00e9 hacemos<\/h2>\n\n\n\n<p>PCT ha sido testigo del auge y la evoluci\u00f3n de la pooling de paletas y otros elementos de articulos transporte retornables (ATT) en las \u00faltimas d\u00e9cadas. Hemos visto surgir numerosos problemas y errores. Y sabemos que no se resuelven, o s\u00f3lo se resuelven parcialmente. El resultado es frustraci\u00f3n y costes (ocultos) incalculables.&nbsp;&nbsp;<\/p>\n\n\n\n<p>Con nuestra nueva norma, estamos convencidos de contribuir de forma significativa a la optimizaci\u00f3n de los sistemas de pooling, que son muchos en Europa y en el mundo.&nbsp;&nbsp;<\/p>\n\n\n\n<div class=\"wp-block-buttons is-layout-flex wp-block-buttons-is-layout-flex\">\n<div class=\"wp-block-button\"><a class=\"wp-block-button__link has-white-color has-green-background-color has-text-color has-background has-link-color wp-element-button\" href=\"http:\/\/www.palletcontroltower.eu\/es\/como-funciona\/lo-que-hacemos\/\" target=\"_blank\" rel=\"noreferrer noopener\">Vea c\u00f3mo lo hacemos aqu\u00ed<\/a><\/div>\n<\/div>\n<\/div>\n<\/div>\n\n\n\n<hr class=\"wp-block-separator has-alpha-channel-opacity\"\/>\n\n\n\n<div class=\"wp-block-columns are-vertically-aligned-center is-layout-flex wp-container-core-columns-is-layout-28f84493 wp-block-columns-is-layout-flex\">\n<div class=\"wp-block-column is-vertically-aligned-center is-layout-flow wp-block-column-is-layout-flow\">\n<figure class=\"wp-block-image size-full\"><img fetchpriority=\"high\" decoding=\"async\" width=\"1800\" height=\"380\" src=\"http:\/\/www.palletcontroltower.eu\/wp-content\/uploads\/2023\/12\/headerbeeld_0011_PalletControlTower_EPAL_forklift_handling_europallets.jpg\" alt=\"\" class=\"wp-image-646\" style=\"aspect-ratio:4\/3;object-fit:cover\" srcset=\"https:\/\/www.palletcontroltower.eu\/wp-content\/uploads\/2023\/12\/headerbeeld_0011_PalletControlTower_EPAL_forklift_handling_europallets.jpg 1800w, https:\/\/www.palletcontroltower.eu\/wp-content\/uploads\/2023\/12\/headerbeeld_0011_PalletControlTower_EPAL_forklift_handling_europallets-300x63.jpg 300w, https:\/\/www.palletcontroltower.eu\/wp-content\/uploads\/2023\/12\/headerbeeld_0011_PalletControlTower_EPAL_forklift_handling_europallets-1024x216.jpg 1024w, https:\/\/www.palletcontroltower.eu\/wp-content\/uploads\/2023\/12\/headerbeeld_0011_PalletControlTower_EPAL_forklift_handling_europallets-768x162.jpg 768w, https:\/\/www.palletcontroltower.eu\/wp-content\/uploads\/2023\/12\/headerbeeld_0011_PalletControlTower_EPAL_forklift_handling_europallets-1536x324.jpg 1536w, https:\/\/www.palletcontroltower.eu\/wp-content\/uploads\/2023\/12\/headerbeeld_0011_PalletControlTower_EPAL_forklift_handling_europallets-18x4.jpg 18w\" sizes=\"(max-width: 1800px) 100vw, 1800px\" \/><\/figure>\n<\/div>\n\n\n\n<div class=\"wp-block-column is-vertically-aligned-center is-layout-flow wp-block-column-is-layout-flow\">\n<h2 class=\"wp-block-heading\">Matching, Collection y Delivery<\/h2>\n\n\n\n<p>PCTO resuelve el estr\u00e9s de los pal\u00e9s. A trav\u00e9s de Matching, nuestra plataforma en l\u00ednea regula el proceso de Collection y Delivery de europal\u00e9s y otros ATR en toda Europa, Asia y Am\u00e9rica\/Canad\u00e1. Lo hacemos con nuestro sistema e-Credit, entre otros, haciendo un seguimiento del \u00edndice independiente EUWID para conocer las tendencias de precios m\u00e1s actualizadas.<\/p>\n\n\n\n<p>Tambi\u00e9n contamos con una red de gestores de cuentas y de calidad en Europa que resuelven los problemas en caso de litigio. Comprueban in situ la calidad de los pal\u00e9s tanto en los dep\u00f3sitos como en los receptores.<\/p>\n\n\n\n<p>Con los cr\u00e9ditos electr\u00f3nicos, nuestros participantes pueden desplegar de forma \u00f3ptima Europalets (UIC\/EUR - EPAL) y otros RTI. Todo ello para conseguir una cadena de suministro m\u00e1s sostenible.<\/p>\n\n\n\n<div class=\"wp-block-buttons is-layout-flex wp-block-buttons-is-layout-flex\">\n<div class=\"wp-block-button\"><a class=\"wp-block-button__link has-white-color has-green-background-color has-text-color has-background has-link-color wp-element-button\" href=\"https:\/\/portal.pct-online.eu\/register\" target=\"_blank\" rel=\"noreferrer noopener\">Activar su cuenta<\/a><\/div>\n<\/div>\n<\/div>\n<\/div>\n\n\n\n<hr class=\"wp-block-separator has-alpha-channel-opacity\"\/>\n\n\n\n<blockquote class=\"wp-block-quote is-layout-flow wp-block-quote-is-layout-flow\">\n<p class=\"has-text-align-center\">Evite el estr\u00e9s en los pal\u00e9s Pallet Control Tower es el est\u00e1ndar europeo y la plataforma de recogida y entrega por correspondencia para Europalets y otros RTI. Facilitamos el pooling abierto de la A a la Z. Y hacemos que la log\u00edstica de pal\u00e9s vuelva a ser manejable.<\/p>\n<\/blockquote>\n\n\n\n<hr class=\"wp-block-separator has-alpha-channel-opacity\"\/>\n\n\n\n<figure class=\"wp-block-image size-full\"><img decoding=\"async\" width=\"1600\" height=\"1066\" src=\"http:\/\/www.palletcontroltower.eu\/wp-content\/uploads\/2023\/11\/palletcontroltower-2.jpg\" alt=\"\" class=\"wp-image-207\" style=\"aspect-ratio:16\/9;object-fit:cover\" srcset=\"https:\/\/www.palletcontroltower.eu\/wp-content\/uploads\/2023\/11\/palletcontroltower-2.jpg 1600w, https:\/\/www.palletcontroltower.eu\/wp-content\/uploads\/2023\/11\/palletcontroltower-2-300x200.jpg 300w, https:\/\/www.palletcontroltower.eu\/wp-content\/uploads\/2023\/11\/palletcontroltower-2-1024x682.jpg 1024w, https:\/\/www.palletcontroltower.eu\/wp-content\/uploads\/2023\/11\/palletcontroltower-2-768x512.jpg 768w, https:\/\/www.palletcontroltower.eu\/wp-content\/uploads\/2023\/11\/palletcontroltower-2-1536x1023.jpg 1536w\" sizes=\"(max-width: 1600px) 100vw, 1600px\" \/><\/figure>\n\n\n\n<hr class=\"wp-block-separator has-alpha-channel-opacity\"\/>\n\n\n\n<div class=\"wp-block-columns is-layout-flex wp-container-core-columns-is-layout-28f84493 wp-block-columns-is-layout-flex\">\n<div class=\"wp-block-column is-layout-flow wp-block-column-is-layout-flow\">\n<h3 class=\"wp-block-heading\">\u00bfPara qui\u00e9n y por qu\u00e9? <\/h3>\n\n\n\n<p>Con PCTO, cualquier empresa, o mejor a\u00fan, una red de empresas -la cadena de suministro- tendr\u00e1 la posibilidad de pasar de los pal\u00e9s de un solo uso y otros RTI a los europal\u00e9s multiuso y otros RTI. <\/p>\n\n\n\n<p>La plataforma PCTO est\u00e1 dirigida a todas las empresas industriales, manufactureras o comerciales que utilizan europalets y RTI para transportar productos a gran escala. Pero tambi\u00e9n para transportistas y centros de distribuci\u00f3n, as\u00ed como para distribuidores\/almacenes\/fabricantes de palets. <\/p>\n\n\n\n<div class=\"wp-block-buttons is-layout-flex wp-block-buttons-is-layout-flex\">\n<div class=\"wp-block-button\"><a class=\"wp-block-button__link has-white-color has-blue-background-color has-text-color has-background has-link-color wp-element-button\" href=\"https:\/\/portal.pct-online.eu\/register\" target=\"_blank\" rel=\"noreferrer noopener\">Activar su cuenta<\/a><\/div>\n<\/div>\n<\/div>\n\n\n\n<div class=\"wp-block-column is-layout-flow wp-block-column-is-layout-flow\">\n<h3 class=\"wp-block-heading\">\u00bfC\u00f3mo lo hacemos? <\/h3>\n\n\n\n<p>PCTO ofrece una forma sencilla de pasar del uso \u00fanico al uso m\u00faltiple. Con los pedidos de Collection y Delivery - Matching - y el cr\u00e9dito electr\u00f3nico, todos los integrantes de la cadena log\u00edstica se benefician de ello. <\/p>\n\n\n\n<p>La gesti\u00f3n de las transacciones resulta m\u00e1s sencilla y la transparencia implica menos discusiones con todas las partes implicadas. Los saldos mutuos pueden liquidarse f\u00e1cilmente con cr\u00e9ditos electr\u00f3nicos (e-Credit). En caso de discusi\u00f3n, nuestros gestores regionales de cuentas y calidad pueden ofrecer una soluci\u00f3n.<\/p>\n\n\n\n<div class=\"wp-block-buttons is-layout-flex wp-block-buttons-is-layout-flex\">\n<div class=\"wp-block-button\"><a class=\"wp-block-button__link has-white-color has-mint-background-color has-text-color has-background has-link-color wp-element-button\" href=\"https:\/\/portal.pct-online.eu\/register\" target=\"_blank\" rel=\"noreferrer noopener\">Activar su cuenta<\/a><\/div>\n<\/div>\n<\/div>\n<\/div>","protected":false},"excerpt":{"rendered":"<p>Wat wij doen PCT heeft de afgelopen decennia de pooling van pallets en andere Returnable Transport Items (RTI) zien opkomen en veranderen. We hebben tal van problemen en fouten zien ontstaan. En we weten dat ze niet, of maar deels, worden opgelost. Met frustratie en onoverzichtelijke (verborgen) kosten tot gevolg.&nbsp;&nbsp; Met onze nieuwe standaard zijn [&hellip;]<\/p>\n","protected":false},"author":1,"featured_media":0,"parent":64,"menu_order":0,"comment_status":"closed","ping_status":"closed","template":"","meta":{"footnotes":""},"class_list":["post-66","page","type-page","status-publish","hentry"],"yoast_head":"<!-- This site is optimized with the Yoast SEO plugin v27.3 - https:\/\/yoast.com\/product\/yoast-seo-wordpress\/ -->\n<title>Wie is PCT? - Pallet Control Tower<\/title>\n<meta name=\"robots\" content=\"index, follow, max-snippet:-1, max-image-preview:large, max-video-preview:-1\" \/>\n<link rel=\"canonical\" href=\"https:\/\/www.palletcontroltower.eu\/es\/acerca-de-nosotros\/quien-es-pct\/\" \/>\n<meta property=\"og:locale\" content=\"es_ES\" \/>\n<meta property=\"og:type\" content=\"article\" \/>\n<meta property=\"og:title\" content=\"Wie is PCT? - Pallet Control Tower\" \/>\n<meta property=\"og:description\" content=\"Wat wij doen PCT heeft de afgelopen decennia de pooling van pallets en andere Returnable Transport Items (RTI) zien opkomen en veranderen. We hebben tal van problemen en fouten zien ontstaan. En we weten dat ze niet, of maar deels, worden opgelost. Met frustratie en onoverzichtelijke (verborgen) kosten tot gevolg.&nbsp;&nbsp; Met onze nieuwe standaard zijn [&hellip;]\" \/>\n<meta property=\"og:url\" content=\"https:\/\/www.palletcontroltower.eu\/es\/acerca-de-nosotros\/quien-es-pct\/\" \/>\n<meta property=\"og:site_name\" content=\"Pallet Control Tower\" \/>\n<meta property=\"article:modified_time\" content=\"2026-02-12T13:02:54+00:00\" \/>\n<meta property=\"og:image\" content=\"https:\/\/www.palletcontroltower.eu\/wp-content\/uploads\/2023\/12\/headerbeeld_0011_PalletControlTower_EPAL_forklift_handling_europallets.jpg\" \/>\n\t<meta property=\"og:image:width\" content=\"1800\" \/>\n\t<meta property=\"og:image:height\" content=\"380\" \/>\n\t<meta property=\"og:image:type\" content=\"image\/jpeg\" \/>\n<meta name=\"twitter:card\" content=\"summary_large_image\" \/>\n<meta name=\"twitter:label1\" content=\"Tiempo de lectura\" \/>\n\t<meta name=\"twitter:data1\" content=\"3 minutos\" \/>\n<script type=\"application\/ld+json\" class=\"yoast-schema-graph\">{\"@context\":\"https:\\\/\\\/schema.org\",\"@graph\":[{\"@type\":\"WebPage\",\"@id\":\"https:\\\/\\\/www.palletcontroltower.eu\\\/over-ons\\\/wie-is-pct\\\/\",\"url\":\"https:\\\/\\\/www.palletcontroltower.eu\\\/over-ons\\\/wie-is-pct\\\/\",\"name\":\"Wie is PCT? - Pallet Control Tower\",\"isPartOf\":{\"@id\":\"https:\\\/\\\/www.palletcontroltower.eu\\\/#website\"},\"primaryImageOfPage\":{\"@id\":\"https:\\\/\\\/www.palletcontroltower.eu\\\/over-ons\\\/wie-is-pct\\\/#primaryimage\"},\"image\":{\"@id\":\"https:\\\/\\\/www.palletcontroltower.eu\\\/over-ons\\\/wie-is-pct\\\/#primaryimage\"},\"thumbnailUrl\":\"http:\\\/\\\/www.palletcontroltower.eu\\\/wp-content\\\/uploads\\\/2023\\\/12\\\/headerbeeld_0011_PalletControlTower_EPAL_forklift_handling_europallets.jpg\",\"datePublished\":\"2023-11-22T08:05:50+00:00\",\"dateModified\":\"2026-02-12T13:02:54+00:00\",\"breadcrumb\":{\"@id\":\"https:\\\/\\\/www.palletcontroltower.eu\\\/over-ons\\\/wie-is-pct\\\/#breadcrumb\"},\"inLanguage\":\"es\",\"potentialAction\":[{\"@type\":\"ReadAction\",\"target\":[\"https:\\\/\\\/www.palletcontroltower.eu\\\/over-ons\\\/wie-is-pct\\\/\"]}]},{\"@type\":\"ImageObject\",\"inLanguage\":\"es\",\"@id\":\"https:\\\/\\\/www.palletcontroltower.eu\\\/over-ons\\\/wie-is-pct\\\/#primaryimage\",\"url\":\"http:\\\/\\\/www.palletcontroltower.eu\\\/wp-content\\\/uploads\\\/2023\\\/12\\\/headerbeeld_0011_PalletControlTower_EPAL_forklift_handling_europallets.jpg\",\"contentUrl\":\"http:\\\/\\\/www.palletcontroltower.eu\\\/wp-content\\\/uploads\\\/2023\\\/12\\\/headerbeeld_0011_PalletControlTower_EPAL_forklift_handling_europallets.jpg\"},{\"@type\":\"BreadcrumbList\",\"@id\":\"https:\\\/\\\/www.palletcontroltower.eu\\\/over-ons\\\/wie-is-pct\\\/#breadcrumb\",\"itemListElement\":[{\"@type\":\"ListItem\",\"position\":1,\"name\":\"Home\",\"item\":\"https:\\\/\\\/www.palletcontroltower.eu\\\/\"},{\"@type\":\"ListItem\",\"position\":2,\"name\":\"Over ons\",\"item\":\"https:\\\/\\\/www.palletcontroltower.eu\\\/over-ons\\\/\"},{\"@type\":\"ListItem\",\"position\":3,\"name\":\"Wie is PCT?\"}]},{\"@type\":\"WebSite\",\"@id\":\"https:\\\/\\\/www.palletcontroltower.eu\\\/#website\",\"url\":\"https:\\\/\\\/www.palletcontroltower.eu\\\/\",\"name\":\"Pallet Control Tower\",\"description\":\"\",\"publisher\":{\"@id\":\"https:\\\/\\\/www.palletcontroltower.eu\\\/#organization\"},\"potentialAction\":[{\"@type\":\"SearchAction\",\"target\":{\"@type\":\"EntryPoint\",\"urlTemplate\":\"https:\\\/\\\/www.palletcontroltower.eu\\\/?s={search_term_string}\"},\"query-input\":{\"@type\":\"PropertyValueSpecification\",\"valueRequired\":true,\"valueName\":\"search_term_string\"}}],\"inLanguage\":\"es\"},{\"@type\":\"Organization\",\"@id\":\"https:\\\/\\\/www.palletcontroltower.eu\\\/#organization\",\"name\":\"Pallet Control Tower\",\"url\":\"https:\\\/\\\/www.palletcontroltower.eu\\\/\",\"logo\":{\"@type\":\"ImageObject\",\"inLanguage\":\"es\",\"@id\":\"https:\\\/\\\/www.palletcontroltower.eu\\\/#\\\/schema\\\/logo\\\/image\\\/\",\"url\":\"https:\\\/\\\/www.palletcontroltower.eu\\\/wp-content\\\/uploads\\\/2023\\\/10\\\/logo.svg\",\"contentUrl\":\"https:\\\/\\\/www.palletcontroltower.eu\\\/wp-content\\\/uploads\\\/2023\\\/10\\\/logo.svg\",\"width\":290,\"height\":87,\"caption\":\"Pallet Control Tower\"},\"image\":{\"@id\":\"https:\\\/\\\/www.palletcontroltower.eu\\\/#\\\/schema\\\/logo\\\/image\\\/\"}}]}<\/script>\n<!-- \/ Yoast SEO plugin. -->","yoast_head_json":{"title":"\u00bfQui\u00e9n es PCT? - Torre de control de pal\u00e9s","robots":{"index":"index","follow":"follow","max-snippet":"max-snippet:-1","max-image-preview":"max-image-preview:large","max-video-preview":"max-video-preview:-1"},"canonical":"https:\/\/www.palletcontroltower.eu\/es\/acerca-de-nosotros\/quien-es-pct\/","og_locale":"es_ES","og_type":"article","og_title":"Wie is PCT? - Pallet Control Tower","og_description":"Wat wij doen PCT heeft de afgelopen decennia de pooling van pallets en andere Returnable Transport Items (RTI) zien opkomen en veranderen. We hebben tal van problemen en fouten zien ontstaan. En we weten dat ze niet, of maar deels, worden opgelost. Met frustratie en onoverzichtelijke (verborgen) kosten tot gevolg.&nbsp;&nbsp; Met onze nieuwe standaard zijn [&hellip;]","og_url":"https:\/\/www.palletcontroltower.eu\/es\/acerca-de-nosotros\/quien-es-pct\/","og_site_name":"Pallet Control Tower","article_modified_time":"2026-02-12T13:02:54+00:00","og_image":[{"width":1800,"height":380,"url":"https:\/\/www.palletcontroltower.eu\/wp-content\/uploads\/2023\/12\/headerbeeld_0011_PalletControlTower_EPAL_forklift_handling_europallets.jpg","type":"image\/jpeg"}],"twitter_card":"summary_large_image","twitter_misc":{"Tiempo de lectura":"3 minutos"},"schema":{"@context":"https:\/\/schema.org","@graph":[{"@type":"WebPage","@id":"https:\/\/www.palletcontroltower.eu\/over-ons\/wie-is-pct\/","url":"https:\/\/www.palletcontroltower.eu\/over-ons\/wie-is-pct\/","name":"\u00bfQui\u00e9n es PCT? - Torre de control de pal\u00e9s","isPartOf":{"@id":"https:\/\/www.palletcontroltower.eu\/#website"},"primaryImageOfPage":{"@id":"https:\/\/www.palletcontroltower.eu\/over-ons\/wie-is-pct\/#primaryimage"},"image":{"@id":"https:\/\/www.palletcontroltower.eu\/over-ons\/wie-is-pct\/#primaryimage"},"thumbnailUrl":"http:\/\/www.palletcontroltower.eu\/wp-content\/uploads\/2023\/12\/headerbeeld_0011_PalletControlTower_EPAL_forklift_handling_europallets.jpg","datePublished":"2023-11-22T08:05:50+00:00","dateModified":"2026-02-12T13:02:54+00:00","breadcrumb":{"@id":"https:\/\/www.palletcontroltower.eu\/over-ons\/wie-is-pct\/#breadcrumb"},"inLanguage":"es","potentialAction":[{"@type":"ReadAction","target":["https:\/\/www.palletcontroltower.eu\/over-ons\/wie-is-pct\/"]}]},{"@type":"ImageObject","inLanguage":"es","@id":"https:\/\/www.palletcontroltower.eu\/over-ons\/wie-is-pct\/#primaryimage","url":"http:\/\/www.palletcontroltower.eu\/wp-content\/uploads\/2023\/12\/headerbeeld_0011_PalletControlTower_EPAL_forklift_handling_europallets.jpg","contentUrl":"http:\/\/www.palletcontroltower.eu\/wp-content\/uploads\/2023\/12\/headerbeeld_0011_PalletControlTower_EPAL_forklift_handling_europallets.jpg"},{"@type":"BreadcrumbList","@id":"https:\/\/www.palletcontroltower.eu\/over-ons\/wie-is-pct\/#breadcrumb","itemListElement":[{"@type":"ListItem","position":1,"name":"Home","item":"https:\/\/www.palletcontroltower.eu\/"},{"@type":"ListItem","position":2,"name":"Over ons","item":"https:\/\/www.palletcontroltower.eu\/over-ons\/"},{"@type":"ListItem","position":3,"name":"Wie is PCT?"}]},{"@type":"WebSite","@id":"https:\/\/www.palletcontroltower.eu\/#website","url":"https:\/\/www.palletcontroltower.eu\/","name":"Torre de control de pal\u00e9s","description":"","publisher":{"@id":"https:\/\/www.palletcontroltower.eu\/#organization"},"potentialAction":[{"@type":"SearchAction","target":{"@type":"EntryPoint","urlTemplate":"https:\/\/www.palletcontroltower.eu\/?s={search_term_string}"},"query-input":{"@type":"PropertyValueSpecification","valueRequired":true,"valueName":"search_term_string"}}],"inLanguage":"es"},{"@type":"Organization","@id":"https:\/\/www.palletcontroltower.eu\/#organization","name":"Torre de control de pal\u00e9s","url":"https:\/\/www.palletcontroltower.eu\/","logo":{"@type":"ImageObject","inLanguage":"es","@id":"https:\/\/www.palletcontroltower.eu\/#\/schema\/logo\/image\/","url":"https:\/\/www.palletcontroltower.eu\/wp-content\/uploads\/2023\/10\/logo.svg","contentUrl":"https:\/\/www.palletcontroltower.eu\/wp-content\/uploads\/2023\/10\/logo.svg","width":290,"height":87,"caption":"Pallet Control Tower"},"image":{"@id":"https:\/\/www.palletcontroltower.eu\/#\/schema\/logo\/image\/"}}]}},"_links":{"self":[{"href":"https:\/\/www.palletcontroltower.eu\/es\/wp-json\/wp\/v2\/pages\/66","targetHints":{"allow":["GET"]}}],"collection":[{"href":"https:\/\/www.palletcontroltower.eu\/es\/wp-json\/wp\/v2\/pages"}],"about":[{"href":"https:\/\/www.palletcontroltower.eu\/es\/wp-json\/wp\/v2\/types\/page"}],"author":[{"embeddable":true,"href":"https:\/\/www.palletcontroltower.eu\/es\/wp-json\/wp\/v2\/users\/1"}],"replies":[{"embeddable":true,"href":"https:\/\/www.palletcontroltower.eu\/es\/wp-json\/wp\/v2\/comments?post=66"}],"version-history":[{"count":25,"href":"https:\/\/www.palletcontroltower.eu\/es\/wp-json\/wp\/v2\/pages\/66\/revisions"}],"predecessor-version":[{"id":1245,"href":"https:\/\/www.palletcontroltower.eu\/es\/wp-json\/wp\/v2\/pages\/66\/revisions\/1245"}],"up":[{"embeddable":true,"href":"https:\/\/www.palletcontroltower.eu\/es\/wp-json\/wp\/v2\/pages\/64"}],"wp:attachment":[{"href":"https:\/\/www.palletcontroltower.eu\/es\/wp-json\/wp\/v2\/media?parent=66"}],"curies":[{"name":"wp","href":"https:\/\/api.w.org\/{rel}","templated":true}]}}