{"id":68,"date":"2023-11-22T08:05:58","date_gmt":"2023-11-22T08:05:58","guid":{"rendered":"http:\/\/www.palletcontroltower.eu\/?page_id=68"},"modified":"2026-01-30T09:52:36","modified_gmt":"2026-01-30T09:52:36","slug":"mision-y-vision","status":"publish","type":"page","link":"https:\/\/www.palletcontroltower.eu\/es\/over-ons\/missie-en-visie\/","title":{"rendered":"Misi\u00f3n y visi\u00f3n"},"content":{"rendered":"<div class=\"wp-block-columns is-layout-flex wp-container-core-columns-is-layout-28f84493 wp-block-columns-is-layout-flex\">\n<div class=\"wp-block-column is-layout-flow wp-block-column-is-layout-flow\">\n<h2 class=\"wp-block-heading\">Visi\u00f3n: asumimos nuestra responsabilidad<\/h2>\n\n\n\n<p>La automatizaci\u00f3n, los costes y, sobre todo, la sostenibilidad han despegado en todos los \u00e1mbitos en los \u00faltimos a\u00f1os. El mundo de los pal\u00e9s y otros elementos de transporte retornables (RTI) tambi\u00e9n debe seguir este ritmo para no perder el contacto. Reutilizar, reciclar y reparar son las palabras clave. <\/p>\n\n\n\n<p>Gracias a PCT Online, las empresas pueden marcar la diferencia en la sociedad actual en varios \u00e1mbitos. Piense en negocios sostenibles, reducci\u00f3n de CO2, concienciaci\u00f3n sobre los costes, optimizaci\u00f3n de la eficiencia al tiempo que abre nuevos caminos en la log\u00edstica.<\/p>\n\n\n\n<h2 class=\"wp-block-heading\">Misi\u00f3n: the Easy Way&nbsp;<\/h2>\n\n\n\n<p>Ayudamos a las empresas a dar el paso de una sola vez a varias veces, de forma sencilla. Ofrecemos todos los pasos necesarios para ello de forma clara dentro de la plataforma PCT Online. Un primer paso importante es entregar los pal\u00e9s no normalizados y otros ITR y sustituirlos por la variante multiuso: incluido el europal\u00e9 EUR. Un segundo paso importante es el \u2018registro\u2019: saber qu\u00e9 pal\u00e9s est\u00e1n d\u00f3nde y con qu\u00e9 acuerdos de precios.\u00a0\u00a0<\/p>\n\n\n\n<p>Pasar del uso \u00fanico al m\u00faltiple supondr\u00e1 un beneficio econ\u00f3mico para toda la cadena log\u00edstica -adem\u00e1s de la sostenibilidad- a corto, pero sin duda a largo plazo.&nbsp;<\/p>\n\n\n\n<p><strong>\u00bfEst\u00e1 preparado para el futuro del pool de pal\u00e9s?<\/strong>&nbsp;<\/p>\n\n\n\n<div class=\"wp-block-buttons is-layout-flex wp-block-buttons-is-layout-flex\">\n<div class=\"wp-block-button\"><a class=\"wp-block-button__link has-white-color has-green-background-color has-text-color has-background has-link-color wp-element-button\" href=\"https:\/\/portal.pct-online.eu\/register\" target=\"_blank\" rel=\"noreferrer noopener\">Activar su cuenta<\/a><\/div>\n<\/div>\n<\/div>\n<\/div>\n\n\n\n<hr class=\"wp-block-separator has-alpha-channel-opacity\"\/>\n\n\n\n<figure class=\"wp-block-image size-large\"><img fetchpriority=\"high\" decoding=\"async\" width=\"1024\" height=\"216\" src=\"http:\/\/www.palletcontroltower.eu\/wp-content\/uploads\/2023\/12\/headerbeeld_0007_PalletControlTower_Large_distribution_center-1024x216.jpg\" alt=\"\" class=\"wp-image-642\" srcset=\"https:\/\/www.palletcontroltower.eu\/wp-content\/uploads\/2023\/12\/headerbeeld_0007_PalletControlTower_Large_distribution_center-1024x216.jpg 1024w, https:\/\/www.palletcontroltower.eu\/wp-content\/uploads\/2023\/12\/headerbeeld_0007_PalletControlTower_Large_distribution_center-300x63.jpg 300w, https:\/\/www.palletcontroltower.eu\/wp-content\/uploads\/2023\/12\/headerbeeld_0007_PalletControlTower_Large_distribution_center-768x162.jpg 768w, https:\/\/www.palletcontroltower.eu\/wp-content\/uploads\/2023\/12\/headerbeeld_0007_PalletControlTower_Large_distribution_center-1536x324.jpg 1536w, https:\/\/www.palletcontroltower.eu\/wp-content\/uploads\/2023\/12\/headerbeeld_0007_PalletControlTower_Large_distribution_center-18x4.jpg 18w, https:\/\/www.palletcontroltower.eu\/wp-content\/uploads\/2023\/12\/headerbeeld_0007_PalletControlTower_Large_distribution_center.jpg 1800w\" sizes=\"(max-width: 1024px) 100vw, 1024px\" \/><\/figure>\n\n\n\n<hr class=\"wp-block-separator has-alpha-channel-opacity\"\/>\n\n\n\n<blockquote class=\"wp-block-quote is-layout-flow wp-block-quote-is-layout-flow\">\n<p class=\"has-text-align-center\">Evite el estr\u00e9s de los pal\u00e9s Pallet Control Tower es el est\u00e1ndar europeo y la plataforma de recogida y entrega por correspondencia para europal\u00e9s y otros art\u00edculos de transporte retornables. Facilitamos la puesta en com\u00fan abierta de la A a la Z. Y hacemos que la log\u00edstica de pal\u00e9s vuelva a ser manejable.<\/p>\n<\/blockquote>\n\n\n\n<hr class=\"wp-block-separator has-alpha-channel-opacity\"\/>\n\n\n\n<div class=\"wp-block-columns is-layout-flex wp-container-core-columns-is-layout-28f84493 wp-block-columns-is-layout-flex\"><\/div>","protected":false},"excerpt":{"rendered":"<p>Visie: we nemen onze verantwoordelijkheid Automatisering, kosten maar vooral duurzaamheid hebben de laatste jaren op alle vlakken een vlucht genomen. Ook de wereld van pallets en andere Returnable Transport Items (RTI\u2019s) moet hierin mee om niet de aansluiting te verliezen. Re-use, recycle en repair zijn de kernwoorden. Door gebruik te maken van PCT Online zijn [&hellip;]<\/p>\n","protected":false},"author":1,"featured_media":0,"parent":64,"menu_order":0,"comment_status":"closed","ping_status":"closed","template":"","meta":{"footnotes":""},"class_list":["post-68","page","type-page","status-publish","hentry"],"yoast_head":"<!-- This site is optimized with the Yoast SEO plugin v27.3 - https:\/\/yoast.com\/product\/yoast-seo-wordpress\/ -->\n<title>Missie en visie - Pallet Control Tower<\/title>\n<meta name=\"description\" content=\"De missie en visie van Pallet Control Tower: een meer duurzame manier van pallet logistiek - op een zo eenvoudige wijze geoperationaliseerd\" \/>\n<meta name=\"robots\" content=\"index, follow, max-snippet:-1, max-image-preview:large, max-video-preview:-1\" \/>\n<link rel=\"canonical\" href=\"https:\/\/www.palletcontroltower.eu\/es\/acerca-de-nosotros\/mision-y-vision\/\" \/>\n<meta property=\"og:locale\" content=\"es_ES\" \/>\n<meta property=\"og:type\" content=\"article\" \/>\n<meta property=\"og:title\" content=\"Missie en visie - Pallet Control Tower\" \/>\n<meta property=\"og:description\" content=\"De missie en visie van Pallet Control Tower: een meer duurzame manier van pallet logistiek - op een zo eenvoudige wijze geoperationaliseerd\" \/>\n<meta property=\"og:url\" content=\"https:\/\/www.palletcontroltower.eu\/es\/acerca-de-nosotros\/mision-y-vision\/\" \/>\n<meta property=\"og:site_name\" content=\"Pallet Control Tower\" \/>\n<meta property=\"article:modified_time\" content=\"2026-01-30T09:52:36+00:00\" \/>\n<meta property=\"og:image\" content=\"https:\/\/www.palletcontroltower.eu\/wp-content\/uploads\/2023\/12\/headerbeeld_0007_PalletControlTower_Large_distribution_center.jpg\" \/>\n\t<meta property=\"og:image:width\" content=\"1800\" \/>\n\t<meta property=\"og:image:height\" content=\"380\" \/>\n\t<meta property=\"og:image:type\" content=\"image\/jpeg\" \/>\n<meta name=\"twitter:card\" content=\"summary_large_image\" \/>\n<meta name=\"twitter:label1\" content=\"Tiempo de lectura\" \/>\n\t<meta name=\"twitter:data1\" content=\"2 minutos\" \/>\n<script type=\"application\/ld+json\" class=\"yoast-schema-graph\">{\"@context\":\"https:\\\/\\\/schema.org\",\"@graph\":[{\"@type\":\"WebPage\",\"@id\":\"https:\\\/\\\/www.palletcontroltower.eu\\\/over-ons\\\/missie-en-visie\\\/\",\"url\":\"https:\\\/\\\/www.palletcontroltower.eu\\\/over-ons\\\/missie-en-visie\\\/\",\"name\":\"Missie en visie - Pallet Control Tower\",\"isPartOf\":{\"@id\":\"https:\\\/\\\/www.palletcontroltower.eu\\\/#website\"},\"primaryImageOfPage\":{\"@id\":\"https:\\\/\\\/www.palletcontroltower.eu\\\/over-ons\\\/missie-en-visie\\\/#primaryimage\"},\"image\":{\"@id\":\"https:\\\/\\\/www.palletcontroltower.eu\\\/over-ons\\\/missie-en-visie\\\/#primaryimage\"},\"thumbnailUrl\":\"http:\\\/\\\/www.palletcontroltower.eu\\\/wp-content\\\/uploads\\\/2023\\\/12\\\/headerbeeld_0007_PalletControlTower_Large_distribution_center-1024x216.jpg\",\"datePublished\":\"2023-11-22T08:05:58+00:00\",\"dateModified\":\"2026-01-30T09:52:36+00:00\",\"description\":\"De missie en visie van Pallet Control Tower: een meer duurzame manier van pallet logistiek - op een zo eenvoudige wijze geoperationaliseerd\",\"breadcrumb\":{\"@id\":\"https:\\\/\\\/www.palletcontroltower.eu\\\/over-ons\\\/missie-en-visie\\\/#breadcrumb\"},\"inLanguage\":\"es\",\"potentialAction\":[{\"@type\":\"ReadAction\",\"target\":[\"https:\\\/\\\/www.palletcontroltower.eu\\\/over-ons\\\/missie-en-visie\\\/\"]}]},{\"@type\":\"ImageObject\",\"inLanguage\":\"es\",\"@id\":\"https:\\\/\\\/www.palletcontroltower.eu\\\/over-ons\\\/missie-en-visie\\\/#primaryimage\",\"url\":\"http:\\\/\\\/www.palletcontroltower.eu\\\/wp-content\\\/uploads\\\/2023\\\/12\\\/headerbeeld_0007_PalletControlTower_Large_distribution_center-1024x216.jpg\",\"contentUrl\":\"http:\\\/\\\/www.palletcontroltower.eu\\\/wp-content\\\/uploads\\\/2023\\\/12\\\/headerbeeld_0007_PalletControlTower_Large_distribution_center-1024x216.jpg\"},{\"@type\":\"BreadcrumbList\",\"@id\":\"https:\\\/\\\/www.palletcontroltower.eu\\\/over-ons\\\/missie-en-visie\\\/#breadcrumb\",\"itemListElement\":[{\"@type\":\"ListItem\",\"position\":1,\"name\":\"Home\",\"item\":\"https:\\\/\\\/www.palletcontroltower.eu\\\/\"},{\"@type\":\"ListItem\",\"position\":2,\"name\":\"Over ons\",\"item\":\"https:\\\/\\\/www.palletcontroltower.eu\\\/over-ons\\\/\"},{\"@type\":\"ListItem\",\"position\":3,\"name\":\"Missie en visie\"}]},{\"@type\":\"WebSite\",\"@id\":\"https:\\\/\\\/www.palletcontroltower.eu\\\/#website\",\"url\":\"https:\\\/\\\/www.palletcontroltower.eu\\\/\",\"name\":\"Pallet Control Tower\",\"description\":\"\",\"publisher\":{\"@id\":\"https:\\\/\\\/www.palletcontroltower.eu\\\/#organization\"},\"potentialAction\":[{\"@type\":\"SearchAction\",\"target\":{\"@type\":\"EntryPoint\",\"urlTemplate\":\"https:\\\/\\\/www.palletcontroltower.eu\\\/?s={search_term_string}\"},\"query-input\":{\"@type\":\"PropertyValueSpecification\",\"valueRequired\":true,\"valueName\":\"search_term_string\"}}],\"inLanguage\":\"es\"},{\"@type\":\"Organization\",\"@id\":\"https:\\\/\\\/www.palletcontroltower.eu\\\/#organization\",\"name\":\"Pallet Control Tower\",\"url\":\"https:\\\/\\\/www.palletcontroltower.eu\\\/\",\"logo\":{\"@type\":\"ImageObject\",\"inLanguage\":\"es\",\"@id\":\"https:\\\/\\\/www.palletcontroltower.eu\\\/#\\\/schema\\\/logo\\\/image\\\/\",\"url\":\"https:\\\/\\\/www.palletcontroltower.eu\\\/wp-content\\\/uploads\\\/2023\\\/10\\\/logo.svg\",\"contentUrl\":\"https:\\\/\\\/www.palletcontroltower.eu\\\/wp-content\\\/uploads\\\/2023\\\/10\\\/logo.svg\",\"width\":290,\"height\":87,\"caption\":\"Pallet Control Tower\"},\"image\":{\"@id\":\"https:\\\/\\\/www.palletcontroltower.eu\\\/#\\\/schema\\\/logo\\\/image\\\/\"}}]}<\/script>\n<!-- \/ Yoast SEO plugin. -->","yoast_head_json":{"title":"Misi\u00f3n y visi\u00f3n - Torre de control de pal\u00e9s","description":"Misi\u00f3n y visi\u00f3n de Pallet Control Tower: una forma m\u00e1s sostenible de log\u00edstica de pal\u00e9s, operativa de la forma m\u00e1s sencilla posible.","robots":{"index":"index","follow":"follow","max-snippet":"max-snippet:-1","max-image-preview":"max-image-preview:large","max-video-preview":"max-video-preview:-1"},"canonical":"https:\/\/www.palletcontroltower.eu\/es\/acerca-de-nosotros\/mision-y-vision\/","og_locale":"es_ES","og_type":"article","og_title":"Missie en visie - Pallet Control Tower","og_description":"De missie en visie van Pallet Control Tower: een meer duurzame manier van pallet logistiek - op een zo eenvoudige wijze geoperationaliseerd","og_url":"https:\/\/www.palletcontroltower.eu\/es\/acerca-de-nosotros\/mision-y-vision\/","og_site_name":"Pallet Control Tower","article_modified_time":"2026-01-30T09:52:36+00:00","og_image":[{"width":1800,"height":380,"url":"https:\/\/www.palletcontroltower.eu\/wp-content\/uploads\/2023\/12\/headerbeeld_0007_PalletControlTower_Large_distribution_center.jpg","type":"image\/jpeg"}],"twitter_card":"summary_large_image","twitter_misc":{"Tiempo de lectura":"2 minutos"},"schema":{"@context":"https:\/\/schema.org","@graph":[{"@type":"WebPage","@id":"https:\/\/www.palletcontroltower.eu\/over-ons\/missie-en-visie\/","url":"https:\/\/www.palletcontroltower.eu\/over-ons\/missie-en-visie\/","name":"Misi\u00f3n y visi\u00f3n - Torre de control de pal\u00e9s","isPartOf":{"@id":"https:\/\/www.palletcontroltower.eu\/#website"},"primaryImageOfPage":{"@id":"https:\/\/www.palletcontroltower.eu\/over-ons\/missie-en-visie\/#primaryimage"},"image":{"@id":"https:\/\/www.palletcontroltower.eu\/over-ons\/missie-en-visie\/#primaryimage"},"thumbnailUrl":"http:\/\/www.palletcontroltower.eu\/wp-content\/uploads\/2023\/12\/headerbeeld_0007_PalletControlTower_Large_distribution_center-1024x216.jpg","datePublished":"2023-11-22T08:05:58+00:00","dateModified":"2026-01-30T09:52:36+00:00","description":"Misi\u00f3n y visi\u00f3n de Pallet Control Tower: una forma m\u00e1s sostenible de log\u00edstica de pal\u00e9s, operativa de la forma m\u00e1s sencilla posible.","breadcrumb":{"@id":"https:\/\/www.palletcontroltower.eu\/over-ons\/missie-en-visie\/#breadcrumb"},"inLanguage":"es","potentialAction":[{"@type":"ReadAction","target":["https:\/\/www.palletcontroltower.eu\/over-ons\/missie-en-visie\/"]}]},{"@type":"ImageObject","inLanguage":"es","@id":"https:\/\/www.palletcontroltower.eu\/over-ons\/missie-en-visie\/#primaryimage","url":"http:\/\/www.palletcontroltower.eu\/wp-content\/uploads\/2023\/12\/headerbeeld_0007_PalletControlTower_Large_distribution_center-1024x216.jpg","contentUrl":"http:\/\/www.palletcontroltower.eu\/wp-content\/uploads\/2023\/12\/headerbeeld_0007_PalletControlTower_Large_distribution_center-1024x216.jpg"},{"@type":"BreadcrumbList","@id":"https:\/\/www.palletcontroltower.eu\/over-ons\/missie-en-visie\/#breadcrumb","itemListElement":[{"@type":"ListItem","position":1,"name":"Home","item":"https:\/\/www.palletcontroltower.eu\/"},{"@type":"ListItem","position":2,"name":"Over ons","item":"https:\/\/www.palletcontroltower.eu\/over-ons\/"},{"@type":"ListItem","position":3,"name":"Missie en visie"}]},{"@type":"WebSite","@id":"https:\/\/www.palletcontroltower.eu\/#website","url":"https:\/\/www.palletcontroltower.eu\/","name":"Torre de control de pal\u00e9s","description":"","publisher":{"@id":"https:\/\/www.palletcontroltower.eu\/#organization"},"potentialAction":[{"@type":"SearchAction","target":{"@type":"EntryPoint","urlTemplate":"https:\/\/www.palletcontroltower.eu\/?s={search_term_string}"},"query-input":{"@type":"PropertyValueSpecification","valueRequired":true,"valueName":"search_term_string"}}],"inLanguage":"es"},{"@type":"Organization","@id":"https:\/\/www.palletcontroltower.eu\/#organization","name":"Torre de control de pal\u00e9s","url":"https:\/\/www.palletcontroltower.eu\/","logo":{"@type":"ImageObject","inLanguage":"es","@id":"https:\/\/www.palletcontroltower.eu\/#\/schema\/logo\/image\/","url":"https:\/\/www.palletcontroltower.eu\/wp-content\/uploads\/2023\/10\/logo.svg","contentUrl":"https:\/\/www.palletcontroltower.eu\/wp-content\/uploads\/2023\/10\/logo.svg","width":290,"height":87,"caption":"Pallet Control Tower"},"image":{"@id":"https:\/\/www.palletcontroltower.eu\/#\/schema\/logo\/image\/"}}]}},"_links":{"self":[{"href":"https:\/\/www.palletcontroltower.eu\/es\/wp-json\/wp\/v2\/pages\/68","targetHints":{"allow":["GET"]}}],"collection":[{"href":"https:\/\/www.palletcontroltower.eu\/es\/wp-json\/wp\/v2\/pages"}],"about":[{"href":"https:\/\/www.palletcontroltower.eu\/es\/wp-json\/wp\/v2\/types\/page"}],"author":[{"embeddable":true,"href":"https:\/\/www.palletcontroltower.eu\/es\/wp-json\/wp\/v2\/users\/1"}],"replies":[{"embeddable":true,"href":"https:\/\/www.palletcontroltower.eu\/es\/wp-json\/wp\/v2\/comments?post=68"}],"version-history":[{"count":20,"href":"https:\/\/www.palletcontroltower.eu\/es\/wp-json\/wp\/v2\/pages\/68\/revisions"}],"predecessor-version":[{"id":1235,"href":"https:\/\/www.palletcontroltower.eu\/es\/wp-json\/wp\/v2\/pages\/68\/revisions\/1235"}],"up":[{"embeddable":true,"href":"https:\/\/www.palletcontroltower.eu\/es\/wp-json\/wp\/v2\/pages\/64"}],"wp:attachment":[{"href":"https:\/\/www.palletcontroltower.eu\/es\/wp-json\/wp\/v2\/media?parent=68"}],"curies":[{"name":"wp","href":"https:\/\/api.w.org\/{rel}","templated":true}]}}