{"id":70,"date":"2023-11-22T08:06:06","date_gmt":"2023-11-22T08:06:06","guid":{"rendered":"http:\/\/www.palletcontroltower.eu\/?page_id=70"},"modified":"2024-01-22T12:49:45","modified_gmt":"2024-01-22T12:49:45","slug":"vacantes","status":"publish","type":"page","link":"https:\/\/www.palletcontroltower.eu\/es\/vacatures\/","title":{"rendered":"Vacantes"},"content":{"rendered":"<div class=\"wp-block-columns is-layout-flex wp-container-core-columns-is-layout-28f84493 wp-block-columns-is-layout-flex\">\n<div class=\"wp-block-column is-layout-flow wp-block-column-is-layout-flow\">\n<h2 class=\"wp-block-heading\">Solicitar<\/h2>\n\n\n\n<p>PCT es una empresa joven pero en crecimiento internacional. Por ello, buscamos nuevos empleados en toda Europa a corto plazo. Eche un vistazo a esta p\u00e1gina para conocer las vacantes actuales. Por ejemplo, pronto comenzaremos la b\u00fasqueda de gestores de cuentas y personal de atenci\u00f3n al cliente, entre otros. Trabajar en Pallet Control Tower significa trabajar en un entorno desafiante en el que se exige independencia. Todos los puestos son h\u00edbridos y se facilita el trabajo desde casa. <\/p>\n<\/div>\n<\/div>\n\n\n\n<hr class=\"wp-block-separator has-alpha-channel-opacity\"\/>\n\n\n\n<div class=\"wp-block-columns are-vertically-aligned-center is-layout-flex wp-container-core-columns-is-layout-28f84493 wp-block-columns-is-layout-flex\">\n<div class=\"wp-block-column is-layout-flow wp-block-column-is-layout-flow\">\n<div class=\"wp-block-pb-accordion-item c-accordion__item js-accordion-item no-js\" data-initially-open=\"false\" data-click-to-close=\"true\" data-auto-close=\"true\" data-scroll=\"false\" data-scroll-offset=\"0\"><h2 id=\"at-700\" class=\"c-accordion__title js-accordion-controller\" role=\"button\">Gestor de cuentas varios pa\u00edses europeos - jornada completa \/ media jornada<\/h2><div id=\"ac-700\" class=\"c-accordion__content\">\n<p>\u00bfTiene varios a\u00f1os de experiencia en log\u00edstica y\/o comercio internacional y le gustar\u00eda dar el siguiente paso en su carrera?<\/p>\n\n\n\n<p>Entonces aproveche ahora su oportunidad de seguir creciendo con nosotros como gestor de cuentas en una de nuestras regiones operativas europeas. <\/p>\n\n\n\n<div class=\"wp-block-buttons is-layout-flex wp-block-buttons-is-layout-flex\">\n<div class=\"wp-block-button\"><a class=\"wp-block-button__link has-white-color has-blue-background-color has-text-color has-background has-link-color wp-element-button\" href=\"https:\/\/www.palletcontroltower.eu\/es\/vacantes\/gestor-de-cuentas\/\" target=\"_blank\" rel=\"noreferrer noopener\">Ver oferta de empleo<\/a><\/div>\n<\/div>\n<\/div><\/div>\n\n\n\n<div class=\"wp-block-pb-accordion-item c-accordion__item js-accordion-item no-js\" data-initially-open=\"false\" data-click-to-close=\"true\" data-auto-close=\"true\" data-scroll=\"false\" data-scroll-offset=\"0\"><h2 id=\"at-701\" class=\"c-accordion__title js-accordion-controller\" role=\"button\">(Junior) Asistente de oficina \/ marketing - tiempo parcial \/ tiempo completo<\/h2><div id=\"ac-701\" class=\"c-accordion__content\">\n<p>\u00bfEst\u00e1s al principio de tu carrera o ya tienes experiencia laboral inicial en un puesto de oficina y\/o marketing\/comunicaciones y te gustar\u00eda dar el siguiente paso en tu carrera?<\/p>\n\n\n\n<p>Entonces, \u00a1aprovecha ahora tu oportunidad de crecer con nosotros como asistente de oficina y marketing!<\/p>\n\n\n\n<div class=\"wp-block-buttons is-layout-flex wp-block-buttons-is-layout-flex\">\n<div class=\"wp-block-button\"><a class=\"wp-block-button__link has-white-color has-blue-background-color has-text-color has-background has-link-color wp-element-button\" href=\"https:\/\/www.palletcontroltower.eu\/es\/vacantes\/asistente-junior-de-marketing-de-oficina\/\" target=\"_blank\" rel=\"noreferrer noopener\">Ver oferta de empleo<\/a><\/div>\n<\/div>\n<\/div><\/div>\n<\/div>\n<\/div>\n\n\n\n<hr class=\"wp-block-separator has-alpha-channel-opacity\"\/>\n\n\n\n<blockquote class=\"wp-block-quote is-layout-flow wp-block-quote-is-layout-flow\">\n<p class=\"has-text-align-center\">Evite el estr\u00e9s en los pal\u00e9s. Pallet Control Tower es el est\u00e1ndar europeo y la plataforma de Recogida y Entrega por Emparejamiento para europalets y, por lo dem\u00e1s, RTI. Facilitamos el pooling abierto de la A a la Z. Y hacemos que la log\u00edstica de pal\u00e9s vuelva a ser manejable.<\/p>\n<\/blockquote>\n\n\n\n<hr class=\"wp-block-separator has-alpha-channel-opacity\"\/>\n\n\n\n<figure class=\"wp-block-image size-full\"><img fetchpriority=\"high\" decoding=\"async\" width=\"2121\" height=\"1414\" src=\"http:\/\/www.palletcontroltower.eu\/wp-content\/uploads\/2024\/01\/Coworkers_hybridmeeting.jpg\" alt=\"co-working en una reuni\u00f3n h\u00edbrida\" class=\"wp-image-1171\" style=\"aspect-ratio:16\/9;object-fit:cover\" srcset=\"https:\/\/www.palletcontroltower.eu\/wp-content\/uploads\/2024\/01\/Coworkers_hybridmeeting.jpg 2121w, https:\/\/www.palletcontroltower.eu\/wp-content\/uploads\/2024\/01\/Coworkers_hybridmeeting-300x200.jpg 300w, https:\/\/www.palletcontroltower.eu\/wp-content\/uploads\/2024\/01\/Coworkers_hybridmeeting-1024x683.jpg 1024w, https:\/\/www.palletcontroltower.eu\/wp-content\/uploads\/2024\/01\/Coworkers_hybridmeeting-768x512.jpg 768w, https:\/\/www.palletcontroltower.eu\/wp-content\/uploads\/2024\/01\/Coworkers_hybridmeeting-1536x1024.jpg 1536w, https:\/\/www.palletcontroltower.eu\/wp-content\/uploads\/2024\/01\/Coworkers_hybridmeeting-2048x1365.jpg 2048w, https:\/\/www.palletcontroltower.eu\/wp-content\/uploads\/2024\/01\/Coworkers_hybridmeeting-18x12.jpg 18w\" sizes=\"(max-width: 2121px) 100vw, 2121px\" \/><\/figure>\n\n\n\n<hr class=\"wp-block-separator has-alpha-channel-opacity\"\/>","protected":false},"excerpt":{"rendered":"<p>Solliciteer PCT is een jong maar internationaal groeiend bedrijf. Daarom zijn we op korte termijn op zoek naar nieuwe medewerkers door heel Europa. Hou deze pagina in de gaten voor de actuele vacatures. Zo starten we binnenkort de zoektocht naar o.a. accountmanagers en customer support medewerkers. Werken bij Pallet Control Tower betekent dus werken in [&hellip;]<\/p>\n","protected":false},"author":1,"featured_media":0,"parent":0,"menu_order":0,"comment_status":"closed","ping_status":"closed","template":"","meta":{"footnotes":""},"class_list":["post-70","page","type-page","status-publish","hentry"],"yoast_head":"<!-- This site is optimized with the Yoast SEO plugin v27.3 - https:\/\/yoast.com\/product\/yoast-seo-wordpress\/ -->\n<title>Vacatures - Pallet Control Tower<\/title>\n<meta name=\"description\" content=\"Een overzicht van de actuele vacatures die Pallet Control Tower internationaal en Europees heeft uitstaan om de groei te faciliteren.\" \/>\n<meta name=\"robots\" content=\"index, follow, max-snippet:-1, max-image-preview:large, max-video-preview:-1\" \/>\n<link rel=\"canonical\" href=\"https:\/\/www.palletcontroltower.eu\/es\/vacantes\/\" \/>\n<meta property=\"og:locale\" content=\"es_ES\" \/>\n<meta property=\"og:type\" content=\"article\" \/>\n<meta property=\"og:title\" content=\"Vacatures - Pallet Control Tower\" \/>\n<meta property=\"og:description\" content=\"Een overzicht van de actuele vacatures die Pallet Control Tower internationaal en Europees heeft uitstaan om de groei te faciliteren.\" \/>\n<meta property=\"og:url\" content=\"https:\/\/www.palletcontroltower.eu\/es\/vacantes\/\" \/>\n<meta property=\"og:site_name\" content=\"Pallet Control Tower\" \/>\n<meta property=\"article:modified_time\" content=\"2024-01-22T12:49:45+00:00\" \/>\n<meta property=\"og:image\" content=\"http:\/\/www.palletcontroltower.eu\/wp-content\/uploads\/2024\/01\/Coworkers_hybridmeeting.jpg\" \/>\n<meta name=\"twitter:card\" content=\"summary_large_image\" \/>\n<meta name=\"twitter:label1\" content=\"Tiempo de lectura\" \/>\n\t<meta name=\"twitter:data1\" content=\"2 minutos\" \/>\n<script type=\"application\/ld+json\" class=\"yoast-schema-graph\">{\"@context\":\"https:\\\/\\\/schema.org\",\"@graph\":[{\"@type\":\"WebPage\",\"@id\":\"https:\\\/\\\/www.palletcontroltower.eu\\\/vacatures\\\/\",\"url\":\"https:\\\/\\\/www.palletcontroltower.eu\\\/vacatures\\\/\",\"name\":\"Vacatures - Pallet Control Tower\",\"isPartOf\":{\"@id\":\"https:\\\/\\\/www.palletcontroltower.eu\\\/#website\"},\"primaryImageOfPage\":{\"@id\":\"https:\\\/\\\/www.palletcontroltower.eu\\\/vacatures\\\/#primaryimage\"},\"image\":{\"@id\":\"https:\\\/\\\/www.palletcontroltower.eu\\\/vacatures\\\/#primaryimage\"},\"thumbnailUrl\":\"http:\\\/\\\/www.palletcontroltower.eu\\\/wp-content\\\/uploads\\\/2024\\\/01\\\/Coworkers_hybridmeeting.jpg\",\"datePublished\":\"2023-11-22T08:06:06+00:00\",\"dateModified\":\"2024-01-22T12:49:45+00:00\",\"description\":\"Een overzicht van de actuele vacatures die Pallet Control Tower internationaal en Europees heeft uitstaan om de groei te faciliteren.\",\"breadcrumb\":{\"@id\":\"https:\\\/\\\/www.palletcontroltower.eu\\\/vacatures\\\/#breadcrumb\"},\"inLanguage\":\"es\",\"potentialAction\":[{\"@type\":\"ReadAction\",\"target\":[\"https:\\\/\\\/www.palletcontroltower.eu\\\/vacatures\\\/\"]}]},{\"@type\":\"ImageObject\",\"inLanguage\":\"es\",\"@id\":\"https:\\\/\\\/www.palletcontroltower.eu\\\/vacatures\\\/#primaryimage\",\"url\":\"http:\\\/\\\/www.palletcontroltower.eu\\\/wp-content\\\/uploads\\\/2024\\\/01\\\/Coworkers_hybridmeeting.jpg\",\"contentUrl\":\"http:\\\/\\\/www.palletcontroltower.eu\\\/wp-content\\\/uploads\\\/2024\\\/01\\\/Coworkers_hybridmeeting.jpg\"},{\"@type\":\"BreadcrumbList\",\"@id\":\"https:\\\/\\\/www.palletcontroltower.eu\\\/vacatures\\\/#breadcrumb\",\"itemListElement\":[{\"@type\":\"ListItem\",\"position\":1,\"name\":\"Home\",\"item\":\"https:\\\/\\\/www.palletcontroltower.eu\\\/\"},{\"@type\":\"ListItem\",\"position\":2,\"name\":\"Vacatures\"}]},{\"@type\":\"WebSite\",\"@id\":\"https:\\\/\\\/www.palletcontroltower.eu\\\/#website\",\"url\":\"https:\\\/\\\/www.palletcontroltower.eu\\\/\",\"name\":\"Pallet Control Tower\",\"description\":\"\",\"publisher\":{\"@id\":\"https:\\\/\\\/www.palletcontroltower.eu\\\/#organization\"},\"potentialAction\":[{\"@type\":\"SearchAction\",\"target\":{\"@type\":\"EntryPoint\",\"urlTemplate\":\"https:\\\/\\\/www.palletcontroltower.eu\\\/?s={search_term_string}\"},\"query-input\":{\"@type\":\"PropertyValueSpecification\",\"valueRequired\":true,\"valueName\":\"search_term_string\"}}],\"inLanguage\":\"es\"},{\"@type\":\"Organization\",\"@id\":\"https:\\\/\\\/www.palletcontroltower.eu\\\/#organization\",\"name\":\"Pallet Control Tower\",\"url\":\"https:\\\/\\\/www.palletcontroltower.eu\\\/\",\"logo\":{\"@type\":\"ImageObject\",\"inLanguage\":\"es\",\"@id\":\"https:\\\/\\\/www.palletcontroltower.eu\\\/#\\\/schema\\\/logo\\\/image\\\/\",\"url\":\"https:\\\/\\\/www.palletcontroltower.eu\\\/wp-content\\\/uploads\\\/2023\\\/10\\\/logo.svg\",\"contentUrl\":\"https:\\\/\\\/www.palletcontroltower.eu\\\/wp-content\\\/uploads\\\/2023\\\/10\\\/logo.svg\",\"width\":290,\"height\":87,\"caption\":\"Pallet Control Tower\"},\"image\":{\"@id\":\"https:\\\/\\\/www.palletcontroltower.eu\\\/#\\\/schema\\\/logo\\\/image\\\/\"}}]}<\/script>\n<!-- \/ Yoast SEO plugin. -->","yoast_head_json":{"title":"Vacantes - Torre de control de pal\u00e9s","description":"Una visi\u00f3n general de las vacantes actuales que Pallet Control Tower tiene pendientes a nivel internacional y en Europa para facilitar el crecimiento.","robots":{"index":"index","follow":"follow","max-snippet":"max-snippet:-1","max-image-preview":"max-image-preview:large","max-video-preview":"max-video-preview:-1"},"canonical":"https:\/\/www.palletcontroltower.eu\/es\/vacantes\/","og_locale":"es_ES","og_type":"article","og_title":"Vacatures - Pallet Control Tower","og_description":"Een overzicht van de actuele vacatures die Pallet Control Tower internationaal en Europees heeft uitstaan om de groei te faciliteren.","og_url":"https:\/\/www.palletcontroltower.eu\/es\/vacantes\/","og_site_name":"Pallet Control Tower","article_modified_time":"2024-01-22T12:49:45+00:00","og_image":[{"url":"http:\/\/www.palletcontroltower.eu\/wp-content\/uploads\/2024\/01\/Coworkers_hybridmeeting.jpg","type":"","width":"","height":""}],"twitter_card":"summary_large_image","twitter_misc":{"Tiempo de lectura":"2 minutos"},"schema":{"@context":"https:\/\/schema.org","@graph":[{"@type":"WebPage","@id":"https:\/\/www.palletcontroltower.eu\/vacatures\/","url":"https:\/\/www.palletcontroltower.eu\/vacatures\/","name":"Vacantes - Torre de control de pal\u00e9s","isPartOf":{"@id":"https:\/\/www.palletcontroltower.eu\/#website"},"primaryImageOfPage":{"@id":"https:\/\/www.palletcontroltower.eu\/vacatures\/#primaryimage"},"image":{"@id":"https:\/\/www.palletcontroltower.eu\/vacatures\/#primaryimage"},"thumbnailUrl":"http:\/\/www.palletcontroltower.eu\/wp-content\/uploads\/2024\/01\/Coworkers_hybridmeeting.jpg","datePublished":"2023-11-22T08:06:06+00:00","dateModified":"2024-01-22T12:49:45+00:00","description":"Una visi\u00f3n general de las vacantes actuales que Pallet Control Tower tiene pendientes a nivel internacional y en Europa para facilitar el crecimiento.","breadcrumb":{"@id":"https:\/\/www.palletcontroltower.eu\/vacatures\/#breadcrumb"},"inLanguage":"es","potentialAction":[{"@type":"ReadAction","target":["https:\/\/www.palletcontroltower.eu\/vacatures\/"]}]},{"@type":"ImageObject","inLanguage":"es","@id":"https:\/\/www.palletcontroltower.eu\/vacatures\/#primaryimage","url":"http:\/\/www.palletcontroltower.eu\/wp-content\/uploads\/2024\/01\/Coworkers_hybridmeeting.jpg","contentUrl":"http:\/\/www.palletcontroltower.eu\/wp-content\/uploads\/2024\/01\/Coworkers_hybridmeeting.jpg"},{"@type":"BreadcrumbList","@id":"https:\/\/www.palletcontroltower.eu\/vacatures\/#breadcrumb","itemListElement":[{"@type":"ListItem","position":1,"name":"Home","item":"https:\/\/www.palletcontroltower.eu\/"},{"@type":"ListItem","position":2,"name":"Vacatures"}]},{"@type":"WebSite","@id":"https:\/\/www.palletcontroltower.eu\/#website","url":"https:\/\/www.palletcontroltower.eu\/","name":"Torre de control de pal\u00e9s","description":"","publisher":{"@id":"https:\/\/www.palletcontroltower.eu\/#organization"},"potentialAction":[{"@type":"SearchAction","target":{"@type":"EntryPoint","urlTemplate":"https:\/\/www.palletcontroltower.eu\/?s={search_term_string}"},"query-input":{"@type":"PropertyValueSpecification","valueRequired":true,"valueName":"search_term_string"}}],"inLanguage":"es"},{"@type":"Organization","@id":"https:\/\/www.palletcontroltower.eu\/#organization","name":"Torre de control de pal\u00e9s","url":"https:\/\/www.palletcontroltower.eu\/","logo":{"@type":"ImageObject","inLanguage":"es","@id":"https:\/\/www.palletcontroltower.eu\/#\/schema\/logo\/image\/","url":"https:\/\/www.palletcontroltower.eu\/wp-content\/uploads\/2023\/10\/logo.svg","contentUrl":"https:\/\/www.palletcontroltower.eu\/wp-content\/uploads\/2023\/10\/logo.svg","width":290,"height":87,"caption":"Pallet Control Tower"},"image":{"@id":"https:\/\/www.palletcontroltower.eu\/#\/schema\/logo\/image\/"}}]}},"_links":{"self":[{"href":"https:\/\/www.palletcontroltower.eu\/es\/wp-json\/wp\/v2\/pages\/70","targetHints":{"allow":["GET"]}}],"collection":[{"href":"https:\/\/www.palletcontroltower.eu\/es\/wp-json\/wp\/v2\/pages"}],"about":[{"href":"https:\/\/www.palletcontroltower.eu\/es\/wp-json\/wp\/v2\/types\/page"}],"author":[{"embeddable":true,"href":"https:\/\/www.palletcontroltower.eu\/es\/wp-json\/wp\/v2\/users\/1"}],"replies":[{"embeddable":true,"href":"https:\/\/www.palletcontroltower.eu\/es\/wp-json\/wp\/v2\/comments?post=70"}],"version-history":[{"count":14,"href":"https:\/\/www.palletcontroltower.eu\/es\/wp-json\/wp\/v2\/pages\/70\/revisions"}],"predecessor-version":[{"id":1191,"href":"https:\/\/www.palletcontroltower.eu\/es\/wp-json\/wp\/v2\/pages\/70\/revisions\/1191"}],"wp:attachment":[{"href":"https:\/\/www.palletcontroltower.eu\/es\/wp-json\/wp\/v2\/media?parent=70"}],"curies":[{"name":"wp","href":"https:\/\/api.w.org\/{rel}","templated":true}]}}