{"id":755,"date":"2023-12-27T14:57:05","date_gmt":"2023-12-27T14:57:05","guid":{"rendered":"http:\/\/www.palletcontroltower.eu\/over-ons\/wie-is-pct-copy\/"},"modified":"2026-01-30T09:53:28","modified_gmt":"2026-01-30T09:53:28","slug":"gestion-de-pales-mas-inteligente","status":"publish","type":"page","link":"https:\/\/www.palletcontroltower.eu\/es\/over-ons\/slimmer-palletmanagement\/","title":{"rendered":"Gesti\u00f3n de pal\u00e9s m\u00e1s inteligente"},"content":{"rendered":"<div class=\"wp-block-columns is-layout-flex wp-container-core-columns-is-layout-28f84493 wp-block-columns-is-layout-flex\">\n<div class=\"wp-block-column is-layout-flow wp-block-column-is-layout-flow\">\n<h2 class=\"wp-block-heading\">Tan f\u00e1cil como 1-2-3<\/h2>\n\n\n\n<p>Deje de perder el tiempo. Conocemos los problemas del pooling abierto, ya que todos los experimentamos. \u00a1PCT Online los resuelve por ti!&nbsp;<\/p>\n\n\n\n<p>Pallet Control Tower (PCT) es el est\u00e1ndar europeo y la plataforma en pooling abierto para europalets EUR y otros RTI. La plataforma PCTO se desarroll\u00f3 para garantizar intercambios de pal\u00e9s seguros, rentables y de alta calidad para todas las partes log\u00edsticas implicadas en el pooling de pal\u00e9s. PCT Online le ayuda a ser m\u00e1s sostenible, se anticipa al nuevo PPWD de Bruselas y contribuye a los Objetivos de Desarrollo Sostenible (ODS) de la ONU.<\/p>\n\n\n\n<div class=\"wp-block-buttons is-layout-flex wp-block-buttons-is-layout-flex\">\n<div class=\"wp-block-button\"><a class=\"wp-block-button__link has-white-color has-green-background-color has-text-color has-background has-link-color wp-element-button\" href=\"http:\/\/www.palletcontroltower.eu\/es\/como-funciona\/lo-que-hacemos\/\" target=\"_blank\" rel=\"noreferrer noopener\">Vea aqu\u00ed c\u00f3mo funciona<\/a><\/div>\n<\/div>\n<\/div>\n<\/div>\n\n\n\n<hr class=\"wp-block-separator has-alpha-channel-opacity\"\/>\n\n\n\n<div class=\"wp-block-columns are-vertically-aligned-center is-layout-flex wp-container-core-columns-is-layout-28f84493 wp-block-columns-is-layout-flex\">\n<div class=\"wp-block-column is-vertically-aligned-center is-layout-flow wp-block-column-is-layout-flow\">\n<figure class=\"wp-block-image size-full\"><img fetchpriority=\"high\" decoding=\"async\" width=\"1800\" height=\"380\" src=\"http:\/\/www.palletcontroltower.eu\/wp-content\/uploads\/2023\/12\/headerbeeld_0003_PalletControlTower_Transport_delivery_warehouse.jpg\" alt=\"\" class=\"wp-image-638\" style=\"aspect-ratio:1;object-fit:cover\" srcset=\"https:\/\/www.palletcontroltower.eu\/wp-content\/uploads\/2023\/12\/headerbeeld_0003_PalletControlTower_Transport_delivery_warehouse.jpg 1800w, https:\/\/www.palletcontroltower.eu\/wp-content\/uploads\/2023\/12\/headerbeeld_0003_PalletControlTower_Transport_delivery_warehouse-300x63.jpg 300w, https:\/\/www.palletcontroltower.eu\/wp-content\/uploads\/2023\/12\/headerbeeld_0003_PalletControlTower_Transport_delivery_warehouse-1024x216.jpg 1024w, https:\/\/www.palletcontroltower.eu\/wp-content\/uploads\/2023\/12\/headerbeeld_0003_PalletControlTower_Transport_delivery_warehouse-768x162.jpg 768w, https:\/\/www.palletcontroltower.eu\/wp-content\/uploads\/2023\/12\/headerbeeld_0003_PalletControlTower_Transport_delivery_warehouse-1536x324.jpg 1536w, https:\/\/www.palletcontroltower.eu\/wp-content\/uploads\/2023\/12\/headerbeeld_0003_PalletControlTower_Transport_delivery_warehouse-18x4.jpg 18w\" sizes=\"(max-width: 1800px) 100vw, 1800px\" \/><\/figure>\n<\/div>\n\n\n\n<div class=\"wp-block-column is-vertically-aligned-center is-layout-flow wp-block-column-is-layout-flow\">\n<h2 class=\"wp-block-heading\">Activo en varias industrias<\/h2>\n\n\n\n<p>PCT puede encontrarse en todo tipo de empresas y, por lo tanto, se encuentra a gusto en todos los mercados. El hecho de que usted sea o no propietario de los europal\u00e9s o de otros RTI es irrelevante en este caso. Usted busca una soluci\u00f3n, transparencia en la cadena y un uso m\u00e1s sostenible de todos los soportes de carga utilizados.&nbsp;<\/p>\n\n\n\n<ul class=\"wp-block-list\">\n<li>Empresas de la industria, la fabricaci\u00f3n o el comercio que utilizan europal\u00e9s y RTI a gran escala para transportar productos.&nbsp;<\/li>\n\n\n\n<li>Todas las empresas europeas de transporte y log\u00edstica, incluidos los centros de distribuci\u00f3n.&nbsp;&nbsp;<\/li>\n\n\n\n<li>Distribuidores de palets, fabricantes de palets y almacenes de palets de europalets. <\/li>\n<\/ul>\n\n\n\n<div style=\"height:30px\" aria-hidden=\"true\" class=\"wp-block-spacer\"><\/div>\n\n\n\n<h3 class=\"wp-block-heading\">Gestores de cuentas y de calidad<\/h3>\n\n\n\n<p>Nuestros propios gestores de cuentas y calidad, que trabajan en las distintas regiones europeas, comprueban los pal\u00e9s in situ en los almacenes y proveedores, pero tambi\u00e9n resuelven los conflictos.<\/p>\n<\/div>\n<\/div>\n\n\n\n<hr class=\"wp-block-separator has-alpha-channel-opacity\"\/>\n\n\n\n<div class=\"wp-block-columns is-layout-flex wp-container-core-columns-is-layout-28f84493 wp-block-columns-is-layout-flex\">\n<div class=\"wp-block-column is-vertically-aligned-center is-layout-flow wp-block-column-is-layout-flow\">\n<h3 class=\"wp-block-heading\">Dividido en 7 \u00e1reas de actuaci\u00f3n<\/h3>\n\n\n\n<ol start=\"1\" class=\"wp-block-list\">\n<li>Pa\u00edses Bajos, B\u00e9lgica, Luxemburgo, Alemania, Austria, Suiza, Dinamarca&nbsp;<\/li>\n<\/ol>\n\n\n\n<ol start=\"2\" class=\"wp-block-list\">\n<li>Gran Breta\u00f1a&nbsp;<\/li>\n<\/ol>\n\n\n\n<ol start=\"3\" class=\"wp-block-list\">\n<li>Francia&nbsp;<\/li>\n<\/ol>\n\n\n\n<ol start=\"4\" class=\"wp-block-list\">\n<li>Espa\u00f1a y Portugal&nbsp;<\/li>\n<\/ol>\n\n\n\n<ol start=\"5\" class=\"wp-block-list\">\n<li>Italia&nbsp;<\/li>\n<\/ol>\n\n\n\n<ol start=\"6\" class=\"wp-block-list\">\n<li>Noruega, Suecia, Finlandia&nbsp;<\/li>\n<\/ol>\n\n\n\n<ol start=\"7\" class=\"wp-block-list\">\n<li>Estonia, Letonia, Lituania, Polonia, Rep\u00fablica Checa, Eslovaquia, Hungr\u00eda, Serbia y Montenegro, Ruman\u00eda, Bulgaria y Grecia.<\/li>\n<\/ol>\n\n\n\n<div style=\"height:30px\" aria-hidden=\"true\" class=\"wp-block-spacer\"><\/div>\n\n\n\n<div class=\"wp-block-buttons is-layout-flex wp-block-buttons-is-layout-flex\">\n<div class=\"wp-block-button\"><a class=\"wp-block-button__link has-white-color has-green-background-color has-text-color has-background has-link-color wp-element-button\" href=\"https:\/\/portal.pct-online.eu\/register\" target=\"_blank\" rel=\"noreferrer noopener\">Activar su cuenta<\/a><\/div>\n<\/div>\n<\/div>\n\n\n\n<div class=\"wp-block-column is-vertically-aligned-center is-layout-flow wp-block-column-is-layout-flow\">\n<figure class=\"wp-block-image size-full\"><img decoding=\"async\" width=\"800\" height=\"800\" src=\"http:\/\/www.palletcontroltower.eu\/wp-content\/uploads\/2024\/01\/pct-kaart.jpg\" alt=\"\" class=\"wp-image-1024\" srcset=\"https:\/\/www.palletcontroltower.eu\/wp-content\/uploads\/2024\/01\/pct-kaart.jpg 800w, https:\/\/www.palletcontroltower.eu\/wp-content\/uploads\/2024\/01\/pct-kaart-300x300.jpg 300w, https:\/\/www.palletcontroltower.eu\/wp-content\/uploads\/2024\/01\/pct-kaart-150x150.jpg 150w, https:\/\/www.palletcontroltower.eu\/wp-content\/uploads\/2024\/01\/pct-kaart-768x768.jpg 768w, https:\/\/www.palletcontroltower.eu\/wp-content\/uploads\/2024\/01\/pct-kaart-12x12.jpg 12w\" sizes=\"(max-width: 800px) 100vw, 800px\" \/><\/figure>\n<\/div>\n<\/div>\n\n\n\n<hr class=\"wp-block-separator has-alpha-channel-opacity\"\/>\n\n\n\n<blockquote class=\"wp-block-quote is-layout-flow wp-block-quote-is-layout-flow\">\n<p class=\"has-text-align-center\">Evite el estr\u00e9s de los pal\u00e9s Pallet Control Tower es el est\u00e1ndar europeo y la plataforma de recogida y entrega por correspondencia para europal\u00e9s y otros art\u00edculos de transporte retornables. Facilitamos la puesta en com\u00fan abierta de la A a la Z. Y hacemos que la log\u00edstica de pal\u00e9s vuelva a ser manejable.<\/p>\n<\/blockquote>\n\n\n\n<hr class=\"wp-block-separator has-alpha-channel-opacity\"\/>\n\n\n\n<figure class=\"wp-block-image size-full\"><img decoding=\"async\" width=\"1600\" height=\"1066\" src=\"http:\/\/www.palletcontroltower.eu\/wp-content\/uploads\/2023\/11\/palletcontroltower-2.jpg\" alt=\"\" class=\"wp-image-207\" style=\"aspect-ratio:16\/9;object-fit:cover\" srcset=\"https:\/\/www.palletcontroltower.eu\/wp-content\/uploads\/2023\/11\/palletcontroltower-2.jpg 1600w, https:\/\/www.palletcontroltower.eu\/wp-content\/uploads\/2023\/11\/palletcontroltower-2-300x200.jpg 300w, https:\/\/www.palletcontroltower.eu\/wp-content\/uploads\/2023\/11\/palletcontroltower-2-1024x682.jpg 1024w, https:\/\/www.palletcontroltower.eu\/wp-content\/uploads\/2023\/11\/palletcontroltower-2-768x512.jpg 768w, https:\/\/www.palletcontroltower.eu\/wp-content\/uploads\/2023\/11\/palletcontroltower-2-1536x1023.jpg 1536w\" sizes=\"(max-width: 1600px) 100vw, 1600px\" \/><\/figure>\n\n\n\n<hr class=\"wp-block-separator has-alpha-channel-opacity\"\/>\n\n\n\n<div class=\"wp-block-columns is-layout-flex wp-container-core-columns-is-layout-28f84493 wp-block-columns-is-layout-flex\">\n<div class=\"wp-block-column is-layout-flow wp-block-column-is-layout-flow\">\n<h3 class=\"wp-block-heading\">\u00bfPara qui\u00e9n y por qu\u00e9? <\/h3>\n\n\n\n<p>Con PCTO, cualquier empresa, o mejor a\u00fan, una red de empresas -la cadena de suministro- tendr\u00e1 la posibilidad de pasar de los pal\u00e9s de un solo uso y otros RTI a los europal\u00e9s multiuso y otros RTI. <\/p>\n\n\n\n<p>La plataforma PCTO est\u00e1 dirigida a todas las empresas industriales, manufactureras o comerciales que utilizan europalets y RTI para transportar productos a gran escala. Pero tambi\u00e9n para transportistas y centros de distribuci\u00f3n, as\u00ed como para distribuidores\/almacenes\/fabricantes de palets. <\/p>\n\n\n\n<div class=\"wp-block-buttons is-layout-flex wp-block-buttons-is-layout-flex\">\n<div class=\"wp-block-button\"><a class=\"wp-block-button__link has-white-color has-blue-background-color has-text-color has-background has-link-color wp-element-button\" href=\"https:\/\/portal.pct-online.eu\/register\" target=\"_blank\" rel=\"noreferrer noopener\">Activar su cuenta<\/a><\/div>\n<\/div>\n<\/div>\n\n\n\n<div class=\"wp-block-column is-layout-flow wp-block-column-is-layout-flow\">\n<h3 class=\"wp-block-heading\">\u00bfC\u00f3mo lo hacemos? <\/h3>\n\n\n\n<p>PCTO ofrece una forma sencilla de pasar del uso \u00fanico al uso m\u00faltiple. Con los pedidos de Recogida y Entrega - Matching - y nuestro e-Credit, todos los integrantes de la cadena log\u00edstica se benefician de ello. <\/p>\n\n\n\n<p>La gesti\u00f3n de las transacciones resulta m\u00e1s sencilla y la transparencia implica menos discusiones con todas las partes implicadas. Los saldos mutuos pueden liquidarse f\u00e1cilmente con cr\u00e9ditos electr\u00f3nicos (e-Credit). En caso de discusi\u00f3n, nuestros gestores regionales de cuentas y calidad pueden ofrecer una soluci\u00f3n.<\/p>\n\n\n\n<div class=\"wp-block-buttons is-layout-flex wp-block-buttons-is-layout-flex\">\n<div class=\"wp-block-button\"><a class=\"wp-block-button__link has-white-color has-mint-background-color has-text-color has-background has-link-color wp-element-button\" href=\"https:\/\/portal.pct-online.eu\/register\" target=\"_blank\" rel=\"noreferrer noopener\">Activar su cuenta<\/a><\/div>\n<\/div>\n<\/div>\n<\/div>","protected":false},"excerpt":{"rendered":"<p>Easy as 1-2-3 Stop met het verspillen van uw tijd. We kennen de problemen in de open pool zoals we die allemaal ervaren. PCT Online lost ze voor u op!&nbsp; Pallet Control Tower (PCT) is de Europese standaard &amp; h\u00e9t platform in open pooling voor EUR Europallets en andere RTI&#8217;s. Het PCTO-platform is ontwikkeld om [&hellip;]<\/p>\n","protected":false},"author":3,"featured_media":0,"parent":64,"menu_order":0,"comment_status":"closed","ping_status":"closed","template":"","meta":{"footnotes":""},"class_list":["post-755","page","type-page","status-publish","hentry"],"yoast_head":"<!-- This site is optimized with the Yoast SEO plugin v27.3 - https:\/\/yoast.com\/product\/yoast-seo-wordpress\/ -->\n<title>Slimmer palletmanagement - Pallet Control Tower<\/title>\n<meta name=\"description\" content=\"De basis van PCT Online is slimmer palletmanagement voor iedere logistieke dienstverlener en\/of supply chain afdeling\" \/>\n<meta name=\"robots\" content=\"index, follow, max-snippet:-1, max-image-preview:large, max-video-preview:-1\" \/>\n<link rel=\"canonical\" href=\"https:\/\/www.palletcontroltower.eu\/es\/acerca-de-nosotros\/gestion-de-pales-mas-inteligente\/\" \/>\n<meta property=\"og:locale\" content=\"es_ES\" \/>\n<meta property=\"og:type\" content=\"article\" \/>\n<meta property=\"og:title\" content=\"Slimmer palletmanagement - Pallet Control Tower\" \/>\n<meta property=\"og:description\" content=\"De basis van PCT Online is slimmer palletmanagement voor iedere logistieke dienstverlener en\/of supply chain afdeling\" \/>\n<meta property=\"og:url\" content=\"https:\/\/www.palletcontroltower.eu\/es\/acerca-de-nosotros\/gestion-de-pales-mas-inteligente\/\" \/>\n<meta property=\"og:site_name\" content=\"Pallet Control Tower\" \/>\n<meta property=\"article:modified_time\" content=\"2026-01-30T09:53:28+00:00\" \/>\n<meta property=\"og:image\" content=\"https:\/\/www.palletcontroltower.eu\/wp-content\/uploads\/2023\/12\/headerbeeld_0003_PalletControlTower_Transport_delivery_warehouse.jpg\" \/>\n\t<meta property=\"og:image:width\" content=\"1800\" \/>\n\t<meta property=\"og:image:height\" content=\"380\" \/>\n\t<meta property=\"og:image:type\" content=\"image\/jpeg\" \/>\n<meta name=\"twitter:card\" content=\"summary_large_image\" \/>\n<meta name=\"twitter:label1\" content=\"Tiempo de lectura\" \/>\n\t<meta name=\"twitter:data1\" content=\"3 minutos\" \/>\n<script type=\"application\/ld+json\" class=\"yoast-schema-graph\">{\"@context\":\"https:\\\/\\\/schema.org\",\"@graph\":[{\"@type\":\"WebPage\",\"@id\":\"https:\\\/\\\/www.palletcontroltower.eu\\\/over-ons\\\/slimmer-palletmanagement\\\/\",\"url\":\"https:\\\/\\\/www.palletcontroltower.eu\\\/over-ons\\\/slimmer-palletmanagement\\\/\",\"name\":\"Slimmer palletmanagement - Pallet Control Tower\",\"isPartOf\":{\"@id\":\"https:\\\/\\\/www.palletcontroltower.eu\\\/#website\"},\"primaryImageOfPage\":{\"@id\":\"https:\\\/\\\/www.palletcontroltower.eu\\\/over-ons\\\/slimmer-palletmanagement\\\/#primaryimage\"},\"image\":{\"@id\":\"https:\\\/\\\/www.palletcontroltower.eu\\\/over-ons\\\/slimmer-palletmanagement\\\/#primaryimage\"},\"thumbnailUrl\":\"http:\\\/\\\/www.palletcontroltower.eu\\\/wp-content\\\/uploads\\\/2023\\\/12\\\/headerbeeld_0003_PalletControlTower_Transport_delivery_warehouse.jpg\",\"datePublished\":\"2023-12-27T14:57:05+00:00\",\"dateModified\":\"2026-01-30T09:53:28+00:00\",\"description\":\"De basis van PCT Online is slimmer palletmanagement voor iedere logistieke dienstverlener en\\\/of supply chain afdeling\",\"breadcrumb\":{\"@id\":\"https:\\\/\\\/www.palletcontroltower.eu\\\/over-ons\\\/slimmer-palletmanagement\\\/#breadcrumb\"},\"inLanguage\":\"es\",\"potentialAction\":[{\"@type\":\"ReadAction\",\"target\":[\"https:\\\/\\\/www.palletcontroltower.eu\\\/over-ons\\\/slimmer-palletmanagement\\\/\"]}]},{\"@type\":\"ImageObject\",\"inLanguage\":\"es\",\"@id\":\"https:\\\/\\\/www.palletcontroltower.eu\\\/over-ons\\\/slimmer-palletmanagement\\\/#primaryimage\",\"url\":\"http:\\\/\\\/www.palletcontroltower.eu\\\/wp-content\\\/uploads\\\/2023\\\/12\\\/headerbeeld_0003_PalletControlTower_Transport_delivery_warehouse.jpg\",\"contentUrl\":\"http:\\\/\\\/www.palletcontroltower.eu\\\/wp-content\\\/uploads\\\/2023\\\/12\\\/headerbeeld_0003_PalletControlTower_Transport_delivery_warehouse.jpg\"},{\"@type\":\"BreadcrumbList\",\"@id\":\"https:\\\/\\\/www.palletcontroltower.eu\\\/over-ons\\\/slimmer-palletmanagement\\\/#breadcrumb\",\"itemListElement\":[{\"@type\":\"ListItem\",\"position\":1,\"name\":\"Home\",\"item\":\"https:\\\/\\\/www.palletcontroltower.eu\\\/\"},{\"@type\":\"ListItem\",\"position\":2,\"name\":\"Over ons\",\"item\":\"https:\\\/\\\/www.palletcontroltower.eu\\\/over-ons\\\/\"},{\"@type\":\"ListItem\",\"position\":3,\"name\":\"Slimmer palletmanagement\"}]},{\"@type\":\"WebSite\",\"@id\":\"https:\\\/\\\/www.palletcontroltower.eu\\\/#website\",\"url\":\"https:\\\/\\\/www.palletcontroltower.eu\\\/\",\"name\":\"Pallet Control Tower\",\"description\":\"\",\"publisher\":{\"@id\":\"https:\\\/\\\/www.palletcontroltower.eu\\\/#organization\"},\"potentialAction\":[{\"@type\":\"SearchAction\",\"target\":{\"@type\":\"EntryPoint\",\"urlTemplate\":\"https:\\\/\\\/www.palletcontroltower.eu\\\/?s={search_term_string}\"},\"query-input\":{\"@type\":\"PropertyValueSpecification\",\"valueRequired\":true,\"valueName\":\"search_term_string\"}}],\"inLanguage\":\"es\"},{\"@type\":\"Organization\",\"@id\":\"https:\\\/\\\/www.palletcontroltower.eu\\\/#organization\",\"name\":\"Pallet Control Tower\",\"url\":\"https:\\\/\\\/www.palletcontroltower.eu\\\/\",\"logo\":{\"@type\":\"ImageObject\",\"inLanguage\":\"es\",\"@id\":\"https:\\\/\\\/www.palletcontroltower.eu\\\/#\\\/schema\\\/logo\\\/image\\\/\",\"url\":\"https:\\\/\\\/www.palletcontroltower.eu\\\/wp-content\\\/uploads\\\/2023\\\/10\\\/logo.svg\",\"contentUrl\":\"https:\\\/\\\/www.palletcontroltower.eu\\\/wp-content\\\/uploads\\\/2023\\\/10\\\/logo.svg\",\"width\":290,\"height\":87,\"caption\":\"Pallet Control Tower\"},\"image\":{\"@id\":\"https:\\\/\\\/www.palletcontroltower.eu\\\/#\\\/schema\\\/logo\\\/image\\\/\"}}]}<\/script>\n<!-- \/ Yoast SEO plugin. -->","yoast_head_json":{"title":"Gesti\u00f3n de pal\u00e9s m\u00e1s inteligente - Torre de control de pal\u00e9s","description":"La base de PCT Online es una gesti\u00f3n de pal\u00e9s m\u00e1s inteligente para cualquier proveedor de servicios log\u00edsticos y\/o departamento de la cadena de suministro","robots":{"index":"index","follow":"follow","max-snippet":"max-snippet:-1","max-image-preview":"max-image-preview:large","max-video-preview":"max-video-preview:-1"},"canonical":"https:\/\/www.palletcontroltower.eu\/es\/acerca-de-nosotros\/gestion-de-pales-mas-inteligente\/","og_locale":"es_ES","og_type":"article","og_title":"Slimmer palletmanagement - Pallet Control Tower","og_description":"De basis van PCT Online is slimmer palletmanagement voor iedere logistieke dienstverlener en\/of supply chain afdeling","og_url":"https:\/\/www.palletcontroltower.eu\/es\/acerca-de-nosotros\/gestion-de-pales-mas-inteligente\/","og_site_name":"Pallet Control Tower","article_modified_time":"2026-01-30T09:53:28+00:00","og_image":[{"width":1800,"height":380,"url":"https:\/\/www.palletcontroltower.eu\/wp-content\/uploads\/2023\/12\/headerbeeld_0003_PalletControlTower_Transport_delivery_warehouse.jpg","type":"image\/jpeg"}],"twitter_card":"summary_large_image","twitter_misc":{"Tiempo de lectura":"3 minutos"},"schema":{"@context":"https:\/\/schema.org","@graph":[{"@type":"WebPage","@id":"https:\/\/www.palletcontroltower.eu\/over-ons\/slimmer-palletmanagement\/","url":"https:\/\/www.palletcontroltower.eu\/over-ons\/slimmer-palletmanagement\/","name":"Gesti\u00f3n de pal\u00e9s m\u00e1s inteligente - Torre de control de pal\u00e9s","isPartOf":{"@id":"https:\/\/www.palletcontroltower.eu\/#website"},"primaryImageOfPage":{"@id":"https:\/\/www.palletcontroltower.eu\/over-ons\/slimmer-palletmanagement\/#primaryimage"},"image":{"@id":"https:\/\/www.palletcontroltower.eu\/over-ons\/slimmer-palletmanagement\/#primaryimage"},"thumbnailUrl":"http:\/\/www.palletcontroltower.eu\/wp-content\/uploads\/2023\/12\/headerbeeld_0003_PalletControlTower_Transport_delivery_warehouse.jpg","datePublished":"2023-12-27T14:57:05+00:00","dateModified":"2026-01-30T09:53:28+00:00","description":"La base de PCT Online es una gesti\u00f3n de pal\u00e9s m\u00e1s inteligente para cualquier proveedor de servicios log\u00edsticos y\/o departamento de la cadena de suministro","breadcrumb":{"@id":"https:\/\/www.palletcontroltower.eu\/over-ons\/slimmer-palletmanagement\/#breadcrumb"},"inLanguage":"es","potentialAction":[{"@type":"ReadAction","target":["https:\/\/www.palletcontroltower.eu\/over-ons\/slimmer-palletmanagement\/"]}]},{"@type":"ImageObject","inLanguage":"es","@id":"https:\/\/www.palletcontroltower.eu\/over-ons\/slimmer-palletmanagement\/#primaryimage","url":"http:\/\/www.palletcontroltower.eu\/wp-content\/uploads\/2023\/12\/headerbeeld_0003_PalletControlTower_Transport_delivery_warehouse.jpg","contentUrl":"http:\/\/www.palletcontroltower.eu\/wp-content\/uploads\/2023\/12\/headerbeeld_0003_PalletControlTower_Transport_delivery_warehouse.jpg"},{"@type":"BreadcrumbList","@id":"https:\/\/www.palletcontroltower.eu\/over-ons\/slimmer-palletmanagement\/#breadcrumb","itemListElement":[{"@type":"ListItem","position":1,"name":"Home","item":"https:\/\/www.palletcontroltower.eu\/"},{"@type":"ListItem","position":2,"name":"Over ons","item":"https:\/\/www.palletcontroltower.eu\/over-ons\/"},{"@type":"ListItem","position":3,"name":"Slimmer palletmanagement"}]},{"@type":"WebSite","@id":"https:\/\/www.palletcontroltower.eu\/#website","url":"https:\/\/www.palletcontroltower.eu\/","name":"Torre de control de pal\u00e9s","description":"","publisher":{"@id":"https:\/\/www.palletcontroltower.eu\/#organization"},"potentialAction":[{"@type":"SearchAction","target":{"@type":"EntryPoint","urlTemplate":"https:\/\/www.palletcontroltower.eu\/?s={search_term_string}"},"query-input":{"@type":"PropertyValueSpecification","valueRequired":true,"valueName":"search_term_string"}}],"inLanguage":"es"},{"@type":"Organization","@id":"https:\/\/www.palletcontroltower.eu\/#organization","name":"Torre de control de pal\u00e9s","url":"https:\/\/www.palletcontroltower.eu\/","logo":{"@type":"ImageObject","inLanguage":"es","@id":"https:\/\/www.palletcontroltower.eu\/#\/schema\/logo\/image\/","url":"https:\/\/www.palletcontroltower.eu\/wp-content\/uploads\/2023\/10\/logo.svg","contentUrl":"https:\/\/www.palletcontroltower.eu\/wp-content\/uploads\/2023\/10\/logo.svg","width":290,"height":87,"caption":"Pallet Control Tower"},"image":{"@id":"https:\/\/www.palletcontroltower.eu\/#\/schema\/logo\/image\/"}}]}},"_links":{"self":[{"href":"https:\/\/www.palletcontroltower.eu\/es\/wp-json\/wp\/v2\/pages\/755","targetHints":{"allow":["GET"]}}],"collection":[{"href":"https:\/\/www.palletcontroltower.eu\/es\/wp-json\/wp\/v2\/pages"}],"about":[{"href":"https:\/\/www.palletcontroltower.eu\/es\/wp-json\/wp\/v2\/types\/page"}],"author":[{"embeddable":true,"href":"https:\/\/www.palletcontroltower.eu\/es\/wp-json\/wp\/v2\/users\/3"}],"replies":[{"embeddable":true,"href":"https:\/\/www.palletcontroltower.eu\/es\/wp-json\/wp\/v2\/comments?post=755"}],"version-history":[{"count":31,"href":"https:\/\/www.palletcontroltower.eu\/es\/wp-json\/wp\/v2\/pages\/755\/revisions"}],"predecessor-version":[{"id":1236,"href":"https:\/\/www.palletcontroltower.eu\/es\/wp-json\/wp\/v2\/pages\/755\/revisions\/1236"}],"up":[{"embeddable":true,"href":"https:\/\/www.palletcontroltower.eu\/es\/wp-json\/wp\/v2\/pages\/64"}],"wp:attachment":[{"href":"https:\/\/www.palletcontroltower.eu\/es\/wp-json\/wp\/v2\/media?parent=755"}],"curies":[{"name":"wp","href":"https:\/\/api.w.org\/{rel}","templated":true}]}}