{"id":1175,"date":"2024-01-17T07:59:51","date_gmt":"2024-01-17T07:59:51","guid":{"rendered":"https:\/\/www.palletcontroltower.eu\/?page_id=1175"},"modified":"2024-01-22T12:59:29","modified_gmt":"2024-01-22T12:59:29","slug":"gestionnaire-de-compte","status":"publish","type":"page","link":"https:\/\/www.palletcontroltower.eu\/fr\/vacatures\/accountmanager\/","title":{"rendered":"Charg\u00e9 de client\u00e8le dans divers pays europ\u00e9ens - temps plein \/ temps partiel"},"content":{"rendered":"<p><strong>Vous avez plusieurs ann\u00e9es d'exp\u00e9rience dans le domaine de la logistique et\/ou du commerce international et vous souhaitez franchir une nouvelle \u00e9tape dans votre carri\u00e8re ?<\/strong><\/p>\n\n\n\n<p>Saisissez d\u00e8s maintenant l'occasion de vous d\u00e9velopper avec nous en tant que gestionnaire de comptes dans l'une de nos r\u00e9gions europ\u00e9ennes :<\/p>\n\n\n\n<ul class=\"wp-block-list\">\n<li>Pays-Bas, Belgique, Luxembourg,<\/li>\n\n\n\n<li>Allemagne, Autriche, Suisse,<\/li>\n\n\n\n<li>Grande-Bretagne<\/li>\n\n\n\n<li>France<\/li>\n\n\n\n<li>Espagne et Portugal<\/li>\n\n\n\n<li>Italie<\/li>\n\n\n\n<li>Danemark, Norv\u00e8ge, Su\u00e8de, Finlande<\/li>\n\n\n\n<li>Estonie, Lettonie, Lituanie, Pologne,<\/li>\n\n\n\n<li>R\u00e9publique tch\u00e8que, Slovaquie, Hongrie, Roumanie,<\/li>\n\n\n\n<li>Serbie, Mont\u00e9n\u00e9gro, Bulgarie, Gr\u00e8ce<\/li>\n<\/ul>\n\n\n\n<h3 class=\"wp-block-heading\"><strong>Qu'est-ce que la tour de contr\u00f4le des palettes (PCT) ?<\/strong><\/h3>\n\n\n\n<p>Nous sommes une entreprise internationale qui travaille dans le secteur des europalettes et autres \"articles de transport consign\u00e9s\". Nous avons d\u00e9velopp\u00e9 une plateforme en ligne 24\/7 o\u00f9 l'achat et la vente d'europalettes sont plus rapides, plus faciles, plus intelligents et plus durables que par les m\u00e9thodes traditionnelles. Nos clients sont bas\u00e9s en Europe, en Am\u00e9rique\/Canada et en Asie. Vous pouvez compter sur un travail vari\u00e9 et plein de d\u00e9fis.<\/p>\n\n\n\n<p>En tant que gestionnaire de comptes, vous travaillerez en \u00e9troite collaboration avec notre PDG, les autres gestionnaires de comptes europ\u00e9ens et nos clients. La logistique internationale et le commerce de palettes sont des secteurs dynamiques et stimulants. Vous le savez mieux que quiconque. Vous voyagerez donc beaucoup pour rendre visite \u00e0 nos clients et \u00e0 nos clients potentiels. Vous \u00eates orient\u00e9 vers les solutions et avez un sens commercial aigu. Si vous \u00eates enthousiaste et curieux \u00e0 propos de cette fonction, lisez vite !<\/p>\n\n\n\n<h3 class=\"wp-block-heading\"><strong>Qu'est-ce que nous vous offrons ?<\/strong><\/h3>\n\n\n\n<ul class=\"wp-block-list\">\n<li>Un travail stimulant au sein d'une entreprise conviviale et en pleine croissance<\/li>\n\n\n\n<li>Ind\u00e9pendance avec une grande marge de man\u0153uvre pour \u00e9tablir son propre emploi du temps quotidien<\/li>\n\n\n\n<li>Am\u00e9nagement complet d'un bureau \u00e0 domicile<\/li>\n\n\n\n<li>Salaire comp\u00e9titif, l'exp\u00e9rience pertinente \u00e9tant un point important.<\/li>\n\n\n\n<li>Location de voiture, d'IPad et de t\u00e9l\u00e9phone portable<\/li>\n\n\n\n<li>25 jours de cong\u00e9 et la possibilit\u00e9 d'acheter des jours suppl\u00e9mentaires<\/li>\n\n\n\n<li>R\u00e9gime de primes<\/li>\n<\/ul>\n\n\n\n<h3 class=\"wp-block-heading\"><strong>Qui recherchons-nous ?<\/strong><\/h3>\n\n\n\n<p>Vous \u00eates pratique, plein d'\u00e9nergie et aimez prendre les devants. Vous \u00eates actif, engag\u00e9 et avez l'esprit d'entreprise. Vous consid\u00e9rez les appels t\u00e9l\u00e9phoniques et le contact direct avec les clients comme allant de soi. Si travailler de mani\u00e8re ind\u00e9pendante n'est pas un probl\u00e8me, vous \u00eates \u00e9galement capable de travailler en \u00e9quipe et vous \u00eates sociable.<\/p>\n\n\n\n<ul class=\"wp-block-list\">\n<li>Vous vivez dans l'un des pays et \u00eates pr\u00eat \u00e0 voyager une grande partie (&gt; 50%) de votre temps.<\/li>\n\n\n\n<li>Vous travaillerez depuis votre domicile et nous vous verrons p\u00e9riodiquement au si\u00e8ge social aux Pays-Bas.<\/li>\n\n\n\n<li>Pragmatisme, proactivit\u00e9 et recherche de solutions<\/li>\n\n\n\n<li>Exp\u00e9rience dans le domaine du commerce international et\/ou de la logistique<\/li>\n\n\n\n<li>Formation au niveau MBO+\/HBO<\/li>\n\n\n\n<li>Vous parlez et \u00e9crivez l'anglais et votre propre langue \u00e0 un niveau professionnel.<\/li>\n\n\n\n<li>La connaissance d'autres langues est un avantage<\/li>\n\n\n\n<li>Nous travaillons avec HubSpot et Office 365, entre autres.<\/li>\n<\/ul>\n\n\n\n<p>Il s'agit d'un poste \u00e0 temps plein (40 heures par semaine), le temps partiel \u00e9tant possible d'un commun accord.<\/p>\n\n\n\n<h3 class=\"wp-block-heading\"><strong>Application<\/strong><\/h3>\n\n\n\n<p>Toujours enthousiaste ! Nous comprenons ! Alors \u00e9crivez votre lettre de motivation et<br>Envoyez-le avec votre CV \u00e0 Bart Meijnen \uf0e0 info@palletcontroltower.eu. Vous pouvez \u00e9galement lui envoyer un courriel ou l'appeler pour toute question ou information compl\u00e9mentaire : +31 620530869.<\/p>\n\n\n\n<p><em>L'acquisition en r\u00e9ponse \u00e0 cette position n'est pas appr\u00e9ci\u00e9e.<\/em><\/p>","protected":false},"excerpt":{"rendered":"<p>U heeft meerdere jaren ervaring in de logistieke sector en\/of internationale handel en u zou graag een volgende stap in uw carri\u00e8re willen zetten? Grijp dan nu uw kans om verder te groeien bij ons als account manager in een van onze Europese werkgebieden: Wie is Pallet Control Tower (PCT)? Wij zijn een internationaal bedrijf [&hellip;]<\/p>\n","protected":false},"author":3,"featured_media":0,"parent":70,"menu_order":0,"comment_status":"closed","ping_status":"closed","template":"","meta":{"footnotes":""},"class_list":["post-1175","page","type-page","status-publish","hentry"],"yoast_head":"<!-- This site is optimized with the Yoast SEO plugin v27.6 - https:\/\/yoast.com\/product\/yoast-seo-wordpress\/ -->\n<title>Account manager diverse Europese landen \u2013 fulltime \/ parttime - Pallet Control Tower<\/title>\n<meta name=\"description\" content=\"Pallet Control Tower is op zoek naar een ervaren account manager, internationale handel of supply chain, voor een van onze werkgebieden\" \/>\n<meta name=\"robots\" content=\"index, follow, max-snippet:-1, max-image-preview:large, max-video-preview:-1\" \/>\n<link rel=\"canonical\" href=\"https:\/\/www.palletcontroltower.eu\/fr\/postes-vacants\/exemple-de-poste-vacant-1\/\" \/>\n<meta property=\"og:locale\" content=\"fr_FR\" \/>\n<meta property=\"og:type\" content=\"article\" \/>\n<meta property=\"og:title\" content=\"Account manager diverse Europese landen \u2013 fulltime \/ parttime - Pallet Control Tower\" \/>\n<meta property=\"og:description\" content=\"Pallet Control Tower is op zoek naar een ervaren account manager, internationale handel of supply chain, voor een van onze werkgebieden\" \/>\n<meta property=\"og:url\" content=\"https:\/\/www.palletcontroltower.eu\/fr\/postes-vacants\/exemple-de-poste-vacant-1\/\" \/>\n<meta property=\"og:site_name\" content=\"Pallet Control Tower\" \/>\n<meta property=\"article:modified_time\" content=\"2024-01-22T12:59:29+00:00\" \/>\n<meta name=\"twitter:card\" content=\"summary_large_image\" \/>\n<meta name=\"twitter:label1\" content=\"Dur\u00e9e de lecture estim\u00e9e\" \/>\n\t<meta name=\"twitter:data1\" content=\"3 minutes\" \/>\n<script type=\"application\/ld+json\" class=\"yoast-schema-graph\">{\"@context\":\"https:\\\/\\\/schema.org\",\"@graph\":[{\"@type\":\"WebPage\",\"@id\":\"https:\\\/\\\/www.palletcontroltower.eu\\\/hu\\\/allasajanlatok\\\/pelda-ures-allashely-1\\\/\",\"url\":\"https:\\\/\\\/www.palletcontroltower.eu\\\/hu\\\/allasajanlatok\\\/pelda-ures-allashely-1\\\/\",\"name\":\"Account manager diverse Europese landen \u2013 fulltime \\\/ parttime - Pallet Control Tower\",\"isPartOf\":{\"@id\":\"https:\\\/\\\/www.palletcontroltower.eu\\\/#website\"},\"datePublished\":\"2024-01-17T07:59:51+00:00\",\"dateModified\":\"2024-01-22T12:59:29+00:00\",\"description\":\"Pallet Control Tower is op zoek naar een ervaren account manager, internationale handel of supply chain, voor een van onze werkgebieden\",\"breadcrumb\":{\"@id\":\"https:\\\/\\\/www.palletcontroltower.eu\\\/hu\\\/allasajanlatok\\\/pelda-ures-allashely-1\\\/#breadcrumb\"},\"inLanguage\":\"fr-FR\",\"potentialAction\":[{\"@type\":\"ReadAction\",\"target\":[\"https:\\\/\\\/www.palletcontroltower.eu\\\/hu\\\/allasajanlatok\\\/pelda-ures-allashely-1\\\/\"]}]},{\"@type\":\"BreadcrumbList\",\"@id\":\"https:\\\/\\\/www.palletcontroltower.eu\\\/hu\\\/allasajanlatok\\\/pelda-ures-allashely-1\\\/#breadcrumb\",\"itemListElement\":[{\"@type\":\"ListItem\",\"position\":1,\"name\":\"Home\",\"item\":\"https:\\\/\\\/www.palletcontroltower.eu\\\/\"},{\"@type\":\"ListItem\",\"position\":2,\"name\":\"Vacatures\",\"item\":\"https:\\\/\\\/www.palletcontroltower.eu\\\/vacatures\\\/\"},{\"@type\":\"ListItem\",\"position\":3,\"name\":\"Account manager diverse Europese landen \u2013 fulltime \\\/ parttime\"}]},{\"@type\":\"WebSite\",\"@id\":\"https:\\\/\\\/www.palletcontroltower.eu\\\/#website\",\"url\":\"https:\\\/\\\/www.palletcontroltower.eu\\\/\",\"name\":\"Pallet Control Tower\",\"description\":\"\",\"publisher\":{\"@id\":\"https:\\\/\\\/www.palletcontroltower.eu\\\/#organization\"},\"potentialAction\":[{\"@type\":\"SearchAction\",\"target\":{\"@type\":\"EntryPoint\",\"urlTemplate\":\"https:\\\/\\\/www.palletcontroltower.eu\\\/?s={search_term_string}\"},\"query-input\":{\"@type\":\"PropertyValueSpecification\",\"valueRequired\":true,\"valueName\":\"search_term_string\"}}],\"inLanguage\":\"fr-FR\"},{\"@type\":\"Organization\",\"@id\":\"https:\\\/\\\/www.palletcontroltower.eu\\\/#organization\",\"name\":\"Pallet Control Tower\",\"url\":\"https:\\\/\\\/www.palletcontroltower.eu\\\/\",\"logo\":{\"@type\":\"ImageObject\",\"inLanguage\":\"fr-FR\",\"@id\":\"https:\\\/\\\/www.palletcontroltower.eu\\\/#\\\/schema\\\/logo\\\/image\\\/\",\"url\":\"https:\\\/\\\/www.palletcontroltower.eu\\\/wp-content\\\/uploads\\\/2023\\\/10\\\/logo.svg\",\"contentUrl\":\"https:\\\/\\\/www.palletcontroltower.eu\\\/wp-content\\\/uploads\\\/2023\\\/10\\\/logo.svg\",\"width\":290,\"height\":87,\"caption\":\"Pallet Control Tower\"},\"image\":{\"@id\":\"https:\\\/\\\/www.palletcontroltower.eu\\\/#\\\/schema\\\/logo\\\/image\\\/\"}}]}<\/script>\n<!-- \/ Yoast SEO plugin. -->","yoast_head_json":{"title":"Account manager divers pays europ\u00e9ens - temps plein \/ temps partiel - Pallet Control Tower","description":"Pallet Control Tower recherche un gestionnaire de compte exp\u00e9riment\u00e9, sp\u00e9cialis\u00e9 dans le commerce international ou la cha\u00eene d'approvisionnement, pour l'un de ses secteurs d'activit\u00e9.","robots":{"index":"index","follow":"follow","max-snippet":"max-snippet:-1","max-image-preview":"max-image-preview:large","max-video-preview":"max-video-preview:-1"},"canonical":"https:\/\/www.palletcontroltower.eu\/fr\/postes-vacants\/exemple-de-poste-vacant-1\/","og_locale":"fr_FR","og_type":"article","og_title":"Account manager diverse Europese landen \u2013 fulltime \/ parttime - Pallet Control Tower","og_description":"Pallet Control Tower is op zoek naar een ervaren account manager, internationale handel of supply chain, voor een van onze werkgebieden","og_url":"https:\/\/www.palletcontroltower.eu\/fr\/postes-vacants\/exemple-de-poste-vacant-1\/","og_site_name":"Pallet Control Tower","article_modified_time":"2024-01-22T12:59:29+00:00","twitter_card":"summary_large_image","twitter_misc":{"Dur\u00e9e de lecture estim\u00e9e":"3 minutes"},"schema":{"@context":"https:\/\/schema.org","@graph":[{"@type":"WebPage","@id":"https:\/\/www.palletcontroltower.eu\/hu\/allasajanlatok\/pelda-ures-allashely-1\/","url":"https:\/\/www.palletcontroltower.eu\/hu\/allasajanlatok\/pelda-ures-allashely-1\/","name":"Account manager divers pays europ\u00e9ens - temps plein \/ temps partiel - Pallet Control Tower","isPartOf":{"@id":"https:\/\/www.palletcontroltower.eu\/#website"},"datePublished":"2024-01-17T07:59:51+00:00","dateModified":"2024-01-22T12:59:29+00:00","description":"Pallet Control Tower recherche un gestionnaire de compte exp\u00e9riment\u00e9, sp\u00e9cialis\u00e9 dans le commerce international ou la cha\u00eene d'approvisionnement, pour l'un de ses secteurs d'activit\u00e9.","breadcrumb":{"@id":"https:\/\/www.palletcontroltower.eu\/hu\/allasajanlatok\/pelda-ures-allashely-1\/#breadcrumb"},"inLanguage":"fr-FR","potentialAction":[{"@type":"ReadAction","target":["https:\/\/www.palletcontroltower.eu\/hu\/allasajanlatok\/pelda-ures-allashely-1\/"]}]},{"@type":"BreadcrumbList","@id":"https:\/\/www.palletcontroltower.eu\/hu\/allasajanlatok\/pelda-ures-allashely-1\/#breadcrumb","itemListElement":[{"@type":"ListItem","position":1,"name":"Home","item":"https:\/\/www.palletcontroltower.eu\/"},{"@type":"ListItem","position":2,"name":"Vacatures","item":"https:\/\/www.palletcontroltower.eu\/vacatures\/"},{"@type":"ListItem","position":3,"name":"Account manager diverse Europese landen \u2013 fulltime \/ parttime"}]},{"@type":"WebSite","@id":"https:\/\/www.palletcontroltower.eu\/#website","url":"https:\/\/www.palletcontroltower.eu\/","name":"Tour de contr\u00f4le des palettes","description":"","publisher":{"@id":"https:\/\/www.palletcontroltower.eu\/#organization"},"potentialAction":[{"@type":"SearchAction","target":{"@type":"EntryPoint","urlTemplate":"https:\/\/www.palletcontroltower.eu\/?s={search_term_string}"},"query-input":{"@type":"PropertyValueSpecification","valueRequired":true,"valueName":"search_term_string"}}],"inLanguage":"fr-FR"},{"@type":"Organization","@id":"https:\/\/www.palletcontroltower.eu\/#organization","name":"Tour de contr\u00f4le des palettes","url":"https:\/\/www.palletcontroltower.eu\/","logo":{"@type":"ImageObject","inLanguage":"fr-FR","@id":"https:\/\/www.palletcontroltower.eu\/#\/schema\/logo\/image\/","url":"https:\/\/www.palletcontroltower.eu\/wp-content\/uploads\/2023\/10\/logo.svg","contentUrl":"https:\/\/www.palletcontroltower.eu\/wp-content\/uploads\/2023\/10\/logo.svg","width":290,"height":87,"caption":"Pallet Control Tower"},"image":{"@id":"https:\/\/www.palletcontroltower.eu\/#\/schema\/logo\/image\/"}}]}},"_links":{"self":[{"href":"https:\/\/www.palletcontroltower.eu\/fr\/wp-json\/wp\/v2\/pages\/1175","targetHints":{"allow":["GET"]}}],"collection":[{"href":"https:\/\/www.palletcontroltower.eu\/fr\/wp-json\/wp\/v2\/pages"}],"about":[{"href":"https:\/\/www.palletcontroltower.eu\/fr\/wp-json\/wp\/v2\/types\/page"}],"author":[{"embeddable":true,"href":"https:\/\/www.palletcontroltower.eu\/fr\/wp-json\/wp\/v2\/users\/3"}],"replies":[{"embeddable":true,"href":"https:\/\/www.palletcontroltower.eu\/fr\/wp-json\/wp\/v2\/comments?post=1175"}],"version-history":[{"count":3,"href":"https:\/\/www.palletcontroltower.eu\/fr\/wp-json\/wp\/v2\/pages\/1175\/revisions"}],"predecessor-version":[{"id":1196,"href":"https:\/\/www.palletcontroltower.eu\/fr\/wp-json\/wp\/v2\/pages\/1175\/revisions\/1196"}],"up":[{"embeddable":true,"href":"https:\/\/www.palletcontroltower.eu\/fr\/wp-json\/wp\/v2\/pages\/70"}],"wp:attachment":[{"href":"https:\/\/www.palletcontroltower.eu\/fr\/wp-json\/wp\/v2\/media?parent=1175"}],"curies":[{"name":"wp","href":"https:\/\/api.w.org\/{rel}","templated":true}]}}