{"id":1178,"date":"2024-01-17T08:00:50","date_gmt":"2024-01-17T08:00:50","guid":{"rendered":"https:\/\/www.palletcontroltower.eu\/?page_id=1178"},"modified":"2024-01-22T13:02:20","modified_gmt":"2024-01-22T13:02:20","slug":"assistante-marketing-bureautique-junior","status":"publish","type":"page","link":"https:\/\/www.palletcontroltower.eu\/fr\/vacatures\/junior-office-marketing-medewerker\/","title":{"rendered":"Assistant(e) de bureau \/ marketing (junior) - temps partiel\/temps plein"},"content":{"rendered":"<p><strong>Vous \u00eates en d\u00e9but de carri\u00e8re ou vous avez d\u00e9j\u00e0 une premi\u00e8re exp\u00e9rience professionnelle dans un poste de marketing\/communication et\/ou de gestion de bureau et vous souhaitez passer \u00e0 l'\u00e9tape suivante de votre carri\u00e8re ?<\/strong><\/p>\n\n\n\n<p>Alors saisissez votre chance de grandir avec nous en tant qu'assistant de bureau et de marketing (junior) !<\/p>\n\n\n\n<h3 class=\"wp-block-heading\"><strong>Qu'est-ce que la tour de contr\u00f4le des palettes (PCT) ?<\/strong><\/h3>\n\n\n\n<p>Nous sommes une entreprise internationale qui travaille dans le secteur des europalettes et autres \"articles de transport consign\u00e9s\". Nous avons d\u00e9velopp\u00e9 une plateforme europ\u00e9enne en ligne o\u00f9 l'achat et la vente d'europalettes sont plus rapides, plus faciles et plus durables que par les m\u00e9thodes traditionnelles. Notre portefeuille de clients est europ\u00e9en et mondial. Vous pouvez compter sur un travail vari\u00e9 et plein de d\u00e9fis.<\/p>\n\n\n\n<p>Dans le r\u00f4le d'assistant de bureau et de marketing, vous travaillerez en \u00e9troite collaboration avec les gestionnaires de comptes internationaux et les clients. Vous vous occuperez du soutien au marketing et \u00e0 la communication, par exemple en produisant vos propres m\u00e9dias, en cr\u00e9ant du contenu, en organisant des participations \u00e0 des salons, en entretenant les canaux de m\u00e9dias sociaux, en communiquant avec les clients et les clients potentiels. Mais vous tenez \u00e9galement \u00e0 jour les agendas des gestionnaires de comptes, vous r\u00e9servez des voyages pour eux (y compris des h\u00f4tels\/voitures de location) et vous \u00eates le lien entre le d\u00e9partement financier et les gestionnaires de comptes. L'un des outils que nous utilisons est HubSpot. Si vous \u00eates enthousiaste et curieux \u00e0 propos de cette fonction, lisez vite la suite !<\/p>\n\n\n\n<h3 class=\"wp-block-heading\"><strong>Qu'est-ce que nous vous offrons ?<\/strong><\/h3>\n\n\n\n<ul class=\"wp-block-list\">\n<li>Emploi direct avec le PCT<\/li>\n\n\n\n<li>Une \u00e9quipe internationale sympathique (qui ne cesse de s'agrandir)<\/li>\n\n\n\n<li>Une fonction de communication commerciale pleine de vari\u00e9t\u00e9 et de d\u00e9fis<\/li>\n\n\n\n<li>Un march\u00e9 dynamique en constante \u00e9volution<\/li>\n\n\n\n<li>Orientation et perspectives de carri\u00e8re \u00e0 long terme<\/li>\n\n\n\n<li>Le travail hybride est possible<\/li>\n\n\n\n<li>Salaire comp\u00e9titif<\/li>\n<\/ul>\n\n\n\n<h3 class=\"wp-block-heading\"><strong>Qui recherchons-nous ?<\/strong><\/h3>\n\n\n\n<p>Vous \u00eates pragmatique, plein d'\u00e9nergie et aimez prendre les devants. Vous \u00eates actif, engag\u00e9 et avez l'esprit d'entreprise. Vous n'avez aucun probl\u00e8me avec les contacts t\u00e9l\u00e9phoniques, de pr\u00e9f\u00e9rence en d\u00e9crochant vous-m\u00eame le t\u00e9l\u00e9phone pour les conversations. Travailler de mani\u00e8re ind\u00e9pendante n'est pas un probl\u00e8me pour vous, vous pouvez \u00e9galement travailler en \u00e9quipe et vous avez une attitude sociale.<\/p>\n\n\n\n<ul class=\"wp-block-list\">\n<li>Un talent d'\u00e9criture pur et simple<\/li>\n\n\n\n<li>Connaissance de la communication en ligne et hors ligne, telle que LinkedIn (publicit\u00e9) et MailChimp<\/li>\n\n\n\n<li>Connaissance d'Office 365, \u00e9ventuellement de Canva, InDesign et\/ou Photoshop<\/li>\n\n\n\n<li>Excellente ma\u00eetrise du n\u00e9erlandais et de l'anglais (et \u00e9ventuellement d'autres langues)<\/li>\n\n\n\n<li>Vivre dans la r\u00e9gion de Roermond<\/li>\n\n\n\n<li>Le poste peut \u00eatre \u00e0 temps partiel (24 ou 32 heures) ou \u00e0 temps plein.<\/li>\n<\/ul>\n\n\n\n<h3 class=\"wp-block-heading\"><strong>Application<\/strong><\/h3>\n\n\n\n<p>Toujours enthousiaste ! Nous le comprenons ! Dans ce cas, r\u00e9digez votre lettre de motivation et envoyez-la avec votre CV \u00e0 Bart Meijnen : info@palletcontroltower.eu. Vous pouvez \u00e9galement lui envoyer un courriel ou l'appeler pour toute question ou information compl\u00e9mentaire : +31 620530869.<\/p>\n\n\n\n<p><em>L'acquisition en r\u00e9ponse \u00e0 cette position n'est pas appr\u00e9ci\u00e9e<\/em><\/p>","protected":false},"excerpt":{"rendered":"<p>Sta je aan het begin van je loopbaan of heb je al een eerste werkervaring in een marketing\/communicatie en\/of office management functie en zou je graag de volgende stap in je carri\u00e8re willen zetten? Grijp dan nu je kans om te groeien bij ons als (junior) office- en marketingmedewerker! Wie is Pallet Control Tower (PCT) [&hellip;]<\/p>\n","protected":false},"author":3,"featured_media":0,"parent":70,"menu_order":0,"comment_status":"closed","ping_status":"closed","template":"","meta":{"footnotes":""},"class_list":["post-1178","page","type-page","status-publish","hentry"],"yoast_head":"<!-- This site is optimized with the Yoast SEO plugin v27.6 - https:\/\/yoast.com\/product\/yoast-seo-wordpress\/ -->\n<title>(Junior) Office \/ Marketing medewerker \u2013 parttime\/fulltime - Pallet Control Tower<\/title>\n<meta name=\"description\" content=\"PCT is op zoek naar een office \/ marketing medewerker die de spin in het web is op ons hoofdkantoor voor marketing en office activiteiten\" \/>\n<meta name=\"robots\" content=\"index, follow, max-snippet:-1, max-image-preview:large, max-video-preview:-1\" \/>\n<link rel=\"canonical\" href=\"https:\/\/www.palletcontroltower.eu\/fr\/postes-vacants\/exemple-de-poste-vacant-2\/\" \/>\n<meta property=\"og:locale\" content=\"fr_FR\" \/>\n<meta property=\"og:type\" content=\"article\" \/>\n<meta property=\"og:title\" content=\"(Junior) Office \/ Marketing medewerker \u2013 parttime\/fulltime - Pallet Control Tower\" \/>\n<meta property=\"og:description\" content=\"PCT is op zoek naar een office \/ marketing medewerker die de spin in het web is op ons hoofdkantoor voor marketing en office activiteiten\" \/>\n<meta property=\"og:url\" content=\"https:\/\/www.palletcontroltower.eu\/fr\/postes-vacants\/exemple-de-poste-vacant-2\/\" \/>\n<meta property=\"og:site_name\" content=\"Pallet Control Tower\" \/>\n<meta property=\"article:modified_time\" content=\"2024-01-22T13:02:20+00:00\" \/>\n<meta name=\"twitter:card\" content=\"summary_large_image\" \/>\n<meta name=\"twitter:label1\" content=\"Dur\u00e9e de lecture estim\u00e9e\" \/>\n\t<meta name=\"twitter:data1\" content=\"3 minutes\" \/>\n<script type=\"application\/ld+json\" class=\"yoast-schema-graph\">{\"@context\":\"https:\\\/\\\/schema.org\",\"@graph\":[{\"@type\":\"WebPage\",\"@id\":\"https:\\\/\\\/www.palletcontroltower.eu\\\/hu\\\/allasajanlatok\\\/pelda-ures-allashely-2\\\/\",\"url\":\"https:\\\/\\\/www.palletcontroltower.eu\\\/hu\\\/allasajanlatok\\\/pelda-ures-allashely-2\\\/\",\"name\":\"(Junior) Office \\\/ Marketing medewerker \u2013 parttime\\\/fulltime - Pallet Control Tower\",\"isPartOf\":{\"@id\":\"https:\\\/\\\/www.palletcontroltower.eu\\\/#website\"},\"datePublished\":\"2024-01-17T08:00:50+00:00\",\"dateModified\":\"2024-01-22T13:02:20+00:00\",\"description\":\"PCT is op zoek naar een office \\\/ marketing medewerker die de spin in het web is op ons hoofdkantoor voor marketing en office activiteiten\",\"breadcrumb\":{\"@id\":\"https:\\\/\\\/www.palletcontroltower.eu\\\/hu\\\/allasajanlatok\\\/pelda-ures-allashely-2\\\/#breadcrumb\"},\"inLanguage\":\"fr-FR\",\"potentialAction\":[{\"@type\":\"ReadAction\",\"target\":[\"https:\\\/\\\/www.palletcontroltower.eu\\\/hu\\\/allasajanlatok\\\/pelda-ures-allashely-2\\\/\"]}]},{\"@type\":\"BreadcrumbList\",\"@id\":\"https:\\\/\\\/www.palletcontroltower.eu\\\/hu\\\/allasajanlatok\\\/pelda-ures-allashely-2\\\/#breadcrumb\",\"itemListElement\":[{\"@type\":\"ListItem\",\"position\":1,\"name\":\"Home\",\"item\":\"https:\\\/\\\/www.palletcontroltower.eu\\\/\"},{\"@type\":\"ListItem\",\"position\":2,\"name\":\"Vacatures\",\"item\":\"https:\\\/\\\/www.palletcontroltower.eu\\\/vacatures\\\/\"},{\"@type\":\"ListItem\",\"position\":3,\"name\":\"(Junior) Office \\\/ Marketing medewerker \u2013 parttime\\\/fulltime\"}]},{\"@type\":\"WebSite\",\"@id\":\"https:\\\/\\\/www.palletcontroltower.eu\\\/#website\",\"url\":\"https:\\\/\\\/www.palletcontroltower.eu\\\/\",\"name\":\"Pallet Control Tower\",\"description\":\"\",\"publisher\":{\"@id\":\"https:\\\/\\\/www.palletcontroltower.eu\\\/#organization\"},\"potentialAction\":[{\"@type\":\"SearchAction\",\"target\":{\"@type\":\"EntryPoint\",\"urlTemplate\":\"https:\\\/\\\/www.palletcontroltower.eu\\\/?s={search_term_string}\"},\"query-input\":{\"@type\":\"PropertyValueSpecification\",\"valueRequired\":true,\"valueName\":\"search_term_string\"}}],\"inLanguage\":\"fr-FR\"},{\"@type\":\"Organization\",\"@id\":\"https:\\\/\\\/www.palletcontroltower.eu\\\/#organization\",\"name\":\"Pallet Control Tower\",\"url\":\"https:\\\/\\\/www.palletcontroltower.eu\\\/\",\"logo\":{\"@type\":\"ImageObject\",\"inLanguage\":\"fr-FR\",\"@id\":\"https:\\\/\\\/www.palletcontroltower.eu\\\/#\\\/schema\\\/logo\\\/image\\\/\",\"url\":\"https:\\\/\\\/www.palletcontroltower.eu\\\/wp-content\\\/uploads\\\/2023\\\/10\\\/logo.svg\",\"contentUrl\":\"https:\\\/\\\/www.palletcontroltower.eu\\\/wp-content\\\/uploads\\\/2023\\\/10\\\/logo.svg\",\"width\":290,\"height\":87,\"caption\":\"Pallet Control Tower\"},\"image\":{\"@id\":\"https:\\\/\\\/www.palletcontroltower.eu\\\/#\\\/schema\\\/logo\\\/image\\\/\"}}]}<\/script>\n<!-- \/ Yoast SEO plugin. -->","yoast_head_json":{"title":"(Junior) Assistant bureautique \/ marketing - temps partiel\/temps plein - Pallet Control Tower","description":"PCT recherche un(e) assistant(e) de bureau\/marketing pour \u00eatre la cheville ouvri\u00e8re de notre si\u00e8ge pour les activit\u00e9s de marketing et de bureau.","robots":{"index":"index","follow":"follow","max-snippet":"max-snippet:-1","max-image-preview":"max-image-preview:large","max-video-preview":"max-video-preview:-1"},"canonical":"https:\/\/www.palletcontroltower.eu\/fr\/postes-vacants\/exemple-de-poste-vacant-2\/","og_locale":"fr_FR","og_type":"article","og_title":"(Junior) Office \/ Marketing medewerker \u2013 parttime\/fulltime - Pallet Control Tower","og_description":"PCT is op zoek naar een office \/ marketing medewerker die de spin in het web is op ons hoofdkantoor voor marketing en office activiteiten","og_url":"https:\/\/www.palletcontroltower.eu\/fr\/postes-vacants\/exemple-de-poste-vacant-2\/","og_site_name":"Pallet Control Tower","article_modified_time":"2024-01-22T13:02:20+00:00","twitter_card":"summary_large_image","twitter_misc":{"Dur\u00e9e de lecture estim\u00e9e":"3 minutes"},"schema":{"@context":"https:\/\/schema.org","@graph":[{"@type":"WebPage","@id":"https:\/\/www.palletcontroltower.eu\/hu\/allasajanlatok\/pelda-ures-allashely-2\/","url":"https:\/\/www.palletcontroltower.eu\/hu\/allasajanlatok\/pelda-ures-allashely-2\/","name":"(Junior) Assistant bureautique \/ marketing - temps partiel\/temps plein - Pallet Control Tower","isPartOf":{"@id":"https:\/\/www.palletcontroltower.eu\/#website"},"datePublished":"2024-01-17T08:00:50+00:00","dateModified":"2024-01-22T13:02:20+00:00","description":"PCT recherche un(e) assistant(e) de bureau\/marketing pour \u00eatre la cheville ouvri\u00e8re de notre si\u00e8ge pour les activit\u00e9s de marketing et de bureau.","breadcrumb":{"@id":"https:\/\/www.palletcontroltower.eu\/hu\/allasajanlatok\/pelda-ures-allashely-2\/#breadcrumb"},"inLanguage":"fr-FR","potentialAction":[{"@type":"ReadAction","target":["https:\/\/www.palletcontroltower.eu\/hu\/allasajanlatok\/pelda-ures-allashely-2\/"]}]},{"@type":"BreadcrumbList","@id":"https:\/\/www.palletcontroltower.eu\/hu\/allasajanlatok\/pelda-ures-allashely-2\/#breadcrumb","itemListElement":[{"@type":"ListItem","position":1,"name":"Home","item":"https:\/\/www.palletcontroltower.eu\/"},{"@type":"ListItem","position":2,"name":"Vacatures","item":"https:\/\/www.palletcontroltower.eu\/vacatures\/"},{"@type":"ListItem","position":3,"name":"(Junior) Office \/ Marketing medewerker \u2013 parttime\/fulltime"}]},{"@type":"WebSite","@id":"https:\/\/www.palletcontroltower.eu\/#website","url":"https:\/\/www.palletcontroltower.eu\/","name":"Tour de contr\u00f4le des palettes","description":"","publisher":{"@id":"https:\/\/www.palletcontroltower.eu\/#organization"},"potentialAction":[{"@type":"SearchAction","target":{"@type":"EntryPoint","urlTemplate":"https:\/\/www.palletcontroltower.eu\/?s={search_term_string}"},"query-input":{"@type":"PropertyValueSpecification","valueRequired":true,"valueName":"search_term_string"}}],"inLanguage":"fr-FR"},{"@type":"Organization","@id":"https:\/\/www.palletcontroltower.eu\/#organization","name":"Tour de contr\u00f4le des palettes","url":"https:\/\/www.palletcontroltower.eu\/","logo":{"@type":"ImageObject","inLanguage":"fr-FR","@id":"https:\/\/www.palletcontroltower.eu\/#\/schema\/logo\/image\/","url":"https:\/\/www.palletcontroltower.eu\/wp-content\/uploads\/2023\/10\/logo.svg","contentUrl":"https:\/\/www.palletcontroltower.eu\/wp-content\/uploads\/2023\/10\/logo.svg","width":290,"height":87,"caption":"Pallet Control Tower"},"image":{"@id":"https:\/\/www.palletcontroltower.eu\/#\/schema\/logo\/image\/"}}]}},"_links":{"self":[{"href":"https:\/\/www.palletcontroltower.eu\/fr\/wp-json\/wp\/v2\/pages\/1178","targetHints":{"allow":["GET"]}}],"collection":[{"href":"https:\/\/www.palletcontroltower.eu\/fr\/wp-json\/wp\/v2\/pages"}],"about":[{"href":"https:\/\/www.palletcontroltower.eu\/fr\/wp-json\/wp\/v2\/types\/page"}],"author":[{"embeddable":true,"href":"https:\/\/www.palletcontroltower.eu\/fr\/wp-json\/wp\/v2\/users\/3"}],"replies":[{"embeddable":true,"href":"https:\/\/www.palletcontroltower.eu\/fr\/wp-json\/wp\/v2\/comments?post=1178"}],"version-history":[{"count":6,"href":"https:\/\/www.palletcontroltower.eu\/fr\/wp-json\/wp\/v2\/pages\/1178\/revisions"}],"predecessor-version":[{"id":1198,"href":"https:\/\/www.palletcontroltower.eu\/fr\/wp-json\/wp\/v2\/pages\/1178\/revisions\/1198"}],"up":[{"embeddable":true,"href":"https:\/\/www.palletcontroltower.eu\/fr\/wp-json\/wp\/v2\/pages\/70"}],"wp:attachment":[{"href":"https:\/\/www.palletcontroltower.eu\/fr\/wp-json\/wp\/v2\/media?parent=1178"}],"curies":[{"name":"wp","href":"https:\/\/api.w.org\/{rel}","templated":true}]}}