{"id":19,"date":"2023-11-22T07:58:45","date_gmt":"2023-11-22T07:58:45","guid":{"rendered":"http:\/\/www.palletcontroltower.eu\/?page_id=19"},"modified":"2024-01-08T14:09:55","modified_gmt":"2024-01-08T14:09:55","slug":"ce-que-nous-faisons","status":"publish","type":"page","link":"https:\/\/www.palletcontroltower.eu\/fr\/hoe-werkt-het\/wat-wij-doen\/","title":{"rendered":"Ce que nous faisons"},"content":{"rendered":"<figure class=\"wp-block-embed is-type-video is-provider-youtube wp-block-embed-youtube wp-embed-aspect-16-9 wp-has-aspect-ratio\"><div class=\"wp-block-embed__wrapper\">\n<iframe title=\"Tour de contr\u00f4le des palettes - comment fonctionne-t-elle ?\" width=\"800\" height=\"450\" src=\"https:\/\/www.youtube.com\/embed\/C0PJ3iyygi4?feature=oembed\" frameborder=\"0\" allow=\"accelerometer; autoplay; clipboard-write; encrypted-media; gyroscope; picture-in-picture; web-share\" allowfullscreen><\/iframe>\n<\/div><\/figure>\n\n\n\n<div class=\"wp-block-columns is-layout-flex wp-container-core-columns-is-layout-28f84493 wp-block-columns-is-layout-flex\">\n<div class=\"wp-block-column is-layout-flow wp-block-column-is-layout-flow\">\n<h2 class=\"wp-block-heading\"><strong>Comment fonctionne PCT Online<\/strong><\/h2>\n\n\n\n<p>Sur le portail en ligne, vous pouvez facilement vous connecter et effectuer toutes les d\u00e9marches pour les ordres d'enl\u00e8vement et de livraison d'europalettes. Outre ces deux modules, le module \"Compte courant\" est \u00e9galement disponible, uniquement pour les transporteurs et les distributeurs.<\/p>\n\n\n\n<p>Le processus d'\"appariement\" peut \u00eatre enti\u00e8rement suivi. Tout l'historique est conserv\u00e9, de sorte qu'il est toujours possible de savoir qui a initi\u00e9 quoi et quand.<\/p>\n\n\n\n<p>PCT Online est disponible sur PC, tablette et mobile et est compatible avec la plupart des syst\u00e8mes logistiques ERP, WMS et VMS.<\/p>\n\n\n\n<h2 class=\"wp-block-heading\"><strong>Collection<\/strong>&nbsp;<\/h2>\n\n\n\n<p>La soumission de palettes n'a jamais \u00e9t\u00e9 aussi simple. Apr\u00e8s l'enregistrement dans PCT Online, le processus de mise en correspondance suit, donnant la meilleure correspondance avec un d\u00e9p\u00f4t. Apr\u00e8s la collecte, le tri et l'\u00e9valuation, la valeur est cr\u00e9dit\u00e9e sur votre solde de cr\u00e9dits \u00e9lectroniques.&nbsp;<\/p>\n\n\n\n<p>En plus de tous les types de palettes, vous pouvez d\u00e9poser tous les articles de transport consign\u00e9s (RTI) dans les d\u00e9p\u00f4ts et les faire \u00e9valuer. La valeur est pay\u00e9e sous forme de cr\u00e9dits \u00e9lectroniques.&nbsp;<\/p>\n\n\n\n<h2 class=\"wp-block-heading\"><strong>Livraison<\/strong>&nbsp;<\/h2>\n\n\n\n<p>Indiquez vos besoins en palettes dans PCT Online. Le processus de mise en correspondance est alors lanc\u00e9 pour trouver le d\u00e9p\u00f4t offrant les meilleures conditions. Vous pouvez \u00e9galement utiliser votre propre d\u00e9p\u00f4t de confiance. Confirmez la correspondance dans PCT Online et la commande sera ex\u00e9cut\u00e9e.&nbsp;<\/p>\n\n\n\n<p>La livraison est factur\u00e9e en e-Credits et l'historique peut \u00eatre suivi via votre tableau de bord dans PCT Online. <\/p>\n\n\n\n<h2 class=\"wp-block-heading\"><strong>Cr\u00e9dits \u00e9lectroniques<\/strong>&nbsp;<\/h2>\n\n\n\n<p>Un e-cr\u00e9dit est notre instrument virtuel de r\u00e8glement et de paiement et repr\u00e9sente la valeur d'une palette euro usag\u00e9e de qualit\u00e9 A. La valeur en euros est li\u00e9e \u00e0 l'indice ind\u00e9pendant de la bourse allemande. <a href=\"https:\/\/www.euwid-holz.de\/\" data-type=\"link\" data-id=\"https:\/\/www.euwid-holz.de\/\" target=\"_blank\" rel=\"noreferrer noopener\">EUWID - Holz und M\u00f6bel<\/a>.&nbsp;<\/p>\n\n\n\n<p>Les e-cr\u00e9dits sont librement transf\u00e9rables entre les soldes de tous les utilisateurs de PCT Online. Ils sont cr\u00e9dit\u00e9s au solde apr\u00e8s l'encaissement et d\u00e9bit\u00e9s \u00e0 la livraison. En outre, les e-cr\u00e9dits peuvent \u00eatre achet\u00e9s s\u00e9par\u00e9ment aupr\u00e8s de PCT.&nbsp;<\/p>\n\n\n\n<p>Les e-Cr\u00e9dits ne sont pas soumis \u00e0 la TVA ( !) et r\u00e9solvent \u00e9galement le probl\u00e8me de la TVA internationale qui s'applique \u00e0 l'encaissement et \u00e0 la livraison. La m\u00e9thode la plus simple !&nbsp;<\/p>\n\n\n\n<h2 class=\"wp-block-heading\"><strong>Compte courant<\/strong>&nbsp;<\/h2>\n\n\n\n<p>Le module Compte courant s'adresse tout particuli\u00e8rement aux transporteurs. Il permet de suivre facilement les soldes entre les exp\u00e9diteurs, les transporteurs et les destinataires des marchandises en fonction des flux de palettes.&nbsp;<\/p>\n\n\n\n<p>Le compte courant fonctionne avec la technologie BlockChain et ne peut \u00eatre modifi\u00e9 par la suite. Cela cr\u00e9e de la transparence et de la s\u00e9curit\u00e9 pour toutes les personnes impliqu\u00e9es. Dans PCT Online, chacun peut suivre ses progr\u00e8s.&nbsp;<\/p>\n\n\n\n<p><strong>Pr\u00eat pour l'avenir de la mise en commun des palettes ?<\/strong>&nbsp;<\/p>\n<\/div>\n<\/div>\n\n\n\n<hr class=\"wp-block-separator has-alpha-channel-opacity\"\/>\n\n\n\n<div class=\"wp-block-buttons is-content-justification-center is-layout-flex wp-container-core-buttons-is-layout-a89b3969 wp-block-buttons-is-layout-flex\">\n<div class=\"wp-block-button is-style-fill\"><a class=\"wp-block-button__link has-white-color has-green-background-color has-text-color has-background has-link-color wp-element-button\" href=\"https:\/\/portal.pct-online.eu\/register\" target=\"_blank\" rel=\"noreferrer noopener\">Activer votre compte<\/a><\/div>\n<\/div>\n\n\n\n<hr class=\"wp-block-separator has-alpha-channel-opacity\"\/>\n\n\n\n<blockquote class=\"wp-block-quote is-layout-flow wp-block-quote-is-layout-flow\">\n<p class=\"has-text-align-center\">Pr\u00e9venez le stress des palettes ! Pallet Control Tower est la norme europ\u00e9enne et la plateforme de collecte et de livraison par appariement pour les europalettes et autres RTI. Nous facilitons la mise en commun de A \u00e0 Z et rendons la logistique des palettes \u00e0 nouveau g\u00e9rable. &nbsp;<\/p>\n<\/blockquote>\n\n\n\n<hr class=\"wp-block-separator has-alpha-channel-opacity\"\/>\n\n\n\n<figure class=\"wp-block-image size-full is-style-default\"><img fetchpriority=\"high\" decoding=\"async\" width=\"1600\" height=\"1066\" src=\"http:\/\/www.palletcontroltower.eu\/wp-content\/uploads\/2023\/11\/palletcontroltower-2.jpg\" alt=\"\" class=\"wp-image-207\" style=\"aspect-ratio:16\/9;object-fit:cover\" srcset=\"https:\/\/www.palletcontroltower.eu\/wp-content\/uploads\/2023\/11\/palletcontroltower-2.jpg 1600w, https:\/\/www.palletcontroltower.eu\/wp-content\/uploads\/2023\/11\/palletcontroltower-2-300x200.jpg 300w, https:\/\/www.palletcontroltower.eu\/wp-content\/uploads\/2023\/11\/palletcontroltower-2-1024x682.jpg 1024w, https:\/\/www.palletcontroltower.eu\/wp-content\/uploads\/2023\/11\/palletcontroltower-2-768x512.jpg 768w, https:\/\/www.palletcontroltower.eu\/wp-content\/uploads\/2023\/11\/palletcontroltower-2-1536x1023.jpg 1536w\" sizes=\"(max-width: 1600px) 100vw, 1600px\" \/><\/figure>\n\n\n\n<hr class=\"wp-block-separator has-alpha-channel-opacity\"\/>\n\n\n\n<div class=\"wp-block-columns is-layout-flex wp-container-core-columns-is-layout-28f84493 wp-block-columns-is-layout-flex\">\n<div class=\"wp-block-column is-layout-flow wp-block-column-is-layout-flow\"><\/div>\n<\/div>","protected":false},"excerpt":{"rendered":"<p>Zo werkt PCT Online In het online portal kunt u eenvoudig inloggen en alle stappen zetten voor de \u201cCollection\u201d en \u201cDelivery\u201d opdrachten van europallets. Naast deze twee modules staat hier, enkel voor transporteurs en DC&#8217;s, ook de \u201cRekening Courant\u201d module. Het proces van \u201cmatching\u201d is volledig te volgen. Alle historie blijft bewaard, zodat altijd transparant [&hellip;]<\/p>\n","protected":false},"author":1,"featured_media":0,"parent":17,"menu_order":0,"comment_status":"closed","ping_status":"closed","template":"","meta":{"footnotes":""},"class_list":["post-19","page","type-page","status-publish","hentry"],"yoast_head":"<!-- This site is optimized with the Yoast SEO plugin v27.3 - https:\/\/yoast.com\/product\/yoast-seo-wordpress\/ -->\n<title>Wat wij doen - Pallet Control Tower<\/title>\n<meta name=\"description\" content=\"Hoe functioneert Pallet Control Tower Online: Collection, Delivery, e-Credits en Rekening-Courant, speciaal voor vervoerders\/DC&#039;s.\" \/>\n<meta name=\"robots\" content=\"index, follow, max-snippet:-1, max-image-preview:large, max-video-preview:-1\" \/>\n<link rel=\"canonical\" href=\"https:\/\/www.palletcontroltower.eu\/fr\/comment-cela-fonctionne-t-il\/ce-que-nous-faisons\/\" \/>\n<meta property=\"og:locale\" content=\"fr_FR\" \/>\n<meta property=\"og:type\" content=\"article\" \/>\n<meta property=\"og:title\" content=\"Wat wij doen - Pallet Control Tower\" \/>\n<meta property=\"og:description\" content=\"Hoe functioneert Pallet Control Tower Online: Collection, Delivery, e-Credits en Rekening-Courant, speciaal voor vervoerders\/DC&#039;s.\" \/>\n<meta property=\"og:url\" content=\"https:\/\/www.palletcontroltower.eu\/fr\/comment-cela-fonctionne-t-il\/ce-que-nous-faisons\/\" \/>\n<meta property=\"og:site_name\" content=\"Pallet Control Tower\" \/>\n<meta property=\"article:modified_time\" content=\"2024-01-08T14:09:55+00:00\" \/>\n<meta property=\"og:image\" content=\"http:\/\/www.palletcontroltower.eu\/wp-content\/uploads\/2023\/11\/palletcontroltower-2.jpg\" \/>\n<meta name=\"twitter:card\" content=\"summary_large_image\" \/>\n<meta name=\"twitter:label1\" content=\"Dur\u00e9e de lecture estim\u00e9e\" \/>\n\t<meta name=\"twitter:data1\" content=\"3 minutes\" \/>\n<script type=\"application\/ld+json\" class=\"yoast-schema-graph\">{\"@context\":\"https:\\\/\\\/schema.org\",\"@graph\":[{\"@type\":\"WebPage\",\"@id\":\"https:\\\/\\\/www.palletcontroltower.eu\\\/hoe-werkt-het\\\/wat-wij-doen\\\/\",\"url\":\"https:\\\/\\\/www.palletcontroltower.eu\\\/hoe-werkt-het\\\/wat-wij-doen\\\/\",\"name\":\"Wat wij doen - Pallet Control Tower\",\"isPartOf\":{\"@id\":\"https:\\\/\\\/www.palletcontroltower.eu\\\/#website\"},\"primaryImageOfPage\":{\"@id\":\"https:\\\/\\\/www.palletcontroltower.eu\\\/hoe-werkt-het\\\/wat-wij-doen\\\/#primaryimage\"},\"image\":{\"@id\":\"https:\\\/\\\/www.palletcontroltower.eu\\\/hoe-werkt-het\\\/wat-wij-doen\\\/#primaryimage\"},\"thumbnailUrl\":\"http:\\\/\\\/www.palletcontroltower.eu\\\/wp-content\\\/uploads\\\/2023\\\/11\\\/palletcontroltower-2.jpg\",\"datePublished\":\"2023-11-22T07:58:45+00:00\",\"dateModified\":\"2024-01-08T14:09:55+00:00\",\"description\":\"Hoe functioneert Pallet Control Tower Online: Collection, Delivery, e-Credits en Rekening-Courant, speciaal voor vervoerders\\\/DC's.\",\"breadcrumb\":{\"@id\":\"https:\\\/\\\/www.palletcontroltower.eu\\\/hoe-werkt-het\\\/wat-wij-doen\\\/#breadcrumb\"},\"inLanguage\":\"fr-FR\",\"potentialAction\":[{\"@type\":\"ReadAction\",\"target\":[\"https:\\\/\\\/www.palletcontroltower.eu\\\/hoe-werkt-het\\\/wat-wij-doen\\\/\"]}]},{\"@type\":\"ImageObject\",\"inLanguage\":\"fr-FR\",\"@id\":\"https:\\\/\\\/www.palletcontroltower.eu\\\/hoe-werkt-het\\\/wat-wij-doen\\\/#primaryimage\",\"url\":\"http:\\\/\\\/www.palletcontroltower.eu\\\/wp-content\\\/uploads\\\/2023\\\/11\\\/palletcontroltower-2.jpg\",\"contentUrl\":\"http:\\\/\\\/www.palletcontroltower.eu\\\/wp-content\\\/uploads\\\/2023\\\/11\\\/palletcontroltower-2.jpg\"},{\"@type\":\"BreadcrumbList\",\"@id\":\"https:\\\/\\\/www.palletcontroltower.eu\\\/hoe-werkt-het\\\/wat-wij-doen\\\/#breadcrumb\",\"itemListElement\":[{\"@type\":\"ListItem\",\"position\":1,\"name\":\"Home\",\"item\":\"https:\\\/\\\/www.palletcontroltower.eu\\\/\"},{\"@type\":\"ListItem\",\"position\":2,\"name\":\"Hoe werkt het\",\"item\":\"https:\\\/\\\/www.palletcontroltower.eu\\\/hoe-werkt-het\\\/\"},{\"@type\":\"ListItem\",\"position\":3,\"name\":\"Wat wij doen\"}]},{\"@type\":\"WebSite\",\"@id\":\"https:\\\/\\\/www.palletcontroltower.eu\\\/#website\",\"url\":\"https:\\\/\\\/www.palletcontroltower.eu\\\/\",\"name\":\"Pallet Control Tower\",\"description\":\"\",\"publisher\":{\"@id\":\"https:\\\/\\\/www.palletcontroltower.eu\\\/#organization\"},\"potentialAction\":[{\"@type\":\"SearchAction\",\"target\":{\"@type\":\"EntryPoint\",\"urlTemplate\":\"https:\\\/\\\/www.palletcontroltower.eu\\\/?s={search_term_string}\"},\"query-input\":{\"@type\":\"PropertyValueSpecification\",\"valueRequired\":true,\"valueName\":\"search_term_string\"}}],\"inLanguage\":\"fr-FR\"},{\"@type\":\"Organization\",\"@id\":\"https:\\\/\\\/www.palletcontroltower.eu\\\/#organization\",\"name\":\"Pallet Control Tower\",\"url\":\"https:\\\/\\\/www.palletcontroltower.eu\\\/\",\"logo\":{\"@type\":\"ImageObject\",\"inLanguage\":\"fr-FR\",\"@id\":\"https:\\\/\\\/www.palletcontroltower.eu\\\/#\\\/schema\\\/logo\\\/image\\\/\",\"url\":\"https:\\\/\\\/www.palletcontroltower.eu\\\/wp-content\\\/uploads\\\/2023\\\/10\\\/logo.svg\",\"contentUrl\":\"https:\\\/\\\/www.palletcontroltower.eu\\\/wp-content\\\/uploads\\\/2023\\\/10\\\/logo.svg\",\"width\":290,\"height\":87,\"caption\":\"Pallet Control Tower\"},\"image\":{\"@id\":\"https:\\\/\\\/www.palletcontroltower.eu\\\/#\\\/schema\\\/logo\\\/image\\\/\"}}]}<\/script>\n<!-- \/ Yoast SEO plugin. -->","yoast_head_json":{"title":"Ce que nous faisons - Tour de contr\u00f4le des palettes","description":"Fonctionnement de la tour de contr\u00f4le de palettes en ligne : collecte, livraison, e-cr\u00e9dits et compte courant, en particulier pour les transporteurs\/DC.","robots":{"index":"index","follow":"follow","max-snippet":"max-snippet:-1","max-image-preview":"max-image-preview:large","max-video-preview":"max-video-preview:-1"},"canonical":"https:\/\/www.palletcontroltower.eu\/fr\/comment-cela-fonctionne-t-il\/ce-que-nous-faisons\/","og_locale":"fr_FR","og_type":"article","og_title":"Wat wij doen - Pallet Control Tower","og_description":"Hoe functioneert Pallet Control Tower Online: Collection, Delivery, e-Credits en Rekening-Courant, speciaal voor vervoerders\/DC's.","og_url":"https:\/\/www.palletcontroltower.eu\/fr\/comment-cela-fonctionne-t-il\/ce-que-nous-faisons\/","og_site_name":"Pallet Control Tower","article_modified_time":"2024-01-08T14:09:55+00:00","og_image":[{"url":"http:\/\/www.palletcontroltower.eu\/wp-content\/uploads\/2023\/11\/palletcontroltower-2.jpg","type":"","width":"","height":""}],"twitter_card":"summary_large_image","twitter_misc":{"Dur\u00e9e de lecture estim\u00e9e":"3 minutes"},"schema":{"@context":"https:\/\/schema.org","@graph":[{"@type":"WebPage","@id":"https:\/\/www.palletcontroltower.eu\/hoe-werkt-het\/wat-wij-doen\/","url":"https:\/\/www.palletcontroltower.eu\/hoe-werkt-het\/wat-wij-doen\/","name":"Ce que nous faisons - Tour de contr\u00f4le des palettes","isPartOf":{"@id":"https:\/\/www.palletcontroltower.eu\/#website"},"primaryImageOfPage":{"@id":"https:\/\/www.palletcontroltower.eu\/hoe-werkt-het\/wat-wij-doen\/#primaryimage"},"image":{"@id":"https:\/\/www.palletcontroltower.eu\/hoe-werkt-het\/wat-wij-doen\/#primaryimage"},"thumbnailUrl":"http:\/\/www.palletcontroltower.eu\/wp-content\/uploads\/2023\/11\/palletcontroltower-2.jpg","datePublished":"2023-11-22T07:58:45+00:00","dateModified":"2024-01-08T14:09:55+00:00","description":"Fonctionnement de la tour de contr\u00f4le de palettes en ligne : collecte, livraison, e-cr\u00e9dits et compte courant, en particulier pour les transporteurs\/DC.","breadcrumb":{"@id":"https:\/\/www.palletcontroltower.eu\/hoe-werkt-het\/wat-wij-doen\/#breadcrumb"},"inLanguage":"fr-FR","potentialAction":[{"@type":"ReadAction","target":["https:\/\/www.palletcontroltower.eu\/hoe-werkt-het\/wat-wij-doen\/"]}]},{"@type":"ImageObject","inLanguage":"fr-FR","@id":"https:\/\/www.palletcontroltower.eu\/hoe-werkt-het\/wat-wij-doen\/#primaryimage","url":"http:\/\/www.palletcontroltower.eu\/wp-content\/uploads\/2023\/11\/palletcontroltower-2.jpg","contentUrl":"http:\/\/www.palletcontroltower.eu\/wp-content\/uploads\/2023\/11\/palletcontroltower-2.jpg"},{"@type":"BreadcrumbList","@id":"https:\/\/www.palletcontroltower.eu\/hoe-werkt-het\/wat-wij-doen\/#breadcrumb","itemListElement":[{"@type":"ListItem","position":1,"name":"Home","item":"https:\/\/www.palletcontroltower.eu\/"},{"@type":"ListItem","position":2,"name":"Hoe werkt het","item":"https:\/\/www.palletcontroltower.eu\/hoe-werkt-het\/"},{"@type":"ListItem","position":3,"name":"Wat wij doen"}]},{"@type":"WebSite","@id":"https:\/\/www.palletcontroltower.eu\/#website","url":"https:\/\/www.palletcontroltower.eu\/","name":"Tour de contr\u00f4le des palettes","description":"","publisher":{"@id":"https:\/\/www.palletcontroltower.eu\/#organization"},"potentialAction":[{"@type":"SearchAction","target":{"@type":"EntryPoint","urlTemplate":"https:\/\/www.palletcontroltower.eu\/?s={search_term_string}"},"query-input":{"@type":"PropertyValueSpecification","valueRequired":true,"valueName":"search_term_string"}}],"inLanguage":"fr-FR"},{"@type":"Organization","@id":"https:\/\/www.palletcontroltower.eu\/#organization","name":"Tour de contr\u00f4le des palettes","url":"https:\/\/www.palletcontroltower.eu\/","logo":{"@type":"ImageObject","inLanguage":"fr-FR","@id":"https:\/\/www.palletcontroltower.eu\/#\/schema\/logo\/image\/","url":"https:\/\/www.palletcontroltower.eu\/wp-content\/uploads\/2023\/10\/logo.svg","contentUrl":"https:\/\/www.palletcontroltower.eu\/wp-content\/uploads\/2023\/10\/logo.svg","width":290,"height":87,"caption":"Pallet Control Tower"},"image":{"@id":"https:\/\/www.palletcontroltower.eu\/#\/schema\/logo\/image\/"}}]}},"_links":{"self":[{"href":"https:\/\/www.palletcontroltower.eu\/fr\/wp-json\/wp\/v2\/pages\/19","targetHints":{"allow":["GET"]}}],"collection":[{"href":"https:\/\/www.palletcontroltower.eu\/fr\/wp-json\/wp\/v2\/pages"}],"about":[{"href":"https:\/\/www.palletcontroltower.eu\/fr\/wp-json\/wp\/v2\/types\/page"}],"author":[{"embeddable":true,"href":"https:\/\/www.palletcontroltower.eu\/fr\/wp-json\/wp\/v2\/users\/1"}],"replies":[{"embeddable":true,"href":"https:\/\/www.palletcontroltower.eu\/fr\/wp-json\/wp\/v2\/comments?post=19"}],"version-history":[{"count":32,"href":"https:\/\/www.palletcontroltower.eu\/fr\/wp-json\/wp\/v2\/pages\/19\/revisions"}],"predecessor-version":[{"id":1020,"href":"https:\/\/www.palletcontroltower.eu\/fr\/wp-json\/wp\/v2\/pages\/19\/revisions\/1020"}],"up":[{"embeddable":true,"href":"https:\/\/www.palletcontroltower.eu\/fr\/wp-json\/wp\/v2\/pages\/17"}],"wp:attachment":[{"href":"https:\/\/www.palletcontroltower.eu\/fr\/wp-json\/wp\/v2\/media?parent=19"}],"curies":[{"name":"wp","href":"https:\/\/api.w.org\/{rel}","templated":true}]}}