{"id":23,"date":"2023-11-22T07:59:21","date_gmt":"2023-11-22T07:59:21","guid":{"rendered":"http:\/\/www.palletcontroltower.eu\/?page_id=23"},"modified":"2024-01-11T10:37:39","modified_gmt":"2024-01-11T10:37:39","slug":"questions-frequemment-posees","status":"publish","type":"page","link":"https:\/\/www.palletcontroltower.eu\/fr\/hoe-werkt-het\/veelgestelde-vragen\/","title":{"rendered":"Questions fr\u00e9quemment pos\u00e9es"},"content":{"rendered":"<div class=\"wp-block-columns is-layout-flex wp-container-core-columns-is-layout-28f84493 wp-block-columns-is-layout-flex\">\n<div class=\"wp-block-column is-layout-flow wp-block-column-is-layout-flow\"><\/div>\n<\/div>\n\n\n\n<hr class=\"wp-block-separator has-alpha-channel-opacity\"\/>\n\n\n\n<div class=\"wp-block-pb-accordion-item c-accordion__item js-accordion-item no-js\" data-initially-open=\"false\" data-click-to-close=\"true\" data-auto-close=\"true\" data-scroll=\"false\" data-scroll-offset=\"0\"><h3 id=\"at-230\" class=\"c-accordion__title js-accordion-controller\" role=\"button\"><strong>Qu'est-ce que la livraison ?<\/strong><\/h3><div id=\"ac-230\" class=\"c-accordion__content\">\n<p>Avec un ordre de livraison, vous indiquez que vous souhaitez acheter un lot de palettes. Il peut s'agir d'un lot pour vous-m\u00eame ou pour un fournisseur. Vous indiquez dans PCT Online quels num\u00e9ros, quelles qualit\u00e9s vous souhaitez voir livr\u00e9s et \u00e0 quel endroit. Il est \u00e9galement possible de sp\u00e9cifier des options de livraison suppl\u00e9mentaires. Vous recevez plusieurs offres et vous choisissez celle qui est la plus avantageuse \u00e9conomiquement, la plus durable ou vous optez pour un fournisseur pr\u00e9f\u00e9r\u00e9. Apr\u00e8s acceptation de l'offre, la commande est ex\u00e9cut\u00e9e par le d\u00e9p\u00f4t de palettes. Le paiement est effectu\u00e9 dans les 8 jours. <\/p>\n<\/div><\/div>\n\n\n\n<div class=\"wp-block-pb-accordion-item c-accordion__item js-accordion-item no-js\" data-initially-open=\"false\" data-click-to-close=\"true\" data-auto-close=\"true\" data-scroll=\"false\" data-scroll-offset=\"0\"><h3 id=\"at-231\" class=\"c-accordion__title js-accordion-controller\" role=\"button\"><strong>Qu'est-ce que la collecte ?&nbsp;<\/strong><\/h3><div id=\"ac-231\" class=\"c-accordion__content\">\n<p>Un ordre d'encaissement vous met hors-jeu, vous, le propri\u00e9taire des palettes. Vous mettez en vente un lot de palettes. Plusieurs d\u00e9p\u00f4ts de palettes font une offre pour vos palettes. Vous les d\u00e9crivez en nombre et en qualit\u00e9 et les accompagnez de plusieurs photos. Apr\u00e8s acceptation de l'offre, le d\u00e9p\u00f4t de palettes de votre choix vient chercher le lot de palettes. Un tri et une \u00e9valuation ult\u00e9rieurs sont possibles.<\/p>\n<\/div><\/div>\n\n\n\n<div class=\"wp-block-pb-accordion-item c-accordion__item js-accordion-item no-js\" data-initially-open=\"false\" data-click-to-close=\"true\" data-auto-close=\"true\" data-scroll=\"false\" data-scroll-offset=\"0\"><h3 id=\"at-232\" class=\"c-accordion__title js-accordion-controller\" role=\"button\"><strong>En tant que participant, puis-je soumettre tous les types de palettes et\/ou de RTI ?<\/strong><\/h3><div id=\"ac-232\" class=\"c-accordion__content\">\n<p>Oui, vous pouvez. Le d\u00e9positaire de votre choix \u00e9valuera tout et le convertira en termes de valeur en e-cr\u00e9dits. Ces e-cr\u00e9dits seront ensuite cr\u00e9dit\u00e9s sur votre propre solde dans votre portefeuille.\u00a0<\/p>\n<\/div><\/div>\n\n\n\n<div class=\"wp-block-pb-accordion-item c-accordion__item js-accordion-item no-js\" data-initially-open=\"false\" data-click-to-close=\"true\" data-auto-close=\"true\" data-scroll=\"false\" data-scroll-offset=\"0\"><h3 id=\"at-233\" class=\"c-accordion__title js-accordion-controller\" role=\"button\"><strong>Quand est-ce que je re\u00e7ois une commission de transaction ?<\/strong>&nbsp;<\/h3><div id=\"ac-233\" class=\"c-accordion__content\">\n<p>La valeur d'une europalette \"de base\" est couverte par l'indice EUWID. Tout \u00e9cart par rapport \u00e0 cette norme est refl\u00e9t\u00e9 dans le suppl\u00e9ment de transaction.&nbsp;<\/p>\n<\/div><\/div>\n\n\n\n<div class=\"wp-block-pb-accordion-item c-accordion__item js-accordion-item no-js\" data-initially-open=\"false\" data-click-to-close=\"true\" data-auto-close=\"true\" data-scroll=\"false\" data-scroll-offset=\"0\"><h3 id=\"at-234\" class=\"c-accordion__title js-accordion-controller\" role=\"button\"><strong>Quelle est la valeur actuelle du cr\u00e9dit \u00e9lectronique ?<\/strong>&nbsp;<\/h3><div id=\"ac-234\" class=\"c-accordion__content\">\n<p>Sur la plateforme en ligne PCTO, vous trouverez toujours la valeur actuelle. La valeur est d\u00e9termin\u00e9e comme une moyenne pond\u00e9r\u00e9e de la valeur la plus basse et de la valeur la plus \u00e9lev\u00e9e des trois derni\u00e8res p\u00e9riodes de six semaines. Cette valeur sert de base au r\u00e8glement ou \u00e0 la comptabilisation des cr\u00e9dits \u00e9lectroniques au moment de la soumission ou de l'appel.\u00a0\u00a0<\/p>\n<\/div><\/div>\n\n\n\n<div class=\"wp-block-pb-accordion-item c-accordion__item js-accordion-item no-js\" data-initially-open=\"false\" data-click-to-close=\"true\" data-auto-close=\"true\" data-scroll=\"false\" data-scroll-offset=\"0\"><h3 id=\"at-235\" class=\"c-accordion__title js-accordion-controller\" role=\"button\"><strong>Comment l'EUWID a-t-il vu le jour ?<\/strong>&nbsp;<\/h3><div id=\"ac-235\" class=\"c-accordion__content\">\n<p>Sur le site internet de <a href=\"https:\/\/www.euwid-wood-products.com\/\" target=\"_blank\" rel=\"noreferrer noopener\">EUWID - composante produits du bois<\/a> - vous trouverez toutes les informations sur le march\u00e9. Les prix et les d\u00e9veloppements d'EUWID se trouvent derri\u00e8re un login. PCT est abonn\u00e9 \u00e0 ces donn\u00e9es de march\u00e9&nbsp;&nbsp;<\/p>\n<\/div><\/div>\n\n\n\n<div class=\"wp-block-pb-accordion-item c-accordion__item js-accordion-item no-js\" data-initially-open=\"false\" data-click-to-close=\"true\" data-auto-close=\"true\" data-scroll=\"false\" data-scroll-offset=\"0\"><h3 id=\"at-236\" class=\"c-accordion__title js-accordion-controller\" role=\"button\"><strong>Si tous les RTI peuvent \u00eatre restitu\u00e9s, suis-je rembours\u00e9 pour tout ?&nbsp;<\/strong><\/h3><div id=\"ac-236\" class=\"c-accordion__content\">\n<p>Non, ce n'est pas n\u00e9cessaire. La plupart des d\u00e9p\u00f4ts travaillent avec des listes de tri et la valeur est d\u00e9termin\u00e9e en fonction du tri. S'il n'y a pas de RTI utilisables parmi eux et qu'il s'agit principalement de \"d\u00e9chets\", le rendement peut \u00eatre n\u00e9gatif.<\/p>\n<\/div><\/div>\n\n\n\n<hr class=\"wp-block-separator has-alpha-channel-opacity\"\/>","protected":false},"excerpt":{"rendered":"","protected":false},"author":1,"featured_media":0,"parent":17,"menu_order":0,"comment_status":"closed","ping_status":"closed","template":"","meta":{"footnotes":""},"class_list":["post-23","page","type-page","status-publish","hentry"],"yoast_head":"<!-- This site is optimized with the Yoast SEO plugin v27.3 - https:\/\/yoast.com\/product\/yoast-seo-wordpress\/ -->\n<title>Veelgestelde vragen - Pallet Control Tower<\/title>\n<meta name=\"description\" content=\"Veelgestelde vragen over Pallet Control Tower Online, zoals wat is Collection, Delivery, e-Credit en EUWID\" \/>\n<meta name=\"robots\" content=\"index, follow, max-snippet:-1, max-image-preview:large, max-video-preview:-1\" \/>\n<link rel=\"canonical\" href=\"https:\/\/www.palletcontroltower.eu\/fr\/comment-cela-fonctionne-t-il\/questions-frequemment-posees\/\" \/>\n<meta property=\"og:locale\" content=\"fr_FR\" \/>\n<meta property=\"og:type\" content=\"article\" \/>\n<meta property=\"og:title\" content=\"Veelgestelde vragen - Pallet Control Tower\" \/>\n<meta property=\"og:description\" content=\"Veelgestelde vragen over Pallet Control Tower Online, zoals wat is Collection, Delivery, e-Credit en EUWID\" \/>\n<meta property=\"og:url\" content=\"https:\/\/www.palletcontroltower.eu\/fr\/comment-cela-fonctionne-t-il\/questions-frequemment-posees\/\" \/>\n<meta property=\"og:site_name\" content=\"Pallet Control Tower\" \/>\n<meta property=\"article:modified_time\" content=\"2024-01-11T10:37:39+00:00\" \/>\n<meta name=\"twitter:card\" content=\"summary_large_image\" \/>\n<meta name=\"twitter:label1\" content=\"Dur\u00e9e de lecture estim\u00e9e\" \/>\n\t<meta name=\"twitter:data1\" content=\"2 minutes\" \/>\n<script type=\"application\/ld+json\" class=\"yoast-schema-graph\">{\"@context\":\"https:\\\/\\\/schema.org\",\"@graph\":[{\"@type\":\"WebPage\",\"@id\":\"https:\\\/\\\/www.palletcontroltower.eu\\\/pl\\\/hoe-werkt-het\\\/czesto-zadawane-pytania\\\/\",\"url\":\"https:\\\/\\\/www.palletcontroltower.eu\\\/pl\\\/hoe-werkt-het\\\/czesto-zadawane-pytania\\\/\",\"name\":\"Veelgestelde vragen - Pallet Control Tower\",\"isPartOf\":{\"@id\":\"https:\\\/\\\/www.palletcontroltower.eu\\\/#website\"},\"datePublished\":\"2023-11-22T07:59:21+00:00\",\"dateModified\":\"2024-01-11T10:37:39+00:00\",\"description\":\"Veelgestelde vragen over Pallet Control Tower Online, zoals wat is Collection, Delivery, e-Credit en EUWID\",\"breadcrumb\":{\"@id\":\"https:\\\/\\\/www.palletcontroltower.eu\\\/pl\\\/hoe-werkt-het\\\/czesto-zadawane-pytania\\\/#breadcrumb\"},\"inLanguage\":\"fr-FR\",\"potentialAction\":[{\"@type\":\"ReadAction\",\"target\":[\"https:\\\/\\\/www.palletcontroltower.eu\\\/pl\\\/hoe-werkt-het\\\/czesto-zadawane-pytania\\\/\"]}]},{\"@type\":\"BreadcrumbList\",\"@id\":\"https:\\\/\\\/www.palletcontroltower.eu\\\/pl\\\/hoe-werkt-het\\\/czesto-zadawane-pytania\\\/#breadcrumb\",\"itemListElement\":[{\"@type\":\"ListItem\",\"position\":1,\"name\":\"Home\",\"item\":\"https:\\\/\\\/www.palletcontroltower.eu\\\/\"},{\"@type\":\"ListItem\",\"position\":2,\"name\":\"Hoe werkt het\",\"item\":\"https:\\\/\\\/www.palletcontroltower.eu\\\/hoe-werkt-het\\\/\"},{\"@type\":\"ListItem\",\"position\":3,\"name\":\"Veelgestelde vragen\"}]},{\"@type\":\"WebSite\",\"@id\":\"https:\\\/\\\/www.palletcontroltower.eu\\\/#website\",\"url\":\"https:\\\/\\\/www.palletcontroltower.eu\\\/\",\"name\":\"Pallet Control Tower\",\"description\":\"\",\"publisher\":{\"@id\":\"https:\\\/\\\/www.palletcontroltower.eu\\\/#organization\"},\"potentialAction\":[{\"@type\":\"SearchAction\",\"target\":{\"@type\":\"EntryPoint\",\"urlTemplate\":\"https:\\\/\\\/www.palletcontroltower.eu\\\/?s={search_term_string}\"},\"query-input\":{\"@type\":\"PropertyValueSpecification\",\"valueRequired\":true,\"valueName\":\"search_term_string\"}}],\"inLanguage\":\"fr-FR\"},{\"@type\":\"Organization\",\"@id\":\"https:\\\/\\\/www.palletcontroltower.eu\\\/#organization\",\"name\":\"Pallet Control Tower\",\"url\":\"https:\\\/\\\/www.palletcontroltower.eu\\\/\",\"logo\":{\"@type\":\"ImageObject\",\"inLanguage\":\"fr-FR\",\"@id\":\"https:\\\/\\\/www.palletcontroltower.eu\\\/#\\\/schema\\\/logo\\\/image\\\/\",\"url\":\"https:\\\/\\\/www.palletcontroltower.eu\\\/wp-content\\\/uploads\\\/2023\\\/10\\\/logo.svg\",\"contentUrl\":\"https:\\\/\\\/www.palletcontroltower.eu\\\/wp-content\\\/uploads\\\/2023\\\/10\\\/logo.svg\",\"width\":290,\"height\":87,\"caption\":\"Pallet Control Tower\"},\"image\":{\"@id\":\"https:\\\/\\\/www.palletcontroltower.eu\\\/#\\\/schema\\\/logo\\\/image\\\/\"}}]}<\/script>\n<!-- \/ Yoast SEO plugin. -->","yoast_head_json":{"title":"Foire aux questions - Tour de contr\u00f4le des palettes","description":"Questions fr\u00e9quemment pos\u00e9es sur la tour de contr\u00f4le de palettes en ligne, telles que la collecte, la livraison, l'e-cr\u00e9dit et l'EUWID.","robots":{"index":"index","follow":"follow","max-snippet":"max-snippet:-1","max-image-preview":"max-image-preview:large","max-video-preview":"max-video-preview:-1"},"canonical":"https:\/\/www.palletcontroltower.eu\/fr\/comment-cela-fonctionne-t-il\/questions-frequemment-posees\/","og_locale":"fr_FR","og_type":"article","og_title":"Veelgestelde vragen - Pallet Control Tower","og_description":"Veelgestelde vragen over Pallet Control Tower Online, zoals wat is Collection, Delivery, e-Credit en EUWID","og_url":"https:\/\/www.palletcontroltower.eu\/fr\/comment-cela-fonctionne-t-il\/questions-frequemment-posees\/","og_site_name":"Pallet Control Tower","article_modified_time":"2024-01-11T10:37:39+00:00","twitter_card":"summary_large_image","twitter_misc":{"Dur\u00e9e de lecture estim\u00e9e":"2 minutes"},"schema":{"@context":"https:\/\/schema.org","@graph":[{"@type":"WebPage","@id":"https:\/\/www.palletcontroltower.eu\/pl\/hoe-werkt-het\/czesto-zadawane-pytania\/","url":"https:\/\/www.palletcontroltower.eu\/pl\/hoe-werkt-het\/czesto-zadawane-pytania\/","name":"Foire aux questions - Tour de contr\u00f4le des palettes","isPartOf":{"@id":"https:\/\/www.palletcontroltower.eu\/#website"},"datePublished":"2023-11-22T07:59:21+00:00","dateModified":"2024-01-11T10:37:39+00:00","description":"Questions fr\u00e9quemment pos\u00e9es sur la tour de contr\u00f4le de palettes en ligne, telles que la collecte, la livraison, l'e-cr\u00e9dit et l'EUWID.","breadcrumb":{"@id":"https:\/\/www.palletcontroltower.eu\/pl\/hoe-werkt-het\/czesto-zadawane-pytania\/#breadcrumb"},"inLanguage":"fr-FR","potentialAction":[{"@type":"ReadAction","target":["https:\/\/www.palletcontroltower.eu\/pl\/hoe-werkt-het\/czesto-zadawane-pytania\/"]}]},{"@type":"BreadcrumbList","@id":"https:\/\/www.palletcontroltower.eu\/pl\/hoe-werkt-het\/czesto-zadawane-pytania\/#breadcrumb","itemListElement":[{"@type":"ListItem","position":1,"name":"Home","item":"https:\/\/www.palletcontroltower.eu\/"},{"@type":"ListItem","position":2,"name":"Hoe werkt het","item":"https:\/\/www.palletcontroltower.eu\/hoe-werkt-het\/"},{"@type":"ListItem","position":3,"name":"Veelgestelde vragen"}]},{"@type":"WebSite","@id":"https:\/\/www.palletcontroltower.eu\/#website","url":"https:\/\/www.palletcontroltower.eu\/","name":"Tour de contr\u00f4le des palettes","description":"","publisher":{"@id":"https:\/\/www.palletcontroltower.eu\/#organization"},"potentialAction":[{"@type":"SearchAction","target":{"@type":"EntryPoint","urlTemplate":"https:\/\/www.palletcontroltower.eu\/?s={search_term_string}"},"query-input":{"@type":"PropertyValueSpecification","valueRequired":true,"valueName":"search_term_string"}}],"inLanguage":"fr-FR"},{"@type":"Organization","@id":"https:\/\/www.palletcontroltower.eu\/#organization","name":"Tour de contr\u00f4le des palettes","url":"https:\/\/www.palletcontroltower.eu\/","logo":{"@type":"ImageObject","inLanguage":"fr-FR","@id":"https:\/\/www.palletcontroltower.eu\/#\/schema\/logo\/image\/","url":"https:\/\/www.palletcontroltower.eu\/wp-content\/uploads\/2023\/10\/logo.svg","contentUrl":"https:\/\/www.palletcontroltower.eu\/wp-content\/uploads\/2023\/10\/logo.svg","width":290,"height":87,"caption":"Pallet Control Tower"},"image":{"@id":"https:\/\/www.palletcontroltower.eu\/#\/schema\/logo\/image\/"}}]}},"_links":{"self":[{"href":"https:\/\/www.palletcontroltower.eu\/fr\/wp-json\/wp\/v2\/pages\/23","targetHints":{"allow":["GET"]}}],"collection":[{"href":"https:\/\/www.palletcontroltower.eu\/fr\/wp-json\/wp\/v2\/pages"}],"about":[{"href":"https:\/\/www.palletcontroltower.eu\/fr\/wp-json\/wp\/v2\/types\/page"}],"author":[{"embeddable":true,"href":"https:\/\/www.palletcontroltower.eu\/fr\/wp-json\/wp\/v2\/users\/1"}],"replies":[{"embeddable":true,"href":"https:\/\/www.palletcontroltower.eu\/fr\/wp-json\/wp\/v2\/comments?post=23"}],"version-history":[{"count":18,"href":"https:\/\/www.palletcontroltower.eu\/fr\/wp-json\/wp\/v2\/pages\/23\/revisions"}],"predecessor-version":[{"id":1152,"href":"https:\/\/www.palletcontroltower.eu\/fr\/wp-json\/wp\/v2\/pages\/23\/revisions\/1152"}],"up":[{"embeddable":true,"href":"https:\/\/www.palletcontroltower.eu\/fr\/wp-json\/wp\/v2\/pages\/17"}],"wp:attachment":[{"href":"https:\/\/www.palletcontroltower.eu\/fr\/wp-json\/wp\/v2\/media?parent=23"}],"curies":[{"name":"wp","href":"https:\/\/api.w.org\/{rel}","templated":true}]}}