{"id":31,"date":"2023-11-22T08:00:36","date_gmt":"2023-11-22T08:00:36","guid":{"rendered":"http:\/\/www.palletcontroltower.eu\/?page_id=31"},"modified":"2026-01-30T09:47:49","modified_gmt":"2026-01-30T09:47:49","slug":"pour-les-transporteurs-dcs","status":"publish","type":"page","link":"https:\/\/www.palletcontroltower.eu\/fr\/mijn-voordeel\/voor-vervoerders-dcs\/","title":{"rendered":"Pour les transporteurs\/DC"},"content":{"rendered":"<div class=\"wp-block-columns is-layout-flex wp-container-core-columns-is-layout-28f84493 wp-block-columns-is-layout-flex\">\n<div class=\"wp-block-column is-layout-flow wp-block-column-is-layout-flow\">\n<h2 class=\"wp-block-heading\">Temps et qualit\u00e9<\/h2>\n\n\n\n<p>Vous \u00eates une entreprise de transport, un transporteur ou un prestataire de services logistiques avec ou sans centre de distribution propre. Votre march\u00e9 est l'Europe, l'Asie, les Etats-Unis et\/ou le Canada. L'\u00e9change de palettes par les chauffeurs sur place n'est g\u00e9n\u00e9ralement pas une option. Apr\u00e8s tout, le temps, c'est de l'argent. Mais la qualit\u00e9 des palettes est \u00e9galement essentielle pour un centre de distribution automatis\u00e9.<\/p>\n\n\n\n<p>PCT est pr\u00e9sent dans tous les types d'industries et est donc \u00e0 l'aise sur tous les march\u00e9s. Que vous soyez ou non propri\u00e9taire des palettes ou d'autres RTI n'a pas d'importance ici. Vous recherchez l'efficacit\u00e9, la qualit\u00e9 de la cha\u00eene logistique et une utilisation plus durable de tous les supports de charge utilis\u00e9s.<\/p>\n\n\n\n<div class=\"wp-block-buttons is-layout-flex wp-block-buttons-is-layout-flex\">\n<div class=\"wp-block-button\"><a class=\"wp-block-button__link has-white-color has-green-background-color has-text-color has-background has-link-color wp-element-button\" href=\"https:\/\/portal.pct-online.eu\/register\" target=\"_blank\" rel=\"noreferrer noopener\">Activer votre compte<\/a><\/div>\n<\/div>\n<\/div>\n<\/div>\n\n\n\n<hr class=\"wp-block-separator has-alpha-channel-opacity\"\/>\n\n\n\n<div class=\"wp-block-columns are-vertically-aligned-center is-layout-flex wp-container-core-columns-is-layout-28f84493 wp-block-columns-is-layout-flex\">\n<div class=\"wp-block-column is-vertically-aligned-center is-layout-flow wp-block-column-is-layout-flow\">\n<figure class=\"wp-block-image size-full\"><img fetchpriority=\"high\" decoding=\"async\" width=\"579\" height=\"298\" src=\"http:\/\/www.palletcontroltower.eu\/wp-content\/uploads\/2023\/12\/PCT_unloading.jpg\" alt=\"Pas de temps d&#039;attente pour les conducteurs gr\u00e2ce \u00e0 l&#039;\u00e9change virtuel dans le PCTO\" class=\"wp-image-808\" style=\"aspect-ratio:3\/4;object-fit:cover\" srcset=\"https:\/\/www.palletcontroltower.eu\/wp-content\/uploads\/2023\/12\/PCT_unloading.jpg 579w, https:\/\/www.palletcontroltower.eu\/wp-content\/uploads\/2023\/12\/PCT_unloading-300x154.jpg 300w, https:\/\/www.palletcontroltower.eu\/wp-content\/uploads\/2023\/12\/PCT_unloading-18x9.jpg 18w\" sizes=\"(max-width: 579px) 100vw, 579px\" \/><\/figure>\n<\/div>\n\n\n\n<div class=\"wp-block-column is-vertically-aligned-center is-layout-flow wp-block-column-is-layout-flow\">\n<h2 class=\"wp-block-heading\">Gestion efficace et efficiente des palettes<\/h2>\n\n\n\n<ol class=\"wp-block-list\">\n<li><strong>Conducteur soulag\u00e9<\/strong> - Nous connaissons mieux que quiconque la pression qui p\u00e8se sur la cha\u00eene logistique en Europe et les d\u00e9lais serr\u00e9s. Nous savons \u00e9galement qu'il n'y a pratiquement pas de temps pour \u00e9changer des palettes et d'autres RTI sur place. Outre les connaissances et les comp\u00e9tences que les chauffeurs doivent poss\u00e9der en mati\u00e8re d'ex\u00e9cution et de qualit\u00e9, l'utilisation de PCT Online r\u00e9sout de nombreux probl\u00e8mes. L'utilisation de PCT Online r\u00e9sout de nombreux probl\u00e8mes. &nbsp;<\/li>\n\n\n\n<li><strong>Rentabilit\u00e9<\/strong> - Gr\u00e2ce \u00e0 notre syst\u00e8me de cr\u00e9dit \u00e9lectronique, les palettes peuvent \u00eatre \"\u00e9chang\u00e9es\" num\u00e9riquement dans toute l'Europe. Pour vous, cela signifie qu'il n'y a pas de camion rempli de palettes vides. Et donc toujours un fret de retour avec une cargaison de valeur. Les palettes usag\u00e9es sont tri\u00e9es et \u00e9valu\u00e9es s\u00e9par\u00e9ment. Cette valeur repr\u00e9sente un certain nombre de cr\u00e9dits \u00e9lectroniques. La valeur de l'e-cr\u00e9dit est li\u00e9e \u00e0 l'indice EUWID, une norme largement accept\u00e9e en Europe.<\/li>\n\n\n\n<li><strong>Palettes de qualit\u00e9<\/strong> - D'ailleurs, nous n'utilisons que des europalettes et des RTI dans notre syst\u00e8me. Cela garantit la qualit\u00e9 et l'ex\u00e9cution. D'autant plus que vos entrep\u00f4ts automatis\u00e9s exigent des palettes standardis\u00e9es de qualit\u00e9 A ou des palettes neuves. Finies donc les discussions et les pertes de temps inutiles. Et en cas de litige, nos account managers v\u00e9rifient apr\u00e8s coup.<\/li>\n\n\n\n<li><strong>Vue d'ensemble<\/strong> - Avec PCT Online, vous r\u00e9duisez le nombre de relations administratives \u00e0 une seule, tout en augmentant votre r\u00e9seau de plusieurs dizaines. Vous d\u00e9cidez des emplacements des clients, des fournisseurs et des autres relations \u00e0 inclure dans l'administration standard. Vous pouvez ainsi g\u00e9rer les demandes et les commandes comme vous l'entendez. Vous avez d\u00e9j\u00e0 un client r\u00e9gulier pour les palettes ? Faites-en votre fournisseur privil\u00e9gi\u00e9.<\/li>\n\n\n\n<li><strong>Rapide, s\u00fbr et facile<\/strong> - La plateforme fonctionne dans le nuage et s'utilise sur ordinateur de bureau, ordinateur portable, tablette et smartphone. Les \u00e9crans sont simples et faciles \u00e0 consulter en plusieurs langues, dont l'anglais, l'allemand, le fran\u00e7ais et le polonais. La plateforme est s\u00e9curis\u00e9e et chaque modification est enregistr\u00e9e. Elle peut \u00e9galement \u00eatre reli\u00e9e \u00e0 n'importe quel syst\u00e8me ERP, VMS et WMS. Avec PCT Online, vous \u00e9vitez les discussions inutiles sur la qualit\u00e9, les quantit\u00e9s et les soldes.<\/li>\n\n\n\n<li><strong>Options suppl\u00e9mentaires<\/strong> - Ne vous contentez pas d'utiliser PCT Online, utilisez-le \u00e9galement de mani\u00e8re intelligente pour d\u00e9charger vos clients. Organisez la collecte et la livraison dans toute l'Europe avec l'aide d'entreprises coll\u00e8gues affili\u00e9es. \u00c9vitez les d\u00e9placements inutiles et co\u00fbteux et passez vos commandes via la plateforme. Les cr\u00e9dits \u00e9lectroniques vous permettent d'effectuer facilement des achats lorsque vos clients ont besoin de palettes.<\/li>\n<\/ol>\n<\/div>\n<\/div>\n\n\n\n<div class=\"wp-block-buttons is-content-justification-right is-layout-flex wp-container-core-buttons-is-layout-d445cf74 wp-block-buttons-is-layout-flex\">\n<div class=\"wp-block-button\"><a class=\"wp-block-button__link has-white-color has-mint-background-color has-text-color has-background has-link-color wp-element-button\" href=\"http:\/\/www.palletcontroltower.eu\/wp-content\/uploads\/2024\/01\/PCT_Leaflet_Chauffeur_NL_PR8.pdf\" target=\"_blank\" rel=\"noreferrer noopener\">T\u00e9l\u00e9charger le d\u00e9pliant<\/a><\/div>\n<\/div>\n\n\n\n<hr class=\"wp-block-separator has-alpha-channel-opacity\"\/>\n\n\n\n<blockquote class=\"wp-block-quote is-layout-flow wp-block-quote-is-layout-flow\">\n<p class=\"has-text-align-center\">Pr\u00e9venez le stress des palettes ! Pallet Control Tower est la norme europ\u00e9enne et la plateforme de collecte et de livraison par appariement pour les europalettes et autres ATC. Nous facilitons la mise en commun de A \u00e0 Z et rendons la logistique des palettes \u00e0 nouveau g\u00e9rable. <\/p>\n<\/blockquote>\n\n\n\n<hr class=\"wp-block-separator has-alpha-channel-opacity\"\/>\n\n\n\n<figure class=\"wp-block-image size-full\"><img decoding=\"async\" width=\"1600\" height=\"1066\" src=\"http:\/\/www.palletcontroltower.eu\/wp-content\/uploads\/2023\/11\/palletcontroltower-2.jpg\" alt=\"\" class=\"wp-image-207\" style=\"aspect-ratio:16\/9;object-fit:cover\" srcset=\"https:\/\/www.palletcontroltower.eu\/wp-content\/uploads\/2023\/11\/palletcontroltower-2.jpg 1600w, https:\/\/www.palletcontroltower.eu\/wp-content\/uploads\/2023\/11\/palletcontroltower-2-300x200.jpg 300w, https:\/\/www.palletcontroltower.eu\/wp-content\/uploads\/2023\/11\/palletcontroltower-2-1024x682.jpg 1024w, https:\/\/www.palletcontroltower.eu\/wp-content\/uploads\/2023\/11\/palletcontroltower-2-768x512.jpg 768w, https:\/\/www.palletcontroltower.eu\/wp-content\/uploads\/2023\/11\/palletcontroltower-2-1536x1023.jpg 1536w\" sizes=\"(max-width: 1600px) 100vw, 1600px\" \/><\/figure>\n\n\n\n<hr class=\"wp-block-separator has-alpha-channel-opacity\"\/>\n\n\n\n<div class=\"wp-block-columns is-layout-flex wp-container-core-columns-is-layout-28f84493 wp-block-columns-is-layout-flex\"><\/div>","protected":false},"excerpt":{"rendered":"<p>Tijd \u00e9n kwaliteit U bent een transportbedrijf, vervoerder of logistieke dienstverlener al dan niet met een eigen DC. Europa, Azi\u00eb, VS en\/of Canada is uw markt. Palletruil door chauffeurs ter plekke is veelal geen optie. Tijd is immers geld. Maar de kwaliteit van de pallet is ook kritisch voor een geautomatiseerd DC. PCT is te [&hellip;]<\/p>\n","protected":false},"author":1,"featured_media":0,"parent":25,"menu_order":4,"comment_status":"closed","ping_status":"closed","template":"","meta":{"footnotes":""},"class_list":["post-31","page","type-page","status-publish","hentry"],"yoast_head":"<!-- This site is optimized with the Yoast SEO plugin v27.6 - https:\/\/yoast.com\/product\/yoast-seo-wordpress\/ -->\n<title>Voor vervoerders\/DC&#039;s - Pallet Control Tower<\/title>\n<meta name=\"description\" content=\"De voordelen voor vervoerders en dc&#039;s zijn o.a.: chauffeurs ontlast, kosteneffectief, kwaliteitspallets, overzicht, snel-veilig-gemakkelijk\" \/>\n<meta name=\"robots\" content=\"index, follow, max-snippet:-1, max-image-preview:large, max-video-preview:-1\" \/>\n<link rel=\"canonical\" href=\"https:\/\/www.palletcontroltower.eu\/fr\/mon-avantage\/pour-les-transporteurs-dcs\/\" \/>\n<meta property=\"og:locale\" content=\"fr_FR\" \/>\n<meta property=\"og:type\" content=\"article\" \/>\n<meta property=\"og:title\" content=\"Voor vervoerders\/DC&#039;s - Pallet Control Tower\" \/>\n<meta property=\"og:description\" content=\"De voordelen voor vervoerders en dc&#039;s zijn o.a.: chauffeurs ontlast, kosteneffectief, kwaliteitspallets, overzicht, snel-veilig-gemakkelijk\" \/>\n<meta property=\"og:url\" content=\"https:\/\/www.palletcontroltower.eu\/fr\/mon-avantage\/pour-les-transporteurs-dcs\/\" \/>\n<meta property=\"og:site_name\" content=\"Pallet Control Tower\" \/>\n<meta property=\"article:modified_time\" content=\"2026-01-30T09:47:49+00:00\" \/>\n<meta property=\"og:image\" content=\"https:\/\/www.palletcontroltower.eu\/wp-content\/uploads\/2023\/12\/PCT_unloading.jpg\" \/>\n\t<meta property=\"og:image:width\" content=\"579\" \/>\n\t<meta property=\"og:image:height\" content=\"298\" \/>\n\t<meta property=\"og:image:type\" content=\"image\/jpeg\" \/>\n<meta name=\"twitter:card\" content=\"summary_large_image\" \/>\n<meta name=\"twitter:label1\" content=\"Dur\u00e9e de lecture estim\u00e9e\" \/>\n\t<meta name=\"twitter:data1\" content=\"3 minutes\" \/>\n<script type=\"application\/ld+json\" class=\"yoast-schema-graph\">{\"@context\":\"https:\\\/\\\/schema.org\",\"@graph\":[{\"@type\":\"WebPage\",\"@id\":\"https:\\\/\\\/www.palletcontroltower.eu\\\/mijn-voordeel\\\/voor-vervoerders-dcs\\\/\",\"url\":\"https:\\\/\\\/www.palletcontroltower.eu\\\/mijn-voordeel\\\/voor-vervoerders-dcs\\\/\",\"name\":\"Voor vervoerders\\\/DC's - Pallet Control Tower\",\"isPartOf\":{\"@id\":\"https:\\\/\\\/www.palletcontroltower.eu\\\/#website\"},\"primaryImageOfPage\":{\"@id\":\"https:\\\/\\\/www.palletcontroltower.eu\\\/mijn-voordeel\\\/voor-vervoerders-dcs\\\/#primaryimage\"},\"image\":{\"@id\":\"https:\\\/\\\/www.palletcontroltower.eu\\\/mijn-voordeel\\\/voor-vervoerders-dcs\\\/#primaryimage\"},\"thumbnailUrl\":\"http:\\\/\\\/www.palletcontroltower.eu\\\/wp-content\\\/uploads\\\/2023\\\/12\\\/PCT_unloading.jpg\",\"datePublished\":\"2023-11-22T08:00:36+00:00\",\"dateModified\":\"2026-01-30T09:47:49+00:00\",\"description\":\"De voordelen voor vervoerders en dc's zijn o.a.: chauffeurs ontlast, kosteneffectief, kwaliteitspallets, overzicht, snel-veilig-gemakkelijk\",\"breadcrumb\":{\"@id\":\"https:\\\/\\\/www.palletcontroltower.eu\\\/mijn-voordeel\\\/voor-vervoerders-dcs\\\/#breadcrumb\"},\"inLanguage\":\"fr-FR\",\"potentialAction\":[{\"@type\":\"ReadAction\",\"target\":[\"https:\\\/\\\/www.palletcontroltower.eu\\\/mijn-voordeel\\\/voor-vervoerders-dcs\\\/\"]}]},{\"@type\":\"ImageObject\",\"inLanguage\":\"fr-FR\",\"@id\":\"https:\\\/\\\/www.palletcontroltower.eu\\\/mijn-voordeel\\\/voor-vervoerders-dcs\\\/#primaryimage\",\"url\":\"http:\\\/\\\/www.palletcontroltower.eu\\\/wp-content\\\/uploads\\\/2023\\\/12\\\/PCT_unloading.jpg\",\"contentUrl\":\"http:\\\/\\\/www.palletcontroltower.eu\\\/wp-content\\\/uploads\\\/2023\\\/12\\\/PCT_unloading.jpg\"},{\"@type\":\"BreadcrumbList\",\"@id\":\"https:\\\/\\\/www.palletcontroltower.eu\\\/mijn-voordeel\\\/voor-vervoerders-dcs\\\/#breadcrumb\",\"itemListElement\":[{\"@type\":\"ListItem\",\"position\":1,\"name\":\"Home\",\"item\":\"https:\\\/\\\/www.palletcontroltower.eu\\\/\"},{\"@type\":\"ListItem\",\"position\":2,\"name\":\"Mijn voordeel\",\"item\":\"https:\\\/\\\/www.palletcontroltower.eu\\\/pl\\\/mijn-voordeel\\\/\"},{\"@type\":\"ListItem\",\"position\":3,\"name\":\"Voor vervoerders\\\/DC&#8217;s\"}]},{\"@type\":\"WebSite\",\"@id\":\"https:\\\/\\\/www.palletcontroltower.eu\\\/#website\",\"url\":\"https:\\\/\\\/www.palletcontroltower.eu\\\/\",\"name\":\"Pallet Control Tower\",\"description\":\"\",\"publisher\":{\"@id\":\"https:\\\/\\\/www.palletcontroltower.eu\\\/#organization\"},\"potentialAction\":[{\"@type\":\"SearchAction\",\"target\":{\"@type\":\"EntryPoint\",\"urlTemplate\":\"https:\\\/\\\/www.palletcontroltower.eu\\\/?s={search_term_string}\"},\"query-input\":{\"@type\":\"PropertyValueSpecification\",\"valueRequired\":true,\"valueName\":\"search_term_string\"}}],\"inLanguage\":\"fr-FR\"},{\"@type\":\"Organization\",\"@id\":\"https:\\\/\\\/www.palletcontroltower.eu\\\/#organization\",\"name\":\"Pallet Control Tower\",\"url\":\"https:\\\/\\\/www.palletcontroltower.eu\\\/\",\"logo\":{\"@type\":\"ImageObject\",\"inLanguage\":\"fr-FR\",\"@id\":\"https:\\\/\\\/www.palletcontroltower.eu\\\/#\\\/schema\\\/logo\\\/image\\\/\",\"url\":\"https:\\\/\\\/www.palletcontroltower.eu\\\/wp-content\\\/uploads\\\/2023\\\/10\\\/logo.svg\",\"contentUrl\":\"https:\\\/\\\/www.palletcontroltower.eu\\\/wp-content\\\/uploads\\\/2023\\\/10\\\/logo.svg\",\"width\":290,\"height\":87,\"caption\":\"Pallet Control Tower\"},\"image\":{\"@id\":\"https:\\\/\\\/www.palletcontroltower.eu\\\/#\\\/schema\\\/logo\\\/image\\\/\"}}]}<\/script>\n<!-- \/ Yoast SEO plugin. -->","yoast_head_json":{"title":"Pour les transporteurs\/DC - Tour de contr\u00f4le des palettes","description":"Les avantages pour les transporteurs et les centres de distribution sont les suivants : conducteurs soulag\u00e9s, rentabilit\u00e9, palettes de qualit\u00e9, vue d'ensemble, rapide-s\u00fbr-facile.","robots":{"index":"index","follow":"follow","max-snippet":"max-snippet:-1","max-image-preview":"max-image-preview:large","max-video-preview":"max-video-preview:-1"},"canonical":"https:\/\/www.palletcontroltower.eu\/fr\/mon-avantage\/pour-les-transporteurs-dcs\/","og_locale":"fr_FR","og_type":"article","og_title":"Voor vervoerders\/DC's - Pallet Control Tower","og_description":"De voordelen voor vervoerders en dc's zijn o.a.: chauffeurs ontlast, kosteneffectief, kwaliteitspallets, overzicht, snel-veilig-gemakkelijk","og_url":"https:\/\/www.palletcontroltower.eu\/fr\/mon-avantage\/pour-les-transporteurs-dcs\/","og_site_name":"Pallet Control Tower","article_modified_time":"2026-01-30T09:47:49+00:00","og_image":[{"width":579,"height":298,"url":"https:\/\/www.palletcontroltower.eu\/wp-content\/uploads\/2023\/12\/PCT_unloading.jpg","type":"image\/jpeg"}],"twitter_card":"summary_large_image","twitter_misc":{"Dur\u00e9e de lecture estim\u00e9e":"3 minutes"},"schema":{"@context":"https:\/\/schema.org","@graph":[{"@type":"WebPage","@id":"https:\/\/www.palletcontroltower.eu\/mijn-voordeel\/voor-vervoerders-dcs\/","url":"https:\/\/www.palletcontroltower.eu\/mijn-voordeel\/voor-vervoerders-dcs\/","name":"Pour les transporteurs\/DC - Tour de contr\u00f4le des palettes","isPartOf":{"@id":"https:\/\/www.palletcontroltower.eu\/#website"},"primaryImageOfPage":{"@id":"https:\/\/www.palletcontroltower.eu\/mijn-voordeel\/voor-vervoerders-dcs\/#primaryimage"},"image":{"@id":"https:\/\/www.palletcontroltower.eu\/mijn-voordeel\/voor-vervoerders-dcs\/#primaryimage"},"thumbnailUrl":"http:\/\/www.palletcontroltower.eu\/wp-content\/uploads\/2023\/12\/PCT_unloading.jpg","datePublished":"2023-11-22T08:00:36+00:00","dateModified":"2026-01-30T09:47:49+00:00","description":"Les avantages pour les transporteurs et les centres de distribution sont les suivants : conducteurs soulag\u00e9s, rentabilit\u00e9, palettes de qualit\u00e9, vue d'ensemble, rapide-s\u00fbr-facile.","breadcrumb":{"@id":"https:\/\/www.palletcontroltower.eu\/mijn-voordeel\/voor-vervoerders-dcs\/#breadcrumb"},"inLanguage":"fr-FR","potentialAction":[{"@type":"ReadAction","target":["https:\/\/www.palletcontroltower.eu\/mijn-voordeel\/voor-vervoerders-dcs\/"]}]},{"@type":"ImageObject","inLanguage":"fr-FR","@id":"https:\/\/www.palletcontroltower.eu\/mijn-voordeel\/voor-vervoerders-dcs\/#primaryimage","url":"http:\/\/www.palletcontroltower.eu\/wp-content\/uploads\/2023\/12\/PCT_unloading.jpg","contentUrl":"http:\/\/www.palletcontroltower.eu\/wp-content\/uploads\/2023\/12\/PCT_unloading.jpg"},{"@type":"BreadcrumbList","@id":"https:\/\/www.palletcontroltower.eu\/mijn-voordeel\/voor-vervoerders-dcs\/#breadcrumb","itemListElement":[{"@type":"ListItem","position":1,"name":"Home","item":"https:\/\/www.palletcontroltower.eu\/"},{"@type":"ListItem","position":2,"name":"Mijn voordeel","item":"https:\/\/www.palletcontroltower.eu\/pl\/mijn-voordeel\/"},{"@type":"ListItem","position":3,"name":"Voor vervoerders\/DC&#8217;s"}]},{"@type":"WebSite","@id":"https:\/\/www.palletcontroltower.eu\/#website","url":"https:\/\/www.palletcontroltower.eu\/","name":"Tour de contr\u00f4le des palettes","description":"","publisher":{"@id":"https:\/\/www.palletcontroltower.eu\/#organization"},"potentialAction":[{"@type":"SearchAction","target":{"@type":"EntryPoint","urlTemplate":"https:\/\/www.palletcontroltower.eu\/?s={search_term_string}"},"query-input":{"@type":"PropertyValueSpecification","valueRequired":true,"valueName":"search_term_string"}}],"inLanguage":"fr-FR"},{"@type":"Organization","@id":"https:\/\/www.palletcontroltower.eu\/#organization","name":"Tour de contr\u00f4le des palettes","url":"https:\/\/www.palletcontroltower.eu\/","logo":{"@type":"ImageObject","inLanguage":"fr-FR","@id":"https:\/\/www.palletcontroltower.eu\/#\/schema\/logo\/image\/","url":"https:\/\/www.palletcontroltower.eu\/wp-content\/uploads\/2023\/10\/logo.svg","contentUrl":"https:\/\/www.palletcontroltower.eu\/wp-content\/uploads\/2023\/10\/logo.svg","width":290,"height":87,"caption":"Pallet Control Tower"},"image":{"@id":"https:\/\/www.palletcontroltower.eu\/#\/schema\/logo\/image\/"}}]}},"_links":{"self":[{"href":"https:\/\/www.palletcontroltower.eu\/fr\/wp-json\/wp\/v2\/pages\/31","targetHints":{"allow":["GET"]}}],"collection":[{"href":"https:\/\/www.palletcontroltower.eu\/fr\/wp-json\/wp\/v2\/pages"}],"about":[{"href":"https:\/\/www.palletcontroltower.eu\/fr\/wp-json\/wp\/v2\/types\/page"}],"author":[{"embeddable":true,"href":"https:\/\/www.palletcontroltower.eu\/fr\/wp-json\/wp\/v2\/users\/1"}],"replies":[{"embeddable":true,"href":"https:\/\/www.palletcontroltower.eu\/fr\/wp-json\/wp\/v2\/comments?post=31"}],"version-history":[{"count":13,"href":"https:\/\/www.palletcontroltower.eu\/fr\/wp-json\/wp\/v2\/pages\/31\/revisions"}],"predecessor-version":[{"id":1231,"href":"https:\/\/www.palletcontroltower.eu\/fr\/wp-json\/wp\/v2\/pages\/31\/revisions\/1231"}],"up":[{"embeddable":true,"href":"https:\/\/www.palletcontroltower.eu\/fr\/wp-json\/wp\/v2\/pages\/25"}],"wp:attachment":[{"href":"https:\/\/www.palletcontroltower.eu\/fr\/wp-json\/wp\/v2\/media?parent=31"}],"curies":[{"name":"wp","href":"https:\/\/api.w.org\/{rel}","templated":true}]}}