{"id":33,"date":"2023-11-22T08:01:30","date_gmt":"2023-11-22T08:01:30","guid":{"rendered":"http:\/\/www.palletcontroltower.eu\/?page_id=33"},"modified":"2026-01-30T09:46:29","modified_gmt":"2026-01-30T09:46:29","slug":"pour-les-depots-de-palettes","status":"publish","type":"page","link":"https:\/\/www.palletcontroltower.eu\/fr\/mijn-voordeel\/voor-palletdepots\/","title":{"rendered":"Pour les d\u00e9p\u00f4ts de palettes"},"content":{"rendered":"<div class=\"wp-block-columns is-layout-flex wp-container-core-columns-is-layout-28f84493 wp-block-columns-is-layout-flex\">\n<div class=\"wp-block-column is-layout-flow wp-block-column-is-layout-flow\">\n<h2 class=\"wp-block-heading\">Servir votre march\u00e9 de mani\u00e8re intelligente<\/h2>\n\n\n\n<p>Vous \u00eates n\u00e9gociant en palettes, producteur de palettes ou d\u00e9positaire de palettes en Europe, en Asie ou en Am\u00e9rique\/Canada. PCT Online vous permettra d'\u00e9largir votre march\u00e9.<\/p>\n\n\n\n<p>PCT Online est pr\u00e9sent dans tous les types d'industries, ce qui lui permet d'\u00eatre \u00e0 l'aise sur tous les march\u00e9s. De grands utilisateurs de palettes du monde entier utilisent notre plateforme. Ils recherchent la transparence dans la cha\u00eene et un d\u00e9ploiement plus durable de tous les transporteurs de charge utilis\u00e9s. <\/p>\n\n\n\n<p>Servez votre client international ou mondial et cr\u00e9ez un r\u00e9seau avec vos coll\u00e8gues en Europe ou \u00e0 l'\u00e9tranger. Commandez les palettes n\u00e9cessaires localement par le biais d'un ordre de livraison et \u00e9vitez les co\u00fbts de transport inutiles des camions ou des conteneurs contenant uniquement des palettes. Soyez durable et intelligent ! <\/p>\n\n\n\n<div class=\"wp-block-buttons is-layout-flex wp-block-buttons-is-layout-flex\">\n<div class=\"wp-block-button\"><a class=\"wp-block-button__link has-white-color has-green-background-color has-text-color has-background has-link-color wp-element-button\" href=\"https:\/\/portal.pct-online.eu\/register\" target=\"_blank\" rel=\"noreferrer noopener\">Activer votre compte<\/a><\/div>\n<\/div>\n<\/div>\n<\/div>\n\n\n\n<hr class=\"wp-block-separator has-alpha-channel-opacity\"\/>\n\n\n\n<div class=\"wp-block-columns are-vertically-aligned-center is-layout-flex wp-container-core-columns-is-layout-28f84493 wp-block-columns-is-layout-flex\">\n<div class=\"wp-block-column is-vertically-aligned-center is-layout-flow wp-block-column-is-layout-flow\">\n<figure class=\"wp-block-image size-full\"><img fetchpriority=\"high\" decoding=\"async\" width=\"1000\" height=\"667\" src=\"http:\/\/www.palletcontroltower.eu\/wp-content\/uploads\/2023\/12\/PCT_EPAL_storage.jpg\" alt=\"Efficacit\u00e9 optimale de l&#039;entreposage gr\u00e2ce aux europalettes EPAL\" class=\"wp-image-807\" style=\"aspect-ratio:3\/4;object-fit:cover\" srcset=\"https:\/\/www.palletcontroltower.eu\/wp-content\/uploads\/2023\/12\/PCT_EPAL_storage.jpg 1000w, https:\/\/www.palletcontroltower.eu\/wp-content\/uploads\/2023\/12\/PCT_EPAL_storage-300x200.jpg 300w, https:\/\/www.palletcontroltower.eu\/wp-content\/uploads\/2023\/12\/PCT_EPAL_storage-768x512.jpg 768w, https:\/\/www.palletcontroltower.eu\/wp-content\/uploads\/2023\/12\/PCT_EPAL_storage-18x12.jpg 18w\" sizes=\"(max-width: 1000px) 100vw, 1000px\" \/><\/figure>\n<\/div>\n\n\n\n<div class=\"wp-block-column is-vertically-aligned-center is-layout-flow wp-block-column-is-layout-flow\">\n<h2 class=\"wp-block-heading\">Gestion efficace et efficiente des palettes<\/h2>\n\n\n\n<ol class=\"wp-block-list\">\n<li><strong>Cha\u00eene logistique int\u00e9grale<\/strong> - Les flux de palettes en Europe deviennent de plus en plus complexes et donc de plus en plus int\u00e9ressants pour les n\u00e9gociants en palettes et les d\u00e9p\u00f4ts. Pallet Control Tower Online (PCTO) apporte de la clart\u00e9 et \u00e9largit vos r\u00e9seaux.<\/li>\n\n\n\n<li><strong>Plus de commerce<\/strong> - PCT Online facilite la collecte, la livraison et l'appariement de mani\u00e8re intelligente. Gr\u00e2ce \u00e0 notre syst\u00e8me de cr\u00e9dit \u00e9lectronique exclusif, les europalettes et autres RTI peuvent \u00eatre achet\u00e9es, vendues ou virtuellement appari\u00e9es. Les clients passent une commande et le syst\u00e8me la transmet \u00e0 vous, le fournisseur de palettes connect\u00e9. Le client voit automatiquement votre offre et fait son choix en fonction du prix, de la durabilit\u00e9 (empreinte CO2) ou du \u2018fournisseur pr\u00e9f\u00e9r\u00e9\u2019. En activant votre compte dans PCT Online, vous augmentez votre r\u00e9seau et donc vos chances de r\u00e9aliser des ventes suppl\u00e9mentaires.<\/li>\n\n\n\n<li><strong>Des accords clairs<\/strong> - De plus en plus d'entreprises subissent le stress des palettes \u00e0 cause de leurs relev\u00e9s manuels et cr\u00e9\u00e9s par Excel. Elles veulent reprendre le contr\u00f4le. Quelles palettes, combien de palettes, o\u00f9 et avec quels accords ? Avec la fluctuation des volumes et des prix des palettes, les co\u00fbts et les revenus deviennent des \u00e9l\u00e9ments importants pour tous les utilisateurs de palettes.<\/li>\n\n\n\n<li><strong>Valeur des palettes usag\u00e9es<\/strong> - Ne discutez plus jamais de la valeur d'une palette usag\u00e9e. Les palettes sont tri\u00e9es et valoris\u00e9es par vos soins apr\u00e8s la collecte. Pour le client, cette valeur repr\u00e9sente un certain nombre de cr\u00e9dits \u00e9lectroniques. La valeur de l'e-cr\u00e9dit est li\u00e9e \u00e0 l'indice EUWID, la norme largement accept\u00e9e en Europe. En cas de discussion, nos gestionnaires de comptes viendront \u00e9valuer la situation.<\/li>\n\n\n\n<li><strong>Rapide, facile et s\u00fbr<\/strong> - Apr\u00e8s accord et ex\u00e9cution correcte de la commande, vous serez pay\u00e9 dans les 8 jours gr\u00e2ce \u00e0 notre syst\u00e8me d'auto-facturation. La plateforme est s\u00e9curis\u00e9e pour toutes les transactions et enregistre avec pr\u00e9cision chaque \u00e9change. Nous offrons, en plusieurs langues, une interface conviviale avec un minimum de complexit\u00e9. PCT Online peut \u00eatre reli\u00e9 \u00e0 n'importe quel syst\u00e8me ERP, VMS et WMS.<\/li>\n\n\n\n<li><strong>Services internationaux<\/strong> - Si vous avez des clients internationaux, PCT Online est \u00e9galement id\u00e9al. \u00c9tendez votre compte \"fournisseur\" \u00e0 \"utilisateur\" et s\u00e9lectionnez un autre fournisseur de palettes en Europe pour ex\u00e9cuter un ordre d'enl\u00e8vement ou de livraison. Vous \u00e9vitez ainsi des d\u00e9placements inutiles \u00e0 travers l'Europe avec des camions remplis de palettes vides. Le paiement est effectu\u00e9 en cr\u00e9dits \u00e9lectroniques exempts de TVA. Cette solution est \u00e0 la fois plus rentable et plus durable.<\/li>\n<\/ol>\n\n\n\n<div class=\"wp-block-buttons is-content-justification-right is-layout-flex wp-container-core-buttons-is-layout-d445cf74 wp-block-buttons-is-layout-flex\"><\/div>\n<\/div>\n<\/div>\n\n\n\n<div class=\"wp-block-buttons is-content-justification-right is-layout-flex wp-container-core-buttons-is-layout-d445cf74 wp-block-buttons-is-layout-flex\">\n<div class=\"wp-block-button\"><a class=\"wp-block-button__link has-white-color has-mint-background-color has-text-color has-background has-link-color wp-element-button\" href=\"http:\/\/www.palletcontroltower.eu\/wp-content\/uploads\/2024\/01\/PCT_Leaflet_Depot_NL_PR8.pdf\" target=\"_blank\" rel=\"noreferrer noopener\">T\u00e9l\u00e9charger le d\u00e9pliant<\/a><\/div>\n<\/div>\n\n\n\n<hr class=\"wp-block-separator has-alpha-channel-opacity\"\/>\n\n\n\n<blockquote class=\"wp-block-quote is-layout-flow wp-block-quote-is-layout-flow\">\n<p class=\"has-text-align-center\">Pr\u00e9venez le stress des palettes ! Pallet Control Tower est la norme europ\u00e9enne et la plateforme de collecte et de livraison par appariement pour les europalettes et autres RTI. Nous facilitons la mise en commun ouverte de A \u00e0 Z et rendons la logistique des palettes \u00e0 nouveau g\u00e9rable.<\/p>\n<\/blockquote>\n\n\n\n<hr class=\"wp-block-separator has-alpha-channel-opacity\"\/>\n\n\n\n<figure class=\"wp-block-image size-full\"><img decoding=\"async\" width=\"1600\" height=\"1066\" src=\"http:\/\/www.palletcontroltower.eu\/wp-content\/uploads\/2023\/11\/palletcontroltower-2.jpg\" alt=\"\" class=\"wp-image-207\" style=\"aspect-ratio:16\/9;object-fit:cover\" srcset=\"https:\/\/www.palletcontroltower.eu\/wp-content\/uploads\/2023\/11\/palletcontroltower-2.jpg 1600w, https:\/\/www.palletcontroltower.eu\/wp-content\/uploads\/2023\/11\/palletcontroltower-2-300x200.jpg 300w, https:\/\/www.palletcontroltower.eu\/wp-content\/uploads\/2023\/11\/palletcontroltower-2-1024x682.jpg 1024w, https:\/\/www.palletcontroltower.eu\/wp-content\/uploads\/2023\/11\/palletcontroltower-2-768x512.jpg 768w, https:\/\/www.palletcontroltower.eu\/wp-content\/uploads\/2023\/11\/palletcontroltower-2-1536x1023.jpg 1536w\" sizes=\"(max-width: 1600px) 100vw, 1600px\" \/><\/figure>\n\n\n\n<hr class=\"wp-block-separator has-alpha-channel-opacity\"\/>\n\n\n\n<div class=\"wp-block-columns is-layout-flex wp-container-core-columns-is-layout-28f84493 wp-block-columns-is-layout-flex\"><\/div>","protected":false},"excerpt":{"rendered":"<p>Service uw markt op een slimme manier U bent pallethandelaar &#8211; palletproducent &#8211; palletdepot binnen Europa, Azi\u00eb of Amerika\/Canada. Dan is PCT Online een verbreding en vergroting van uw markt. PCT Online is te vinden in alle soorten van industrie\u00ebn en is daarmee van alle markten thuis. Grote palletgebruikers van over de hele wereld maken [&hellip;]<\/p>\n","protected":false},"author":1,"featured_media":0,"parent":25,"menu_order":3,"comment_status":"closed","ping_status":"closed","template":"","meta":{"footnotes":""},"class_list":["post-33","page","type-page","status-publish","hentry"],"yoast_head":"<!-- This site is optimized with the Yoast SEO plugin v27.3 - https:\/\/yoast.com\/product\/yoast-seo-wordpress\/ -->\n<title>Voor palletdepots - Pallet Control Tower<\/title>\n<meta name=\"description\" content=\"Voor palletdepots zijn de voordelen o.a.: integrale logistieke keten, meer handel, heldere afspraken, waarde gebruikte pallets\" \/>\n<meta name=\"robots\" content=\"index, follow, max-snippet:-1, max-image-preview:large, max-video-preview:-1\" \/>\n<link rel=\"canonical\" href=\"https:\/\/www.palletcontroltower.eu\/fr\/mon-avantage\/pour-les-depots-de-palettes\/\" \/>\n<meta property=\"og:locale\" content=\"fr_FR\" \/>\n<meta property=\"og:type\" content=\"article\" \/>\n<meta property=\"og:title\" content=\"Voor palletdepots - Pallet Control Tower\" \/>\n<meta property=\"og:description\" content=\"Voor palletdepots zijn de voordelen o.a.: integrale logistieke keten, meer handel, heldere afspraken, waarde gebruikte pallets\" \/>\n<meta property=\"og:url\" content=\"https:\/\/www.palletcontroltower.eu\/fr\/mon-avantage\/pour-les-depots-de-palettes\/\" \/>\n<meta property=\"og:site_name\" content=\"Pallet Control Tower\" \/>\n<meta property=\"article:modified_time\" content=\"2026-01-30T09:46:29+00:00\" \/>\n<meta property=\"og:image\" content=\"https:\/\/www.palletcontroltower.eu\/wp-content\/uploads\/2023\/12\/PCT_EPAL_storage.jpg\" \/>\n\t<meta property=\"og:image:width\" content=\"1000\" \/>\n\t<meta property=\"og:image:height\" content=\"667\" \/>\n\t<meta property=\"og:image:type\" content=\"image\/jpeg\" \/>\n<meta name=\"twitter:card\" content=\"summary_large_image\" \/>\n<meta name=\"twitter:label1\" content=\"Dur\u00e9e de lecture estim\u00e9e\" \/>\n\t<meta name=\"twitter:data1\" content=\"3 minutes\" \/>\n<script type=\"application\/ld+json\" class=\"yoast-schema-graph\">{\"@context\":\"https:\\\/\\\/schema.org\",\"@graph\":[{\"@type\":\"WebPage\",\"@id\":\"https:\\\/\\\/www.palletcontroltower.eu\\\/mijn-voordeel\\\/voor-palletdepots\\\/\",\"url\":\"https:\\\/\\\/www.palletcontroltower.eu\\\/mijn-voordeel\\\/voor-palletdepots\\\/\",\"name\":\"Voor palletdepots - Pallet Control Tower\",\"isPartOf\":{\"@id\":\"https:\\\/\\\/www.palletcontroltower.eu\\\/#website\"},\"primaryImageOfPage\":{\"@id\":\"https:\\\/\\\/www.palletcontroltower.eu\\\/mijn-voordeel\\\/voor-palletdepots\\\/#primaryimage\"},\"image\":{\"@id\":\"https:\\\/\\\/www.palletcontroltower.eu\\\/mijn-voordeel\\\/voor-palletdepots\\\/#primaryimage\"},\"thumbnailUrl\":\"http:\\\/\\\/www.palletcontroltower.eu\\\/wp-content\\\/uploads\\\/2023\\\/12\\\/PCT_EPAL_storage.jpg\",\"datePublished\":\"2023-11-22T08:01:30+00:00\",\"dateModified\":\"2026-01-30T09:46:29+00:00\",\"description\":\"Voor palletdepots zijn de voordelen o.a.: integrale logistieke keten, meer handel, heldere afspraken, waarde gebruikte pallets\",\"breadcrumb\":{\"@id\":\"https:\\\/\\\/www.palletcontroltower.eu\\\/mijn-voordeel\\\/voor-palletdepots\\\/#breadcrumb\"},\"inLanguage\":\"fr-FR\",\"potentialAction\":[{\"@type\":\"ReadAction\",\"target\":[\"https:\\\/\\\/www.palletcontroltower.eu\\\/mijn-voordeel\\\/voor-palletdepots\\\/\"]}]},{\"@type\":\"ImageObject\",\"inLanguage\":\"fr-FR\",\"@id\":\"https:\\\/\\\/www.palletcontroltower.eu\\\/mijn-voordeel\\\/voor-palletdepots\\\/#primaryimage\",\"url\":\"http:\\\/\\\/www.palletcontroltower.eu\\\/wp-content\\\/uploads\\\/2023\\\/12\\\/PCT_EPAL_storage.jpg\",\"contentUrl\":\"http:\\\/\\\/www.palletcontroltower.eu\\\/wp-content\\\/uploads\\\/2023\\\/12\\\/PCT_EPAL_storage.jpg\"},{\"@type\":\"BreadcrumbList\",\"@id\":\"https:\\\/\\\/www.palletcontroltower.eu\\\/mijn-voordeel\\\/voor-palletdepots\\\/#breadcrumb\",\"itemListElement\":[{\"@type\":\"ListItem\",\"position\":1,\"name\":\"Home\",\"item\":\"https:\\\/\\\/www.palletcontroltower.eu\\\/\"},{\"@type\":\"ListItem\",\"position\":2,\"name\":\"Mijn voordeel\",\"item\":\"https:\\\/\\\/www.palletcontroltower.eu\\\/pl\\\/mijn-voordeel\\\/\"},{\"@type\":\"ListItem\",\"position\":3,\"name\":\"Voor palletdepots\"}]},{\"@type\":\"WebSite\",\"@id\":\"https:\\\/\\\/www.palletcontroltower.eu\\\/#website\",\"url\":\"https:\\\/\\\/www.palletcontroltower.eu\\\/\",\"name\":\"Pallet Control Tower\",\"description\":\"\",\"publisher\":{\"@id\":\"https:\\\/\\\/www.palletcontroltower.eu\\\/#organization\"},\"potentialAction\":[{\"@type\":\"SearchAction\",\"target\":{\"@type\":\"EntryPoint\",\"urlTemplate\":\"https:\\\/\\\/www.palletcontroltower.eu\\\/?s={search_term_string}\"},\"query-input\":{\"@type\":\"PropertyValueSpecification\",\"valueRequired\":true,\"valueName\":\"search_term_string\"}}],\"inLanguage\":\"fr-FR\"},{\"@type\":\"Organization\",\"@id\":\"https:\\\/\\\/www.palletcontroltower.eu\\\/#organization\",\"name\":\"Pallet Control Tower\",\"url\":\"https:\\\/\\\/www.palletcontroltower.eu\\\/\",\"logo\":{\"@type\":\"ImageObject\",\"inLanguage\":\"fr-FR\",\"@id\":\"https:\\\/\\\/www.palletcontroltower.eu\\\/#\\\/schema\\\/logo\\\/image\\\/\",\"url\":\"https:\\\/\\\/www.palletcontroltower.eu\\\/wp-content\\\/uploads\\\/2023\\\/10\\\/logo.svg\",\"contentUrl\":\"https:\\\/\\\/www.palletcontroltower.eu\\\/wp-content\\\/uploads\\\/2023\\\/10\\\/logo.svg\",\"width\":290,\"height\":87,\"caption\":\"Pallet Control Tower\"},\"image\":{\"@id\":\"https:\\\/\\\/www.palletcontroltower.eu\\\/#\\\/schema\\\/logo\\\/image\\\/\"}}]}<\/script>\n<!-- \/ Yoast SEO plugin. -->","yoast_head_json":{"title":"Pour les d\u00e9p\u00f4ts de palettes - Pallet Control Tower","description":"Pour les d\u00e9p\u00f4ts de palettes, les avantages sont les suivants : cha\u00eene logistique int\u00e9gr\u00e9e, augmentation des \u00e9changes, accords clairs, valeur des palettes usag\u00e9es.","robots":{"index":"index","follow":"follow","max-snippet":"max-snippet:-1","max-image-preview":"max-image-preview:large","max-video-preview":"max-video-preview:-1"},"canonical":"https:\/\/www.palletcontroltower.eu\/fr\/mon-avantage\/pour-les-depots-de-palettes\/","og_locale":"fr_FR","og_type":"article","og_title":"Voor palletdepots - Pallet Control Tower","og_description":"Voor palletdepots zijn de voordelen o.a.: integrale logistieke keten, meer handel, heldere afspraken, waarde gebruikte pallets","og_url":"https:\/\/www.palletcontroltower.eu\/fr\/mon-avantage\/pour-les-depots-de-palettes\/","og_site_name":"Pallet Control Tower","article_modified_time":"2026-01-30T09:46:29+00:00","og_image":[{"width":1000,"height":667,"url":"https:\/\/www.palletcontroltower.eu\/wp-content\/uploads\/2023\/12\/PCT_EPAL_storage.jpg","type":"image\/jpeg"}],"twitter_card":"summary_large_image","twitter_misc":{"Dur\u00e9e de lecture estim\u00e9e":"3 minutes"},"schema":{"@context":"https:\/\/schema.org","@graph":[{"@type":"WebPage","@id":"https:\/\/www.palletcontroltower.eu\/mijn-voordeel\/voor-palletdepots\/","url":"https:\/\/www.palletcontroltower.eu\/mijn-voordeel\/voor-palletdepots\/","name":"Pour les d\u00e9p\u00f4ts de palettes - Pallet Control Tower","isPartOf":{"@id":"https:\/\/www.palletcontroltower.eu\/#website"},"primaryImageOfPage":{"@id":"https:\/\/www.palletcontroltower.eu\/mijn-voordeel\/voor-palletdepots\/#primaryimage"},"image":{"@id":"https:\/\/www.palletcontroltower.eu\/mijn-voordeel\/voor-palletdepots\/#primaryimage"},"thumbnailUrl":"http:\/\/www.palletcontroltower.eu\/wp-content\/uploads\/2023\/12\/PCT_EPAL_storage.jpg","datePublished":"2023-11-22T08:01:30+00:00","dateModified":"2026-01-30T09:46:29+00:00","description":"Pour les d\u00e9p\u00f4ts de palettes, les avantages sont les suivants : cha\u00eene logistique int\u00e9gr\u00e9e, augmentation des \u00e9changes, accords clairs, valeur des palettes usag\u00e9es.","breadcrumb":{"@id":"https:\/\/www.palletcontroltower.eu\/mijn-voordeel\/voor-palletdepots\/#breadcrumb"},"inLanguage":"fr-FR","potentialAction":[{"@type":"ReadAction","target":["https:\/\/www.palletcontroltower.eu\/mijn-voordeel\/voor-palletdepots\/"]}]},{"@type":"ImageObject","inLanguage":"fr-FR","@id":"https:\/\/www.palletcontroltower.eu\/mijn-voordeel\/voor-palletdepots\/#primaryimage","url":"http:\/\/www.palletcontroltower.eu\/wp-content\/uploads\/2023\/12\/PCT_EPAL_storage.jpg","contentUrl":"http:\/\/www.palletcontroltower.eu\/wp-content\/uploads\/2023\/12\/PCT_EPAL_storage.jpg"},{"@type":"BreadcrumbList","@id":"https:\/\/www.palletcontroltower.eu\/mijn-voordeel\/voor-palletdepots\/#breadcrumb","itemListElement":[{"@type":"ListItem","position":1,"name":"Home","item":"https:\/\/www.palletcontroltower.eu\/"},{"@type":"ListItem","position":2,"name":"Mijn voordeel","item":"https:\/\/www.palletcontroltower.eu\/pl\/mijn-voordeel\/"},{"@type":"ListItem","position":3,"name":"Voor palletdepots"}]},{"@type":"WebSite","@id":"https:\/\/www.palletcontroltower.eu\/#website","url":"https:\/\/www.palletcontroltower.eu\/","name":"Tour de contr\u00f4le des palettes","description":"","publisher":{"@id":"https:\/\/www.palletcontroltower.eu\/#organization"},"potentialAction":[{"@type":"SearchAction","target":{"@type":"EntryPoint","urlTemplate":"https:\/\/www.palletcontroltower.eu\/?s={search_term_string}"},"query-input":{"@type":"PropertyValueSpecification","valueRequired":true,"valueName":"search_term_string"}}],"inLanguage":"fr-FR"},{"@type":"Organization","@id":"https:\/\/www.palletcontroltower.eu\/#organization","name":"Tour de contr\u00f4le des palettes","url":"https:\/\/www.palletcontroltower.eu\/","logo":{"@type":"ImageObject","inLanguage":"fr-FR","@id":"https:\/\/www.palletcontroltower.eu\/#\/schema\/logo\/image\/","url":"https:\/\/www.palletcontroltower.eu\/wp-content\/uploads\/2023\/10\/logo.svg","contentUrl":"https:\/\/www.palletcontroltower.eu\/wp-content\/uploads\/2023\/10\/logo.svg","width":290,"height":87,"caption":"Pallet Control Tower"},"image":{"@id":"https:\/\/www.palletcontroltower.eu\/#\/schema\/logo\/image\/"}}]}},"_links":{"self":[{"href":"https:\/\/www.palletcontroltower.eu\/fr\/wp-json\/wp\/v2\/pages\/33","targetHints":{"allow":["GET"]}}],"collection":[{"href":"https:\/\/www.palletcontroltower.eu\/fr\/wp-json\/wp\/v2\/pages"}],"about":[{"href":"https:\/\/www.palletcontroltower.eu\/fr\/wp-json\/wp\/v2\/types\/page"}],"author":[{"embeddable":true,"href":"https:\/\/www.palletcontroltower.eu\/fr\/wp-json\/wp\/v2\/users\/1"}],"replies":[{"embeddable":true,"href":"https:\/\/www.palletcontroltower.eu\/fr\/wp-json\/wp\/v2\/comments?post=33"}],"version-history":[{"count":24,"href":"https:\/\/www.palletcontroltower.eu\/fr\/wp-json\/wp\/v2\/pages\/33\/revisions"}],"predecessor-version":[{"id":1230,"href":"https:\/\/www.palletcontroltower.eu\/fr\/wp-json\/wp\/v2\/pages\/33\/revisions\/1230"}],"up":[{"embeddable":true,"href":"https:\/\/www.palletcontroltower.eu\/fr\/wp-json\/wp\/v2\/pages\/25"}],"wp:attachment":[{"href":"https:\/\/www.palletcontroltower.eu\/fr\/wp-json\/wp\/v2\/media?parent=33"}],"curies":[{"name":"wp","href":"https:\/\/api.w.org\/{rel}","templated":true}]}}