{"id":42,"date":"2023-11-22T08:02:12","date_gmt":"2023-11-22T08:02:12","guid":{"rendered":"http:\/\/www.palletcontroltower.eu\/?page_id=42"},"modified":"2026-01-30T09:41:33","modified_gmt":"2026-01-30T09:41:33","slug":"la-mise-en-commun-est-durable","status":"publish","type":"page","link":"https:\/\/www.palletcontroltower.eu\/fr\/duurzaamheid\/poolen-is-duurzaam\/","title":{"rendered":"Pooling est durable"},"content":{"rendered":"<div class=\"wp-block-columns is-layout-flex wp-container-core-columns-is-layout-28f84493 wp-block-columns-is-layout-flex\">\n<div class=\"wp-block-column is-layout-flow wp-block-column-is-layout-flow\">\n<h2 class=\"wp-block-heading\">Durabilit\u00e9<\/h2>\n\n\n\n<p>PCT r\u00e9duit le nombre de palettes \u00e0 usage unique et vous donne la possibilit\u00e9 de passer \u00e0 des palettes \u00e0 usage multiple. Pour ce faire, nous utilisons notre plateforme PCT Online : Collection &amp; Delivery - Matching, li\u00e9e aux e-Credits. Notre plateforme permet aux utilisateurs de palettes de cr\u00e9er leur propre \"pool de palettes\" avec leurs fournisseurs et leurs clients, promouvant ainsi l'utilisation durable des palettes. <\/p>\n\n\n\n<p><strong>L\u00e9gislation<\/strong>&nbsp;<\/p>\n\n\n\n<p>PCT anticipe de nouveaux d\u00e9veloppements l\u00e9gislatifs de Bruxelles pour l'industrie de l'emballage, la r\u00e9duction de l'empreinte CO2 et l'accent mis sur l'\u00e9conomie circulaire.  La r\u00e9utilisation, la r\u00e9paration et le recyclage sont les principes de la nouvelle convention de Bruxelles sur les emballages. <a href=\"https:\/\/environment.ec.europa.eu\/topics\/waste-and-recycling\/packaging-waste_en\" target=\"_blank\" rel=\"noreferrer noopener\">PPWD<\/a>. En outre, vous r\u00e9pondez \u00e0 au moins 5 des crit\u00e8res suivants <a href=\"https:\/\/sdgs.un.org\/goals\" target=\"_blank\" rel=\"noreferrer noopener\">Objectifs de d\u00e9veloppement durable (ODD)<\/a> des Nations unies. <\/p>\n\n\n\n<div class=\"wp-block-buttons is-layout-flex wp-block-buttons-is-layout-flex\">\n<div class=\"wp-block-button\"><a class=\"wp-block-button__link has-white-color has-green-background-color has-text-color has-background has-link-color wp-element-button\" href=\"http:\/\/www.palletcontroltower.eu\/fr\/comment-cela-fonctionne-t-il\/ce-que-nous-faisons\/\" target=\"_blank\" rel=\"noreferrer noopener\">Voir comment cela fonctionne ici<\/a><\/div>\n<\/div>\n<\/div>\n<\/div>\n\n\n\n<hr class=\"wp-block-separator has-alpha-channel-opacity\"\/>\n\n\n\n<div class=\"wp-block-columns are-vertically-aligned-center is-layout-flex wp-container-core-columns-is-layout-28f84493 wp-block-columns-is-layout-flex\">\n<div class=\"wp-block-column is-vertically-aligned-center is-layout-flow wp-block-column-is-layout-flow\">\n<figure class=\"wp-block-image size-full\"><img fetchpriority=\"high\" decoding=\"async\" width=\"1000\" height=\"671\" src=\"https:\/\/www.palletcontroltower.eu\/wp-content\/uploads\/2025\/05\/eur_pallet.jpg\" alt=\"\" class=\"wp-image-1223\" style=\"aspect-ratio:16\/9;object-fit:cover\" srcset=\"https:\/\/www.palletcontroltower.eu\/wp-content\/uploads\/2025\/05\/eur_pallet.jpg 1000w, https:\/\/www.palletcontroltower.eu\/wp-content\/uploads\/2025\/05\/eur_pallet-300x201.jpg 300w, https:\/\/www.palletcontroltower.eu\/wp-content\/uploads\/2025\/05\/eur_pallet-768x515.jpg 768w, https:\/\/www.palletcontroltower.eu\/wp-content\/uploads\/2025\/05\/eur_pallet-18x12.jpg 18w\" sizes=\"(max-width: 1000px) 100vw, 1000px\" \/><\/figure>\n<\/div>\n\n\n\n<div class=\"wp-block-column is-vertically-aligned-center is-layout-flow wp-block-column-is-layout-flow\">\n<h2 class=\"wp-block-heading\">EUR &amp; PCT<\/h2>\n\n\n\n<p>Nous avons des liens \u00e9troits avec l'organisation EUR et utilisons les d\u00e9p\u00f4ts op\u00e9rant sous la licence EUR. Ensemble, nous avons pour objectif de promouvoir le syst\u00e8me de pooling ouvert. Avec le r\u00e9seau d'EUR International et notre propre r\u00e9seau PCT, il y a des centaines de d\u00e9p\u00f4ts et de points de chute. Par cons\u00e9quent, il est toujours possible d'obtenir une bonne connexion au processus d'appariement avec la collecte et la livraison.\u00a0<\/p>\n\n\n\n<p>Si vous avez retourn\u00e9 les palettes \u00e0 usage unique avec la Collecte et que vous allez utiliser les e-Cr\u00e9dits re\u00e7us pour commencer \u00e0 utiliser des palettes \u00e0 usage multiple, cela pr\u00e9sente des avantages pour l'ensemble de la cha\u00eene. Outre votre propre utilisation, vous pouvez \u00e9galement mettre les e-Cr\u00e9dits de votre solde \u00e0 la disposition de tiers.&nbsp;<\/p>\n\n\n\n<p>PCTO permet d'enregistrer num\u00e9riquement toutes les \u00e9tapes. La facturation (autofacturation) et toutes les autres communications se font \u00e9galement dans le nuage. Tout cela est visible et transparent pour chaque utilisateur \u00e0 tout moment.&nbsp;<\/p>\n<\/div>\n<\/div>\n\n\n\n<hr class=\"wp-block-separator has-alpha-channel-opacity\"\/>\n\n\n\n<h3 class=\"wp-block-heading\">Une europalette = durable : chaque ann\u00e9e, deux millions de palettes remises \u00e0 neuf sont r\u00e9utilis\u00e9es plusieurs fois.  <br><\/h3>\n\n\n\n<p>Les europalettes en bois peuvent \u00eatre utilis\u00e9es 7 \u00e0 8 fois ! En fin de compte, une palette us\u00e9e est utilis\u00e9e comme \u00e9nergie pour le chauffage, par exemple. Les palettes sont collect\u00e9es dans les entrep\u00f4ts centraux des d\u00e9p\u00f4ts de palettes, du commerce et de l'industrie, puis transport\u00e9es vers un site de traitement. Souvent, une ligne robotis\u00e9e aide \u00e0 trier les palettes, mais il s'agit parfois d'un travail manuel. Apr\u00e8s le tri, les palettes qui peuvent \u00eatre r\u00e9par\u00e9es le sont et sont stock\u00e9es. Les palettes qui ne peuvent pas \u00eatre r\u00e9par\u00e9es sont recycl\u00e9es sous forme de copeaux de bois pour servir de combustible pour la production d'\u00e9nergie, par exemple. Un client peut choisir parmi une cinquantaine de types de palettes, dont l'europalette est la plus courante et l'une des plus durables.<\/p>\n\n\n\n<p><em>C'est un fait. Il faut un m\u00e8tre cube de bois pour fabriquer environ 22 palettes neuves en euros ; cependant, un m\u00e8tre cube de bois peut \u00eatre utilis\u00e9 pour r\u00e9parer 150 palettes de fret recycl\u00e9es en euros.<\/em><\/p>\n\n\n\n<div class=\"wp-block-buttons is-content-justification-left is-layout-flex wp-container-core-buttons-is-layout-fc4fd283 wp-block-buttons-is-layout-flex\">\n<div class=\"wp-block-button\"><a class=\"wp-block-button__link has-white-color has-green-background-color has-text-color has-background has-link-color wp-element-button\" href=\"https:\/\/portal.pct-online.eu\/register\" target=\"_blank\" rel=\"noreferrer noopener\">Activer votre compte<\/a><\/div>\n<\/div>\n\n\n\n<hr class=\"wp-block-separator has-alpha-channel-opacity\"\/>\n\n\n\n<blockquote class=\"wp-block-quote is-layout-flow wp-block-quote-is-layout-flow\">\n<p class=\"has-text-align-center\">Pr\u00e9venez le stress des palettes ! Pallet Control Tower est la norme europ\u00e9enne et la plateforme de collecte et de livraison par appariement pour les europalettes et autres RTI. Nous facilitons la mise en commun ouverte de A \u00e0 Z et rendons la logistique des palettes \u00e0 nouveau g\u00e9rable. <\/p>\n<\/blockquote>\n\n\n\n<hr class=\"wp-block-separator has-alpha-channel-opacity\"\/>\n\n\n\n<figure class=\"wp-block-image size-full\"><img decoding=\"async\" width=\"1600\" height=\"1066\" src=\"http:\/\/www.palletcontroltower.eu\/wp-content\/uploads\/2023\/11\/palletcontroltower-2.jpg\" alt=\"\" class=\"wp-image-207\" style=\"aspect-ratio:16\/9;object-fit:cover\" srcset=\"https:\/\/www.palletcontroltower.eu\/wp-content\/uploads\/2023\/11\/palletcontroltower-2.jpg 1600w, https:\/\/www.palletcontroltower.eu\/wp-content\/uploads\/2023\/11\/palletcontroltower-2-300x200.jpg 300w, https:\/\/www.palletcontroltower.eu\/wp-content\/uploads\/2023\/11\/palletcontroltower-2-1024x682.jpg 1024w, https:\/\/www.palletcontroltower.eu\/wp-content\/uploads\/2023\/11\/palletcontroltower-2-768x512.jpg 768w, https:\/\/www.palletcontroltower.eu\/wp-content\/uploads\/2023\/11\/palletcontroltower-2-1536x1023.jpg 1536w\" sizes=\"(max-width: 1600px) 100vw, 1600px\" \/><\/figure>\n\n\n\n<hr class=\"wp-block-separator has-alpha-channel-opacity\"\/>\n\n\n\n<div class=\"wp-block-columns is-layout-flex wp-container-core-columns-is-layout-28f84493 wp-block-columns-is-layout-flex\">\n<div class=\"wp-block-column is-layout-flow wp-block-column-is-layout-flow\">\n<h3 class=\"wp-block-heading\">Avantages<\/h3>\n\n\n\n<p><strong>R\u00e9duisez votre empreinte CO2<\/strong>&nbsp;<\/p>\n\n\n\n<p>Avec PCT Online, beaucoup de choses deviennent visibles, y compris les co\u00fbts cach\u00e9s qui ne peuvent pas \u00eatre directement quantifi\u00e9s, mais qui sont de plus en plus importants dans les op\u00e9rations commerciales modernes. Arr\u00eatez de d\u00e9placer inutilement les palettes d'un c\u00f4t\u00e9 \u00e0 l'autre. <\/p>\n\n\n\n<p><strong>Une meilleure collaboration dans la cha\u00eene d'approvisionnement<\/strong>&nbsp;<\/p>\n\n\n\n<p>Un syst\u00e8me de cha\u00eene d'approvisionnement qui relie les partenaires, les fournisseurs et les prestataires de services logistiques facilite la collaboration entre les organisations. Lorsque les probl\u00e8mes sont abord\u00e9s directement avec les partenaires, ils sont r\u00e9solus plus rapidement, les co\u00fbts sont r\u00e9duits, les clients sont satisfaits et moins de personnes se retirent. Assumez la responsabilit\u00e9 de votre cha\u00eene logistique !&nbsp;<\/p>\n\n\n\n<p><strong>Connaissance de la cha\u00eene d'approvisionnement de bout en bout<\/strong>&nbsp;<\/p>\n\n\n\n<p>Gr\u00e2ce \u00e0 la visibilit\u00e9 de l'ensemble de la cha\u00eene d'approvisionnement, y compris les fournisseurs, les fabricants, les transporteurs, les entrep\u00f4ts et les partenaires logistiques externes (3PL), les entreprises peuvent g\u00e9rer leur cha\u00eene d'approvisionnement de mani\u00e8re proactive, en r\u00e9duisant les risques et les co\u00fbts. Et assurer une plus grande durabilit\u00e9. &nbsp;&nbsp;<\/p>\n\n\n\n<p><strong>Des pr\u00e9visions et des d\u00e9cisions plus pr\u00e9cises<\/strong>&nbsp;<\/p>\n\n\n\n<p>Les donn\u00e9es peuvent \u00eatre agr\u00e9g\u00e9es, reli\u00e9es et \u00e9tendues gr\u00e2ce \u00e0 l'\"analyse pr\u00e9dictive\". Cela permet d'am\u00e9liorer la prise de d\u00e9cision, de l'automatiser et de l'auto-corriger. En fin de compte, cela se traduit par des processus plus efficaces et moins de gaspillage. Une r\u00e9duction suppl\u00e9mentaire de votre empreinte carbone.&nbsp;&nbsp;<\/p>\n\n\n\n<p><strong>Plus de flexibilit\u00e9 dans la cha\u00eene d'approvisionnement<\/strong>&nbsp;<\/p>\n\n\n\n<p>Les cha\u00eenes d'approvisionnement flexibles se d\u00e9placent avec vous en cas d'impr\u00e9vu. Cette flexibilit\u00e9 garantit une meilleure exp\u00e9rience client, des temps de r\u00e9ponse plus rapides et, en g\u00e9n\u00e9ral, une cha\u00eene d'approvisionnement plus efficace. Surtout \u00e0 une \u00e9poque o\u00f9 les ressources humaines se font plus rares et plus ch\u00e8res. <\/p>\n\n\n\n<p><strong>Niveaux de stock optimaux<\/strong>&nbsp;<\/p>\n\n\n\n<p>PCTO offre une visibilit\u00e9 des stocks sur l'ensemble du r\u00e9seau, ce qui permet aux entreprises de disposer de ce dont elles ont besoin, l\u00e0 o\u00f9 elles en ont besoin et quand elles en ont besoin. Elles augmentent leurs b\u00e9n\u00e9fices et leurs taux de rotation des stocks et r\u00e9duisent les ruptures de stock et les p\u00e9nuries de mat\u00e9riel.&nbsp;<\/p>\n\n\n\n<p><strong>Pr\u00eat pour l'avenir de la mise en commun des palettes ?<\/strong>&nbsp;<\/p>\n\n\n\n<div class=\"wp-block-buttons is-layout-flex wp-block-buttons-is-layout-flex\">\n<div class=\"wp-block-button\"><a class=\"wp-block-button__link has-white-color has-blue-background-color has-text-color has-background has-link-color wp-element-button\" href=\"https:\/\/portal.pct-online.eu\/register\" target=\"_blank\" rel=\"noreferrer noopener\">Activer votre compte<\/a><\/div>\n<\/div>\n<\/div>\n<\/div>","protected":false},"excerpt":{"rendered":"<p>Duurzaamheid PCT dringt het eenmalige gebruik van pallets terug en geeft u de kans om over te schakelen naar pallets voor meermalig gebruik. Dat doen wij met ons PCT Online-platform: Collection &amp; Delivery &#8211; Matching, gekoppeld aan e-Credits.&nbsp;Met ons platform kunnen palletgebruikers samen met hun toeleveranciers en klanten een eigen &#8216;palletpool&#8217; opzetten en zo het [&hellip;]<\/p>\n","protected":false},"author":1,"featured_media":0,"parent":40,"menu_order":0,"comment_status":"closed","ping_status":"closed","template":"","meta":{"footnotes":""},"class_list":["post-42","page","type-page","status-publish","hentry"],"yoast_head":"<!-- This site is optimized with the Yoast SEO plugin v27.6 - https:\/\/yoast.com\/product\/yoast-seo-wordpress\/ -->\n<title>Poolen is duurzaam - Pallet Control Tower<\/title>\n<meta name=\"description\" content=\"Palletpooling is een duurzame oplossing voor palletmanagement ingegeven door de nieuwe PPWD uit Brussel. PCT Online voldoet hieraan.\" \/>\n<meta name=\"robots\" content=\"index, follow, max-snippet:-1, max-image-preview:large, max-video-preview:-1\" \/>\n<link rel=\"canonical\" href=\"https:\/\/www.palletcontroltower.eu\/fr\/la-durabilite\/la-mise-en-commun-est-durable\/\" \/>\n<meta property=\"og:locale\" content=\"fr_FR\" \/>\n<meta property=\"og:type\" content=\"article\" \/>\n<meta property=\"og:title\" content=\"Poolen is duurzaam - Pallet Control Tower\" \/>\n<meta property=\"og:description\" content=\"Palletpooling is een duurzame oplossing voor palletmanagement ingegeven door de nieuwe PPWD uit Brussel. PCT Online voldoet hieraan.\" \/>\n<meta property=\"og:url\" content=\"https:\/\/www.palletcontroltower.eu\/fr\/la-durabilite\/la-mise-en-commun-est-durable\/\" \/>\n<meta property=\"og:site_name\" content=\"Pallet Control Tower\" \/>\n<meta property=\"article:modified_time\" content=\"2026-01-30T09:41:33+00:00\" \/>\n<meta property=\"og:image\" content=\"https:\/\/www.palletcontroltower.eu\/wp-content\/uploads\/2025\/05\/eur_pallet.jpg\" \/>\n\t<meta property=\"og:image:width\" content=\"1000\" \/>\n\t<meta property=\"og:image:height\" content=\"671\" \/>\n\t<meta property=\"og:image:type\" content=\"image\/jpeg\" \/>\n<meta name=\"twitter:card\" content=\"summary_large_image\" \/>\n<meta name=\"twitter:label1\" content=\"Dur\u00e9e de lecture estim\u00e9e\" \/>\n\t<meta name=\"twitter:data1\" content=\"4 minutes\" \/>\n<script type=\"application\/ld+json\" class=\"yoast-schema-graph\">{\"@context\":\"https:\\\/\\\/schema.org\",\"@graph\":[{\"@type\":\"WebPage\",\"@id\":\"https:\\\/\\\/www.palletcontroltower.eu\\\/duurzaamheid\\\/poolen-is-duurzaam\\\/\",\"url\":\"https:\\\/\\\/www.palletcontroltower.eu\\\/duurzaamheid\\\/poolen-is-duurzaam\\\/\",\"name\":\"Poolen is duurzaam - Pallet Control Tower\",\"isPartOf\":{\"@id\":\"https:\\\/\\\/www.palletcontroltower.eu\\\/#website\"},\"primaryImageOfPage\":{\"@id\":\"https:\\\/\\\/www.palletcontroltower.eu\\\/duurzaamheid\\\/poolen-is-duurzaam\\\/#primaryimage\"},\"image\":{\"@id\":\"https:\\\/\\\/www.palletcontroltower.eu\\\/duurzaamheid\\\/poolen-is-duurzaam\\\/#primaryimage\"},\"thumbnailUrl\":\"https:\\\/\\\/www.palletcontroltower.eu\\\/wp-content\\\/uploads\\\/2025\\\/05\\\/eur_pallet.jpg\",\"datePublished\":\"2023-11-22T08:02:12+00:00\",\"dateModified\":\"2026-01-30T09:41:33+00:00\",\"description\":\"Palletpooling is een duurzame oplossing voor palletmanagement ingegeven door de nieuwe PPWD uit Brussel. PCT Online voldoet hieraan.\",\"breadcrumb\":{\"@id\":\"https:\\\/\\\/www.palletcontroltower.eu\\\/duurzaamheid\\\/poolen-is-duurzaam\\\/#breadcrumb\"},\"inLanguage\":\"fr-FR\",\"potentialAction\":[{\"@type\":\"ReadAction\",\"target\":[\"https:\\\/\\\/www.palletcontroltower.eu\\\/duurzaamheid\\\/poolen-is-duurzaam\\\/\"]}]},{\"@type\":\"ImageObject\",\"inLanguage\":\"fr-FR\",\"@id\":\"https:\\\/\\\/www.palletcontroltower.eu\\\/duurzaamheid\\\/poolen-is-duurzaam\\\/#primaryimage\",\"url\":\"https:\\\/\\\/www.palletcontroltower.eu\\\/wp-content\\\/uploads\\\/2025\\\/05\\\/eur_pallet.jpg\",\"contentUrl\":\"https:\\\/\\\/www.palletcontroltower.eu\\\/wp-content\\\/uploads\\\/2025\\\/05\\\/eur_pallet.jpg\"},{\"@type\":\"BreadcrumbList\",\"@id\":\"https:\\\/\\\/www.palletcontroltower.eu\\\/duurzaamheid\\\/poolen-is-duurzaam\\\/#breadcrumb\",\"itemListElement\":[{\"@type\":\"ListItem\",\"position\":1,\"name\":\"Home\",\"item\":\"https:\\\/\\\/www.palletcontroltower.eu\\\/\"},{\"@type\":\"ListItem\",\"position\":2,\"name\":\"Duurzaamheid\",\"item\":\"https:\\\/\\\/www.palletcontroltower.eu\\\/pl\\\/duurzaamheid\\\/\"},{\"@type\":\"ListItem\",\"position\":3,\"name\":\"Poolen is duurzaam\"}]},{\"@type\":\"WebSite\",\"@id\":\"https:\\\/\\\/www.palletcontroltower.eu\\\/#website\",\"url\":\"https:\\\/\\\/www.palletcontroltower.eu\\\/\",\"name\":\"Pallet Control Tower\",\"description\":\"\",\"publisher\":{\"@id\":\"https:\\\/\\\/www.palletcontroltower.eu\\\/#organization\"},\"potentialAction\":[{\"@type\":\"SearchAction\",\"target\":{\"@type\":\"EntryPoint\",\"urlTemplate\":\"https:\\\/\\\/www.palletcontroltower.eu\\\/?s={search_term_string}\"},\"query-input\":{\"@type\":\"PropertyValueSpecification\",\"valueRequired\":true,\"valueName\":\"search_term_string\"}}],\"inLanguage\":\"fr-FR\"},{\"@type\":\"Organization\",\"@id\":\"https:\\\/\\\/www.palletcontroltower.eu\\\/#organization\",\"name\":\"Pallet Control Tower\",\"url\":\"https:\\\/\\\/www.palletcontroltower.eu\\\/\",\"logo\":{\"@type\":\"ImageObject\",\"inLanguage\":\"fr-FR\",\"@id\":\"https:\\\/\\\/www.palletcontroltower.eu\\\/#\\\/schema\\\/logo\\\/image\\\/\",\"url\":\"https:\\\/\\\/www.palletcontroltower.eu\\\/wp-content\\\/uploads\\\/2023\\\/10\\\/logo.svg\",\"contentUrl\":\"https:\\\/\\\/www.palletcontroltower.eu\\\/wp-content\\\/uploads\\\/2023\\\/10\\\/logo.svg\",\"width\":290,\"height\":87,\"caption\":\"Pallet Control Tower\"},\"image\":{\"@id\":\"https:\\\/\\\/www.palletcontroltower.eu\\\/#\\\/schema\\\/logo\\\/image\\\/\"}}]}<\/script>\n<!-- \/ Yoast SEO plugin. -->","yoast_head_json":{"title":"La mise en commun est durable - Pallet Control Tower","description":"Le pooling de palettes est une solution durable pour la gestion des palettes, comme le pr\u00e9conise la nouvelle directive sur les produits phytopharmaceutiques de Bruxelles. PCT Online s'y conforme.","robots":{"index":"index","follow":"follow","max-snippet":"max-snippet:-1","max-image-preview":"max-image-preview:large","max-video-preview":"max-video-preview:-1"},"canonical":"https:\/\/www.palletcontroltower.eu\/fr\/la-durabilite\/la-mise-en-commun-est-durable\/","og_locale":"fr_FR","og_type":"article","og_title":"Poolen is duurzaam - Pallet Control Tower","og_description":"Palletpooling is een duurzame oplossing voor palletmanagement ingegeven door de nieuwe PPWD uit Brussel. PCT Online voldoet hieraan.","og_url":"https:\/\/www.palletcontroltower.eu\/fr\/la-durabilite\/la-mise-en-commun-est-durable\/","og_site_name":"Pallet Control Tower","article_modified_time":"2026-01-30T09:41:33+00:00","og_image":[{"width":1000,"height":671,"url":"https:\/\/www.palletcontroltower.eu\/wp-content\/uploads\/2025\/05\/eur_pallet.jpg","type":"image\/jpeg"}],"twitter_card":"summary_large_image","twitter_misc":{"Dur\u00e9e de lecture estim\u00e9e":"4 minutes"},"schema":{"@context":"https:\/\/schema.org","@graph":[{"@type":"WebPage","@id":"https:\/\/www.palletcontroltower.eu\/duurzaamheid\/poolen-is-duurzaam\/","url":"https:\/\/www.palletcontroltower.eu\/duurzaamheid\/poolen-is-duurzaam\/","name":"La mise en commun est durable - Pallet Control Tower","isPartOf":{"@id":"https:\/\/www.palletcontroltower.eu\/#website"},"primaryImageOfPage":{"@id":"https:\/\/www.palletcontroltower.eu\/duurzaamheid\/poolen-is-duurzaam\/#primaryimage"},"image":{"@id":"https:\/\/www.palletcontroltower.eu\/duurzaamheid\/poolen-is-duurzaam\/#primaryimage"},"thumbnailUrl":"https:\/\/www.palletcontroltower.eu\/wp-content\/uploads\/2025\/05\/eur_pallet.jpg","datePublished":"2023-11-22T08:02:12+00:00","dateModified":"2026-01-30T09:41:33+00:00","description":"Le pooling de palettes est une solution durable pour la gestion des palettes, comme le pr\u00e9conise la nouvelle directive sur les produits phytopharmaceutiques de Bruxelles. PCT Online s'y conforme.","breadcrumb":{"@id":"https:\/\/www.palletcontroltower.eu\/duurzaamheid\/poolen-is-duurzaam\/#breadcrumb"},"inLanguage":"fr-FR","potentialAction":[{"@type":"ReadAction","target":["https:\/\/www.palletcontroltower.eu\/duurzaamheid\/poolen-is-duurzaam\/"]}]},{"@type":"ImageObject","inLanguage":"fr-FR","@id":"https:\/\/www.palletcontroltower.eu\/duurzaamheid\/poolen-is-duurzaam\/#primaryimage","url":"https:\/\/www.palletcontroltower.eu\/wp-content\/uploads\/2025\/05\/eur_pallet.jpg","contentUrl":"https:\/\/www.palletcontroltower.eu\/wp-content\/uploads\/2025\/05\/eur_pallet.jpg"},{"@type":"BreadcrumbList","@id":"https:\/\/www.palletcontroltower.eu\/duurzaamheid\/poolen-is-duurzaam\/#breadcrumb","itemListElement":[{"@type":"ListItem","position":1,"name":"Home","item":"https:\/\/www.palletcontroltower.eu\/"},{"@type":"ListItem","position":2,"name":"Duurzaamheid","item":"https:\/\/www.palletcontroltower.eu\/pl\/duurzaamheid\/"},{"@type":"ListItem","position":3,"name":"Poolen is duurzaam"}]},{"@type":"WebSite","@id":"https:\/\/www.palletcontroltower.eu\/#website","url":"https:\/\/www.palletcontroltower.eu\/","name":"Tour de contr\u00f4le des palettes","description":"","publisher":{"@id":"https:\/\/www.palletcontroltower.eu\/#organization"},"potentialAction":[{"@type":"SearchAction","target":{"@type":"EntryPoint","urlTemplate":"https:\/\/www.palletcontroltower.eu\/?s={search_term_string}"},"query-input":{"@type":"PropertyValueSpecification","valueRequired":true,"valueName":"search_term_string"}}],"inLanguage":"fr-FR"},{"@type":"Organization","@id":"https:\/\/www.palletcontroltower.eu\/#organization","name":"Tour de contr\u00f4le des palettes","url":"https:\/\/www.palletcontroltower.eu\/","logo":{"@type":"ImageObject","inLanguage":"fr-FR","@id":"https:\/\/www.palletcontroltower.eu\/#\/schema\/logo\/image\/","url":"https:\/\/www.palletcontroltower.eu\/wp-content\/uploads\/2023\/10\/logo.svg","contentUrl":"https:\/\/www.palletcontroltower.eu\/wp-content\/uploads\/2023\/10\/logo.svg","width":290,"height":87,"caption":"Pallet Control Tower"},"image":{"@id":"https:\/\/www.palletcontroltower.eu\/#\/schema\/logo\/image\/"}}]}},"_links":{"self":[{"href":"https:\/\/www.palletcontroltower.eu\/fr\/wp-json\/wp\/v2\/pages\/42","targetHints":{"allow":["GET"]}}],"collection":[{"href":"https:\/\/www.palletcontroltower.eu\/fr\/wp-json\/wp\/v2\/pages"}],"about":[{"href":"https:\/\/www.palletcontroltower.eu\/fr\/wp-json\/wp\/v2\/types\/page"}],"author":[{"embeddable":true,"href":"https:\/\/www.palletcontroltower.eu\/fr\/wp-json\/wp\/v2\/users\/1"}],"replies":[{"embeddable":true,"href":"https:\/\/www.palletcontroltower.eu\/fr\/wp-json\/wp\/v2\/comments?post=42"}],"version-history":[{"count":36,"href":"https:\/\/www.palletcontroltower.eu\/fr\/wp-json\/wp\/v2\/pages\/42\/revisions"}],"predecessor-version":[{"id":1228,"href":"https:\/\/www.palletcontroltower.eu\/fr\/wp-json\/wp\/v2\/pages\/42\/revisions\/1228"}],"up":[{"embeddable":true,"href":"https:\/\/www.palletcontroltower.eu\/fr\/wp-json\/wp\/v2\/pages\/40"}],"wp:attachment":[{"href":"https:\/\/www.palletcontroltower.eu\/fr\/wp-json\/wp\/v2\/media?parent=42"}],"curies":[{"name":"wp","href":"https:\/\/api.w.org\/{rel}","templated":true}]}}