{"id":68,"date":"2023-11-22T08:05:58","date_gmt":"2023-11-22T08:05:58","guid":{"rendered":"http:\/\/www.palletcontroltower.eu\/?page_id=68"},"modified":"2026-01-30T09:52:36","modified_gmt":"2026-01-30T09:52:36","slug":"mission-et-vision","status":"publish","type":"page","link":"https:\/\/www.palletcontroltower.eu\/fr\/over-ons\/missie-en-visie\/","title":{"rendered":"Mission et vision"},"content":{"rendered":"<div class=\"wp-block-columns is-layout-flex wp-container-core-columns-is-layout-28f84493 wp-block-columns-is-layout-flex\">\n<div class=\"wp-block-column is-layout-flow wp-block-column-is-layout-flow\">\n<h2 class=\"wp-block-heading\">Vision : nous prenons nos responsabilit\u00e9s<\/h2>\n\n\n\n<p>L'automatisation, les co\u00fbts, mais surtout la durabilit\u00e9 ont progress\u00e9 dans tous les domaines au cours des derni\u00e8res ann\u00e9es. Le monde des palettes et autres articles de transport consign\u00e9s doit \u00e9galement suivre le mouvement pour ne pas perdre la main. R\u00e9utilisation, recyclage et r\u00e9paration sont les ma\u00eetres mots. <\/p>\n\n\n\n<p>En utilisant PCT Online, les entreprises sont en mesure de faire la diff\u00e9rence dans la soci\u00e9t\u00e9 d'aujourd'hui dans plusieurs domaines. Pensez \u00e0 l'entreprise durable, \u00e0 la r\u00e9duction des \u00e9missions de CO2, \u00e0 la sensibilisation aux co\u00fbts, \u00e0 l'optimisation de l'efficacit\u00e9 tout en innovant dans le domaine de la logistique.<\/p>\n\n\n\n<h2 class=\"wp-block-heading\">Mission : the Easy Way&nbsp;<\/h2>\n\n\n\n<p>Nous aidons les entreprises \u00e0 passer facilement d'une utilisation unique \u00e0 une utilisation multiple. Nous proposons toutes les \u00e9tapes n\u00e9cessaires \u00e0 cet effet de mani\u00e8re claire au sein de la plateforme PCT Online. Une premi\u00e8re \u00e9tape importante consiste \u00e0 remettre les palettes non standardis\u00e9es et autres RTI et \u00e0 les remplacer par la variante \u00e0 usage multiple, y compris l'europalette EUR. Une deuxi\u00e8me \u00e9tape importante est la \u2018journalisation\u2019 : savoir quelles palettes se trouvent o\u00f9 et \u00e0 quels accords de prix.\u00a0\u00a0<\/p>\n\n\n\n<p>Le passage de l'usage unique \u00e0 l'usage multiple apportera un avantage financier \u00e0 l'ensemble de la cha\u00eene logistique - en plus de la durabilit\u00e9 - \u00e0 court terme, mais certainement \u00e0 plus long terme.&nbsp;<\/p>\n\n\n\n<p><strong>\u00cates-vous pr\u00eat pour l'avenir de la mise en commun des palettes ?<\/strong>&nbsp;<\/p>\n\n\n\n<div class=\"wp-block-buttons is-layout-flex wp-block-buttons-is-layout-flex\">\n<div class=\"wp-block-button\"><a class=\"wp-block-button__link has-white-color has-green-background-color has-text-color has-background has-link-color wp-element-button\" href=\"https:\/\/portal.pct-online.eu\/register\" target=\"_blank\" rel=\"noreferrer noopener\">Activer votre compte<\/a><\/div>\n<\/div>\n<\/div>\n<\/div>\n\n\n\n<hr class=\"wp-block-separator has-alpha-channel-opacity\"\/>\n\n\n\n<figure class=\"wp-block-image size-large\"><img fetchpriority=\"high\" decoding=\"async\" width=\"1024\" height=\"216\" src=\"http:\/\/www.palletcontroltower.eu\/wp-content\/uploads\/2023\/12\/headerbeeld_0007_PalletControlTower_Large_distribution_center-1024x216.jpg\" alt=\"\" class=\"wp-image-642\" srcset=\"https:\/\/www.palletcontroltower.eu\/wp-content\/uploads\/2023\/12\/headerbeeld_0007_PalletControlTower_Large_distribution_center-1024x216.jpg 1024w, https:\/\/www.palletcontroltower.eu\/wp-content\/uploads\/2023\/12\/headerbeeld_0007_PalletControlTower_Large_distribution_center-300x63.jpg 300w, https:\/\/www.palletcontroltower.eu\/wp-content\/uploads\/2023\/12\/headerbeeld_0007_PalletControlTower_Large_distribution_center-768x162.jpg 768w, https:\/\/www.palletcontroltower.eu\/wp-content\/uploads\/2023\/12\/headerbeeld_0007_PalletControlTower_Large_distribution_center-1536x324.jpg 1536w, https:\/\/www.palletcontroltower.eu\/wp-content\/uploads\/2023\/12\/headerbeeld_0007_PalletControlTower_Large_distribution_center-18x4.jpg 18w, https:\/\/www.palletcontroltower.eu\/wp-content\/uploads\/2023\/12\/headerbeeld_0007_PalletControlTower_Large_distribution_center.jpg 1800w\" sizes=\"(max-width: 1024px) 100vw, 1024px\" \/><\/figure>\n\n\n\n<hr class=\"wp-block-separator has-alpha-channel-opacity\"\/>\n\n\n\n<blockquote class=\"wp-block-quote is-layout-flow wp-block-quote-is-layout-flow\">\n<p class=\"has-text-align-center\">\u00c9vitez le stress des palettes ! Pallet Control Tower est la norme europ\u00e9enne et la plateforme de collecte et de livraison par appariement pour les europalettes et autres articles de transport consign\u00e9s. Nous facilitons la mise en commun de A \u00e0 Z et rendons la logistique des palettes \u00e0 nouveau g\u00e9rable.<\/p>\n<\/blockquote>\n\n\n\n<hr class=\"wp-block-separator has-alpha-channel-opacity\"\/>\n\n\n\n<div class=\"wp-block-columns is-layout-flex wp-container-core-columns-is-layout-28f84493 wp-block-columns-is-layout-flex\"><\/div>","protected":false},"excerpt":{"rendered":"<p>Visie: we nemen onze verantwoordelijkheid Automatisering, kosten maar vooral duurzaamheid hebben de laatste jaren op alle vlakken een vlucht genomen. Ook de wereld van pallets en andere Returnable Transport Items (RTI\u2019s) moet hierin mee om niet de aansluiting te verliezen. Re-use, recycle en repair zijn de kernwoorden. Door gebruik te maken van PCT Online zijn [&hellip;]<\/p>\n","protected":false},"author":1,"featured_media":0,"parent":64,"menu_order":0,"comment_status":"closed","ping_status":"closed","template":"","meta":{"footnotes":""},"class_list":["post-68","page","type-page","status-publish","hentry"],"yoast_head":"<!-- This site is optimized with the Yoast SEO plugin v27.6 - https:\/\/yoast.com\/product\/yoast-seo-wordpress\/ -->\n<title>Missie en visie - Pallet Control Tower<\/title>\n<meta name=\"description\" content=\"De missie en visie van Pallet Control Tower: een meer duurzame manier van pallet logistiek - op een zo eenvoudige wijze geoperationaliseerd\" \/>\n<meta name=\"robots\" content=\"index, follow, max-snippet:-1, max-image-preview:large, max-video-preview:-1\" \/>\n<link rel=\"canonical\" href=\"https:\/\/www.palletcontroltower.eu\/fr\/a-propos-de-nous\/mission-et-vision\/\" \/>\n<meta property=\"og:locale\" content=\"fr_FR\" \/>\n<meta property=\"og:type\" content=\"article\" \/>\n<meta property=\"og:title\" content=\"Missie en visie - Pallet Control Tower\" \/>\n<meta property=\"og:description\" content=\"De missie en visie van Pallet Control Tower: een meer duurzame manier van pallet logistiek - op een zo eenvoudige wijze geoperationaliseerd\" \/>\n<meta property=\"og:url\" content=\"https:\/\/www.palletcontroltower.eu\/fr\/a-propos-de-nous\/mission-et-vision\/\" \/>\n<meta property=\"og:site_name\" content=\"Pallet Control Tower\" \/>\n<meta property=\"article:modified_time\" content=\"2026-01-30T09:52:36+00:00\" \/>\n<meta property=\"og:image\" content=\"https:\/\/www.palletcontroltower.eu\/wp-content\/uploads\/2023\/12\/headerbeeld_0007_PalletControlTower_Large_distribution_center.jpg\" \/>\n\t<meta property=\"og:image:width\" content=\"1800\" \/>\n\t<meta property=\"og:image:height\" content=\"380\" \/>\n\t<meta property=\"og:image:type\" content=\"image\/jpeg\" \/>\n<meta name=\"twitter:card\" content=\"summary_large_image\" \/>\n<meta name=\"twitter:label1\" content=\"Dur\u00e9e de lecture estim\u00e9e\" \/>\n\t<meta name=\"twitter:data1\" content=\"2 minutes\" \/>\n<script type=\"application\/ld+json\" class=\"yoast-schema-graph\">{\"@context\":\"https:\\\/\\\/schema.org\",\"@graph\":[{\"@type\":\"WebPage\",\"@id\":\"https:\\\/\\\/www.palletcontroltower.eu\\\/over-ons\\\/missie-en-visie\\\/\",\"url\":\"https:\\\/\\\/www.palletcontroltower.eu\\\/over-ons\\\/missie-en-visie\\\/\",\"name\":\"Missie en visie - Pallet Control Tower\",\"isPartOf\":{\"@id\":\"https:\\\/\\\/www.palletcontroltower.eu\\\/#website\"},\"primaryImageOfPage\":{\"@id\":\"https:\\\/\\\/www.palletcontroltower.eu\\\/over-ons\\\/missie-en-visie\\\/#primaryimage\"},\"image\":{\"@id\":\"https:\\\/\\\/www.palletcontroltower.eu\\\/over-ons\\\/missie-en-visie\\\/#primaryimage\"},\"thumbnailUrl\":\"http:\\\/\\\/www.palletcontroltower.eu\\\/wp-content\\\/uploads\\\/2023\\\/12\\\/headerbeeld_0007_PalletControlTower_Large_distribution_center-1024x216.jpg\",\"datePublished\":\"2023-11-22T08:05:58+00:00\",\"dateModified\":\"2026-01-30T09:52:36+00:00\",\"description\":\"De missie en visie van Pallet Control Tower: een meer duurzame manier van pallet logistiek - op een zo eenvoudige wijze geoperationaliseerd\",\"breadcrumb\":{\"@id\":\"https:\\\/\\\/www.palletcontroltower.eu\\\/over-ons\\\/missie-en-visie\\\/#breadcrumb\"},\"inLanguage\":\"fr-FR\",\"potentialAction\":[{\"@type\":\"ReadAction\",\"target\":[\"https:\\\/\\\/www.palletcontroltower.eu\\\/over-ons\\\/missie-en-visie\\\/\"]}]},{\"@type\":\"ImageObject\",\"inLanguage\":\"fr-FR\",\"@id\":\"https:\\\/\\\/www.palletcontroltower.eu\\\/over-ons\\\/missie-en-visie\\\/#primaryimage\",\"url\":\"http:\\\/\\\/www.palletcontroltower.eu\\\/wp-content\\\/uploads\\\/2023\\\/12\\\/headerbeeld_0007_PalletControlTower_Large_distribution_center-1024x216.jpg\",\"contentUrl\":\"http:\\\/\\\/www.palletcontroltower.eu\\\/wp-content\\\/uploads\\\/2023\\\/12\\\/headerbeeld_0007_PalletControlTower_Large_distribution_center-1024x216.jpg\"},{\"@type\":\"BreadcrumbList\",\"@id\":\"https:\\\/\\\/www.palletcontroltower.eu\\\/over-ons\\\/missie-en-visie\\\/#breadcrumb\",\"itemListElement\":[{\"@type\":\"ListItem\",\"position\":1,\"name\":\"Home\",\"item\":\"https:\\\/\\\/www.palletcontroltower.eu\\\/\"},{\"@type\":\"ListItem\",\"position\":2,\"name\":\"Over ons\",\"item\":\"https:\\\/\\\/www.palletcontroltower.eu\\\/over-ons\\\/\"},{\"@type\":\"ListItem\",\"position\":3,\"name\":\"Missie en visie\"}]},{\"@type\":\"WebSite\",\"@id\":\"https:\\\/\\\/www.palletcontroltower.eu\\\/#website\",\"url\":\"https:\\\/\\\/www.palletcontroltower.eu\\\/\",\"name\":\"Pallet Control Tower\",\"description\":\"\",\"publisher\":{\"@id\":\"https:\\\/\\\/www.palletcontroltower.eu\\\/#organization\"},\"potentialAction\":[{\"@type\":\"SearchAction\",\"target\":{\"@type\":\"EntryPoint\",\"urlTemplate\":\"https:\\\/\\\/www.palletcontroltower.eu\\\/?s={search_term_string}\"},\"query-input\":{\"@type\":\"PropertyValueSpecification\",\"valueRequired\":true,\"valueName\":\"search_term_string\"}}],\"inLanguage\":\"fr-FR\"},{\"@type\":\"Organization\",\"@id\":\"https:\\\/\\\/www.palletcontroltower.eu\\\/#organization\",\"name\":\"Pallet Control Tower\",\"url\":\"https:\\\/\\\/www.palletcontroltower.eu\\\/\",\"logo\":{\"@type\":\"ImageObject\",\"inLanguage\":\"fr-FR\",\"@id\":\"https:\\\/\\\/www.palletcontroltower.eu\\\/#\\\/schema\\\/logo\\\/image\\\/\",\"url\":\"https:\\\/\\\/www.palletcontroltower.eu\\\/wp-content\\\/uploads\\\/2023\\\/10\\\/logo.svg\",\"contentUrl\":\"https:\\\/\\\/www.palletcontroltower.eu\\\/wp-content\\\/uploads\\\/2023\\\/10\\\/logo.svg\",\"width\":290,\"height\":87,\"caption\":\"Pallet Control Tower\"},\"image\":{\"@id\":\"https:\\\/\\\/www.palletcontroltower.eu\\\/#\\\/schema\\\/logo\\\/image\\\/\"}}]}<\/script>\n<!-- \/ Yoast SEO plugin. -->","yoast_head_json":{"title":"Mission et vision - Pallet Control Tower","description":"La mission et la vision de Pallet Control Tower : une logistique des palettes plus durable - mise en \u0153uvre de la mani\u00e8re la plus simple possible.","robots":{"index":"index","follow":"follow","max-snippet":"max-snippet:-1","max-image-preview":"max-image-preview:large","max-video-preview":"max-video-preview:-1"},"canonical":"https:\/\/www.palletcontroltower.eu\/fr\/a-propos-de-nous\/mission-et-vision\/","og_locale":"fr_FR","og_type":"article","og_title":"Missie en visie - Pallet Control Tower","og_description":"De missie en visie van Pallet Control Tower: een meer duurzame manier van pallet logistiek - op een zo eenvoudige wijze geoperationaliseerd","og_url":"https:\/\/www.palletcontroltower.eu\/fr\/a-propos-de-nous\/mission-et-vision\/","og_site_name":"Pallet Control Tower","article_modified_time":"2026-01-30T09:52:36+00:00","og_image":[{"width":1800,"height":380,"url":"https:\/\/www.palletcontroltower.eu\/wp-content\/uploads\/2023\/12\/headerbeeld_0007_PalletControlTower_Large_distribution_center.jpg","type":"image\/jpeg"}],"twitter_card":"summary_large_image","twitter_misc":{"Dur\u00e9e de lecture estim\u00e9e":"2 minutes"},"schema":{"@context":"https:\/\/schema.org","@graph":[{"@type":"WebPage","@id":"https:\/\/www.palletcontroltower.eu\/over-ons\/missie-en-visie\/","url":"https:\/\/www.palletcontroltower.eu\/over-ons\/missie-en-visie\/","name":"Mission et vision - Pallet Control Tower","isPartOf":{"@id":"https:\/\/www.palletcontroltower.eu\/#website"},"primaryImageOfPage":{"@id":"https:\/\/www.palletcontroltower.eu\/over-ons\/missie-en-visie\/#primaryimage"},"image":{"@id":"https:\/\/www.palletcontroltower.eu\/over-ons\/missie-en-visie\/#primaryimage"},"thumbnailUrl":"http:\/\/www.palletcontroltower.eu\/wp-content\/uploads\/2023\/12\/headerbeeld_0007_PalletControlTower_Large_distribution_center-1024x216.jpg","datePublished":"2023-11-22T08:05:58+00:00","dateModified":"2026-01-30T09:52:36+00:00","description":"La mission et la vision de Pallet Control Tower : une logistique des palettes plus durable - mise en \u0153uvre de la mani\u00e8re la plus simple possible.","breadcrumb":{"@id":"https:\/\/www.palletcontroltower.eu\/over-ons\/missie-en-visie\/#breadcrumb"},"inLanguage":"fr-FR","potentialAction":[{"@type":"ReadAction","target":["https:\/\/www.palletcontroltower.eu\/over-ons\/missie-en-visie\/"]}]},{"@type":"ImageObject","inLanguage":"fr-FR","@id":"https:\/\/www.palletcontroltower.eu\/over-ons\/missie-en-visie\/#primaryimage","url":"http:\/\/www.palletcontroltower.eu\/wp-content\/uploads\/2023\/12\/headerbeeld_0007_PalletControlTower_Large_distribution_center-1024x216.jpg","contentUrl":"http:\/\/www.palletcontroltower.eu\/wp-content\/uploads\/2023\/12\/headerbeeld_0007_PalletControlTower_Large_distribution_center-1024x216.jpg"},{"@type":"BreadcrumbList","@id":"https:\/\/www.palletcontroltower.eu\/over-ons\/missie-en-visie\/#breadcrumb","itemListElement":[{"@type":"ListItem","position":1,"name":"Home","item":"https:\/\/www.palletcontroltower.eu\/"},{"@type":"ListItem","position":2,"name":"Over ons","item":"https:\/\/www.palletcontroltower.eu\/over-ons\/"},{"@type":"ListItem","position":3,"name":"Missie en visie"}]},{"@type":"WebSite","@id":"https:\/\/www.palletcontroltower.eu\/#website","url":"https:\/\/www.palletcontroltower.eu\/","name":"Tour de contr\u00f4le des palettes","description":"","publisher":{"@id":"https:\/\/www.palletcontroltower.eu\/#organization"},"potentialAction":[{"@type":"SearchAction","target":{"@type":"EntryPoint","urlTemplate":"https:\/\/www.palletcontroltower.eu\/?s={search_term_string}"},"query-input":{"@type":"PropertyValueSpecification","valueRequired":true,"valueName":"search_term_string"}}],"inLanguage":"fr-FR"},{"@type":"Organization","@id":"https:\/\/www.palletcontroltower.eu\/#organization","name":"Tour de contr\u00f4le des palettes","url":"https:\/\/www.palletcontroltower.eu\/","logo":{"@type":"ImageObject","inLanguage":"fr-FR","@id":"https:\/\/www.palletcontroltower.eu\/#\/schema\/logo\/image\/","url":"https:\/\/www.palletcontroltower.eu\/wp-content\/uploads\/2023\/10\/logo.svg","contentUrl":"https:\/\/www.palletcontroltower.eu\/wp-content\/uploads\/2023\/10\/logo.svg","width":290,"height":87,"caption":"Pallet Control Tower"},"image":{"@id":"https:\/\/www.palletcontroltower.eu\/#\/schema\/logo\/image\/"}}]}},"_links":{"self":[{"href":"https:\/\/www.palletcontroltower.eu\/fr\/wp-json\/wp\/v2\/pages\/68","targetHints":{"allow":["GET"]}}],"collection":[{"href":"https:\/\/www.palletcontroltower.eu\/fr\/wp-json\/wp\/v2\/pages"}],"about":[{"href":"https:\/\/www.palletcontroltower.eu\/fr\/wp-json\/wp\/v2\/types\/page"}],"author":[{"embeddable":true,"href":"https:\/\/www.palletcontroltower.eu\/fr\/wp-json\/wp\/v2\/users\/1"}],"replies":[{"embeddable":true,"href":"https:\/\/www.palletcontroltower.eu\/fr\/wp-json\/wp\/v2\/comments?post=68"}],"version-history":[{"count":20,"href":"https:\/\/www.palletcontroltower.eu\/fr\/wp-json\/wp\/v2\/pages\/68\/revisions"}],"predecessor-version":[{"id":1235,"href":"https:\/\/www.palletcontroltower.eu\/fr\/wp-json\/wp\/v2\/pages\/68\/revisions\/1235"}],"up":[{"embeddable":true,"href":"https:\/\/www.palletcontroltower.eu\/fr\/wp-json\/wp\/v2\/pages\/64"}],"wp:attachment":[{"href":"https:\/\/www.palletcontroltower.eu\/fr\/wp-json\/wp\/v2\/media?parent=68"}],"curies":[{"name":"wp","href":"https:\/\/api.w.org\/{rel}","templated":true}]}}