{"id":1175,"date":"2024-01-17T07:59:51","date_gmt":"2024-01-17T07:59:51","guid":{"rendered":"https:\/\/www.palletcontroltower.eu\/?page_id=1175"},"modified":"2024-01-22T12:59:29","modified_gmt":"2024-01-22T12:59:29","slug":"ugyfelmenedzser","status":"publish","type":"page","link":"https:\/\/www.palletcontroltower.eu\/hu\/vacatures\/accountmanager\/","title":{"rendered":"Account manager k\u00fcl\u00f6nb\u00f6z\u0151 eur\u00f3pai orsz\u00e1gokban - teljes munkaid\u0151ben \/ r\u00e9szmunkaid\u0151ben"},"content":{"rendered":"<p><strong>T\u00f6bb \u00e9ves tapasztalattal rendelkezik a logisztika \u00e9s\/vagy a nemzetk\u00f6zi kereskedelem ter\u00fclet\u00e9n, \u00e9s szeretn\u00e9 megtenni a k\u00f6vetkez\u0151 l\u00e9p\u00e9st karrierj\u00e9ben?<\/strong><\/p>\n\n\n\n<p>Akkor ragadja meg most a lehet\u0151s\u00e9get, hogy tov\u00e1bb fejl\u0151dj\u00f6n vel\u00fcnk, mint \u00fcgyf\u00e9lmenedzser az egyik eur\u00f3pai m\u0171k\u00f6d\u00e9si r\u00e9gi\u00f3nkban:<\/p>\n\n\n\n<ul class=\"wp-block-list\">\n<li>Hollandia, Belgium, Luxemburg,<\/li>\n\n\n\n<li>N\u00e9metorsz\u00e1g, Ausztria, Sv\u00e1jc,<\/li>\n\n\n\n<li>Nagy-Britannia<\/li>\n\n\n\n<li>Franciaorsz\u00e1g<\/li>\n\n\n\n<li>Spanyolorsz\u00e1g \u00e9s Portug\u00e1lia<\/li>\n\n\n\n<li>Olaszorsz\u00e1g<\/li>\n\n\n\n<li>D\u00e1nia, Norv\u00e9gia, Sv\u00e9dorsz\u00e1g, Norv\u00e9gia, Sv\u00e9dorsz\u00e1g<\/li>\n\n\n\n<li>\u00c9sztorsz\u00e1g, Lettorsz\u00e1g, Litv\u00e1nia, Lengyelorsz\u00e1g,<\/li>\n\n\n\n<li>Cseh K\u00f6zt\u00e1rsas\u00e1g, Szlov\u00e1kia, Magyarorsz\u00e1g, Rom\u00e1nia,<\/li>\n\n\n\n<li>Szerbia, Montenegr\u00f3, Bulg\u00e1ria, G\u00f6r\u00f6gorsz\u00e1g<\/li>\n<\/ul>\n\n\n\n<h3 class=\"wp-block-heading\"><strong>Ki az a raklapvez\u00e9rl\u0151 torony (PCT)?<\/strong><\/h3>\n\n\n\n<p>Nemzetk\u00f6zi v\u00e1llalat vagyunk, amely az Europallet \u00e9s m\u00e1s \"visszav\u00e1lthat\u00f3 sz\u00e1ll\u00edt\u00e1si cikkek\" ipar\u00e1g\u00e1ban tev\u00e9kenykedik. Kifejlesztett\u00fcnk egy 24\/7 online platformot, ahol az Europalletek v\u00e1s\u00e1rl\u00e1sa \u00e9s elad\u00e1sa gyorsabb, egyszer\u0171bb, intelligensebb \u00e9s fenntarthat\u00f3bb, mint a hagyom\u00e1nyos m\u00f3dszerekkel. \u00dcgyfeleink Eur\u00f3p\u00e1ban, valamint Amerik\u00e1ban\/Kanad\u00e1ban \u00e9s \u00c1zsi\u00e1ban tal\u00e1lhat\u00f3k. V\u00e1ltozatos \u00e9s kih\u00edv\u00e1sokkal teli munk\u00e1ra sz\u00e1m\u00edthat.<\/p>\n\n\n\n<p>\u00dcgyf\u00e9lkapcsolati menedzserk\u00e9nt szorosan egy\u00fcttm\u0171k\u00f6dik majd vez\u00e9rigazgat\u00f3nkkal, a t\u00f6bbi eur\u00f3pai \u00fcgyf\u00e9lkapcsolati menedzserrel \u00e9s \u00fcgyfeleinkkel. A nemzetk\u00f6zi logisztika \u00e9s raklapkereskedelem dinamikus \u00e9s kih\u00edv\u00e1sokkal teli ipar\u00e1g. \u00d6n ezt mindenkin\u00e9l jobban tudja. Ez\u00e9rt sokat fogsz utazni, hogy megl\u00e1togasd \u00fcgyfeleinket \u00e9s potenci\u00e1lis \u00fcgyfeleinket. \u00d6n megold\u00e1sorient\u00e1lt \u00e9s er\u0151s kereskedelmi \u00e9rz\u00e9kkel rendelkezik. Ha lelkes \u00e9s k\u00edv\u00e1ncsi vagy erre a poz\u00edci\u00f3ra, olvass tov\u00e1bb gyorsan!<\/p>\n\n\n\n<h3 class=\"wp-block-heading\"><strong>Mit k\u00edn\u00e1lunk \u00d6nnek?<\/strong><\/h3>\n\n\n\n<ul class=\"wp-block-list\">\n<li>Kih\u00edv\u00e1st jelent\u0151 munka egy bar\u00e1ts\u00e1gos \u00e9s m\u00e9g mindig n\u00f6vekv\u0151 v\u00e1llalatn\u00e1l<\/li>\n\n\n\n<li>F\u00fcggetlens\u00e9g, nagy mozg\u00e1st\u00e9r a saj\u00e1t napi menetrend kialak\u00edt\u00e1s\u00e1hoz<\/li>\n\n\n\n<li>Egy otthoni iroda teljes be\u00e1ll\u00edt\u00e1sa<\/li>\n\n\n\n<li>Versenyk\u00e9pes fizet\u00e9s, a relev\u00e1ns tapasztalat fontos szempont<\/li>\n\n\n\n<li>L\u00edzing aut\u00f3, IPad \u00e9s mobiltelefon<\/li>\n\n\n\n<li>25 szabadnap \u00e9s a tov\u00e1bbi napok megv\u00e1s\u00e1rl\u00e1s\u00e1nak lehet\u0151s\u00e9ge<\/li>\n\n\n\n<li>B\u00f3nuszrendszer<\/li>\n<\/ul>\n\n\n\n<h3 class=\"wp-block-heading\"><strong>Kit keres\u00fcnk?<\/strong><\/h3>\n\n\n\n<p>\u00d6n gyakorlatias, tele van energi\u00e1val, \u00e9s szereti \u00e1tvenni a vezet\u00e9st. Akt\u00edv, elk\u00f6telezett \u00e9s v\u00e1llalkoz\u00f3 szellem\u0171 vagy. A telefonh\u00edv\u00e1sokat \u00e9s a k\u00f6zvetlen \u00fcgyf\u00e9lkapcsolatot term\u00e9szetesnek veszed. B\u00e1r az \u00f6n\u00e1ll\u00f3 munkav\u00e9gz\u00e9s egy\u00e1ltal\u00e1n nem okoz gondot, csapatban is j\u00f3l tudsz m\u0171k\u00f6dni, \u00e9s t\u00e1rsas\u00e1gkedvel\u0151 vagy.<\/p>\n\n\n\n<ul class=\"wp-block-list\">\n<li>\u00d6n az egyik orsz\u00e1gban \u00e9l, \u00e9s hajland\u00f3 utazni ideje jelent\u0151s r\u00e9sz\u00e9t (&gt; 50%).<\/li>\n\n\n\n<li>Otthonr\u00f3l fogsz dolgozni, \u00e9s id\u0151nk\u00e9nt tal\u00e1lkozunk a hollandiai k\u00f6zponti irod\u00e1ban.<\/li>\n\n\n\n<li>Pragmatizmus, pro-aktivit\u00e1s \u00e9s megold\u00e1s-orient\u00e1lts\u00e1g<\/li>\n\n\n\n<li>Nemzetk\u00f6zi kereskedelmi \u00e9s\/vagy logisztikai h\u00e1tt\u00e9r<\/li>\n\n\n\n<li>MBO+\/HBO szint\u0171 oktat\u00e1s<\/li>\n\n\n\n<li>Szakmai szinten besz\u00e9l \u00e9s \u00edr angolul \u00e9s saj\u00e1t nyelv\u00e9n.<\/li>\n\n\n\n<li>M\u00e1s nyelvek ismerete el\u0151nyt jelent<\/li>\n\n\n\n<li>T\u00f6bbek k\u00f6z\u00f6tt a HubSpot-tal \u00e9s az Office 365-tel dolgozunk egy\u00fctt.<\/li>\n<\/ul>\n\n\n\n<p>Az \u00e1ll\u00e1s teljes munkaid\u0151s (heti 40 \u00f3ra), k\u00f6z\u00f6s megegyez\u00e9ssel r\u00e9szmunkaid\u0151 is lehets\u00e9ges.<\/p>\n\n\n\n<h3 class=\"wp-block-heading\"><strong>Alkalmaz\u00e1s<\/strong><\/h3>\n\n\n\n<p>M\u00e9g mindig izgatott vagyok! Meg\u00e9rtj\u00fck! Akkor \u00edrja meg k\u00eds\u00e9r\u0151level\u00e9t \u00e9s<br>K\u00fcldje el \u00f6n\u00e9letrajz\u00e1val egy\u00fctt Bart Meijnen c\u00edm\u00e9re: \uf0e0 info@palletcontroltower.eu. K\u00e9rd\u00e9sek\u00e9rt\/b\u0151vebb inform\u00e1ci\u00f3\u00e9rt e-mailben vagy telefonon is \u00e9rdekl\u0151dhet: +31 620530869.<\/p>\n\n\n\n<p><em>Az erre az \u00e1ll\u00e1spontra adott v\u00e1laszk\u00e9nt t\u00f6rt\u00e9n\u0151 beszerz\u00e9s nem \u00e9rt\u00e9kelhet\u0151.<\/em><\/p>","protected":false},"excerpt":{"rendered":"<p>U heeft meerdere jaren ervaring in de logistieke sector en\/of internationale handel en u zou graag een volgende stap in uw carri\u00e8re willen zetten? Grijp dan nu uw kans om verder te groeien bij ons als account manager in een van onze Europese werkgebieden: Wie is Pallet Control Tower (PCT)? Wij zijn een internationaal bedrijf [&hellip;]<\/p>\n","protected":false},"author":3,"featured_media":0,"parent":70,"menu_order":0,"comment_status":"closed","ping_status":"closed","template":"","meta":{"footnotes":""},"class_list":["post-1175","page","type-page","status-publish","hentry"],"yoast_head":"<!-- This site is optimized with the Yoast SEO plugin v27.3 - https:\/\/yoast.com\/product\/yoast-seo-wordpress\/ -->\n<title>Account manager diverse Europese landen \u2013 fulltime \/ parttime - Pallet Control Tower<\/title>\n<meta name=\"description\" content=\"Pallet Control Tower is op zoek naar een ervaren account manager, internationale handel of supply chain, voor een van onze werkgebieden\" \/>\n<meta name=\"robots\" content=\"index, follow, max-snippet:-1, max-image-preview:large, max-video-preview:-1\" \/>\n<link rel=\"canonical\" href=\"https:\/\/www.palletcontroltower.eu\/hu\/allasajanlatok\/pelda-ures-allashely-1\/\" \/>\n<meta property=\"og:locale\" content=\"hu_HU\" \/>\n<meta property=\"og:type\" content=\"article\" \/>\n<meta property=\"og:title\" content=\"Account manager diverse Europese landen \u2013 fulltime \/ parttime - Pallet Control Tower\" \/>\n<meta property=\"og:description\" content=\"Pallet Control Tower is op zoek naar een ervaren account manager, internationale handel of supply chain, voor een van onze werkgebieden\" \/>\n<meta property=\"og:url\" content=\"https:\/\/www.palletcontroltower.eu\/hu\/allasajanlatok\/pelda-ures-allashely-1\/\" \/>\n<meta property=\"og:site_name\" content=\"Pallet Control Tower\" \/>\n<meta property=\"article:modified_time\" content=\"2024-01-22T12:59:29+00:00\" \/>\n<meta name=\"twitter:card\" content=\"summary_large_image\" \/>\n<meta name=\"twitter:label1\" content=\"Becs\u00fclt olvas\u00e1si id\u0151\" \/>\n\t<meta name=\"twitter:data1\" content=\"3 perc\" \/>\n<script type=\"application\/ld+json\" class=\"yoast-schema-graph\">{\"@context\":\"https:\\\/\\\/schema.org\",\"@graph\":[{\"@type\":\"WebPage\",\"@id\":\"https:\\\/\\\/www.palletcontroltower.eu\\\/hu\\\/allasajanlatok\\\/pelda-ures-allashely-1\\\/\",\"url\":\"https:\\\/\\\/www.palletcontroltower.eu\\\/hu\\\/allasajanlatok\\\/pelda-ures-allashely-1\\\/\",\"name\":\"Account manager diverse Europese landen \u2013 fulltime \\\/ parttime - Pallet Control Tower\",\"isPartOf\":{\"@id\":\"https:\\\/\\\/www.palletcontroltower.eu\\\/#website\"},\"datePublished\":\"2024-01-17T07:59:51+00:00\",\"dateModified\":\"2024-01-22T12:59:29+00:00\",\"description\":\"Pallet Control Tower is op zoek naar een ervaren account manager, internationale handel of supply chain, voor een van onze werkgebieden\",\"breadcrumb\":{\"@id\":\"https:\\\/\\\/www.palletcontroltower.eu\\\/hu\\\/allasajanlatok\\\/pelda-ures-allashely-1\\\/#breadcrumb\"},\"inLanguage\":\"hu\",\"potentialAction\":[{\"@type\":\"ReadAction\",\"target\":[\"https:\\\/\\\/www.palletcontroltower.eu\\\/hu\\\/allasajanlatok\\\/pelda-ures-allashely-1\\\/\"]}]},{\"@type\":\"BreadcrumbList\",\"@id\":\"https:\\\/\\\/www.palletcontroltower.eu\\\/hu\\\/allasajanlatok\\\/pelda-ures-allashely-1\\\/#breadcrumb\",\"itemListElement\":[{\"@type\":\"ListItem\",\"position\":1,\"name\":\"Home\",\"item\":\"https:\\\/\\\/www.palletcontroltower.eu\\\/\"},{\"@type\":\"ListItem\",\"position\":2,\"name\":\"Vacatures\",\"item\":\"https:\\\/\\\/www.palletcontroltower.eu\\\/vacatures\\\/\"},{\"@type\":\"ListItem\",\"position\":3,\"name\":\"Account manager diverse Europese landen \u2013 fulltime \\\/ parttime\"}]},{\"@type\":\"WebSite\",\"@id\":\"https:\\\/\\\/www.palletcontroltower.eu\\\/#website\",\"url\":\"https:\\\/\\\/www.palletcontroltower.eu\\\/\",\"name\":\"Pallet Control Tower\",\"description\":\"\",\"publisher\":{\"@id\":\"https:\\\/\\\/www.palletcontroltower.eu\\\/#organization\"},\"potentialAction\":[{\"@type\":\"SearchAction\",\"target\":{\"@type\":\"EntryPoint\",\"urlTemplate\":\"https:\\\/\\\/www.palletcontroltower.eu\\\/?s={search_term_string}\"},\"query-input\":{\"@type\":\"PropertyValueSpecification\",\"valueRequired\":true,\"valueName\":\"search_term_string\"}}],\"inLanguage\":\"hu\"},{\"@type\":\"Organization\",\"@id\":\"https:\\\/\\\/www.palletcontroltower.eu\\\/#organization\",\"name\":\"Pallet Control Tower\",\"url\":\"https:\\\/\\\/www.palletcontroltower.eu\\\/\",\"logo\":{\"@type\":\"ImageObject\",\"inLanguage\":\"hu\",\"@id\":\"https:\\\/\\\/www.palletcontroltower.eu\\\/#\\\/schema\\\/logo\\\/image\\\/\",\"url\":\"https:\\\/\\\/www.palletcontroltower.eu\\\/wp-content\\\/uploads\\\/2023\\\/10\\\/logo.svg\",\"contentUrl\":\"https:\\\/\\\/www.palletcontroltower.eu\\\/wp-content\\\/uploads\\\/2023\\\/10\\\/logo.svg\",\"width\":290,\"height\":87,\"caption\":\"Pallet Control Tower\"},\"image\":{\"@id\":\"https:\\\/\\\/www.palletcontroltower.eu\\\/#\\\/schema\\\/logo\\\/image\\\/\"}}]}<\/script>\n<!-- \/ Yoast SEO plugin. -->","yoast_head_json":{"title":"Account manager k\u00fcl\u00f6nb\u00f6z\u0151 eur\u00f3pai orsz\u00e1gok - teljes munkaid\u0151 \/ r\u00e9szmunkaid\u0151 - Pallet Control Tower","description":"A Pallet Control Tower tapasztalt \u00fcgyf\u00e9lmenedzsert keres, nemzetk\u00f6zi kereskedelem vagy ell\u00e1t\u00e1si l\u00e1nc ter\u00fcletre, az egyik m\u0171k\u00f6d\u00e9si ter\u00fclet\u00fcnkre.","robots":{"index":"index","follow":"follow","max-snippet":"max-snippet:-1","max-image-preview":"max-image-preview:large","max-video-preview":"max-video-preview:-1"},"canonical":"https:\/\/www.palletcontroltower.eu\/hu\/allasajanlatok\/pelda-ures-allashely-1\/","og_locale":"hu_HU","og_type":"article","og_title":"Account manager diverse Europese landen \u2013 fulltime \/ parttime - Pallet Control Tower","og_description":"Pallet Control Tower is op zoek naar een ervaren account manager, internationale handel of supply chain, voor een van onze werkgebieden","og_url":"https:\/\/www.palletcontroltower.eu\/hu\/allasajanlatok\/pelda-ures-allashely-1\/","og_site_name":"Pallet Control Tower","article_modified_time":"2024-01-22T12:59:29+00:00","twitter_card":"summary_large_image","twitter_misc":{"Becs\u00fclt olvas\u00e1si id\u0151":"3 perc"},"schema":{"@context":"https:\/\/schema.org","@graph":[{"@type":"WebPage","@id":"https:\/\/www.palletcontroltower.eu\/hu\/allasajanlatok\/pelda-ures-allashely-1\/","url":"https:\/\/www.palletcontroltower.eu\/hu\/allasajanlatok\/pelda-ures-allashely-1\/","name":"Account manager k\u00fcl\u00f6nb\u00f6z\u0151 eur\u00f3pai orsz\u00e1gok - teljes munkaid\u0151 \/ r\u00e9szmunkaid\u0151 - Pallet Control Tower","isPartOf":{"@id":"https:\/\/www.palletcontroltower.eu\/#website"},"datePublished":"2024-01-17T07:59:51+00:00","dateModified":"2024-01-22T12:59:29+00:00","description":"A Pallet Control Tower tapasztalt \u00fcgyf\u00e9lmenedzsert keres, nemzetk\u00f6zi kereskedelem vagy ell\u00e1t\u00e1si l\u00e1nc ter\u00fcletre, az egyik m\u0171k\u00f6d\u00e9si ter\u00fclet\u00fcnkre.","breadcrumb":{"@id":"https:\/\/www.palletcontroltower.eu\/hu\/allasajanlatok\/pelda-ures-allashely-1\/#breadcrumb"},"inLanguage":"hu","potentialAction":[{"@type":"ReadAction","target":["https:\/\/www.palletcontroltower.eu\/hu\/allasajanlatok\/pelda-ures-allashely-1\/"]}]},{"@type":"BreadcrumbList","@id":"https:\/\/www.palletcontroltower.eu\/hu\/allasajanlatok\/pelda-ures-allashely-1\/#breadcrumb","itemListElement":[{"@type":"ListItem","position":1,"name":"Home","item":"https:\/\/www.palletcontroltower.eu\/"},{"@type":"ListItem","position":2,"name":"Vacatures","item":"https:\/\/www.palletcontroltower.eu\/vacatures\/"},{"@type":"ListItem","position":3,"name":"Account manager diverse Europese landen \u2013 fulltime \/ parttime"}]},{"@type":"WebSite","@id":"https:\/\/www.palletcontroltower.eu\/#website","url":"https:\/\/www.palletcontroltower.eu\/","name":"Raklapvez\u00e9rl\u0151 torony","description":"","publisher":{"@id":"https:\/\/www.palletcontroltower.eu\/#organization"},"potentialAction":[{"@type":"SearchAction","target":{"@type":"EntryPoint","urlTemplate":"https:\/\/www.palletcontroltower.eu\/?s={search_term_string}"},"query-input":{"@type":"PropertyValueSpecification","valueRequired":true,"valueName":"search_term_string"}}],"inLanguage":"hu"},{"@type":"Organization","@id":"https:\/\/www.palletcontroltower.eu\/#organization","name":"Raklapvez\u00e9rl\u0151 torony","url":"https:\/\/www.palletcontroltower.eu\/","logo":{"@type":"ImageObject","inLanguage":"hu","@id":"https:\/\/www.palletcontroltower.eu\/#\/schema\/logo\/image\/","url":"https:\/\/www.palletcontroltower.eu\/wp-content\/uploads\/2023\/10\/logo.svg","contentUrl":"https:\/\/www.palletcontroltower.eu\/wp-content\/uploads\/2023\/10\/logo.svg","width":290,"height":87,"caption":"Pallet Control Tower"},"image":{"@id":"https:\/\/www.palletcontroltower.eu\/#\/schema\/logo\/image\/"}}]}},"_links":{"self":[{"href":"https:\/\/www.palletcontroltower.eu\/hu\/wp-json\/wp\/v2\/pages\/1175","targetHints":{"allow":["GET"]}}],"collection":[{"href":"https:\/\/www.palletcontroltower.eu\/hu\/wp-json\/wp\/v2\/pages"}],"about":[{"href":"https:\/\/www.palletcontroltower.eu\/hu\/wp-json\/wp\/v2\/types\/page"}],"author":[{"embeddable":true,"href":"https:\/\/www.palletcontroltower.eu\/hu\/wp-json\/wp\/v2\/users\/3"}],"replies":[{"embeddable":true,"href":"https:\/\/www.palletcontroltower.eu\/hu\/wp-json\/wp\/v2\/comments?post=1175"}],"version-history":[{"count":3,"href":"https:\/\/www.palletcontroltower.eu\/hu\/wp-json\/wp\/v2\/pages\/1175\/revisions"}],"predecessor-version":[{"id":1196,"href":"https:\/\/www.palletcontroltower.eu\/hu\/wp-json\/wp\/v2\/pages\/1175\/revisions\/1196"}],"up":[{"embeddable":true,"href":"https:\/\/www.palletcontroltower.eu\/hu\/wp-json\/wp\/v2\/pages\/70"}],"wp:attachment":[{"href":"https:\/\/www.palletcontroltower.eu\/hu\/wp-json\/wp\/v2\/media?parent=1175"}],"curies":[{"name":"wp","href":"https:\/\/api.w.org\/{rel}","templated":true}]}}