{"id":1178,"date":"2024-01-17T08:00:50","date_gmt":"2024-01-17T08:00:50","guid":{"rendered":"https:\/\/www.palletcontroltower.eu\/?page_id=1178"},"modified":"2024-01-22T13:02:20","modified_gmt":"2024-01-22T13:02:20","slug":"junior-irodai-marketing-asszisztens","status":"publish","type":"page","link":"https:\/\/www.palletcontroltower.eu\/hu\/vacatures\/junior-office-marketing-medewerker\/","title":{"rendered":"(Junior) Irodai \/ marketing asszisztens - r\u00e9szmunkaid\u0151ben \/ teljes munkaid\u0151ben"},"content":{"rendered":"<p><strong>\u00d6n p\u00e1ly\u00e1ja elej\u00e9n \u00e1ll, vagy m\u00e1r rendelkezik els\u0151 munkatapasztalattal marketing\/kommunik\u00e1ci\u00f3s \u00e9s\/vagy irodavezet\u0151i poz\u00edci\u00f3ban, \u00e9s szeretn\u00e9 megtenni a k\u00f6vetkez\u0151 l\u00e9p\u00e9st karrierj\u00e9ben?<\/strong><\/p>\n\n\n\n<p>Akkor ragadd meg a lehet\u0151s\u00e9get, hogy vel\u00fcnk egy\u00fctt fejl\u0151dj (junior) irodai \u00e9s marketing asszisztensk\u00e9nt!<\/p>\n\n\n\n<h3 class=\"wp-block-heading\"><strong>Azt k\u00e9rdezi, hogy ki az a raklapvez\u00e9rl\u0151 torony (PCT)?<\/strong><\/h3>\n\n\n\n<p>Nemzetk\u00f6zi v\u00e1llalat vagyunk, amely az Europallet \u00e9s m\u00e1s \"visszav\u00e1lthat\u00f3 sz\u00e1ll\u00edt\u00e1si cikkek\" ipar\u00e1g\u00e1ban tev\u00e9kenykedik. Kifejlesztett\u00fcnk egy eur\u00f3pai online platformot, ahol az Europalletek v\u00e1s\u00e1rl\u00e1sa \u00e9s \u00e9rt\u00e9kes\u00edt\u00e9se gyorsabb, egyszer\u0171bb \u00e9s fenntarthat\u00f3bb, mint a hagyom\u00e1nyos m\u00f3dszerekkel. \u00dcgyf\u00e9lportf\u00f3li\u00f3nk eur\u00f3pai \u00e9s glob\u00e1lis. V\u00e1ltozatos \u00e9s kih\u00edv\u00e1sokkal teli munk\u00e1ra sz\u00e1m\u00edthat.<\/p>\n\n\n\n<p>Az irodai \u00e9s marketing asszisztens szerep\u00e9ben szorosan egy\u00fcttm\u0171k\u00f6dik a nemzetk\u00f6zi \u00fcgyf\u00e9lmenedzserekkel \u00e9s \u00fcgyfelekkel. Gondoskodni fogsz a marketing \u00e9s kommunik\u00e1ci\u00f3s t\u00e1mogat\u00e1sr\u00f3l, p\u00e9ld\u00e1ul saj\u00e1t m\u00e9di\u00e1t k\u00e9sz\u00edtesz, tartalmat hozol l\u00e9tre, megszervezed a v\u00e1s\u00e1ron val\u00f3 r\u00e9szv\u00e9telt, karbantartod a k\u00f6z\u00f6ss\u00e9gi m\u00e9dia csatorn\u00e1kat, kommunik\u00e1lsz az \u00fcgyfelekkel \u00e9s a potenci\u00e1lis \u00fcgyfelekkel. De naprak\u00e9szen tartod az \u00fcgyf\u00e9lkapcsolati menedzserek napt\u00e1r\u00e1t is, utaz\u00e1sokat foglalsz sz\u00e1mukra (bele\u00e9rtve a sz\u00e1llod\u00e1kat\/b\u00e9relt aut\u00f3kat), \u00e9s te vagy a kapocs a p\u00e9nz\u00fcgyi oszt\u00e1ly \u00e9s az \u00fcgyf\u00e9lkapcsolati menedzserek k\u00f6z\u00f6tt. Az egyik \u00e1ltalunk haszn\u00e1lt eszk\u00f6z a HubSpot. Ha lelkes \u00e9s k\u00edv\u00e1ncsi lett\u00e9l erre a poz\u00edci\u00f3ra, olvass tov\u00e1bb gyorsan!<\/p>\n\n\n\n<h3 class=\"wp-block-heading\"><strong>Mit k\u00edn\u00e1lunk \u00d6nnek?<\/strong><\/h3>\n\n\n\n<ul class=\"wp-block-list\">\n<li>K\u00f6zvetlen foglalkoztat\u00e1s a PCT-n\u00e9l<\/li>\n\n\n\n<li>Egy bar\u00e1ts\u00e1gos (m\u00e9g mindig n\u00f6vekv\u0151) nemzetk\u00f6zi csapat<\/li>\n\n\n\n<li>v\u00e1ltozatos \u00e9s kih\u00edv\u00e1sokkal teli kereskedelmi kommunik\u00e1ci\u00f3s szerepk\u00f6r<\/li>\n\n\n\n<li>Dinamikus piac, amely folyamatosan fejl\u0151dik<\/li>\n\n\n\n<li>\u00datmutat\u00e1s \u00e9s hossz\u00fa t\u00e1v\u00fa karrierlehet\u0151s\u00e9gek<\/li>\n\n\n\n<li>Lehets\u00e9ges a hibrid munkav\u00e9gz\u00e9s<\/li>\n\n\n\n<li>Versenyk\u00e9pes fizet\u00e9s<\/li>\n<\/ul>\n\n\n\n<h3 class=\"wp-block-heading\"><strong>Kit keres\u00fcnk?<\/strong><\/h3>\n\n\n\n<p>\u00d6n gyakorlatias, tele van energi\u00e1val, \u00e9s szereti maga ir\u00e1ny\u00edtani a dolgokat. Akt\u00edv, elk\u00f6telezett \u00e9s v\u00e1llalkoz\u00f3 szellem\u0171 vagy. Nem okoz gondot a telefonos kapcsolattart\u00e1s, lehet\u0151leg maga veszi fel a telefont a besz\u00e9lget\u00e9sekhez. Az \u00f6n\u00e1ll\u00f3 munkav\u00e9gz\u00e9s nem jelent sz\u00e1modra probl\u00e9m\u00e1t, csapatban is j\u00f3l tudsz m\u0171k\u00f6dni, \u00e9s szoci\u00e1lis be\u00e1ll\u00edtotts\u00e1g\u00fa vagy.<\/p>\n\n\n\n<ul class=\"wp-block-list\">\n<li>\u00cdr\u00e1s tehets\u00e9g pur \u00e9nekelt<\/li>\n\n\n\n<li>Az online \u00e9s offline kommunik\u00e1ci\u00f3 ismerete, mint p\u00e9ld\u00e1ul a LinkedIn (rekl\u00e1m) \u00e9s a MailChimp.<\/li>\n\n\n\n<li>Office 365, esetleg Canva, InDesign \u00e9s\/vagy Photoshop ismerete<\/li>\n\n\n\n<li>Kiv\u00e1l\u00f3 holland \u00e9s angol (\u00e9s esetleg m\u00e1s nyelvek) nyelvtud\u00e1s.<\/li>\n\n\n\n<li>Roermond ter\u00fclet\u00e9n \u00e9l\u0151k<\/li>\n\n\n\n<li>A poz\u00edci\u00f3 lehet r\u00e9szmunkaid\u0151s (24 vagy 32 \u00f3ra) vagy teljes munkaid\u0151s.<\/li>\n<\/ul>\n\n\n\n<h3 class=\"wp-block-heading\"><strong>Alkalmaz\u00e1s<\/strong><\/h3>\n\n\n\n<p>M\u00e9g mindig izgatott vagyok! Ezt meg\u00e9rtj\u00fck! Akkor \u00edrja meg motiv\u00e1ci\u00f3s level\u00e9t, \u00e9s k\u00fcldje el \u00f6n\u00e9letrajz\u00e1val egy\u00fctt Bart Meijnen c\u00edm\u00e9re: info@palletcontroltower.eu. K\u00e9rd\u00e9s eset\u00e9n vagy tov\u00e1bbi inform\u00e1ci\u00f3k\u00e9rt e-mailben vagy telefonon is \u00e9rdekl\u0151dhet n\u00e1la: +31 620530869.<\/p>\n\n\n\n<p><em>A beszerz\u00e9s v\u00e1laszul erre a poz\u00edci\u00f3ra nem \u00e9rt\u00e9kelhet\u0151.<\/em><\/p>","protected":false},"excerpt":{"rendered":"<p>Sta je aan het begin van je loopbaan of heb je al een eerste werkervaring in een marketing\/communicatie en\/of office management functie en zou je graag de volgende stap in je carri\u00e8re willen zetten? Grijp dan nu je kans om te groeien bij ons als (junior) office- en marketingmedewerker! Wie is Pallet Control Tower (PCT) [&hellip;]<\/p>\n","protected":false},"author":3,"featured_media":0,"parent":70,"menu_order":0,"comment_status":"closed","ping_status":"closed","template":"","meta":{"footnotes":""},"class_list":["post-1178","page","type-page","status-publish","hentry"],"yoast_head":"<!-- This site is optimized with the Yoast SEO plugin v27.6 - https:\/\/yoast.com\/product\/yoast-seo-wordpress\/ -->\n<title>(Junior) Office \/ Marketing medewerker \u2013 parttime\/fulltime - Pallet Control Tower<\/title>\n<meta name=\"description\" content=\"PCT is op zoek naar een office \/ marketing medewerker die de spin in het web is op ons hoofdkantoor voor marketing en office activiteiten\" \/>\n<meta name=\"robots\" content=\"index, follow, max-snippet:-1, max-image-preview:large, max-video-preview:-1\" \/>\n<link rel=\"canonical\" href=\"https:\/\/www.palletcontroltower.eu\/hu\/allasajanlatok\/pelda-ures-allashely-2\/\" \/>\n<meta property=\"og:locale\" content=\"hu_HU\" \/>\n<meta property=\"og:type\" content=\"article\" \/>\n<meta property=\"og:title\" content=\"(Junior) Office \/ Marketing medewerker \u2013 parttime\/fulltime - Pallet Control Tower\" \/>\n<meta property=\"og:description\" content=\"PCT is op zoek naar een office \/ marketing medewerker die de spin in het web is op ons hoofdkantoor voor marketing en office activiteiten\" \/>\n<meta property=\"og:url\" content=\"https:\/\/www.palletcontroltower.eu\/hu\/allasajanlatok\/pelda-ures-allashely-2\/\" \/>\n<meta property=\"og:site_name\" content=\"Pallet Control Tower\" \/>\n<meta property=\"article:modified_time\" content=\"2024-01-22T13:02:20+00:00\" \/>\n<meta name=\"twitter:card\" content=\"summary_large_image\" \/>\n<meta name=\"twitter:label1\" content=\"Becs\u00fclt olvas\u00e1si id\u0151\" \/>\n\t<meta name=\"twitter:data1\" content=\"3 perc\" \/>\n<script type=\"application\/ld+json\" class=\"yoast-schema-graph\">{\"@context\":\"https:\\\/\\\/schema.org\",\"@graph\":[{\"@type\":\"WebPage\",\"@id\":\"https:\\\/\\\/www.palletcontroltower.eu\\\/hu\\\/allasajanlatok\\\/pelda-ures-allashely-2\\\/\",\"url\":\"https:\\\/\\\/www.palletcontroltower.eu\\\/hu\\\/allasajanlatok\\\/pelda-ures-allashely-2\\\/\",\"name\":\"(Junior) Office \\\/ Marketing medewerker \u2013 parttime\\\/fulltime - Pallet Control Tower\",\"isPartOf\":{\"@id\":\"https:\\\/\\\/www.palletcontroltower.eu\\\/#website\"},\"datePublished\":\"2024-01-17T08:00:50+00:00\",\"dateModified\":\"2024-01-22T13:02:20+00:00\",\"description\":\"PCT is op zoek naar een office \\\/ marketing medewerker die de spin in het web is op ons hoofdkantoor voor marketing en office activiteiten\",\"breadcrumb\":{\"@id\":\"https:\\\/\\\/www.palletcontroltower.eu\\\/hu\\\/allasajanlatok\\\/pelda-ures-allashely-2\\\/#breadcrumb\"},\"inLanguage\":\"hu\",\"potentialAction\":[{\"@type\":\"ReadAction\",\"target\":[\"https:\\\/\\\/www.palletcontroltower.eu\\\/hu\\\/allasajanlatok\\\/pelda-ures-allashely-2\\\/\"]}]},{\"@type\":\"BreadcrumbList\",\"@id\":\"https:\\\/\\\/www.palletcontroltower.eu\\\/hu\\\/allasajanlatok\\\/pelda-ures-allashely-2\\\/#breadcrumb\",\"itemListElement\":[{\"@type\":\"ListItem\",\"position\":1,\"name\":\"Home\",\"item\":\"https:\\\/\\\/www.palletcontroltower.eu\\\/\"},{\"@type\":\"ListItem\",\"position\":2,\"name\":\"Vacatures\",\"item\":\"https:\\\/\\\/www.palletcontroltower.eu\\\/vacatures\\\/\"},{\"@type\":\"ListItem\",\"position\":3,\"name\":\"(Junior) Office \\\/ Marketing medewerker \u2013 parttime\\\/fulltime\"}]},{\"@type\":\"WebSite\",\"@id\":\"https:\\\/\\\/www.palletcontroltower.eu\\\/#website\",\"url\":\"https:\\\/\\\/www.palletcontroltower.eu\\\/\",\"name\":\"Pallet Control Tower\",\"description\":\"\",\"publisher\":{\"@id\":\"https:\\\/\\\/www.palletcontroltower.eu\\\/#organization\"},\"potentialAction\":[{\"@type\":\"SearchAction\",\"target\":{\"@type\":\"EntryPoint\",\"urlTemplate\":\"https:\\\/\\\/www.palletcontroltower.eu\\\/?s={search_term_string}\"},\"query-input\":{\"@type\":\"PropertyValueSpecification\",\"valueRequired\":true,\"valueName\":\"search_term_string\"}}],\"inLanguage\":\"hu\"},{\"@type\":\"Organization\",\"@id\":\"https:\\\/\\\/www.palletcontroltower.eu\\\/#organization\",\"name\":\"Pallet Control Tower\",\"url\":\"https:\\\/\\\/www.palletcontroltower.eu\\\/\",\"logo\":{\"@type\":\"ImageObject\",\"inLanguage\":\"hu\",\"@id\":\"https:\\\/\\\/www.palletcontroltower.eu\\\/#\\\/schema\\\/logo\\\/image\\\/\",\"url\":\"https:\\\/\\\/www.palletcontroltower.eu\\\/wp-content\\\/uploads\\\/2023\\\/10\\\/logo.svg\",\"contentUrl\":\"https:\\\/\\\/www.palletcontroltower.eu\\\/wp-content\\\/uploads\\\/2023\\\/10\\\/logo.svg\",\"width\":290,\"height\":87,\"caption\":\"Pallet Control Tower\"},\"image\":{\"@id\":\"https:\\\/\\\/www.palletcontroltower.eu\\\/#\\\/schema\\\/logo\\\/image\\\/\"}}]}<\/script>\n<!-- \/ Yoast SEO plugin. -->","yoast_head_json":{"title":"(Junior) Irodai \/ marketing asszisztens - r\u00e9szmunkaid\u0151ben \/ teljes munkaid\u0151ben - Pallet Control Tower","description":"A PCT irodai\/marketing asszisztenst keres, aki a marketing \u00e9s az irodai tev\u00e9kenys\u00e9gek k\u00f6zponti irod\u00e1nkban t\u00f6rt\u00e9n\u0151 ir\u00e1ny\u00edt\u00e1sa alatt \u00e1ll.","robots":{"index":"index","follow":"follow","max-snippet":"max-snippet:-1","max-image-preview":"max-image-preview:large","max-video-preview":"max-video-preview:-1"},"canonical":"https:\/\/www.palletcontroltower.eu\/hu\/allasajanlatok\/pelda-ures-allashely-2\/","og_locale":"hu_HU","og_type":"article","og_title":"(Junior) Office \/ Marketing medewerker \u2013 parttime\/fulltime - Pallet Control Tower","og_description":"PCT is op zoek naar een office \/ marketing medewerker die de spin in het web is op ons hoofdkantoor voor marketing en office activiteiten","og_url":"https:\/\/www.palletcontroltower.eu\/hu\/allasajanlatok\/pelda-ures-allashely-2\/","og_site_name":"Pallet Control Tower","article_modified_time":"2024-01-22T13:02:20+00:00","twitter_card":"summary_large_image","twitter_misc":{"Becs\u00fclt olvas\u00e1si id\u0151":"3 perc"},"schema":{"@context":"https:\/\/schema.org","@graph":[{"@type":"WebPage","@id":"https:\/\/www.palletcontroltower.eu\/hu\/allasajanlatok\/pelda-ures-allashely-2\/","url":"https:\/\/www.palletcontroltower.eu\/hu\/allasajanlatok\/pelda-ures-allashely-2\/","name":"(Junior) Irodai \/ marketing asszisztens - r\u00e9szmunkaid\u0151ben \/ teljes munkaid\u0151ben - Pallet Control Tower","isPartOf":{"@id":"https:\/\/www.palletcontroltower.eu\/#website"},"datePublished":"2024-01-17T08:00:50+00:00","dateModified":"2024-01-22T13:02:20+00:00","description":"A PCT irodai\/marketing asszisztenst keres, aki a marketing \u00e9s az irodai tev\u00e9kenys\u00e9gek k\u00f6zponti irod\u00e1nkban t\u00f6rt\u00e9n\u0151 ir\u00e1ny\u00edt\u00e1sa alatt \u00e1ll.","breadcrumb":{"@id":"https:\/\/www.palletcontroltower.eu\/hu\/allasajanlatok\/pelda-ures-allashely-2\/#breadcrumb"},"inLanguage":"hu","potentialAction":[{"@type":"ReadAction","target":["https:\/\/www.palletcontroltower.eu\/hu\/allasajanlatok\/pelda-ures-allashely-2\/"]}]},{"@type":"BreadcrumbList","@id":"https:\/\/www.palletcontroltower.eu\/hu\/allasajanlatok\/pelda-ures-allashely-2\/#breadcrumb","itemListElement":[{"@type":"ListItem","position":1,"name":"Home","item":"https:\/\/www.palletcontroltower.eu\/"},{"@type":"ListItem","position":2,"name":"Vacatures","item":"https:\/\/www.palletcontroltower.eu\/vacatures\/"},{"@type":"ListItem","position":3,"name":"(Junior) Office \/ Marketing medewerker \u2013 parttime\/fulltime"}]},{"@type":"WebSite","@id":"https:\/\/www.palletcontroltower.eu\/#website","url":"https:\/\/www.palletcontroltower.eu\/","name":"Raklapvez\u00e9rl\u0151 torony","description":"","publisher":{"@id":"https:\/\/www.palletcontroltower.eu\/#organization"},"potentialAction":[{"@type":"SearchAction","target":{"@type":"EntryPoint","urlTemplate":"https:\/\/www.palletcontroltower.eu\/?s={search_term_string}"},"query-input":{"@type":"PropertyValueSpecification","valueRequired":true,"valueName":"search_term_string"}}],"inLanguage":"hu"},{"@type":"Organization","@id":"https:\/\/www.palletcontroltower.eu\/#organization","name":"Raklapvez\u00e9rl\u0151 torony","url":"https:\/\/www.palletcontroltower.eu\/","logo":{"@type":"ImageObject","inLanguage":"hu","@id":"https:\/\/www.palletcontroltower.eu\/#\/schema\/logo\/image\/","url":"https:\/\/www.palletcontroltower.eu\/wp-content\/uploads\/2023\/10\/logo.svg","contentUrl":"https:\/\/www.palletcontroltower.eu\/wp-content\/uploads\/2023\/10\/logo.svg","width":290,"height":87,"caption":"Pallet Control Tower"},"image":{"@id":"https:\/\/www.palletcontroltower.eu\/#\/schema\/logo\/image\/"}}]}},"_links":{"self":[{"href":"https:\/\/www.palletcontroltower.eu\/hu\/wp-json\/wp\/v2\/pages\/1178","targetHints":{"allow":["GET"]}}],"collection":[{"href":"https:\/\/www.palletcontroltower.eu\/hu\/wp-json\/wp\/v2\/pages"}],"about":[{"href":"https:\/\/www.palletcontroltower.eu\/hu\/wp-json\/wp\/v2\/types\/page"}],"author":[{"embeddable":true,"href":"https:\/\/www.palletcontroltower.eu\/hu\/wp-json\/wp\/v2\/users\/3"}],"replies":[{"embeddable":true,"href":"https:\/\/www.palletcontroltower.eu\/hu\/wp-json\/wp\/v2\/comments?post=1178"}],"version-history":[{"count":6,"href":"https:\/\/www.palletcontroltower.eu\/hu\/wp-json\/wp\/v2\/pages\/1178\/revisions"}],"predecessor-version":[{"id":1198,"href":"https:\/\/www.palletcontroltower.eu\/hu\/wp-json\/wp\/v2\/pages\/1178\/revisions\/1198"}],"up":[{"embeddable":true,"href":"https:\/\/www.palletcontroltower.eu\/hu\/wp-json\/wp\/v2\/pages\/70"}],"wp:attachment":[{"href":"https:\/\/www.palletcontroltower.eu\/hu\/wp-json\/wp\/v2\/media?parent=1178"}],"curies":[{"name":"wp","href":"https:\/\/api.w.org\/{rel}","templated":true}]}}