{"id":19,"date":"2023-11-22T07:58:45","date_gmt":"2023-11-22T07:58:45","guid":{"rendered":"http:\/\/www.palletcontroltower.eu\/?page_id=19"},"modified":"2024-01-08T14:09:55","modified_gmt":"2024-01-08T14:09:55","slug":"mit-csinalunk","status":"publish","type":"page","link":"https:\/\/www.palletcontroltower.eu\/hu\/hoe-werkt-het\/wat-wij-doen\/","title":{"rendered":"Mit csin\u00e1lunk"},"content":{"rendered":"<figure class=\"wp-block-embed is-type-video is-provider-youtube wp-block-embed-youtube wp-embed-aspect-16-9 wp-has-aspect-ratio\"><div class=\"wp-block-embed__wrapper\">\n<iframe title=\"Raklapvez\u00e9rl\u0151 torony - hogyan m\u0171k\u00f6dik\" width=\"800\" height=\"450\" src=\"https:\/\/www.youtube.com\/embed\/C0PJ3iyygi4?feature=oembed\" frameborder=\"0\" allow=\"accelerometer; autoplay; clipboard-write; encrypted-media; gyroscope; picture-in-picture; web-share\" allowfullscreen><\/iframe>\n<\/div><\/figure>\n\n\n\n<div class=\"wp-block-columns is-layout-flex wp-container-core-columns-is-layout-28f84493 wp-block-columns-is-layout-flex\">\n<div class=\"wp-block-column is-layout-flow wp-block-column-is-layout-flow\">\n<h2 class=\"wp-block-heading\"><strong>Hogyan m\u0171k\u00f6dik a PCT Online<\/strong><\/h2>\n\n\n\n<p>Az online port\u00e1lon egyszer\u0171en bejelentkezhet, \u00e9s elv\u00e9gezheti az europalett\u00e1k \"gy\u0171jt\u00e9si\" \u00e9s \"sz\u00e1ll\u00edt\u00e1si\" megrendel\u00e9seinek \u00f6sszes l\u00e9p\u00e9s\u00e9t. E k\u00e9t modulon k\u00edv\u00fcl, kiz\u00e1r\u00f3lag a fuvaroz\u00f3k \u00e9s a DC-k sz\u00e1m\u00e1ra, a \"Foly\u00f3sz\u00e1mla\" modul is el\u00e9rhet\u0151 itt.<\/p>\n\n\n\n<p>A \"p\u00e1ros\u00edt\u00e1s\" folyamata teljes m\u00e9rt\u00e9kben nyomon k\u00f6vethet\u0151. Minden el\u0151zm\u00e9ny megmarad, \u00edgy mindig \u00e1tl\u00e1that\u00f3, hogy ki mit \u00e9s mikor kezdem\u00e9nyezett.<\/p>\n\n\n\n<p>A PCT Online el\u00e9rhet\u0151 PC-n, t\u00e1blag\u00e9pen \u00e9s mobilon, \u00e9s kompatibilis a legt\u00f6bb logisztikai ERP-, WMS- \u00e9s VMS-rendszerrel.<\/p>\n\n\n\n<h2 class=\"wp-block-heading\"><strong>Gy\u0171jtem\u00e9ny<\/strong>&nbsp;<\/h2>\n\n\n\n<p>A raklapok beny\u00fajt\u00e1sa m\u00e9g soha nem volt ilyen egyszer\u0171. A PCT Online-on t\u00f6rt\u00e9n\u0151 regisztr\u00e1ci\u00f3 ut\u00e1n k\u00f6vetkezik a p\u00e1ros\u00edt\u00e1si folyamat, amely a legjobb egyez\u00e9st adja meg a let\u00e9tbe helyez\u00e9ssel. A begy\u0171jt\u00e9s, v\u00e1logat\u00e1s \u00e9s \u00e9rt\u00e9kel\u00e9s ut\u00e1n az \u00e9rt\u00e9ket j\u00f3v\u00e1\u00edrj\u00e1k az \u00d6n e-Credit egyenleg\u00e9n.&nbsp;<\/p>\n\n\n\n<p>A raklapok minden t\u00edpusa mellett a dep\u00f3kban leadhatja \u00e9s \u00e9rt\u00e9keltetheti a visszasz\u00e1ll\u00edtand\u00f3 sz\u00e1ll\u00edtm\u00e1nyokat (RTI). Az \u00e9rt\u00e9ket e-Creditjeinkben fizetj\u00fck ki.&nbsp;<\/p>\n\n\n\n<h2 class=\"wp-block-heading\"><strong>Sz\u00e1ll\u00edt\u00e1s<\/strong>&nbsp;<\/h2>\n\n\n\n<p>Jelezze a raklapok sz\u00fcks\u00e9gess\u00e9g\u00e9t a PCT Online-ban. Ezut\u00e1n elindul az egyeztet\u00e9si folyamat, hogy a legjobb felt\u00e9telekkel rendelkez\u0151 rakt\u00e1rat tal\u00e1lja meg. Haszn\u00e1lhatja saj\u00e1t megb\u00edzhat\u00f3 rakt\u00e1r\u00e1t is. Er\u0151s\u00edtse meg az egyez\u00e9st a PCT Online-ban, \u00e9s a megrendel\u00e9s v\u00e9grehajt\u00e1sra ker\u00fcl.&nbsp;<\/p>\n\n\n\n<p>A sz\u00e1ll\u00edt\u00e1s e-Creditben ker\u00fcl felsz\u00e1m\u00edt\u00e1sra, \u00e9s az el\u0151zm\u00e9nyeket a PCT Online m\u0171szerfalon kereszt\u00fcl k\u00f6vetheti nyomon. <\/p>\n\n\n\n<h2 class=\"wp-block-heading\"><strong>E-Creditek<\/strong>&nbsp;<\/h2>\n\n\n\n<p>Az e-hitel a mi virtu\u00e1lis elsz\u00e1mol\u00e1si \u00e9s fizet\u00e9si eszk\u00f6z\u00fcnk, \u00e9s 1 haszn\u00e1lt eur\u00f3 raklap \u00e9rt\u00e9k\u00e9t k\u00e9pviseli A-min\u0151s\u00e9gben. Az eur\u00f3ban kifejezett \u00e9rt\u00e9k a n\u00e9met \u00e1ruh\u00e1zl\u00e1nc f\u00fcggetlen index\u00e9hez kapcsol\u00f3dik. <a href=\"https:\/\/www.euwid-holz.de\/\" data-type=\"link\" data-id=\"https:\/\/www.euwid-holz.de\/\" target=\"_blank\" rel=\"noreferrer noopener\">EUWID - Holz und M\u00f6bel<\/a>.&nbsp;<\/p>\n\n\n\n<p>Az e-Creditek szabadon \u00e1tvihet\u0151k a PCT Online felhaszn\u00e1l\u00f3k egyenlegei k\u00f6z\u00f6tt. A j\u00f3v\u00e1\u00edr\u00e1s az egyenlegen a begy\u0171jt\u00e9s ut\u00e1n t\u00f6rt\u00e9nik, \u00e9s a sz\u00e1ll\u00edt\u00e1skor megterhel\u00e9sre ker\u00fcl. Emellett az e-Creditek k\u00fcl\u00f6n is megv\u00e1s\u00e1rolhat\u00f3k a PCT-t\u0151l.&nbsp;<\/p>\n\n\n\n<p>Az e-Credit nem \u00c1FA-k\u00f6teles (!), \u00e9s megoldja a nemzetk\u00f6zi \u00c1FA-probl\u00e9m\u00e1t is, amely a begy\u0171jt\u00e9shez \u00e9s k\u00e9zbes\u00edt\u00e9shez k\u00f6t\u0151dik. A k\u00f6nnyebb \u00fat!&nbsp;<\/p>\n\n\n\n<h2 class=\"wp-block-heading\"><strong>Foly\u00f3sz\u00e1mla<\/strong>&nbsp;<\/h2>\n\n\n\n<p>Kifejezetten a fuvaroz\u00f3 sz\u00e1m\u00e1ra k\u00e9sz\u00fclt a foly\u00f3sz\u00e1mla modul. K\u00f6nnyed\u00e9n nyomon k\u00f6vetheti a raklap\u00e1raml\u00e1sokhoz kapcsol\u00f3d\u00f3an a felad\u00f3, a fuvaroz\u00f3 \u00e9s az \u00e1ru\u00e1tvev\u0151 k\u00f6z\u00f6tti egyenlegeket.&nbsp;<\/p>\n\n\n\n<p>A foly\u00f3sz\u00e1mla a BlockChain technol\u00f3gi\u00e1val m\u0171k\u00f6dik, \u00e9s ut\u00f3lag nem m\u00f3dos\u00edthat\u00f3. Ez \u00e1tl\u00e1that\u00f3s\u00e1got \u00e9s biztons\u00e1got teremt minden \u00e9rintett sz\u00e1m\u00e1ra. A PCT Online-on mindenki nyomon k\u00f6vetheti az el\u0151rehalad\u00e1st.&nbsp;<\/p>\n\n\n\n<p><strong>K\u00e9szen \u00e1ll a raklapgy\u0171jt\u00e9s j\u00f6v\u0151j\u00e9re?<\/strong>&nbsp;<\/p>\n<\/div>\n<\/div>\n\n\n\n<hr class=\"wp-block-separator has-alpha-channel-opacity\"\/>\n\n\n\n<div class=\"wp-block-buttons is-content-justification-center is-layout-flex wp-container-core-buttons-is-layout-a89b3969 wp-block-buttons-is-layout-flex\">\n<div class=\"wp-block-button is-style-fill\"><a class=\"wp-block-button__link has-white-color has-green-background-color has-text-color has-background has-link-color wp-element-button\" href=\"https:\/\/portal.pct-online.eu\/register\" target=\"_blank\" rel=\"noreferrer noopener\">Aktiv\u00e1lja fi\u00f3kj\u00e1t<\/a><\/div>\n<\/div>\n\n\n\n<hr class=\"wp-block-separator has-alpha-channel-opacity\"\/>\n\n\n\n<blockquote class=\"wp-block-quote is-layout-flow wp-block-quote-is-layout-flow\">\n<p class=\"has-text-align-center\">El\u0151zze meg a raklap stresszt! A Pallet Control Tower az eur\u00f3pai szabv\u00e1ny \u00e9s az eur\u00f3pai raklapok \u00e9s egy\u00e9bk\u00e9nt a RTI-k sz\u00e1m\u00e1ra az egyez\u00e9ssel t\u00f6rt\u00e9n\u0151 gy\u0171jt\u00e9s \u00e9s sz\u00e1ll\u00edt\u00e1s platformja. Megk\u00f6nny\u00edtj\u00fck a ny\u00edlt poolingot A-t\u00f3l Z-ig. \u00c9s \u00fajra kezelhet\u0151v\u00e9 tessz\u00fck a raklaplogisztik\u00e1t. &nbsp;<\/p>\n<\/blockquote>\n\n\n\n<hr class=\"wp-block-separator has-alpha-channel-opacity\"\/>\n\n\n\n<figure class=\"wp-block-image size-full is-style-default\"><img fetchpriority=\"high\" decoding=\"async\" width=\"1600\" height=\"1066\" src=\"http:\/\/www.palletcontroltower.eu\/wp-content\/uploads\/2023\/11\/palletcontroltower-2.jpg\" alt=\"\" class=\"wp-image-207\" style=\"aspect-ratio:16\/9;object-fit:cover\" srcset=\"https:\/\/www.palletcontroltower.eu\/wp-content\/uploads\/2023\/11\/palletcontroltower-2.jpg 1600w, https:\/\/www.palletcontroltower.eu\/wp-content\/uploads\/2023\/11\/palletcontroltower-2-300x200.jpg 300w, https:\/\/www.palletcontroltower.eu\/wp-content\/uploads\/2023\/11\/palletcontroltower-2-1024x682.jpg 1024w, https:\/\/www.palletcontroltower.eu\/wp-content\/uploads\/2023\/11\/palletcontroltower-2-768x512.jpg 768w, https:\/\/www.palletcontroltower.eu\/wp-content\/uploads\/2023\/11\/palletcontroltower-2-1536x1023.jpg 1536w\" sizes=\"(max-width: 1600px) 100vw, 1600px\" \/><\/figure>\n\n\n\n<hr class=\"wp-block-separator has-alpha-channel-opacity\"\/>\n\n\n\n<div class=\"wp-block-columns is-layout-flex wp-container-core-columns-is-layout-28f84493 wp-block-columns-is-layout-flex\">\n<div class=\"wp-block-column is-layout-flow wp-block-column-is-layout-flow\"><\/div>\n<\/div>","protected":false},"excerpt":{"rendered":"<p>Zo werkt PCT Online In het online portal kunt u eenvoudig inloggen en alle stappen zetten voor de \u201cCollection\u201d en \u201cDelivery\u201d opdrachten van europallets. Naast deze twee modules staat hier, enkel voor transporteurs en DC&#8217;s, ook de \u201cRekening Courant\u201d module. Het proces van \u201cmatching\u201d is volledig te volgen. Alle historie blijft bewaard, zodat altijd transparant [&hellip;]<\/p>\n","protected":false},"author":1,"featured_media":0,"parent":17,"menu_order":0,"comment_status":"closed","ping_status":"closed","template":"","meta":{"footnotes":""},"class_list":["post-19","page","type-page","status-publish","hentry"],"yoast_head":"<!-- This site is optimized with the Yoast SEO plugin v27.3 - https:\/\/yoast.com\/product\/yoast-seo-wordpress\/ -->\n<title>Wat wij doen - Pallet Control Tower<\/title>\n<meta name=\"description\" content=\"Hoe functioneert Pallet Control Tower Online: Collection, Delivery, e-Credits en Rekening-Courant, speciaal voor vervoerders\/DC&#039;s.\" \/>\n<meta name=\"robots\" content=\"index, follow, max-snippet:-1, max-image-preview:large, max-video-preview:-1\" \/>\n<link rel=\"canonical\" href=\"https:\/\/www.palletcontroltower.eu\/hu\/hogyan-mukodik\/mit-csinalunk\/\" \/>\n<meta property=\"og:locale\" content=\"hu_HU\" \/>\n<meta property=\"og:type\" content=\"article\" \/>\n<meta property=\"og:title\" content=\"Wat wij doen - Pallet Control Tower\" \/>\n<meta property=\"og:description\" content=\"Hoe functioneert Pallet Control Tower Online: Collection, Delivery, e-Credits en Rekening-Courant, speciaal voor vervoerders\/DC&#039;s.\" \/>\n<meta property=\"og:url\" content=\"https:\/\/www.palletcontroltower.eu\/hu\/hogyan-mukodik\/mit-csinalunk\/\" \/>\n<meta property=\"og:site_name\" content=\"Pallet Control Tower\" \/>\n<meta property=\"article:modified_time\" content=\"2024-01-08T14:09:55+00:00\" \/>\n<meta property=\"og:image\" content=\"http:\/\/www.palletcontroltower.eu\/wp-content\/uploads\/2023\/11\/palletcontroltower-2.jpg\" \/>\n<meta name=\"twitter:card\" content=\"summary_large_image\" \/>\n<meta name=\"twitter:label1\" content=\"Becs\u00fclt olvas\u00e1si id\u0151\" \/>\n\t<meta name=\"twitter:data1\" content=\"3 perc\" \/>\n<script type=\"application\/ld+json\" class=\"yoast-schema-graph\">{\"@context\":\"https:\\\/\\\/schema.org\",\"@graph\":[{\"@type\":\"WebPage\",\"@id\":\"https:\\\/\\\/www.palletcontroltower.eu\\\/hoe-werkt-het\\\/wat-wij-doen\\\/\",\"url\":\"https:\\\/\\\/www.palletcontroltower.eu\\\/hoe-werkt-het\\\/wat-wij-doen\\\/\",\"name\":\"Wat wij doen - Pallet Control Tower\",\"isPartOf\":{\"@id\":\"https:\\\/\\\/www.palletcontroltower.eu\\\/#website\"},\"primaryImageOfPage\":{\"@id\":\"https:\\\/\\\/www.palletcontroltower.eu\\\/hoe-werkt-het\\\/wat-wij-doen\\\/#primaryimage\"},\"image\":{\"@id\":\"https:\\\/\\\/www.palletcontroltower.eu\\\/hoe-werkt-het\\\/wat-wij-doen\\\/#primaryimage\"},\"thumbnailUrl\":\"http:\\\/\\\/www.palletcontroltower.eu\\\/wp-content\\\/uploads\\\/2023\\\/11\\\/palletcontroltower-2.jpg\",\"datePublished\":\"2023-11-22T07:58:45+00:00\",\"dateModified\":\"2024-01-08T14:09:55+00:00\",\"description\":\"Hoe functioneert Pallet Control Tower Online: Collection, Delivery, e-Credits en Rekening-Courant, speciaal voor vervoerders\\\/DC's.\",\"breadcrumb\":{\"@id\":\"https:\\\/\\\/www.palletcontroltower.eu\\\/hoe-werkt-het\\\/wat-wij-doen\\\/#breadcrumb\"},\"inLanguage\":\"hu\",\"potentialAction\":[{\"@type\":\"ReadAction\",\"target\":[\"https:\\\/\\\/www.palletcontroltower.eu\\\/hoe-werkt-het\\\/wat-wij-doen\\\/\"]}]},{\"@type\":\"ImageObject\",\"inLanguage\":\"hu\",\"@id\":\"https:\\\/\\\/www.palletcontroltower.eu\\\/hoe-werkt-het\\\/wat-wij-doen\\\/#primaryimage\",\"url\":\"http:\\\/\\\/www.palletcontroltower.eu\\\/wp-content\\\/uploads\\\/2023\\\/11\\\/palletcontroltower-2.jpg\",\"contentUrl\":\"http:\\\/\\\/www.palletcontroltower.eu\\\/wp-content\\\/uploads\\\/2023\\\/11\\\/palletcontroltower-2.jpg\"},{\"@type\":\"BreadcrumbList\",\"@id\":\"https:\\\/\\\/www.palletcontroltower.eu\\\/hoe-werkt-het\\\/wat-wij-doen\\\/#breadcrumb\",\"itemListElement\":[{\"@type\":\"ListItem\",\"position\":1,\"name\":\"Home\",\"item\":\"https:\\\/\\\/www.palletcontroltower.eu\\\/\"},{\"@type\":\"ListItem\",\"position\":2,\"name\":\"Hoe werkt het\",\"item\":\"https:\\\/\\\/www.palletcontroltower.eu\\\/hoe-werkt-het\\\/\"},{\"@type\":\"ListItem\",\"position\":3,\"name\":\"Wat wij doen\"}]},{\"@type\":\"WebSite\",\"@id\":\"https:\\\/\\\/www.palletcontroltower.eu\\\/#website\",\"url\":\"https:\\\/\\\/www.palletcontroltower.eu\\\/\",\"name\":\"Pallet Control Tower\",\"description\":\"\",\"publisher\":{\"@id\":\"https:\\\/\\\/www.palletcontroltower.eu\\\/#organization\"},\"potentialAction\":[{\"@type\":\"SearchAction\",\"target\":{\"@type\":\"EntryPoint\",\"urlTemplate\":\"https:\\\/\\\/www.palletcontroltower.eu\\\/?s={search_term_string}\"},\"query-input\":{\"@type\":\"PropertyValueSpecification\",\"valueRequired\":true,\"valueName\":\"search_term_string\"}}],\"inLanguage\":\"hu\"},{\"@type\":\"Organization\",\"@id\":\"https:\\\/\\\/www.palletcontroltower.eu\\\/#organization\",\"name\":\"Pallet Control Tower\",\"url\":\"https:\\\/\\\/www.palletcontroltower.eu\\\/\",\"logo\":{\"@type\":\"ImageObject\",\"inLanguage\":\"hu\",\"@id\":\"https:\\\/\\\/www.palletcontroltower.eu\\\/#\\\/schema\\\/logo\\\/image\\\/\",\"url\":\"https:\\\/\\\/www.palletcontroltower.eu\\\/wp-content\\\/uploads\\\/2023\\\/10\\\/logo.svg\",\"contentUrl\":\"https:\\\/\\\/www.palletcontroltower.eu\\\/wp-content\\\/uploads\\\/2023\\\/10\\\/logo.svg\",\"width\":290,\"height\":87,\"caption\":\"Pallet Control Tower\"},\"image\":{\"@id\":\"https:\\\/\\\/www.palletcontroltower.eu\\\/#\\\/schema\\\/logo\\\/image\\\/\"}}]}<\/script>\n<!-- \/ Yoast SEO plugin. -->","yoast_head_json":{"title":"Mit csin\u00e1lunk - Raklapvez\u00e9rl\u0151 torony","description":"Hogyan m\u0171k\u00f6dik a Pallet Control Tower Online: Begy\u0171jt\u00e9s, K\u00e9zbes\u00edt\u00e9s, e-Credit \u00e9s Foly\u00f3sz\u00e1mla, k\u00fcl\u00f6n\u00f6sen a sz\u00e1ll\u00edtm\u00e1nyoz\u00f3k \/ DC-k sz\u00e1m\u00e1ra.","robots":{"index":"index","follow":"follow","max-snippet":"max-snippet:-1","max-image-preview":"max-image-preview:large","max-video-preview":"max-video-preview:-1"},"canonical":"https:\/\/www.palletcontroltower.eu\/hu\/hogyan-mukodik\/mit-csinalunk\/","og_locale":"hu_HU","og_type":"article","og_title":"Wat wij doen - Pallet Control Tower","og_description":"Hoe functioneert Pallet Control Tower Online: Collection, Delivery, e-Credits en Rekening-Courant, speciaal voor vervoerders\/DC's.","og_url":"https:\/\/www.palletcontroltower.eu\/hu\/hogyan-mukodik\/mit-csinalunk\/","og_site_name":"Pallet Control Tower","article_modified_time":"2024-01-08T14:09:55+00:00","og_image":[{"url":"http:\/\/www.palletcontroltower.eu\/wp-content\/uploads\/2023\/11\/palletcontroltower-2.jpg","type":"","width":"","height":""}],"twitter_card":"summary_large_image","twitter_misc":{"Becs\u00fclt olvas\u00e1si id\u0151":"3 perc"},"schema":{"@context":"https:\/\/schema.org","@graph":[{"@type":"WebPage","@id":"https:\/\/www.palletcontroltower.eu\/hoe-werkt-het\/wat-wij-doen\/","url":"https:\/\/www.palletcontroltower.eu\/hoe-werkt-het\/wat-wij-doen\/","name":"Mit csin\u00e1lunk - Raklapvez\u00e9rl\u0151 torony","isPartOf":{"@id":"https:\/\/www.palletcontroltower.eu\/#website"},"primaryImageOfPage":{"@id":"https:\/\/www.palletcontroltower.eu\/hoe-werkt-het\/wat-wij-doen\/#primaryimage"},"image":{"@id":"https:\/\/www.palletcontroltower.eu\/hoe-werkt-het\/wat-wij-doen\/#primaryimage"},"thumbnailUrl":"http:\/\/www.palletcontroltower.eu\/wp-content\/uploads\/2023\/11\/palletcontroltower-2.jpg","datePublished":"2023-11-22T07:58:45+00:00","dateModified":"2024-01-08T14:09:55+00:00","description":"Hogyan m\u0171k\u00f6dik a Pallet Control Tower Online: Begy\u0171jt\u00e9s, K\u00e9zbes\u00edt\u00e9s, e-Credit \u00e9s Foly\u00f3sz\u00e1mla, k\u00fcl\u00f6n\u00f6sen a sz\u00e1ll\u00edtm\u00e1nyoz\u00f3k \/ DC-k sz\u00e1m\u00e1ra.","breadcrumb":{"@id":"https:\/\/www.palletcontroltower.eu\/hoe-werkt-het\/wat-wij-doen\/#breadcrumb"},"inLanguage":"hu","potentialAction":[{"@type":"ReadAction","target":["https:\/\/www.palletcontroltower.eu\/hoe-werkt-het\/wat-wij-doen\/"]}]},{"@type":"ImageObject","inLanguage":"hu","@id":"https:\/\/www.palletcontroltower.eu\/hoe-werkt-het\/wat-wij-doen\/#primaryimage","url":"http:\/\/www.palletcontroltower.eu\/wp-content\/uploads\/2023\/11\/palletcontroltower-2.jpg","contentUrl":"http:\/\/www.palletcontroltower.eu\/wp-content\/uploads\/2023\/11\/palletcontroltower-2.jpg"},{"@type":"BreadcrumbList","@id":"https:\/\/www.palletcontroltower.eu\/hoe-werkt-het\/wat-wij-doen\/#breadcrumb","itemListElement":[{"@type":"ListItem","position":1,"name":"Home","item":"https:\/\/www.palletcontroltower.eu\/"},{"@type":"ListItem","position":2,"name":"Hoe werkt het","item":"https:\/\/www.palletcontroltower.eu\/hoe-werkt-het\/"},{"@type":"ListItem","position":3,"name":"Wat wij doen"}]},{"@type":"WebSite","@id":"https:\/\/www.palletcontroltower.eu\/#website","url":"https:\/\/www.palletcontroltower.eu\/","name":"Raklapvez\u00e9rl\u0151 torony","description":"","publisher":{"@id":"https:\/\/www.palletcontroltower.eu\/#organization"},"potentialAction":[{"@type":"SearchAction","target":{"@type":"EntryPoint","urlTemplate":"https:\/\/www.palletcontroltower.eu\/?s={search_term_string}"},"query-input":{"@type":"PropertyValueSpecification","valueRequired":true,"valueName":"search_term_string"}}],"inLanguage":"hu"},{"@type":"Organization","@id":"https:\/\/www.palletcontroltower.eu\/#organization","name":"Raklapvez\u00e9rl\u0151 torony","url":"https:\/\/www.palletcontroltower.eu\/","logo":{"@type":"ImageObject","inLanguage":"hu","@id":"https:\/\/www.palletcontroltower.eu\/#\/schema\/logo\/image\/","url":"https:\/\/www.palletcontroltower.eu\/wp-content\/uploads\/2023\/10\/logo.svg","contentUrl":"https:\/\/www.palletcontroltower.eu\/wp-content\/uploads\/2023\/10\/logo.svg","width":290,"height":87,"caption":"Pallet Control Tower"},"image":{"@id":"https:\/\/www.palletcontroltower.eu\/#\/schema\/logo\/image\/"}}]}},"_links":{"self":[{"href":"https:\/\/www.palletcontroltower.eu\/hu\/wp-json\/wp\/v2\/pages\/19","targetHints":{"allow":["GET"]}}],"collection":[{"href":"https:\/\/www.palletcontroltower.eu\/hu\/wp-json\/wp\/v2\/pages"}],"about":[{"href":"https:\/\/www.palletcontroltower.eu\/hu\/wp-json\/wp\/v2\/types\/page"}],"author":[{"embeddable":true,"href":"https:\/\/www.palletcontroltower.eu\/hu\/wp-json\/wp\/v2\/users\/1"}],"replies":[{"embeddable":true,"href":"https:\/\/www.palletcontroltower.eu\/hu\/wp-json\/wp\/v2\/comments?post=19"}],"version-history":[{"count":32,"href":"https:\/\/www.palletcontroltower.eu\/hu\/wp-json\/wp\/v2\/pages\/19\/revisions"}],"predecessor-version":[{"id":1020,"href":"https:\/\/www.palletcontroltower.eu\/hu\/wp-json\/wp\/v2\/pages\/19\/revisions\/1020"}],"up":[{"embeddable":true,"href":"https:\/\/www.palletcontroltower.eu\/hu\/wp-json\/wp\/v2\/pages\/17"}],"wp:attachment":[{"href":"https:\/\/www.palletcontroltower.eu\/hu\/wp-json\/wp\/v2\/media?parent=19"}],"curies":[{"name":"wp","href":"https:\/\/api.w.org\/{rel}","templated":true}]}}