{"id":23,"date":"2023-11-22T07:59:21","date_gmt":"2023-11-22T07:59:21","guid":{"rendered":"http:\/\/www.palletcontroltower.eu\/?page_id=23"},"modified":"2024-01-11T10:37:39","modified_gmt":"2024-01-11T10:37:39","slug":"gyakran-ismetelt-kerdesek","status":"publish","type":"page","link":"https:\/\/www.palletcontroltower.eu\/hu\/hoe-werkt-het\/veelgestelde-vragen\/","title":{"rendered":"Gyakran ism\u00e9telt k\u00e9rd\u00e9sek"},"content":{"rendered":"<div class=\"wp-block-columns is-layout-flex wp-container-core-columns-is-layout-28f84493 wp-block-columns-is-layout-flex\">\n<div class=\"wp-block-column is-layout-flow wp-block-column-is-layout-flow\"><\/div>\n<\/div>\n\n\n\n<hr class=\"wp-block-separator has-alpha-channel-opacity\"\/>\n\n\n\n<div class=\"wp-block-pb-accordion-item c-accordion__item js-accordion-item no-js\" data-initially-open=\"false\" data-click-to-close=\"true\" data-auto-close=\"true\" data-scroll=\"false\" data-scroll-offset=\"0\"><h3 id=\"at-230\" class=\"c-accordion__title js-accordion-controller\" role=\"button\"><strong>Mi az a sz\u00e1ll\u00edt\u00e1s?<\/strong><\/h3><div id=\"ac-230\" class=\"c-accordion__content\">\n<p>A Sz\u00e1ll\u00edt\u00e1si megrendel\u00e9ssel \u00d6n jelzi, hogy raklapok egy t\u00e9tel\u00e9t szeretn\u00e9 megv\u00e1s\u00e1rolni. Ez lehet saj\u00e1t maga vagy egy besz\u00e1ll\u00edt\u00f3 sz\u00e1m\u00e1ra. A PCT Online-ban megadja, hogy mely sz\u00e1mokat, min\u0151s\u00e9geket hova szeretn\u00e9 sz\u00e1ll\u00edtani. Lehet\u0151s\u00e9g van tov\u00e1bbi sz\u00e1ll\u00edt\u00e1si opci\u00f3k megad\u00e1s\u00e1ra is. \u00d6n t\u00f6bb aj\u00e1nlatot is kap, \u00e9s a gazdas\u00e1gilag legel\u0151ny\u00f6sebb, a legtart\u00f3sabb alapj\u00e1n v\u00e1laszt, vagy m\u00e9giscsak egy prefer\u00e1lt besz\u00e1ll\u00edt\u00f3t v\u00e1laszt. Az aj\u00e1nlat elfogad\u00e1sa ut\u00e1n a megrendel\u00e9st a raklaprakt\u00e1r teljes\u00edti. A kifizet\u00e9st 8 napon bel\u00fcl megkapj\u00e1k. <\/p>\n<\/div><\/div>\n\n\n\n<div class=\"wp-block-pb-accordion-item c-accordion__item js-accordion-item no-js\" data-initially-open=\"false\" data-click-to-close=\"true\" data-auto-close=\"true\" data-scroll=\"false\" data-scroll-offset=\"0\"><h3 id=\"at-231\" class=\"c-accordion__title js-accordion-controller\" role=\"button\"><strong>Mi a gy\u0171jt\u00e9s?&nbsp;<\/strong><\/h3><div id=\"ac-231\" class=\"c-accordion__content\">\n<p>A beszed\u00e9si megb\u00edz\u00e1s \u00d6nt, a raklapok tulajdonos\u00e1t teszi ki. \u00d6n elad\u00e1sra k\u00edn\u00e1l egy t\u00e9tel raklapot. T\u00f6bb raklaprakt\u00e1r tesz aj\u00e1nlatot az \u00d6n raklapjaira. Ezeket \u00d6n sz\u00e1mban \u00e9s min\u0151s\u00e9gben le\u00edrja, \u00e9s t\u00f6bb fot\u00f3val l\u00e1tja el. Az aj\u00e1nlat elfogad\u00e1sa ut\u00e1n az \u00d6n \u00e1ltal kiv\u00e1lasztott raklaprakt\u00e1r \u00e1tveszi a raklapok t\u00e9tel\u00e9t. Ezt k\u00f6vet\u0151en lehet\u0151s\u00e9g van v\u00e1logat\u00e1sra \u00e9s \u00e9rt\u00e9kel\u00e9sre.<\/p>\n<\/div><\/div>\n\n\n\n<div class=\"wp-block-pb-accordion-item c-accordion__item js-accordion-item no-js\" data-initially-open=\"false\" data-click-to-close=\"true\" data-auto-close=\"true\" data-scroll=\"false\" data-scroll-offset=\"0\"><h3 id=\"at-232\" class=\"c-accordion__title js-accordion-controller\" role=\"button\"><strong>R\u00e9sztvev\u0151k\u00e9nt minden t\u00edpus\u00fa raklapot \u00e9s\/vagy KTF-et beny\u00fajthatok?<\/strong><\/h3><div id=\"ac-232\" class=\"c-accordion__content\">\n<p>Igen, megteheti. Az \u00d6n \u00e1ltal v\u00e1lasztott let\u00e9tkezel\u0151 mindent \u00e9rt\u00e9kelni fog, \u00e9s \u00e9rt\u00e9kben \u00e1tv\u00e1ltja e-Creditre. Ezek az e-Creditek ezut\u00e1n j\u00f3v\u00e1\u00edr\u00e1sra ker\u00fclnek az \u00d6n saj\u00e1t egyenleg\u00e9n a p\u00e9nzt\u00e1rc\u00e1j\u00e1ban.\u00a0<\/p>\n<\/div><\/div>\n\n\n\n<div class=\"wp-block-pb-accordion-item c-accordion__item js-accordion-item no-js\" data-initially-open=\"false\" data-click-to-close=\"true\" data-auto-close=\"true\" data-scroll=\"false\" data-scroll-offset=\"0\"><h3 id=\"at-233\" class=\"c-accordion__title js-accordion-controller\" role=\"button\"><strong>Mikor kapok tranzakci\u00f3s d\u00edjat?<\/strong>&nbsp;<\/h3><div id=\"ac-233\" class=\"c-accordion__content\">\n<p>Az \"alap\" eur\u00f3s raklap \u00e9rt\u00e9k\u00e9t az EUWID-index tartalmazza. Az ett\u0151l a szabv\u00e1nyt\u00f3l val\u00f3 minden elt\u00e9r\u00e9s a tranzakci\u00f3s fel\u00e1rban t\u00fckr\u00f6z\u0151dik.&nbsp;<\/p>\n<\/div><\/div>\n\n\n\n<div class=\"wp-block-pb-accordion-item c-accordion__item js-accordion-item no-js\" data-initially-open=\"false\" data-click-to-close=\"true\" data-auto-close=\"true\" data-scroll=\"false\" data-scroll-offset=\"0\"><h3 id=\"at-234\" class=\"c-accordion__title js-accordion-controller\" role=\"button\"><strong>Mennyi az e-hitel jelenlegi \u00e9rt\u00e9ke?<\/strong>&nbsp;<\/h3><div id=\"ac-234\" class=\"c-accordion__content\">\n<p>A PCTO online platformon mindig megtal\u00e1lja az aktu\u00e1lis \u00e9rt\u00e9ket. Az \u00e9rt\u00e9ket az elm\u00falt h\u00e1rom 6 heti id\u0151szak legalacsonyabb \u00e9s legmagasabb \u00e9rt\u00e9k\u00e9nek s\u00falyozott \u00e1tlagak\u00e9nt hat\u00e1rozzuk meg. Ezt az \u00e9rt\u00e9ket vessz\u00fck alapul az e-Creditek elsz\u00e1mol\u00e1s\u00e1hoz vagy k\u00f6nyvel\u00e9s\u00e9hez a beny\u00fajt\u00e1s vagy leh\u00edv\u00e1s id\u0151pontj\u00e1ban.\u00a0\u00a0<\/p>\n<\/div><\/div>\n\n\n\n<div class=\"wp-block-pb-accordion-item c-accordion__item js-accordion-item no-js\" data-initially-open=\"false\" data-click-to-close=\"true\" data-auto-close=\"true\" data-scroll=\"false\" data-scroll-offset=\"0\"><h3 id=\"at-235\" class=\"c-accordion__title js-accordion-controller\" role=\"button\"><strong>Hogyan j\u00f6n l\u00e9tre az EUWID?<\/strong>&nbsp;<\/h3><div id=\"ac-235\" class=\"c-accordion__content\">\n<p>Az al\u00e1bbi weboldalon <a href=\"https:\/\/www.euwid-wood-products.com\/\" target=\"_blank\" rel=\"noreferrer noopener\">EUWID - faterm\u00e9kek \u00f6sszetev\u0151je<\/a> - minden piaci inform\u00e1ci\u00f3t megtal\u00e1l. EUWID \u00e1rak \u00e9s fejlem\u00e9nyek m\u00f6g\u00f6tt egy bejelentkez\u00e9s. A PCT el\u0151fizet\u00e9ssel rendelkezik ezekre a piaci adatokra&nbsp;&nbsp;<\/p>\n<\/div><\/div>\n\n\n\n<div class=\"wp-block-pb-accordion-item c-accordion__item js-accordion-item no-js\" data-initially-open=\"false\" data-click-to-close=\"true\" data-auto-close=\"true\" data-scroll=\"false\" data-scroll-offset=\"0\"><h3 id=\"at-236\" class=\"c-accordion__title js-accordion-controller\" role=\"button\"><strong>Ha az \u00f6sszes KTF-et le lehet adni, akkor minden\u00e9rt kapok visszat\u00e9r\u00edt\u00e9st?&nbsp;<\/strong><\/h3><div id=\"ac-236\" class=\"c-accordion__content\">\n<p>Nem, nem kell. A legt\u00f6bb dep\u00f3 rendez\u00e9si list\u00e1kkal dolgozik, \u00e9s a rendez\u00e9s alapj\u00e1n ker\u00fcl meghat\u00e1roz\u00e1sra az \u00e9rt\u00e9k. Ha nincs k\u00f6zt\u00fck haszn\u00e1lhat\u00f3 KTF, \u00e9s f\u0151leg \"szem\u00e9t\" van, akkor lehet negat\u00edv hozam.<\/p>\n<\/div><\/div>\n\n\n\n<hr class=\"wp-block-separator has-alpha-channel-opacity\"\/>","protected":false},"excerpt":{"rendered":"","protected":false},"author":1,"featured_media":0,"parent":17,"menu_order":0,"comment_status":"closed","ping_status":"closed","template":"","meta":{"footnotes":""},"class_list":["post-23","page","type-page","status-publish","hentry"],"yoast_head":"<!-- This site is optimized with the Yoast SEO plugin v27.3 - https:\/\/yoast.com\/product\/yoast-seo-wordpress\/ -->\n<title>Veelgestelde vragen - Pallet Control Tower<\/title>\n<meta name=\"description\" content=\"Veelgestelde vragen over Pallet Control Tower Online, zoals wat is Collection, Delivery, e-Credit en EUWID\" \/>\n<meta name=\"robots\" content=\"index, follow, max-snippet:-1, max-image-preview:large, max-video-preview:-1\" \/>\n<link rel=\"canonical\" href=\"https:\/\/www.palletcontroltower.eu\/hu\/hogyan-mukodik\/gyakran-ismetelt-kerdesek\/\" \/>\n<meta property=\"og:locale\" content=\"hu_HU\" \/>\n<meta property=\"og:type\" content=\"article\" \/>\n<meta property=\"og:title\" content=\"Veelgestelde vragen - Pallet Control Tower\" \/>\n<meta property=\"og:description\" content=\"Veelgestelde vragen over Pallet Control Tower Online, zoals wat is Collection, Delivery, e-Credit en EUWID\" \/>\n<meta property=\"og:url\" content=\"https:\/\/www.palletcontroltower.eu\/hu\/hogyan-mukodik\/gyakran-ismetelt-kerdesek\/\" \/>\n<meta property=\"og:site_name\" content=\"Pallet Control Tower\" \/>\n<meta property=\"article:modified_time\" content=\"2024-01-11T10:37:39+00:00\" \/>\n<meta name=\"twitter:card\" content=\"summary_large_image\" \/>\n<meta name=\"twitter:label1\" content=\"Becs\u00fclt olvas\u00e1si id\u0151\" \/>\n\t<meta name=\"twitter:data1\" content=\"2 perc\" \/>\n<script type=\"application\/ld+json\" class=\"yoast-schema-graph\">{\"@context\":\"https:\\\/\\\/schema.org\",\"@graph\":[{\"@type\":\"WebPage\",\"@id\":\"https:\\\/\\\/www.palletcontroltower.eu\\\/pl\\\/hoe-werkt-het\\\/czesto-zadawane-pytania\\\/\",\"url\":\"https:\\\/\\\/www.palletcontroltower.eu\\\/pl\\\/hoe-werkt-het\\\/czesto-zadawane-pytania\\\/\",\"name\":\"Veelgestelde vragen - Pallet Control Tower\",\"isPartOf\":{\"@id\":\"https:\\\/\\\/www.palletcontroltower.eu\\\/#website\"},\"datePublished\":\"2023-11-22T07:59:21+00:00\",\"dateModified\":\"2024-01-11T10:37:39+00:00\",\"description\":\"Veelgestelde vragen over Pallet Control Tower Online, zoals wat is Collection, Delivery, e-Credit en EUWID\",\"breadcrumb\":{\"@id\":\"https:\\\/\\\/www.palletcontroltower.eu\\\/pl\\\/hoe-werkt-het\\\/czesto-zadawane-pytania\\\/#breadcrumb\"},\"inLanguage\":\"hu\",\"potentialAction\":[{\"@type\":\"ReadAction\",\"target\":[\"https:\\\/\\\/www.palletcontroltower.eu\\\/pl\\\/hoe-werkt-het\\\/czesto-zadawane-pytania\\\/\"]}]},{\"@type\":\"BreadcrumbList\",\"@id\":\"https:\\\/\\\/www.palletcontroltower.eu\\\/pl\\\/hoe-werkt-het\\\/czesto-zadawane-pytania\\\/#breadcrumb\",\"itemListElement\":[{\"@type\":\"ListItem\",\"position\":1,\"name\":\"Home\",\"item\":\"https:\\\/\\\/www.palletcontroltower.eu\\\/\"},{\"@type\":\"ListItem\",\"position\":2,\"name\":\"Hoe werkt het\",\"item\":\"https:\\\/\\\/www.palletcontroltower.eu\\\/hoe-werkt-het\\\/\"},{\"@type\":\"ListItem\",\"position\":3,\"name\":\"Veelgestelde vragen\"}]},{\"@type\":\"WebSite\",\"@id\":\"https:\\\/\\\/www.palletcontroltower.eu\\\/#website\",\"url\":\"https:\\\/\\\/www.palletcontroltower.eu\\\/\",\"name\":\"Pallet Control Tower\",\"description\":\"\",\"publisher\":{\"@id\":\"https:\\\/\\\/www.palletcontroltower.eu\\\/#organization\"},\"potentialAction\":[{\"@type\":\"SearchAction\",\"target\":{\"@type\":\"EntryPoint\",\"urlTemplate\":\"https:\\\/\\\/www.palletcontroltower.eu\\\/?s={search_term_string}\"},\"query-input\":{\"@type\":\"PropertyValueSpecification\",\"valueRequired\":true,\"valueName\":\"search_term_string\"}}],\"inLanguage\":\"hu\"},{\"@type\":\"Organization\",\"@id\":\"https:\\\/\\\/www.palletcontroltower.eu\\\/#organization\",\"name\":\"Pallet Control Tower\",\"url\":\"https:\\\/\\\/www.palletcontroltower.eu\\\/\",\"logo\":{\"@type\":\"ImageObject\",\"inLanguage\":\"hu\",\"@id\":\"https:\\\/\\\/www.palletcontroltower.eu\\\/#\\\/schema\\\/logo\\\/image\\\/\",\"url\":\"https:\\\/\\\/www.palletcontroltower.eu\\\/wp-content\\\/uploads\\\/2023\\\/10\\\/logo.svg\",\"contentUrl\":\"https:\\\/\\\/www.palletcontroltower.eu\\\/wp-content\\\/uploads\\\/2023\\\/10\\\/logo.svg\",\"width\":290,\"height\":87,\"caption\":\"Pallet Control Tower\"},\"image\":{\"@id\":\"https:\\\/\\\/www.palletcontroltower.eu\\\/#\\\/schema\\\/logo\\\/image\\\/\"}}]}<\/script>\n<!-- \/ Yoast SEO plugin. -->","yoast_head_json":{"title":"Gyakran ism\u00e9telt k\u00e9rd\u00e9sek - Raklapvez\u00e9rl\u0151 torony","description":"Gyakran ism\u00e9telt k\u00e9rd\u00e9sek a Pallet Control Tower Online-r\u00f3l, p\u00e9ld\u00e1ul mi az a begy\u0171jt\u00e9s, a sz\u00e1ll\u00edt\u00e1s, az e-hitel \u00e9s az EUWID?","robots":{"index":"index","follow":"follow","max-snippet":"max-snippet:-1","max-image-preview":"max-image-preview:large","max-video-preview":"max-video-preview:-1"},"canonical":"https:\/\/www.palletcontroltower.eu\/hu\/hogyan-mukodik\/gyakran-ismetelt-kerdesek\/","og_locale":"hu_HU","og_type":"article","og_title":"Veelgestelde vragen - Pallet Control Tower","og_description":"Veelgestelde vragen over Pallet Control Tower Online, zoals wat is Collection, Delivery, e-Credit en EUWID","og_url":"https:\/\/www.palletcontroltower.eu\/hu\/hogyan-mukodik\/gyakran-ismetelt-kerdesek\/","og_site_name":"Pallet Control Tower","article_modified_time":"2024-01-11T10:37:39+00:00","twitter_card":"summary_large_image","twitter_misc":{"Becs\u00fclt olvas\u00e1si id\u0151":"2 perc"},"schema":{"@context":"https:\/\/schema.org","@graph":[{"@type":"WebPage","@id":"https:\/\/www.palletcontroltower.eu\/pl\/hoe-werkt-het\/czesto-zadawane-pytania\/","url":"https:\/\/www.palletcontroltower.eu\/pl\/hoe-werkt-het\/czesto-zadawane-pytania\/","name":"Gyakran ism\u00e9telt k\u00e9rd\u00e9sek - Raklapvez\u00e9rl\u0151 torony","isPartOf":{"@id":"https:\/\/www.palletcontroltower.eu\/#website"},"datePublished":"2023-11-22T07:59:21+00:00","dateModified":"2024-01-11T10:37:39+00:00","description":"Gyakran ism\u00e9telt k\u00e9rd\u00e9sek a Pallet Control Tower Online-r\u00f3l, p\u00e9ld\u00e1ul mi az a begy\u0171jt\u00e9s, a sz\u00e1ll\u00edt\u00e1s, az e-hitel \u00e9s az EUWID?","breadcrumb":{"@id":"https:\/\/www.palletcontroltower.eu\/pl\/hoe-werkt-het\/czesto-zadawane-pytania\/#breadcrumb"},"inLanguage":"hu","potentialAction":[{"@type":"ReadAction","target":["https:\/\/www.palletcontroltower.eu\/pl\/hoe-werkt-het\/czesto-zadawane-pytania\/"]}]},{"@type":"BreadcrumbList","@id":"https:\/\/www.palletcontroltower.eu\/pl\/hoe-werkt-het\/czesto-zadawane-pytania\/#breadcrumb","itemListElement":[{"@type":"ListItem","position":1,"name":"Home","item":"https:\/\/www.palletcontroltower.eu\/"},{"@type":"ListItem","position":2,"name":"Hoe werkt het","item":"https:\/\/www.palletcontroltower.eu\/hoe-werkt-het\/"},{"@type":"ListItem","position":3,"name":"Veelgestelde vragen"}]},{"@type":"WebSite","@id":"https:\/\/www.palletcontroltower.eu\/#website","url":"https:\/\/www.palletcontroltower.eu\/","name":"Raklapvez\u00e9rl\u0151 torony","description":"","publisher":{"@id":"https:\/\/www.palletcontroltower.eu\/#organization"},"potentialAction":[{"@type":"SearchAction","target":{"@type":"EntryPoint","urlTemplate":"https:\/\/www.palletcontroltower.eu\/?s={search_term_string}"},"query-input":{"@type":"PropertyValueSpecification","valueRequired":true,"valueName":"search_term_string"}}],"inLanguage":"hu"},{"@type":"Organization","@id":"https:\/\/www.palletcontroltower.eu\/#organization","name":"Raklapvez\u00e9rl\u0151 torony","url":"https:\/\/www.palletcontroltower.eu\/","logo":{"@type":"ImageObject","inLanguage":"hu","@id":"https:\/\/www.palletcontroltower.eu\/#\/schema\/logo\/image\/","url":"https:\/\/www.palletcontroltower.eu\/wp-content\/uploads\/2023\/10\/logo.svg","contentUrl":"https:\/\/www.palletcontroltower.eu\/wp-content\/uploads\/2023\/10\/logo.svg","width":290,"height":87,"caption":"Pallet Control Tower"},"image":{"@id":"https:\/\/www.palletcontroltower.eu\/#\/schema\/logo\/image\/"}}]}},"_links":{"self":[{"href":"https:\/\/www.palletcontroltower.eu\/hu\/wp-json\/wp\/v2\/pages\/23","targetHints":{"allow":["GET"]}}],"collection":[{"href":"https:\/\/www.palletcontroltower.eu\/hu\/wp-json\/wp\/v2\/pages"}],"about":[{"href":"https:\/\/www.palletcontroltower.eu\/hu\/wp-json\/wp\/v2\/types\/page"}],"author":[{"embeddable":true,"href":"https:\/\/www.palletcontroltower.eu\/hu\/wp-json\/wp\/v2\/users\/1"}],"replies":[{"embeddable":true,"href":"https:\/\/www.palletcontroltower.eu\/hu\/wp-json\/wp\/v2\/comments?post=23"}],"version-history":[{"count":18,"href":"https:\/\/www.palletcontroltower.eu\/hu\/wp-json\/wp\/v2\/pages\/23\/revisions"}],"predecessor-version":[{"id":1152,"href":"https:\/\/www.palletcontroltower.eu\/hu\/wp-json\/wp\/v2\/pages\/23\/revisions\/1152"}],"up":[{"embeddable":true,"href":"https:\/\/www.palletcontroltower.eu\/hu\/wp-json\/wp\/v2\/pages\/17"}],"wp:attachment":[{"href":"https:\/\/www.palletcontroltower.eu\/hu\/wp-json\/wp\/v2\/media?parent=23"}],"curies":[{"name":"wp","href":"https:\/\/api.w.org\/{rel}","templated":true}]}}