{"id":29,"date":"2023-11-22T08:00:20","date_gmt":"2023-11-22T08:00:20","guid":{"rendered":"http:\/\/www.palletcontroltower.eu\/?page_id=29"},"modified":"2024-01-08T14:21:13","modified_gmt":"2024-01-08T14:21:13","slug":"raklapfelhasznalok-szamara","status":"publish","type":"page","link":"https:\/\/www.palletcontroltower.eu\/hu\/mijn-voordeel\/voor-palletgebruikers\/","title":{"rendered":"Raklapfelhaszn\u00e1l\u00f3k sz\u00e1m\u00e1ra"},"content":{"rendered":"<div class=\"wp-block-columns is-layout-flex wp-container-core-columns-is-layout-28f84493 wp-block-columns-is-layout-flex\">\n<div class=\"wp-block-column is-layout-flow wp-block-column-is-layout-flow\">\n<h2 class=\"wp-block-heading\">Fenntarthat\u00f3 \u00e9s k\u00f6lts\u00e9gtudatos<\/h2>\n\n\n\n<p>\u00d6n egyike azoknak az ipari, feldolgoz\u00f3ipari vagy kereskedelmi (inter)nemzeti v\u00e1llalatoknak, amelyek nagy mennyis\u00e9gben haszn\u00e1lj\u00e1k az euro- \u00e9s RTI-raklapokat a term\u00e9kek sz\u00e1ll\u00edt\u00e1s\u00e1ra.<\/p>\n\n\n\n<p>A PCT mindenf\u00e9le ipar\u00e1gban megtal\u00e1lhat\u00f3, ez\u00e9rt minden piacon otthonosan mozog. Az, hogy \u00d6n\u00e9-e a raklapok vagy m\u00e1s KTF-ek, vagy sem, itt l\u00e9nyegtelen. \u00d6n a l\u00e1nc \u00e1tl\u00e1that\u00f3s\u00e1g\u00e1t \u00e9s az \u00f6sszes felhaszn\u00e1lt rakom\u00e1nyhordoz\u00f3 fenntarthat\u00f3bb alkalmaz\u00e1s\u00e1t keresi. K\u00f6lts\u00e9ghat\u00e9konyan \u00e9s felel\u0151ss\u00e9gteljesen. Mi megk\u00f6nny\u00edtj\u00fck az \u00d6n raklaplogisztikai \u00e9let\u00e9t. <\/p>\n\n\n\n<p><\/p>\n\n\n\n<div class=\"wp-block-buttons is-layout-flex wp-block-buttons-is-layout-flex\">\n<div class=\"wp-block-button\"><a class=\"wp-block-button__link has-white-color has-green-background-color has-text-color has-background has-link-color wp-element-button\" href=\"https:\/\/portal.pct-online.eu\/register\" target=\"_blank\" rel=\"noreferrer noopener\">Aktiv\u00e1lja fi\u00f3kj\u00e1t<\/a><\/div>\n<\/div>\n<\/div>\n<\/div>\n\n\n\n<hr class=\"wp-block-separator has-alpha-channel-opacity\"\/>\n\n\n\n<div class=\"wp-block-columns are-vertically-aligned-center is-layout-flex wp-container-core-columns-is-layout-28f84493 wp-block-columns-is-layout-flex\">\n<div class=\"wp-block-column is-vertically-aligned-center is-layout-flow wp-block-column-is-layout-flow\">\n<figure class=\"wp-block-image size-full\"><img fetchpriority=\"high\" decoding=\"async\" width=\"2560\" height=\"1345\" src=\"http:\/\/www.palletcontroltower.eu\/wp-content\/uploads\/2023\/12\/PalletControlTower_busy_industrial_warehouse-scaled.jpeg\" alt=\"A rakt\u00e1rakban t\u00f6rt\u00e9n\u0151 t\u00e1rol\u00e1snak \u00e9s sz\u00e1ll\u00edt\u00e1snak a raklapok ig\u00e9nybev\u00e9tel\u00e9nek elker\u00fcl\u00e9se \u00e9rdek\u00e9ben euroraklapokon kell t\u00f6rt\u00e9nnie.\" class=\"wp-image-809\" style=\"aspect-ratio:3\/4;object-fit:cover\" srcset=\"https:\/\/www.palletcontroltower.eu\/wp-content\/uploads\/2023\/12\/PalletControlTower_busy_industrial_warehouse-scaled.jpeg 2560w, https:\/\/www.palletcontroltower.eu\/wp-content\/uploads\/2023\/12\/PalletControlTower_busy_industrial_warehouse-300x158.jpeg 300w, https:\/\/www.palletcontroltower.eu\/wp-content\/uploads\/2023\/12\/PalletControlTower_busy_industrial_warehouse-1024x538.jpeg 1024w, https:\/\/www.palletcontroltower.eu\/wp-content\/uploads\/2023\/12\/PalletControlTower_busy_industrial_warehouse-768x403.jpeg 768w, https:\/\/www.palletcontroltower.eu\/wp-content\/uploads\/2023\/12\/PalletControlTower_busy_industrial_warehouse-1536x807.jpeg 1536w, https:\/\/www.palletcontroltower.eu\/wp-content\/uploads\/2023\/12\/PalletControlTower_busy_industrial_warehouse-2048x1076.jpeg 2048w, https:\/\/www.palletcontroltower.eu\/wp-content\/uploads\/2023\/12\/PalletControlTower_busy_industrial_warehouse-18x9.jpeg 18w\" sizes=\"(max-width: 2560px) 100vw, 2560px\" \/><\/figure>\n<\/div>\n\n\n\n<div class=\"wp-block-column is-vertically-aligned-center is-layout-flow wp-block-column-is-layout-flow\">\n<h2 class=\"wp-block-heading\">Hat\u00e9kony \u00e9s hat\u00e9kony raklapkezel\u00e9s<\/h2>\n\n\n\n<ol class=\"wp-block-list\">\n<li><strong>Egy\u00e9rtelm\u0171 meg\u00e1llapod\u00e1sok<\/strong> - Nincs sz\u00fcks\u00e9g t\u00f6bb\u00e9 tiszt\u00e1zatlan meg\u00e1llapod\u00e1sokra \u00e9s bonyolult, id\u0151ig\u00e9nyes, k\u00e9zzel t\u00f6rt\u00e9n\u0151 adminisztr\u00e1ci\u00f3ra. A PCT e-Credit seg\u00edts\u00e9g\u00e9vel egyszer\u0171en \u00e9s gyorsan fogadhat vagy sz\u00e1ll\u00edthat raklapokat, egy\u00e9rtelm\u0171 k\u00f6lcs\u00f6n\u00f6s meg\u00e1llapod\u00e1sokkal - ki mit fizet. Nincs t\u00f6bb\u00e9 vita a k\u00f6lcs\u00f6n\u00f6s elsz\u00e1mol\u00e1si egyenlegekr\u0151l. Minden automatikusan r\u00f6gz\u00edt\u00e9sre ker\u00fcl.<\/li>\n\n\n\n<li><strong>A val\u00f3s \u00e9rt\u00e9ken alapul\u00f3 \u00e1r<\/strong> - Soha t\u00f6bb\u00e9 ne vitatkozzon egy haszn\u00e1lt raklap \u00e9rt\u00e9k\u00e9r\u0151l. A PCT az EUWID-index alapj\u00e1n hat\u00e1rozza meg minden raklap \u00e9rt\u00e9k\u00e9t - \u00e1llapot\u00e1t \u00e9s min\u0151s\u00e9g\u00e9t. \u00cdgy biztos lehet benne, hogy a begy\u0171jt\u00e9s \u00e9s sz\u00e1ll\u00edt\u00e1s a legkedvez\u0151bb \u00e1ron t\u00f6rt\u00e9nik. Ehhez praktikus eszk\u00f6z a fot\u00f3modulunk.<\/li>\n\n\n\n<li><strong>Csak kiv\u00e1l\u00f3 min\u0151s\u00e9g\u0171 raklapok<\/strong> - Az automatiz\u00e1lt rakt\u00e1rak szabv\u00e1nyos\u00edtott A-oszt\u00e1ly\u00fa vagy \u00faj raklapokat ig\u00e9nyelnek. Biztos\u00edtjuk, hogy minden raklap megfeleljen az EPAL-szabv\u00e1nyoknak, \u00edgy biztos\u00edtva a z\u00f6kken\u0151mentes m\u0171k\u00f6d\u00e9st a teljes logisztikai l\u00e1ncban.<\/li>\n\n\n\n<li><strong>Vezet\u0151 felmentve<\/strong> - A sof\u0151r\u00f6knek gyakran nincs idej\u00fck \u00e9s tud\u00e1suk a raklapok min\u0151s\u00e9g\u00e9nek ellen\u0151rz\u00e9s\u00e9re. A PCT seg\u00edt nekik. A helysz\u00edni csere sz\u00fcks\u00e9gtelen. Nincsenek \u00fcres raklapok a teheraut\u00f3ban. Nincsenek v\u00e1rakoz\u00e1si id\u0151k vagy dr\u00e1ga k\u00e9s\u00e9sek. Az \u00e1trak\u00e1sok digitaliz\u00e1lva vannak, \u00edgy minim\u00e1lisra cs\u00f6kken a hibakock\u00e1zat. \u00cdgy biztos\u00edthatja a z\u00f6kken\u0151mentes logisztikai l\u00e1ncot.<\/li>\n\n\n\n<li><strong>Tart\u00f3s rendszer<\/strong> - A PCT Online seg\u00edts\u00e9g\u00e9vel nem kell t\u00f6bb\u00e9 agg\u00f3dnia az \u00fcres raklapokat sz\u00e1ll\u00edt\u00f3 dr\u00e1ga teheraut\u00f3k miatt. Platformunk a k\u00e9szlet optimaliz\u00e1l\u00e1s\u00e1val seg\u00edt \u00d6nnek k\u00f6lts\u00e9get megtakar\u00edtani, \u00e9s a j\u00f6v\u0151beni br\u00fcsszeli jogszab\u00e1lyokra (PPWD) felk\u00e9sz\u00fclve egyszer\u0171 m\u00f3dj\u00e1t k\u00edn\u00e1lja az egyez\u00e9sen kereszt\u00fcli begy\u0171jt\u00e9snek \u00e9s sz\u00e1ll\u00edt\u00e1snak.<\/li>\n\n\n\n<li><strong>Gyors, egyszer\u0171 biztons\u00e1gos<\/strong> - A PCT Online egy biztons\u00e1gos platform az \u00f6sszes tranzakci\u00f3 sz\u00e1m\u00e1ra, \u00e9s minden cser\u00e9t pontosan r\u00f6gz\u00edt. Felhaszn\u00e1l\u00f3bar\u00e1t fel\u00fcletet k\u00edn\u00e1lunk minim\u00e1lis bonyolults\u00e1ggal. A PCT Online nagyobb er\u0151fesz\u00edt\u00e9s n\u00e9lk\u00fcl \u00f6sszekapcsolhat\u00f3 b\u00e1rmely logisztikai \u00e9s sz\u00e1ll\u00edt\u00e1sir\u00e1ny\u00edt\u00e1si rendszerrel.<\/li>\n<\/ol>\n<\/div>\n<\/div>\n\n\n\n<div class=\"wp-block-buttons is-content-justification-right is-layout-flex wp-container-core-buttons-is-layout-d445cf74 wp-block-buttons-is-layout-flex\">\n<div class=\"wp-block-button\"><a class=\"wp-block-button__link has-white-color has-mint-background-color has-text-color has-background has-link-color wp-element-button\" href=\"http:\/\/www.palletcontroltower.eu\/wp-content\/uploads\/2024\/01\/PCT_Leaflet_Eindklant_NL_PR4.pdf\" target=\"_blank\" rel=\"noreferrer noopener\">Sz\u00f3r\u00f3lap let\u00f6lt\u00e9se<\/a><\/div>\n<\/div>\n\n\n\n<hr class=\"wp-block-separator has-alpha-channel-opacity\"\/>\n\n\n\n<blockquote class=\"wp-block-quote is-layout-flow wp-block-quote-is-layout-flow\">\n<p class=\"has-text-align-center\">El\u0151zze meg a raklap stresszt! A Pallet Control Tower az eur\u00f3pai szabv\u00e1ny \u00e9s az Europallet \u00e9s m\u00e1s RTI-k sz\u00e1m\u00e1ra a \"Collection &amp; Delivery by Matching\" platformja. Megk\u00f6nny\u00edtj\u00fck a ny\u00edlt poolingot A-t\u00f3l Z-ig. \u00c9s \u00fajra kezelhet\u0151v\u00e9 tessz\u00fck a raklaplogisztik\u00e1t.<\/p>\n<\/blockquote>\n\n\n\n<hr class=\"wp-block-separator has-alpha-channel-opacity\"\/>\n\n\n\n<figure class=\"wp-block-image size-full\"><img decoding=\"async\" width=\"1600\" height=\"1066\" src=\"http:\/\/www.palletcontroltower.eu\/wp-content\/uploads\/2023\/11\/palletcontroltower-2.jpg\" alt=\"\" class=\"wp-image-207\" style=\"aspect-ratio:16\/9;object-fit:cover\" srcset=\"https:\/\/www.palletcontroltower.eu\/wp-content\/uploads\/2023\/11\/palletcontroltower-2.jpg 1600w, https:\/\/www.palletcontroltower.eu\/wp-content\/uploads\/2023\/11\/palletcontroltower-2-300x200.jpg 300w, https:\/\/www.palletcontroltower.eu\/wp-content\/uploads\/2023\/11\/palletcontroltower-2-1024x682.jpg 1024w, https:\/\/www.palletcontroltower.eu\/wp-content\/uploads\/2023\/11\/palletcontroltower-2-768x512.jpg 768w, https:\/\/www.palletcontroltower.eu\/wp-content\/uploads\/2023\/11\/palletcontroltower-2-1536x1023.jpg 1536w\" sizes=\"(max-width: 1600px) 100vw, 1600px\" \/><\/figure>\n\n\n\n<hr class=\"wp-block-separator has-alpha-channel-opacity\"\/>","protected":false},"excerpt":{"rendered":"<p>Duurzaam en kostenbewust U bent een van die (inter)nationale bedrijven binnen de industrie, productie of handel die op grote schaal europallets en RTI\u2019s gebruikt om producten mee te transporteren. PCT is te vinden in alle soorten van industrie\u00ebn en is daarmee van alle markten thuis. Het is hierbij niet van belang of u wel of [&hellip;]<\/p>\n","protected":false},"author":1,"featured_media":0,"parent":25,"menu_order":2,"comment_status":"closed","ping_status":"closed","template":"","meta":{"footnotes":""},"class_list":["post-29","page","type-page","status-publish","hentry"],"yoast_head":"<!-- This site is optimized with the Yoast SEO plugin v27.3 - https:\/\/yoast.com\/product\/yoast-seo-wordpress\/ -->\n<title>Voor palletgebruikers - Pallet Control Tower<\/title>\n<meta name=\"description\" content=\"De voordelen voor palletgebruikers zijn o.a.: heldere afspraken, op re\u00eble waarde gebaseerde prijs, hoogwaardige pallets, chauffeurs ontlast\" \/>\n<meta name=\"robots\" content=\"index, follow, max-snippet:-1, max-image-preview:large, max-video-preview:-1\" \/>\n<link rel=\"canonical\" href=\"https:\/\/www.palletcontroltower.eu\/hu\/az-en-elonyom\/raklapfelhasznalok-szamara\/\" \/>\n<meta property=\"og:locale\" content=\"hu_HU\" \/>\n<meta property=\"og:type\" content=\"article\" \/>\n<meta property=\"og:title\" content=\"Voor palletgebruikers - Pallet Control Tower\" \/>\n<meta property=\"og:description\" content=\"De voordelen voor palletgebruikers zijn o.a.: heldere afspraken, op re\u00eble waarde gebaseerde prijs, hoogwaardige pallets, chauffeurs ontlast\" \/>\n<meta property=\"og:url\" content=\"https:\/\/www.palletcontroltower.eu\/hu\/az-en-elonyom\/raklapfelhasznalok-szamara\/\" \/>\n<meta property=\"og:site_name\" content=\"Pallet Control Tower\" \/>\n<meta property=\"article:modified_time\" content=\"2024-01-08T14:21:13+00:00\" \/>\n<meta property=\"og:image\" content=\"http:\/\/www.palletcontroltower.eu\/wp-content\/uploads\/2023\/12\/PalletControlTower_busy_industrial_warehouse-scaled.jpeg\" \/>\n<meta name=\"twitter:card\" content=\"summary_large_image\" \/>\n<meta name=\"twitter:label1\" content=\"Becs\u00fclt olvas\u00e1si id\u0151\" \/>\n\t<meta name=\"twitter:data1\" content=\"3 perc\" \/>\n<script type=\"application\/ld+json\" class=\"yoast-schema-graph\">{\"@context\":\"https:\\\/\\\/schema.org\",\"@graph\":[{\"@type\":\"WebPage\",\"@id\":\"https:\\\/\\\/www.palletcontroltower.eu\\\/pl\\\/mijn-voordeel\\\/dla-uzytkownikow-palet\\\/\",\"url\":\"https:\\\/\\\/www.palletcontroltower.eu\\\/pl\\\/mijn-voordeel\\\/dla-uzytkownikow-palet\\\/\",\"name\":\"Voor palletgebruikers - Pallet Control Tower\",\"isPartOf\":{\"@id\":\"https:\\\/\\\/www.palletcontroltower.eu\\\/#website\"},\"primaryImageOfPage\":{\"@id\":\"https:\\\/\\\/www.palletcontroltower.eu\\\/pl\\\/mijn-voordeel\\\/dla-uzytkownikow-palet\\\/#primaryimage\"},\"image\":{\"@id\":\"https:\\\/\\\/www.palletcontroltower.eu\\\/pl\\\/mijn-voordeel\\\/dla-uzytkownikow-palet\\\/#primaryimage\"},\"thumbnailUrl\":\"http:\\\/\\\/www.palletcontroltower.eu\\\/wp-content\\\/uploads\\\/2023\\\/12\\\/PalletControlTower_busy_industrial_warehouse-scaled.jpeg\",\"datePublished\":\"2023-11-22T08:00:20+00:00\",\"dateModified\":\"2024-01-08T14:21:13+00:00\",\"description\":\"De voordelen voor palletgebruikers zijn o.a.: heldere afspraken, op re\u00eble waarde gebaseerde prijs, hoogwaardige pallets, chauffeurs ontlast\",\"breadcrumb\":{\"@id\":\"https:\\\/\\\/www.palletcontroltower.eu\\\/pl\\\/mijn-voordeel\\\/dla-uzytkownikow-palet\\\/#breadcrumb\"},\"inLanguage\":\"hu\",\"potentialAction\":[{\"@type\":\"ReadAction\",\"target\":[\"https:\\\/\\\/www.palletcontroltower.eu\\\/pl\\\/mijn-voordeel\\\/dla-uzytkownikow-palet\\\/\"]}]},{\"@type\":\"ImageObject\",\"inLanguage\":\"hu\",\"@id\":\"https:\\\/\\\/www.palletcontroltower.eu\\\/pl\\\/mijn-voordeel\\\/dla-uzytkownikow-palet\\\/#primaryimage\",\"url\":\"http:\\\/\\\/www.palletcontroltower.eu\\\/wp-content\\\/uploads\\\/2023\\\/12\\\/PalletControlTower_busy_industrial_warehouse-scaled.jpeg\",\"contentUrl\":\"http:\\\/\\\/www.palletcontroltower.eu\\\/wp-content\\\/uploads\\\/2023\\\/12\\\/PalletControlTower_busy_industrial_warehouse-scaled.jpeg\"},{\"@type\":\"BreadcrumbList\",\"@id\":\"https:\\\/\\\/www.palletcontroltower.eu\\\/pl\\\/mijn-voordeel\\\/dla-uzytkownikow-palet\\\/#breadcrumb\",\"itemListElement\":[{\"@type\":\"ListItem\",\"position\":1,\"name\":\"Home\",\"item\":\"https:\\\/\\\/www.palletcontroltower.eu\\\/\"},{\"@type\":\"ListItem\",\"position\":2,\"name\":\"Mijn voordeel\",\"item\":\"https:\\\/\\\/www.palletcontroltower.eu\\\/pl\\\/mijn-voordeel\\\/\"},{\"@type\":\"ListItem\",\"position\":3,\"name\":\"Voor palletgebruikers\"}]},{\"@type\":\"WebSite\",\"@id\":\"https:\\\/\\\/www.palletcontroltower.eu\\\/#website\",\"url\":\"https:\\\/\\\/www.palletcontroltower.eu\\\/\",\"name\":\"Pallet Control Tower\",\"description\":\"\",\"publisher\":{\"@id\":\"https:\\\/\\\/www.palletcontroltower.eu\\\/#organization\"},\"potentialAction\":[{\"@type\":\"SearchAction\",\"target\":{\"@type\":\"EntryPoint\",\"urlTemplate\":\"https:\\\/\\\/www.palletcontroltower.eu\\\/?s={search_term_string}\"},\"query-input\":{\"@type\":\"PropertyValueSpecification\",\"valueRequired\":true,\"valueName\":\"search_term_string\"}}],\"inLanguage\":\"hu\"},{\"@type\":\"Organization\",\"@id\":\"https:\\\/\\\/www.palletcontroltower.eu\\\/#organization\",\"name\":\"Pallet Control Tower\",\"url\":\"https:\\\/\\\/www.palletcontroltower.eu\\\/\",\"logo\":{\"@type\":\"ImageObject\",\"inLanguage\":\"hu\",\"@id\":\"https:\\\/\\\/www.palletcontroltower.eu\\\/#\\\/schema\\\/logo\\\/image\\\/\",\"url\":\"https:\\\/\\\/www.palletcontroltower.eu\\\/wp-content\\\/uploads\\\/2023\\\/10\\\/logo.svg\",\"contentUrl\":\"https:\\\/\\\/www.palletcontroltower.eu\\\/wp-content\\\/uploads\\\/2023\\\/10\\\/logo.svg\",\"width\":290,\"height\":87,\"caption\":\"Pallet Control Tower\"},\"image\":{\"@id\":\"https:\\\/\\\/www.palletcontroltower.eu\\\/#\\\/schema\\\/logo\\\/image\\\/\"}}]}<\/script>\n<!-- \/ Yoast SEO plugin. -->","yoast_head_json":{"title":"Raklapfelhaszn\u00e1l\u00f3knak - Raklapvez\u00e9rl\u0151 torony","description":"A raklapfelhaszn\u00e1l\u00f3k sz\u00e1m\u00e1ra a k\u00f6vetkez\u0151 el\u0151ny\u00f6kkel j\u00e1r: egy\u00e9rtelm\u0171 meg\u00e1llapod\u00e1sok, m\u00e9lt\u00e1nyos \u00e9rt\u00e9kalap\u00fa \u00e1r, kiv\u00e1l\u00f3 min\u0151s\u00e9g\u0171 raklapok, megk\u00f6nnyebb\u00fclt sof\u0151r\u00f6k.","robots":{"index":"index","follow":"follow","max-snippet":"max-snippet:-1","max-image-preview":"max-image-preview:large","max-video-preview":"max-video-preview:-1"},"canonical":"https:\/\/www.palletcontroltower.eu\/hu\/az-en-elonyom\/raklapfelhasznalok-szamara\/","og_locale":"hu_HU","og_type":"article","og_title":"Voor palletgebruikers - Pallet Control Tower","og_description":"De voordelen voor palletgebruikers zijn o.a.: heldere afspraken, op re\u00eble waarde gebaseerde prijs, hoogwaardige pallets, chauffeurs ontlast","og_url":"https:\/\/www.palletcontroltower.eu\/hu\/az-en-elonyom\/raklapfelhasznalok-szamara\/","og_site_name":"Pallet Control Tower","article_modified_time":"2024-01-08T14:21:13+00:00","og_image":[{"url":"http:\/\/www.palletcontroltower.eu\/wp-content\/uploads\/2023\/12\/PalletControlTower_busy_industrial_warehouse-scaled.jpeg","type":"","width":"","height":""}],"twitter_card":"summary_large_image","twitter_misc":{"Becs\u00fclt olvas\u00e1si id\u0151":"3 perc"},"schema":{"@context":"https:\/\/schema.org","@graph":[{"@type":"WebPage","@id":"https:\/\/www.palletcontroltower.eu\/pl\/mijn-voordeel\/dla-uzytkownikow-palet\/","url":"https:\/\/www.palletcontroltower.eu\/pl\/mijn-voordeel\/dla-uzytkownikow-palet\/","name":"Raklapfelhaszn\u00e1l\u00f3knak - Raklapvez\u00e9rl\u0151 torony","isPartOf":{"@id":"https:\/\/www.palletcontroltower.eu\/#website"},"primaryImageOfPage":{"@id":"https:\/\/www.palletcontroltower.eu\/pl\/mijn-voordeel\/dla-uzytkownikow-palet\/#primaryimage"},"image":{"@id":"https:\/\/www.palletcontroltower.eu\/pl\/mijn-voordeel\/dla-uzytkownikow-palet\/#primaryimage"},"thumbnailUrl":"http:\/\/www.palletcontroltower.eu\/wp-content\/uploads\/2023\/12\/PalletControlTower_busy_industrial_warehouse-scaled.jpeg","datePublished":"2023-11-22T08:00:20+00:00","dateModified":"2024-01-08T14:21:13+00:00","description":"A raklapfelhaszn\u00e1l\u00f3k sz\u00e1m\u00e1ra a k\u00f6vetkez\u0151 el\u0151ny\u00f6kkel j\u00e1r: egy\u00e9rtelm\u0171 meg\u00e1llapod\u00e1sok, m\u00e9lt\u00e1nyos \u00e9rt\u00e9kalap\u00fa \u00e1r, kiv\u00e1l\u00f3 min\u0151s\u00e9g\u0171 raklapok, megk\u00f6nnyebb\u00fclt sof\u0151r\u00f6k.","breadcrumb":{"@id":"https:\/\/www.palletcontroltower.eu\/pl\/mijn-voordeel\/dla-uzytkownikow-palet\/#breadcrumb"},"inLanguage":"hu","potentialAction":[{"@type":"ReadAction","target":["https:\/\/www.palletcontroltower.eu\/pl\/mijn-voordeel\/dla-uzytkownikow-palet\/"]}]},{"@type":"ImageObject","inLanguage":"hu","@id":"https:\/\/www.palletcontroltower.eu\/pl\/mijn-voordeel\/dla-uzytkownikow-palet\/#primaryimage","url":"http:\/\/www.palletcontroltower.eu\/wp-content\/uploads\/2023\/12\/PalletControlTower_busy_industrial_warehouse-scaled.jpeg","contentUrl":"http:\/\/www.palletcontroltower.eu\/wp-content\/uploads\/2023\/12\/PalletControlTower_busy_industrial_warehouse-scaled.jpeg"},{"@type":"BreadcrumbList","@id":"https:\/\/www.palletcontroltower.eu\/pl\/mijn-voordeel\/dla-uzytkownikow-palet\/#breadcrumb","itemListElement":[{"@type":"ListItem","position":1,"name":"Home","item":"https:\/\/www.palletcontroltower.eu\/"},{"@type":"ListItem","position":2,"name":"Mijn voordeel","item":"https:\/\/www.palletcontroltower.eu\/pl\/mijn-voordeel\/"},{"@type":"ListItem","position":3,"name":"Voor palletgebruikers"}]},{"@type":"WebSite","@id":"https:\/\/www.palletcontroltower.eu\/#website","url":"https:\/\/www.palletcontroltower.eu\/","name":"Raklapvez\u00e9rl\u0151 torony","description":"","publisher":{"@id":"https:\/\/www.palletcontroltower.eu\/#organization"},"potentialAction":[{"@type":"SearchAction","target":{"@type":"EntryPoint","urlTemplate":"https:\/\/www.palletcontroltower.eu\/?s={search_term_string}"},"query-input":{"@type":"PropertyValueSpecification","valueRequired":true,"valueName":"search_term_string"}}],"inLanguage":"hu"},{"@type":"Organization","@id":"https:\/\/www.palletcontroltower.eu\/#organization","name":"Raklapvez\u00e9rl\u0151 torony","url":"https:\/\/www.palletcontroltower.eu\/","logo":{"@type":"ImageObject","inLanguage":"hu","@id":"https:\/\/www.palletcontroltower.eu\/#\/schema\/logo\/image\/","url":"https:\/\/www.palletcontroltower.eu\/wp-content\/uploads\/2023\/10\/logo.svg","contentUrl":"https:\/\/www.palletcontroltower.eu\/wp-content\/uploads\/2023\/10\/logo.svg","width":290,"height":87,"caption":"Pallet Control Tower"},"image":{"@id":"https:\/\/www.palletcontroltower.eu\/#\/schema\/logo\/image\/"}}]}},"_links":{"self":[{"href":"https:\/\/www.palletcontroltower.eu\/hu\/wp-json\/wp\/v2\/pages\/29","targetHints":{"allow":["GET"]}}],"collection":[{"href":"https:\/\/www.palletcontroltower.eu\/hu\/wp-json\/wp\/v2\/pages"}],"about":[{"href":"https:\/\/www.palletcontroltower.eu\/hu\/wp-json\/wp\/v2\/types\/page"}],"author":[{"embeddable":true,"href":"https:\/\/www.palletcontroltower.eu\/hu\/wp-json\/wp\/v2\/users\/1"}],"replies":[{"embeddable":true,"href":"https:\/\/www.palletcontroltower.eu\/hu\/wp-json\/wp\/v2\/comments?post=29"}],"version-history":[{"count":18,"href":"https:\/\/www.palletcontroltower.eu\/hu\/wp-json\/wp\/v2\/pages\/29\/revisions"}],"predecessor-version":[{"id":1076,"href":"https:\/\/www.palletcontroltower.eu\/hu\/wp-json\/wp\/v2\/pages\/29\/revisions\/1076"}],"up":[{"embeddable":true,"href":"https:\/\/www.palletcontroltower.eu\/hu\/wp-json\/wp\/v2\/pages\/25"}],"wp:attachment":[{"href":"https:\/\/www.palletcontroltower.eu\/hu\/wp-json\/wp\/v2\/media?parent=29"}],"curies":[{"name":"wp","href":"https:\/\/api.w.org\/{rel}","templated":true}]}}