{"id":31,"date":"2023-11-22T08:00:36","date_gmt":"2023-11-22T08:00:36","guid":{"rendered":"http:\/\/www.palletcontroltower.eu\/?page_id=31"},"modified":"2026-01-30T09:47:49","modified_gmt":"2026-01-30T09:47:49","slug":"a-fuvarozok-szamara-dcs","status":"publish","type":"page","link":"https:\/\/www.palletcontroltower.eu\/hu\/mijn-voordeel\/voor-vervoerders-dcs\/","title":{"rendered":"Fuvaroz\u00f3k\/DC-k sz\u00e1m\u00e1ra"},"content":{"rendered":"<div class=\"wp-block-columns is-layout-flex wp-container-core-columns-is-layout-28f84493 wp-block-columns-is-layout-flex\">\n<div class=\"wp-block-column is-layout-flow wp-block-column-is-layout-flow\">\n<h2 class=\"wp-block-heading\">Id\u0151 \u00e9s min\u0151s\u00e9g<\/h2>\n\n\n\n<p>\u00d6n egy sz\u00e1ll\u00edtm\u00e1nyoz\u00f3 c\u00e9g, fuvaroz\u00f3 vagy logisztikai szolg\u00e1ltat\u00f3, saj\u00e1t DC-vel vagy an\u00e9lk\u00fcl. Eur\u00f3pa, \u00c1zsia, az USA \u00e9s\/vagy Kanada az \u00d6n piaca. A raklapok cser\u00e9je a sof\u0151r\u00f6k \u00e1ltal a helysz\u00ednen \u00e1ltal\u00e1ban nem lehets\u00e9ges. V\u00e9g\u00fcl is az id\u0151 p\u00e9nz. De a raklap min\u0151s\u00e9ge is kritikus egy automatiz\u00e1lt DC sz\u00e1m\u00e1ra.<\/p>\n\n\n\n<p>A PCT mindenf\u00e9le ipar\u00e1gban megtal\u00e1lhat\u00f3, ez\u00e9rt minden piacon otthonosan mozog. Az, hogy \u00d6n\u00e9-e a raklapok vagy m\u00e1s KTF-ek, vagy sem, itt l\u00e9nyegtelen. \u00d6n a hat\u00e9konys\u00e1got, a min\u0151s\u00e9get keresi a logisztikai l\u00e1ncban \u00e9s az \u00f6sszes felhaszn\u00e1lt rakom\u00e1nyhordoz\u00f3 fenntarthat\u00f3bb haszn\u00e1lat\u00e1t.<\/p>\n\n\n\n<div class=\"wp-block-buttons is-layout-flex wp-block-buttons-is-layout-flex\">\n<div class=\"wp-block-button\"><a class=\"wp-block-button__link has-white-color has-green-background-color has-text-color has-background has-link-color wp-element-button\" href=\"https:\/\/portal.pct-online.eu\/register\" target=\"_blank\" rel=\"noreferrer noopener\">Aktiv\u00e1lja fi\u00f3kj\u00e1t<\/a><\/div>\n<\/div>\n<\/div>\n<\/div>\n\n\n\n<hr class=\"wp-block-separator has-alpha-channel-opacity\"\/>\n\n\n\n<div class=\"wp-block-columns are-vertically-aligned-center is-layout-flex wp-container-core-columns-is-layout-28f84493 wp-block-columns-is-layout-flex\">\n<div class=\"wp-block-column is-vertically-aligned-center is-layout-flow wp-block-column-is-layout-flow\">\n<figure class=\"wp-block-image size-full\"><img fetchpriority=\"high\" decoding=\"async\" width=\"579\" height=\"298\" src=\"http:\/\/www.palletcontroltower.eu\/wp-content\/uploads\/2023\/12\/PCT_unloading.jpg\" alt=\"Nincs v\u00e1rakoz\u00e1si id\u0151 a j\u00e1rm\u0171vezet\u0151k sz\u00e1m\u00e1ra a PCTO virtu\u00e1lis cser\u00e9j\u00e9nek k\u00f6sz\u00f6nhet\u0151en\" class=\"wp-image-808\" style=\"aspect-ratio:3\/4;object-fit:cover\" srcset=\"https:\/\/www.palletcontroltower.eu\/wp-content\/uploads\/2023\/12\/PCT_unloading.jpg 579w, https:\/\/www.palletcontroltower.eu\/wp-content\/uploads\/2023\/12\/PCT_unloading-300x154.jpg 300w, https:\/\/www.palletcontroltower.eu\/wp-content\/uploads\/2023\/12\/PCT_unloading-18x9.jpg 18w\" sizes=\"(max-width: 579px) 100vw, 579px\" \/><\/figure>\n<\/div>\n\n\n\n<div class=\"wp-block-column is-vertically-aligned-center is-layout-flow wp-block-column-is-layout-flow\">\n<h2 class=\"wp-block-heading\">Hat\u00e9kony \u00e9s hat\u00e9kony raklapkezel\u00e9s<\/h2>\n\n\n\n<ol class=\"wp-block-list\">\n<li><strong>Vezet\u0151 felmentve<\/strong> - Mindenkin\u00e9l jobban tudjuk, mekkora nyom\u00e1s nehezedik a logisztikai l\u00e1ncra Eur\u00f3p\u00e1ban, \u00e9s milyen szorosak a hat\u00e1rid\u0151k. Azt is tudjuk, hogy ez\u00e9rt szinte nincs id\u0151 a raklapok \u00e9s egy\u00e9b RTI-k helysz\u00edni cser\u00e9j\u00e9re. Eltekintve att\u00f3l a tud\u00e1st\u00f3l \u00e9s k\u00e9szs\u00e9gt\u0151l, amellyel a sof\u0151r\u00f6knek rendelkezni\u00fck kell a v\u00e9grehajt\u00e1sokr\u00f3l \u00e9s a tulajdons\u00e1gokr\u00f3l. A PCT Online haszn\u00e1lata sz\u00e1mos probl\u00e9m\u00e1t megold. &nbsp;<\/li>\n\n\n\n<li><strong>K\u00f6lts\u00e9ghat\u00e9kony<\/strong> - Az \u00fagynevezett e-Credit rendszer\u00fcnknek k\u00f6sz\u00f6nhet\u0151en a raklapok eg\u00e9sz Eur\u00f3p\u00e1ban digit\u00e1lisan \"cser\u00e9lhet\u0151k\". Ez az \u00d6n sz\u00e1m\u00e1ra azt jelenti, hogy nincs egy \u00fcres raklapokkal teli teheraut\u00f3. \u00c9s ez\u00e9rt mindig \u00e9rt\u00e9kes rakom\u00e1nyt tartalmaz\u00f3 visszasz\u00e1ll\u00edtott \u00e1rut. A haszn\u00e1lt raklapokat k\u00fcl\u00f6n v\u00e1logatjuk \u00e9s \u00e9rt\u00e9kelj\u00fck. Ez az \u00e9rt\u00e9k sz\u00e1mos e-Creditet jelent. Az e-Credit \u00e9rt\u00e9ke az \u00fagynevezett EUWID-indexhez kapcsol\u00f3dik; ez egy Eur\u00f3p\u00e1ban sz\u00e9les k\u00f6rben elfogadott szabv\u00e1ny.<\/li>\n\n\n\n<li><strong>Min\u0151s\u00e9gi raklapok<\/strong> - Egy\u00e9bk\u00e9nt a mi rendszer\u00fcnkben csak Europalletet \u00e9s RTI-ket haszn\u00e1lunk. Ez garant\u00e1lja a min\u0151s\u00e9get \u00e9s a kivitelez\u00e9st. K\u00fcl\u00f6n\u00f6sen az\u00e9rt, mert az \u00d6n automatiz\u00e1lt rakt\u00e1rai szabv\u00e1nyos\u00edtott A-min\u0151s\u00e9g\u0171 vagy \u00faj raklapokat k\u00f6vetelnek meg. Teh\u00e1t nincs t\u00f6bb vita \u00e9s felesleges id\u0151vesztes\u00e9g. Vita eset\u00e9n pedig sz\u00e1mlavezet\u0151ink ut\u00f3lag ellen\u0151rzik.<\/li>\n\n\n\n<li><strong>\u00c1ttekint\u00e9s<\/strong> - A PCT Online seg\u00edts\u00e9g\u00e9vel alapvet\u0151en egyre cs\u00f6kkentheti az adminisztrat\u00edv kapcsolatok sz\u00e1m\u00e1t, mik\u00f6zben h\u00e1l\u00f3zata t\u00f6bb tucattal b\u0151v\u00fcl. \u00d6n d\u00f6nti el, hogy az \u00fcgyfelek, besz\u00e1ll\u00edt\u00f3k \u00e9s egy\u00e9b kapcsolatok mely helyeit k\u00edv\u00e1nja bevonni a standard adminisztr\u00e1ci\u00f3ba. Ez lehet\u0151v\u00e9 teszi, hogy a k\u00e9r\u00e9seket \u00e9s megrendel\u00e9seket az \u00d6n \u00e1ltal k\u00edv\u00e1nt m\u00f3don kezelje. \u00c9s m\u00e1r van rendszeres raklapos \u00fcgyfele? Akkor tegye az \u00d6n prefer\u00e1lt sz\u00e1ll\u00edt\u00f3j\u00e1v\u00e1.<\/li>\n\n\n\n<li><strong>Gyors, biztons\u00e1gos \u00e9s egyszer\u0171<\/strong> - A platform a felh\u0151ben fut, \u00e9s asztali sz\u00e1m\u00edt\u00f3g\u00e9pen, laptopon, t\u00e1blag\u00e9pen \u00e9s okostelefonon egyar\u00e1nt m\u0171k\u00f6dik. A k\u00e9perny\u0151k t\u00f6bb nyelven, t\u00f6bbek k\u00f6z\u00f6tt angolul, n\u00e9met\u00fcl, franci\u00e1ul \u00e9s lengyel\u00fcl is egyszer\u0171en \u00e9s k\u00f6nnyen \u00e1ttekinthet\u0151k. A platform biztons\u00e1gos, \u00e9s minden v\u00e1ltoz\u00e1s napl\u00f3z\u00e1sra ker\u00fcl. Emellett \u00f6sszekapcsolhat\u00f3 b\u00e1rmely elterjedt ERP-, VMS- \u00e9s WMS-rendszerrel. A PCT Online seg\u00edts\u00e9g\u00e9vel elker\u00fclheti a min\u0151s\u00e9ggel, mennyis\u00e9gekkel \u00e9s egyenlegekkel kapcsolatos felesleges vit\u00e1kat.<\/li>\n\n\n\n<li><strong>Tov\u00e1bbi lehet\u0151s\u00e9gek<\/strong> - Ne csak maga haszn\u00e1lja a PCT Online-t, haszn\u00e1lja okosan, hogy tehermentes\u00edtse \u00fcgyfeleit. Szervezze meg a begy\u0171jt\u00e9st \u00e9s kisz\u00e1ll\u00edt\u00e1st Eur\u00f3pa-szerte a csatlakoz\u00f3 koll\u00e9g\u00e1k seg\u00edts\u00e9g\u00e9vel. Ker\u00fclje el a felesleges dr\u00e1ga utaz\u00e1sokat, \u00e9s adjon le vel\u00fck megrendel\u00e9seket a platformon kereszt\u00fcl. Az e-Creditek seg\u00edts\u00e9g\u00e9vel k\u00f6nnyed\u00e9n v\u00e1s\u00e1rolhat ott, ahol \u00fcgyfeleinek raklapokra van sz\u00fcks\u00e9ge.<\/li>\n<\/ol>\n<\/div>\n<\/div>\n\n\n\n<div class=\"wp-block-buttons is-content-justification-right is-layout-flex wp-container-core-buttons-is-layout-d445cf74 wp-block-buttons-is-layout-flex\">\n<div class=\"wp-block-button\"><a class=\"wp-block-button__link has-white-color has-mint-background-color has-text-color has-background has-link-color wp-element-button\" href=\"http:\/\/www.palletcontroltower.eu\/wp-content\/uploads\/2024\/01\/PCT_Leaflet_Chauffeur_NL_PR8.pdf\" target=\"_blank\" rel=\"noreferrer noopener\">Sz\u00f3r\u00f3lap let\u00f6lt\u00e9se<\/a><\/div>\n<\/div>\n\n\n\n<hr class=\"wp-block-separator has-alpha-channel-opacity\"\/>\n\n\n\n<blockquote class=\"wp-block-quote is-layout-flow wp-block-quote-is-layout-flow\">\n<p class=\"has-text-align-center\">El\u0151zze meg a raklap stresszt! A Pallet Control Tower az eur\u00f3pai szabv\u00e1ny \u00e9s az eur\u00f3pai raklapok \u00e9s egy\u00e9bk\u00e9nt a VSC sz\u00e1m\u00e1ra az egyez\u00e9ssel t\u00f6rt\u00e9n\u0151 gy\u0171jt\u00e9s \u00e9s sz\u00e1ll\u00edt\u00e1s platformja. Megk\u00f6nny\u00edtj\u00fck a ny\u00edlt poolingot A-t\u00f3l Z-ig. \u00c9s \u00fajra kezelhet\u0151v\u00e9 tessz\u00fck a raklaplogisztik\u00e1t. <\/p>\n<\/blockquote>\n\n\n\n<hr class=\"wp-block-separator has-alpha-channel-opacity\"\/>\n\n\n\n<figure class=\"wp-block-image size-full\"><img decoding=\"async\" width=\"1600\" height=\"1066\" src=\"http:\/\/www.palletcontroltower.eu\/wp-content\/uploads\/2023\/11\/palletcontroltower-2.jpg\" alt=\"\" class=\"wp-image-207\" style=\"aspect-ratio:16\/9;object-fit:cover\" srcset=\"https:\/\/www.palletcontroltower.eu\/wp-content\/uploads\/2023\/11\/palletcontroltower-2.jpg 1600w, https:\/\/www.palletcontroltower.eu\/wp-content\/uploads\/2023\/11\/palletcontroltower-2-300x200.jpg 300w, https:\/\/www.palletcontroltower.eu\/wp-content\/uploads\/2023\/11\/palletcontroltower-2-1024x682.jpg 1024w, https:\/\/www.palletcontroltower.eu\/wp-content\/uploads\/2023\/11\/palletcontroltower-2-768x512.jpg 768w, https:\/\/www.palletcontroltower.eu\/wp-content\/uploads\/2023\/11\/palletcontroltower-2-1536x1023.jpg 1536w\" sizes=\"(max-width: 1600px) 100vw, 1600px\" \/><\/figure>\n\n\n\n<hr class=\"wp-block-separator has-alpha-channel-opacity\"\/>\n\n\n\n<div class=\"wp-block-columns is-layout-flex wp-container-core-columns-is-layout-28f84493 wp-block-columns-is-layout-flex\"><\/div>","protected":false},"excerpt":{"rendered":"<p>Tijd \u00e9n kwaliteit U bent een transportbedrijf, vervoerder of logistieke dienstverlener al dan niet met een eigen DC. Europa, Azi\u00eb, VS en\/of Canada is uw markt. Palletruil door chauffeurs ter plekke is veelal geen optie. Tijd is immers geld. Maar de kwaliteit van de pallet is ook kritisch voor een geautomatiseerd DC. PCT is te [&hellip;]<\/p>\n","protected":false},"author":1,"featured_media":0,"parent":25,"menu_order":4,"comment_status":"closed","ping_status":"closed","template":"","meta":{"footnotes":""},"class_list":["post-31","page","type-page","status-publish","hentry"],"yoast_head":"<!-- This site is optimized with the Yoast SEO plugin v27.3 - https:\/\/yoast.com\/product\/yoast-seo-wordpress\/ -->\n<title>Voor vervoerders\/DC&#039;s - Pallet Control Tower<\/title>\n<meta name=\"description\" content=\"De voordelen voor vervoerders en dc&#039;s zijn o.a.: chauffeurs ontlast, kosteneffectief, kwaliteitspallets, overzicht, snel-veilig-gemakkelijk\" \/>\n<meta name=\"robots\" content=\"index, follow, max-snippet:-1, max-image-preview:large, max-video-preview:-1\" \/>\n<link rel=\"canonical\" href=\"https:\/\/www.palletcontroltower.eu\/hu\/az-en-elonyom\/a-fuvarozok-szamara-dcs\/\" \/>\n<meta property=\"og:locale\" content=\"hu_HU\" \/>\n<meta property=\"og:type\" content=\"article\" \/>\n<meta property=\"og:title\" content=\"Voor vervoerders\/DC&#039;s - Pallet Control Tower\" \/>\n<meta property=\"og:description\" content=\"De voordelen voor vervoerders en dc&#039;s zijn o.a.: chauffeurs ontlast, kosteneffectief, kwaliteitspallets, overzicht, snel-veilig-gemakkelijk\" \/>\n<meta property=\"og:url\" content=\"https:\/\/www.palletcontroltower.eu\/hu\/az-en-elonyom\/a-fuvarozok-szamara-dcs\/\" \/>\n<meta property=\"og:site_name\" content=\"Pallet Control Tower\" \/>\n<meta property=\"article:modified_time\" content=\"2026-01-30T09:47:49+00:00\" \/>\n<meta property=\"og:image\" content=\"https:\/\/www.palletcontroltower.eu\/wp-content\/uploads\/2023\/12\/PCT_unloading.jpg\" \/>\n\t<meta property=\"og:image:width\" content=\"579\" \/>\n\t<meta property=\"og:image:height\" content=\"298\" \/>\n\t<meta property=\"og:image:type\" content=\"image\/jpeg\" \/>\n<meta name=\"twitter:card\" content=\"summary_large_image\" \/>\n<meta name=\"twitter:label1\" content=\"Becs\u00fclt olvas\u00e1si id\u0151\" \/>\n\t<meta name=\"twitter:data1\" content=\"3 perc\" \/>\n<script type=\"application\/ld+json\" class=\"yoast-schema-graph\">{\"@context\":\"https:\\\/\\\/schema.org\",\"@graph\":[{\"@type\":\"WebPage\",\"@id\":\"https:\\\/\\\/www.palletcontroltower.eu\\\/mijn-voordeel\\\/voor-vervoerders-dcs\\\/\",\"url\":\"https:\\\/\\\/www.palletcontroltower.eu\\\/mijn-voordeel\\\/voor-vervoerders-dcs\\\/\",\"name\":\"Voor vervoerders\\\/DC's - Pallet Control Tower\",\"isPartOf\":{\"@id\":\"https:\\\/\\\/www.palletcontroltower.eu\\\/#website\"},\"primaryImageOfPage\":{\"@id\":\"https:\\\/\\\/www.palletcontroltower.eu\\\/mijn-voordeel\\\/voor-vervoerders-dcs\\\/#primaryimage\"},\"image\":{\"@id\":\"https:\\\/\\\/www.palletcontroltower.eu\\\/mijn-voordeel\\\/voor-vervoerders-dcs\\\/#primaryimage\"},\"thumbnailUrl\":\"http:\\\/\\\/www.palletcontroltower.eu\\\/wp-content\\\/uploads\\\/2023\\\/12\\\/PCT_unloading.jpg\",\"datePublished\":\"2023-11-22T08:00:36+00:00\",\"dateModified\":\"2026-01-30T09:47:49+00:00\",\"description\":\"De voordelen voor vervoerders en dc's zijn o.a.: chauffeurs ontlast, kosteneffectief, kwaliteitspallets, overzicht, snel-veilig-gemakkelijk\",\"breadcrumb\":{\"@id\":\"https:\\\/\\\/www.palletcontroltower.eu\\\/mijn-voordeel\\\/voor-vervoerders-dcs\\\/#breadcrumb\"},\"inLanguage\":\"hu\",\"potentialAction\":[{\"@type\":\"ReadAction\",\"target\":[\"https:\\\/\\\/www.palletcontroltower.eu\\\/mijn-voordeel\\\/voor-vervoerders-dcs\\\/\"]}]},{\"@type\":\"ImageObject\",\"inLanguage\":\"hu\",\"@id\":\"https:\\\/\\\/www.palletcontroltower.eu\\\/mijn-voordeel\\\/voor-vervoerders-dcs\\\/#primaryimage\",\"url\":\"http:\\\/\\\/www.palletcontroltower.eu\\\/wp-content\\\/uploads\\\/2023\\\/12\\\/PCT_unloading.jpg\",\"contentUrl\":\"http:\\\/\\\/www.palletcontroltower.eu\\\/wp-content\\\/uploads\\\/2023\\\/12\\\/PCT_unloading.jpg\"},{\"@type\":\"BreadcrumbList\",\"@id\":\"https:\\\/\\\/www.palletcontroltower.eu\\\/mijn-voordeel\\\/voor-vervoerders-dcs\\\/#breadcrumb\",\"itemListElement\":[{\"@type\":\"ListItem\",\"position\":1,\"name\":\"Home\",\"item\":\"https:\\\/\\\/www.palletcontroltower.eu\\\/\"},{\"@type\":\"ListItem\",\"position\":2,\"name\":\"Mijn voordeel\",\"item\":\"https:\\\/\\\/www.palletcontroltower.eu\\\/pl\\\/mijn-voordeel\\\/\"},{\"@type\":\"ListItem\",\"position\":3,\"name\":\"Voor vervoerders\\\/DC&#8217;s\"}]},{\"@type\":\"WebSite\",\"@id\":\"https:\\\/\\\/www.palletcontroltower.eu\\\/#website\",\"url\":\"https:\\\/\\\/www.palletcontroltower.eu\\\/\",\"name\":\"Pallet Control Tower\",\"description\":\"\",\"publisher\":{\"@id\":\"https:\\\/\\\/www.palletcontroltower.eu\\\/#organization\"},\"potentialAction\":[{\"@type\":\"SearchAction\",\"target\":{\"@type\":\"EntryPoint\",\"urlTemplate\":\"https:\\\/\\\/www.palletcontroltower.eu\\\/?s={search_term_string}\"},\"query-input\":{\"@type\":\"PropertyValueSpecification\",\"valueRequired\":true,\"valueName\":\"search_term_string\"}}],\"inLanguage\":\"hu\"},{\"@type\":\"Organization\",\"@id\":\"https:\\\/\\\/www.palletcontroltower.eu\\\/#organization\",\"name\":\"Pallet Control Tower\",\"url\":\"https:\\\/\\\/www.palletcontroltower.eu\\\/\",\"logo\":{\"@type\":\"ImageObject\",\"inLanguage\":\"hu\",\"@id\":\"https:\\\/\\\/www.palletcontroltower.eu\\\/#\\\/schema\\\/logo\\\/image\\\/\",\"url\":\"https:\\\/\\\/www.palletcontroltower.eu\\\/wp-content\\\/uploads\\\/2023\\\/10\\\/logo.svg\",\"contentUrl\":\"https:\\\/\\\/www.palletcontroltower.eu\\\/wp-content\\\/uploads\\\/2023\\\/10\\\/logo.svg\",\"width\":290,\"height\":87,\"caption\":\"Pallet Control Tower\"},\"image\":{\"@id\":\"https:\\\/\\\/www.palletcontroltower.eu\\\/#\\\/schema\\\/logo\\\/image\\\/\"}}]}<\/script>\n<!-- \/ Yoast SEO plugin. -->","yoast_head_json":{"title":"Fuvaroz\u00f3knak\/DC-knek - Raklapvez\u00e9rl\u0151 torony","description":"A fuvaroz\u00f3k \u00e9s a DC-k sz\u00e1m\u00e1ra a k\u00f6vetkez\u0151 el\u0151ny\u00f6kkel j\u00e1rnak: k\u00f6nny\u00edtett sof\u0151r\u00f6k, k\u00f6lts\u00e9ghat\u00e9kony, min\u0151s\u00e9gi raklapok, \u00e1ttekinthet\u0151s\u00e9g, gyors-biztons\u00e1gos-egyszer\u0171","robots":{"index":"index","follow":"follow","max-snippet":"max-snippet:-1","max-image-preview":"max-image-preview:large","max-video-preview":"max-video-preview:-1"},"canonical":"https:\/\/www.palletcontroltower.eu\/hu\/az-en-elonyom\/a-fuvarozok-szamara-dcs\/","og_locale":"hu_HU","og_type":"article","og_title":"Voor vervoerders\/DC's - Pallet Control Tower","og_description":"De voordelen voor vervoerders en dc's zijn o.a.: chauffeurs ontlast, kosteneffectief, kwaliteitspallets, overzicht, snel-veilig-gemakkelijk","og_url":"https:\/\/www.palletcontroltower.eu\/hu\/az-en-elonyom\/a-fuvarozok-szamara-dcs\/","og_site_name":"Pallet Control Tower","article_modified_time":"2026-01-30T09:47:49+00:00","og_image":[{"width":579,"height":298,"url":"https:\/\/www.palletcontroltower.eu\/wp-content\/uploads\/2023\/12\/PCT_unloading.jpg","type":"image\/jpeg"}],"twitter_card":"summary_large_image","twitter_misc":{"Becs\u00fclt olvas\u00e1si id\u0151":"3 perc"},"schema":{"@context":"https:\/\/schema.org","@graph":[{"@type":"WebPage","@id":"https:\/\/www.palletcontroltower.eu\/mijn-voordeel\/voor-vervoerders-dcs\/","url":"https:\/\/www.palletcontroltower.eu\/mijn-voordeel\/voor-vervoerders-dcs\/","name":"Fuvaroz\u00f3knak\/DC-knek - Raklapvez\u00e9rl\u0151 torony","isPartOf":{"@id":"https:\/\/www.palletcontroltower.eu\/#website"},"primaryImageOfPage":{"@id":"https:\/\/www.palletcontroltower.eu\/mijn-voordeel\/voor-vervoerders-dcs\/#primaryimage"},"image":{"@id":"https:\/\/www.palletcontroltower.eu\/mijn-voordeel\/voor-vervoerders-dcs\/#primaryimage"},"thumbnailUrl":"http:\/\/www.palletcontroltower.eu\/wp-content\/uploads\/2023\/12\/PCT_unloading.jpg","datePublished":"2023-11-22T08:00:36+00:00","dateModified":"2026-01-30T09:47:49+00:00","description":"A fuvaroz\u00f3k \u00e9s a DC-k sz\u00e1m\u00e1ra a k\u00f6vetkez\u0151 el\u0151ny\u00f6kkel j\u00e1rnak: k\u00f6nny\u00edtett sof\u0151r\u00f6k, k\u00f6lts\u00e9ghat\u00e9kony, min\u0151s\u00e9gi raklapok, \u00e1ttekinthet\u0151s\u00e9g, gyors-biztons\u00e1gos-egyszer\u0171","breadcrumb":{"@id":"https:\/\/www.palletcontroltower.eu\/mijn-voordeel\/voor-vervoerders-dcs\/#breadcrumb"},"inLanguage":"hu","potentialAction":[{"@type":"ReadAction","target":["https:\/\/www.palletcontroltower.eu\/mijn-voordeel\/voor-vervoerders-dcs\/"]}]},{"@type":"ImageObject","inLanguage":"hu","@id":"https:\/\/www.palletcontroltower.eu\/mijn-voordeel\/voor-vervoerders-dcs\/#primaryimage","url":"http:\/\/www.palletcontroltower.eu\/wp-content\/uploads\/2023\/12\/PCT_unloading.jpg","contentUrl":"http:\/\/www.palletcontroltower.eu\/wp-content\/uploads\/2023\/12\/PCT_unloading.jpg"},{"@type":"BreadcrumbList","@id":"https:\/\/www.palletcontroltower.eu\/mijn-voordeel\/voor-vervoerders-dcs\/#breadcrumb","itemListElement":[{"@type":"ListItem","position":1,"name":"Home","item":"https:\/\/www.palletcontroltower.eu\/"},{"@type":"ListItem","position":2,"name":"Mijn voordeel","item":"https:\/\/www.palletcontroltower.eu\/pl\/mijn-voordeel\/"},{"@type":"ListItem","position":3,"name":"Voor vervoerders\/DC&#8217;s"}]},{"@type":"WebSite","@id":"https:\/\/www.palletcontroltower.eu\/#website","url":"https:\/\/www.palletcontroltower.eu\/","name":"Raklapvez\u00e9rl\u0151 torony","description":"","publisher":{"@id":"https:\/\/www.palletcontroltower.eu\/#organization"},"potentialAction":[{"@type":"SearchAction","target":{"@type":"EntryPoint","urlTemplate":"https:\/\/www.palletcontroltower.eu\/?s={search_term_string}"},"query-input":{"@type":"PropertyValueSpecification","valueRequired":true,"valueName":"search_term_string"}}],"inLanguage":"hu"},{"@type":"Organization","@id":"https:\/\/www.palletcontroltower.eu\/#organization","name":"Raklapvez\u00e9rl\u0151 torony","url":"https:\/\/www.palletcontroltower.eu\/","logo":{"@type":"ImageObject","inLanguage":"hu","@id":"https:\/\/www.palletcontroltower.eu\/#\/schema\/logo\/image\/","url":"https:\/\/www.palletcontroltower.eu\/wp-content\/uploads\/2023\/10\/logo.svg","contentUrl":"https:\/\/www.palletcontroltower.eu\/wp-content\/uploads\/2023\/10\/logo.svg","width":290,"height":87,"caption":"Pallet Control Tower"},"image":{"@id":"https:\/\/www.palletcontroltower.eu\/#\/schema\/logo\/image\/"}}]}},"_links":{"self":[{"href":"https:\/\/www.palletcontroltower.eu\/hu\/wp-json\/wp\/v2\/pages\/31","targetHints":{"allow":["GET"]}}],"collection":[{"href":"https:\/\/www.palletcontroltower.eu\/hu\/wp-json\/wp\/v2\/pages"}],"about":[{"href":"https:\/\/www.palletcontroltower.eu\/hu\/wp-json\/wp\/v2\/types\/page"}],"author":[{"embeddable":true,"href":"https:\/\/www.palletcontroltower.eu\/hu\/wp-json\/wp\/v2\/users\/1"}],"replies":[{"embeddable":true,"href":"https:\/\/www.palletcontroltower.eu\/hu\/wp-json\/wp\/v2\/comments?post=31"}],"version-history":[{"count":13,"href":"https:\/\/www.palletcontroltower.eu\/hu\/wp-json\/wp\/v2\/pages\/31\/revisions"}],"predecessor-version":[{"id":1231,"href":"https:\/\/www.palletcontroltower.eu\/hu\/wp-json\/wp\/v2\/pages\/31\/revisions\/1231"}],"up":[{"embeddable":true,"href":"https:\/\/www.palletcontroltower.eu\/hu\/wp-json\/wp\/v2\/pages\/25"}],"wp:attachment":[{"href":"https:\/\/www.palletcontroltower.eu\/hu\/wp-json\/wp\/v2\/media?parent=31"}],"curies":[{"name":"wp","href":"https:\/\/api.w.org\/{rel}","templated":true}]}}