{"id":33,"date":"2023-11-22T08:01:30","date_gmt":"2023-11-22T08:01:30","guid":{"rendered":"http:\/\/www.palletcontroltower.eu\/?page_id=33"},"modified":"2026-01-30T09:46:29","modified_gmt":"2026-01-30T09:46:29","slug":"raklapraktarak-eseteben","status":"publish","type":"page","link":"https:\/\/www.palletcontroltower.eu\/hu\/mijn-voordeel\/voor-palletdepots\/","title":{"rendered":"Raklaprakt\u00e1rakhoz"},"content":{"rendered":"<div class=\"wp-block-columns is-layout-flex wp-container-core-columns-is-layout-28f84493 wp-block-columns-is-layout-flex\">\n<div class=\"wp-block-column is-layout-flow wp-block-column-is-layout-flow\">\n<h2 class=\"wp-block-heading\">Kiszolg\u00e1lja a piac\u00e1t okos m\u00f3don<\/h2>\n\n\n\n<p>\u00d6n raklapkeresked\u0151 - raklapgy\u00e1rt\u00f3 - raklaprakt\u00e1r Eur\u00f3p\u00e1ban, \u00c1zsi\u00e1ban vagy Amerik\u00e1ban\/Kanad\u00e1ban. Akkor a PCT Online kisz\u00e9les\u00edti \u00e9s b\u0151v\u00edti az \u00d6n piac\u00e1t.<\/p>\n\n\n\n<p>A PCT Online minden ipar\u00e1gban megtal\u00e1lhat\u00f3, \u00edgy minden piacon otthonosan mozog. A vil\u00e1g minden t\u00e1j\u00e1r\u00f3l sz\u00e1rmaz\u00f3 jelent\u0151s raklapfelhaszn\u00e1l\u00f3k haszn\u00e1lj\u00e1k platformunkat. \u0150k a l\u00e1nc \u00e1tl\u00e1that\u00f3s\u00e1g\u00e1ra \u00e9s az \u00f6sszes felhaszn\u00e1lt rakom\u00e1nyhordoz\u00f3 fenntarthat\u00f3bb felhaszn\u00e1l\u00e1s\u00e1ra t\u00f6rekszenek. <\/p>\n\n\n\n<p>Kiszolg\u00e1lja nemzetk\u00f6zi vagy glob\u00e1lis \u00fcgyfeleit, \u00e9s \u00e9p\u00edtsen h\u00e1l\u00f3zatot eur\u00f3pai vagy tengerent\u00fali koll\u00e9g\u00e1ival. Rendelje meg a sz\u00fcks\u00e9ges raklapokat helyben egy Deliver megrendel\u00e9ssel, \u00e9s ker\u00fclje el a csak raklapokkal rendelkez\u0151 teheraut\u00f3k vagy kont\u00e9nerek felesleges sz\u00e1ll\u00edt\u00e1si k\u00f6lts\u00e9geit. Legyen fenntarthat\u00f3 \u00e9s okos! <\/p>\n\n\n\n<div class=\"wp-block-buttons is-layout-flex wp-block-buttons-is-layout-flex\">\n<div class=\"wp-block-button\"><a class=\"wp-block-button__link has-white-color has-green-background-color has-text-color has-background has-link-color wp-element-button\" href=\"https:\/\/portal.pct-online.eu\/register\" target=\"_blank\" rel=\"noreferrer noopener\">Aktiv\u00e1lja fi\u00f3kj\u00e1t<\/a><\/div>\n<\/div>\n<\/div>\n<\/div>\n\n\n\n<hr class=\"wp-block-separator has-alpha-channel-opacity\"\/>\n\n\n\n<div class=\"wp-block-columns are-vertically-aligned-center is-layout-flex wp-container-core-columns-is-layout-28f84493 wp-block-columns-is-layout-flex\">\n<div class=\"wp-block-column is-vertically-aligned-center is-layout-flow wp-block-column-is-layout-flow\">\n<figure class=\"wp-block-image size-full\"><img fetchpriority=\"high\" decoding=\"async\" width=\"1000\" height=\"667\" src=\"http:\/\/www.palletcontroltower.eu\/wp-content\/uploads\/2023\/12\/PCT_EPAL_storage.jpg\" alt=\"Optim\u00e1lis hat\u00e9konys\u00e1g a rakt\u00e1roz\u00e1sban az EPAL Europalett\u00e1knak k\u00f6sz\u00f6nhet\u0151en\" class=\"wp-image-807\" style=\"aspect-ratio:3\/4;object-fit:cover\" srcset=\"https:\/\/www.palletcontroltower.eu\/wp-content\/uploads\/2023\/12\/PCT_EPAL_storage.jpg 1000w, https:\/\/www.palletcontroltower.eu\/wp-content\/uploads\/2023\/12\/PCT_EPAL_storage-300x200.jpg 300w, https:\/\/www.palletcontroltower.eu\/wp-content\/uploads\/2023\/12\/PCT_EPAL_storage-768x512.jpg 768w, https:\/\/www.palletcontroltower.eu\/wp-content\/uploads\/2023\/12\/PCT_EPAL_storage-18x12.jpg 18w\" sizes=\"(max-width: 1000px) 100vw, 1000px\" \/><\/figure>\n<\/div>\n\n\n\n<div class=\"wp-block-column is-vertically-aligned-center is-layout-flow wp-block-column-is-layout-flow\">\n<h2 class=\"wp-block-heading\">Hat\u00e9kony \u00e9s hat\u00e9kony raklapkezel\u00e9s<\/h2>\n\n\n\n<ol class=\"wp-block-list\">\n<li><strong>Integr\u00e1lt logisztikai l\u00e1nc<\/strong> - Az eur\u00f3pai raklapforgalom egyre \u00f6sszetettebb\u00e9 v\u00e1lik, \u00e9s ez\u00e9rt egyre \u00e9rdekesebb\u00e9 v\u00e1lik a raklapkeresked\u0151k \u00e9s a rakt\u00e1rak sz\u00e1m\u00e1ra. A Pallet Control Tower Online (PCTO) tiszt\u00e1zza a helyzetet \u00e9s b\u0151v\u00edti a h\u00e1l\u00f3zatokat.<\/li>\n\n\n\n<li><strong>Tov\u00e1bbi kereskedelem<\/strong> - A PCT Online intelligens m\u00f3don megk\u00f6nny\u00edti a gy\u0171jt\u00e9st, a k\u00e9zbes\u00edt\u00e9st \u00e9s az egyeztet\u00e9st. Saj\u00e1t e-Credit rendszer\u00fcnk\u00f6n kereszt\u00fcl az Europallet \u00e9s m\u00e1s KTF-ek v\u00e1s\u00e1rolhat\u00f3k, eladhat\u00f3k vagy virtu\u00e1lisan egyeztethet\u0151k. Az \u00fcgyfelek leadnak egy megrendel\u00e9st, \u00e9s a rendszer elk\u00fcldi azt \u00d6nnek, a csatlakozott raklapsz\u00e1ll\u00edt\u00f3nak. Az \u00fcgyf\u00e9l automatikusan l\u00e1tja az \u00d6n aj\u00e1nlat\u00e1t, \u00e9s az \u00e1r, a fenntarthat\u00f3s\u00e1g (CO2-l\u00e1bnyom) vagy az \u2018el\u0151nyben r\u00e9szes\u00edtett besz\u00e1ll\u00edt\u00f3\u2019 alapj\u00e1n v\u00e1laszt. Ha aktiv\u00e1lja fi\u00f3kj\u00e1t a PCT Online-ban, n\u00f6veli h\u00e1l\u00f3zat\u00e1t, \u00e9s ez\u00e1ltal a tov\u00e1bbi elad\u00e1sok es\u00e9ly\u00e9t.<\/li>\n\n\n\n<li><strong>Egy\u00e9rtelm\u0171 meg\u00e1llapod\u00e1sok<\/strong> - Egyre t\u00f6bb v\u00e1llalat tapasztalja, hogy a k\u00e9zzel \u00e9s Excelben k\u00e9sz\u00edtett kimutat\u00e1sok miatt raklapterhel\u00e9st tapasztal. Vissza akarj\u00e1k szerezni az \"ir\u00e1ny\u00edt\u00e1st\". Melyik \u00e9s h\u00e1ny raklap hol van, \u00e9s milyen meg\u00e1llapod\u00e1sokkal? K\u00fcl\u00f6n\u00f6sen a raklapok mennyis\u00e9g\u00e9nek \u00e9s \u00e1rainak ingadoz\u00e1s\u00e1val a k\u00f6lts\u00e9gek \u00e9s bev\u00e9telek fontos t\u00e9telekk\u00e9 v\u00e1lnak minden raklapfelhaszn\u00e1l\u00f3 sz\u00e1m\u00e1ra.<\/li>\n\n\n\n<li><strong>Haszn\u00e1lt raklapok \u00e9rt\u00e9ke<\/strong> - Soha t\u00f6bb\u00e9 ne vitatkozzon egy haszn\u00e1lt raklap \u00e9rt\u00e9k\u00e9r\u0151l. A raklapokat a begy\u0171jt\u00e9s ut\u00e1n \u00d6n v\u00e1logatja \u00e9s \u00e9rt\u00e9keli. Az \u00fcgyf\u00e9l sz\u00e1m\u00e1ra ez az \u00e9rt\u00e9k sz\u00e1mos e-Creditet jelent. Az e-kredit \u00e9rt\u00e9ke az \u00fagynevezett EUWID-indexhez kapcsol\u00f3dik; ez az Eur\u00f3p\u00e1ban sz\u00e9les k\u00f6rben elfogadott szabv\u00e1ny. Ha m\u00e9gis vita mer\u00fclne fel, \u00fcgyf\u00e9lmenedzsereink elj\u00f6nnek \u00e9s \u00e9rt\u00e9kelik az \u00fcgyet.<\/li>\n\n\n\n<li><strong>Gyors, egyszer\u0171 \u00e9s biztons\u00e1gos<\/strong> - A meg\u00e1llapod\u00e1s \u00e9s a megrendel\u00e9s helyes teljes\u00edt\u00e9se ut\u00e1n \u00d6n 8 napon bel\u00fcl megkapja a fizet\u00e9st az \"\u00f6nsz\u00e1ml\u00e1z\u00f3\" rendszer\u00fcnknek k\u00f6sz\u00f6nhet\u0151en. A platform biztons\u00e1gos minden tranzakci\u00f3t \u00e9s pontosan r\u00f6gz\u00edt minden cser\u00e9t. T\u00f6bb nyelven, felhaszn\u00e1l\u00f3bar\u00e1t fel\u00fcletet k\u00edn\u00e1lunk, minim\u00e1lis bonyolults\u00e1ggal. A PCT Online \u00f6sszekapcsolhat\u00f3 b\u00e1rmely elterjedt ERP-, VMS- \u00e9s WMS-rendszerrel.<\/li>\n\n\n\n<li><strong>Nemzetk\u00f6zi szolg\u00e1ltat\u00e1sok<\/strong> - Ha nemzetk\u00f6zi \u00fcgyfelei vannak, a PCT Online szint\u00e9n ide\u00e1lis. B\u0151v\u00edtse \"sz\u00e1ll\u00edt\u00f3i\" fi\u00f3kj\u00e1t \"felhaszn\u00e1l\u00f3val\", \u00e9s v\u00e1lasszon ki egy eur\u00f3pai raklapsz\u00e1ll\u00edt\u00f3t\u00e1rsat, akivel begy\u0171jt\u00e9si vagy sz\u00e1ll\u00edt\u00e1si megb\u00edz\u00e1st hajthat v\u00e9gre. \u00cdgy elker\u00fclheti az \u00fcres raklapokkal teli teheraut\u00f3kkal val\u00f3 felesleges eur\u00f3pai utaz\u00e1sokat. A fizet\u00e9s H\u00c9A-mentes e-Creditekben t\u00f6rt\u00e9nik. Ez a megold\u00e1s egyszerre k\u00f6lts\u00e9ghat\u00e9konyabb \u00e9s fenntarthat\u00f3bb.<\/li>\n<\/ol>\n\n\n\n<div class=\"wp-block-buttons is-content-justification-right is-layout-flex wp-container-core-buttons-is-layout-d445cf74 wp-block-buttons-is-layout-flex\"><\/div>\n<\/div>\n<\/div>\n\n\n\n<div class=\"wp-block-buttons is-content-justification-right is-layout-flex wp-container-core-buttons-is-layout-d445cf74 wp-block-buttons-is-layout-flex\">\n<div class=\"wp-block-button\"><a class=\"wp-block-button__link has-white-color has-mint-background-color has-text-color has-background has-link-color wp-element-button\" href=\"http:\/\/www.palletcontroltower.eu\/wp-content\/uploads\/2024\/01\/PCT_Leaflet_Depot_NL_PR8.pdf\" target=\"_blank\" rel=\"noreferrer noopener\">Sz\u00f3r\u00f3lap let\u00f6lt\u00e9se<\/a><\/div>\n<\/div>\n\n\n\n<hr class=\"wp-block-separator has-alpha-channel-opacity\"\/>\n\n\n\n<blockquote class=\"wp-block-quote is-layout-flow wp-block-quote-is-layout-flow\">\n<p class=\"has-text-align-center\">El\u0151zze meg a raklap stresszt! A Pallet Control Tower az eur\u00f3pai szabv\u00e1ny \u00e9s az Europallet \u00e9s m\u00e1s RTI-k sz\u00e1m\u00e1ra a \"Collection &amp; Delivery by Matching\" platformja. Megk\u00f6nny\u00edtj\u00fck a ny\u00edlt poolingot A-t\u00f3l Z-ig. \u00c9s \u00fajra kezelhet\u0151v\u00e9 tessz\u00fck a raklaplogisztik\u00e1t.<\/p>\n<\/blockquote>\n\n\n\n<hr class=\"wp-block-separator has-alpha-channel-opacity\"\/>\n\n\n\n<figure class=\"wp-block-image size-full\"><img decoding=\"async\" width=\"1600\" height=\"1066\" src=\"http:\/\/www.palletcontroltower.eu\/wp-content\/uploads\/2023\/11\/palletcontroltower-2.jpg\" alt=\"\" class=\"wp-image-207\" style=\"aspect-ratio:16\/9;object-fit:cover\" srcset=\"https:\/\/www.palletcontroltower.eu\/wp-content\/uploads\/2023\/11\/palletcontroltower-2.jpg 1600w, https:\/\/www.palletcontroltower.eu\/wp-content\/uploads\/2023\/11\/palletcontroltower-2-300x200.jpg 300w, https:\/\/www.palletcontroltower.eu\/wp-content\/uploads\/2023\/11\/palletcontroltower-2-1024x682.jpg 1024w, https:\/\/www.palletcontroltower.eu\/wp-content\/uploads\/2023\/11\/palletcontroltower-2-768x512.jpg 768w, https:\/\/www.palletcontroltower.eu\/wp-content\/uploads\/2023\/11\/palletcontroltower-2-1536x1023.jpg 1536w\" sizes=\"(max-width: 1600px) 100vw, 1600px\" \/><\/figure>\n\n\n\n<hr class=\"wp-block-separator has-alpha-channel-opacity\"\/>\n\n\n\n<div class=\"wp-block-columns is-layout-flex wp-container-core-columns-is-layout-28f84493 wp-block-columns-is-layout-flex\"><\/div>","protected":false},"excerpt":{"rendered":"<p>Service uw markt op een slimme manier U bent pallethandelaar &#8211; palletproducent &#8211; palletdepot binnen Europa, Azi\u00eb of Amerika\/Canada. Dan is PCT Online een verbreding en vergroting van uw markt. PCT Online is te vinden in alle soorten van industrie\u00ebn en is daarmee van alle markten thuis. Grote palletgebruikers van over de hele wereld maken [&hellip;]<\/p>\n","protected":false},"author":1,"featured_media":0,"parent":25,"menu_order":3,"comment_status":"closed","ping_status":"closed","template":"","meta":{"footnotes":""},"class_list":["post-33","page","type-page","status-publish","hentry"],"yoast_head":"<!-- This site is optimized with the Yoast SEO plugin v27.3 - https:\/\/yoast.com\/product\/yoast-seo-wordpress\/ -->\n<title>Voor palletdepots - Pallet Control Tower<\/title>\n<meta name=\"description\" content=\"Voor palletdepots zijn de voordelen o.a.: integrale logistieke keten, meer handel, heldere afspraken, waarde gebruikte pallets\" \/>\n<meta name=\"robots\" content=\"index, follow, max-snippet:-1, max-image-preview:large, max-video-preview:-1\" \/>\n<link rel=\"canonical\" href=\"https:\/\/www.palletcontroltower.eu\/hu\/az-en-elonyom\/raklapraktarak-eseteben\/\" \/>\n<meta property=\"og:locale\" content=\"hu_HU\" \/>\n<meta property=\"og:type\" content=\"article\" \/>\n<meta property=\"og:title\" content=\"Voor palletdepots - Pallet Control Tower\" \/>\n<meta property=\"og:description\" content=\"Voor palletdepots zijn de voordelen o.a.: integrale logistieke keten, meer handel, heldere afspraken, waarde gebruikte pallets\" \/>\n<meta property=\"og:url\" content=\"https:\/\/www.palletcontroltower.eu\/hu\/az-en-elonyom\/raklapraktarak-eseteben\/\" \/>\n<meta property=\"og:site_name\" content=\"Pallet Control Tower\" \/>\n<meta property=\"article:modified_time\" content=\"2026-01-30T09:46:29+00:00\" \/>\n<meta property=\"og:image\" content=\"https:\/\/www.palletcontroltower.eu\/wp-content\/uploads\/2023\/12\/PCT_EPAL_storage.jpg\" \/>\n\t<meta property=\"og:image:width\" content=\"1000\" \/>\n\t<meta property=\"og:image:height\" content=\"667\" \/>\n\t<meta property=\"og:image:type\" content=\"image\/jpeg\" \/>\n<meta name=\"twitter:card\" content=\"summary_large_image\" \/>\n<meta name=\"twitter:label1\" content=\"Becs\u00fclt olvas\u00e1si id\u0151\" \/>\n\t<meta name=\"twitter:data1\" content=\"3 perc\" \/>\n<script type=\"application\/ld+json\" class=\"yoast-schema-graph\">{\"@context\":\"https:\\\/\\\/schema.org\",\"@graph\":[{\"@type\":\"WebPage\",\"@id\":\"https:\\\/\\\/www.palletcontroltower.eu\\\/mijn-voordeel\\\/voor-palletdepots\\\/\",\"url\":\"https:\\\/\\\/www.palletcontroltower.eu\\\/mijn-voordeel\\\/voor-palletdepots\\\/\",\"name\":\"Voor palletdepots - Pallet Control Tower\",\"isPartOf\":{\"@id\":\"https:\\\/\\\/www.palletcontroltower.eu\\\/#website\"},\"primaryImageOfPage\":{\"@id\":\"https:\\\/\\\/www.palletcontroltower.eu\\\/mijn-voordeel\\\/voor-palletdepots\\\/#primaryimage\"},\"image\":{\"@id\":\"https:\\\/\\\/www.palletcontroltower.eu\\\/mijn-voordeel\\\/voor-palletdepots\\\/#primaryimage\"},\"thumbnailUrl\":\"http:\\\/\\\/www.palletcontroltower.eu\\\/wp-content\\\/uploads\\\/2023\\\/12\\\/PCT_EPAL_storage.jpg\",\"datePublished\":\"2023-11-22T08:01:30+00:00\",\"dateModified\":\"2026-01-30T09:46:29+00:00\",\"description\":\"Voor palletdepots zijn de voordelen o.a.: integrale logistieke keten, meer handel, heldere afspraken, waarde gebruikte pallets\",\"breadcrumb\":{\"@id\":\"https:\\\/\\\/www.palletcontroltower.eu\\\/mijn-voordeel\\\/voor-palletdepots\\\/#breadcrumb\"},\"inLanguage\":\"hu\",\"potentialAction\":[{\"@type\":\"ReadAction\",\"target\":[\"https:\\\/\\\/www.palletcontroltower.eu\\\/mijn-voordeel\\\/voor-palletdepots\\\/\"]}]},{\"@type\":\"ImageObject\",\"inLanguage\":\"hu\",\"@id\":\"https:\\\/\\\/www.palletcontroltower.eu\\\/mijn-voordeel\\\/voor-palletdepots\\\/#primaryimage\",\"url\":\"http:\\\/\\\/www.palletcontroltower.eu\\\/wp-content\\\/uploads\\\/2023\\\/12\\\/PCT_EPAL_storage.jpg\",\"contentUrl\":\"http:\\\/\\\/www.palletcontroltower.eu\\\/wp-content\\\/uploads\\\/2023\\\/12\\\/PCT_EPAL_storage.jpg\"},{\"@type\":\"BreadcrumbList\",\"@id\":\"https:\\\/\\\/www.palletcontroltower.eu\\\/mijn-voordeel\\\/voor-palletdepots\\\/#breadcrumb\",\"itemListElement\":[{\"@type\":\"ListItem\",\"position\":1,\"name\":\"Home\",\"item\":\"https:\\\/\\\/www.palletcontroltower.eu\\\/\"},{\"@type\":\"ListItem\",\"position\":2,\"name\":\"Mijn voordeel\",\"item\":\"https:\\\/\\\/www.palletcontroltower.eu\\\/pl\\\/mijn-voordeel\\\/\"},{\"@type\":\"ListItem\",\"position\":3,\"name\":\"Voor palletdepots\"}]},{\"@type\":\"WebSite\",\"@id\":\"https:\\\/\\\/www.palletcontroltower.eu\\\/#website\",\"url\":\"https:\\\/\\\/www.palletcontroltower.eu\\\/\",\"name\":\"Pallet Control Tower\",\"description\":\"\",\"publisher\":{\"@id\":\"https:\\\/\\\/www.palletcontroltower.eu\\\/#organization\"},\"potentialAction\":[{\"@type\":\"SearchAction\",\"target\":{\"@type\":\"EntryPoint\",\"urlTemplate\":\"https:\\\/\\\/www.palletcontroltower.eu\\\/?s={search_term_string}\"},\"query-input\":{\"@type\":\"PropertyValueSpecification\",\"valueRequired\":true,\"valueName\":\"search_term_string\"}}],\"inLanguage\":\"hu\"},{\"@type\":\"Organization\",\"@id\":\"https:\\\/\\\/www.palletcontroltower.eu\\\/#organization\",\"name\":\"Pallet Control Tower\",\"url\":\"https:\\\/\\\/www.palletcontroltower.eu\\\/\",\"logo\":{\"@type\":\"ImageObject\",\"inLanguage\":\"hu\",\"@id\":\"https:\\\/\\\/www.palletcontroltower.eu\\\/#\\\/schema\\\/logo\\\/image\\\/\",\"url\":\"https:\\\/\\\/www.palletcontroltower.eu\\\/wp-content\\\/uploads\\\/2023\\\/10\\\/logo.svg\",\"contentUrl\":\"https:\\\/\\\/www.palletcontroltower.eu\\\/wp-content\\\/uploads\\\/2023\\\/10\\\/logo.svg\",\"width\":290,\"height\":87,\"caption\":\"Pallet Control Tower\"},\"image\":{\"@id\":\"https:\\\/\\\/www.palletcontroltower.eu\\\/#\\\/schema\\\/logo\\\/image\\\/\"}}]}<\/script>\n<!-- \/ Yoast SEO plugin. -->","yoast_head_json":{"title":"Raklaprakt\u00e1rakhoz - Raklapvez\u00e9rl\u0151 torony","description":"A raklaprakt\u00e1rak sz\u00e1m\u00e1ra az el\u0151ny\u00f6k a k\u00f6vetkez\u0151k: integr\u00e1lt logisztikai l\u00e1nc, megn\u00f6vekedett kereskedelem, egy\u00e9rtelm\u0171 meg\u00e1llapod\u00e1sok, a haszn\u00e1lt raklapok \u00e9rt\u00e9ke.","robots":{"index":"index","follow":"follow","max-snippet":"max-snippet:-1","max-image-preview":"max-image-preview:large","max-video-preview":"max-video-preview:-1"},"canonical":"https:\/\/www.palletcontroltower.eu\/hu\/az-en-elonyom\/raklapraktarak-eseteben\/","og_locale":"hu_HU","og_type":"article","og_title":"Voor palletdepots - Pallet Control Tower","og_description":"Voor palletdepots zijn de voordelen o.a.: integrale logistieke keten, meer handel, heldere afspraken, waarde gebruikte pallets","og_url":"https:\/\/www.palletcontroltower.eu\/hu\/az-en-elonyom\/raklapraktarak-eseteben\/","og_site_name":"Pallet Control Tower","article_modified_time":"2026-01-30T09:46:29+00:00","og_image":[{"width":1000,"height":667,"url":"https:\/\/www.palletcontroltower.eu\/wp-content\/uploads\/2023\/12\/PCT_EPAL_storage.jpg","type":"image\/jpeg"}],"twitter_card":"summary_large_image","twitter_misc":{"Becs\u00fclt olvas\u00e1si id\u0151":"3 perc"},"schema":{"@context":"https:\/\/schema.org","@graph":[{"@type":"WebPage","@id":"https:\/\/www.palletcontroltower.eu\/mijn-voordeel\/voor-palletdepots\/","url":"https:\/\/www.palletcontroltower.eu\/mijn-voordeel\/voor-palletdepots\/","name":"Raklaprakt\u00e1rakhoz - Raklapvez\u00e9rl\u0151 torony","isPartOf":{"@id":"https:\/\/www.palletcontroltower.eu\/#website"},"primaryImageOfPage":{"@id":"https:\/\/www.palletcontroltower.eu\/mijn-voordeel\/voor-palletdepots\/#primaryimage"},"image":{"@id":"https:\/\/www.palletcontroltower.eu\/mijn-voordeel\/voor-palletdepots\/#primaryimage"},"thumbnailUrl":"http:\/\/www.palletcontroltower.eu\/wp-content\/uploads\/2023\/12\/PCT_EPAL_storage.jpg","datePublished":"2023-11-22T08:01:30+00:00","dateModified":"2026-01-30T09:46:29+00:00","description":"A raklaprakt\u00e1rak sz\u00e1m\u00e1ra az el\u0151ny\u00f6k a k\u00f6vetkez\u0151k: integr\u00e1lt logisztikai l\u00e1nc, megn\u00f6vekedett kereskedelem, egy\u00e9rtelm\u0171 meg\u00e1llapod\u00e1sok, a haszn\u00e1lt raklapok \u00e9rt\u00e9ke.","breadcrumb":{"@id":"https:\/\/www.palletcontroltower.eu\/mijn-voordeel\/voor-palletdepots\/#breadcrumb"},"inLanguage":"hu","potentialAction":[{"@type":"ReadAction","target":["https:\/\/www.palletcontroltower.eu\/mijn-voordeel\/voor-palletdepots\/"]}]},{"@type":"ImageObject","inLanguage":"hu","@id":"https:\/\/www.palletcontroltower.eu\/mijn-voordeel\/voor-palletdepots\/#primaryimage","url":"http:\/\/www.palletcontroltower.eu\/wp-content\/uploads\/2023\/12\/PCT_EPAL_storage.jpg","contentUrl":"http:\/\/www.palletcontroltower.eu\/wp-content\/uploads\/2023\/12\/PCT_EPAL_storage.jpg"},{"@type":"BreadcrumbList","@id":"https:\/\/www.palletcontroltower.eu\/mijn-voordeel\/voor-palletdepots\/#breadcrumb","itemListElement":[{"@type":"ListItem","position":1,"name":"Home","item":"https:\/\/www.palletcontroltower.eu\/"},{"@type":"ListItem","position":2,"name":"Mijn voordeel","item":"https:\/\/www.palletcontroltower.eu\/pl\/mijn-voordeel\/"},{"@type":"ListItem","position":3,"name":"Voor palletdepots"}]},{"@type":"WebSite","@id":"https:\/\/www.palletcontroltower.eu\/#website","url":"https:\/\/www.palletcontroltower.eu\/","name":"Raklapvez\u00e9rl\u0151 torony","description":"","publisher":{"@id":"https:\/\/www.palletcontroltower.eu\/#organization"},"potentialAction":[{"@type":"SearchAction","target":{"@type":"EntryPoint","urlTemplate":"https:\/\/www.palletcontroltower.eu\/?s={search_term_string}"},"query-input":{"@type":"PropertyValueSpecification","valueRequired":true,"valueName":"search_term_string"}}],"inLanguage":"hu"},{"@type":"Organization","@id":"https:\/\/www.palletcontroltower.eu\/#organization","name":"Raklapvez\u00e9rl\u0151 torony","url":"https:\/\/www.palletcontroltower.eu\/","logo":{"@type":"ImageObject","inLanguage":"hu","@id":"https:\/\/www.palletcontroltower.eu\/#\/schema\/logo\/image\/","url":"https:\/\/www.palletcontroltower.eu\/wp-content\/uploads\/2023\/10\/logo.svg","contentUrl":"https:\/\/www.palletcontroltower.eu\/wp-content\/uploads\/2023\/10\/logo.svg","width":290,"height":87,"caption":"Pallet Control Tower"},"image":{"@id":"https:\/\/www.palletcontroltower.eu\/#\/schema\/logo\/image\/"}}]}},"_links":{"self":[{"href":"https:\/\/www.palletcontroltower.eu\/hu\/wp-json\/wp\/v2\/pages\/33","targetHints":{"allow":["GET"]}}],"collection":[{"href":"https:\/\/www.palletcontroltower.eu\/hu\/wp-json\/wp\/v2\/pages"}],"about":[{"href":"https:\/\/www.palletcontroltower.eu\/hu\/wp-json\/wp\/v2\/types\/page"}],"author":[{"embeddable":true,"href":"https:\/\/www.palletcontroltower.eu\/hu\/wp-json\/wp\/v2\/users\/1"}],"replies":[{"embeddable":true,"href":"https:\/\/www.palletcontroltower.eu\/hu\/wp-json\/wp\/v2\/comments?post=33"}],"version-history":[{"count":24,"href":"https:\/\/www.palletcontroltower.eu\/hu\/wp-json\/wp\/v2\/pages\/33\/revisions"}],"predecessor-version":[{"id":1230,"href":"https:\/\/www.palletcontroltower.eu\/hu\/wp-json\/wp\/v2\/pages\/33\/revisions\/1230"}],"up":[{"embeddable":true,"href":"https:\/\/www.palletcontroltower.eu\/hu\/wp-json\/wp\/v2\/pages\/25"}],"wp:attachment":[{"href":"https:\/\/www.palletcontroltower.eu\/hu\/wp-json\/wp\/v2\/media?parent=33"}],"curies":[{"name":"wp","href":"https:\/\/api.w.org\/{rel}","templated":true}]}}