{"id":42,"date":"2023-11-22T08:02:12","date_gmt":"2023-11-22T08:02:12","guid":{"rendered":"http:\/\/www.palletcontroltower.eu\/?page_id=42"},"modified":"2026-01-30T09:41:33","modified_gmt":"2026-01-30T09:41:33","slug":"az-osszevonas-fenntarthato","status":"publish","type":"page","link":"https:\/\/www.palletcontroltower.eu\/hu\/duurzaamheid\/poolen-is-duurzaam\/","title":{"rendered":"A pooling fenntarthat\u00f3"},"content":{"rendered":"<div class=\"wp-block-columns is-layout-flex wp-container-core-columns-is-layout-28f84493 wp-block-columns-is-layout-flex\">\n<div class=\"wp-block-column is-layout-flow wp-block-column-is-layout-flow\">\n<h2 class=\"wp-block-heading\">Fenntarthat\u00f3s\u00e1g<\/h2>\n\n\n\n<p>A PCT cs\u00f6kkenti az egyszer haszn\u00e1latos raklapok sz\u00e1m\u00e1t, \u00e9s lehet\u0151s\u00e9get biztos\u00edt \u00d6nnek arra, hogy t\u00f6bbsz\u00f6r haszn\u00e1latos raklapokra v\u00e1ltson. Ezt PCT Online platformunkkal tessz\u00fck: Gy\u0171jt\u00e9s \u00e9s sz\u00e1ll\u00edt\u00e1s - \u00d6sszeegyeztet\u00e9s, e-Creditekkel \u00f6sszekapcsolva. Platformunk lehet\u0151v\u00e9 teszi a raklapfelhaszn\u00e1l\u00f3k sz\u00e1m\u00e1ra, hogy besz\u00e1ll\u00edt\u00f3ikkal \u00e9s \u00fcgyfeleikkel k\u00f6z\u00f6sen l\u00e9trehozz\u00e1k saj\u00e1t \"raklap-pool\"-jukat, ezzel el\u0151seg\u00edtve a raklapok fenntarthat\u00f3 haszn\u00e1lat\u00e1t. <\/p>\n\n\n\n<p><strong>Jogszab\u00e1lyok<\/strong>&nbsp;<\/p>\n\n\n\n<p>A PCT a csomagol\u00f3ipart \u00e9rint\u0151 \u00faj br\u00fcsszeli jogalkot\u00e1si fejlem\u00e9nyekre sz\u00e1m\u00edt; a CO2-l\u00e1bnyom cs\u00f6kkent\u00e9s\u00e9re \u00e9s a k\u00f6rforg\u00e1sos gazdas\u00e1gra val\u00f3 fokozottabb \u00f6sszpontos\u00edt\u00e1sra.  \u00dajrahaszn\u00e1lat, jav\u00edt\u00e1s, \u00fajrahasznos\u00edt\u00e1s - ezek az \u00faj br\u00fcsszeli csomagol\u00e1si paktum alapelvei. <a href=\"https:\/\/environment.ec.europa.eu\/topics\/waste-and-recycling\/packaging-waste_en\" target=\"_blank\" rel=\"noreferrer noopener\">PPWD<\/a>. Ezen t\u00falmen\u0151en, \u00d6n megfelel legal\u00e1bb 5 a <a href=\"https:\/\/sdgs.un.org\/goals\" target=\"_blank\" rel=\"noreferrer noopener\">Fenntarthat\u00f3 fejl\u0151d\u00e9si c\u00e9lok (SDG-k)<\/a> az Egyes\u00fclt Nemzetek Szervezet\u00e9nek. <\/p>\n\n\n\n<div class=\"wp-block-buttons is-layout-flex wp-block-buttons-is-layout-flex\">\n<div class=\"wp-block-button\"><a class=\"wp-block-button__link has-white-color has-green-background-color has-text-color has-background has-link-color wp-element-button\" href=\"http:\/\/www.palletcontroltower.eu\/hu\/hogyan-mukodik\/mit-csinalunk\/\" target=\"_blank\" rel=\"noreferrer noopener\">N\u00e9zze meg, hogyan m\u0171k\u00f6dik itt<\/a><\/div>\n<\/div>\n<\/div>\n<\/div>\n\n\n\n<hr class=\"wp-block-separator has-alpha-channel-opacity\"\/>\n\n\n\n<div class=\"wp-block-columns are-vertically-aligned-center is-layout-flex wp-container-core-columns-is-layout-28f84493 wp-block-columns-is-layout-flex\">\n<div class=\"wp-block-column is-vertically-aligned-center is-layout-flow wp-block-column-is-layout-flow\">\n<figure class=\"wp-block-image size-full\"><img fetchpriority=\"high\" decoding=\"async\" width=\"1000\" height=\"671\" src=\"https:\/\/www.palletcontroltower.eu\/wp-content\/uploads\/2025\/05\/eur_pallet.jpg\" alt=\"\" class=\"wp-image-1223\" style=\"aspect-ratio:16\/9;object-fit:cover\" srcset=\"https:\/\/www.palletcontroltower.eu\/wp-content\/uploads\/2025\/05\/eur_pallet.jpg 1000w, https:\/\/www.palletcontroltower.eu\/wp-content\/uploads\/2025\/05\/eur_pallet-300x201.jpg 300w, https:\/\/www.palletcontroltower.eu\/wp-content\/uploads\/2025\/05\/eur_pallet-768x515.jpg 768w, https:\/\/www.palletcontroltower.eu\/wp-content\/uploads\/2025\/05\/eur_pallet-18x12.jpg 18w\" sizes=\"(max-width: 1000px) 100vw, 1000px\" \/><\/figure>\n<\/div>\n\n\n\n<div class=\"wp-block-column is-vertically-aligned-center is-layout-flow wp-block-column-is-layout-flow\">\n<h2 class=\"wp-block-heading\">EUR \u00c9S PCT<\/h2>\n\n\n\n<p>Szoros kapcsolatokat \u00e1polunk az EUR szervezettel, \u00e9s haszn\u00e1ljuk az EUR licenc alatt m\u0171k\u00f6d\u0151 adatt\u00e1rakat. C\u00e9lunk, hogy k\u00f6z\u00f6sen el\u0151mozd\u00edtsuk a ny\u00edlt pooling rendszer\u00e9t. Az EUR International h\u00e1l\u00f3zat\u00e1val, valamint a saj\u00e1t PCT h\u00e1l\u00f3zatunkkal t\u00f6bb sz\u00e1z rakt\u00e1r \u00e9s lead\u00e1si pont \u00e1ll rendelkez\u00e9sre. Ez\u00e9rt mindig j\u00f3 kapcsolatot lehet teremteni az Egyeztet\u00e9si folyamathoz a Begy\u0171jt\u00e9ssel \u00e9s a K\u00e9zbes\u00edt\u00e9ssel.\u00a0<\/p>\n\n\n\n<p>Ha az egyszer haszn\u00e1latos raklapokat visszavitte a gy\u0171jt\u00e9ssel, \u00e9s a kapott e-Crediteket a t\u00f6bbsz\u00f6r haszn\u00e1latos raklapok haszn\u00e1lat\u00e1nak megkezd\u00e9s\u00e9re fogja felhaszn\u00e1lni, ez az eg\u00e9sz l\u00e1nc sz\u00e1m\u00e1ra el\u0151ny\u00f6kkel j\u00e1r. A saj\u00e1t felhaszn\u00e1l\u00e1son k\u00edv\u00fcl az egyenleg\u00e9ben l\u00e9v\u0151 e-Crediteket harmadik felek sz\u00e1m\u00e1ra is el\u00e9rhet\u0151v\u00e9 teheti.&nbsp;<\/p>\n\n\n\n<p>A PCTO lehet\u0151v\u00e9 teszi az \u00f6sszes l\u00e9p\u00e9s digit\u00e1lis r\u00f6gz\u00edt\u00e9s\u00e9t. A sz\u00e1ml\u00e1z\u00e1s (\u00f6nsz\u00e1ml\u00e1z\u00e1s) \u00e9s minden egy\u00e9b kommunik\u00e1ci\u00f3 szint\u00e9n a felh\u0151ben t\u00f6rt\u00e9nik. Ez minden felhaszn\u00e1l\u00f3 sz\u00e1m\u00e1ra b\u00e1rmikor l\u00e1that\u00f3 \u00e9s \u00e1tl\u00e1that\u00f3.&nbsp;<\/p>\n<\/div>\n<\/div>\n\n\n\n<hr class=\"wp-block-separator has-alpha-channel-opacity\"\/>\n\n\n\n<h3 class=\"wp-block-heading\">Egy eur\u00f3s raklap = fenntarthat\u00f3: \u00e9vente k\u00e9tmilli\u00f3 fel\u00faj\u00edtott raklapot haszn\u00e1lnak fel t\u00f6bbsz\u00f6r is.  <br><\/h3>\n\n\n\n<p>A f\u00e1b\u00f3l k\u00e9sz\u00fclt euroraklapok k\u00f6r\u00fclbel\u00fcl 7-8 alkalommal haszn\u00e1lhat\u00f3k! V\u00e9gs\u0151 soron egy elhaszn\u00e1l\u00f3dott raklapot p\u00e9ld\u00e1ul f\u0171t\u00e9si energiak\u00e9nt haszn\u00e1lnak fel. A raklapokat a raklaprakt\u00e1rak, a kereskedelem \u00e9s az ipar k\u00f6zponti rakt\u00e1raiban gy\u0171jtik \u00f6ssze, \u00e9s v\u00e9g\u00fcl egy feldolgoz\u00f3helyre sz\u00e1ll\u00edtj\u00e1k. Gyakran egy robotsor seg\u00edt a raklapok sz\u00e9tv\u00e1logat\u00e1s\u00e1ban, de n\u00e9ha ez m\u00e9g mindig k\u00e9zi munka. A v\u00e1logat\u00e1s ut\u00e1n a jav\u00edthat\u00f3 raklapokat megjav\u00edtj\u00e1k \u00e9s t\u00e1rolj\u00e1k. A nem jav\u00edthat\u00f3 raklapokat \u00fajrahasznos\u00edtj\u00e1k, p\u00e9ld\u00e1ul faforg\u00e1csk\u00e9nt, energiatermel\u00e9shez sz\u00fcks\u00e9ges t\u00fczel\u0151anyagk\u00e9nt. Az \u00fcgyf\u00e9l k\u00f6r\u00fclbel\u00fcl 50 k\u00fcl\u00f6nb\u00f6z\u0151 raklap t\u00edpus k\u00f6z\u00fcl v\u00e1laszthat, amelyek k\u00f6z\u00fcl az euro raklap a legelterjedtebb \u00e9s az egyik legtart\u00f3sabb.<\/p>\n\n\n\n<p><em>T\u00e9ny. Egy k\u00f6bm\u00e9ter f\u00e1b\u00f3l k\u00f6r\u00fclbel\u00fcl 22 \u00faj eur\u00f3s raklapot lehet k\u00e9sz\u00edteni; egy k\u00f6bm\u00e9ter f\u00e1b\u00f3l azonban 150 \u00fajrahasznos\u00edtott eur\u00f3s raklap jav\u00edthat\u00f3.<\/em><\/p>\n\n\n\n<div class=\"wp-block-buttons is-content-justification-left is-layout-flex wp-container-core-buttons-is-layout-fc4fd283 wp-block-buttons-is-layout-flex\">\n<div class=\"wp-block-button\"><a class=\"wp-block-button__link has-white-color has-green-background-color has-text-color has-background has-link-color wp-element-button\" href=\"https:\/\/portal.pct-online.eu\/register\" target=\"_blank\" rel=\"noreferrer noopener\">Aktiv\u00e1lja fi\u00f3kj\u00e1t<\/a><\/div>\n<\/div>\n\n\n\n<hr class=\"wp-block-separator has-alpha-channel-opacity\"\/>\n\n\n\n<blockquote class=\"wp-block-quote is-layout-flow wp-block-quote-is-layout-flow\">\n<p class=\"has-text-align-center\">El\u0151zze meg a raklap stresszt! A Pallet Control Tower az eur\u00f3pai szabv\u00e1ny \u00e9s az eur\u00f3pai raklapok \u00e9s m\u00e1s RTI-k sz\u00e1m\u00e1ra az egyez\u00e9ssel t\u00f6rt\u00e9n\u0151 gy\u0171jt\u00e9s \u00e9s sz\u00e1ll\u00edt\u00e1s platformja. Megk\u00f6nny\u00edtj\u00fck a ny\u00edlt poolingot A-t\u00f3l Z-ig. \u00c9s \u00fajra kezelhet\u0151v\u00e9 tessz\u00fck a raklaplogisztik\u00e1t. <\/p>\n<\/blockquote>\n\n\n\n<hr class=\"wp-block-separator has-alpha-channel-opacity\"\/>\n\n\n\n<figure class=\"wp-block-image size-full\"><img decoding=\"async\" width=\"1600\" height=\"1066\" src=\"http:\/\/www.palletcontroltower.eu\/wp-content\/uploads\/2023\/11\/palletcontroltower-2.jpg\" alt=\"\" class=\"wp-image-207\" style=\"aspect-ratio:16\/9;object-fit:cover\" srcset=\"https:\/\/www.palletcontroltower.eu\/wp-content\/uploads\/2023\/11\/palletcontroltower-2.jpg 1600w, https:\/\/www.palletcontroltower.eu\/wp-content\/uploads\/2023\/11\/palletcontroltower-2-300x200.jpg 300w, https:\/\/www.palletcontroltower.eu\/wp-content\/uploads\/2023\/11\/palletcontroltower-2-1024x682.jpg 1024w, https:\/\/www.palletcontroltower.eu\/wp-content\/uploads\/2023\/11\/palletcontroltower-2-768x512.jpg 768w, https:\/\/www.palletcontroltower.eu\/wp-content\/uploads\/2023\/11\/palletcontroltower-2-1536x1023.jpg 1536w\" sizes=\"(max-width: 1600px) 100vw, 1600px\" \/><\/figure>\n\n\n\n<hr class=\"wp-block-separator has-alpha-channel-opacity\"\/>\n\n\n\n<div class=\"wp-block-columns is-layout-flex wp-container-core-columns-is-layout-28f84493 wp-block-columns-is-layout-flex\">\n<div class=\"wp-block-column is-layout-flow wp-block-column-is-layout-flow\">\n<h3 class=\"wp-block-heading\">El\u0151ny\u00f6k<\/h3>\n\n\n\n<p><strong>Cs\u00f6kkentse CO2-l\u00e1bnyom\u00e1t<\/strong>&nbsp;<\/p>\n\n\n\n<p>A PCT Online seg\u00edts\u00e9g\u00e9vel sok minden l\u00e1that\u00f3v\u00e1 v\u00e1lik, bele\u00e9rtve az \u00fagynevezett rejtett k\u00f6lts\u00e9geket is, amelyek nem sz\u00e1mszer\u0171s\u00edthet\u0151k k\u00f6zvetlen\u00fcl, de egyre fontosabbak a modern \u00fczleti m\u0171k\u00f6d\u00e9sben. \u00c1ll\u00edtsa le a raklapok sz\u00fcks\u00e9gtelen ide-oda tologat\u00e1s\u00e1t. <\/p>\n\n\n\n<p><strong>Jobb egy\u00fcttm\u0171k\u00f6d\u00e9s az ell\u00e1t\u00e1si l\u00e1ncban<\/strong>&nbsp;<\/p>\n\n\n\n<p>A partnereket, besz\u00e1ll\u00edt\u00f3kat \u00e9s logisztikai szolg\u00e1ltat\u00f3kat \u00f6sszek\u00f6t\u0151 ell\u00e1t\u00e1si l\u00e1ncrendszer megk\u00f6nny\u00edti a szervezetek egy\u00fcttm\u0171k\u00f6d\u00e9s\u00e9t. Ha a probl\u00e9m\u00e1kat k\u00f6zvetlen\u00fcl a partnerekkel egy\u00fctt kezeli, gyorsabban megoldja azokat, alacsonyabbak a k\u00f6lts\u00e9gek, el\u00e9gedett \u00fcgyfelei vannak, \u00e9s kevesebb ember l\u00e9p le. V\u00e1llaljon felel\u0151ss\u00e9get a logisztikai l\u00e1nc\u00e9rt!&nbsp;<\/p>\n\n\n\n<p><strong>V\u00e9gpontt\u00f3l v\u00e9gpontig tart\u00f3 ell\u00e1t\u00e1si l\u00e1nc \u00e1ttekint\u00e9se<\/strong>&nbsp;<\/p>\n\n\n\n<p>A teljes ell\u00e1t\u00e1si l\u00e1nc - bele\u00e9rtve a besz\u00e1ll\u00edt\u00f3kat, gy\u00e1rt\u00f3kat, fuvaroz\u00f3kat, rakt\u00e1rakat \u00e9s k\u00fcls\u0151 logisztikai partnereket (3PL) - \u00e1tl\u00e1that\u00f3s\u00e1ga r\u00e9v\u00e9n a v\u00e1llalatok proakt\u00edvan kezelhetik ell\u00e1t\u00e1si l\u00e1ncaikat, cs\u00f6kkentve ezzel a kock\u00e1zatokat \u00e9s a k\u00f6lts\u00e9geket. \u00c9s nagyobb fenntarthat\u00f3s\u00e1got biztos\u00edtanak. &nbsp;&nbsp;<\/p>\n\n\n\n<p><strong>Pontosabb el\u0151rejelz\u00e9s \u00e9s d\u00f6nt\u00e9shozatal<\/strong>&nbsp;<\/p>\n\n\n\n<p>Az adatokat \"predikt\u00edv analitik\u00e1val\" lehet \u00f6sszes\u00edteni, \u00f6sszekapcsolni \u00e9s kieg\u00e9sz\u00edteni. Ez jobb, automatiz\u00e1ltabb d\u00f6nt\u00e9shozatalt \u00e9s \u00f6nkorrekci\u00f3t eredm\u00e9nyez. V\u00e9gs\u0151 soron ez hat\u00e9konyabb folyamatokat \u00e9s kevesebb pazarl\u00e1st eredm\u00e9nyez. \u00dajabb cs\u00f6kken\u00e9s a sz\u00e9nl\u00e1bnyomban.&nbsp;&nbsp;<\/p>\n\n\n\n<p><strong>Nagyobb rugalmass\u00e1g az ell\u00e1t\u00e1si l\u00e1ncban<\/strong>&nbsp;<\/p>\n\n\n\n<p>A rugalmas ell\u00e1t\u00e1si l\u00e1ncok \u00d6nnel egy\u00fctt mozognak, ha valami v\u00e1ratlan t\u00f6rt\u00e9nik. Ez a rugalmass\u00e1g jobb \u00fcgyf\u00e9l\u00e9lm\u00e9nyt, gyorsabb reakci\u00f3id\u0151t \u00e9s \u00e1ltal\u00e1ban v\u00e9ve hat\u00e9konyabb ell\u00e1t\u00e1si l\u00e1ncot biztos\u00edt. K\u00fcl\u00f6n\u00f6sen olyan id\u0151kben, amikor az emberi er\u0151forr\u00e1sok egyre sz\u0171k\u00f6sebbek \u00e9s dr\u00e1g\u00e1bbak. <\/p>\n\n\n\n<p><strong>Optim\u00e1lis k\u00e9szletszintek<\/strong>&nbsp;<\/p>\n\n\n\n<p>A PCTO \u00e1tl\u00e1that\u00f3s\u00e1got biztos\u00edt a h\u00e1l\u00f3zaton bel\u00fcli k\u00e9szletekre vonatkoz\u00f3an, lehet\u0151v\u00e9 t\u00e9ve a v\u00e1llalatok sz\u00e1m\u00e1ra, hogy azt kapj\u00e1k, amire sz\u00fcks\u00e9g\u00fck van, ahol sz\u00fcks\u00e9g\u00fck van r\u00e1, \u00e9s amikor sz\u00fcks\u00e9g\u00fck van r\u00e1. N\u00f6velik a nyeres\u00e9get \u00e9s a k\u00e9szletek forg\u00e1si sebess\u00e9g\u00e9t, valamint cs\u00f6kkentik a k\u00e9szlet- \u00e9s anyaghi\u00e1nyt.&nbsp;<\/p>\n\n\n\n<p><strong>K\u00e9szen \u00e1ll a raklapgy\u0171jt\u00e9s j\u00f6v\u0151j\u00e9re?<\/strong>&nbsp;<\/p>\n\n\n\n<div class=\"wp-block-buttons is-layout-flex wp-block-buttons-is-layout-flex\">\n<div class=\"wp-block-button\"><a class=\"wp-block-button__link has-white-color has-blue-background-color has-text-color has-background has-link-color wp-element-button\" href=\"https:\/\/portal.pct-online.eu\/register\" target=\"_blank\" rel=\"noreferrer noopener\">Aktiv\u00e1lja fi\u00f3kj\u00e1t<\/a><\/div>\n<\/div>\n<\/div>\n<\/div>","protected":false},"excerpt":{"rendered":"<p>Duurzaamheid PCT dringt het eenmalige gebruik van pallets terug en geeft u de kans om over te schakelen naar pallets voor meermalig gebruik. Dat doen wij met ons PCT Online-platform: Collection &amp; Delivery &#8211; Matching, gekoppeld aan e-Credits.&nbsp;Met ons platform kunnen palletgebruikers samen met hun toeleveranciers en klanten een eigen &#8216;palletpool&#8217; opzetten en zo het [&hellip;]<\/p>\n","protected":false},"author":1,"featured_media":0,"parent":40,"menu_order":0,"comment_status":"closed","ping_status":"closed","template":"","meta":{"footnotes":""},"class_list":["post-42","page","type-page","status-publish","hentry"],"yoast_head":"<!-- This site is optimized with the Yoast SEO plugin v27.3 - https:\/\/yoast.com\/product\/yoast-seo-wordpress\/ -->\n<title>Poolen is duurzaam - Pallet Control Tower<\/title>\n<meta name=\"description\" content=\"Palletpooling is een duurzame oplossing voor palletmanagement ingegeven door de nieuwe PPWD uit Brussel. PCT Online voldoet hieraan.\" \/>\n<meta name=\"robots\" content=\"index, follow, max-snippet:-1, max-image-preview:large, max-video-preview:-1\" \/>\n<link rel=\"canonical\" href=\"https:\/\/www.palletcontroltower.eu\/hu\/fenntarthatosag\/az-osszevonas-fenntarthato\/\" \/>\n<meta property=\"og:locale\" content=\"hu_HU\" \/>\n<meta property=\"og:type\" content=\"article\" \/>\n<meta property=\"og:title\" content=\"Poolen is duurzaam - Pallet Control Tower\" \/>\n<meta property=\"og:description\" content=\"Palletpooling is een duurzame oplossing voor palletmanagement ingegeven door de nieuwe PPWD uit Brussel. PCT Online voldoet hieraan.\" \/>\n<meta property=\"og:url\" content=\"https:\/\/www.palletcontroltower.eu\/hu\/fenntarthatosag\/az-osszevonas-fenntarthato\/\" \/>\n<meta property=\"og:site_name\" content=\"Pallet Control Tower\" \/>\n<meta property=\"article:modified_time\" content=\"2026-01-30T09:41:33+00:00\" \/>\n<meta property=\"og:image\" content=\"https:\/\/www.palletcontroltower.eu\/wp-content\/uploads\/2025\/05\/eur_pallet.jpg\" \/>\n\t<meta property=\"og:image:width\" content=\"1000\" \/>\n\t<meta property=\"og:image:height\" content=\"671\" \/>\n\t<meta property=\"og:image:type\" content=\"image\/jpeg\" \/>\n<meta name=\"twitter:card\" content=\"summary_large_image\" \/>\n<meta name=\"twitter:label1\" content=\"Becs\u00fclt olvas\u00e1si id\u0151\" \/>\n\t<meta name=\"twitter:data1\" content=\"4 perc\" \/>\n<script type=\"application\/ld+json\" class=\"yoast-schema-graph\">{\"@context\":\"https:\\\/\\\/schema.org\",\"@graph\":[{\"@type\":\"WebPage\",\"@id\":\"https:\\\/\\\/www.palletcontroltower.eu\\\/duurzaamheid\\\/poolen-is-duurzaam\\\/\",\"url\":\"https:\\\/\\\/www.palletcontroltower.eu\\\/duurzaamheid\\\/poolen-is-duurzaam\\\/\",\"name\":\"Poolen is duurzaam - Pallet Control Tower\",\"isPartOf\":{\"@id\":\"https:\\\/\\\/www.palletcontroltower.eu\\\/#website\"},\"primaryImageOfPage\":{\"@id\":\"https:\\\/\\\/www.palletcontroltower.eu\\\/duurzaamheid\\\/poolen-is-duurzaam\\\/#primaryimage\"},\"image\":{\"@id\":\"https:\\\/\\\/www.palletcontroltower.eu\\\/duurzaamheid\\\/poolen-is-duurzaam\\\/#primaryimage\"},\"thumbnailUrl\":\"https:\\\/\\\/www.palletcontroltower.eu\\\/wp-content\\\/uploads\\\/2025\\\/05\\\/eur_pallet.jpg\",\"datePublished\":\"2023-11-22T08:02:12+00:00\",\"dateModified\":\"2026-01-30T09:41:33+00:00\",\"description\":\"Palletpooling is een duurzame oplossing voor palletmanagement ingegeven door de nieuwe PPWD uit Brussel. PCT Online voldoet hieraan.\",\"breadcrumb\":{\"@id\":\"https:\\\/\\\/www.palletcontroltower.eu\\\/duurzaamheid\\\/poolen-is-duurzaam\\\/#breadcrumb\"},\"inLanguage\":\"hu\",\"potentialAction\":[{\"@type\":\"ReadAction\",\"target\":[\"https:\\\/\\\/www.palletcontroltower.eu\\\/duurzaamheid\\\/poolen-is-duurzaam\\\/\"]}]},{\"@type\":\"ImageObject\",\"inLanguage\":\"hu\",\"@id\":\"https:\\\/\\\/www.palletcontroltower.eu\\\/duurzaamheid\\\/poolen-is-duurzaam\\\/#primaryimage\",\"url\":\"https:\\\/\\\/www.palletcontroltower.eu\\\/wp-content\\\/uploads\\\/2025\\\/05\\\/eur_pallet.jpg\",\"contentUrl\":\"https:\\\/\\\/www.palletcontroltower.eu\\\/wp-content\\\/uploads\\\/2025\\\/05\\\/eur_pallet.jpg\"},{\"@type\":\"BreadcrumbList\",\"@id\":\"https:\\\/\\\/www.palletcontroltower.eu\\\/duurzaamheid\\\/poolen-is-duurzaam\\\/#breadcrumb\",\"itemListElement\":[{\"@type\":\"ListItem\",\"position\":1,\"name\":\"Home\",\"item\":\"https:\\\/\\\/www.palletcontroltower.eu\\\/\"},{\"@type\":\"ListItem\",\"position\":2,\"name\":\"Duurzaamheid\",\"item\":\"https:\\\/\\\/www.palletcontroltower.eu\\\/pl\\\/duurzaamheid\\\/\"},{\"@type\":\"ListItem\",\"position\":3,\"name\":\"Poolen is duurzaam\"}]},{\"@type\":\"WebSite\",\"@id\":\"https:\\\/\\\/www.palletcontroltower.eu\\\/#website\",\"url\":\"https:\\\/\\\/www.palletcontroltower.eu\\\/\",\"name\":\"Pallet Control Tower\",\"description\":\"\",\"publisher\":{\"@id\":\"https:\\\/\\\/www.palletcontroltower.eu\\\/#organization\"},\"potentialAction\":[{\"@type\":\"SearchAction\",\"target\":{\"@type\":\"EntryPoint\",\"urlTemplate\":\"https:\\\/\\\/www.palletcontroltower.eu\\\/?s={search_term_string}\"},\"query-input\":{\"@type\":\"PropertyValueSpecification\",\"valueRequired\":true,\"valueName\":\"search_term_string\"}}],\"inLanguage\":\"hu\"},{\"@type\":\"Organization\",\"@id\":\"https:\\\/\\\/www.palletcontroltower.eu\\\/#organization\",\"name\":\"Pallet Control Tower\",\"url\":\"https:\\\/\\\/www.palletcontroltower.eu\\\/\",\"logo\":{\"@type\":\"ImageObject\",\"inLanguage\":\"hu\",\"@id\":\"https:\\\/\\\/www.palletcontroltower.eu\\\/#\\\/schema\\\/logo\\\/image\\\/\",\"url\":\"https:\\\/\\\/www.palletcontroltower.eu\\\/wp-content\\\/uploads\\\/2023\\\/10\\\/logo.svg\",\"contentUrl\":\"https:\\\/\\\/www.palletcontroltower.eu\\\/wp-content\\\/uploads\\\/2023\\\/10\\\/logo.svg\",\"width\":290,\"height\":87,\"caption\":\"Pallet Control Tower\"},\"image\":{\"@id\":\"https:\\\/\\\/www.palletcontroltower.eu\\\/#\\\/schema\\\/logo\\\/image\\\/\"}}]}<\/script>\n<!-- \/ Yoast SEO plugin. -->","yoast_head_json":{"title":"A pooling fenntarthat\u00f3 - Pallet Control Tower","description":"A raklapok \u00f6sszevon\u00e1sa fenntarthat\u00f3 megold\u00e1s a raklapok kezel\u00e9s\u00e9re, amelyet az \u00faj br\u00fcsszeli PPWD \u00f6szt\u00f6n\u00f6z. A PCT Online megfelel ennek.","robots":{"index":"index","follow":"follow","max-snippet":"max-snippet:-1","max-image-preview":"max-image-preview:large","max-video-preview":"max-video-preview:-1"},"canonical":"https:\/\/www.palletcontroltower.eu\/hu\/fenntarthatosag\/az-osszevonas-fenntarthato\/","og_locale":"hu_HU","og_type":"article","og_title":"Poolen is duurzaam - Pallet Control Tower","og_description":"Palletpooling is een duurzame oplossing voor palletmanagement ingegeven door de nieuwe PPWD uit Brussel. PCT Online voldoet hieraan.","og_url":"https:\/\/www.palletcontroltower.eu\/hu\/fenntarthatosag\/az-osszevonas-fenntarthato\/","og_site_name":"Pallet Control Tower","article_modified_time":"2026-01-30T09:41:33+00:00","og_image":[{"width":1000,"height":671,"url":"https:\/\/www.palletcontroltower.eu\/wp-content\/uploads\/2025\/05\/eur_pallet.jpg","type":"image\/jpeg"}],"twitter_card":"summary_large_image","twitter_misc":{"Becs\u00fclt olvas\u00e1si id\u0151":"4 perc"},"schema":{"@context":"https:\/\/schema.org","@graph":[{"@type":"WebPage","@id":"https:\/\/www.palletcontroltower.eu\/duurzaamheid\/poolen-is-duurzaam\/","url":"https:\/\/www.palletcontroltower.eu\/duurzaamheid\/poolen-is-duurzaam\/","name":"A pooling fenntarthat\u00f3 - Pallet Control Tower","isPartOf":{"@id":"https:\/\/www.palletcontroltower.eu\/#website"},"primaryImageOfPage":{"@id":"https:\/\/www.palletcontroltower.eu\/duurzaamheid\/poolen-is-duurzaam\/#primaryimage"},"image":{"@id":"https:\/\/www.palletcontroltower.eu\/duurzaamheid\/poolen-is-duurzaam\/#primaryimage"},"thumbnailUrl":"https:\/\/www.palletcontroltower.eu\/wp-content\/uploads\/2025\/05\/eur_pallet.jpg","datePublished":"2023-11-22T08:02:12+00:00","dateModified":"2026-01-30T09:41:33+00:00","description":"A raklapok \u00f6sszevon\u00e1sa fenntarthat\u00f3 megold\u00e1s a raklapok kezel\u00e9s\u00e9re, amelyet az \u00faj br\u00fcsszeli PPWD \u00f6szt\u00f6n\u00f6z. A PCT Online megfelel ennek.","breadcrumb":{"@id":"https:\/\/www.palletcontroltower.eu\/duurzaamheid\/poolen-is-duurzaam\/#breadcrumb"},"inLanguage":"hu","potentialAction":[{"@type":"ReadAction","target":["https:\/\/www.palletcontroltower.eu\/duurzaamheid\/poolen-is-duurzaam\/"]}]},{"@type":"ImageObject","inLanguage":"hu","@id":"https:\/\/www.palletcontroltower.eu\/duurzaamheid\/poolen-is-duurzaam\/#primaryimage","url":"https:\/\/www.palletcontroltower.eu\/wp-content\/uploads\/2025\/05\/eur_pallet.jpg","contentUrl":"https:\/\/www.palletcontroltower.eu\/wp-content\/uploads\/2025\/05\/eur_pallet.jpg"},{"@type":"BreadcrumbList","@id":"https:\/\/www.palletcontroltower.eu\/duurzaamheid\/poolen-is-duurzaam\/#breadcrumb","itemListElement":[{"@type":"ListItem","position":1,"name":"Home","item":"https:\/\/www.palletcontroltower.eu\/"},{"@type":"ListItem","position":2,"name":"Duurzaamheid","item":"https:\/\/www.palletcontroltower.eu\/pl\/duurzaamheid\/"},{"@type":"ListItem","position":3,"name":"Poolen is duurzaam"}]},{"@type":"WebSite","@id":"https:\/\/www.palletcontroltower.eu\/#website","url":"https:\/\/www.palletcontroltower.eu\/","name":"Raklapvez\u00e9rl\u0151 torony","description":"","publisher":{"@id":"https:\/\/www.palletcontroltower.eu\/#organization"},"potentialAction":[{"@type":"SearchAction","target":{"@type":"EntryPoint","urlTemplate":"https:\/\/www.palletcontroltower.eu\/?s={search_term_string}"},"query-input":{"@type":"PropertyValueSpecification","valueRequired":true,"valueName":"search_term_string"}}],"inLanguage":"hu"},{"@type":"Organization","@id":"https:\/\/www.palletcontroltower.eu\/#organization","name":"Raklapvez\u00e9rl\u0151 torony","url":"https:\/\/www.palletcontroltower.eu\/","logo":{"@type":"ImageObject","inLanguage":"hu","@id":"https:\/\/www.palletcontroltower.eu\/#\/schema\/logo\/image\/","url":"https:\/\/www.palletcontroltower.eu\/wp-content\/uploads\/2023\/10\/logo.svg","contentUrl":"https:\/\/www.palletcontroltower.eu\/wp-content\/uploads\/2023\/10\/logo.svg","width":290,"height":87,"caption":"Pallet Control Tower"},"image":{"@id":"https:\/\/www.palletcontroltower.eu\/#\/schema\/logo\/image\/"}}]}},"_links":{"self":[{"href":"https:\/\/www.palletcontroltower.eu\/hu\/wp-json\/wp\/v2\/pages\/42","targetHints":{"allow":["GET"]}}],"collection":[{"href":"https:\/\/www.palletcontroltower.eu\/hu\/wp-json\/wp\/v2\/pages"}],"about":[{"href":"https:\/\/www.palletcontroltower.eu\/hu\/wp-json\/wp\/v2\/types\/page"}],"author":[{"embeddable":true,"href":"https:\/\/www.palletcontroltower.eu\/hu\/wp-json\/wp\/v2\/users\/1"}],"replies":[{"embeddable":true,"href":"https:\/\/www.palletcontroltower.eu\/hu\/wp-json\/wp\/v2\/comments?post=42"}],"version-history":[{"count":36,"href":"https:\/\/www.palletcontroltower.eu\/hu\/wp-json\/wp\/v2\/pages\/42\/revisions"}],"predecessor-version":[{"id":1228,"href":"https:\/\/www.palletcontroltower.eu\/hu\/wp-json\/wp\/v2\/pages\/42\/revisions\/1228"}],"up":[{"embeddable":true,"href":"https:\/\/www.palletcontroltower.eu\/hu\/wp-json\/wp\/v2\/pages\/40"}],"wp:attachment":[{"href":"https:\/\/www.palletcontroltower.eu\/hu\/wp-json\/wp\/v2\/media?parent=42"}],"curies":[{"name":"wp","href":"https:\/\/api.w.org\/{rel}","templated":true}]}}