{"id":755,"date":"2023-12-27T14:57:05","date_gmt":"2023-12-27T14:57:05","guid":{"rendered":"http:\/\/www.palletcontroltower.eu\/over-ons\/wie-is-pct-copy\/"},"modified":"2026-01-30T09:53:28","modified_gmt":"2026-01-30T09:53:28","slug":"okosabb-raklapkezeles","status":"publish","type":"page","link":"https:\/\/www.palletcontroltower.eu\/hu\/over-ons\/slimmer-palletmanagement\/","title":{"rendered":"Okosabb raklapkezel\u00e9s"},"content":{"rendered":"<div class=\"wp-block-columns is-layout-flex wp-container-core-columns-is-layout-28f84493 wp-block-columns-is-layout-flex\">\n<div class=\"wp-block-column is-layout-flow wp-block-column-is-layout-flow\">\n<h2 class=\"wp-block-heading\">K\u00f6nny\u0171, mint 1-2-3<\/h2>\n\n\n\n<p>Ne vesztegesse tov\u00e1bb az idej\u00e9t. Ismerj\u00fck a ny\u00edlt medenc\u00e9ben jelentkez\u0151 probl\u00e9m\u00e1kat, mivel mindannyian tapasztaljuk \u0151ket. A PCT Online megoldja \u0151ket az \u00d6n sz\u00e1m\u00e1ra!&nbsp;<\/p>\n\n\n\n<p>A raklapvez\u00e9rl\u0151 torony (PCT) az EUR Europallet \u00e9s m\u00e1s RTI-k eur\u00f3pai szabv\u00e1nya \u00e9s platformja a ny\u00edlt poolingban. A PCTO platformot az\u00e9rt fejlesztett\u00e9k ki, hogy biztons\u00e1gos, k\u00f6lts\u00e9ghat\u00e9kony \u00e9s magas sz\u00ednvonal\u00fa raklapcser\u00e9t biztos\u00edtson a raklap poolingban r\u00e9szt vev\u0151 valamennyi logisztikai f\u00e9l sz\u00e1m\u00e1ra. A PCT Online seg\u00edt fenntarthat\u00f3bb\u00e1 v\u00e1lni, megel\u0151zi az \u00faj br\u00fcsszeli PPWD-t \u00e9s hozz\u00e1j\u00e1rul az ENSZ fenntarthat\u00f3 fejl\u0151d\u00e9si c\u00e9ljaihoz.<\/p>\n\n\n\n<div class=\"wp-block-buttons is-layout-flex wp-block-buttons-is-layout-flex\">\n<div class=\"wp-block-button\"><a class=\"wp-block-button__link has-white-color has-green-background-color has-text-color has-background has-link-color wp-element-button\" href=\"http:\/\/www.palletcontroltower.eu\/hu\/hogyan-mukodik\/mit-csinalunk\/\" target=\"_blank\" rel=\"noreferrer noopener\">N\u00e9zze meg, hogyan m\u0171k\u00f6dik itt<\/a><\/div>\n<\/div>\n<\/div>\n<\/div>\n\n\n\n<hr class=\"wp-block-separator has-alpha-channel-opacity\"\/>\n\n\n\n<div class=\"wp-block-columns are-vertically-aligned-center is-layout-flex wp-container-core-columns-is-layout-28f84493 wp-block-columns-is-layout-flex\">\n<div class=\"wp-block-column is-vertically-aligned-center is-layout-flow wp-block-column-is-layout-flow\">\n<figure class=\"wp-block-image size-full\"><img fetchpriority=\"high\" decoding=\"async\" width=\"1800\" height=\"380\" src=\"http:\/\/www.palletcontroltower.eu\/wp-content\/uploads\/2023\/12\/headerbeeld_0003_PalletControlTower_Transport_delivery_warehouse.jpg\" alt=\"\" class=\"wp-image-638\" style=\"aspect-ratio:1;object-fit:cover\" srcset=\"https:\/\/www.palletcontroltower.eu\/wp-content\/uploads\/2023\/12\/headerbeeld_0003_PalletControlTower_Transport_delivery_warehouse.jpg 1800w, https:\/\/www.palletcontroltower.eu\/wp-content\/uploads\/2023\/12\/headerbeeld_0003_PalletControlTower_Transport_delivery_warehouse-300x63.jpg 300w, https:\/\/www.palletcontroltower.eu\/wp-content\/uploads\/2023\/12\/headerbeeld_0003_PalletControlTower_Transport_delivery_warehouse-1024x216.jpg 1024w, https:\/\/www.palletcontroltower.eu\/wp-content\/uploads\/2023\/12\/headerbeeld_0003_PalletControlTower_Transport_delivery_warehouse-768x162.jpg 768w, https:\/\/www.palletcontroltower.eu\/wp-content\/uploads\/2023\/12\/headerbeeld_0003_PalletControlTower_Transport_delivery_warehouse-1536x324.jpg 1536w, https:\/\/www.palletcontroltower.eu\/wp-content\/uploads\/2023\/12\/headerbeeld_0003_PalletControlTower_Transport_delivery_warehouse-18x4.jpg 18w\" sizes=\"(max-width: 1800px) 100vw, 1800px\" \/><\/figure>\n<\/div>\n\n\n\n<div class=\"wp-block-column is-vertically-aligned-center is-layout-flow wp-block-column-is-layout-flow\">\n<h2 class=\"wp-block-heading\">K\u00fcl\u00f6nb\u00f6z\u0151 ipar\u00e1gakban tev\u00e9kenykedik<\/h2>\n\n\n\n<p>A PCT minden t\u00edpus\u00fa v\u00e1llalkoz\u00e1sban megtal\u00e1lhat\u00f3, ez\u00e9rt minden piacon otthonosan mozog. Itt nem sz\u00e1m\u00edt, hogy \u00d6n az europalett\u00e1k vagy m\u00e1s KTF-ek tulajdonosa-e vagy sem. \u00d6n megold\u00e1st keres, \u00e1tl\u00e1that\u00f3s\u00e1got a l\u00e1ncban \u00e9s az \u00f6sszes haszn\u00e1lt rakom\u00e1nyhordoz\u00f3 fenntarthat\u00f3bb haszn\u00e1lat\u00e1t.&nbsp;<\/p>\n\n\n\n<ul class=\"wp-block-list\">\n<li>Ipari, feldolgoz\u00f3ipari vagy kereskedelmi v\u00e1llalatok, amelyek nagy mennyis\u00e9gben haszn\u00e1lnak euro- \u00e9s RTI-raklapokat a term\u00e9kek sz\u00e1ll\u00edt\u00e1s\u00e1ra.&nbsp;<\/li>\n\n\n\n<li>Minden eur\u00f3pai sz\u00e1ll\u00edtm\u00e1nyoz\u00e1si \u00e9s logisztikai v\u00e1llalat, bele\u00e9rtve az eloszt\u00f3k\u00f6zpontokat is.&nbsp;&nbsp;<\/li>\n\n\n\n<li>Raklapkeresked\u0151k, raklapgy\u00e1rt\u00f3k \u00e9s raklaprakt\u00e1rak az Europallets. <\/li>\n<\/ul>\n\n\n\n<div style=\"height:30px\" aria-hidden=\"true\" class=\"wp-block-spacer\"><\/div>\n\n\n\n<h3 class=\"wp-block-heading\">Sz\u00e1mla- \u00e9s min\u0151s\u00e9g\u00fcgyi vezet\u0151k<\/h3>\n\n\n\n<p>A k\u00fcl\u00f6nb\u00f6z\u0151 eur\u00f3pai r\u00e9gi\u00f3kban dolgoz\u00f3 saj\u00e1t sz\u00e1mlavezet\u0151ink \u00e9s min\u0151s\u00e9g\u00fcgyi vezet\u0151ink a helysz\u00ednen, a rakt\u00e1rakban \u00e9s a besz\u00e1ll\u00edt\u00f3kn\u00e1l ellen\u0151rzik a raklapokat, de a vit\u00e1s k\u00e9rd\u00e9seket is megoldj\u00e1k.<\/p>\n<\/div>\n<\/div>\n\n\n\n<hr class=\"wp-block-separator has-alpha-channel-opacity\"\/>\n\n\n\n<div class=\"wp-block-columns is-layout-flex wp-container-core-columns-is-layout-28f84493 wp-block-columns-is-layout-flex\">\n<div class=\"wp-block-column is-vertically-aligned-center is-layout-flow wp-block-column-is-layout-flow\">\n<h3 class=\"wp-block-heading\">7 m\u0171k\u00f6d\u00e9si ter\u00fcletre osztva<\/h3>\n\n\n\n<ol start=\"1\" class=\"wp-block-list\">\n<li>Hollandia, Belgium, Luxemburg, N\u00e9metorsz\u00e1g, Ausztria, Sv\u00e1jc, D\u00e1nia, N\u00e9metorsz\u00e1g, Ausztria, Sv\u00e1jc, D\u00e1nia.&nbsp;<\/li>\n<\/ol>\n\n\n\n<ol start=\"2\" class=\"wp-block-list\">\n<li>Nagy-Britannia&nbsp;<\/li>\n<\/ol>\n\n\n\n<ol start=\"3\" class=\"wp-block-list\">\n<li>Franciaorsz\u00e1g&nbsp;<\/li>\n<\/ol>\n\n\n\n<ol start=\"4\" class=\"wp-block-list\">\n<li>Spanyolorsz\u00e1g \u00e9s Portug\u00e1lia&nbsp;<\/li>\n<\/ol>\n\n\n\n<ol start=\"5\" class=\"wp-block-list\">\n<li>Olaszorsz\u00e1g&nbsp;<\/li>\n<\/ol>\n\n\n\n<ol start=\"6\" class=\"wp-block-list\">\n<li>Norv\u00e9gia, Sv\u00e9dorsz\u00e1g, Finaland&nbsp;<\/li>\n<\/ol>\n\n\n\n<ol start=\"7\" class=\"wp-block-list\">\n<li>\u00c9sztorsz\u00e1g, Lettorsz\u00e1g, Litv\u00e1nia, Lengyelorsz\u00e1g, Csehorsz\u00e1g, Szlov\u00e1kia, Magyarorsz\u00e1g, Szerbia \u00e9s Montenegr\u00f3, Rom\u00e1nia, Bulg\u00e1ria, G\u00f6r\u00f6gorsz\u00e1g, G\u00f6r\u00f6gorsz\u00e1g.<\/li>\n<\/ol>\n\n\n\n<div style=\"height:30px\" aria-hidden=\"true\" class=\"wp-block-spacer\"><\/div>\n\n\n\n<div class=\"wp-block-buttons is-layout-flex wp-block-buttons-is-layout-flex\">\n<div class=\"wp-block-button\"><a class=\"wp-block-button__link has-white-color has-green-background-color has-text-color has-background has-link-color wp-element-button\" href=\"https:\/\/portal.pct-online.eu\/register\" target=\"_blank\" rel=\"noreferrer noopener\">Aktiv\u00e1lja fi\u00f3kj\u00e1t<\/a><\/div>\n<\/div>\n<\/div>\n\n\n\n<div class=\"wp-block-column is-vertically-aligned-center is-layout-flow wp-block-column-is-layout-flow\">\n<figure class=\"wp-block-image size-full\"><img decoding=\"async\" width=\"800\" height=\"800\" src=\"http:\/\/www.palletcontroltower.eu\/wp-content\/uploads\/2024\/01\/pct-kaart.jpg\" alt=\"\" class=\"wp-image-1024\" srcset=\"https:\/\/www.palletcontroltower.eu\/wp-content\/uploads\/2024\/01\/pct-kaart.jpg 800w, https:\/\/www.palletcontroltower.eu\/wp-content\/uploads\/2024\/01\/pct-kaart-300x300.jpg 300w, https:\/\/www.palletcontroltower.eu\/wp-content\/uploads\/2024\/01\/pct-kaart-150x150.jpg 150w, https:\/\/www.palletcontroltower.eu\/wp-content\/uploads\/2024\/01\/pct-kaart-768x768.jpg 768w, https:\/\/www.palletcontroltower.eu\/wp-content\/uploads\/2024\/01\/pct-kaart-12x12.jpg 12w\" sizes=\"(max-width: 800px) 100vw, 800px\" \/><\/figure>\n<\/div>\n<\/div>\n\n\n\n<hr class=\"wp-block-separator has-alpha-channel-opacity\"\/>\n\n\n\n<blockquote class=\"wp-block-quote is-layout-flow wp-block-quote-is-layout-flow\">\n<p class=\"has-text-align-center\">Ker\u00fclje el a raklap stresszt! A Pallet Control Tower az eur\u00f3pai szabv\u00e1ny \u00e9s az Europallet \u00e9s m\u00e1s visszav\u00e1lthat\u00f3 sz\u00e1ll\u00edt\u00e1si cikkek egyez\u00e9ssel t\u00f6rt\u00e9n\u0151 begy\u0171jt\u00e9s\u00e9nek \u00e9s kisz\u00e1ll\u00edt\u00e1s\u00e1nak platformja. Megk\u00f6nny\u00edtj\u00fck a ny\u00edlt poolingot A-t\u00f3l Z-ig. \u00c9s \u00fajra kezelhet\u0151v\u00e9 tessz\u00fck a raklaplogisztik\u00e1t.<\/p>\n<\/blockquote>\n\n\n\n<hr class=\"wp-block-separator has-alpha-channel-opacity\"\/>\n\n\n\n<figure class=\"wp-block-image size-full\"><img decoding=\"async\" width=\"1600\" height=\"1066\" src=\"http:\/\/www.palletcontroltower.eu\/wp-content\/uploads\/2023\/11\/palletcontroltower-2.jpg\" alt=\"\" class=\"wp-image-207\" style=\"aspect-ratio:16\/9;object-fit:cover\" srcset=\"https:\/\/www.palletcontroltower.eu\/wp-content\/uploads\/2023\/11\/palletcontroltower-2.jpg 1600w, https:\/\/www.palletcontroltower.eu\/wp-content\/uploads\/2023\/11\/palletcontroltower-2-300x200.jpg 300w, https:\/\/www.palletcontroltower.eu\/wp-content\/uploads\/2023\/11\/palletcontroltower-2-1024x682.jpg 1024w, https:\/\/www.palletcontroltower.eu\/wp-content\/uploads\/2023\/11\/palletcontroltower-2-768x512.jpg 768w, https:\/\/www.palletcontroltower.eu\/wp-content\/uploads\/2023\/11\/palletcontroltower-2-1536x1023.jpg 1536w\" sizes=\"(max-width: 1600px) 100vw, 1600px\" \/><\/figure>\n\n\n\n<hr class=\"wp-block-separator has-alpha-channel-opacity\"\/>\n\n\n\n<div class=\"wp-block-columns is-layout-flex wp-container-core-columns-is-layout-28f84493 wp-block-columns-is-layout-flex\">\n<div class=\"wp-block-column is-layout-flow wp-block-column-is-layout-flow\">\n<h3 class=\"wp-block-heading\">Kinek \u00e9s mi\u00e9rt? <\/h3>\n\n\n\n<p>A PCTO seg\u00edts\u00e9g\u00e9vel b\u00e1rmely v\u00e1llalat, vagy m\u00e9g jobb esetben v\u00e1llalatok h\u00e1l\u00f3zata - az ell\u00e1t\u00e1si l\u00e1nc - k\u00e9pes lesz arra, hogy az egyszer haszn\u00e1latos raklapokr\u00f3l \u00e9s m\u00e1s RTI-kr\u0151l \u00e1tt\u00e9rjen a t\u00f6bbsz\u00f6r haszn\u00e1latos raklapokra \u00e9s m\u00e1s RTI-kre. <\/p>\n\n\n\n<p>A PCTO platform minden olyan ipari, gy\u00e1rt\u00f3 vagy kereskedelmi v\u00e1llalatnak sz\u00f3l, amely nagy mennyis\u00e9gben haszn\u00e1lja az Europalleteket \u00e9s az RTI-ket a term\u00e9kek sz\u00e1ll\u00edt\u00e1s\u00e1ra. De a sz\u00e1ll\u00edtm\u00e1nyoz\u00f3k \u00e9s eloszt\u00f3k\u00f6zpontok, valamint a raklapkeresked\u0151k\/rakt\u00e1rak\/gy\u00e1rt\u00f3k sz\u00e1m\u00e1ra is. <\/p>\n\n\n\n<div class=\"wp-block-buttons is-layout-flex wp-block-buttons-is-layout-flex\">\n<div class=\"wp-block-button\"><a class=\"wp-block-button__link has-white-color has-blue-background-color has-text-color has-background has-link-color wp-element-button\" href=\"https:\/\/portal.pct-online.eu\/register\" target=\"_blank\" rel=\"noreferrer noopener\">Aktiv\u00e1lja fi\u00f3kj\u00e1t<\/a><\/div>\n<\/div>\n<\/div>\n\n\n\n<div class=\"wp-block-column is-layout-flow wp-block-column-is-layout-flow\">\n<h3 class=\"wp-block-heading\">Hogyan csin\u00e1ljuk ezt? <\/h3>\n\n\n\n<p>A PCTO egyszer\u0171 m\u00f3dot k\u00edn\u00e1l arra, hogy az egyszeri haszn\u00e1latr\u00f3l a t\u00f6bbc\u00e9l\u00fa haszn\u00e1latra v\u00e1ltson. A Collection &amp; Delivery - Matching - megrendel\u00e9sekkel \u00e9s az e-Credit\u00fcnkkel a logisztikai l\u00e1ncban mindenki profit\u00e1l ebb\u0151l. <\/p>\n\n\n\n<p>Az \u00fcgyletek kezel\u00e9se egyszer\u0171bb\u00e9 v\u00e1lik, az \u00e1tl\u00e1that\u00f3s\u00e1g pedig kevesebb vit\u00e1t jelent minden \u00e9rintett f\u00e9llel. A k\u00f6lcs\u00f6n\u00f6s egyenlegek k\u00f6nnyen kiegyenl\u00edthet\u0151k az e-Credit seg\u00edts\u00e9g\u00e9vel. Vita eset\u00e9n region\u00e1lis sz\u00e1mlavezet\u0151ink \u00e9s min\u0151s\u00e9g\u00fcgyi vezet\u0151ink tudnak megold\u00e1st ny\u00fajtani.<\/p>\n\n\n\n<div class=\"wp-block-buttons is-layout-flex wp-block-buttons-is-layout-flex\">\n<div class=\"wp-block-button\"><a class=\"wp-block-button__link has-white-color has-mint-background-color has-text-color has-background has-link-color wp-element-button\" href=\"https:\/\/portal.pct-online.eu\/register\" target=\"_blank\" rel=\"noreferrer noopener\">Aktiv\u00e1lja fi\u00f3kj\u00e1t<\/a><\/div>\n<\/div>\n<\/div>\n<\/div>","protected":false},"excerpt":{"rendered":"<p>Easy as 1-2-3 Stop met het verspillen van uw tijd. We kennen de problemen in de open pool zoals we die allemaal ervaren. PCT Online lost ze voor u op!&nbsp; Pallet Control Tower (PCT) is de Europese standaard &amp; h\u00e9t platform in open pooling voor EUR Europallets en andere RTI&#8217;s. Het PCTO-platform is ontwikkeld om [&hellip;]<\/p>\n","protected":false},"author":3,"featured_media":0,"parent":64,"menu_order":0,"comment_status":"closed","ping_status":"closed","template":"","meta":{"footnotes":""},"class_list":["post-755","page","type-page","status-publish","hentry"],"yoast_head":"<!-- This site is optimized with the Yoast SEO plugin v27.3 - https:\/\/yoast.com\/product\/yoast-seo-wordpress\/ -->\n<title>Slimmer palletmanagement - Pallet Control Tower<\/title>\n<meta name=\"description\" content=\"De basis van PCT Online is slimmer palletmanagement voor iedere logistieke dienstverlener en\/of supply chain afdeling\" \/>\n<meta name=\"robots\" content=\"index, follow, max-snippet:-1, max-image-preview:large, max-video-preview:-1\" \/>\n<link rel=\"canonical\" href=\"https:\/\/www.palletcontroltower.eu\/hu\/rolunk\/okosabb-raklapkezeles\/\" \/>\n<meta property=\"og:locale\" content=\"hu_HU\" \/>\n<meta property=\"og:type\" content=\"article\" \/>\n<meta property=\"og:title\" content=\"Slimmer palletmanagement - Pallet Control Tower\" \/>\n<meta property=\"og:description\" content=\"De basis van PCT Online is slimmer palletmanagement voor iedere logistieke dienstverlener en\/of supply chain afdeling\" \/>\n<meta property=\"og:url\" content=\"https:\/\/www.palletcontroltower.eu\/hu\/rolunk\/okosabb-raklapkezeles\/\" \/>\n<meta property=\"og:site_name\" content=\"Pallet Control Tower\" \/>\n<meta property=\"article:modified_time\" content=\"2026-01-30T09:53:28+00:00\" \/>\n<meta property=\"og:image\" content=\"https:\/\/www.palletcontroltower.eu\/wp-content\/uploads\/2023\/12\/headerbeeld_0003_PalletControlTower_Transport_delivery_warehouse.jpg\" \/>\n\t<meta property=\"og:image:width\" content=\"1800\" \/>\n\t<meta property=\"og:image:height\" content=\"380\" \/>\n\t<meta property=\"og:image:type\" content=\"image\/jpeg\" \/>\n<meta name=\"twitter:card\" content=\"summary_large_image\" \/>\n<meta name=\"twitter:label1\" content=\"Becs\u00fclt olvas\u00e1si id\u0151\" \/>\n\t<meta name=\"twitter:data1\" content=\"3 perc\" \/>\n<script type=\"application\/ld+json\" class=\"yoast-schema-graph\">{\"@context\":\"https:\\\/\\\/schema.org\",\"@graph\":[{\"@type\":\"WebPage\",\"@id\":\"https:\\\/\\\/www.palletcontroltower.eu\\\/over-ons\\\/slimmer-palletmanagement\\\/\",\"url\":\"https:\\\/\\\/www.palletcontroltower.eu\\\/over-ons\\\/slimmer-palletmanagement\\\/\",\"name\":\"Slimmer palletmanagement - Pallet Control Tower\",\"isPartOf\":{\"@id\":\"https:\\\/\\\/www.palletcontroltower.eu\\\/#website\"},\"primaryImageOfPage\":{\"@id\":\"https:\\\/\\\/www.palletcontroltower.eu\\\/over-ons\\\/slimmer-palletmanagement\\\/#primaryimage\"},\"image\":{\"@id\":\"https:\\\/\\\/www.palletcontroltower.eu\\\/over-ons\\\/slimmer-palletmanagement\\\/#primaryimage\"},\"thumbnailUrl\":\"http:\\\/\\\/www.palletcontroltower.eu\\\/wp-content\\\/uploads\\\/2023\\\/12\\\/headerbeeld_0003_PalletControlTower_Transport_delivery_warehouse.jpg\",\"datePublished\":\"2023-12-27T14:57:05+00:00\",\"dateModified\":\"2026-01-30T09:53:28+00:00\",\"description\":\"De basis van PCT Online is slimmer palletmanagement voor iedere logistieke dienstverlener en\\\/of supply chain afdeling\",\"breadcrumb\":{\"@id\":\"https:\\\/\\\/www.palletcontroltower.eu\\\/over-ons\\\/slimmer-palletmanagement\\\/#breadcrumb\"},\"inLanguage\":\"hu\",\"potentialAction\":[{\"@type\":\"ReadAction\",\"target\":[\"https:\\\/\\\/www.palletcontroltower.eu\\\/over-ons\\\/slimmer-palletmanagement\\\/\"]}]},{\"@type\":\"ImageObject\",\"inLanguage\":\"hu\",\"@id\":\"https:\\\/\\\/www.palletcontroltower.eu\\\/over-ons\\\/slimmer-palletmanagement\\\/#primaryimage\",\"url\":\"http:\\\/\\\/www.palletcontroltower.eu\\\/wp-content\\\/uploads\\\/2023\\\/12\\\/headerbeeld_0003_PalletControlTower_Transport_delivery_warehouse.jpg\",\"contentUrl\":\"http:\\\/\\\/www.palletcontroltower.eu\\\/wp-content\\\/uploads\\\/2023\\\/12\\\/headerbeeld_0003_PalletControlTower_Transport_delivery_warehouse.jpg\"},{\"@type\":\"BreadcrumbList\",\"@id\":\"https:\\\/\\\/www.palletcontroltower.eu\\\/over-ons\\\/slimmer-palletmanagement\\\/#breadcrumb\",\"itemListElement\":[{\"@type\":\"ListItem\",\"position\":1,\"name\":\"Home\",\"item\":\"https:\\\/\\\/www.palletcontroltower.eu\\\/\"},{\"@type\":\"ListItem\",\"position\":2,\"name\":\"Over ons\",\"item\":\"https:\\\/\\\/www.palletcontroltower.eu\\\/over-ons\\\/\"},{\"@type\":\"ListItem\",\"position\":3,\"name\":\"Slimmer palletmanagement\"}]},{\"@type\":\"WebSite\",\"@id\":\"https:\\\/\\\/www.palletcontroltower.eu\\\/#website\",\"url\":\"https:\\\/\\\/www.palletcontroltower.eu\\\/\",\"name\":\"Pallet Control Tower\",\"description\":\"\",\"publisher\":{\"@id\":\"https:\\\/\\\/www.palletcontroltower.eu\\\/#organization\"},\"potentialAction\":[{\"@type\":\"SearchAction\",\"target\":{\"@type\":\"EntryPoint\",\"urlTemplate\":\"https:\\\/\\\/www.palletcontroltower.eu\\\/?s={search_term_string}\"},\"query-input\":{\"@type\":\"PropertyValueSpecification\",\"valueRequired\":true,\"valueName\":\"search_term_string\"}}],\"inLanguage\":\"hu\"},{\"@type\":\"Organization\",\"@id\":\"https:\\\/\\\/www.palletcontroltower.eu\\\/#organization\",\"name\":\"Pallet Control Tower\",\"url\":\"https:\\\/\\\/www.palletcontroltower.eu\\\/\",\"logo\":{\"@type\":\"ImageObject\",\"inLanguage\":\"hu\",\"@id\":\"https:\\\/\\\/www.palletcontroltower.eu\\\/#\\\/schema\\\/logo\\\/image\\\/\",\"url\":\"https:\\\/\\\/www.palletcontroltower.eu\\\/wp-content\\\/uploads\\\/2023\\\/10\\\/logo.svg\",\"contentUrl\":\"https:\\\/\\\/www.palletcontroltower.eu\\\/wp-content\\\/uploads\\\/2023\\\/10\\\/logo.svg\",\"width\":290,\"height\":87,\"caption\":\"Pallet Control Tower\"},\"image\":{\"@id\":\"https:\\\/\\\/www.palletcontroltower.eu\\\/#\\\/schema\\\/logo\\\/image\\\/\"}}]}<\/script>\n<!-- \/ Yoast SEO plugin. -->","yoast_head_json":{"title":"Okosabb raklapkezel\u00e9s - Pallet Control Tower","description":"A PCT Online alapja az intelligensebb raklapkezel\u00e9s b\u00e1rmely logisztikai szolg\u00e1ltat\u00f3 \u00e9s\/vagy ell\u00e1t\u00e1si l\u00e1nc r\u00e9szleg sz\u00e1m\u00e1ra.","robots":{"index":"index","follow":"follow","max-snippet":"max-snippet:-1","max-image-preview":"max-image-preview:large","max-video-preview":"max-video-preview:-1"},"canonical":"https:\/\/www.palletcontroltower.eu\/hu\/rolunk\/okosabb-raklapkezeles\/","og_locale":"hu_HU","og_type":"article","og_title":"Slimmer palletmanagement - Pallet Control Tower","og_description":"De basis van PCT Online is slimmer palletmanagement voor iedere logistieke dienstverlener en\/of supply chain afdeling","og_url":"https:\/\/www.palletcontroltower.eu\/hu\/rolunk\/okosabb-raklapkezeles\/","og_site_name":"Pallet Control Tower","article_modified_time":"2026-01-30T09:53:28+00:00","og_image":[{"width":1800,"height":380,"url":"https:\/\/www.palletcontroltower.eu\/wp-content\/uploads\/2023\/12\/headerbeeld_0003_PalletControlTower_Transport_delivery_warehouse.jpg","type":"image\/jpeg"}],"twitter_card":"summary_large_image","twitter_misc":{"Becs\u00fclt olvas\u00e1si id\u0151":"3 perc"},"schema":{"@context":"https:\/\/schema.org","@graph":[{"@type":"WebPage","@id":"https:\/\/www.palletcontroltower.eu\/over-ons\/slimmer-palletmanagement\/","url":"https:\/\/www.palletcontroltower.eu\/over-ons\/slimmer-palletmanagement\/","name":"Okosabb raklapkezel\u00e9s - Pallet Control Tower","isPartOf":{"@id":"https:\/\/www.palletcontroltower.eu\/#website"},"primaryImageOfPage":{"@id":"https:\/\/www.palletcontroltower.eu\/over-ons\/slimmer-palletmanagement\/#primaryimage"},"image":{"@id":"https:\/\/www.palletcontroltower.eu\/over-ons\/slimmer-palletmanagement\/#primaryimage"},"thumbnailUrl":"http:\/\/www.palletcontroltower.eu\/wp-content\/uploads\/2023\/12\/headerbeeld_0003_PalletControlTower_Transport_delivery_warehouse.jpg","datePublished":"2023-12-27T14:57:05+00:00","dateModified":"2026-01-30T09:53:28+00:00","description":"A PCT Online alapja az intelligensebb raklapkezel\u00e9s b\u00e1rmely logisztikai szolg\u00e1ltat\u00f3 \u00e9s\/vagy ell\u00e1t\u00e1si l\u00e1nc r\u00e9szleg sz\u00e1m\u00e1ra.","breadcrumb":{"@id":"https:\/\/www.palletcontroltower.eu\/over-ons\/slimmer-palletmanagement\/#breadcrumb"},"inLanguage":"hu","potentialAction":[{"@type":"ReadAction","target":["https:\/\/www.palletcontroltower.eu\/over-ons\/slimmer-palletmanagement\/"]}]},{"@type":"ImageObject","inLanguage":"hu","@id":"https:\/\/www.palletcontroltower.eu\/over-ons\/slimmer-palletmanagement\/#primaryimage","url":"http:\/\/www.palletcontroltower.eu\/wp-content\/uploads\/2023\/12\/headerbeeld_0003_PalletControlTower_Transport_delivery_warehouse.jpg","contentUrl":"http:\/\/www.palletcontroltower.eu\/wp-content\/uploads\/2023\/12\/headerbeeld_0003_PalletControlTower_Transport_delivery_warehouse.jpg"},{"@type":"BreadcrumbList","@id":"https:\/\/www.palletcontroltower.eu\/over-ons\/slimmer-palletmanagement\/#breadcrumb","itemListElement":[{"@type":"ListItem","position":1,"name":"Home","item":"https:\/\/www.palletcontroltower.eu\/"},{"@type":"ListItem","position":2,"name":"Over ons","item":"https:\/\/www.palletcontroltower.eu\/over-ons\/"},{"@type":"ListItem","position":3,"name":"Slimmer palletmanagement"}]},{"@type":"WebSite","@id":"https:\/\/www.palletcontroltower.eu\/#website","url":"https:\/\/www.palletcontroltower.eu\/","name":"Raklapvez\u00e9rl\u0151 torony","description":"","publisher":{"@id":"https:\/\/www.palletcontroltower.eu\/#organization"},"potentialAction":[{"@type":"SearchAction","target":{"@type":"EntryPoint","urlTemplate":"https:\/\/www.palletcontroltower.eu\/?s={search_term_string}"},"query-input":{"@type":"PropertyValueSpecification","valueRequired":true,"valueName":"search_term_string"}}],"inLanguage":"hu"},{"@type":"Organization","@id":"https:\/\/www.palletcontroltower.eu\/#organization","name":"Raklapvez\u00e9rl\u0151 torony","url":"https:\/\/www.palletcontroltower.eu\/","logo":{"@type":"ImageObject","inLanguage":"hu","@id":"https:\/\/www.palletcontroltower.eu\/#\/schema\/logo\/image\/","url":"https:\/\/www.palletcontroltower.eu\/wp-content\/uploads\/2023\/10\/logo.svg","contentUrl":"https:\/\/www.palletcontroltower.eu\/wp-content\/uploads\/2023\/10\/logo.svg","width":290,"height":87,"caption":"Pallet Control Tower"},"image":{"@id":"https:\/\/www.palletcontroltower.eu\/#\/schema\/logo\/image\/"}}]}},"_links":{"self":[{"href":"https:\/\/www.palletcontroltower.eu\/hu\/wp-json\/wp\/v2\/pages\/755","targetHints":{"allow":["GET"]}}],"collection":[{"href":"https:\/\/www.palletcontroltower.eu\/hu\/wp-json\/wp\/v2\/pages"}],"about":[{"href":"https:\/\/www.palletcontroltower.eu\/hu\/wp-json\/wp\/v2\/types\/page"}],"author":[{"embeddable":true,"href":"https:\/\/www.palletcontroltower.eu\/hu\/wp-json\/wp\/v2\/users\/3"}],"replies":[{"embeddable":true,"href":"https:\/\/www.palletcontroltower.eu\/hu\/wp-json\/wp\/v2\/comments?post=755"}],"version-history":[{"count":31,"href":"https:\/\/www.palletcontroltower.eu\/hu\/wp-json\/wp\/v2\/pages\/755\/revisions"}],"predecessor-version":[{"id":1236,"href":"https:\/\/www.palletcontroltower.eu\/hu\/wp-json\/wp\/v2\/pages\/755\/revisions\/1236"}],"up":[{"embeddable":true,"href":"https:\/\/www.palletcontroltower.eu\/hu\/wp-json\/wp\/v2\/pages\/64"}],"wp:attachment":[{"href":"https:\/\/www.palletcontroltower.eu\/hu\/wp-json\/wp\/v2\/media?parent=755"}],"curies":[{"name":"wp","href":"https:\/\/api.w.org\/{rel}","templated":true}]}}