{"id":1178,"date":"2024-01-17T08:00:50","date_gmt":"2024-01-17T08:00:50","guid":{"rendered":"https:\/\/www.palletcontroltower.eu\/?page_id=1178"},"modified":"2024-01-22T13:02:20","modified_gmt":"2024-01-22T13:02:20","slug":"assistente-marketing-junior","status":"publish","type":"page","link":"https:\/\/www.palletcontroltower.eu\/it\/vacatures\/junior-office-marketing-medewerker\/","title":{"rendered":"(Junior) Assistente ufficio\/marketing - part-time\/full-time"},"content":{"rendered":"<p><strong>Siete all'inizio della vostra carriera o avete gi\u00e0 una prima esperienza lavorativa in una posizione di marketing\/comunicazione e\/o gestione d'ufficio e desiderate fare il passo successivo nella vostra carriera?<\/strong><\/p>\n\n\n\n<p>Allora cogliete subito l'occasione di crescere con noi come assistente (junior) per l'ufficio e il marketing!<\/p>\n\n\n\n<h3 class=\"wp-block-heading\"><strong>Chi \u00e8 la Pallet Control Tower (PCT), vi chiederete?<\/strong><\/h3>\n\n\n\n<p>Siamo un'azienda internazionale che opera nel settore degli europallet e di altri \"articoli da trasporto a rendere\". Abbiamo sviluppato una piattaforma online europea dove l'acquisto e la vendita di europallet sono pi\u00f9 veloci, pi\u00f9 facili e pi\u00f9 sostenibili rispetto ai metodi tradizionali. Il nostro portafoglio clienti \u00e8 europeo e globale. Potete contare su un lavoro ricco di variet\u00e0 e di sfide.<\/p>\n\n\n\n<p>Nel ruolo di assistente di ufficio e marketing, lavorerai a stretto contatto con gli account manager internazionali e i clienti. Vi occuperete del supporto al marketing e alla comunicazione, ad esempio producendo i propri media, creando contenuti, organizzando le partecipazioni alle fiere, mantenendo i canali dei social media, comunicando con i clienti e i potenziali clienti. Ma anche di tenere aggiornate le agende degli account manager, di prenotare i loro viaggi (compresi hotel e auto a noleggio) e di fare da tramite tra il reparto finanziario e gli account manager. Uno degli strumenti che utilizziamo \u00e8 HubSpot. Se questa posizione vi ha entusiasmato e incuriosito, continuate a leggere!<\/p>\n\n\n\n<h3 class=\"wp-block-heading\"><strong>Cosa vi offriamo?<\/strong><\/h3>\n\n\n\n<ul class=\"wp-block-list\">\n<li>Impiego diretto con il PCT<\/li>\n\n\n\n<li>Un team internazionale amichevole (in continua crescita)<\/li>\n\n\n\n<li>Un ruolo di comunicazione commerciale ricco di variet\u00e0 e sfide<\/li>\n\n\n\n<li>Un mercato dinamico e in continua evoluzione<\/li>\n\n\n\n<li>Orientamento e opportunit\u00e0 di carriera a lungo termine<\/li>\n\n\n\n<li>Il lavoro ibrido \u00e8 possibile<\/li>\n\n\n\n<li>Stipendio competitivo<\/li>\n<\/ul>\n\n\n\n<h3 class=\"wp-block-heading\"><strong>Chi stiamo cercando?<\/strong><\/h3>\n\n\n\n<p>Siete pratici, pieni di energia e vi piace prendere l'iniziativa in prima persona. Siete attivi, impegnati e avete uno spirito imprenditoriale. Non avete problemi con i contatti telefonici, preferibilmente alzando voi stessi il telefono per le conversazioni. Lavorare in modo indipendente non \u00e8 un problema per voi, sapete lavorare bene in gruppo e avete un atteggiamento sociale.<\/p>\n\n\n\n<ul class=\"wp-block-list\">\n<li>Talento di scrittura pur cantato<\/li>\n\n\n\n<li>Conoscenza della comunicazione online e offline, come LinkedIn (pubblicit\u00e0) e MailChimp<\/li>\n\n\n\n<li>Conoscenza di Office 365, eventualmente di Canva, InDesign e\/o Photoshop<\/li>\n\n\n\n<li>Ottima padronanza dell'olandese e dell'inglese (ed eventualmente di altre lingue)<\/li>\n\n\n\n<li>Vivere nell'area di Roermond<\/li>\n\n\n\n<li>La posizione pu\u00f2 essere a tempo parziale (24 o 32 ore) o a tempo pieno.<\/li>\n<\/ul>\n\n\n\n<h3 class=\"wp-block-heading\"><strong>Applicazione<\/strong><\/h3>\n\n\n\n<p>Ancora emozionati! Lo capiamo! Allora scrivete la vostra lettera di presentazione e inviatela, insieme al vostro CV, a Bart Meijnen: info@palletcontroltower.eu. Potete anche inviargli un'e-mail o chiamarlo per domande o ulteriori informazioni: +31 620530869.<\/p>\n\n\n\n<p><em>L'acquisizione in risposta a questa posizione non \u00e8 gradita.<\/em><\/p>","protected":false},"excerpt":{"rendered":"<p>Sta je aan het begin van je loopbaan of heb je al een eerste werkervaring in een marketing\/communicatie en\/of office management functie en zou je graag de volgende stap in je carri\u00e8re willen zetten? Grijp dan nu je kans om te groeien bij ons als (junior) office- en marketingmedewerker! Wie is Pallet Control Tower (PCT) [&hellip;]<\/p>\n","protected":false},"author":3,"featured_media":0,"parent":70,"menu_order":0,"comment_status":"closed","ping_status":"closed","template":"","meta":{"footnotes":""},"class_list":["post-1178","page","type-page","status-publish","hentry"],"yoast_head":"<!-- This site is optimized with the Yoast SEO plugin v27.3 - https:\/\/yoast.com\/product\/yoast-seo-wordpress\/ -->\n<title>(Junior) Office \/ Marketing medewerker \u2013 parttime\/fulltime - Pallet Control Tower<\/title>\n<meta name=\"description\" content=\"PCT is op zoek naar een office \/ marketing medewerker die de spin in het web is op ons hoofdkantoor voor marketing en office activiteiten\" \/>\n<meta name=\"robots\" content=\"index, follow, max-snippet:-1, max-image-preview:large, max-video-preview:-1\" \/>\n<link rel=\"canonical\" href=\"https:\/\/www.palletcontroltower.eu\/it\/offerte-di-lavoro\/esempio-di-posto-vacante-2\/\" \/>\n<meta property=\"og:locale\" content=\"it_IT\" \/>\n<meta property=\"og:type\" content=\"article\" \/>\n<meta property=\"og:title\" content=\"(Junior) Office \/ Marketing medewerker \u2013 parttime\/fulltime - Pallet Control Tower\" \/>\n<meta property=\"og:description\" content=\"PCT is op zoek naar een office \/ marketing medewerker die de spin in het web is op ons hoofdkantoor voor marketing en office activiteiten\" \/>\n<meta property=\"og:url\" content=\"https:\/\/www.palletcontroltower.eu\/it\/offerte-di-lavoro\/esempio-di-posto-vacante-2\/\" \/>\n<meta property=\"og:site_name\" content=\"Pallet Control Tower\" \/>\n<meta property=\"article:modified_time\" content=\"2024-01-22T13:02:20+00:00\" \/>\n<meta name=\"twitter:card\" content=\"summary_large_image\" \/>\n<meta name=\"twitter:label1\" content=\"Tempo di lettura stimato\" \/>\n\t<meta name=\"twitter:data1\" content=\"3 minuti\" \/>\n<script type=\"application\/ld+json\" class=\"yoast-schema-graph\">{\"@context\":\"https:\\\/\\\/schema.org\",\"@graph\":[{\"@type\":\"WebPage\",\"@id\":\"https:\\\/\\\/www.palletcontroltower.eu\\\/hu\\\/allasajanlatok\\\/pelda-ures-allashely-2\\\/\",\"url\":\"https:\\\/\\\/www.palletcontroltower.eu\\\/hu\\\/allasajanlatok\\\/pelda-ures-allashely-2\\\/\",\"name\":\"(Junior) Office \\\/ Marketing medewerker \u2013 parttime\\\/fulltime - Pallet Control Tower\",\"isPartOf\":{\"@id\":\"https:\\\/\\\/www.palletcontroltower.eu\\\/#website\"},\"datePublished\":\"2024-01-17T08:00:50+00:00\",\"dateModified\":\"2024-01-22T13:02:20+00:00\",\"description\":\"PCT is op zoek naar een office \\\/ marketing medewerker die de spin in het web is op ons hoofdkantoor voor marketing en office activiteiten\",\"breadcrumb\":{\"@id\":\"https:\\\/\\\/www.palletcontroltower.eu\\\/hu\\\/allasajanlatok\\\/pelda-ures-allashely-2\\\/#breadcrumb\"},\"inLanguage\":\"it-IT\",\"potentialAction\":[{\"@type\":\"ReadAction\",\"target\":[\"https:\\\/\\\/www.palletcontroltower.eu\\\/hu\\\/allasajanlatok\\\/pelda-ures-allashely-2\\\/\"]}]},{\"@type\":\"BreadcrumbList\",\"@id\":\"https:\\\/\\\/www.palletcontroltower.eu\\\/hu\\\/allasajanlatok\\\/pelda-ures-allashely-2\\\/#breadcrumb\",\"itemListElement\":[{\"@type\":\"ListItem\",\"position\":1,\"name\":\"Home\",\"item\":\"https:\\\/\\\/www.palletcontroltower.eu\\\/\"},{\"@type\":\"ListItem\",\"position\":2,\"name\":\"Vacatures\",\"item\":\"https:\\\/\\\/www.palletcontroltower.eu\\\/vacatures\\\/\"},{\"@type\":\"ListItem\",\"position\":3,\"name\":\"(Junior) Office \\\/ Marketing medewerker \u2013 parttime\\\/fulltime\"}]},{\"@type\":\"WebSite\",\"@id\":\"https:\\\/\\\/www.palletcontroltower.eu\\\/#website\",\"url\":\"https:\\\/\\\/www.palletcontroltower.eu\\\/\",\"name\":\"Pallet Control Tower\",\"description\":\"\",\"publisher\":{\"@id\":\"https:\\\/\\\/www.palletcontroltower.eu\\\/#organization\"},\"potentialAction\":[{\"@type\":\"SearchAction\",\"target\":{\"@type\":\"EntryPoint\",\"urlTemplate\":\"https:\\\/\\\/www.palletcontroltower.eu\\\/?s={search_term_string}\"},\"query-input\":{\"@type\":\"PropertyValueSpecification\",\"valueRequired\":true,\"valueName\":\"search_term_string\"}}],\"inLanguage\":\"it-IT\"},{\"@type\":\"Organization\",\"@id\":\"https:\\\/\\\/www.palletcontroltower.eu\\\/#organization\",\"name\":\"Pallet Control Tower\",\"url\":\"https:\\\/\\\/www.palletcontroltower.eu\\\/\",\"logo\":{\"@type\":\"ImageObject\",\"inLanguage\":\"it-IT\",\"@id\":\"https:\\\/\\\/www.palletcontroltower.eu\\\/#\\\/schema\\\/logo\\\/image\\\/\",\"url\":\"https:\\\/\\\/www.palletcontroltower.eu\\\/wp-content\\\/uploads\\\/2023\\\/10\\\/logo.svg\",\"contentUrl\":\"https:\\\/\\\/www.palletcontroltower.eu\\\/wp-content\\\/uploads\\\/2023\\\/10\\\/logo.svg\",\"width\":290,\"height\":87,\"caption\":\"Pallet Control Tower\"},\"image\":{\"@id\":\"https:\\\/\\\/www.palletcontroltower.eu\\\/#\\\/schema\\\/logo\\\/image\\\/\"}}]}<\/script>\n<!-- \/ Yoast SEO plugin. -->","yoast_head_json":{"title":"(Junior) Assistente ufficio\/marketing - part-time\/full-time - Torre di controllo pallet","description":"PCT \u00e8 alla ricerca di un assistente d'ufficio\/marketing che sia il perno della nostra sede centrale per le attivit\u00e0 di marketing e di ufficio.","robots":{"index":"index","follow":"follow","max-snippet":"max-snippet:-1","max-image-preview":"max-image-preview:large","max-video-preview":"max-video-preview:-1"},"canonical":"https:\/\/www.palletcontroltower.eu\/it\/offerte-di-lavoro\/esempio-di-posto-vacante-2\/","og_locale":"it_IT","og_type":"article","og_title":"(Junior) Office \/ Marketing medewerker \u2013 parttime\/fulltime - Pallet Control Tower","og_description":"PCT is op zoek naar een office \/ marketing medewerker die de spin in het web is op ons hoofdkantoor voor marketing en office activiteiten","og_url":"https:\/\/www.palletcontroltower.eu\/it\/offerte-di-lavoro\/esempio-di-posto-vacante-2\/","og_site_name":"Pallet Control Tower","article_modified_time":"2024-01-22T13:02:20+00:00","twitter_card":"summary_large_image","twitter_misc":{"Tempo di lettura stimato":"3 minuti"},"schema":{"@context":"https:\/\/schema.org","@graph":[{"@type":"WebPage","@id":"https:\/\/www.palletcontroltower.eu\/hu\/allasajanlatok\/pelda-ures-allashely-2\/","url":"https:\/\/www.palletcontroltower.eu\/hu\/allasajanlatok\/pelda-ures-allashely-2\/","name":"(Junior) Assistente ufficio\/marketing - part-time\/full-time - Torre di controllo pallet","isPartOf":{"@id":"https:\/\/www.palletcontroltower.eu\/#website"},"datePublished":"2024-01-17T08:00:50+00:00","dateModified":"2024-01-22T13:02:20+00:00","description":"PCT \u00e8 alla ricerca di un assistente d'ufficio\/marketing che sia il perno della nostra sede centrale per le attivit\u00e0 di marketing e di ufficio.","breadcrumb":{"@id":"https:\/\/www.palletcontroltower.eu\/hu\/allasajanlatok\/pelda-ures-allashely-2\/#breadcrumb"},"inLanguage":"it-IT","potentialAction":[{"@type":"ReadAction","target":["https:\/\/www.palletcontroltower.eu\/hu\/allasajanlatok\/pelda-ures-allashely-2\/"]}]},{"@type":"BreadcrumbList","@id":"https:\/\/www.palletcontroltower.eu\/hu\/allasajanlatok\/pelda-ures-allashely-2\/#breadcrumb","itemListElement":[{"@type":"ListItem","position":1,"name":"Home","item":"https:\/\/www.palletcontroltower.eu\/"},{"@type":"ListItem","position":2,"name":"Vacatures","item":"https:\/\/www.palletcontroltower.eu\/vacatures\/"},{"@type":"ListItem","position":3,"name":"(Junior) Office \/ Marketing medewerker \u2013 parttime\/fulltime"}]},{"@type":"WebSite","@id":"https:\/\/www.palletcontroltower.eu\/#website","url":"https:\/\/www.palletcontroltower.eu\/","name":"Torre di controllo pallet","description":"","publisher":{"@id":"https:\/\/www.palletcontroltower.eu\/#organization"},"potentialAction":[{"@type":"SearchAction","target":{"@type":"EntryPoint","urlTemplate":"https:\/\/www.palletcontroltower.eu\/?s={search_term_string}"},"query-input":{"@type":"PropertyValueSpecification","valueRequired":true,"valueName":"search_term_string"}}],"inLanguage":"it-IT"},{"@type":"Organization","@id":"https:\/\/www.palletcontroltower.eu\/#organization","name":"Torre di controllo pallet","url":"https:\/\/www.palletcontroltower.eu\/","logo":{"@type":"ImageObject","inLanguage":"it-IT","@id":"https:\/\/www.palletcontroltower.eu\/#\/schema\/logo\/image\/","url":"https:\/\/www.palletcontroltower.eu\/wp-content\/uploads\/2023\/10\/logo.svg","contentUrl":"https:\/\/www.palletcontroltower.eu\/wp-content\/uploads\/2023\/10\/logo.svg","width":290,"height":87,"caption":"Pallet Control Tower"},"image":{"@id":"https:\/\/www.palletcontroltower.eu\/#\/schema\/logo\/image\/"}}]}},"_links":{"self":[{"href":"https:\/\/www.palletcontroltower.eu\/it\/wp-json\/wp\/v2\/pages\/1178","targetHints":{"allow":["GET"]}}],"collection":[{"href":"https:\/\/www.palletcontroltower.eu\/it\/wp-json\/wp\/v2\/pages"}],"about":[{"href":"https:\/\/www.palletcontroltower.eu\/it\/wp-json\/wp\/v2\/types\/page"}],"author":[{"embeddable":true,"href":"https:\/\/www.palletcontroltower.eu\/it\/wp-json\/wp\/v2\/users\/3"}],"replies":[{"embeddable":true,"href":"https:\/\/www.palletcontroltower.eu\/it\/wp-json\/wp\/v2\/comments?post=1178"}],"version-history":[{"count":6,"href":"https:\/\/www.palletcontroltower.eu\/it\/wp-json\/wp\/v2\/pages\/1178\/revisions"}],"predecessor-version":[{"id":1198,"href":"https:\/\/www.palletcontroltower.eu\/it\/wp-json\/wp\/v2\/pages\/1178\/revisions\/1198"}],"up":[{"embeddable":true,"href":"https:\/\/www.palletcontroltower.eu\/it\/wp-json\/wp\/v2\/pages\/70"}],"wp:attachment":[{"href":"https:\/\/www.palletcontroltower.eu\/it\/wp-json\/wp\/v2\/media?parent=1178"}],"curies":[{"name":"wp","href":"https:\/\/api.w.org\/{rel}","templated":true}]}}