{"id":23,"date":"2023-11-22T07:59:21","date_gmt":"2023-11-22T07:59:21","guid":{"rendered":"http:\/\/www.palletcontroltower.eu\/?page_id=23"},"modified":"2024-01-11T10:37:39","modified_gmt":"2024-01-11T10:37:39","slug":"domande-frequenti","status":"publish","type":"page","link":"https:\/\/www.palletcontroltower.eu\/it\/hoe-werkt-het\/veelgestelde-vragen\/","title":{"rendered":"Domande frequenti"},"content":{"rendered":"<div class=\"wp-block-columns is-layout-flex wp-container-core-columns-is-layout-28f84493 wp-block-columns-is-layout-flex\">\n<div class=\"wp-block-column is-layout-flow wp-block-column-is-layout-flow\"><\/div>\n<\/div>\n\n\n\n<hr class=\"wp-block-separator has-alpha-channel-opacity\"\/>\n\n\n\n<div class=\"wp-block-pb-accordion-item c-accordion__item js-accordion-item no-js\" data-initially-open=\"false\" data-click-to-close=\"true\" data-auto-close=\"true\" data-scroll=\"false\" data-scroll-offset=\"0\"><h3 id=\"at-230\" class=\"c-accordion__title js-accordion-controller\" role=\"button\"><strong>Che cos'\u00e8 la consegna?<\/strong><\/h3><div id=\"ac-230\" class=\"c-accordion__content\">\n<p>Con un ordine di consegna si indica che si desidera acquistare un lotto di pallet. Questo pu\u00f2 essere per voi stessi o per un fornitore. In PCT Online si indicano i numeri e le qualit\u00e0 da consegnare. \u00c8 anche possibile specificare ulteriori opzioni di consegna. Si ricevono diverse offerte e si sceglie in base alla pi\u00f9 vantaggiosa dal punto di vista economico, alla pi\u00f9 sostenibile o si sceglie un fornitore preferito. Dopo l'accettazione dell'offerta, l'ordine viene eseguito dal deposito pallet. Il pagamento avviene entro 8 giorni. <\/p>\n<\/div><\/div>\n\n\n\n<div class=\"wp-block-pb-accordion-item c-accordion__item js-accordion-item no-js\" data-initially-open=\"false\" data-click-to-close=\"true\" data-auto-close=\"true\" data-scroll=\"false\" data-scroll-offset=\"0\"><h3 id=\"at-231\" class=\"c-accordion__title js-accordion-controller\" role=\"button\"><strong>Che cos'\u00e8 la raccolta?&nbsp;<\/strong><\/h3><div id=\"ac-231\" class=\"c-accordion__content\">\n<p>Un ordine di ritiro mette fuori gioco voi, proprietari di pallet. Mettete in vendita un lotto di pallet. Pi\u00f9 depositi di pallet fanno un'offerta per i vostri pallet. Questi vengono descritti da voi in termini di numero e qualit\u00e0 e corredati di diverse foto. Dopo aver accettato l'offerta, il deposito pallet di vostra scelta ritirer\u00e0 il lotto di pallet. \u00c8 possibile una successiva selezione e valutazione.<\/p>\n<\/div><\/div>\n\n\n\n<div class=\"wp-block-pb-accordion-item c-accordion__item js-accordion-item no-js\" data-initially-open=\"false\" data-click-to-close=\"true\" data-auto-close=\"true\" data-scroll=\"false\" data-scroll-offset=\"0\"><h3 id=\"at-232\" class=\"c-accordion__title js-accordion-controller\" role=\"button\"><strong>Come partecipante, posso presentare tutti i tipi di pallet e\/o RTI?<\/strong><\/h3><div id=\"ac-232\" class=\"c-accordion__content\">\n<p>S\u00ec, \u00e8 possibile. Il depositario di vostra scelta valuter\u00e0 tutto e lo convertir\u00e0 in valore in e-Credits. Questi e-Credits saranno poi accreditati sul vostro saldo nel vostro portafoglio.\u00a0<\/p>\n<\/div><\/div>\n\n\n\n<div class=\"wp-block-pb-accordion-item c-accordion__item js-accordion-item no-js\" data-initially-open=\"false\" data-click-to-close=\"true\" data-auto-close=\"true\" data-scroll=\"false\" data-scroll-offset=\"0\"><h3 id=\"at-233\" class=\"c-accordion__title js-accordion-controller\" role=\"button\"><strong>Quando mi viene addebitata una commissione di transazione?<\/strong>&nbsp;<\/h3><div id=\"ac-233\" class=\"c-accordion__content\">\n<p>Il valore di un europallet \"base\" \u00e8 coperto dall'indice EUWID. Tutte le deviazioni da questo standard si riflettono nel sovrapprezzo della transazione.&nbsp;<\/p>\n<\/div><\/div>\n\n\n\n<div class=\"wp-block-pb-accordion-item c-accordion__item js-accordion-item no-js\" data-initially-open=\"false\" data-click-to-close=\"true\" data-auto-close=\"true\" data-scroll=\"false\" data-scroll-offset=\"0\"><h3 id=\"at-234\" class=\"c-accordion__title js-accordion-controller\" role=\"button\"><strong>Qual \u00e8 il valore attuale dell'e-Credit?<\/strong>&nbsp;<\/h3><div id=\"ac-234\" class=\"c-accordion__content\">\n<p>Sulla piattaforma online PCTO troverete sempre il valore attuale. Il valore \u00e8 determinato come media ponderata dei valori pi\u00f9 bassi e pi\u00f9 alti degli ultimi tre periodi settimanali. Questo valore viene preso come base per la liquidazione o la prenotazione degli e-Credit al momento della presentazione o della richiesta.\u00a0\u00a0<\/p>\n<\/div><\/div>\n\n\n\n<div class=\"wp-block-pb-accordion-item c-accordion__item js-accordion-item no-js\" data-initially-open=\"false\" data-click-to-close=\"true\" data-auto-close=\"true\" data-scroll=\"false\" data-scroll-offset=\"0\"><h3 id=\"at-235\" class=\"c-accordion__title js-accordion-controller\" role=\"button\"><strong>Come nasce EUWID?<\/strong>&nbsp;<\/h3><div id=\"ac-235\" class=\"c-accordion__content\">\n<p>Sul sito web di <a href=\"https:\/\/www.euwid-wood-products.com\/\" target=\"_blank\" rel=\"noreferrer noopener\">EUWID - componente prodotti in legno<\/a> - troverete tutte le informazioni sul mercato. I prezzi e gli sviluppi di EUWID sono dietro un login. PCT ha un abbonamento a questi dati di mercato&nbsp;&nbsp;<\/p>\n<\/div><\/div>\n\n\n\n<div class=\"wp-block-pb-accordion-item c-accordion__item js-accordion-item no-js\" data-initially-open=\"false\" data-click-to-close=\"true\" data-auto-close=\"true\" data-scroll=\"false\" data-scroll-offset=\"0\"><h3 id=\"at-236\" class=\"c-accordion__title js-accordion-controller\" role=\"button\"><strong>Se tutti gli RTI possono essere ceduti, vengo rimborsato per tutto?&nbsp;<\/strong><\/h3><div id=\"ac-236\" class=\"c-accordion__content\">\n<p>Non \u00e8 necessario. La maggior parte dei depositi lavora con liste di smistamento e in base a queste viene determinato il valore. Se non ci sono RTI utilizzabili e si tratta principalmente di \"spazzatura\", il rendimento pu\u00f2 essere negativo.<\/p>\n<\/div><\/div>\n\n\n\n<hr class=\"wp-block-separator has-alpha-channel-opacity\"\/>","protected":false},"excerpt":{"rendered":"","protected":false},"author":1,"featured_media":0,"parent":17,"menu_order":0,"comment_status":"closed","ping_status":"closed","template":"","meta":{"footnotes":""},"class_list":["post-23","page","type-page","status-publish","hentry"],"yoast_head":"<!-- This site is optimized with the Yoast SEO plugin v27.3 - https:\/\/yoast.com\/product\/yoast-seo-wordpress\/ -->\n<title>Veelgestelde vragen - Pallet Control Tower<\/title>\n<meta name=\"description\" content=\"Veelgestelde vragen over Pallet Control Tower Online, zoals wat is Collection, Delivery, e-Credit en EUWID\" \/>\n<meta name=\"robots\" content=\"index, follow, max-snippet:-1, max-image-preview:large, max-video-preview:-1\" \/>\n<link rel=\"canonical\" href=\"https:\/\/www.palletcontroltower.eu\/it\/come-funziona\/domande-frequenti\/\" \/>\n<meta property=\"og:locale\" content=\"it_IT\" \/>\n<meta property=\"og:type\" content=\"article\" \/>\n<meta property=\"og:title\" content=\"Veelgestelde vragen - Pallet Control Tower\" \/>\n<meta property=\"og:description\" content=\"Veelgestelde vragen over Pallet Control Tower Online, zoals wat is Collection, Delivery, e-Credit en EUWID\" \/>\n<meta property=\"og:url\" content=\"https:\/\/www.palletcontroltower.eu\/it\/come-funziona\/domande-frequenti\/\" \/>\n<meta property=\"og:site_name\" content=\"Pallet Control Tower\" \/>\n<meta property=\"article:modified_time\" content=\"2024-01-11T10:37:39+00:00\" \/>\n<meta name=\"twitter:card\" content=\"summary_large_image\" \/>\n<meta name=\"twitter:label1\" content=\"Tempo di lettura stimato\" \/>\n\t<meta name=\"twitter:data1\" content=\"2 minuti\" \/>\n<script type=\"application\/ld+json\" class=\"yoast-schema-graph\">{\"@context\":\"https:\\\/\\\/schema.org\",\"@graph\":[{\"@type\":\"WebPage\",\"@id\":\"https:\\\/\\\/www.palletcontroltower.eu\\\/pl\\\/hoe-werkt-het\\\/czesto-zadawane-pytania\\\/\",\"url\":\"https:\\\/\\\/www.palletcontroltower.eu\\\/pl\\\/hoe-werkt-het\\\/czesto-zadawane-pytania\\\/\",\"name\":\"Veelgestelde vragen - Pallet Control Tower\",\"isPartOf\":{\"@id\":\"https:\\\/\\\/www.palletcontroltower.eu\\\/#website\"},\"datePublished\":\"2023-11-22T07:59:21+00:00\",\"dateModified\":\"2024-01-11T10:37:39+00:00\",\"description\":\"Veelgestelde vragen over Pallet Control Tower Online, zoals wat is Collection, Delivery, e-Credit en EUWID\",\"breadcrumb\":{\"@id\":\"https:\\\/\\\/www.palletcontroltower.eu\\\/pl\\\/hoe-werkt-het\\\/czesto-zadawane-pytania\\\/#breadcrumb\"},\"inLanguage\":\"it-IT\",\"potentialAction\":[{\"@type\":\"ReadAction\",\"target\":[\"https:\\\/\\\/www.palletcontroltower.eu\\\/pl\\\/hoe-werkt-het\\\/czesto-zadawane-pytania\\\/\"]}]},{\"@type\":\"BreadcrumbList\",\"@id\":\"https:\\\/\\\/www.palletcontroltower.eu\\\/pl\\\/hoe-werkt-het\\\/czesto-zadawane-pytania\\\/#breadcrumb\",\"itemListElement\":[{\"@type\":\"ListItem\",\"position\":1,\"name\":\"Home\",\"item\":\"https:\\\/\\\/www.palletcontroltower.eu\\\/\"},{\"@type\":\"ListItem\",\"position\":2,\"name\":\"Hoe werkt het\",\"item\":\"https:\\\/\\\/www.palletcontroltower.eu\\\/hoe-werkt-het\\\/\"},{\"@type\":\"ListItem\",\"position\":3,\"name\":\"Veelgestelde vragen\"}]},{\"@type\":\"WebSite\",\"@id\":\"https:\\\/\\\/www.palletcontroltower.eu\\\/#website\",\"url\":\"https:\\\/\\\/www.palletcontroltower.eu\\\/\",\"name\":\"Pallet Control Tower\",\"description\":\"\",\"publisher\":{\"@id\":\"https:\\\/\\\/www.palletcontroltower.eu\\\/#organization\"},\"potentialAction\":[{\"@type\":\"SearchAction\",\"target\":{\"@type\":\"EntryPoint\",\"urlTemplate\":\"https:\\\/\\\/www.palletcontroltower.eu\\\/?s={search_term_string}\"},\"query-input\":{\"@type\":\"PropertyValueSpecification\",\"valueRequired\":true,\"valueName\":\"search_term_string\"}}],\"inLanguage\":\"it-IT\"},{\"@type\":\"Organization\",\"@id\":\"https:\\\/\\\/www.palletcontroltower.eu\\\/#organization\",\"name\":\"Pallet Control Tower\",\"url\":\"https:\\\/\\\/www.palletcontroltower.eu\\\/\",\"logo\":{\"@type\":\"ImageObject\",\"inLanguage\":\"it-IT\",\"@id\":\"https:\\\/\\\/www.palletcontroltower.eu\\\/#\\\/schema\\\/logo\\\/image\\\/\",\"url\":\"https:\\\/\\\/www.palletcontroltower.eu\\\/wp-content\\\/uploads\\\/2023\\\/10\\\/logo.svg\",\"contentUrl\":\"https:\\\/\\\/www.palletcontroltower.eu\\\/wp-content\\\/uploads\\\/2023\\\/10\\\/logo.svg\",\"width\":290,\"height\":87,\"caption\":\"Pallet Control Tower\"},\"image\":{\"@id\":\"https:\\\/\\\/www.palletcontroltower.eu\\\/#\\\/schema\\\/logo\\\/image\\\/\"}}]}<\/script>\n<!-- \/ Yoast SEO plugin. -->","yoast_head_json":{"title":"Domande frequenti - Torre di controllo pallet","description":"Domande frequenti su Pallet Control Tower Online, come ad esempio cos'\u00e8 il ritiro, la consegna, l'e-Credit e l'EUWID.","robots":{"index":"index","follow":"follow","max-snippet":"max-snippet:-1","max-image-preview":"max-image-preview:large","max-video-preview":"max-video-preview:-1"},"canonical":"https:\/\/www.palletcontroltower.eu\/it\/come-funziona\/domande-frequenti\/","og_locale":"it_IT","og_type":"article","og_title":"Veelgestelde vragen - Pallet Control Tower","og_description":"Veelgestelde vragen over Pallet Control Tower Online, zoals wat is Collection, Delivery, e-Credit en EUWID","og_url":"https:\/\/www.palletcontroltower.eu\/it\/come-funziona\/domande-frequenti\/","og_site_name":"Pallet Control Tower","article_modified_time":"2024-01-11T10:37:39+00:00","twitter_card":"summary_large_image","twitter_misc":{"Tempo di lettura stimato":"2 minuti"},"schema":{"@context":"https:\/\/schema.org","@graph":[{"@type":"WebPage","@id":"https:\/\/www.palletcontroltower.eu\/pl\/hoe-werkt-het\/czesto-zadawane-pytania\/","url":"https:\/\/www.palletcontroltower.eu\/pl\/hoe-werkt-het\/czesto-zadawane-pytania\/","name":"Domande frequenti - Torre di controllo pallet","isPartOf":{"@id":"https:\/\/www.palletcontroltower.eu\/#website"},"datePublished":"2023-11-22T07:59:21+00:00","dateModified":"2024-01-11T10:37:39+00:00","description":"Domande frequenti su Pallet Control Tower Online, come ad esempio cos'\u00e8 il ritiro, la consegna, l'e-Credit e l'EUWID.","breadcrumb":{"@id":"https:\/\/www.palletcontroltower.eu\/pl\/hoe-werkt-het\/czesto-zadawane-pytania\/#breadcrumb"},"inLanguage":"it-IT","potentialAction":[{"@type":"ReadAction","target":["https:\/\/www.palletcontroltower.eu\/pl\/hoe-werkt-het\/czesto-zadawane-pytania\/"]}]},{"@type":"BreadcrumbList","@id":"https:\/\/www.palletcontroltower.eu\/pl\/hoe-werkt-het\/czesto-zadawane-pytania\/#breadcrumb","itemListElement":[{"@type":"ListItem","position":1,"name":"Home","item":"https:\/\/www.palletcontroltower.eu\/"},{"@type":"ListItem","position":2,"name":"Hoe werkt het","item":"https:\/\/www.palletcontroltower.eu\/hoe-werkt-het\/"},{"@type":"ListItem","position":3,"name":"Veelgestelde vragen"}]},{"@type":"WebSite","@id":"https:\/\/www.palletcontroltower.eu\/#website","url":"https:\/\/www.palletcontroltower.eu\/","name":"Torre di controllo pallet","description":"","publisher":{"@id":"https:\/\/www.palletcontroltower.eu\/#organization"},"potentialAction":[{"@type":"SearchAction","target":{"@type":"EntryPoint","urlTemplate":"https:\/\/www.palletcontroltower.eu\/?s={search_term_string}"},"query-input":{"@type":"PropertyValueSpecification","valueRequired":true,"valueName":"search_term_string"}}],"inLanguage":"it-IT"},{"@type":"Organization","@id":"https:\/\/www.palletcontroltower.eu\/#organization","name":"Torre di controllo pallet","url":"https:\/\/www.palletcontroltower.eu\/","logo":{"@type":"ImageObject","inLanguage":"it-IT","@id":"https:\/\/www.palletcontroltower.eu\/#\/schema\/logo\/image\/","url":"https:\/\/www.palletcontroltower.eu\/wp-content\/uploads\/2023\/10\/logo.svg","contentUrl":"https:\/\/www.palletcontroltower.eu\/wp-content\/uploads\/2023\/10\/logo.svg","width":290,"height":87,"caption":"Pallet Control Tower"},"image":{"@id":"https:\/\/www.palletcontroltower.eu\/#\/schema\/logo\/image\/"}}]}},"_links":{"self":[{"href":"https:\/\/www.palletcontroltower.eu\/it\/wp-json\/wp\/v2\/pages\/23","targetHints":{"allow":["GET"]}}],"collection":[{"href":"https:\/\/www.palletcontroltower.eu\/it\/wp-json\/wp\/v2\/pages"}],"about":[{"href":"https:\/\/www.palletcontroltower.eu\/it\/wp-json\/wp\/v2\/types\/page"}],"author":[{"embeddable":true,"href":"https:\/\/www.palletcontroltower.eu\/it\/wp-json\/wp\/v2\/users\/1"}],"replies":[{"embeddable":true,"href":"https:\/\/www.palletcontroltower.eu\/it\/wp-json\/wp\/v2\/comments?post=23"}],"version-history":[{"count":18,"href":"https:\/\/www.palletcontroltower.eu\/it\/wp-json\/wp\/v2\/pages\/23\/revisions"}],"predecessor-version":[{"id":1152,"href":"https:\/\/www.palletcontroltower.eu\/it\/wp-json\/wp\/v2\/pages\/23\/revisions\/1152"}],"up":[{"embeddable":true,"href":"https:\/\/www.palletcontroltower.eu\/it\/wp-json\/wp\/v2\/pages\/17"}],"wp:attachment":[{"href":"https:\/\/www.palletcontroltower.eu\/it\/wp-json\/wp\/v2\/media?parent=23"}],"curies":[{"name":"wp","href":"https:\/\/api.w.org\/{rel}","templated":true}]}}