{"id":27,"date":"2023-11-22T08:00:10","date_gmt":"2023-11-22T08:00:10","guid":{"rendered":"http:\/\/www.palletcontroltower.eu\/?page_id=27"},"modified":"2026-02-12T12:55:03","modified_gmt":"2026-02-12T12:55:03","slug":"aumenta-lefficienza","status":"publish","type":"page","link":"https:\/\/www.palletcontroltower.eu\/it\/mijn-voordeel\/vergroot-de-efficientie\/","title":{"rendered":"Evitare lo stress da pallet"},"content":{"rendered":"<div class=\"wp-block-columns is-layout-flex wp-container-core-columns-is-layout-28f84493 wp-block-columns-is-layout-flex\">\n<div class=\"wp-block-column is-layout-flow wp-block-column-is-layout-flow\">\n<h2 class=\"wp-block-heading\">Online, tracciabile, conveniente<\/h2>\n\n\n\n<p>PCT Online - lo standard europeo e la piattaforma di open pooling. Collection, Delivery &amp; Matching per europallet (UIC\/EUR - EPAL) europallet e altri vettori RTI previene lo stress da pallet. Una piattaforma automatizzata 24\/7 per l'acquisto, la vendita e lo scambio virtuale, collegata all'EUWID, che garantisce una materializzazione equa dei flussi di pallet tra acquirenti e fornitori. Il sistema \u2018cloud\u2019, basato su conti aziendali, \u00e8 aperto a tutte le parti logistiche coinvolte e facilmente accessibile. Pu\u00f2 essere collegato ai pi\u00f9 comuni sistemi ERP, VMS e WMS. Gli ordini di pallet nuovi o usati vengono effettuati presso diversi depositi di pallet o fornitori preferiti. \u00c8 sufficiente scegliere la soluzione pi\u00f9 economica o pi\u00f9 sostenibile. La liquidazione avviene tramite l'e-Credit, esente da IVA, la nostra unit\u00e0 di liquidazione per l'Europa e il mondo. Questa s\u00ec che \u00e8 una gestione efficiente dei pallet! Il modo pi\u00f9 semplice.<\/p>\n\n\n\n<p>Il sistema \u00e8 stato approvato da tutte le principali associazioni industriali europee e la maggior parte dei depositi di pallet europei \u00e8 collegata. Un numero crescente di soggetti asiatici, statunitensi e canadesi sta aderendo al sistema. <\/p>\n\n\n\n<div class=\"wp-block-buttons is-layout-flex wp-block-buttons-is-layout-flex\">\n<div class=\"wp-block-button\"><a class=\"wp-block-button__link has-white-color has-green-background-color has-text-color has-background has-link-color wp-element-button\" href=\"https:\/\/portal.pct-online.eu\/register\" target=\"_blank\" rel=\"noreferrer noopener\">Attivare l'account<\/a><\/div>\n<\/div>\n<\/div>\n<\/div>\n\n\n\n<div class=\"wp-block-columns are-vertically-aligned-top is-layout-flex wp-container-core-columns-is-layout-28f84493 wp-block-columns-is-layout-flex\">\n<div class=\"wp-block-column is-vertically-aligned-top is-layout-flow wp-block-column-is-layout-flow\">\n<blockquote class=\"wp-block-quote is-layout-flow wp-block-quote-is-layout-flow\">\n<h2 class=\"wp-block-heading\">Che cosa offre? <\/h2>\n\n\n\n<ul class=\"wp-block-list\">\n<li>Il pallet giusto al posto giusto<\/li>\n\n\n\n<li>Riduzione degli errori e dei conflitti&nbsp;<\/li>\n\n\n\n<li>Guadagno di tempo e di qualit\u00e0&nbsp;<\/li>\n\n\n\n<li>Il prezzo ottimale - domanda e offerta&nbsp;<\/li>\n\n\n\n<li>Utilizzatore di pallet con margini migliori&nbsp;<\/li>\n\n\n\n<li>Sostenibile\/responsabile nei confronti dell'ambiente<\/li>\n\n\n\n<li>Ottimizzazione della catena logistica dei pallet<\/li>\n<\/ul>\n<\/blockquote>\n<\/div>\n\n\n\n<div class=\"wp-block-column is-vertically-aligned-top is-layout-flow wp-block-column-is-layout-flow\">\n<h2 class=\"wp-block-heading\">I 7 pilastri di PCT Online<\/h2>\n\n\n\n<ul class=\"wp-block-list\">\n<li>Comprare, vendere, scambiare virtualmente con un clic<\/li>\n\n\n\n<li>Accordi chiari registrati grazie al \"logging<\/li>\n\n\n\n<li>Collegamento EUWID garantisce il valore equo<\/li>\n\n\n\n<li>Da una via a pi\u00f9 vie &gt; 100% circolare<\/li>\n\n\n\n<li>Niente pi\u00f9 tempi di attesa per gli autisti<\/li>\n\n\n\n<li>Un'unit\u00e0 di liquidazione per tutte le parti <\/li>\n\n\n\n<li>Compatibile con tutti i sistemi pi\u00f9 comuni<\/li>\n<\/ul>\n<\/div>\n<\/div>\n\n\n\n<hr class=\"wp-block-separator has-alpha-channel-opacity\"\/>\n\n\n\n<blockquote class=\"wp-block-quote is-layout-flow wp-block-quote-is-layout-flow\">\n<p class=\"has-text-align-center\">Prevenire lo stress da pallet! Pallet Control Tower \u00e8 lo standard europeo e la piattaforma per il Collection &amp; Delivery by Matching per europallet e altri ATR. Facilitiamo il pooling aperto dalla A alla Z. E rendiamo la logistica dei pallet nuovamente gestibile. &nbsp;<\/p>\n<\/blockquote>\n\n\n\n<hr class=\"wp-block-separator has-alpha-channel-opacity\"\/>\n\n\n\n<figure class=\"wp-block-image size-full is-style-default\"><img fetchpriority=\"high\" decoding=\"async\" width=\"1600\" height=\"1066\" src=\"http:\/\/www.palletcontroltower.eu\/wp-content\/uploads\/2023\/11\/palletcontroltower-2.jpg\" alt=\"\" class=\"wp-image-207\" style=\"aspect-ratio:16\/9;object-fit:cover\" srcset=\"https:\/\/www.palletcontroltower.eu\/wp-content\/uploads\/2023\/11\/palletcontroltower-2.jpg 1600w, https:\/\/www.palletcontroltower.eu\/wp-content\/uploads\/2023\/11\/palletcontroltower-2-300x200.jpg 300w, https:\/\/www.palletcontroltower.eu\/wp-content\/uploads\/2023\/11\/palletcontroltower-2-1024x682.jpg 1024w, https:\/\/www.palletcontroltower.eu\/wp-content\/uploads\/2023\/11\/palletcontroltower-2-768x512.jpg 768w, https:\/\/www.palletcontroltower.eu\/wp-content\/uploads\/2023\/11\/palletcontroltower-2-1536x1023.jpg 1536w\" sizes=\"(max-width: 1600px) 100vw, 1600px\" \/><\/figure>\n\n\n\n<hr class=\"wp-block-separator has-alpha-channel-opacity\"\/>\n\n\n\n<div class=\"wp-block-columns is-layout-flex wp-container-core-columns-is-layout-28f84493 wp-block-columns-is-layout-flex\"><\/div>","protected":false},"excerpt":{"rendered":"<p>Online, traceerbaar, kosteneffectief PCT Online &#8211; de Europese standaard &amp; platform in open pooling. Collection, Delivery &amp; Matching voor Europallets (UIC\/EUR &#8211; EPAL) europallets en andere RTI-dragers voorkomt palletstress. Een geautomatiseerd 24\/7 platform voor koop, verkoop en virtueel ruilen, gekoppeld aan de EUWID, dat zorgt voor een eerlijke materialisatie van palletstromen tussen afnemers en leveranciers. [&hellip;]<\/p>\n","protected":false},"author":1,"featured_media":0,"parent":25,"menu_order":1,"comment_status":"closed","ping_status":"closed","template":"","meta":{"footnotes":""},"class_list":["post-27","page","type-page","status-publish","hentry"],"yoast_head":"<!-- This site is optimized with the Yoast SEO plugin v27.6 - https:\/\/yoast.com\/product\/yoast-seo-wordpress\/ -->\n<title>Voorkom palletstress - Pallet Control Tower<\/title>\n<meta name=\"description\" content=\"Met PCT Online voorkomt u palletstress. Met het geautomatiseerd proces van Collection, Delivery &amp; Matching van pallets, bent u in control\" \/>\n<meta name=\"robots\" content=\"index, follow, max-snippet:-1, max-image-preview:large, max-video-preview:-1\" \/>\n<link rel=\"canonical\" href=\"https:\/\/www.palletcontroltower.eu\/it\/il-mio-vantaggio\/aumenta-lefficienza\/\" \/>\n<meta property=\"og:locale\" content=\"it_IT\" \/>\n<meta property=\"og:type\" content=\"article\" \/>\n<meta property=\"og:title\" content=\"Voorkom palletstress - Pallet Control Tower\" \/>\n<meta property=\"og:description\" content=\"Met PCT Online voorkomt u palletstress. Met het geautomatiseerd proces van Collection, Delivery &amp; Matching van pallets, bent u in control\" \/>\n<meta property=\"og:url\" content=\"https:\/\/www.palletcontroltower.eu\/it\/il-mio-vantaggio\/aumenta-lefficienza\/\" \/>\n<meta property=\"og:site_name\" content=\"Pallet Control Tower\" \/>\n<meta property=\"article:modified_time\" content=\"2026-02-12T12:55:03+00:00\" \/>\n<meta property=\"og:image\" content=\"https:\/\/www.palletcontroltower.eu\/wp-content\/uploads\/2023\/11\/palletcontroltower-2.jpg\" \/>\n\t<meta property=\"og:image:width\" content=\"1600\" \/>\n\t<meta property=\"og:image:height\" content=\"1066\" \/>\n\t<meta property=\"og:image:type\" content=\"image\/jpeg\" \/>\n<meta name=\"twitter:card\" content=\"summary_large_image\" \/>\n<meta name=\"twitter:label1\" content=\"Tempo di lettura stimato\" \/>\n\t<meta name=\"twitter:data1\" content=\"2 minuti\" \/>\n<script type=\"application\/ld+json\" class=\"yoast-schema-graph\">{\"@context\":\"https:\\\/\\\/schema.org\",\"@graph\":[{\"@type\":\"WebPage\",\"@id\":\"https:\\\/\\\/www.palletcontroltower.eu\\\/mijn-voordeel\\\/vergroot-de-efficientie\\\/\",\"url\":\"https:\\\/\\\/www.palletcontroltower.eu\\\/mijn-voordeel\\\/vergroot-de-efficientie\\\/\",\"name\":\"Voorkom palletstress - Pallet Control Tower\",\"isPartOf\":{\"@id\":\"https:\\\/\\\/www.palletcontroltower.eu\\\/#website\"},\"primaryImageOfPage\":{\"@id\":\"https:\\\/\\\/www.palletcontroltower.eu\\\/mijn-voordeel\\\/vergroot-de-efficientie\\\/#primaryimage\"},\"image\":{\"@id\":\"https:\\\/\\\/www.palletcontroltower.eu\\\/mijn-voordeel\\\/vergroot-de-efficientie\\\/#primaryimage\"},\"thumbnailUrl\":\"http:\\\/\\\/www.palletcontroltower.eu\\\/wp-content\\\/uploads\\\/2023\\\/11\\\/palletcontroltower-2.jpg\",\"datePublished\":\"2023-11-22T08:00:10+00:00\",\"dateModified\":\"2026-02-12T12:55:03+00:00\",\"description\":\"Met PCT Online voorkomt u palletstress. Met het geautomatiseerd proces van Collection, Delivery & Matching van pallets, bent u in control\",\"breadcrumb\":{\"@id\":\"https:\\\/\\\/www.palletcontroltower.eu\\\/mijn-voordeel\\\/vergroot-de-efficientie\\\/#breadcrumb\"},\"inLanguage\":\"it-IT\",\"potentialAction\":[{\"@type\":\"ReadAction\",\"target\":[\"https:\\\/\\\/www.palletcontroltower.eu\\\/mijn-voordeel\\\/vergroot-de-efficientie\\\/\"]}]},{\"@type\":\"ImageObject\",\"inLanguage\":\"it-IT\",\"@id\":\"https:\\\/\\\/www.palletcontroltower.eu\\\/mijn-voordeel\\\/vergroot-de-efficientie\\\/#primaryimage\",\"url\":\"http:\\\/\\\/www.palletcontroltower.eu\\\/wp-content\\\/uploads\\\/2023\\\/11\\\/palletcontroltower-2.jpg\",\"contentUrl\":\"http:\\\/\\\/www.palletcontroltower.eu\\\/wp-content\\\/uploads\\\/2023\\\/11\\\/palletcontroltower-2.jpg\"},{\"@type\":\"BreadcrumbList\",\"@id\":\"https:\\\/\\\/www.palletcontroltower.eu\\\/mijn-voordeel\\\/vergroot-de-efficientie\\\/#breadcrumb\",\"itemListElement\":[{\"@type\":\"ListItem\",\"position\":1,\"name\":\"Home\",\"item\":\"https:\\\/\\\/www.palletcontroltower.eu\\\/\"},{\"@type\":\"ListItem\",\"position\":2,\"name\":\"Mijn voordeel\",\"item\":\"https:\\\/\\\/www.palletcontroltower.eu\\\/pl\\\/mijn-voordeel\\\/\"},{\"@type\":\"ListItem\",\"position\":3,\"name\":\"Voorkom palletstress\"}]},{\"@type\":\"WebSite\",\"@id\":\"https:\\\/\\\/www.palletcontroltower.eu\\\/#website\",\"url\":\"https:\\\/\\\/www.palletcontroltower.eu\\\/\",\"name\":\"Pallet Control Tower\",\"description\":\"\",\"publisher\":{\"@id\":\"https:\\\/\\\/www.palletcontroltower.eu\\\/#organization\"},\"potentialAction\":[{\"@type\":\"SearchAction\",\"target\":{\"@type\":\"EntryPoint\",\"urlTemplate\":\"https:\\\/\\\/www.palletcontroltower.eu\\\/?s={search_term_string}\"},\"query-input\":{\"@type\":\"PropertyValueSpecification\",\"valueRequired\":true,\"valueName\":\"search_term_string\"}}],\"inLanguage\":\"it-IT\"},{\"@type\":\"Organization\",\"@id\":\"https:\\\/\\\/www.palletcontroltower.eu\\\/#organization\",\"name\":\"Pallet Control Tower\",\"url\":\"https:\\\/\\\/www.palletcontroltower.eu\\\/\",\"logo\":{\"@type\":\"ImageObject\",\"inLanguage\":\"it-IT\",\"@id\":\"https:\\\/\\\/www.palletcontroltower.eu\\\/#\\\/schema\\\/logo\\\/image\\\/\",\"url\":\"https:\\\/\\\/www.palletcontroltower.eu\\\/wp-content\\\/uploads\\\/2023\\\/10\\\/logo.svg\",\"contentUrl\":\"https:\\\/\\\/www.palletcontroltower.eu\\\/wp-content\\\/uploads\\\/2023\\\/10\\\/logo.svg\",\"width\":290,\"height\":87,\"caption\":\"Pallet Control Tower\"},\"image\":{\"@id\":\"https:\\\/\\\/www.palletcontroltower.eu\\\/#\\\/schema\\\/logo\\\/image\\\/\"}}]}<\/script>\n<!-- \/ Yoast SEO plugin. -->","yoast_head_json":{"title":"Prevenire lo stress da pallet - Torre di controllo pallet","description":"Con PCT Online evitate lo stress da pallet. Grazie al processo automatizzato di raccolta, consegna e abbinamento dei pallet, avete il controllo della situazione.","robots":{"index":"index","follow":"follow","max-snippet":"max-snippet:-1","max-image-preview":"max-image-preview:large","max-video-preview":"max-video-preview:-1"},"canonical":"https:\/\/www.palletcontroltower.eu\/it\/il-mio-vantaggio\/aumenta-lefficienza\/","og_locale":"it_IT","og_type":"article","og_title":"Voorkom palletstress - Pallet Control Tower","og_description":"Met PCT Online voorkomt u palletstress. Met het geautomatiseerd proces van Collection, Delivery & Matching van pallets, bent u in control","og_url":"https:\/\/www.palletcontroltower.eu\/it\/il-mio-vantaggio\/aumenta-lefficienza\/","og_site_name":"Pallet Control Tower","article_modified_time":"2026-02-12T12:55:03+00:00","og_image":[{"width":1600,"height":1066,"url":"https:\/\/www.palletcontroltower.eu\/wp-content\/uploads\/2023\/11\/palletcontroltower-2.jpg","type":"image\/jpeg"}],"twitter_card":"summary_large_image","twitter_misc":{"Tempo di lettura stimato":"2 minuti"},"schema":{"@context":"https:\/\/schema.org","@graph":[{"@type":"WebPage","@id":"https:\/\/www.palletcontroltower.eu\/mijn-voordeel\/vergroot-de-efficientie\/","url":"https:\/\/www.palletcontroltower.eu\/mijn-voordeel\/vergroot-de-efficientie\/","name":"Prevenire lo stress da pallet - Torre di controllo pallet","isPartOf":{"@id":"https:\/\/www.palletcontroltower.eu\/#website"},"primaryImageOfPage":{"@id":"https:\/\/www.palletcontroltower.eu\/mijn-voordeel\/vergroot-de-efficientie\/#primaryimage"},"image":{"@id":"https:\/\/www.palletcontroltower.eu\/mijn-voordeel\/vergroot-de-efficientie\/#primaryimage"},"thumbnailUrl":"http:\/\/www.palletcontroltower.eu\/wp-content\/uploads\/2023\/11\/palletcontroltower-2.jpg","datePublished":"2023-11-22T08:00:10+00:00","dateModified":"2026-02-12T12:55:03+00:00","description":"Con PCT Online evitate lo stress da pallet. Grazie al processo automatizzato di raccolta, consegna e abbinamento dei pallet, avete il controllo della situazione.","breadcrumb":{"@id":"https:\/\/www.palletcontroltower.eu\/mijn-voordeel\/vergroot-de-efficientie\/#breadcrumb"},"inLanguage":"it-IT","potentialAction":[{"@type":"ReadAction","target":["https:\/\/www.palletcontroltower.eu\/mijn-voordeel\/vergroot-de-efficientie\/"]}]},{"@type":"ImageObject","inLanguage":"it-IT","@id":"https:\/\/www.palletcontroltower.eu\/mijn-voordeel\/vergroot-de-efficientie\/#primaryimage","url":"http:\/\/www.palletcontroltower.eu\/wp-content\/uploads\/2023\/11\/palletcontroltower-2.jpg","contentUrl":"http:\/\/www.palletcontroltower.eu\/wp-content\/uploads\/2023\/11\/palletcontroltower-2.jpg"},{"@type":"BreadcrumbList","@id":"https:\/\/www.palletcontroltower.eu\/mijn-voordeel\/vergroot-de-efficientie\/#breadcrumb","itemListElement":[{"@type":"ListItem","position":1,"name":"Home","item":"https:\/\/www.palletcontroltower.eu\/"},{"@type":"ListItem","position":2,"name":"Mijn voordeel","item":"https:\/\/www.palletcontroltower.eu\/pl\/mijn-voordeel\/"},{"@type":"ListItem","position":3,"name":"Voorkom palletstress"}]},{"@type":"WebSite","@id":"https:\/\/www.palletcontroltower.eu\/#website","url":"https:\/\/www.palletcontroltower.eu\/","name":"Torre di controllo pallet","description":"","publisher":{"@id":"https:\/\/www.palletcontroltower.eu\/#organization"},"potentialAction":[{"@type":"SearchAction","target":{"@type":"EntryPoint","urlTemplate":"https:\/\/www.palletcontroltower.eu\/?s={search_term_string}"},"query-input":{"@type":"PropertyValueSpecification","valueRequired":true,"valueName":"search_term_string"}}],"inLanguage":"it-IT"},{"@type":"Organization","@id":"https:\/\/www.palletcontroltower.eu\/#organization","name":"Torre di controllo pallet","url":"https:\/\/www.palletcontroltower.eu\/","logo":{"@type":"ImageObject","inLanguage":"it-IT","@id":"https:\/\/www.palletcontroltower.eu\/#\/schema\/logo\/image\/","url":"https:\/\/www.palletcontroltower.eu\/wp-content\/uploads\/2023\/10\/logo.svg","contentUrl":"https:\/\/www.palletcontroltower.eu\/wp-content\/uploads\/2023\/10\/logo.svg","width":290,"height":87,"caption":"Pallet Control Tower"},"image":{"@id":"https:\/\/www.palletcontroltower.eu\/#\/schema\/logo\/image\/"}}]}},"_links":{"self":[{"href":"https:\/\/www.palletcontroltower.eu\/it\/wp-json\/wp\/v2\/pages\/27","targetHints":{"allow":["GET"]}}],"collection":[{"href":"https:\/\/www.palletcontroltower.eu\/it\/wp-json\/wp\/v2\/pages"}],"about":[{"href":"https:\/\/www.palletcontroltower.eu\/it\/wp-json\/wp\/v2\/types\/page"}],"author":[{"embeddable":true,"href":"https:\/\/www.palletcontroltower.eu\/it\/wp-json\/wp\/v2\/users\/1"}],"replies":[{"embeddable":true,"href":"https:\/\/www.palletcontroltower.eu\/it\/wp-json\/wp\/v2\/comments?post=27"}],"version-history":[{"count":26,"href":"https:\/\/www.palletcontroltower.eu\/it\/wp-json\/wp\/v2\/pages\/27\/revisions"}],"predecessor-version":[{"id":1243,"href":"https:\/\/www.palletcontroltower.eu\/it\/wp-json\/wp\/v2\/pages\/27\/revisions\/1243"}],"up":[{"embeddable":true,"href":"https:\/\/www.palletcontroltower.eu\/it\/wp-json\/wp\/v2\/pages\/25"}],"wp:attachment":[{"href":"https:\/\/www.palletcontroltower.eu\/it\/wp-json\/wp\/v2\/media?parent=27"}],"curies":[{"name":"wp","href":"https:\/\/api.w.org\/{rel}","templated":true}]}}