{"id":29,"date":"2023-11-22T08:00:20","date_gmt":"2023-11-22T08:00:20","guid":{"rendered":"http:\/\/www.palletcontroltower.eu\/?page_id=29"},"modified":"2024-01-08T14:21:13","modified_gmt":"2024-01-08T14:21:13","slug":"per-gli-utilizzatori-di-pallet","status":"publish","type":"page","link":"https:\/\/www.palletcontroltower.eu\/it\/mijn-voordeel\/voor-palletgebruikers\/","title":{"rendered":"Per gli utilizzatori di pallet"},"content":{"rendered":"<div class=\"wp-block-columns is-layout-flex wp-container-core-columns-is-layout-28f84493 wp-block-columns-is-layout-flex\">\n<div class=\"wp-block-column is-layout-flow wp-block-column-is-layout-flow\">\n<h2 class=\"wp-block-heading\">Sostenibile e attento ai costi<\/h2>\n\n\n\n<p>Siete una di quelle aziende (inter)nazionali del settore industriale, manifatturiero o commerciale che utilizzano europallet e RTI per il trasporto di prodotti su larga scala.<\/p>\n\n\n\n<p>Il PCT pu\u00f2 essere utilizzato in tutti i tipi di industrie e quindi si trova a suo agio in tutti i mercati. La propriet\u00e0 o meno dei pallet o di altri RTI \u00e8 irrilevante. Si cerca la trasparenza nella catena e un impiego pi\u00f9 sostenibile di tutti i vettori di carico utilizzati. In modo economico e responsabile. Vi facilitiamo la vita nella logistica dei pallet. <\/p>\n\n\n\n<p><\/p>\n\n\n\n<div class=\"wp-block-buttons is-layout-flex wp-block-buttons-is-layout-flex\">\n<div class=\"wp-block-button\"><a class=\"wp-block-button__link has-white-color has-green-background-color has-text-color has-background has-link-color wp-element-button\" href=\"https:\/\/portal.pct-online.eu\/register\" target=\"_blank\" rel=\"noreferrer noopener\">Attivare l'account<\/a><\/div>\n<\/div>\n<\/div>\n<\/div>\n\n\n\n<hr class=\"wp-block-separator has-alpha-channel-opacity\"\/>\n\n\n\n<div class=\"wp-block-columns are-vertically-aligned-center is-layout-flex wp-container-core-columns-is-layout-28f84493 wp-block-columns-is-layout-flex\">\n<div class=\"wp-block-column is-vertically-aligned-center is-layout-flow wp-block-column-is-layout-flow\">\n<figure class=\"wp-block-image size-full\"><img fetchpriority=\"high\" decoding=\"async\" width=\"2560\" height=\"1345\" src=\"http:\/\/www.palletcontroltower.eu\/wp-content\/uploads\/2023\/12\/PalletControlTower_busy_industrial_warehouse-scaled.jpeg\" alt=\"Lo stoccaggio e il trasferimento nei magazzini devono avvenire su europallet per evitare lo stress da pallet.\" class=\"wp-image-809\" style=\"aspect-ratio:3\/4;object-fit:cover\" srcset=\"https:\/\/www.palletcontroltower.eu\/wp-content\/uploads\/2023\/12\/PalletControlTower_busy_industrial_warehouse-scaled.jpeg 2560w, https:\/\/www.palletcontroltower.eu\/wp-content\/uploads\/2023\/12\/PalletControlTower_busy_industrial_warehouse-300x158.jpeg 300w, https:\/\/www.palletcontroltower.eu\/wp-content\/uploads\/2023\/12\/PalletControlTower_busy_industrial_warehouse-1024x538.jpeg 1024w, https:\/\/www.palletcontroltower.eu\/wp-content\/uploads\/2023\/12\/PalletControlTower_busy_industrial_warehouse-768x403.jpeg 768w, https:\/\/www.palletcontroltower.eu\/wp-content\/uploads\/2023\/12\/PalletControlTower_busy_industrial_warehouse-1536x807.jpeg 1536w, https:\/\/www.palletcontroltower.eu\/wp-content\/uploads\/2023\/12\/PalletControlTower_busy_industrial_warehouse-2048x1076.jpeg 2048w, https:\/\/www.palletcontroltower.eu\/wp-content\/uploads\/2023\/12\/PalletControlTower_busy_industrial_warehouse-18x9.jpeg 18w\" sizes=\"(max-width: 2560px) 100vw, 2560px\" \/><\/figure>\n<\/div>\n\n\n\n<div class=\"wp-block-column is-vertically-aligned-center is-layout-flow wp-block-column-is-layout-flow\">\n<h2 class=\"wp-block-heading\">Gestione efficace ed efficiente dei pallet<\/h2>\n\n\n\n<ol class=\"wp-block-list\">\n<li><strong>Accordi chiari<\/strong> - Basta con accordi poco chiari e con una gestione manuale complicata e dispendiosa in termini di tempo. Tramite il PCT e-Credit, ricevete o consegnate pallet in modo semplice e rapido, con accordi reciproci chiari - chi paga cosa. Non ci sono pi\u00f9 discussioni sui saldi reciproci. Tutto viene registrato automaticamente.<\/li>\n\n\n\n<li><strong>Prezzo basato sul valore equo<\/strong> - Non discutete mai pi\u00f9 sul valore di un pallet usato. Sulla base dell'indice EUWID, PCT determina il valore di ogni pallet - condizione e qualit\u00e0. Cos\u00ec potete essere sicuri che il ritiro e la consegna avvengano al prezzo pi\u00f9 equo. Il nostro modulo fotografico \u00e8 uno strumento utile a questo scopo.<\/li>\n\n\n\n<li><strong>Solo pallet di alta qualit\u00e0<\/strong> - I magazzini automatizzati richiedono pallet standardizzati di qualit\u00e0 A o nuovi. Noi garantiamo che tutti i pallet siano conformi agli standard EPAL, assicurando un funzionamento regolare lungo tutta la catena logistica.<\/li>\n\n\n\n<li><strong>Autista sollevato<\/strong> - Gli autisti spesso non hanno il tempo e le conoscenze per controllare la qualit\u00e0 dei pallet. Il PCT li aiuta. Lo scambio in loco non \u00e8 necessario. Nessun pallet vuoto nel camion. Niente tempi di attesa o ritardi costosi. I trasferimenti sono digitalizzati, riducendo al minimo il rischio di errori. In questo modo si garantisce una catena logistica senza intoppi.<\/li>\n\n\n\n<li><strong>Sistema durevole<\/strong> - Con PCT Online, non dovrete pi\u00f9 preoccuparvi di costosi camion che trasportano pallet vuoti. La nostra piattaforma vi aiuta a risparmiare sui costi ottimizzando il vostro stock e vi offre un modo semplice di effettuare il ritiro e la consegna tramite matching, preparato per la futura legislazione di Bruxelles (PPWD).<\/li>\n\n\n\n<li><strong>Veloce, facile e sicuro<\/strong> - PCT Online \u00e8 una piattaforma sicura per tutte le vostre transazioni e registra accuratamente ogni scambio. Offriamo un'interfaccia facile da usare con una complessit\u00e0 minima. PCT Online pu\u00f2 essere interfacciato con qualsiasi sistema di gestione della logistica e dei trasporti senza grandi sforzi.<\/li>\n<\/ol>\n<\/div>\n<\/div>\n\n\n\n<div class=\"wp-block-buttons is-content-justification-right is-layout-flex wp-container-core-buttons-is-layout-d445cf74 wp-block-buttons-is-layout-flex\">\n<div class=\"wp-block-button\"><a class=\"wp-block-button__link has-white-color has-mint-background-color has-text-color has-background has-link-color wp-element-button\" href=\"http:\/\/www.palletcontroltower.eu\/wp-content\/uploads\/2024\/01\/PCT_Leaflet_Eindklant_NL_PR4.pdf\" target=\"_blank\" rel=\"noreferrer noopener\">Scarica il volantino<\/a><\/div>\n<\/div>\n\n\n\n<hr class=\"wp-block-separator has-alpha-channel-opacity\"\/>\n\n\n\n<blockquote class=\"wp-block-quote is-layout-flow wp-block-quote-is-layout-flow\">\n<p class=\"has-text-align-center\">Prevenite lo stress da pallet! Pallet Control Tower \u00e8 lo standard europeo e la piattaforma per il Collection &amp; Delivery by Matching per Europallet e altri RTI. Facilitiamo il pooling aperto dalla A alla Z. E rendiamo la logistica dei pallet nuovamente gestibile.<\/p>\n<\/blockquote>\n\n\n\n<hr class=\"wp-block-separator has-alpha-channel-opacity\"\/>\n\n\n\n<figure class=\"wp-block-image size-full\"><img decoding=\"async\" width=\"1600\" height=\"1066\" src=\"http:\/\/www.palletcontroltower.eu\/wp-content\/uploads\/2023\/11\/palletcontroltower-2.jpg\" alt=\"\" class=\"wp-image-207\" style=\"aspect-ratio:16\/9;object-fit:cover\" srcset=\"https:\/\/www.palletcontroltower.eu\/wp-content\/uploads\/2023\/11\/palletcontroltower-2.jpg 1600w, https:\/\/www.palletcontroltower.eu\/wp-content\/uploads\/2023\/11\/palletcontroltower-2-300x200.jpg 300w, https:\/\/www.palletcontroltower.eu\/wp-content\/uploads\/2023\/11\/palletcontroltower-2-1024x682.jpg 1024w, https:\/\/www.palletcontroltower.eu\/wp-content\/uploads\/2023\/11\/palletcontroltower-2-768x512.jpg 768w, https:\/\/www.palletcontroltower.eu\/wp-content\/uploads\/2023\/11\/palletcontroltower-2-1536x1023.jpg 1536w\" sizes=\"(max-width: 1600px) 100vw, 1600px\" \/><\/figure>\n\n\n\n<hr class=\"wp-block-separator has-alpha-channel-opacity\"\/>","protected":false},"excerpt":{"rendered":"<p>Duurzaam en kostenbewust U bent een van die (inter)nationale bedrijven binnen de industrie, productie of handel die op grote schaal europallets en RTI\u2019s gebruikt om producten mee te transporteren. PCT is te vinden in alle soorten van industrie\u00ebn en is daarmee van alle markten thuis. Het is hierbij niet van belang of u wel of [&hellip;]<\/p>\n","protected":false},"author":1,"featured_media":0,"parent":25,"menu_order":2,"comment_status":"closed","ping_status":"closed","template":"","meta":{"footnotes":""},"class_list":["post-29","page","type-page","status-publish","hentry"],"yoast_head":"<!-- This site is optimized with the Yoast SEO plugin v27.3 - https:\/\/yoast.com\/product\/yoast-seo-wordpress\/ -->\n<title>Voor palletgebruikers - Pallet Control Tower<\/title>\n<meta name=\"description\" content=\"De voordelen voor palletgebruikers zijn o.a.: heldere afspraken, op re\u00eble waarde gebaseerde prijs, hoogwaardige pallets, chauffeurs ontlast\" \/>\n<meta name=\"robots\" content=\"index, follow, max-snippet:-1, max-image-preview:large, max-video-preview:-1\" \/>\n<link rel=\"canonical\" href=\"https:\/\/www.palletcontroltower.eu\/it\/il-mio-vantaggio\/per-gli-utilizzatori-di-pallet\/\" \/>\n<meta property=\"og:locale\" content=\"it_IT\" \/>\n<meta property=\"og:type\" content=\"article\" \/>\n<meta property=\"og:title\" content=\"Voor palletgebruikers - Pallet Control Tower\" \/>\n<meta property=\"og:description\" content=\"De voordelen voor palletgebruikers zijn o.a.: heldere afspraken, op re\u00eble waarde gebaseerde prijs, hoogwaardige pallets, chauffeurs ontlast\" \/>\n<meta property=\"og:url\" content=\"https:\/\/www.palletcontroltower.eu\/it\/il-mio-vantaggio\/per-gli-utilizzatori-di-pallet\/\" \/>\n<meta property=\"og:site_name\" content=\"Pallet Control Tower\" \/>\n<meta property=\"article:modified_time\" content=\"2024-01-08T14:21:13+00:00\" \/>\n<meta property=\"og:image\" content=\"http:\/\/www.palletcontroltower.eu\/wp-content\/uploads\/2023\/12\/PalletControlTower_busy_industrial_warehouse-scaled.jpeg\" \/>\n<meta name=\"twitter:card\" content=\"summary_large_image\" \/>\n<meta name=\"twitter:label1\" content=\"Tempo di lettura stimato\" \/>\n\t<meta name=\"twitter:data1\" content=\"3 minuti\" \/>\n<script type=\"application\/ld+json\" class=\"yoast-schema-graph\">{\"@context\":\"https:\\\/\\\/schema.org\",\"@graph\":[{\"@type\":\"WebPage\",\"@id\":\"https:\\\/\\\/www.palletcontroltower.eu\\\/pl\\\/mijn-voordeel\\\/dla-uzytkownikow-palet\\\/\",\"url\":\"https:\\\/\\\/www.palletcontroltower.eu\\\/pl\\\/mijn-voordeel\\\/dla-uzytkownikow-palet\\\/\",\"name\":\"Voor palletgebruikers - Pallet Control Tower\",\"isPartOf\":{\"@id\":\"https:\\\/\\\/www.palletcontroltower.eu\\\/#website\"},\"primaryImageOfPage\":{\"@id\":\"https:\\\/\\\/www.palletcontroltower.eu\\\/pl\\\/mijn-voordeel\\\/dla-uzytkownikow-palet\\\/#primaryimage\"},\"image\":{\"@id\":\"https:\\\/\\\/www.palletcontroltower.eu\\\/pl\\\/mijn-voordeel\\\/dla-uzytkownikow-palet\\\/#primaryimage\"},\"thumbnailUrl\":\"http:\\\/\\\/www.palletcontroltower.eu\\\/wp-content\\\/uploads\\\/2023\\\/12\\\/PalletControlTower_busy_industrial_warehouse-scaled.jpeg\",\"datePublished\":\"2023-11-22T08:00:20+00:00\",\"dateModified\":\"2024-01-08T14:21:13+00:00\",\"description\":\"De voordelen voor palletgebruikers zijn o.a.: heldere afspraken, op re\u00eble waarde gebaseerde prijs, hoogwaardige pallets, chauffeurs ontlast\",\"breadcrumb\":{\"@id\":\"https:\\\/\\\/www.palletcontroltower.eu\\\/pl\\\/mijn-voordeel\\\/dla-uzytkownikow-palet\\\/#breadcrumb\"},\"inLanguage\":\"it-IT\",\"potentialAction\":[{\"@type\":\"ReadAction\",\"target\":[\"https:\\\/\\\/www.palletcontroltower.eu\\\/pl\\\/mijn-voordeel\\\/dla-uzytkownikow-palet\\\/\"]}]},{\"@type\":\"ImageObject\",\"inLanguage\":\"it-IT\",\"@id\":\"https:\\\/\\\/www.palletcontroltower.eu\\\/pl\\\/mijn-voordeel\\\/dla-uzytkownikow-palet\\\/#primaryimage\",\"url\":\"http:\\\/\\\/www.palletcontroltower.eu\\\/wp-content\\\/uploads\\\/2023\\\/12\\\/PalletControlTower_busy_industrial_warehouse-scaled.jpeg\",\"contentUrl\":\"http:\\\/\\\/www.palletcontroltower.eu\\\/wp-content\\\/uploads\\\/2023\\\/12\\\/PalletControlTower_busy_industrial_warehouse-scaled.jpeg\"},{\"@type\":\"BreadcrumbList\",\"@id\":\"https:\\\/\\\/www.palletcontroltower.eu\\\/pl\\\/mijn-voordeel\\\/dla-uzytkownikow-palet\\\/#breadcrumb\",\"itemListElement\":[{\"@type\":\"ListItem\",\"position\":1,\"name\":\"Home\",\"item\":\"https:\\\/\\\/www.palletcontroltower.eu\\\/\"},{\"@type\":\"ListItem\",\"position\":2,\"name\":\"Mijn voordeel\",\"item\":\"https:\\\/\\\/www.palletcontroltower.eu\\\/pl\\\/mijn-voordeel\\\/\"},{\"@type\":\"ListItem\",\"position\":3,\"name\":\"Voor palletgebruikers\"}]},{\"@type\":\"WebSite\",\"@id\":\"https:\\\/\\\/www.palletcontroltower.eu\\\/#website\",\"url\":\"https:\\\/\\\/www.palletcontroltower.eu\\\/\",\"name\":\"Pallet Control Tower\",\"description\":\"\",\"publisher\":{\"@id\":\"https:\\\/\\\/www.palletcontroltower.eu\\\/#organization\"},\"potentialAction\":[{\"@type\":\"SearchAction\",\"target\":{\"@type\":\"EntryPoint\",\"urlTemplate\":\"https:\\\/\\\/www.palletcontroltower.eu\\\/?s={search_term_string}\"},\"query-input\":{\"@type\":\"PropertyValueSpecification\",\"valueRequired\":true,\"valueName\":\"search_term_string\"}}],\"inLanguage\":\"it-IT\"},{\"@type\":\"Organization\",\"@id\":\"https:\\\/\\\/www.palletcontroltower.eu\\\/#organization\",\"name\":\"Pallet Control Tower\",\"url\":\"https:\\\/\\\/www.palletcontroltower.eu\\\/\",\"logo\":{\"@type\":\"ImageObject\",\"inLanguage\":\"it-IT\",\"@id\":\"https:\\\/\\\/www.palletcontroltower.eu\\\/#\\\/schema\\\/logo\\\/image\\\/\",\"url\":\"https:\\\/\\\/www.palletcontroltower.eu\\\/wp-content\\\/uploads\\\/2023\\\/10\\\/logo.svg\",\"contentUrl\":\"https:\\\/\\\/www.palletcontroltower.eu\\\/wp-content\\\/uploads\\\/2023\\\/10\\\/logo.svg\",\"width\":290,\"height\":87,\"caption\":\"Pallet Control Tower\"},\"image\":{\"@id\":\"https:\\\/\\\/www.palletcontroltower.eu\\\/#\\\/schema\\\/logo\\\/image\\\/\"}}]}<\/script>\n<!-- \/ Yoast SEO plugin. -->","yoast_head_json":{"title":"Per gli utilizzatori di pallet - Torre di controllo pallet","description":"I vantaggi per gli utilizzatori di pallet sono: accordi chiari, prezzo basato su un valore equo, pallet di alta qualit\u00e0, autisti sollevati.","robots":{"index":"index","follow":"follow","max-snippet":"max-snippet:-1","max-image-preview":"max-image-preview:large","max-video-preview":"max-video-preview:-1"},"canonical":"https:\/\/www.palletcontroltower.eu\/it\/il-mio-vantaggio\/per-gli-utilizzatori-di-pallet\/","og_locale":"it_IT","og_type":"article","og_title":"Voor palletgebruikers - Pallet Control Tower","og_description":"De voordelen voor palletgebruikers zijn o.a.: heldere afspraken, op re\u00eble waarde gebaseerde prijs, hoogwaardige pallets, chauffeurs ontlast","og_url":"https:\/\/www.palletcontroltower.eu\/it\/il-mio-vantaggio\/per-gli-utilizzatori-di-pallet\/","og_site_name":"Pallet Control Tower","article_modified_time":"2024-01-08T14:21:13+00:00","og_image":[{"url":"http:\/\/www.palletcontroltower.eu\/wp-content\/uploads\/2023\/12\/PalletControlTower_busy_industrial_warehouse-scaled.jpeg","type":"","width":"","height":""}],"twitter_card":"summary_large_image","twitter_misc":{"Tempo di lettura stimato":"3 minuti"},"schema":{"@context":"https:\/\/schema.org","@graph":[{"@type":"WebPage","@id":"https:\/\/www.palletcontroltower.eu\/pl\/mijn-voordeel\/dla-uzytkownikow-palet\/","url":"https:\/\/www.palletcontroltower.eu\/pl\/mijn-voordeel\/dla-uzytkownikow-palet\/","name":"Per gli utilizzatori di pallet - Torre di controllo pallet","isPartOf":{"@id":"https:\/\/www.palletcontroltower.eu\/#website"},"primaryImageOfPage":{"@id":"https:\/\/www.palletcontroltower.eu\/pl\/mijn-voordeel\/dla-uzytkownikow-palet\/#primaryimage"},"image":{"@id":"https:\/\/www.palletcontroltower.eu\/pl\/mijn-voordeel\/dla-uzytkownikow-palet\/#primaryimage"},"thumbnailUrl":"http:\/\/www.palletcontroltower.eu\/wp-content\/uploads\/2023\/12\/PalletControlTower_busy_industrial_warehouse-scaled.jpeg","datePublished":"2023-11-22T08:00:20+00:00","dateModified":"2024-01-08T14:21:13+00:00","description":"I vantaggi per gli utilizzatori di pallet sono: accordi chiari, prezzo basato su un valore equo, pallet di alta qualit\u00e0, autisti sollevati.","breadcrumb":{"@id":"https:\/\/www.palletcontroltower.eu\/pl\/mijn-voordeel\/dla-uzytkownikow-palet\/#breadcrumb"},"inLanguage":"it-IT","potentialAction":[{"@type":"ReadAction","target":["https:\/\/www.palletcontroltower.eu\/pl\/mijn-voordeel\/dla-uzytkownikow-palet\/"]}]},{"@type":"ImageObject","inLanguage":"it-IT","@id":"https:\/\/www.palletcontroltower.eu\/pl\/mijn-voordeel\/dla-uzytkownikow-palet\/#primaryimage","url":"http:\/\/www.palletcontroltower.eu\/wp-content\/uploads\/2023\/12\/PalletControlTower_busy_industrial_warehouse-scaled.jpeg","contentUrl":"http:\/\/www.palletcontroltower.eu\/wp-content\/uploads\/2023\/12\/PalletControlTower_busy_industrial_warehouse-scaled.jpeg"},{"@type":"BreadcrumbList","@id":"https:\/\/www.palletcontroltower.eu\/pl\/mijn-voordeel\/dla-uzytkownikow-palet\/#breadcrumb","itemListElement":[{"@type":"ListItem","position":1,"name":"Home","item":"https:\/\/www.palletcontroltower.eu\/"},{"@type":"ListItem","position":2,"name":"Mijn voordeel","item":"https:\/\/www.palletcontroltower.eu\/pl\/mijn-voordeel\/"},{"@type":"ListItem","position":3,"name":"Voor palletgebruikers"}]},{"@type":"WebSite","@id":"https:\/\/www.palletcontroltower.eu\/#website","url":"https:\/\/www.palletcontroltower.eu\/","name":"Torre di controllo pallet","description":"","publisher":{"@id":"https:\/\/www.palletcontroltower.eu\/#organization"},"potentialAction":[{"@type":"SearchAction","target":{"@type":"EntryPoint","urlTemplate":"https:\/\/www.palletcontroltower.eu\/?s={search_term_string}"},"query-input":{"@type":"PropertyValueSpecification","valueRequired":true,"valueName":"search_term_string"}}],"inLanguage":"it-IT"},{"@type":"Organization","@id":"https:\/\/www.palletcontroltower.eu\/#organization","name":"Torre di controllo pallet","url":"https:\/\/www.palletcontroltower.eu\/","logo":{"@type":"ImageObject","inLanguage":"it-IT","@id":"https:\/\/www.palletcontroltower.eu\/#\/schema\/logo\/image\/","url":"https:\/\/www.palletcontroltower.eu\/wp-content\/uploads\/2023\/10\/logo.svg","contentUrl":"https:\/\/www.palletcontroltower.eu\/wp-content\/uploads\/2023\/10\/logo.svg","width":290,"height":87,"caption":"Pallet Control Tower"},"image":{"@id":"https:\/\/www.palletcontroltower.eu\/#\/schema\/logo\/image\/"}}]}},"_links":{"self":[{"href":"https:\/\/www.palletcontroltower.eu\/it\/wp-json\/wp\/v2\/pages\/29","targetHints":{"allow":["GET"]}}],"collection":[{"href":"https:\/\/www.palletcontroltower.eu\/it\/wp-json\/wp\/v2\/pages"}],"about":[{"href":"https:\/\/www.palletcontroltower.eu\/it\/wp-json\/wp\/v2\/types\/page"}],"author":[{"embeddable":true,"href":"https:\/\/www.palletcontroltower.eu\/it\/wp-json\/wp\/v2\/users\/1"}],"replies":[{"embeddable":true,"href":"https:\/\/www.palletcontroltower.eu\/it\/wp-json\/wp\/v2\/comments?post=29"}],"version-history":[{"count":18,"href":"https:\/\/www.palletcontroltower.eu\/it\/wp-json\/wp\/v2\/pages\/29\/revisions"}],"predecessor-version":[{"id":1076,"href":"https:\/\/www.palletcontroltower.eu\/it\/wp-json\/wp\/v2\/pages\/29\/revisions\/1076"}],"up":[{"embeddable":true,"href":"https:\/\/www.palletcontroltower.eu\/it\/wp-json\/wp\/v2\/pages\/25"}],"wp:attachment":[{"href":"https:\/\/www.palletcontroltower.eu\/it\/wp-json\/wp\/v2\/media?parent=29"}],"curies":[{"name":"wp","href":"https:\/\/api.w.org\/{rel}","templated":true}]}}