{"id":1175,"date":"2024-01-17T07:59:51","date_gmt":"2024-01-17T07:59:51","guid":{"rendered":"https:\/\/www.palletcontroltower.eu\/?page_id=1175"},"modified":"2024-01-22T12:59:29","modified_gmt":"2024-01-22T12:59:29","slug":"menedzer-konta","status":"publish","type":"page","link":"https:\/\/www.palletcontroltower.eu\/pl\/vacatures\/accountmanager\/","title":{"rendered":"Account Manager w r\u00f3\u017cnych krajach europejskich - pe\u0142ny etat \/ p\u00f3\u0142 etatu"},"content":{"rendered":"<p><strong>Masz kilkuletnie do\u015bwiadczenie w logistyce i\/lub handlu mi\u0119dzynarodowym i chcia\u0142by\u015b zrobi\u0107 kolejny krok w swojej karierze?<\/strong><\/p>\n\n\n\n<p>Skorzystaj z okazji i rozwijaj si\u0119 razem z nami jako account manager w jednym z naszych europejskich region\u00f3w operacyjnych:<\/p>\n\n\n\n<ul class=\"wp-block-list\">\n<li>Holandia, Belgia, Luksemburg,<\/li>\n\n\n\n<li>Niemcy, Austria, Szwajcaria,<\/li>\n\n\n\n<li>Wielka Brytania<\/li>\n\n\n\n<li>Francja<\/li>\n\n\n\n<li>Hiszpania i Portugalia<\/li>\n\n\n\n<li>W\u0142ochy<\/li>\n\n\n\n<li>Dania, Norwegia, Szwecja, Finalandia<\/li>\n\n\n\n<li>Estonia, \u0141otwa, Litwa, Polska,<\/li>\n\n\n\n<li>Czechy, S\u0142owacja, W\u0119gry, Rumunia,<\/li>\n\n\n\n<li>Serbia, Czarnog\u00f3ra, Bu\u0142garia, Grecja<\/li>\n<\/ul>\n\n\n\n<h3 class=\"wp-block-heading\"><strong>Kim jest Pallet Control Tower (PCT)?<\/strong><\/h3>\n\n\n\n<p>Jeste\u015bmy mi\u0119dzynarodow\u0105 firm\u0105 dzia\u0142aj\u0105c\u0105 w bran\u017cy europalet i innych \"zwrotnych artyku\u0142\u00f3w transportowych\". Opracowali\u015bmy platform\u0119 internetow\u0105 24\/7, dzi\u0119ki kt\u00f3rej kupno i sprzeda\u017c europalet jest szybsza, \u0142atwiejsza, inteligentniejsza i bardziej zr\u00f3wnowa\u017cona ni\u017c w przypadku tradycyjnych metod. Nasi klienci znajduj\u0105 si\u0119 w Europie, a tak\u017ce w Ameryce\/Kanadzie i Azji. Mo\u017cesz liczy\u0107 na prac\u0119 pe\u0142n\u0105 r\u00f3\u017cnorodno\u015bci i wyzwa\u0144.<\/p>\n\n\n\n<p>W roli account managera b\u0119dziesz \u015bci\u015ble wsp\u00f3\u0142pracowa\u0107 z naszym CEO, innymi europejskimi account managerami i naszymi klientami. Logistyka mi\u0119dzynarodowa i handel paletami to dynamiczna i pe\u0142na wyzwa\u0144 bran\u017ca. Wiesz o tym lepiej ni\u017c ktokolwiek inny. B\u0119dziesz wi\u0119c du\u017co podr\u00f3\u017cowa\u0107, aby odwiedza\u0107 naszych klient\u00f3w i potencjalnych klient\u00f3w. Jeste\u015b zorientowany na rozwi\u0105zania i masz silny zmys\u0142 handlowy. Je\u015bli jeste\u015b entuzjastycznie nastawiony i zainteresowany tym stanowiskiem, czytaj dalej!<\/p>\n\n\n\n<h3 class=\"wp-block-heading\"><strong>Co oferujemy?<\/strong><\/h3>\n\n\n\n<ul class=\"wp-block-list\">\n<li>Praca pe\u0142na wyzwa\u0144 w przyjaznej i wci\u0105\u017c rozwijaj\u0105cej si\u0119 firmie<\/li>\n\n\n\n<li>Niezale\u017cno\u015b\u0107 i mo\u017cliwo\u015b\u0107 tworzenia w\u0142asnego harmonogramu dnia<\/li>\n\n\n\n<li>Kompletna konfiguracja domowego biura<\/li>\n\n\n\n<li>Konkurencyjne wynagrodzenie, przy czym wa\u017cne jest odpowiednie do\u015bwiadczenie<\/li>\n\n\n\n<li>Samoch\u00f3d w leasingu, iPad i telefon kom\u00f3rkowy<\/li>\n\n\n\n<li>25 dni wolnych i mo\u017cliwo\u015b\u0107 wykupienia dodatkowych dni<\/li>\n\n\n\n<li>Program premiowy<\/li>\n<\/ul>\n\n\n\n<h3 class=\"wp-block-heading\"><strong>Kogo szukamy?<\/strong><\/h3>\n\n\n\n<p>Jeste\u015b praktyczny, pe\u0142en energii i lubisz przejmowa\u0107 inicjatyw\u0119. Jeste\u015b aktywny, zaanga\u017cowany i masz ducha przedsi\u0119biorczo\u015bci. Rozmowy telefoniczne i bezpo\u015bredni kontakt z klientem s\u0105 dla Ciebie czym\u015b oczywistym. Samodzielna praca nie stanowi dla Ciebie \u017cadnego problemu, ale potrafisz r\u00f3wnie\u017c dobrze funkcjonowa\u0107 w zespole i jeste\u015b towarzyski.<\/p>\n\n\n\n<ul class=\"wp-block-list\">\n<li>Mieszkasz w jednym z kraj\u00f3w i chcesz podr\u00f3\u017cowa\u0107 przez znaczn\u0105 cz\u0119\u015b\u0107 swojego czasu (&gt; 50%).<\/li>\n\n\n\n<li>B\u0119dziesz pracowa\u0107 z domu, a okresowo b\u0119dziemy spotyka\u0107 si\u0119 z Tob\u0105 w siedzibie g\u0142\u00f3wnej w Holandii.<\/li>\n\n\n\n<li>Pragmatyzm, proaktywno\u015b\u0107 i orientacja na rozwi\u0105zania<\/li>\n\n\n\n<li>Do\u015bwiadczenie w handlu mi\u0119dzynarodowym i\/lub logistyce<\/li>\n\n\n\n<li>Edukacja na poziomie MBO+\/HBO<\/li>\n\n\n\n<li>M\u00f3wisz i piszesz po angielsku oraz w swoim ojczystym j\u0119zyku na profesjonalnym poziomie.<\/li>\n\n\n\n<li>Znajomo\u015b\u0107 innych j\u0119zyk\u00f3w b\u0119dzie dodatkowym atutem<\/li>\n\n\n\n<li>Wsp\u00f3\u0142pracujemy mi\u0119dzy innymi z HubSpot i Office 365<\/li>\n<\/ul>\n\n\n\n<p>Jest to stanowisko w pe\u0142nym wymiarze godzin (40 godzin tygodniowo), w niepe\u0142nym wymiarze godzin jest mo\u017cliwe za obop\u00f3ln\u0105 zgod\u0105.<\/p>\n\n\n\n<h3 class=\"wp-block-heading\"><strong>Zastosowanie<\/strong><\/h3>\n\n\n\n<p>Wci\u0105\u017c podekscytowany! Rozumiemy! W takim razie napisz list motywacyjny i<br>Wy\u015blij je wraz z CV do Barta Meijnena \uf0e0 info@palletcontroltower.eu. W przypadku pyta\u0144 \/ dodatkowych informacji mo\u017cna r\u00f3wnie\u017c wys\u0142a\u0107 e-mail lub zadzwoni\u0107 do niego: +31 620530869.<\/p>\n\n\n\n<p><em>Pozyskiwanie w odpowiedzi na to stanowisko nie jest mile widziane.<\/em><\/p>","protected":false},"excerpt":{"rendered":"<p>U heeft meerdere jaren ervaring in de logistieke sector en\/of internationale handel en u zou graag een volgende stap in uw carri\u00e8re willen zetten? Grijp dan nu uw kans om verder te groeien bij ons als account manager in een van onze Europese werkgebieden: Wie is Pallet Control Tower (PCT)? Wij zijn een internationaal bedrijf [&hellip;]<\/p>\n","protected":false},"author":3,"featured_media":0,"parent":70,"menu_order":0,"comment_status":"closed","ping_status":"closed","template":"","meta":{"footnotes":""},"class_list":["post-1175","page","type-page","status-publish","hentry"],"yoast_head":"<!-- This site is optimized with the Yoast SEO plugin v27.6 - https:\/\/yoast.com\/product\/yoast-seo-wordpress\/ -->\n<title>Account manager diverse Europese landen \u2013 fulltime \/ parttime - Pallet Control Tower<\/title>\n<meta name=\"description\" content=\"Pallet Control Tower is op zoek naar een ervaren account manager, internationale handel of supply chain, voor een van onze werkgebieden\" \/>\n<meta name=\"robots\" content=\"index, follow, max-snippet:-1, max-image-preview:large, max-video-preview:-1\" \/>\n<link rel=\"canonical\" href=\"https:\/\/www.palletcontroltower.eu\/pl\/wakaty\/przykladowy-wakat-1\/\" \/>\n<meta property=\"og:locale\" content=\"pl_PL\" \/>\n<meta property=\"og:type\" content=\"article\" \/>\n<meta property=\"og:title\" content=\"Account manager diverse Europese landen \u2013 fulltime \/ parttime - Pallet Control Tower\" \/>\n<meta property=\"og:description\" content=\"Pallet Control Tower is op zoek naar een ervaren account manager, internationale handel of supply chain, voor een van onze werkgebieden\" \/>\n<meta property=\"og:url\" content=\"https:\/\/www.palletcontroltower.eu\/pl\/wakaty\/przykladowy-wakat-1\/\" \/>\n<meta property=\"og:site_name\" content=\"Pallet Control Tower\" \/>\n<meta property=\"article:modified_time\" content=\"2024-01-22T12:59:29+00:00\" \/>\n<meta name=\"twitter:card\" content=\"summary_large_image\" \/>\n<meta name=\"twitter:label1\" content=\"Szacowany czas czytania\" \/>\n\t<meta name=\"twitter:data1\" content=\"3 minuty\" \/>\n<script type=\"application\/ld+json\" class=\"yoast-schema-graph\">{\"@context\":\"https:\\\/\\\/schema.org\",\"@graph\":[{\"@type\":\"WebPage\",\"@id\":\"https:\\\/\\\/www.palletcontroltower.eu\\\/hu\\\/allasajanlatok\\\/pelda-ures-allashely-1\\\/\",\"url\":\"https:\\\/\\\/www.palletcontroltower.eu\\\/hu\\\/allasajanlatok\\\/pelda-ures-allashely-1\\\/\",\"name\":\"Account manager diverse Europese landen \u2013 fulltime \\\/ parttime - Pallet Control Tower\",\"isPartOf\":{\"@id\":\"https:\\\/\\\/www.palletcontroltower.eu\\\/#website\"},\"datePublished\":\"2024-01-17T07:59:51+00:00\",\"dateModified\":\"2024-01-22T12:59:29+00:00\",\"description\":\"Pallet Control Tower is op zoek naar een ervaren account manager, internationale handel of supply chain, voor een van onze werkgebieden\",\"breadcrumb\":{\"@id\":\"https:\\\/\\\/www.palletcontroltower.eu\\\/hu\\\/allasajanlatok\\\/pelda-ures-allashely-1\\\/#breadcrumb\"},\"inLanguage\":\"pl-PL\",\"potentialAction\":[{\"@type\":\"ReadAction\",\"target\":[\"https:\\\/\\\/www.palletcontroltower.eu\\\/hu\\\/allasajanlatok\\\/pelda-ures-allashely-1\\\/\"]}]},{\"@type\":\"BreadcrumbList\",\"@id\":\"https:\\\/\\\/www.palletcontroltower.eu\\\/hu\\\/allasajanlatok\\\/pelda-ures-allashely-1\\\/#breadcrumb\",\"itemListElement\":[{\"@type\":\"ListItem\",\"position\":1,\"name\":\"Home\",\"item\":\"https:\\\/\\\/www.palletcontroltower.eu\\\/\"},{\"@type\":\"ListItem\",\"position\":2,\"name\":\"Vacatures\",\"item\":\"https:\\\/\\\/www.palletcontroltower.eu\\\/vacatures\\\/\"},{\"@type\":\"ListItem\",\"position\":3,\"name\":\"Account manager diverse Europese landen \u2013 fulltime \\\/ parttime\"}]},{\"@type\":\"WebSite\",\"@id\":\"https:\\\/\\\/www.palletcontroltower.eu\\\/#website\",\"url\":\"https:\\\/\\\/www.palletcontroltower.eu\\\/\",\"name\":\"Pallet Control Tower\",\"description\":\"\",\"publisher\":{\"@id\":\"https:\\\/\\\/www.palletcontroltower.eu\\\/#organization\"},\"potentialAction\":[{\"@type\":\"SearchAction\",\"target\":{\"@type\":\"EntryPoint\",\"urlTemplate\":\"https:\\\/\\\/www.palletcontroltower.eu\\\/?s={search_term_string}\"},\"query-input\":{\"@type\":\"PropertyValueSpecification\",\"valueRequired\":true,\"valueName\":\"search_term_string\"}}],\"inLanguage\":\"pl-PL\"},{\"@type\":\"Organization\",\"@id\":\"https:\\\/\\\/www.palletcontroltower.eu\\\/#organization\",\"name\":\"Pallet Control Tower\",\"url\":\"https:\\\/\\\/www.palletcontroltower.eu\\\/\",\"logo\":{\"@type\":\"ImageObject\",\"inLanguage\":\"pl-PL\",\"@id\":\"https:\\\/\\\/www.palletcontroltower.eu\\\/#\\\/schema\\\/logo\\\/image\\\/\",\"url\":\"https:\\\/\\\/www.palletcontroltower.eu\\\/wp-content\\\/uploads\\\/2023\\\/10\\\/logo.svg\",\"contentUrl\":\"https:\\\/\\\/www.palletcontroltower.eu\\\/wp-content\\\/uploads\\\/2023\\\/10\\\/logo.svg\",\"width\":290,\"height\":87,\"caption\":\"Pallet Control Tower\"},\"image\":{\"@id\":\"https:\\\/\\\/www.palletcontroltower.eu\\\/#\\\/schema\\\/logo\\\/image\\\/\"}}]}<\/script>\n<!-- \/ Yoast SEO plugin. -->","yoast_head_json":{"title":"Kierownik ds. klient\u00f3w w r\u00f3\u017cnych krajach europejskich - pe\u0142ny etat \/ p\u00f3\u0142 etatu - Pallet Control Tower","description":"Pallet Control Tower poszukuje do\u015bwiadczonego mened\u017cera ds. obs\u0142ugi klienta, handlu mi\u0119dzynarodowego lub \u0142a\u0144cucha dostaw, do jednego z naszych obszar\u00f3w dzia\u0142alno\u015bci","robots":{"index":"index","follow":"follow","max-snippet":"max-snippet:-1","max-image-preview":"max-image-preview:large","max-video-preview":"max-video-preview:-1"},"canonical":"https:\/\/www.palletcontroltower.eu\/pl\/wakaty\/przykladowy-wakat-1\/","og_locale":"pl_PL","og_type":"article","og_title":"Account manager diverse Europese landen \u2013 fulltime \/ parttime - Pallet Control Tower","og_description":"Pallet Control Tower is op zoek naar een ervaren account manager, internationale handel of supply chain, voor een van onze werkgebieden","og_url":"https:\/\/www.palletcontroltower.eu\/pl\/wakaty\/przykladowy-wakat-1\/","og_site_name":"Pallet Control Tower","article_modified_time":"2024-01-22T12:59:29+00:00","twitter_card":"summary_large_image","twitter_misc":{"Szacowany czas czytania":"3 minuty"},"schema":{"@context":"https:\/\/schema.org","@graph":[{"@type":"WebPage","@id":"https:\/\/www.palletcontroltower.eu\/hu\/allasajanlatok\/pelda-ures-allashely-1\/","url":"https:\/\/www.palletcontroltower.eu\/hu\/allasajanlatok\/pelda-ures-allashely-1\/","name":"Kierownik ds. klient\u00f3w w r\u00f3\u017cnych krajach europejskich - pe\u0142ny etat \/ p\u00f3\u0142 etatu - Pallet Control Tower","isPartOf":{"@id":"https:\/\/www.palletcontroltower.eu\/#website"},"datePublished":"2024-01-17T07:59:51+00:00","dateModified":"2024-01-22T12:59:29+00:00","description":"Pallet Control Tower poszukuje do\u015bwiadczonego mened\u017cera ds. obs\u0142ugi klienta, handlu mi\u0119dzynarodowego lub \u0142a\u0144cucha dostaw, do jednego z naszych obszar\u00f3w dzia\u0142alno\u015bci","breadcrumb":{"@id":"https:\/\/www.palletcontroltower.eu\/hu\/allasajanlatok\/pelda-ures-allashely-1\/#breadcrumb"},"inLanguage":"pl-PL","potentialAction":[{"@type":"ReadAction","target":["https:\/\/www.palletcontroltower.eu\/hu\/allasajanlatok\/pelda-ures-allashely-1\/"]}]},{"@type":"BreadcrumbList","@id":"https:\/\/www.palletcontroltower.eu\/hu\/allasajanlatok\/pelda-ures-allashely-1\/#breadcrumb","itemListElement":[{"@type":"ListItem","position":1,"name":"Home","item":"https:\/\/www.palletcontroltower.eu\/"},{"@type":"ListItem","position":2,"name":"Vacatures","item":"https:\/\/www.palletcontroltower.eu\/vacatures\/"},{"@type":"ListItem","position":3,"name":"Account manager diverse Europese landen \u2013 fulltime \/ parttime"}]},{"@type":"WebSite","@id":"https:\/\/www.palletcontroltower.eu\/#website","url":"https:\/\/www.palletcontroltower.eu\/","name":"Wie\u017ca kontroli palet","description":"","publisher":{"@id":"https:\/\/www.palletcontroltower.eu\/#organization"},"potentialAction":[{"@type":"SearchAction","target":{"@type":"EntryPoint","urlTemplate":"https:\/\/www.palletcontroltower.eu\/?s={search_term_string}"},"query-input":{"@type":"PropertyValueSpecification","valueRequired":true,"valueName":"search_term_string"}}],"inLanguage":"pl-PL"},{"@type":"Organization","@id":"https:\/\/www.palletcontroltower.eu\/#organization","name":"Wie\u017ca kontroli palet","url":"https:\/\/www.palletcontroltower.eu\/","logo":{"@type":"ImageObject","inLanguage":"pl-PL","@id":"https:\/\/www.palletcontroltower.eu\/#\/schema\/logo\/image\/","url":"https:\/\/www.palletcontroltower.eu\/wp-content\/uploads\/2023\/10\/logo.svg","contentUrl":"https:\/\/www.palletcontroltower.eu\/wp-content\/uploads\/2023\/10\/logo.svg","width":290,"height":87,"caption":"Pallet Control Tower"},"image":{"@id":"https:\/\/www.palletcontroltower.eu\/#\/schema\/logo\/image\/"}}]}},"_links":{"self":[{"href":"https:\/\/www.palletcontroltower.eu\/pl\/wp-json\/wp\/v2\/pages\/1175","targetHints":{"allow":["GET"]}}],"collection":[{"href":"https:\/\/www.palletcontroltower.eu\/pl\/wp-json\/wp\/v2\/pages"}],"about":[{"href":"https:\/\/www.palletcontroltower.eu\/pl\/wp-json\/wp\/v2\/types\/page"}],"author":[{"embeddable":true,"href":"https:\/\/www.palletcontroltower.eu\/pl\/wp-json\/wp\/v2\/users\/3"}],"replies":[{"embeddable":true,"href":"https:\/\/www.palletcontroltower.eu\/pl\/wp-json\/wp\/v2\/comments?post=1175"}],"version-history":[{"count":3,"href":"https:\/\/www.palletcontroltower.eu\/pl\/wp-json\/wp\/v2\/pages\/1175\/revisions"}],"predecessor-version":[{"id":1196,"href":"https:\/\/www.palletcontroltower.eu\/pl\/wp-json\/wp\/v2\/pages\/1175\/revisions\/1196"}],"up":[{"embeddable":true,"href":"https:\/\/www.palletcontroltower.eu\/pl\/wp-json\/wp\/v2\/pages\/70"}],"wp:attachment":[{"href":"https:\/\/www.palletcontroltower.eu\/pl\/wp-json\/wp\/v2\/media?parent=1175"}],"curies":[{"name":"wp","href":"https:\/\/api.w.org\/{rel}","templated":true}]}}