{"id":1178,"date":"2024-01-17T08:00:50","date_gmt":"2024-01-17T08:00:50","guid":{"rendered":"https:\/\/www.palletcontroltower.eu\/?page_id=1178"},"modified":"2024-01-22T13:02:20","modified_gmt":"2024-01-22T13:02:20","slug":"mlodszy-asystent-ds-marketingu-biurowego","status":"publish","type":"page","link":"https:\/\/www.palletcontroltower.eu\/pl\/vacatures\/junior-office-marketing-medewerker\/","title":{"rendered":"(M\u0142odszy) Asystent biurowy\/marketingowy - p\u00f3\u0142 etatu\/pe\u0142ny etat"},"content":{"rendered":"<p><strong>Czy jeste\u015b na pocz\u0105tku swojej kariery lub masz ju\u017c pierwsze do\u015bwiadczenie zawodowe w marketingu\/komunikacji i\/lub na stanowisku kierownika biura i chcia\u0142by\u015b zrobi\u0107 kolejny krok w swojej karierze?<\/strong><\/p>\n\n\n\n<p>Wykorzystaj swoj\u0105 szans\u0119 i rozwijaj si\u0119 z nami jako (m\u0142odszy) asystent biurowy i marketingowy!<\/p>\n\n\n\n<h3 class=\"wp-block-heading\"><strong>Kim jest Pallet Control Tower (PCT)?<\/strong><\/h3>\n\n\n\n<p>Jeste\u015bmy mi\u0119dzynarodow\u0105 firm\u0105 dzia\u0142aj\u0105c\u0105 w bran\u017cy europalet i innych \"zwrotnych artyku\u0142\u00f3w transportowych\". Stworzyli\u015bmy europejsk\u0105 platform\u0119 internetow\u0105, na kt\u00f3rej kupno i sprzeda\u017c europalet jest szybsza, \u0142atwiejsza i bardziej zr\u00f3wnowa\u017cona ni\u017c w przypadku tradycyjnych metod. Nasze portfolio klient\u00f3w jest europejskie i globalne. Mo\u017cesz liczy\u0107 na prac\u0119 pe\u0142n\u0105 r\u00f3\u017cnorodno\u015bci i wyzwa\u0144.<\/p>\n\n\n\n<p>W roli asystenta ds. biura i marketingu b\u0119dziesz \u015bci\u015ble wsp\u00f3\u0142pracowa\u0107 z mi\u0119dzynarodowymi account managerami i klientami. B\u0119dziesz dba\u0107 o wsparcie marketingowe i komunikacyjne, na przyk\u0142ad produkuj\u0105c w\u0142asne media, tworz\u0105c tre\u015bci, organizuj\u0105c udzia\u0142 w targach, utrzymuj\u0105c kana\u0142y medi\u00f3w spo\u0142eczno\u015bciowych, komunikuj\u0105c si\u0119 z klientami i potencjalnymi klientami. Zajmujesz si\u0119 r\u00f3wnie\u017c aktualizacj\u0105 kalendarzy account manager\u00f3w, rezerwujesz dla nich podr\u00f3\u017ce (w tym hotele\/wynaj\u0119te samochody) i jeste\u015b \u0142\u0105cznikiem mi\u0119dzy dzia\u0142em finansowym a account managerami. Jednym z u\u017cywanych przez nas narz\u0119dzi jest HubSpot. Je\u015bli jeste\u015b entuzjastycznie nastawiony i zaciekawiony tym stanowiskiem, czytaj dalej!<\/p>\n\n\n\n<h3 class=\"wp-block-heading\"><strong>Co oferujemy?<\/strong><\/h3>\n\n\n\n<ul class=\"wp-block-list\">\n<li>Bezpo\u015brednie zatrudnienie w PCT<\/li>\n\n\n\n<li>Przyjazny (wci\u0105\u017c rosn\u0105cy) mi\u0119dzynarodowy zesp\u00f3\u0142<\/li>\n\n\n\n<li>Rola w komunikacji handlowej pe\u0142na r\u00f3\u017cnorodno\u015bci i wyzwa\u0144<\/li>\n\n\n\n<li>Dynamiczny rynek, kt\u00f3ry stale ewoluuje<\/li>\n\n\n\n<li>Wskaz\u00f3wki i d\u0142ugoterminowe mo\u017cliwo\u015bci kariery<\/li>\n\n\n\n<li>Praca hybrydowa jest mo\u017cliwa<\/li>\n\n\n\n<li>Konkurencyjne wynagrodzenie<\/li>\n<\/ul>\n\n\n\n<h3 class=\"wp-block-heading\"><strong>Kogo szukamy?<\/strong><\/h3>\n\n\n\n<p>Jeste\u015b praktyczny, pe\u0142en energii i lubisz samodzielnie przejmowa\u0107 inicjatyw\u0119. Jeste\u015b aktywny, zaanga\u017cowany i masz ducha przedsi\u0119biorczo\u015bci. Nie masz problemu z kontaktem telefonicznym, najch\u0119tniej samemu odbieraj\u0105c telefon do rozm\u00f3w. Samodzielna praca nie stanowi dla Ciebie problemu, potrafisz dobrze funkcjonowa\u0107 w zespole i masz towarzyskie nastawienie.<\/p>\n\n\n\n<ul class=\"wp-block-list\">\n<li>Talent pisarski pur sang<\/li>\n\n\n\n<li>Znajomo\u015b\u0107 komunikacji online i offline, takiej jak LinkedIn (reklama) i MailChimp<\/li>\n\n\n\n<li>Znajomo\u015b\u0107 Office 365, ewentualnie Canva, InDesign i\/lub Photoshop<\/li>\n\n\n\n<li>Doskona\u0142a znajomo\u015b\u0107 j\u0119zyka niderlandzkiego i angielskiego (i ewentualnie innych j\u0119zyk\u00f3w)<\/li>\n\n\n\n<li>Mieszkanie w rejonie Roermond<\/li>\n\n\n\n<li>Stanowisko mo\u017ce by\u0107 zatrudnione w niepe\u0142nym wymiarze godzin (24 lub 32 godziny) lub w pe\u0142nym wymiarze godzin.<\/li>\n<\/ul>\n\n\n\n<h3 class=\"wp-block-heading\"><strong>Zastosowanie<\/strong><\/h3>\n\n\n\n<p>Wci\u0105\u017c podekscytowany! Rozumiemy to! W takim razie napisz list motywacyjny i wy\u015blij go wraz z CV do Barta Meijnena: info@palletcontroltower.eu. Mo\u017cesz r\u00f3wnie\u017c wys\u0142a\u0107 do niego e-mail lub zadzwoni\u0107, aby uzyska\u0107 wi\u0119cej informacji: +31 620530869.<\/p>\n\n\n\n<p><em>Pozyskiwanie w odpowiedzi na to stanowisko nie jest mile widziane<\/em><\/p>","protected":false},"excerpt":{"rendered":"<p>Sta je aan het begin van je loopbaan of heb je al een eerste werkervaring in een marketing\/communicatie en\/of office management functie en zou je graag de volgende stap in je carri\u00e8re willen zetten? Grijp dan nu je kans om te groeien bij ons als (junior) office- en marketingmedewerker! Wie is Pallet Control Tower (PCT) [&hellip;]<\/p>\n","protected":false},"author":3,"featured_media":0,"parent":70,"menu_order":0,"comment_status":"closed","ping_status":"closed","template":"","meta":{"footnotes":""},"class_list":["post-1178","page","type-page","status-publish","hentry"],"yoast_head":"<!-- This site is optimized with the Yoast SEO plugin v27.3 - https:\/\/yoast.com\/product\/yoast-seo-wordpress\/ -->\n<title>(Junior) Office \/ Marketing medewerker \u2013 parttime\/fulltime - Pallet Control Tower<\/title>\n<meta name=\"description\" content=\"PCT is op zoek naar een office \/ marketing medewerker die de spin in het web is op ons hoofdkantoor voor marketing en office activiteiten\" \/>\n<meta name=\"robots\" content=\"index, follow, max-snippet:-1, max-image-preview:large, max-video-preview:-1\" \/>\n<link rel=\"canonical\" href=\"https:\/\/www.palletcontroltower.eu\/pl\/wakaty\/przykladowy-wakat-2\/\" \/>\n<meta property=\"og:locale\" content=\"pl_PL\" \/>\n<meta property=\"og:type\" content=\"article\" \/>\n<meta property=\"og:title\" content=\"(Junior) Office \/ Marketing medewerker \u2013 parttime\/fulltime - Pallet Control Tower\" \/>\n<meta property=\"og:description\" content=\"PCT is op zoek naar een office \/ marketing medewerker die de spin in het web is op ons hoofdkantoor voor marketing en office activiteiten\" \/>\n<meta property=\"og:url\" content=\"https:\/\/www.palletcontroltower.eu\/pl\/wakaty\/przykladowy-wakat-2\/\" \/>\n<meta property=\"og:site_name\" content=\"Pallet Control Tower\" \/>\n<meta property=\"article:modified_time\" content=\"2024-01-22T13:02:20+00:00\" \/>\n<meta name=\"twitter:card\" content=\"summary_large_image\" \/>\n<meta name=\"twitter:label1\" content=\"Szacowany czas czytania\" \/>\n\t<meta name=\"twitter:data1\" content=\"3 minuty\" \/>\n<script type=\"application\/ld+json\" class=\"yoast-schema-graph\">{\"@context\":\"https:\\\/\\\/schema.org\",\"@graph\":[{\"@type\":\"WebPage\",\"@id\":\"https:\\\/\\\/www.palletcontroltower.eu\\\/hu\\\/allasajanlatok\\\/pelda-ures-allashely-2\\\/\",\"url\":\"https:\\\/\\\/www.palletcontroltower.eu\\\/hu\\\/allasajanlatok\\\/pelda-ures-allashely-2\\\/\",\"name\":\"(Junior) Office \\\/ Marketing medewerker \u2013 parttime\\\/fulltime - Pallet Control Tower\",\"isPartOf\":{\"@id\":\"https:\\\/\\\/www.palletcontroltower.eu\\\/#website\"},\"datePublished\":\"2024-01-17T08:00:50+00:00\",\"dateModified\":\"2024-01-22T13:02:20+00:00\",\"description\":\"PCT is op zoek naar een office \\\/ marketing medewerker die de spin in het web is op ons hoofdkantoor voor marketing en office activiteiten\",\"breadcrumb\":{\"@id\":\"https:\\\/\\\/www.palletcontroltower.eu\\\/hu\\\/allasajanlatok\\\/pelda-ures-allashely-2\\\/#breadcrumb\"},\"inLanguage\":\"pl-PL\",\"potentialAction\":[{\"@type\":\"ReadAction\",\"target\":[\"https:\\\/\\\/www.palletcontroltower.eu\\\/hu\\\/allasajanlatok\\\/pelda-ures-allashely-2\\\/\"]}]},{\"@type\":\"BreadcrumbList\",\"@id\":\"https:\\\/\\\/www.palletcontroltower.eu\\\/hu\\\/allasajanlatok\\\/pelda-ures-allashely-2\\\/#breadcrumb\",\"itemListElement\":[{\"@type\":\"ListItem\",\"position\":1,\"name\":\"Home\",\"item\":\"https:\\\/\\\/www.palletcontroltower.eu\\\/\"},{\"@type\":\"ListItem\",\"position\":2,\"name\":\"Vacatures\",\"item\":\"https:\\\/\\\/www.palletcontroltower.eu\\\/vacatures\\\/\"},{\"@type\":\"ListItem\",\"position\":3,\"name\":\"(Junior) Office \\\/ Marketing medewerker \u2013 parttime\\\/fulltime\"}]},{\"@type\":\"WebSite\",\"@id\":\"https:\\\/\\\/www.palletcontroltower.eu\\\/#website\",\"url\":\"https:\\\/\\\/www.palletcontroltower.eu\\\/\",\"name\":\"Pallet Control Tower\",\"description\":\"\",\"publisher\":{\"@id\":\"https:\\\/\\\/www.palletcontroltower.eu\\\/#organization\"},\"potentialAction\":[{\"@type\":\"SearchAction\",\"target\":{\"@type\":\"EntryPoint\",\"urlTemplate\":\"https:\\\/\\\/www.palletcontroltower.eu\\\/?s={search_term_string}\"},\"query-input\":{\"@type\":\"PropertyValueSpecification\",\"valueRequired\":true,\"valueName\":\"search_term_string\"}}],\"inLanguage\":\"pl-PL\"},{\"@type\":\"Organization\",\"@id\":\"https:\\\/\\\/www.palletcontroltower.eu\\\/#organization\",\"name\":\"Pallet Control Tower\",\"url\":\"https:\\\/\\\/www.palletcontroltower.eu\\\/\",\"logo\":{\"@type\":\"ImageObject\",\"inLanguage\":\"pl-PL\",\"@id\":\"https:\\\/\\\/www.palletcontroltower.eu\\\/#\\\/schema\\\/logo\\\/image\\\/\",\"url\":\"https:\\\/\\\/www.palletcontroltower.eu\\\/wp-content\\\/uploads\\\/2023\\\/10\\\/logo.svg\",\"contentUrl\":\"https:\\\/\\\/www.palletcontroltower.eu\\\/wp-content\\\/uploads\\\/2023\\\/10\\\/logo.svg\",\"width\":290,\"height\":87,\"caption\":\"Pallet Control Tower\"},\"image\":{\"@id\":\"https:\\\/\\\/www.palletcontroltower.eu\\\/#\\\/schema\\\/logo\\\/image\\\/\"}}]}<\/script>\n<!-- \/ Yoast SEO plugin. -->","yoast_head_json":{"title":"(M\u0142odszy) Asystent biurowy\/marketingowy - p\u00f3\u0142 etatu\/pe\u0142ny etat - Pallet Control Tower","description":"PCT poszukuje asystenta biurowego\/marketingowego, kt\u00f3ry b\u0119dzie podstaw\u0105 naszej siedziby g\u0142\u00f3wnej w zakresie dzia\u0142a\u0144 marketingowych i biurowych","robots":{"index":"index","follow":"follow","max-snippet":"max-snippet:-1","max-image-preview":"max-image-preview:large","max-video-preview":"max-video-preview:-1"},"canonical":"https:\/\/www.palletcontroltower.eu\/pl\/wakaty\/przykladowy-wakat-2\/","og_locale":"pl_PL","og_type":"article","og_title":"(Junior) Office \/ Marketing medewerker \u2013 parttime\/fulltime - Pallet Control Tower","og_description":"PCT is op zoek naar een office \/ marketing medewerker die de spin in het web is op ons hoofdkantoor voor marketing en office activiteiten","og_url":"https:\/\/www.palletcontroltower.eu\/pl\/wakaty\/przykladowy-wakat-2\/","og_site_name":"Pallet Control Tower","article_modified_time":"2024-01-22T13:02:20+00:00","twitter_card":"summary_large_image","twitter_misc":{"Szacowany czas czytania":"3 minuty"},"schema":{"@context":"https:\/\/schema.org","@graph":[{"@type":"WebPage","@id":"https:\/\/www.palletcontroltower.eu\/hu\/allasajanlatok\/pelda-ures-allashely-2\/","url":"https:\/\/www.palletcontroltower.eu\/hu\/allasajanlatok\/pelda-ures-allashely-2\/","name":"(M\u0142odszy) Asystent biurowy\/marketingowy - p\u00f3\u0142 etatu\/pe\u0142ny etat - Pallet Control Tower","isPartOf":{"@id":"https:\/\/www.palletcontroltower.eu\/#website"},"datePublished":"2024-01-17T08:00:50+00:00","dateModified":"2024-01-22T13:02:20+00:00","description":"PCT poszukuje asystenta biurowego\/marketingowego, kt\u00f3ry b\u0119dzie podstaw\u0105 naszej siedziby g\u0142\u00f3wnej w zakresie dzia\u0142a\u0144 marketingowych i biurowych","breadcrumb":{"@id":"https:\/\/www.palletcontroltower.eu\/hu\/allasajanlatok\/pelda-ures-allashely-2\/#breadcrumb"},"inLanguage":"pl-PL","potentialAction":[{"@type":"ReadAction","target":["https:\/\/www.palletcontroltower.eu\/hu\/allasajanlatok\/pelda-ures-allashely-2\/"]}]},{"@type":"BreadcrumbList","@id":"https:\/\/www.palletcontroltower.eu\/hu\/allasajanlatok\/pelda-ures-allashely-2\/#breadcrumb","itemListElement":[{"@type":"ListItem","position":1,"name":"Home","item":"https:\/\/www.palletcontroltower.eu\/"},{"@type":"ListItem","position":2,"name":"Vacatures","item":"https:\/\/www.palletcontroltower.eu\/vacatures\/"},{"@type":"ListItem","position":3,"name":"(Junior) Office \/ Marketing medewerker \u2013 parttime\/fulltime"}]},{"@type":"WebSite","@id":"https:\/\/www.palletcontroltower.eu\/#website","url":"https:\/\/www.palletcontroltower.eu\/","name":"Wie\u017ca kontroli palet","description":"","publisher":{"@id":"https:\/\/www.palletcontroltower.eu\/#organization"},"potentialAction":[{"@type":"SearchAction","target":{"@type":"EntryPoint","urlTemplate":"https:\/\/www.palletcontroltower.eu\/?s={search_term_string}"},"query-input":{"@type":"PropertyValueSpecification","valueRequired":true,"valueName":"search_term_string"}}],"inLanguage":"pl-PL"},{"@type":"Organization","@id":"https:\/\/www.palletcontroltower.eu\/#organization","name":"Wie\u017ca kontroli palet","url":"https:\/\/www.palletcontroltower.eu\/","logo":{"@type":"ImageObject","inLanguage":"pl-PL","@id":"https:\/\/www.palletcontroltower.eu\/#\/schema\/logo\/image\/","url":"https:\/\/www.palletcontroltower.eu\/wp-content\/uploads\/2023\/10\/logo.svg","contentUrl":"https:\/\/www.palletcontroltower.eu\/wp-content\/uploads\/2023\/10\/logo.svg","width":290,"height":87,"caption":"Pallet Control Tower"},"image":{"@id":"https:\/\/www.palletcontroltower.eu\/#\/schema\/logo\/image\/"}}]}},"_links":{"self":[{"href":"https:\/\/www.palletcontroltower.eu\/pl\/wp-json\/wp\/v2\/pages\/1178","targetHints":{"allow":["GET"]}}],"collection":[{"href":"https:\/\/www.palletcontroltower.eu\/pl\/wp-json\/wp\/v2\/pages"}],"about":[{"href":"https:\/\/www.palletcontroltower.eu\/pl\/wp-json\/wp\/v2\/types\/page"}],"author":[{"embeddable":true,"href":"https:\/\/www.palletcontroltower.eu\/pl\/wp-json\/wp\/v2\/users\/3"}],"replies":[{"embeddable":true,"href":"https:\/\/www.palletcontroltower.eu\/pl\/wp-json\/wp\/v2\/comments?post=1178"}],"version-history":[{"count":6,"href":"https:\/\/www.palletcontroltower.eu\/pl\/wp-json\/wp\/v2\/pages\/1178\/revisions"}],"predecessor-version":[{"id":1198,"href":"https:\/\/www.palletcontroltower.eu\/pl\/wp-json\/wp\/v2\/pages\/1178\/revisions\/1198"}],"up":[{"embeddable":true,"href":"https:\/\/www.palletcontroltower.eu\/pl\/wp-json\/wp\/v2\/pages\/70"}],"wp:attachment":[{"href":"https:\/\/www.palletcontroltower.eu\/pl\/wp-json\/wp\/v2\/media?parent=1178"}],"curies":[{"name":"wp","href":"https:\/\/api.w.org\/{rel}","templated":true}]}}